{"id":1116,"date":"2024-10-25T00:03:51","date_gmt":"2024-10-25T00:03:51","guid":{"rendered":"https:\/\/pvpgrams.com\/?post_type=product&#038;p=1116"},"modified":"2025-10-30T08:08:33","modified_gmt":"2025-10-30T08:08:33","slug":"4-mec-4-methylmethcathinone","status":"publish","type":"product","link":"https:\/\/pvpgrams.com\/cs\/product\/4-mec-4-methylmethcathinone\/","title":{"rendered":"Koupit 4-MEC (4-methylmethcathinone) online"},"content":{"rendered":"<h2 data-start=\"124\" data-end=\"178\"><strong data-start=\"124\" data-end=\"176\">Kupte si 4-MEC online od spolehliv\u00e9ho zdroje v\u00fdzkumu<\/strong><\/h2>\n<p data-start=\"180\" data-end=\"283\"><strong data-start=\"180\" data-end=\"281\">4-MEC (4-methylmethcathinon) Koupit online \u2013 laboratorn\u011b testovan\u00fd, vysoce \u010dist\u00fd 4-MEC pro v\u00fdzkum na Pvpgrams<\/strong><\/p>\n<p data-start=\"285\" data-end=\"797\">P\u0159i pohledu na <a href=\"https:\/\/pvpgrams.com\/cs\/product\/4-mec-4-methylmethcathinone\/\">koupit 4-MEC online<\/a>Pvpgrams nab\u00edz\u00ed vysoce \u010dist\u00fd, laboratorn\u011b testovan\u00fd 4-MEC (4-methylmethcathinon) pro v\u00fdzkumn\u00e9 \u00fa\u010dely. 4-MEC na prodej je syntetick\u00fd stimulant pat\u0159\u00edc\u00ed do rodiny kathinon\u016f, strukturn\u011b podobn\u00fd mefedronu. Je \u0161iroce pou\u017e\u00edv\u00e1n ve v\u011bdeck\u00fdch studi\u00edch k prozkoum\u00e1n\u00ed jeho \u00fa\u010dink\u016f na neurotransmiterov\u00e9 syst\u00e9my, jako je dopamin a serotonin. V Pvpgrams zaji\u0161\u0165ujeme, aby n\u00e1\u0161 4-MEC, kter\u00fd si m\u016f\u017eete koupit online, spl\u0148oval nejvy\u0161\u0161\u00ed standardy \u010distoty a kvality, co\u017e je ide\u00e1ln\u00ed pro pokro\u010dil\u00e9 v\u00fdzkumn\u00e9 projekty.<\/p>\n<h3 data-start=\"799\" data-end=\"819\">Co je 4-MEC?<\/h3>\n<p data-start=\"821\" data-end=\"1265\"><a href=\"https:\/\/en.wikipedia.org\/wiki\/4-Methylethcathinone\">4-MEC (4-methylmethcathinone)<\/a> je syntetick\u00fd stimulant a entaktogen, kter\u00fd pat\u0159\u00ed do t\u0159\u00eddy katinon\u016f. Zvy\u0161uje uvol\u0148ov\u00e1n\u00ed dopaminu a serotoninu a z\u00e1rove\u0148 inhibuje jejich zp\u011btn\u00e9 vychyt\u00e1v\u00e1n\u00ed, co\u017e z n\u011bj \u010din\u00ed cennou slou\u010deninu pro studium \u00fa\u010dink\u016f stimulant\u016f na n\u00e1ladu, chov\u00e1n\u00ed a kognitivn\u00ed funkce. V\u011bdci \u010dasto objedn\u00e1vaj\u00ed 4-MEC jako alternativu k mefedronu, proto\u017ee m\u00e1 jedine\u010dn\u00e9 vlastnosti, d\u00edky nim\u017e je vhodn\u00fd pro r\u016fzn\u00e9 laboratorn\u00ed kontexty.<\/p>\n<h3 data-start=\"1267\" data-end=\"1303\">Pro\u010d si vybrat 4-MEC pro v\u00fdzkum?<\/h3>\n<p data-start=\"1305\" data-end=\"1763\">V\u011bdci a v\u00fdzkumn\u00edci si vybrali 4-MEC online ke studiu jeho \u00fa\u010dink\u016f na neurotransmiterov\u00e9 syst\u00e9my, zejm\u00e9na na dr\u00e1hy dopaminu a serotoninu. Poskytuje cenn\u00e9 poznatky o euforii vyvolan\u00e9 stimulanty, kognitivn\u00edm zlep\u0161en\u00ed a zm\u011bn\u00e1ch chov\u00e1n\u00ed. Tato slou\u010denina hraje kl\u00ed\u010dovou roli v pochopen\u00ed interakce stimulant\u016f s chemi\u00ed mozku, co\u017e ji \u010din\u00ed ide\u00e1ln\u00ed pro studium modulace neurotransmiter\u016f, soci\u00e1ln\u00edho chov\u00e1n\u00ed a regulace n\u00e1lady.<\/p>\n<h3 data-start=\"1765\" data-end=\"1797\">4-MEC na prodej na Pvpgrams<\/h3>\n<p data-start=\"1799\" data-end=\"2235\">V Pvpgrams nab\u00edz\u00edme k prodeji vysoce \u010dist\u00fd, laboratorn\u011b testovan\u00fd 4-MEC, kter\u00fd spl\u0148uje p\u0159\u00edsn\u00e9 v\u00fdzkumn\u00e9 standardy. A\u0165 u\u017e se v\u00e1\u0161 v\u00fdzkum zam\u011b\u0159uje na behavior\u00e1ln\u00ed reakce, uvol\u0148ov\u00e1n\u00ed neurotransmiter\u016f nebo stimula\u010dn\u00ed \u00fa\u010dinky, na\u0161e cena 4-MEC odr\u00e1\u017e\u00ed kvalitu a spolehlivost pot\u0159ebnou pro konzistentn\u00ed laboratorn\u00ed v\u00fdsledky. Pvpgrams je pova\u017eov\u00e1n za nejlep\u0161\u00ed m\u00edsto pro n\u00e1kup 4-MEC online d\u00edky na\u0161\u00ed p\u0159\u00edsn\u00e9 kontrole kvality a diskr\u00e9tn\u00edmu procesu dopravy.<\/p>\n<h3 data-start=\"2237\" data-end=\"2281\">V\u00fdhody n\u00e1kupu 4-MEC od Pvpgrams<\/h3>\n<ul data-start=\"2283\" data-end=\"2652\">\n<li data-start=\"2283\" data-end=\"2403\">\n<p data-start=\"2285\" data-end=\"2403\">Laboratorn\u011b testovan\u00e1 \u010distota: Ka\u017ed\u00e1 \u0161ar\u017ee 4-MEC, kterou si m\u016f\u017eete koupit online, je d\u016fkladn\u011b testov\u00e1na, aby byla zaru\u010dena \u010distota a spolehlivost.<\/p>\n<\/li>\n<li data-start=\"2404\" data-end=\"2512\">\n<p data-start=\"2406\" data-end=\"2512\">Rychl\u00e9 a bezpe\u010dn\u00e9 doru\u010den\u00ed: Zaji\u0161\u0165ujeme diskr\u00e9tn\u00ed a d\u016fv\u011brnou p\u0159epravu va\u0161ich v\u00fdzkumn\u00fdch chemik\u00e1li\u00ed.<\/p>\n<\/li>\n<li data-start=\"2513\" data-end=\"2652\">\n<p data-start=\"2515\" data-end=\"2652\">Forskningskvalitet: K\u00f6p 4-MEC f\u00f6r studier av stimulerande effekter, serotonin\/dopaminmodulering och beteendem\u00e4ssiga till\u00e4mpningar.<\/p>\n<\/li>\n<\/ul>\n<h3 data-start=\"2654\" data-end=\"2692\">Pr\u00e1vn\u00ed status a bezpe\u010dn\u00e1 p\u0159eprava<\/h3>\n<p data-start=\"2694\" data-end=\"2981\">Ne\u017e si objedn\u00e1te 4-MEC, ov\u011b\u0159te si pr\u00e1vn\u00ed status ve va\u0161em regionu. Pvpgrams dod\u00e1v\u00e1 4-MEC k prodeji v\u00fdhradn\u011b pro autorizovan\u00e9 v\u00fdzkumn\u00e9 \u00fa\u010dely v souladu se v\u0161emi p\u0159edpisy. V\u0161echny objedn\u00e1vky jsou odes\u00edl\u00e1ny bezpe\u010dn\u011b a diskr\u00e9tn\u011b, co\u017e z n\u00e1s d\u011bl\u00e1 d\u016fv\u011bryhodn\u00e9ho dodavatele pro v\u00fdzkumn\u00edky po cel\u00e9m sv\u011bt\u011b.<\/p>\n<h3 data-start=\"2983\" data-end=\"3019\">Objednejte si 4-MEC pro v\u00fdzkum je\u0161t\u011b dnes<\/h3>\n<p data-start=\"3021\" data-end=\"3372\">Hled\u00e1te, kde koupit 4-MEC? Pvpgrams nab\u00edz\u00ed vysoce \u010dist\u00fd 4-MEC v\u00fdzkumn\u00e9 kvality s rychl\u00fdm a diskr\u00e9tn\u00edm doru\u010den\u00edm. A\u0165 u\u017e jej pot\u0159ebujete pro laboratorn\u00ed studie nebo v\u00fdzkum neurotransmiter\u016f, na\u0161e cena 4-MEC v\u00e1m zaru\u010d\u00ed prvot\u0159\u00eddn\u00ed kvalitu za konkurenceschopn\u00e9 ceny. Objednejte si je\u0161t\u011b dnes a zjist\u011bte, pro\u010d je Pvpgrams nejlep\u0161\u00edm m\u00edstem pro n\u00e1kup 4-MEC online.<\/p>\n<p data-start=\"3374\" data-end=\"3458\">Pvpgrams - V\u00e1\u0161 spolehliv\u00fd dodavatel 4-MEC a vysoce kvalitn\u00edch v\u00fdzkumn\u00fdch chemik\u00e1li\u00ed<\/p>","protected":false},"excerpt":{"rendered":"<p><strong>4-MEC (4-methylmethcathinone)<\/strong> je syntetick\u00fd stimulant pat\u0159\u00edc\u00ed do skupiny <strong>t\u0159\u00edda katinon\u016f<\/strong>, bl\u00edzce p\u0159\u00edbuzn\u00fd mefedronu (4-MMC). Zn\u00e1m\u00fd pro sv\u00e9 stimula\u010dn\u00ed a empatogenn\u00ed vlastnosti, <strong>4-MEC<\/strong> je \u0161iroce studov\u00e1n v <strong>neurov\u011bdy<\/strong>, <strong>chemick\u00fd v\u00fdzkum<\/strong>a <strong>pr\u016fmyslov\u00e9 aplikace<\/strong>. Ve spole\u010dnosti Factoryson poskytujeme <strong>vysoce \u010dist\u00fd 4-MEC<\/strong> pro <strong>v\u00fdzkumn\u00e9 a pr\u016fmyslov\u00e9 \u00fa\u010dely<\/strong>, co\u017e zaji\u0161\u0165uje spolehlivou kvalitu a bezpe\u010dn\u00e9 dod\u00e1n\u00ed.<\/p>\n<h3><strong>Jak funguje 4-MEC<\/strong><\/h3>\n<p>4-MEC p\u016fsob\u00ed tak, \u017ee zvy\u0161uje uvol\u0148ov\u00e1n\u00ed a inhibuje zp\u011btn\u00e9 vychyt\u00e1v\u00e1n\u00ed kl\u00ed\u010dov\u00fdch neurotransmiter\u016f, jako je nap\u0159. <strong>dopamin<\/strong>, <strong>serotonin<\/strong>a <strong>norepinefrin<\/strong>. To vede ke zlep\u0161en\u00ed n\u00e1lady, energie a spole\u010densk\u00e9ho chov\u00e1n\u00ed. Jeho interakce s centr\u00e1ln\u00edm nervov\u00fdm syst\u00e9mem z n\u011bj \u010din\u00ed cennou slou\u010deninu pro studium stimula\u010dn\u00edch \u00fa\u010dink\u016f na chov\u00e1n\u00ed a pozn\u00e1v\u00e1n\u00ed.<\/p>\n<ul>\n<li><strong>N\u00e1stup<\/strong>: 15-45 minut.<\/li>\n<li><strong>\u0160pi\u010dkov\u00e9 efekty<\/strong>: 1-2 hodiny.<\/li>\n<li><strong>Doba trv\u00e1n\u00ed<\/strong>: 3-6 hodin v z\u00e1vislosti na d\u00e1vce a zp\u016fsobu pou\u017eit\u00ed.<\/li>\n<\/ul>\n<h3><strong>Vzorec v\u00fdrobku<\/strong><\/h3>\n<ul>\n<li><strong>Chemick\u00fd n\u00e1zev<\/strong>: 4-methylmethcathinone<\/li>\n<li><strong>Molekul\u00e1rn\u00ed vzorec<\/strong>: C11H15NO<\/li>\n<li><strong>Mol\u00e1rn\u00ed hmotnost<\/strong>: 177,25 g\/mol<\/li>\n<\/ul>","protected":false},"featured_media":1452,"comment_status":"open","ping_status":"closed","template":"","meta":{"_kadence_starter_templates_imported_post":false,"_kad_post_transparent":"default","_kad_post_title":"","_kad_post_layout":"default","_kad_post_sidebar_id":"","_kad_post_content_style":"default","_kad_post_vertical_padding":"default","_kad_post_feature":"","_kad_post_feature_position":"","_kad_post_header":false,"_kad_post_footer":false,"_joinchat":[]},"product_brand":[],"product_cat":[41],"product_tag":[],"class_list":{"0":"post-1116","1":"product","2":"type-product","3":"status-publish","4":"has-post-thumbnail","6":"product_cat-buy-alpha-php","8":"first","9":"instock","10":"shipping-taxable","11":"purchasable","12":"product-type-variable","13":"entry","14":"content-bg","15":"loop-entry"},"yoast_head":"<!-- This site is optimized with the Yoast SEO plugin v26.5 - https:\/\/yoast.com\/wordpress\/plugins\/seo\/ -->\n<title>4-MEC (4-Methylmethcathinone) for Sale - Buy 4-MEC Online<\/title>\n<meta name=\"description\" content=\"Looking for a reliable source to buy 4-MEC (4-methylmethcathinone) online? Your search ends here. Order 4 mec online from our trusted store and enjoy a seamless buying process tailored for your research needs.\" \/>\n<meta name=\"robots\" content=\"index, follow, max-snippet:-1, max-image-preview:large, max-video-preview:-1\" \/>\n<link rel=\"canonical\" href=\"https:\/\/pvpgrams.com\/cs\/product\/4-mec-4-methylmethcathinone\/\" \/>\n<meta property=\"og:locale\" content=\"cs_CZ\" \/>\n<meta property=\"og:type\" content=\"article\" \/>\n<meta property=\"og:title\" content=\"4-MEC (4-Methylmethcathinone) for Sale - Buy 4-MEC Online\" \/>\n<meta property=\"og:description\" content=\"Looking for a reliable source to buy 4-MEC (4-methylmethcathinone) online? Your search ends here. Order 4 mec online from our trusted store and enjoy a seamless buying process tailored for your research needs.\" \/>\n<meta property=\"og:url\" content=\"https:\/\/pvpgrams.com\/cs\/product\/4-mec-4-methylmethcathinone\/\" \/>\n<meta property=\"og:site_name\" content=\"PVP Grams\" \/>\n<meta property=\"article:modified_time\" content=\"2025-10-30T08:08:33+00:00\" \/>\n<meta property=\"og:image\" content=\"https:\/\/pvpgrams.com\/wp-content\/uploads\/2024\/10\/Buy-4-MEC-4-Methylmethcathinone-Online.jpg\" \/>\n\t<meta property=\"og:image:width\" content=\"600\" \/>\n\t<meta property=\"og:image:height\" content=\"600\" \/>\n\t<meta property=\"og:image:type\" content=\"image\/jpeg\" \/>\n<meta name=\"twitter:card\" content=\"summary_large_image\" \/>\n<meta name=\"twitter:label1\" content=\"Odhadovan\u00e1 doba \u010dten\u00ed\" \/>\n\t<meta name=\"twitter:data1\" content=\"3 minuty\" \/>\n<script type=\"application\/ld+json\" class=\"yoast-schema-graph\">{\"@context\":\"https:\/\/schema.org\",\"@graph\":[{\"@type\":[\"WebPage\",\"ItemPage\"],\"@id\":\"https:\/\/pvpgrams.com\/product\/4-mec-4-methylmethcathinone\/\",\"url\":\"https:\/\/pvpgrams.com\/product\/4-mec-4-methylmethcathinone\/\",\"name\":\"4-MEC (4-Methylmethcathinone) for Sale - Buy 4-MEC Online\",\"isPartOf\":{\"@id\":\"https:\/\/pvpgrams.com\/#website\"},\"primaryImageOfPage\":{\"@id\":\"https:\/\/pvpgrams.com\/product\/4-mec-4-methylmethcathinone\/#primaryimage\"},\"image\":{\"@id\":\"https:\/\/pvpgrams.com\/product\/4-mec-4-methylmethcathinone\/#primaryimage\"},\"thumbnailUrl\":\"https:\/\/pvpgrams.com\/wp-content\/uploads\/2024\/10\/Buy-4-MEC-4-Methylmethcathinone-Online.jpg\",\"datePublished\":\"2024-10-25T00:03:51+00:00\",\"dateModified\":\"2025-10-30T08:08:33+00:00\",\"description\":\"Looking for a reliable source to buy 4-MEC (4-methylmethcathinone) online? Your search ends here. Order 4 mec online from our trusted store and enjoy a seamless buying process tailored for your research needs.\",\"breadcrumb\":{\"@id\":\"https:\/\/pvpgrams.com\/product\/4-mec-4-methylmethcathinone\/#breadcrumb\"},\"inLanguage\":\"cs\",\"potentialAction\":[{\"@type\":\"ReadAction\",\"target\":[\"https:\/\/pvpgrams.com\/product\/4-mec-4-methylmethcathinone\/\"]}]},{\"@type\":\"ImageObject\",\"inLanguage\":\"cs\",\"@id\":\"https:\/\/pvpgrams.com\/product\/4-mec-4-methylmethcathinone\/#primaryimage\",\"url\":\"https:\/\/pvpgrams.com\/wp-content\/uploads\/2024\/10\/Buy-4-MEC-4-Methylmethcathinone-Online.jpg\",\"contentUrl\":\"https:\/\/pvpgrams.com\/wp-content\/uploads\/2024\/10\/Buy-4-MEC-4-Methylmethcathinone-Online.jpg\",\"width\":600,\"height\":600,\"caption\":\"Buy-4-MEC-(4-Methylmethcathinone)-Online\"},{\"@type\":\"BreadcrumbList\",\"@id\":\"https:\/\/pvpgrams.com\/product\/4-mec-4-methylmethcathinone\/#breadcrumb\",\"itemListElement\":[{\"@type\":\"ListItem\",\"position\":1,\"name\":\"Home\",\"item\":\"https:\/\/pvpgrams.com\/\"},{\"@type\":\"ListItem\",\"position\":2,\"name\":\"Shop\",\"item\":\"https:\/\/pvpgrams.com\/shop\/\"},{\"@type\":\"ListItem\",\"position\":3,\"name\":\"Buy 4-MEC (4-Methylmethcathinone) Online\"}]},{\"@type\":\"WebSite\",\"@id\":\"https:\/\/pvpgrams.com\/#website\",\"url\":\"https:\/\/pvpgrams.com\/\",\"name\":\"PVP Grams\",\"description\":\"\",\"publisher\":{\"@id\":\"https:\/\/pvpgrams.com\/#organization\"},\"potentialAction\":[{\"@type\":\"SearchAction\",\"target\":{\"@type\":\"EntryPoint\",\"urlTemplate\":\"https:\/\/pvpgrams.com\/?s={search_term_string}\"},\"query-input\":{\"@type\":\"PropertyValueSpecification\",\"valueRequired\":true,\"valueName\":\"search_term_string\"}}],\"inLanguage\":\"cs\"},{\"@type\":\"Organization\",\"@id\":\"https:\/\/pvpgrams.com\/#organization\",\"name\":\"PVP Grams\",\"url\":\"https:\/\/pvpgrams.com\/\",\"logo\":{\"@type\":\"ImageObject\",\"inLanguage\":\"cs\",\"@id\":\"https:\/\/pvpgrams.com\/#\/schema\/logo\/image\/\",\"url\":\"https:\/\/pvpgrams.com\/wp-content\/uploads\/2024\/10\/logo.png\",\"contentUrl\":\"https:\/\/pvpgrams.com\/wp-content\/uploads\/2024\/10\/logo.png\",\"width\":181,\"height\":41,\"caption\":\"PVP Grams\"},\"image\":{\"@id\":\"https:\/\/pvpgrams.com\/#\/schema\/logo\/image\/\"}}]}<\/script>\n<!-- \/ Yoast SEO plugin. -->","yoast_head_json":{"title":"4-MEC (4-methylmethcathinone) na prodej - Koupit 4-MEC online","description":"Hled\u00e1te spolehliv\u00fd zdroj pro n\u00e1kup 4-MEC (4-methylmethcathinone) online? Va\u0161e hled\u00e1n\u00ed kon\u010d\u00ed zde. Objednejte si 4 mec online z na\u0161eho d\u016fv\u011bryhodn\u00e9ho obchodu a u\u017eijte si bezprobl\u00e9mov\u00fd n\u00e1kupn\u00ed proces p\u0159izp\u016fsoben\u00fd va\u0161im v\u00fdzkumn\u00fdm pot\u0159eb\u00e1m.","robots":{"index":"index","follow":"follow","max-snippet":"max-snippet:-1","max-image-preview":"max-image-preview:large","max-video-preview":"max-video-preview:-1"},"canonical":"https:\/\/pvpgrams.com\/cs\/product\/4-mec-4-methylmethcathinone\/","og_locale":"cs_CZ","og_type":"article","og_title":"4-MEC (4-Methylmethcathinone) for Sale - Buy 4-MEC Online","og_description":"Looking for a reliable source to buy 4-MEC (4-methylmethcathinone) online? Your search ends here. Order 4 mec online from our trusted store and enjoy a seamless buying process tailored for your research needs.","og_url":"https:\/\/pvpgrams.com\/cs\/product\/4-mec-4-methylmethcathinone\/","og_site_name":"PVP Grams","article_modified_time":"2025-10-30T08:08:33+00:00","og_image":[{"width":600,"height":600,"url":"https:\/\/pvpgrams.com\/wp-content\/uploads\/2024\/10\/Buy-4-MEC-4-Methylmethcathinone-Online.jpg","type":"image\/jpeg"}],"twitter_card":"summary_large_image","twitter_misc":{"Odhadovan\u00e1 doba \u010dten\u00ed":"3 minuty"},"schema":{"@context":"https:\/\/schema.org","@graph":[{"@type":["WebPage","ItemPage"],"@id":"https:\/\/pvpgrams.com\/product\/4-mec-4-methylmethcathinone\/","url":"https:\/\/pvpgrams.com\/product\/4-mec-4-methylmethcathinone\/","name":"4-MEC (4-methylmethcathinone) na prodej - Koupit 4-MEC online","isPartOf":{"@id":"https:\/\/pvpgrams.com\/#website"},"primaryImageOfPage":{"@id":"https:\/\/pvpgrams.com\/product\/4-mec-4-methylmethcathinone\/#primaryimage"},"image":{"@id":"https:\/\/pvpgrams.com\/product\/4-mec-4-methylmethcathinone\/#primaryimage"},"thumbnailUrl":"https:\/\/pvpgrams.com\/wp-content\/uploads\/2024\/10\/Buy-4-MEC-4-Methylmethcathinone-Online.jpg","datePublished":"2024-10-25T00:03:51+00:00","dateModified":"2025-10-30T08:08:33+00:00","description":"Hled\u00e1te spolehliv\u00fd zdroj pro n\u00e1kup 4-MEC (4-methylmethcathinone) online? Va\u0161e hled\u00e1n\u00ed kon\u010d\u00ed zde. Objednejte si 4 mec online z na\u0161eho d\u016fv\u011bryhodn\u00e9ho obchodu a u\u017eijte si bezprobl\u00e9mov\u00fd n\u00e1kupn\u00ed proces p\u0159izp\u016fsoben\u00fd va\u0161im v\u00fdzkumn\u00fdm pot\u0159eb\u00e1m.","breadcrumb":{"@id":"https:\/\/pvpgrams.com\/product\/4-mec-4-methylmethcathinone\/#breadcrumb"},"inLanguage":"cs","potentialAction":[{"@type":"ReadAction","target":["https:\/\/pvpgrams.com\/product\/4-mec-4-methylmethcathinone\/"]}]},{"@type":"ImageObject","inLanguage":"cs","@id":"https:\/\/pvpgrams.com\/product\/4-mec-4-methylmethcathinone\/#primaryimage","url":"https:\/\/pvpgrams.com\/wp-content\/uploads\/2024\/10\/Buy-4-MEC-4-Methylmethcathinone-Online.jpg","contentUrl":"https:\/\/pvpgrams.com\/wp-content\/uploads\/2024\/10\/Buy-4-MEC-4-Methylmethcathinone-Online.jpg","width":600,"height":600,"caption":"Buy-4-MEC-(4-Methylmethcathinone)-Online"},{"@type":"BreadcrumbList","@id":"https:\/\/pvpgrams.com\/product\/4-mec-4-methylmethcathinone\/#breadcrumb","itemListElement":[{"@type":"ListItem","position":1,"name":"Home","item":"https:\/\/pvpgrams.com\/"},{"@type":"ListItem","position":2,"name":"Shop","item":"https:\/\/pvpgrams.com\/shop\/"},{"@type":"ListItem","position":3,"name":"Buy 4-MEC (4-Methylmethcathinone) Online"}]},{"@type":"WebSite","@id":"https:\/\/pvpgrams.com\/#website","url":"https:\/\/pvpgrams.com\/","name":"PVP gramy","description":"","publisher":{"@id":"https:\/\/pvpgrams.com\/#organization"},"potentialAction":[{"@type":"SearchAction","target":{"@type":"EntryPoint","urlTemplate":"https:\/\/pvpgrams.com\/?s={search_term_string}"},"query-input":{"@type":"PropertyValueSpecification","valueRequired":true,"valueName":"search_term_string"}}],"inLanguage":"cs"},{"@type":"Organization","@id":"https:\/\/pvpgrams.com\/#organization","name":"PVP gramy","url":"https:\/\/pvpgrams.com\/","logo":{"@type":"ImageObject","inLanguage":"cs","@id":"https:\/\/pvpgrams.com\/#\/schema\/logo\/image\/","url":"https:\/\/pvpgrams.com\/wp-content\/uploads\/2024\/10\/logo.png","contentUrl":"https:\/\/pvpgrams.com\/wp-content\/uploads\/2024\/10\/logo.png","width":181,"height":41,"caption":"PVP Grams"},"image":{"@id":"https:\/\/pvpgrams.com\/#\/schema\/logo\/image\/"}}]}},"_links":{"self":[{"href":"https:\/\/pvpgrams.com\/cs\/wp-json\/wp\/v2\/product\/1116","targetHints":{"allow":["GET"]}}],"collection":[{"href":"https:\/\/pvpgrams.com\/cs\/wp-json\/wp\/v2\/product"}],"about":[{"href":"https:\/\/pvpgrams.com\/cs\/wp-json\/wp\/v2\/types\/product"}],"replies":[{"embeddable":true,"href":"https:\/\/pvpgrams.com\/cs\/wp-json\/wp\/v2\/comments?post=1116"}],"wp:featuredmedia":[{"embeddable":true,"href":"https:\/\/pvpgrams.com\/cs\/wp-json\/wp\/v2\/media\/1452"}],"wp:attachment":[{"href":"https:\/\/pvpgrams.com\/cs\/wp-json\/wp\/v2\/media?parent=1116"}],"wp:term":[{"taxonomy":"product_brand","embeddable":true,"href":"https:\/\/pvpgrams.com\/cs\/wp-json\/wp\/v2\/product_brand?post=1116"},{"taxonomy":"product_cat","embeddable":true,"href":"https:\/\/pvpgrams.com\/cs\/wp-json\/wp\/v2\/product_cat?post=1116"},{"taxonomy":"product_tag","embeddable":true,"href":"https:\/\/pvpgrams.com\/cs\/wp-json\/wp\/v2\/product_tag?post=1116"}],"curies":[{"name":"wp","href":"https:\/\/api.w.org\/{rel}","templated":true}]}}