{"id":1199,"date":"2024-11-24T21:35:13","date_gmt":"2024-11-24T21:35:13","guid":{"rendered":"https:\/\/pvpgrams.com\/?post_type=product&#038;p=1199"},"modified":"2025-09-01T05:56:20","modified_gmt":"2025-09-01T05:56:20","slug":"2cb","status":"publish","type":"product","link":"https:\/\/pvpgrams.com\/cs\/product\/2cb\/","title":{"rendered":"Koupit 2CB online"},"content":{"rendered":"<h2 data-start=\"83\" data-end=\"135\"><strong data-start=\"83\" data-end=\"133\">Kupte si 2CB online od spolehliv\u00e9ho zdroje v\u00fdzkumu<\/strong><\/h2>\n<p data-start=\"137\" data-end=\"170\"><strong data-start=\"137\" data-end=\"168\">Koupit 2C-B online na Pvpgrams<\/strong><\/p>\n<p data-start=\"172\" data-end=\"566\">Koupit<a href=\"https:\/\/en.wikipedia.org\/wiki\/2C-B\"> 2CB<\/a> (4-Brom-2,5-dimethoxyfenethylamin) online, syntetick\u00e1 slou\u010denina ve t\u0159\u00edd\u011b fenethylaminu. 2CB, zn\u00e1m\u00fd pro sv\u00e9 v\u0161estrann\u00e9 \u00fa\u010dinky, si z\u00edskal pozornost jak pro v\u00fdzkumn\u00e9 \u00fa\u010dely, tak pro osobn\u00ed pr\u016fzkum. V Pvpgrams poskytujeme vysoce kvalitn\u00ed 2CB, kter\u00e9 zaji\u0161\u0165uj\u00ed bezpe\u010dn\u00e9 transakce, spolehliv\u00e9 slu\u017eby a rychl\u00e9 dod\u00e1n\u00ed. <a href=\"https:\/\/pvpgrams.com\/cs\/product\/2cb\/\">Koupit 2CB online<\/a> z d\u016fv\u011bryhodn\u00e9ho zdroje dnes.<\/p>\n<h3 data-start=\"568\" data-end=\"603\">Aplikace a pou\u017eit\u00ed 2C-B<\/h3>\n<p data-start=\"605\" data-end=\"629\"><strong data-start=\"605\" data-end=\"627\">V\u00fdzkum a studium<\/strong><\/p>\n<p data-start=\"631\" data-end=\"850\">2CB je \u0161iroce studov\u00e1n pro sv\u00e9 \u00fa\u010dinky na vn\u00edm\u00e1n\u00ed a pozn\u00e1v\u00e1n\u00ed. Laborato\u0159e a v\u00fdzkumn\u00edci pou\u017e\u00edvaj\u00ed 2CB k \u200b\u200bprozkoum\u00e1n\u00ed jeho interakce s receptory a potenci\u00e1ln\u00edch aplikac\u00ed v neurov\u011bd\u011b.<\/p>\n<p data-start=\"852\" data-end=\"884\"><strong data-start=\"852\" data-end=\"882\">Zkoum\u00e1n\u00ed a kreativita<\/strong><\/p>\n<p data-start=\"886\" data-end=\"1035\">Mnoho lid\u00ed se rozhodne objednat 2CB pro jeho senzorick\u00e9 vlastnosti, co\u017e ho \u010din\u00ed obl\u00edben\u00fdm pro osobn\u00ed objevov\u00e1n\u00ed a kreativn\u00ed z\u00e1\u017eitky.<\/p>\n<p data-start=\"1037\" data-end=\"1060\"><strong data-start=\"1037\" data-end=\"1058\">Akademick\u00fd z\u00e1jem<\/strong><\/p>\n<p data-start=\"1062\" data-end=\"1198\">V akademick\u00fdch studi\u00edch je 2CB online zahrnut do v\u00fdzkumu zkoumaj\u00edc\u00edho deriv\u00e1ty fenethylaminu a jejich potenci\u00e1ln\u00ed aplikace.<\/p>\n<h3 data-start=\"1200\" data-end=\"1235\">Pro\u010d si vybrat Pvpgrams pro 2C-B?<\/h3>\n<p data-start=\"1237\" data-end=\"1379\">V Pvpgrams zaji\u0161\u0165ujeme, aby v\u0161echny produkty spl\u0148ovaly nejvy\u0161\u0161\u00ed standardy kvality, bezpe\u010dnosti a spolehlivosti pro ka\u017ed\u00e9ho, kdo si chce koupit 2CB online.<\/p>\n<p data-start=\"1381\" data-end=\"1408\"><strong data-start=\"1381\" data-end=\"1406\">Vysoce kvalitn\u00ed produkty<\/strong><\/p>\n<p data-start=\"1410\" data-end=\"1537\">N\u00e1\u0161 2CB je z\u00edsk\u00e1v\u00e1n a testov\u00e1n tak, aby byla zaru\u010dena maxim\u00e1ln\u00ed \u010distota a konzistence, co\u017e ho \u010din\u00ed ide\u00e1ln\u00edm pro v\u00fdzkum i osobn\u00ed pou\u017eit\u00ed.<\/p>\n<p data-start=\"1539\" data-end=\"1577\"><strong data-start=\"1539\" data-end=\"1575\">Diskr\u00e9tn\u00ed a bezpe\u010dn\u00e9 transakce<\/strong><\/p>\n<p data-start=\"1579\" data-end=\"1696\">Up\u0159ednost\u0148ujeme soukrom\u00ed z\u00e1kazn\u00edk\u016f, diskr\u00e9tn\u00ed balen\u00ed a bezpe\u010dn\u00e9 mo\u017enosti platby pro ka\u017edou objedn\u00e1vku 2CB k \u200b\u200bprodeji.<\/p>\n<p data-start=\"1698\" data-end=\"1730\"><strong data-start=\"1698\" data-end=\"1728\">Rychl\u00e9 a spolehliv\u00e9 dod\u00e1n\u00ed<\/strong><\/p>\n<p data-start=\"1732\" data-end=\"1828\">Na\u0161e logistick\u00e1 s\u00ed\u0165 zaji\u0161\u0165uje rychl\u00e9 a bezpe\u010dn\u00e9 doru\u010den\u00ed va\u0161eho 2CB na v\u00e1mi ur\u010den\u00e9 m\u00edsto.<\/p>\n<p data-start=\"1830\" data-end=\"1855\"><strong data-start=\"1830\" data-end=\"1853\">Konkuren\u010dn\u00ed ceny<\/strong><\/p>\n<p data-start=\"1857\" data-end=\"1954\">Nab\u00edz\u00edme cenov\u00e9 mo\u017enosti 2CB, kter\u00e9 jsou dostupn\u00e9 bez kompromis\u016f v kvalit\u011b nebo spolehlivosti.<\/p>\n<h3 data-start=\"1956\" data-end=\"1983\">Kupte si 2C-B online je\u0161t\u011b dnes<\/h3>\n<p data-start=\"1985\" data-end=\"2266\">Hled\u00e1te d\u016fv\u011bryhodn\u00e9ho dodavatele 2CB? V Pvpgrams nab\u00edz\u00edme pr\u00e9miov\u00e9 2CB k \u200b\u200bprodeji s bezpe\u010dn\u00fdmi transakcemi, rychl\u00fdm doru\u010den\u00edm a vynikaj\u00edc\u00ed z\u00e1kaznickou podporou. Kupte si 2CB online je\u0161t\u011b dnes a za\u017eijte pohodl\u00ed, spolehlivost a kvalitu nakupov\u00e1n\u00ed s Pvpgrams.<\/p>","protected":false},"excerpt":{"rendered":"<p><strong>2C-B (4-brom-2,5-dimethoxyfenetylamin)<\/strong> je syntetick\u00e1 psychedelick\u00e1 l\u00e1tka pat\u0159\u00edc\u00ed do skupiny <strong>t\u0159\u00edda fenetylamin\u016f<\/strong>. Zn\u00e1m\u00fd pro sv\u00e9 <strong>halucinogenn\u00ed a empatogenn\u00ed \u00fa\u010dinky<\/strong>, pou\u017e\u00edv\u00e1 se ve v\u00fdzkumu a p\u0159i rekreaci. Mezi jeho \u00fa\u010dinky pat\u0159\u00ed <strong>lep\u0161\u00ed smyslov\u00e9 vn\u00edm\u00e1n\u00ed<\/strong>, <strong>zkreslen\u00ed zraku<\/strong>a <strong>zv\u00fd\u0161en\u00e1 n\u00e1lada<\/strong>, co\u017e z n\u011bj \u010din\u00ed pozoruhodnou slou\u010deninu v oblasti psychedelik.<\/p>\n<p><strong>Pr\u00e1vn\u00ed postaven\u00ed<\/strong>: Pou\u017e\u00edv\u00e1n\u00ed, v\u00fdroba a prodej 2C-B jsou v mnoha regionech p\u0159\u00edsn\u011b regulov\u00e1ny nebo nez\u00e1konn\u00e9. P\u0159i pr\u00e1ci s touto slou\u010deninou v\u017edy dbejte na dodr\u017eov\u00e1n\u00ed m\u00edstn\u00edch z\u00e1kon\u016f.<\/p>\n<ul>\n<li><strong>Molekul\u00e1rn\u00ed vzorec<\/strong>: C10H14BrNO2<\/li>\n<li><strong>N\u00e1zev IUPAC<\/strong>: 2-(4-brom-2,5-dimethoxyfenyl)ethanamin<\/li>\n<li><strong>Mol\u00e1rn\u00ed hmotnost<\/strong>: 260,13 g\/mol<\/li>\n<li><strong>Chemick\u00e1 t\u0159\u00edda<\/strong>: Fenetylamin \/ Psychedelick\u00e9<\/li>\n<li><strong>Vzhled<\/strong>: Obvykle je k dispozici ve form\u011b pr\u00e1\u0161ku, kapsl\u00ed nebo tablet.<\/li>\n<\/ul>\n<h3><strong>Doba trv\u00e1n\u00ed a \u00fa\u010dinky<\/strong><\/h3>\n<ul>\n<li><strong>N\u00e1stup<\/strong>: 20-90 minut po konzumaci, v z\u00e1vislosti na zp\u016fsobu pou\u017eit\u00ed.<\/li>\n<li><strong>Peak<\/strong>: 1-2 hodiny intenzivn\u00edch \u00fa\u010dink\u016f.<\/li>\n<li><strong>Doba trv\u00e1n\u00ed<\/strong>: Celkem 4-8 hodin s postupn\u00fdm \u00fastupem.<\/li>\n<\/ul>\n<p>&nbsp;<\/p>","protected":false},"featured_media":1446,"comment_status":"open","ping_status":"closed","template":"","meta":{"_kadence_starter_templates_imported_post":false,"_kad_post_transparent":"default","_kad_post_title":"","_kad_post_layout":"default","_kad_post_sidebar_id":"","_kad_post_content_style":"default","_kad_post_vertical_padding":"default","_kad_post_feature":"","_kad_post_feature_position":"","_kad_post_header":false,"_kad_post_footer":false,"_joinchat":[]},"product_brand":[],"product_cat":[51],"product_tag":[],"class_list":{"0":"post-1199","1":"product","2":"type-product","3":"status-publish","4":"has-post-thumbnail","6":"product_cat-2cb","8":"first","9":"instock","10":"shipping-taxable","11":"purchasable","12":"product-type-variable","13":"entry","14":"content-bg","15":"loop-entry"},"yoast_head":"<!-- This site is optimized with the Yoast SEO plugin v26.5 - https:\/\/yoast.com\/wordpress\/plugins\/seo\/ -->\n<title>Buy 2CB Online - 2CB for sale - Order 2CB | PVP Grams<\/title>\n<meta name=\"description\" content=\"Looking to further your research? Buy 2cb conveniently and securely online, with a straightforward ordering process for 2cb for sale. Explore the possibilities and buy 2cb online for your research endeavors today.\" \/>\n<meta name=\"robots\" content=\"index, follow, max-snippet:-1, max-image-preview:large, max-video-preview:-1\" \/>\n<link rel=\"canonical\" href=\"https:\/\/pvpgrams.com\/cs\/product\/2cb\/\" \/>\n<meta property=\"og:locale\" content=\"cs_CZ\" \/>\n<meta property=\"og:type\" content=\"article\" \/>\n<meta property=\"og:title\" content=\"Buy 2CB Online - 2CB for sale - Order 2CB | PVP Grams\" \/>\n<meta property=\"og:description\" content=\"Looking to further your research? Buy 2cb conveniently and securely online, with a straightforward ordering process for 2cb for sale. Explore the possibilities and buy 2cb online for your research endeavors today.\" \/>\n<meta property=\"og:url\" content=\"https:\/\/pvpgrams.com\/cs\/product\/2cb\/\" \/>\n<meta property=\"og:site_name\" content=\"PVP Grams\" \/>\n<meta property=\"article:modified_time\" content=\"2025-09-01T05:56:20+00:00\" \/>\n<meta property=\"og:image\" content=\"https:\/\/pvpgrams.com\/wp-content\/uploads\/2024\/11\/Buy-2CB-Online.jpg\" \/>\n\t<meta property=\"og:image:width\" content=\"600\" \/>\n\t<meta property=\"og:image:height\" content=\"600\" \/>\n\t<meta property=\"og:image:type\" content=\"image\/jpeg\" \/>\n<meta name=\"twitter:card\" content=\"summary_large_image\" \/>\n<meta name=\"twitter:label1\" content=\"Odhadovan\u00e1 doba \u010dten\u00ed\" \/>\n\t<meta name=\"twitter:data1\" content=\"2 minuty\" \/>\n<script type=\"application\/ld+json\" class=\"yoast-schema-graph\">{\"@context\":\"https:\/\/schema.org\",\"@graph\":[{\"@type\":[\"WebPage\",\"ItemPage\"],\"@id\":\"https:\/\/pvpgrams.com\/product\/2cb\/\",\"url\":\"https:\/\/pvpgrams.com\/product\/2cb\/\",\"name\":\"Buy 2CB Online - 2CB for sale - Order 2CB | PVP Grams\",\"isPartOf\":{\"@id\":\"https:\/\/pvpgrams.com\/#website\"},\"primaryImageOfPage\":{\"@id\":\"https:\/\/pvpgrams.com\/product\/2cb\/#primaryimage\"},\"image\":{\"@id\":\"https:\/\/pvpgrams.com\/product\/2cb\/#primaryimage\"},\"thumbnailUrl\":\"https:\/\/pvpgrams.com\/wp-content\/uploads\/2024\/11\/Buy-2CB-Online.jpg\",\"datePublished\":\"2024-11-24T21:35:13+00:00\",\"dateModified\":\"2025-09-01T05:56:20+00:00\",\"description\":\"Looking to further your research? Buy 2cb conveniently and securely online, with a straightforward ordering process for 2cb for sale. Explore the possibilities and buy 2cb online for your research endeavors today.\",\"breadcrumb\":{\"@id\":\"https:\/\/pvpgrams.com\/product\/2cb\/#breadcrumb\"},\"inLanguage\":\"cs\",\"potentialAction\":[{\"@type\":\"ReadAction\",\"target\":[\"https:\/\/pvpgrams.com\/product\/2cb\/\"]}]},{\"@type\":\"ImageObject\",\"inLanguage\":\"cs\",\"@id\":\"https:\/\/pvpgrams.com\/product\/2cb\/#primaryimage\",\"url\":\"https:\/\/pvpgrams.com\/wp-content\/uploads\/2024\/11\/Buy-2CB-Online.jpg\",\"contentUrl\":\"https:\/\/pvpgrams.com\/wp-content\/uploads\/2024\/11\/Buy-2CB-Online.jpg\",\"width\":600,\"height\":600,\"caption\":\"Buy-2CB-Online\"},{\"@type\":\"BreadcrumbList\",\"@id\":\"https:\/\/pvpgrams.com\/product\/2cb\/#breadcrumb\",\"itemListElement\":[{\"@type\":\"ListItem\",\"position\":1,\"name\":\"Home\",\"item\":\"https:\/\/pvpgrams.com\/\"},{\"@type\":\"ListItem\",\"position\":2,\"name\":\"Shop\",\"item\":\"https:\/\/pvpgrams.com\/shop\/\"},{\"@type\":\"ListItem\",\"position\":3,\"name\":\"Buy 2CB Online\"}]},{\"@type\":\"WebSite\",\"@id\":\"https:\/\/pvpgrams.com\/#website\",\"url\":\"https:\/\/pvpgrams.com\/\",\"name\":\"PVP Grams\",\"description\":\"\",\"publisher\":{\"@id\":\"https:\/\/pvpgrams.com\/#organization\"},\"potentialAction\":[{\"@type\":\"SearchAction\",\"target\":{\"@type\":\"EntryPoint\",\"urlTemplate\":\"https:\/\/pvpgrams.com\/?s={search_term_string}\"},\"query-input\":{\"@type\":\"PropertyValueSpecification\",\"valueRequired\":true,\"valueName\":\"search_term_string\"}}],\"inLanguage\":\"cs\"},{\"@type\":\"Organization\",\"@id\":\"https:\/\/pvpgrams.com\/#organization\",\"name\":\"PVP Grams\",\"url\":\"https:\/\/pvpgrams.com\/\",\"logo\":{\"@type\":\"ImageObject\",\"inLanguage\":\"cs\",\"@id\":\"https:\/\/pvpgrams.com\/#\/schema\/logo\/image\/\",\"url\":\"https:\/\/pvpgrams.com\/wp-content\/uploads\/2024\/10\/logo.png\",\"contentUrl\":\"https:\/\/pvpgrams.com\/wp-content\/uploads\/2024\/10\/logo.png\",\"width\":181,\"height\":41,\"caption\":\"PVP Grams\"},\"image\":{\"@id\":\"https:\/\/pvpgrams.com\/#\/schema\/logo\/image\/\"}}]}<\/script>\n<!-- \/ Yoast SEO plugin. -->","yoast_head_json":{"title":"Koupit 2CB online - 2CB na prodej - Objednat 2CB | PVP Grams","description":"Chcete pokra\u010dovat ve v\u00fdzkumu? Nakupujte 2cb pohodln\u011b a bezpe\u010dn\u011b online, s jednoduch\u00fdm procesem objedn\u00e1v\u00e1n\u00ed 2cb na prodej. Prozkoumejte mo\u017enosti a kupte si 2cb online pro sv\u00e9 v\u00fdzkumn\u00e9 \u00fasil\u00ed je\u0161t\u011b dnes.","robots":{"index":"index","follow":"follow","max-snippet":"max-snippet:-1","max-image-preview":"max-image-preview:large","max-video-preview":"max-video-preview:-1"},"canonical":"https:\/\/pvpgrams.com\/cs\/product\/2cb\/","og_locale":"cs_CZ","og_type":"article","og_title":"Buy 2CB Online - 2CB for sale - Order 2CB | PVP Grams","og_description":"Looking to further your research? Buy 2cb conveniently and securely online, with a straightforward ordering process for 2cb for sale. Explore the possibilities and buy 2cb online for your research endeavors today.","og_url":"https:\/\/pvpgrams.com\/cs\/product\/2cb\/","og_site_name":"PVP Grams","article_modified_time":"2025-09-01T05:56:20+00:00","og_image":[{"width":600,"height":600,"url":"https:\/\/pvpgrams.com\/wp-content\/uploads\/2024\/11\/Buy-2CB-Online.jpg","type":"image\/jpeg"}],"twitter_card":"summary_large_image","twitter_misc":{"Odhadovan\u00e1 doba \u010dten\u00ed":"2 minuty"},"schema":{"@context":"https:\/\/schema.org","@graph":[{"@type":["WebPage","ItemPage"],"@id":"https:\/\/pvpgrams.com\/product\/2cb\/","url":"https:\/\/pvpgrams.com\/product\/2cb\/","name":"Koupit 2CB online - 2CB na prodej - Objednat 2CB | PVP Grams","isPartOf":{"@id":"https:\/\/pvpgrams.com\/#website"},"primaryImageOfPage":{"@id":"https:\/\/pvpgrams.com\/product\/2cb\/#primaryimage"},"image":{"@id":"https:\/\/pvpgrams.com\/product\/2cb\/#primaryimage"},"thumbnailUrl":"https:\/\/pvpgrams.com\/wp-content\/uploads\/2024\/11\/Buy-2CB-Online.jpg","datePublished":"2024-11-24T21:35:13+00:00","dateModified":"2025-09-01T05:56:20+00:00","description":"Chcete pokra\u010dovat ve v\u00fdzkumu? Nakupujte 2cb pohodln\u011b a bezpe\u010dn\u011b online, s jednoduch\u00fdm procesem objedn\u00e1v\u00e1n\u00ed 2cb na prodej. Prozkoumejte mo\u017enosti a kupte si 2cb online pro sv\u00e9 v\u00fdzkumn\u00e9 \u00fasil\u00ed je\u0161t\u011b dnes.","breadcrumb":{"@id":"https:\/\/pvpgrams.com\/product\/2cb\/#breadcrumb"},"inLanguage":"cs","potentialAction":[{"@type":"ReadAction","target":["https:\/\/pvpgrams.com\/product\/2cb\/"]}]},{"@type":"ImageObject","inLanguage":"cs","@id":"https:\/\/pvpgrams.com\/product\/2cb\/#primaryimage","url":"https:\/\/pvpgrams.com\/wp-content\/uploads\/2024\/11\/Buy-2CB-Online.jpg","contentUrl":"https:\/\/pvpgrams.com\/wp-content\/uploads\/2024\/11\/Buy-2CB-Online.jpg","width":600,"height":600,"caption":"Buy-2CB-Online"},{"@type":"BreadcrumbList","@id":"https:\/\/pvpgrams.com\/product\/2cb\/#breadcrumb","itemListElement":[{"@type":"ListItem","position":1,"name":"Home","item":"https:\/\/pvpgrams.com\/"},{"@type":"ListItem","position":2,"name":"Shop","item":"https:\/\/pvpgrams.com\/shop\/"},{"@type":"ListItem","position":3,"name":"Buy 2CB Online"}]},{"@type":"WebSite","@id":"https:\/\/pvpgrams.com\/#website","url":"https:\/\/pvpgrams.com\/","name":"PVP gramy","description":"","publisher":{"@id":"https:\/\/pvpgrams.com\/#organization"},"potentialAction":[{"@type":"SearchAction","target":{"@type":"EntryPoint","urlTemplate":"https:\/\/pvpgrams.com\/?s={search_term_string}"},"query-input":{"@type":"PropertyValueSpecification","valueRequired":true,"valueName":"search_term_string"}}],"inLanguage":"cs"},{"@type":"Organization","@id":"https:\/\/pvpgrams.com\/#organization","name":"PVP gramy","url":"https:\/\/pvpgrams.com\/","logo":{"@type":"ImageObject","inLanguage":"cs","@id":"https:\/\/pvpgrams.com\/#\/schema\/logo\/image\/","url":"https:\/\/pvpgrams.com\/wp-content\/uploads\/2024\/10\/logo.png","contentUrl":"https:\/\/pvpgrams.com\/wp-content\/uploads\/2024\/10\/logo.png","width":181,"height":41,"caption":"PVP Grams"},"image":{"@id":"https:\/\/pvpgrams.com\/#\/schema\/logo\/image\/"}}]}},"_links":{"self":[{"href":"https:\/\/pvpgrams.com\/cs\/wp-json\/wp\/v2\/product\/1199","targetHints":{"allow":["GET"]}}],"collection":[{"href":"https:\/\/pvpgrams.com\/cs\/wp-json\/wp\/v2\/product"}],"about":[{"href":"https:\/\/pvpgrams.com\/cs\/wp-json\/wp\/v2\/types\/product"}],"replies":[{"embeddable":true,"href":"https:\/\/pvpgrams.com\/cs\/wp-json\/wp\/v2\/comments?post=1199"}],"wp:featuredmedia":[{"embeddable":true,"href":"https:\/\/pvpgrams.com\/cs\/wp-json\/wp\/v2\/media\/1446"}],"wp:attachment":[{"href":"https:\/\/pvpgrams.com\/cs\/wp-json\/wp\/v2\/media?parent=1199"}],"wp:term":[{"taxonomy":"product_brand","embeddable":true,"href":"https:\/\/pvpgrams.com\/cs\/wp-json\/wp\/v2\/product_brand?post=1199"},{"taxonomy":"product_cat","embeddable":true,"href":"https:\/\/pvpgrams.com\/cs\/wp-json\/wp\/v2\/product_cat?post=1199"},{"taxonomy":"product_tag","embeddable":true,"href":"https:\/\/pvpgrams.com\/cs\/wp-json\/wp\/v2\/product_tag?post=1199"}],"curies":[{"name":"wp","href":"https:\/\/api.w.org\/{rel}","templated":true}]}}