{"id":1201,"date":"2024-11-24T21:44:39","date_gmt":"2024-11-24T21:44:39","guid":{"rendered":"https:\/\/pvpgrams.com\/?post_type=product&#038;p=1201"},"modified":"2025-09-01T05:49:06","modified_gmt":"2025-09-01T05:49:06","slug":"3-mmc","status":"publish","type":"product","link":"https:\/\/pvpgrams.com\/cs\/product\/3-mmc\/","title":{"rendered":"Koupit 3-MMC online"},"content":{"rendered":"<h2 data-start=\"83\" data-end=\"137\"><strong data-start=\"83\" data-end=\"135\">Kupte si 3-MMC online od spolehliv\u00e9ho zdroje v\u00fdzkumu<\/strong><\/h2>\n<p data-start=\"139\" data-end=\"173\"><strong data-start=\"139\" data-end=\"171\">Koupit 3-MMC online na Pvpgrams<\/strong><\/p>\n<p data-start=\"175\" data-end=\"659\">Koupit <a href=\"https:\/\/en.wikipedia.org\/wiki\/3-Methylmethcathinone\">3-MMC<\/a> (3-Methylmethcathinon) online, v\u0161estrann\u00e1 a \u0161iroce zkouman\u00e1 chemick\u00e1 slou\u010denina pat\u0159\u00edc\u00ed do t\u0159\u00eddy kathinon\u016f. 3-MMC, zn\u00e1m\u00fd pro sv\u00e9 jedine\u010dn\u00e9 vlastnosti, se stal popul\u00e1rn\u00edm pro v\u00fdzkumn\u00e9 i pr\u016fzkumn\u00e9 \u00fa\u010dely. V Pvpgrams jsme hrd\u00ed na to, \u017ee jsme d\u016fv\u011bryhodn\u00fdm zdrojem vysoce kvalitn\u00edho 3-MMC a zaji\u0161\u0165ujeme spokojenost z\u00e1kazn\u00edk\u016f prost\u0159ednictv\u00edm spolehliv\u00fdch slu\u017eeb, bezpe\u010dn\u00fdch transakc\u00ed a rychl\u00e9ho dod\u00e1n\u00ed. <a href=\"https:\/\/pvpgrams.com\/cs\/product\/3-mmc\/\">Koupit 3-MMC online<\/a> fr\u00e5n en verifierad leverant\u00f6r idag.<\/p>\n<h3 data-start=\"661\" data-end=\"697\">Aplikace a pou\u017eit\u00ed 3-MMC<\/h3>\n<p data-start=\"699\" data-end=\"740\"><strong data-start=\"699\" data-end=\"738\">V\u011bdeck\u00fd v\u00fdzkum a v\u00fdvoj<\/strong><\/p>\n<p data-start=\"742\" data-end=\"1055\">P\u0159ed objedn\u00e1n\u00edm 3-MMC je d\u016fle\u017eit\u00e9 poznamenat, \u017ee 3-MMC, kter\u00fd lze koupit online, je \u010dasto vyu\u017e\u00edv\u00e1n laborato\u0159emi a v\u00fdzkumn\u00edky, kte\u0159\u00ed zkoumaj\u00ed jeho chemickou strukturu a interakci s r\u016fzn\u00fdmi biologick\u00fdmi dr\u00e1hami. Jeho potenci\u00e1ln\u00ed vyu\u017eit\u00ed v neurov\u011bd\u00e1ch a farmakologii z n\u011bj \u010din\u00ed akademick\u00fd p\u0159edm\u011bt z\u00e1jmu.<\/p>\n<p data-start=\"1057\" data-end=\"1091\"><strong data-start=\"1057\" data-end=\"1089\">Zkoum\u00e1n\u00ed a kreativn\u00ed vyu\u017eit\u00ed<\/strong><\/p>\n<p data-start=\"1093\" data-end=\"1248\">Mnoho lid\u00ed pou\u017e\u00edv\u00e1 3-MMC k osobn\u00edmu prozkoum\u00e1v\u00e1n\u00ed a hled\u00e1 jeho smyslov\u00e9 \u00fa\u010dinky a kreativn\u00ed v\u00fdhody v kontrolovan\u00e9m prost\u0159ed\u00ed.<\/p>\n<p data-start=\"1250\" data-end=\"1270\"><strong data-start=\"1250\" data-end=\"1268\">Akademick\u00e9 studium<\/strong><\/p>\n<p data-start=\"1272\" data-end=\"1441\">\u0158\u00e1d 3-MMC hraje roli ve studi\u00edch zam\u011b\u0159en\u00fdch na deriv\u00e1ty kathinonu a pom\u00e1h\u00e1 v\u011bdc\u016fm l\u00e9pe porozum\u011bt jejich vlastnostem a potenci\u00e1ln\u00edmu vyu\u017eit\u00ed v r\u016fzn\u00fdch oblastech.<\/p>\n<h3 data-start=\"1443\" data-end=\"1477\">Pro\u010d koupit 3-MMC od Pvpgrams?<\/h3>\n<p data-start=\"1479\" data-end=\"1622\">Rz\u0105d 3-MMC odgrywa rol\u0119 w badaniach skupiaj\u0105cych si\u0119 na pochodnych katynonu, pomagaj\u0105c naukowcom lepiej zrozumie\u0107 ich w\u0142a\u015bciwo\u015bci i potencjalne zastosowania w r\u00f3\u017cnych dziedzinach.<\/p>\n<p data-start=\"1624\" data-end=\"1648\"><strong data-start=\"1624\" data-end=\"1646\">Vysoce kvalitn\u00ed 3-MMC<\/strong><\/p>\n<p data-start=\"1650\" data-end=\"1805\">N\u00e1\u0161 3-MMC, kter\u00fd si m\u016f\u017eete koupit online, je z\u00edsk\u00e1v\u00e1n a testov\u00e1n, aby byla zaji\u0161t\u011bna nejvy\u0161\u0161\u00ed \u00farove\u0148 \u010distoty a konzistence, co\u017e ho \u010din\u00ed ide\u00e1ln\u00edm pro profesion\u00e1ln\u00ed a akademick\u00e9 pou\u017eit\u00ed.<\/p>\n<p data-start=\"1807\" data-end=\"1843\"><strong data-start=\"1807\" data-end=\"1841\">Diskr\u00e9tn\u00ed a bezpe\u010dn\u00fd n\u00e1kup<\/strong><\/p>\n<p data-start=\"1845\" data-end=\"1978\">V\u00e1\u017e\u00edme si va\u0161eho soukrom\u00ed a zaji\u0161\u0165ujeme, aby v\u0161echny objedn\u00e1vky 3-MMC k prodeji byly diskr\u00e9tn\u011b zabaleny a s bezpe\u010dn\u00fdmi platebn\u00edmi metodami.<\/p>\n<p data-start=\"1980\" data-end=\"2012\"><strong data-start=\"1980\" data-end=\"2010\">Rychl\u00e9 a spolehliv\u00e9 dod\u00e1n\u00ed<\/strong><\/p>\n<p data-start=\"2014\" data-end=\"2132\">Na\u0161e logistick\u00e1 s\u00ed\u0165 zaji\u0161\u0165uje v\u010dasn\u00e9 dod\u00e1n\u00ed 3-MMC na v\u00e1mi po\u017eadovan\u00e9 m\u00edsto a udr\u017euje va\u0161e projekty v souladu s pl\u00e1nem.<\/p>\n<p data-start=\"2134\" data-end=\"2174\"><strong data-start=\"2134\" data-end=\"2172\">Cenov\u011b dostupn\u00e9 a transparentn\u00ed ceny<\/strong><\/p>\n<p data-start=\"2176\" data-end=\"2293\">D\u00edky konkurenceschopn\u00fdm cenov\u00fdm mo\u017enostem 3-MMC a \u017e\u00e1dn\u00fdm skryt\u00fdm poplatk\u016fm nab\u00edz\u00ed Pvpgrams vynikaj\u00edc\u00ed hodnotu za va\u0161i investici.<\/p>\n<h3 data-start=\"2295\" data-end=\"2323\">Koupit 3-MMC online je\u0161t\u011b dnes<\/h3>\n<p data-start=\"2325\" data-end=\"2681\">Hled\u00e1te spolehliv\u00e9ho zdroje nebo distributora 3-MMC k prodeji? V Pvpgrams nab\u00edz\u00edme 3-MMC pr\u00e9miov\u00e9 kvality se zam\u011b\u0159en\u00edm na spokojenost z\u00e1kazn\u00edk\u016f. A\u0165 u\u017e jste v\u00fdzkumn\u00edk nebo objevitel, na\u0161e produkty jsou navr\u017eeny tak, aby splnily va\u0161e o\u010dek\u00e1v\u00e1n\u00ed. Kupte si 3-MMC online je\u0161t\u011b dnes a za\u017eijte pohodl\u00ed a spolehlivost nakupov\u00e1n\u00ed s Pvpgrams.<\/p>","protected":false},"excerpt":{"rendered":"<p><strong>3-MMC (3-methylmethcathinone)<\/strong> je syntetick\u00fd stimulant pat\u0159\u00edc\u00ed do skupiny katinon\u016f, strukturn\u011b p\u0159\u00edbuzn\u00fd mefedronu (4-MMC). 3-MMC je zn\u00e1m\u00fd sv\u00fdmi stimula\u010dn\u00edmi a empatogenn\u00edmi \u00fa\u010dinky a \u010dasto se pou\u017e\u00edv\u00e1 ve v\u00fdzkumu nebo p\u0159i rekreaci. Zvy\u0161uje energii, soust\u0159ed\u011bn\u00ed a soci\u00e1ln\u00ed anga\u017eovanost, d\u00edky \u010demu\u017e je obl\u00edben\u00fd mezi specifick\u00fdmi skupinami u\u017eivatel\u016f. Jeho bezpe\u010dnostn\u00ed profil a dlouhodob\u00e9 \u00fa\u010dinky v\u0161ak z\u016fst\u00e1vaj\u00ed kv\u016fli omezen\u00e9mu v\u00fdzkumu nedostate\u010dn\u011b pochopeny.<\/p>\n<h3><strong>Chemick\u00e9 a fyzik\u00e1ln\u00ed \u00fadaje<\/strong><\/h3>\n<p><strong>Molekul\u00e1rn\u00ed vzorec<\/strong>: C11H15NO<br \/>\n<strong>N\u00e1zev IUPAC<\/strong>: 2-(methylamino)-1-(3-methylfenyl)propan-1-on<br \/>\n<strong>Mol\u00e1rn\u00ed hmotnost<\/strong>: 177,25 g\/mol<br \/>\n<strong>Chemick\u00e1 t\u0159\u00edda<\/strong>: Syntetick\u00fd katinon \/ stimulant<br \/>\n<strong>Vzhled<\/strong>: Obvykle je k dispozici ve form\u011b pr\u00e1\u0161ku, krystal\u016f nebo kapsl\u00ed.<\/p>","protected":false},"featured_media":1202,"comment_status":"open","ping_status":"closed","template":"","meta":{"_kadence_starter_templates_imported_post":false,"_kad_post_transparent":"default","_kad_post_title":"","_kad_post_layout":"default","_kad_post_sidebar_id":"","_kad_post_content_style":"default","_kad_post_vertical_padding":"default","_kad_post_feature":"","_kad_post_feature_position":"","_kad_post_header":false,"_kad_post_footer":false,"_joinchat":[]},"product_brand":[],"product_cat":[52,54,41],"product_tag":[],"class_list":{"0":"post-1201","1":"product","2":"type-product","3":"status-publish","4":"has-post-thumbnail","6":"product_cat-3-mmc","7":"product_cat-4-mmc","8":"product_cat-buy-alpha-php","10":"first","11":"instock","12":"shipping-taxable","13":"purchasable","14":"product-type-variable","15":"entry","16":"content-bg","17":"loop-entry"},"yoast_head":"<!-- This site is optimized with the Yoast SEO plugin v26.5 - https:\/\/yoast.com\/wordpress\/plugins\/seo\/ -->\n<title>3-MMC for Sale - Buy 3-MMC Powder Online | PVP Grams<\/title>\n<meta name=\"description\" content=\"Explore our online store for 3-mmc for sale, offering high-quality 3-mmc powder. Buy 3mmc online securely and embark on your research journey with confidence.\" \/>\n<meta name=\"robots\" content=\"index, follow, max-snippet:-1, max-image-preview:large, max-video-preview:-1\" \/>\n<link rel=\"canonical\" href=\"https:\/\/pvpgrams.com\/cs\/product\/3-mmc\/\" \/>\n<meta property=\"og:locale\" content=\"cs_CZ\" \/>\n<meta property=\"og:type\" content=\"article\" \/>\n<meta property=\"og:title\" content=\"3-MMC for Sale - Buy 3-MMC Powder Online | PVP Grams\" \/>\n<meta property=\"og:description\" content=\"Explore our online store for 3-mmc for sale, offering high-quality 3-mmc powder. Buy 3mmc online securely and embark on your research journey with confidence.\" \/>\n<meta property=\"og:url\" content=\"https:\/\/pvpgrams.com\/cs\/product\/3-mmc\/\" \/>\n<meta property=\"og:site_name\" content=\"PVP Grams\" \/>\n<meta property=\"article:modified_time\" content=\"2025-09-01T05:49:06+00:00\" \/>\n<meta property=\"og:image\" content=\"https:\/\/pvpgrams.com\/wp-content\/uploads\/2024\/11\/3-mmc-kaufen.jpg\" \/>\n\t<meta property=\"og:image:width\" content=\"964\" \/>\n\t<meta property=\"og:image:height\" content=\"864\" \/>\n\t<meta property=\"og:image:type\" content=\"image\/jpeg\" \/>\n<meta name=\"twitter:card\" content=\"summary_large_image\" \/>\n<meta name=\"twitter:label1\" content=\"Odhadovan\u00e1 doba \u010dten\u00ed\" \/>\n\t<meta name=\"twitter:data1\" content=\"2 minuty\" \/>\n<script type=\"application\/ld+json\" class=\"yoast-schema-graph\">{\"@context\":\"https:\/\/schema.org\",\"@graph\":[{\"@type\":[\"WebPage\",\"ItemPage\"],\"@id\":\"https:\/\/pvpgrams.com\/product\/3-mmc\/\",\"url\":\"https:\/\/pvpgrams.com\/product\/3-mmc\/\",\"name\":\"3-MMC for Sale - Buy 3-MMC Powder Online | PVP Grams\",\"isPartOf\":{\"@id\":\"https:\/\/pvpgrams.com\/#website\"},\"primaryImageOfPage\":{\"@id\":\"https:\/\/pvpgrams.com\/product\/3-mmc\/#primaryimage\"},\"image\":{\"@id\":\"https:\/\/pvpgrams.com\/product\/3-mmc\/#primaryimage\"},\"thumbnailUrl\":\"https:\/\/pvpgrams.com\/wp-content\/uploads\/2024\/11\/3-mmc-kaufen.jpg\",\"datePublished\":\"2024-11-24T21:44:39+00:00\",\"dateModified\":\"2025-09-01T05:49:06+00:00\",\"description\":\"Explore our online store for 3-mmc for sale, offering high-quality 3-mmc powder. Buy 3mmc online securely and embark on your research journey with confidence.\",\"breadcrumb\":{\"@id\":\"https:\/\/pvpgrams.com\/product\/3-mmc\/#breadcrumb\"},\"inLanguage\":\"cs\",\"potentialAction\":[{\"@type\":\"ReadAction\",\"target\":[\"https:\/\/pvpgrams.com\/product\/3-mmc\/\"]}]},{\"@type\":\"ImageObject\",\"inLanguage\":\"cs\",\"@id\":\"https:\/\/pvpgrams.com\/product\/3-mmc\/#primaryimage\",\"url\":\"https:\/\/pvpgrams.com\/wp-content\/uploads\/2024\/11\/3-mmc-kaufen.jpg\",\"contentUrl\":\"https:\/\/pvpgrams.com\/wp-content\/uploads\/2024\/11\/3-mmc-kaufen.jpg\",\"width\":964,\"height\":864,\"caption\":\"Buy 3-MMC Powder Online\"},{\"@type\":\"BreadcrumbList\",\"@id\":\"https:\/\/pvpgrams.com\/product\/3-mmc\/#breadcrumb\",\"itemListElement\":[{\"@type\":\"ListItem\",\"position\":1,\"name\":\"Home\",\"item\":\"https:\/\/pvpgrams.com\/\"},{\"@type\":\"ListItem\",\"position\":2,\"name\":\"Shop\",\"item\":\"https:\/\/pvpgrams.com\/shop\/\"},{\"@type\":\"ListItem\",\"position\":3,\"name\":\"Buy 3-MMC Online\"}]},{\"@type\":\"WebSite\",\"@id\":\"https:\/\/pvpgrams.com\/#website\",\"url\":\"https:\/\/pvpgrams.com\/\",\"name\":\"PVP Grams\",\"description\":\"\",\"publisher\":{\"@id\":\"https:\/\/pvpgrams.com\/#organization\"},\"potentialAction\":[{\"@type\":\"SearchAction\",\"target\":{\"@type\":\"EntryPoint\",\"urlTemplate\":\"https:\/\/pvpgrams.com\/?s={search_term_string}\"},\"query-input\":{\"@type\":\"PropertyValueSpecification\",\"valueRequired\":true,\"valueName\":\"search_term_string\"}}],\"inLanguage\":\"cs\"},{\"@type\":\"Organization\",\"@id\":\"https:\/\/pvpgrams.com\/#organization\",\"name\":\"PVP Grams\",\"url\":\"https:\/\/pvpgrams.com\/\",\"logo\":{\"@type\":\"ImageObject\",\"inLanguage\":\"cs\",\"@id\":\"https:\/\/pvpgrams.com\/#\/schema\/logo\/image\/\",\"url\":\"https:\/\/pvpgrams.com\/wp-content\/uploads\/2024\/10\/logo.png\",\"contentUrl\":\"https:\/\/pvpgrams.com\/wp-content\/uploads\/2024\/10\/logo.png\",\"width\":181,\"height\":41,\"caption\":\"PVP Grams\"},\"image\":{\"@id\":\"https:\/\/pvpgrams.com\/#\/schema\/logo\/image\/\"}}]}<\/script>\n<!-- \/ Yoast SEO plugin. -->","yoast_head_json":{"title":"3-MMC na prodej - koupit 3-MMC pr\u00e1\u0161ek online | PVP gramy","description":"Prozkoumejte n\u00e1\u0161 internetov\u00fd obchod pro 3-mmc na prodej, kter\u00fd nab\u00edz\u00ed vysoce kvalitn\u00ed pr\u00e1\u0161ek 3-mmc. Kupte si 3mmc bezpe\u010dn\u011b online a vydejte se na cestu v\u00fdzkumu s d\u016fv\u011brou.","robots":{"index":"index","follow":"follow","max-snippet":"max-snippet:-1","max-image-preview":"max-image-preview:large","max-video-preview":"max-video-preview:-1"},"canonical":"https:\/\/pvpgrams.com\/cs\/product\/3-mmc\/","og_locale":"cs_CZ","og_type":"article","og_title":"3-MMC for Sale - Buy 3-MMC Powder Online | PVP Grams","og_description":"Explore our online store for 3-mmc for sale, offering high-quality 3-mmc powder. Buy 3mmc online securely and embark on your research journey with confidence.","og_url":"https:\/\/pvpgrams.com\/cs\/product\/3-mmc\/","og_site_name":"PVP Grams","article_modified_time":"2025-09-01T05:49:06+00:00","og_image":[{"width":964,"height":864,"url":"https:\/\/pvpgrams.com\/wp-content\/uploads\/2024\/11\/3-mmc-kaufen.jpg","type":"image\/jpeg"}],"twitter_card":"summary_large_image","twitter_misc":{"Odhadovan\u00e1 doba \u010dten\u00ed":"2 minuty"},"schema":{"@context":"https:\/\/schema.org","@graph":[{"@type":["WebPage","ItemPage"],"@id":"https:\/\/pvpgrams.com\/product\/3-mmc\/","url":"https:\/\/pvpgrams.com\/product\/3-mmc\/","name":"3-MMC na prodej - koupit 3-MMC pr\u00e1\u0161ek online | PVP gramy","isPartOf":{"@id":"https:\/\/pvpgrams.com\/#website"},"primaryImageOfPage":{"@id":"https:\/\/pvpgrams.com\/product\/3-mmc\/#primaryimage"},"image":{"@id":"https:\/\/pvpgrams.com\/product\/3-mmc\/#primaryimage"},"thumbnailUrl":"https:\/\/pvpgrams.com\/wp-content\/uploads\/2024\/11\/3-mmc-kaufen.jpg","datePublished":"2024-11-24T21:44:39+00:00","dateModified":"2025-09-01T05:49:06+00:00","description":"Prozkoumejte n\u00e1\u0161 internetov\u00fd obchod pro 3-mmc na prodej, kter\u00fd nab\u00edz\u00ed vysoce kvalitn\u00ed pr\u00e1\u0161ek 3-mmc. Kupte si 3mmc bezpe\u010dn\u011b online a vydejte se na cestu v\u00fdzkumu s d\u016fv\u011brou.","breadcrumb":{"@id":"https:\/\/pvpgrams.com\/product\/3-mmc\/#breadcrumb"},"inLanguage":"cs","potentialAction":[{"@type":"ReadAction","target":["https:\/\/pvpgrams.com\/product\/3-mmc\/"]}]},{"@type":"ImageObject","inLanguage":"cs","@id":"https:\/\/pvpgrams.com\/product\/3-mmc\/#primaryimage","url":"https:\/\/pvpgrams.com\/wp-content\/uploads\/2024\/11\/3-mmc-kaufen.jpg","contentUrl":"https:\/\/pvpgrams.com\/wp-content\/uploads\/2024\/11\/3-mmc-kaufen.jpg","width":964,"height":864,"caption":"Buy 3-MMC Powder Online"},{"@type":"BreadcrumbList","@id":"https:\/\/pvpgrams.com\/product\/3-mmc\/#breadcrumb","itemListElement":[{"@type":"ListItem","position":1,"name":"Home","item":"https:\/\/pvpgrams.com\/"},{"@type":"ListItem","position":2,"name":"Shop","item":"https:\/\/pvpgrams.com\/shop\/"},{"@type":"ListItem","position":3,"name":"Buy 3-MMC Online"}]},{"@type":"WebSite","@id":"https:\/\/pvpgrams.com\/#website","url":"https:\/\/pvpgrams.com\/","name":"PVP gramy","description":"","publisher":{"@id":"https:\/\/pvpgrams.com\/#organization"},"potentialAction":[{"@type":"SearchAction","target":{"@type":"EntryPoint","urlTemplate":"https:\/\/pvpgrams.com\/?s={search_term_string}"},"query-input":{"@type":"PropertyValueSpecification","valueRequired":true,"valueName":"search_term_string"}}],"inLanguage":"cs"},{"@type":"Organization","@id":"https:\/\/pvpgrams.com\/#organization","name":"PVP gramy","url":"https:\/\/pvpgrams.com\/","logo":{"@type":"ImageObject","inLanguage":"cs","@id":"https:\/\/pvpgrams.com\/#\/schema\/logo\/image\/","url":"https:\/\/pvpgrams.com\/wp-content\/uploads\/2024\/10\/logo.png","contentUrl":"https:\/\/pvpgrams.com\/wp-content\/uploads\/2024\/10\/logo.png","width":181,"height":41,"caption":"PVP Grams"},"image":{"@id":"https:\/\/pvpgrams.com\/#\/schema\/logo\/image\/"}}]}},"_links":{"self":[{"href":"https:\/\/pvpgrams.com\/cs\/wp-json\/wp\/v2\/product\/1201","targetHints":{"allow":["GET"]}}],"collection":[{"href":"https:\/\/pvpgrams.com\/cs\/wp-json\/wp\/v2\/product"}],"about":[{"href":"https:\/\/pvpgrams.com\/cs\/wp-json\/wp\/v2\/types\/product"}],"replies":[{"embeddable":true,"href":"https:\/\/pvpgrams.com\/cs\/wp-json\/wp\/v2\/comments?post=1201"}],"wp:featuredmedia":[{"embeddable":true,"href":"https:\/\/pvpgrams.com\/cs\/wp-json\/wp\/v2\/media\/1202"}],"wp:attachment":[{"href":"https:\/\/pvpgrams.com\/cs\/wp-json\/wp\/v2\/media?parent=1201"}],"wp:term":[{"taxonomy":"product_brand","embeddable":true,"href":"https:\/\/pvpgrams.com\/cs\/wp-json\/wp\/v2\/product_brand?post=1201"},{"taxonomy":"product_cat","embeddable":true,"href":"https:\/\/pvpgrams.com\/cs\/wp-json\/wp\/v2\/product_cat?post=1201"},{"taxonomy":"product_tag","embeddable":true,"href":"https:\/\/pvpgrams.com\/cs\/wp-json\/wp\/v2\/product_tag?post=1201"}],"curies":[{"name":"wp","href":"https:\/\/api.w.org\/{rel}","templated":true}]}}