{"id":1213,"date":"2024-11-24T22:22:27","date_gmt":"2024-11-24T22:22:27","guid":{"rendered":"https:\/\/pvpgrams.com\/?post_type=product&#038;p=1213"},"modified":"2025-10-30T08:07:29","modified_gmt":"2025-10-30T08:07:29","slug":"4-aco-dmt","status":"publish","type":"product","link":"https:\/\/pvpgrams.com\/cs\/product\/4-aco-dmt\/","title":{"rendered":"Koupit 4-AcO-DMT online"},"content":{"rendered":"<h2 data-start=\"117\" data-end=\"175\"><strong data-start=\"117\" data-end=\"173\">Kupte si 4-AcO-DMT online od spolehliv\u00e9ho zdroje<\/strong><\/h2>\n<p data-start=\"177\" data-end=\"215\"><strong data-start=\"177\" data-end=\"213\">Koupit 4-AcO-DMT online na Pvpgrams<\/strong><\/p>\n<p data-start=\"217\" data-end=\"793\"><a href=\"https:\/\/pvpgrams.com\/cs\/product\/4-aco-dmt\/\">Koupit 4-AcO-DMT online<\/a> (4-Acoxy-N,N-dimethyltryptamin) je syntetick\u00e1 tryptaminov\u00e1 slou\u010denina strukturn\u011b podobn\u00e1 psilocybinu. D\u00edky sv\u00fdm jedine\u010dn\u00fdm vlastnostem je obl\u00edben\u00fdm p\u0159edm\u011btem v\u011bdeck\u00e9ho v\u00fdzkumu a osobn\u00edho zkoum\u00e1n\u00ed. 4-AcO-DMT, zn\u00e1m\u00fd pro svou v\u0161estrannost, je \u0161iroce pou\u017e\u00edv\u00e1n v laborato\u0159\u00edch ke studiu jeho \u00fa\u010dink\u016f na vn\u00edm\u00e1n\u00ed, pozn\u00e1v\u00e1n\u00ed a v\u011bdom\u00ed. V Pvpgrams poskytujeme vysoce kvalitn\u00ed 4-AcO-DMT, kter\u00fd zaji\u0161\u0165uje bezpe\u010dn\u00e9 transakce, diskr\u00e9tn\u00ed balen\u00ed, rychl\u00e9 dod\u00e1n\u00ed a naprostou spolehlivost. Kupte si 4-AcO-DMT online je\u0161t\u011b dnes od d\u016fv\u011bryhodn\u00e9ho dodavatele.<\/p>\n<h3 data-start=\"795\" data-end=\"835\">Aplikace a pou\u017eit\u00ed 4-AcO-DMT<\/h3>\n<p data-start=\"837\" data-end=\"881\"><strong data-start=\"837\" data-end=\"879\">V\u011bdeck\u00fd v\u00fdzkum a akademick\u00e9 studium<\/strong><\/p>\n<p data-start=\"883\" data-end=\"1275\">P\u0159edt\u00edm, ne\u017e <a href=\"https:\/\/en.wikipedia.org\/wiki\/4-AcO-DMT\">koupit 4-AcO-DMT<\/a>Je d\u016fle\u017eit\u00e9 porozum\u011bt jeho b\u011b\u017en\u00fdm aplikac\u00edm ve v\u00fdzkumu. 4-AcO-DMT se \u010dasto pou\u017e\u00edv\u00e1 v laborato\u0159\u00edch a akademick\u00fdch studi\u00edch ke zkoum\u00e1n\u00ed jeho interakce s nervov\u00fdmi receptory a jeho potenci\u00e1lu v neurov\u011bd\u011b a psychofarmakologii. V\u00fdzkumn\u00edci zkoumaj\u00ed jeho strukturn\u00ed podobnosti s psilocybinem a jeho \u00fa\u010dinky na zm\u011bn\u011bn\u00e9 stavy v\u011bdom\u00ed.<\/p>\n<p data-start=\"1277\" data-end=\"1317\"><strong data-start=\"1277\" data-end=\"1315\">Pr\u016fzkumn\u00e9 a percep\u010dn\u00ed studie<\/strong><\/p>\n<p data-start=\"1319\" data-end=\"1573\">\u0158\u00e1d 4-AcO-DMT je \u010dasto vyhled\u00e1v\u00e1n jednotlivci v kontrolovan\u00e9m v\u00fdzkumn\u00e9m prost\u0159ed\u00ed pro osobn\u00ed vhledy, kreativn\u00ed zkoum\u00e1n\u00ed a smyslov\u00e9 vylep\u0161en\u00ed. Jeho specifick\u00e9 vlastnosti z n\u011bj \u010din\u00ed obl\u00edbenou slou\u010deninu pro sebeobjevov\u00e1n\u00ed a experiment\u00e1ln\u00ed studie.<\/p>\n<h3 data-start=\"1799\" data-end=\"1837\">Pro\u010d si koupit 4-AcO-DMT od Pvpgrams?<\/h3>\n<p data-start=\"1839\" data-end=\"1939\">V Pvpgrams se zam\u011b\u0159ujeme na prvot\u0159\u00eddn\u00ed kvalitu a spolehliv\u00e9 slu\u017eby pro v\u00fdzkumn\u00edky i pr\u016fzkumn\u00edky.<\/p>\n<p data-start=\"1941\" data-end=\"1969\"><strong data-start=\"1941\" data-end=\"1967\">Vysoce kvalitn\u00ed 4-AcO-DMT<\/strong><\/p>\n<p data-start=\"1971\" data-end=\"2126\">N\u00e1\u0161 4-AcO-DMT k prodeji se vyr\u00e1b\u00ed za p\u0159\u00edsn\u00fdch kontrol kvality, co\u017e zaji\u0161\u0165uje maxim\u00e1ln\u00ed \u010distotu a konzistenci pro ve\u0161ker\u00e9 v\u00fdzkumn\u00e9 a experiment\u00e1ln\u00ed \u00fa\u010dely.<\/p>\n<p data-start=\"2128\" data-end=\"2166\"><strong data-start=\"2128\" data-end=\"2164\">Bezpe\u010dn\u00e9 a diskr\u00e9tn\u00ed transakce<\/strong><\/p>\n<p data-start=\"2168\" data-end=\"2293\">Va\u0161e soukrom\u00ed je pro n\u00e1s prioritou. V\u0161echny online objedn\u00e1vky 4-AcO-DMT jsou zpracov\u00e1v\u00e1ny bezpe\u010dn\u011b a odes\u00edl\u00e1ny diskr\u00e9tn\u011b zabalen\u00e9.<\/p>\n<p data-start=\"2295\" data-end=\"2327\"><strong data-start=\"2295\" data-end=\"2325\">Rychl\u00e9 a spolehliv\u00e9 dod\u00e1n\u00ed<\/strong><\/p>\n<p data-start=\"2329\" data-end=\"2452\">Garantujeme v\u010dasn\u00e9 dod\u00e1n\u00ed va\u0161eho 4-AcO-DMT na v\u00e1mi ur\u010den\u00e9 m\u00edsto, co\u017e umo\u017e\u0148uje bezprobl\u00e9mov\u00fd pr\u016fb\u011bh v\u00fdzkumn\u00fdch projekt\u016f.<\/p>\n<p data-start=\"2454\" data-end=\"2478\"><strong data-start=\"2454\" data-end=\"2476\">Cenov\u011b dostupn\u00e9 ceny<\/strong><\/p>\n<p data-start=\"2480\" data-end=\"2583\">Na\u0161e cena 4-AcO-DMT je konkurenceschopn\u00e1 a poskytuje vysoce kvalitn\u00ed v\u00fdzkumn\u00fd materi\u00e1l za dostupn\u00e9 ceny.<\/p>\n<h3 data-start=\"2585\" data-end=\"2617\">Koupit 4-AcO-DMT online je\u0161t\u011b dnes<\/h3>\n<p data-start=\"2619\" data-end=\"2929\">Hled\u00e1te nejlep\u0161\u00ed m\u00edsto pro online n\u00e1kup 4-AcO-DMT? Na Pvpgrams nab\u00edz\u00edme pr\u00e9miov\u00fd 4-AcO-DMT k prodeji s bezpe\u010dnou platbou, rychl\u00fdm doru\u010den\u00edm a vynikaj\u00edc\u00ed z\u00e1kaznickou podporou. A\u0165 u\u017e pro v\u011bdeck\u00fd v\u00fdzkum nebo osobn\u00ed pr\u016fzkum, kupte si 4-AcO-DMT online hned te\u010f a vyu\u017eijte d\u016fv\u011bryhodn\u00fd a spolehliv\u00fd zdroj.<\/p>","protected":false},"excerpt":{"rendered":"<p><strong>4-AcO-DMT (4-acetoxy-N,N-dimethyltryptamin)<\/strong>, syntetick\u00e1 tryptaminov\u00e1 slou\u010denina, je prol\u00e9\u010divem psilocinu zn\u00e1m\u00fdm pro sv\u00e9 vlastnosti. <strong>psychedelick\u00e9 vlastnosti<\/strong>. Ve spole\u010dnosti Factoryson dod\u00e1v\u00e1me <strong>vysoce \u010dist\u00fd 4-AcO-DMT<\/strong> pro <strong>neurov\u011bdeck\u00fd v\u00fdzkum<\/strong>, <strong>chemick\u00e9 studie<\/strong>a <strong>pr\u016fmyslov\u00e9 aplikace<\/strong>, \u010d\u00edm\u017e je zaji\u0161t\u011bna \u0161pi\u010dkov\u00e1 kvalita a bezpe\u010dn\u00e9 dod\u00e1n\u00ed.<\/p>\n<h3><strong>Jak 4-AcO-DMT funguje<\/strong><\/h3>\n<p>4-AcO-DMT je metabolizov\u00e1n na psilocin, kter\u00fd p\u016fsob\u00ed na <strong>serotoninov\u00e9 receptory<\/strong> (5-HT2A) k vyvol\u00e1n\u00ed hlubok\u00e9 <strong>vizu\u00e1ln\u00ed efekty<\/strong>, <strong>emocion\u00e1ln\u00ed introspekce<\/strong>a <strong>zm\u011bn\u011bn\u00e9 vn\u00edm\u00e1n\u00ed \u010dasu<\/strong>. N\u00e1stup \u00fa\u010dinku nast\u00e1v\u00e1 b\u011bhem 20-40 minut, \u00fa\u010dinky trvaj\u00ed 4-6 hodin.<\/p>\n<h3><strong>Vzorec v\u00fdrobku<\/strong><\/h3>\n<ul>\n<li><strong>Chemick\u00fd n\u00e1zev<\/strong>: 4-acetoxy-N,N-dimethyltryptamin<\/li>\n<li><strong>Molekul\u00e1rn\u00ed vzorec<\/strong>: C14H18N2O2<\/li>\n<li><strong>Mol\u00e1rn\u00ed hmotnost<\/strong>: 246,31 g\/mol<\/li>\n<\/ul>","protected":false},"featured_media":1214,"comment_status":"open","ping_status":"closed","template":"","meta":{"_kadence_starter_templates_imported_post":false,"_kad_post_transparent":"default","_kad_post_title":"","_kad_post_layout":"default","_kad_post_sidebar_id":"","_kad_post_content_style":"default","_kad_post_vertical_padding":"default","_kad_post_feature":"","_kad_post_feature_position":"","_kad_post_header":false,"_kad_post_footer":false,"_joinchat":[]},"product_brand":[],"product_cat":[53,55,58,139],"product_tag":[],"class_list":{"0":"post-1213","1":"product","2":"type-product","3":"status-publish","4":"has-post-thumbnail","6":"product_cat-4-aco-dmt","7":"product_cat-5-meo-dmt","8":"product_cat-dmt","9":"product_cat-dmt-vape","11":"first","12":"instock","13":"shipping-taxable","14":"purchasable","15":"product-type-variable","16":"entry","17":"content-bg","18":"loop-entry"},"yoast_head":"<!-- This site is optimized with the Yoast SEO plugin v26.5 - https:\/\/yoast.com\/wordpress\/plugins\/seo\/ -->\n<title>Buy 4-AcO-DMT Online - 4-AcO-DMT Powder for Sale<\/title>\n<meta name=\"description\" content=\"Find premium 4 aco dmt powder for sale at our online store, providing a secure platform to buy 4 aco dmt online with ease, catering to your research needs.\" \/>\n<meta name=\"robots\" content=\"index, follow, max-snippet:-1, max-image-preview:large, max-video-preview:-1\" \/>\n<link rel=\"canonical\" href=\"https:\/\/pvpgrams.com\/cs\/product\/4-aco-dmt\/\" \/>\n<meta property=\"og:locale\" content=\"cs_CZ\" \/>\n<meta property=\"og:type\" content=\"article\" \/>\n<meta property=\"og:title\" content=\"Buy 4-AcO-DMT Online - 4-AcO-DMT Powder for Sale\" \/>\n<meta property=\"og:description\" content=\"Find premium 4 aco dmt powder for sale at our online store, providing a secure platform to buy 4 aco dmt online with ease, catering to your research needs.\" \/>\n<meta property=\"og:url\" content=\"https:\/\/pvpgrams.com\/cs\/product\/4-aco-dmt\/\" \/>\n<meta property=\"og:site_name\" content=\"PVP Grams\" \/>\n<meta property=\"article:modified_time\" content=\"2025-10-30T08:07:29+00:00\" \/>\n<meta property=\"og:image\" content=\"https:\/\/pvpgrams.com\/wp-content\/uploads\/2024\/11\/DMT-Bestellen-2.jpg\" \/>\n\t<meta property=\"og:image:width\" content=\"300\" \/>\n\t<meta property=\"og:image:height\" content=\"300\" \/>\n\t<meta property=\"og:image:type\" content=\"image\/jpeg\" \/>\n<meta name=\"twitter:card\" content=\"summary_large_image\" \/>\n<meta name=\"twitter:label1\" content=\"Odhadovan\u00e1 doba \u010dten\u00ed\" \/>\n\t<meta name=\"twitter:data1\" content=\"2 minuty\" \/>\n<script type=\"application\/ld+json\" class=\"yoast-schema-graph\">{\"@context\":\"https:\/\/schema.org\",\"@graph\":[{\"@type\":[\"WebPage\",\"ItemPage\"],\"@id\":\"https:\/\/pvpgrams.com\/product\/4-aco-dmt\/\",\"url\":\"https:\/\/pvpgrams.com\/product\/4-aco-dmt\/\",\"name\":\"Buy 4-AcO-DMT Online - 4-AcO-DMT Powder for Sale\",\"isPartOf\":{\"@id\":\"https:\/\/pvpgrams.com\/#website\"},\"primaryImageOfPage\":{\"@id\":\"https:\/\/pvpgrams.com\/product\/4-aco-dmt\/#primaryimage\"},\"image\":{\"@id\":\"https:\/\/pvpgrams.com\/product\/4-aco-dmt\/#primaryimage\"},\"thumbnailUrl\":\"https:\/\/pvpgrams.com\/wp-content\/uploads\/2024\/11\/DMT-Bestellen-2.jpg\",\"datePublished\":\"2024-11-24T22:22:27+00:00\",\"dateModified\":\"2025-10-30T08:07:29+00:00\",\"description\":\"Find premium 4 aco dmt powder for sale at our online store, providing a secure platform to buy 4 aco dmt online with ease, catering to your research needs.\",\"breadcrumb\":{\"@id\":\"https:\/\/pvpgrams.com\/product\/4-aco-dmt\/#breadcrumb\"},\"inLanguage\":\"cs\",\"potentialAction\":[{\"@type\":\"ReadAction\",\"target\":[\"https:\/\/pvpgrams.com\/product\/4-aco-dmt\/\"]}]},{\"@type\":\"ImageObject\",\"inLanguage\":\"cs\",\"@id\":\"https:\/\/pvpgrams.com\/product\/4-aco-dmt\/#primaryimage\",\"url\":\"https:\/\/pvpgrams.com\/wp-content\/uploads\/2024\/11\/DMT-Bestellen-2.jpg\",\"contentUrl\":\"https:\/\/pvpgrams.com\/wp-content\/uploads\/2024\/11\/DMT-Bestellen-2.jpg\",\"width\":300,\"height\":300,\"caption\":\"Buy 4-AcO-DMT Online\"},{\"@type\":\"BreadcrumbList\",\"@id\":\"https:\/\/pvpgrams.com\/product\/4-aco-dmt\/#breadcrumb\",\"itemListElement\":[{\"@type\":\"ListItem\",\"position\":1,\"name\":\"Home\",\"item\":\"https:\/\/pvpgrams.com\/\"},{\"@type\":\"ListItem\",\"position\":2,\"name\":\"Shop\",\"item\":\"https:\/\/pvpgrams.com\/shop\/\"},{\"@type\":\"ListItem\",\"position\":3,\"name\":\"Buy 4-AcO-DMT Online\"}]},{\"@type\":\"WebSite\",\"@id\":\"https:\/\/pvpgrams.com\/#website\",\"url\":\"https:\/\/pvpgrams.com\/\",\"name\":\"PVP Grams\",\"description\":\"\",\"publisher\":{\"@id\":\"https:\/\/pvpgrams.com\/#organization\"},\"potentialAction\":[{\"@type\":\"SearchAction\",\"target\":{\"@type\":\"EntryPoint\",\"urlTemplate\":\"https:\/\/pvpgrams.com\/?s={search_term_string}\"},\"query-input\":{\"@type\":\"PropertyValueSpecification\",\"valueRequired\":true,\"valueName\":\"search_term_string\"}}],\"inLanguage\":\"cs\"},{\"@type\":\"Organization\",\"@id\":\"https:\/\/pvpgrams.com\/#organization\",\"name\":\"PVP Grams\",\"url\":\"https:\/\/pvpgrams.com\/\",\"logo\":{\"@type\":\"ImageObject\",\"inLanguage\":\"cs\",\"@id\":\"https:\/\/pvpgrams.com\/#\/schema\/logo\/image\/\",\"url\":\"https:\/\/pvpgrams.com\/wp-content\/uploads\/2024\/10\/logo.png\",\"contentUrl\":\"https:\/\/pvpgrams.com\/wp-content\/uploads\/2024\/10\/logo.png\",\"width\":181,\"height\":41,\"caption\":\"PVP Grams\"},\"image\":{\"@id\":\"https:\/\/pvpgrams.com\/#\/schema\/logo\/image\/\"}}]}<\/script>\n<!-- \/ Yoast SEO plugin. -->","yoast_head_json":{"title":"Koupit 4-AcO-DMT online - 4-AcO-DMT pr\u00e1\u0161ek na prodej","description":"Najd\u011bte pr\u00e9miov\u00fd pr\u00e1\u0161ek 4 aco dmt na prodej v na\u0161em internetov\u00e9m obchod\u011b, kter\u00fd poskytuje bezpe\u010dnou platformu pro snadn\u00fd n\u00e1kup 4 aco dmt online a uspokojuje va\u0161e v\u00fdzkumn\u00e9 pot\u0159eby.","robots":{"index":"index","follow":"follow","max-snippet":"max-snippet:-1","max-image-preview":"max-image-preview:large","max-video-preview":"max-video-preview:-1"},"canonical":"https:\/\/pvpgrams.com\/cs\/product\/4-aco-dmt\/","og_locale":"cs_CZ","og_type":"article","og_title":"Buy 4-AcO-DMT Online - 4-AcO-DMT Powder for Sale","og_description":"Find premium 4 aco dmt powder for sale at our online store, providing a secure platform to buy 4 aco dmt online with ease, catering to your research needs.","og_url":"https:\/\/pvpgrams.com\/cs\/product\/4-aco-dmt\/","og_site_name":"PVP Grams","article_modified_time":"2025-10-30T08:07:29+00:00","og_image":[{"width":300,"height":300,"url":"https:\/\/pvpgrams.com\/wp-content\/uploads\/2024\/11\/DMT-Bestellen-2.jpg","type":"image\/jpeg"}],"twitter_card":"summary_large_image","twitter_misc":{"Odhadovan\u00e1 doba \u010dten\u00ed":"2 minuty"},"schema":{"@context":"https:\/\/schema.org","@graph":[{"@type":["WebPage","ItemPage"],"@id":"https:\/\/pvpgrams.com\/product\/4-aco-dmt\/","url":"https:\/\/pvpgrams.com\/product\/4-aco-dmt\/","name":"Koupit 4-AcO-DMT online - 4-AcO-DMT pr\u00e1\u0161ek na prodej","isPartOf":{"@id":"https:\/\/pvpgrams.com\/#website"},"primaryImageOfPage":{"@id":"https:\/\/pvpgrams.com\/product\/4-aco-dmt\/#primaryimage"},"image":{"@id":"https:\/\/pvpgrams.com\/product\/4-aco-dmt\/#primaryimage"},"thumbnailUrl":"https:\/\/pvpgrams.com\/wp-content\/uploads\/2024\/11\/DMT-Bestellen-2.jpg","datePublished":"2024-11-24T22:22:27+00:00","dateModified":"2025-10-30T08:07:29+00:00","description":"Najd\u011bte pr\u00e9miov\u00fd pr\u00e1\u0161ek 4 aco dmt na prodej v na\u0161em internetov\u00e9m obchod\u011b, kter\u00fd poskytuje bezpe\u010dnou platformu pro snadn\u00fd n\u00e1kup 4 aco dmt online a uspokojuje va\u0161e v\u00fdzkumn\u00e9 pot\u0159eby.","breadcrumb":{"@id":"https:\/\/pvpgrams.com\/product\/4-aco-dmt\/#breadcrumb"},"inLanguage":"cs","potentialAction":[{"@type":"ReadAction","target":["https:\/\/pvpgrams.com\/product\/4-aco-dmt\/"]}]},{"@type":"ImageObject","inLanguage":"cs","@id":"https:\/\/pvpgrams.com\/product\/4-aco-dmt\/#primaryimage","url":"https:\/\/pvpgrams.com\/wp-content\/uploads\/2024\/11\/DMT-Bestellen-2.jpg","contentUrl":"https:\/\/pvpgrams.com\/wp-content\/uploads\/2024\/11\/DMT-Bestellen-2.jpg","width":300,"height":300,"caption":"Buy 4-AcO-DMT Online"},{"@type":"BreadcrumbList","@id":"https:\/\/pvpgrams.com\/product\/4-aco-dmt\/#breadcrumb","itemListElement":[{"@type":"ListItem","position":1,"name":"Home","item":"https:\/\/pvpgrams.com\/"},{"@type":"ListItem","position":2,"name":"Shop","item":"https:\/\/pvpgrams.com\/shop\/"},{"@type":"ListItem","position":3,"name":"Buy 4-AcO-DMT Online"}]},{"@type":"WebSite","@id":"https:\/\/pvpgrams.com\/#website","url":"https:\/\/pvpgrams.com\/","name":"PVP gramy","description":"","publisher":{"@id":"https:\/\/pvpgrams.com\/#organization"},"potentialAction":[{"@type":"SearchAction","target":{"@type":"EntryPoint","urlTemplate":"https:\/\/pvpgrams.com\/?s={search_term_string}"},"query-input":{"@type":"PropertyValueSpecification","valueRequired":true,"valueName":"search_term_string"}}],"inLanguage":"cs"},{"@type":"Organization","@id":"https:\/\/pvpgrams.com\/#organization","name":"PVP gramy","url":"https:\/\/pvpgrams.com\/","logo":{"@type":"ImageObject","inLanguage":"cs","@id":"https:\/\/pvpgrams.com\/#\/schema\/logo\/image\/","url":"https:\/\/pvpgrams.com\/wp-content\/uploads\/2024\/10\/logo.png","contentUrl":"https:\/\/pvpgrams.com\/wp-content\/uploads\/2024\/10\/logo.png","width":181,"height":41,"caption":"PVP Grams"},"image":{"@id":"https:\/\/pvpgrams.com\/#\/schema\/logo\/image\/"}}]}},"_links":{"self":[{"href":"https:\/\/pvpgrams.com\/cs\/wp-json\/wp\/v2\/product\/1213","targetHints":{"allow":["GET"]}}],"collection":[{"href":"https:\/\/pvpgrams.com\/cs\/wp-json\/wp\/v2\/product"}],"about":[{"href":"https:\/\/pvpgrams.com\/cs\/wp-json\/wp\/v2\/types\/product"}],"replies":[{"embeddable":true,"href":"https:\/\/pvpgrams.com\/cs\/wp-json\/wp\/v2\/comments?post=1213"}],"wp:featuredmedia":[{"embeddable":true,"href":"https:\/\/pvpgrams.com\/cs\/wp-json\/wp\/v2\/media\/1214"}],"wp:attachment":[{"href":"https:\/\/pvpgrams.com\/cs\/wp-json\/wp\/v2\/media?parent=1213"}],"wp:term":[{"taxonomy":"product_brand","embeddable":true,"href":"https:\/\/pvpgrams.com\/cs\/wp-json\/wp\/v2\/product_brand?post=1213"},{"taxonomy":"product_cat","embeddable":true,"href":"https:\/\/pvpgrams.com\/cs\/wp-json\/wp\/v2\/product_cat?post=1213"},{"taxonomy":"product_tag","embeddable":true,"href":"https:\/\/pvpgrams.com\/cs\/wp-json\/wp\/v2\/product_tag?post=1213"}],"curies":[{"name":"wp","href":"https:\/\/api.w.org\/{rel}","templated":true}]}}