{"id":1224,"date":"2024-11-24T22:54:10","date_gmt":"2024-11-24T22:54:10","guid":{"rendered":"https:\/\/pvpgrams.com\/?post_type=product&#038;p=1224"},"modified":"2025-10-30T10:32:31","modified_gmt":"2025-10-30T10:32:31","slug":"6-apb","status":"publish","type":"product","link":"https:\/\/pvpgrams.com\/cs\/product\/6-apb\/","title":{"rendered":"Koupit 6-APB online"},"content":{"rendered":"<h2 data-start=\"117\" data-end=\"171\"><strong data-start=\"117\" data-end=\"169\">Kupte si 6-APB online od spolehliv\u00e9ho zdroje<\/strong><\/h2>\n<p data-start=\"173\" data-end=\"207\"><strong data-start=\"173\" data-end=\"205\">Koupit 6-APB online na Pvpgrams<\/strong><\/p>\n<p data-start=\"209\" data-end=\"659\"><a href=\"https:\/\/pvpgrams.com\/cs\/product\/6-apb\/\">6-APB (6-(2-Aminopropyl)benzofuran)<\/a> je syntetick\u00e1 slou\u010denina ze t\u0159\u00eddy benzofuranu. Ve v\u00fdzkumn\u00e9 komunit\u011b je dob\u0159e zn\u00e1m\u00e1 pro svou strukturn\u00ed podobnost s MDMA a MDA, co\u017e z n\u00ed \u010din\u00ed kl\u00ed\u010dovou slou\u010deninu pro studie interakce receptor\u016f a neurochemick\u00fdch drah. V Pvpgrams nab\u00edz\u00edme vysoce kvalitn\u00ed 6-APB pro v\u00fdzkumn\u00edky a profesion\u00e1ly, kte\u0159\u00ed si cht\u011bj\u00ed koupit 6-APB online, s bezpe\u010dn\u00fdmi transakcemi, diskr\u00e9tn\u00edm balen\u00edm a spolehliv\u00fdm doru\u010den\u00edm.<\/p>\n<h3 data-start=\"661\" data-end=\"697\">Aplikace a pou\u017eit\u00ed 6-APB<\/h3>\n<p data-start=\"699\" data-end=\"743\"><strong>V\u011bdeck\u00fd v\u00fdzkum a akademick\u00e9 studium<\/strong><\/p>\n<p data-start=\"745\" data-end=\"1002\"><a href=\"https:\/\/en.wikipedia.org\/wiki\/6-APB\">6-APB<\/a> se \u0161iroce pou\u017e\u00edv\u00e1 v neurov\u011bd\u00e1ch a farmakologick\u00e9m v\u00fdzkumu k prozkoum\u00e1n\u00ed jeho interakce se serotoninsk\u00fdmi a dopaminov\u00fdmi receptory. V\u00fdzkumn\u00edci nakupuj\u00ed 6-APB, aby studovali jeho strukturn\u00ed a funk\u010dn\u00ed vlastnosti v kontrolovan\u00e9m laboratorn\u00edm prost\u0159ed\u00ed.<\/p>\n<p data-start=\"1004\" data-end=\"1050\"><strong>Zkoum\u00e1n\u00ed dynamiky vazby receptor\u016f<\/strong><\/p>\n<p data-start=\"1052\" data-end=\"1298\">D\u00edky unik\u00e1tn\u00ed struktu\u0159e je tato slou\u010denina ide\u00e1ln\u00ed pro studium receptorov\u00e9 aktivity, zejm\u00e9na serotoninov\u00fdch drah a neurochemick\u00e9 modulace. Ti, kte\u0159\u00ed hledaj\u00ed 6-APB na prodej, ji shledaj\u00ed neoceniteln\u00fdm zdrojem pro v\u00fdzkum vazby na receptory.<\/p>\n<p data-start=\"1300\" data-end=\"1330\"><strong>Farmakologick\u00fd z\u00e1jem<\/strong><\/p>\n<p data-start=\"1332\" data-end=\"1576\">6-APB se \u010dasto pou\u017e\u00edv\u00e1 ve srovn\u00e1vac\u00edch studi\u00edch deriv\u00e1t\u016f benzofuranu k prozkoum\u00e1n\u00ed potenci\u00e1ln\u00edch aplikac\u00ed a jejich vlivu na receptorov\u00e9 syst\u00e9my. Objedn\u00e1n\u00edm 6-APB online si zajist\u00edte p\u0159\u00edstup k vysoce \u010dist\u00e9, laboratorn\u011b testovan\u00e9 v\u00fdzkumn\u00e9 chemik\u00e1lii.<\/p>\n<h3 data-start=\"1578\" data-end=\"1619\">Pro\u010d nakupovat 6-APB online od Pvpgrams?<\/h3>\n<p data-start=\"1621\" data-end=\"1746\">V Pvpgrams se zam\u011b\u0159ujeme na kvalitu, spolehlivost a spokojenost z\u00e1kazn\u00edk\u016f, co\u017e z n\u00e1s d\u011bl\u00e1 nejlep\u0161\u00ed m\u00edsto pro n\u00e1kup 6-APB online.<\/p>\n<p data-start=\"1748\" data-end=\"1772\"><strong data-start=\"1748\" data-end=\"1770\">Vysoce kvalitn\u00ed 6-APB<\/strong><\/p>\n<p data-start=\"1774\" data-end=\"1905\">N\u00e1\u0161 6-APB je laboratorn\u011b testov\u00e1n, aby byla zaru\u010dena jeho \u010distota a konzistence, a je tak vhodn\u00fd pro profesion\u00e1ln\u00ed, akademick\u00e9 a v\u00fdzkumn\u00e9 pou\u017eit\u00ed.<\/p>\n<p data-start=\"1907\" data-end=\"1945\"><strong data-start=\"1907\" data-end=\"1943\">Bezpe\u010dn\u00e9 a diskr\u00e9tn\u00ed transakce<\/strong><\/p>\n<p data-start=\"1947\" data-end=\"2061\">Valorizamos sua privacidade e garantimos que todos os pedidos de compra online da 6-APB sejam embalados discretamente e processados \u200b\u200bcom seguran\u00e7a.<\/p>\n<p data-start=\"2063\" data-end=\"2095\"><strong data-start=\"2063\" data-end=\"2093\">Rychl\u00e9 a spolehliv\u00e9 dod\u00e1n\u00ed<\/strong><\/p>\n<p data-start=\"2097\" data-end=\"2242\">Kdy\u017e si u n\u00e1s objedn\u00e1te 6-APB, na\u0161e logistick\u00e1 s\u00ed\u0165 v\u00e1m zaru\u010d\u00ed v\u010dasn\u00e9 dod\u00e1n\u00ed po cel\u00e9m sv\u011bt\u011b, co\u017e v\u00e1m umo\u017en\u00ed pokra\u010dovat ve va\u0161ich projektech bez prodlen\u00ed.<\/p>\n<p data-start=\"2244\" data-end=\"2268\"><strong data-start=\"2244\" data-end=\"2266\">Cenov\u011b dostupn\u00e9 ceny<\/strong><\/p>\n<p data-start=\"2270\" data-end=\"2410\">Nab\u00edz\u00edme konkurenceschopn\u00e9 cenov\u00e9 mo\u017enosti 6-APB bez kompromis\u016f v kvalit\u011b, co\u017e poskytuje vynikaj\u00edc\u00ed hodnotu pro v\u00fdzkumn\u00edky i kvalifikovan\u00e9 kupuj\u00edc\u00ed.<\/p>\n<h3 data-start=\"2412\" data-end=\"2436\">Kde koupit 6-APB<\/h3>\n<p data-start=\"2438\" data-end=\"2607\">Zaj\u00edm\u00e1 v\u00e1s, kde koupit 6-APB? Pvpgrams je d\u016fv\u011bryhodn\u00fd a spolehliv\u00fd dodavatel, kter\u00fd nab\u00edz\u00ed ov\u011b\u0159en\u00e9, vysoce \u010dist\u00e9 produkty a transparentn\u00ed dokumentaci pro v\u00fdzkumn\u00e9 \u00fa\u010dely.<\/p>\n<h3 data-start=\"2609\" data-end=\"2637\">Koupit 6-APB online je\u0161t\u011b dnes<\/h3>\n<p data-start=\"2639\" data-end=\"2984\">Hled\u00e1te spolehliv\u00fd zdroj 6-APB k prodeji? V Pvpgrams nab\u00edz\u00edme prvot\u0159\u00eddn\u00ed 6-APB s bezpe\u010dn\u00fdm online n\u00e1kupem, rychl\u00fdm doru\u010den\u00edm a v\u00fdjime\u010dnou z\u00e1kaznickou podporou. A\u0165 u\u017e se jedn\u00e1 o v\u00fdzkum nebo analytickou studii, kupte si 6-APB online je\u0161t\u011b dnes a za\u017eijte pohodl\u00ed, bezpe\u010dnost a spolehlivost spolupr\u00e1ce s d\u016fv\u011bryhodn\u00fdm dodavatelem.<\/p>","protected":false},"excerpt":{"rendered":"<p><strong>5-MeO-DMT (5-Methoxy-N,N-dimethyltryptamin)<\/strong> je p\u0159irozen\u011b se vyskytuj\u00edc\u00ed tryptaminov\u00e1 slou\u010denina, kter\u00e1 je zn\u00e1m\u00e1 sv\u00fdmi \u00fa\u010dinky. <strong>psychedelick\u00e9 a entheogenn\u00ed \u00fa\u010dinky<\/strong>. Vyskytuje se v rostlin\u00e1ch a n\u011bkter\u00fdch druz\u00edch \u017eivo\u010dich\u016f a je hojn\u011b studov\u00e1n v. <strong>neurov\u011bdy<\/strong>, <strong>psychedelick\u00fd v\u00fdzkum<\/strong>a <strong>chemick\u00e1 anal\u00fdza<\/strong>. Ve spole\u010dnosti Factoryson poskytujeme <strong>vysoce \u010dist\u00fd 5-MeO-DMT<\/strong> pro <strong>v\u00fdzkum a pr\u016fmyslov\u00e9 aplikace<\/strong>, co\u017e zaji\u0161\u0165uje prvot\u0159\u00eddn\u00ed kvalitu a bezpe\u010dn\u00e9 dod\u00e1n\u00ed.<\/p>\n<h3><strong>Jak 5-MeO-DMT funguje<\/strong><\/h3>\n<p>5-MeO-DMT p\u016fsob\u00ed p\u0159edev\u0161\u00edm jako <strong>agonista<\/strong> na adrese <strong>Serotoninov\u00e9 receptory 5-HT1A a 5-HT2A<\/strong>, co\u017e vede k hlubok\u00fdm zm\u011bn\u00e1m ve vn\u00edm\u00e1n\u00ed, n\u00e1lad\u011b a pozn\u00e1v\u00e1n\u00ed. Jeho rychl\u00fd n\u00e1stup a intenzivn\u00ed \u00fa\u010dinky z n\u011bj \u010din\u00ed cennou slou\u010deninu pro studium <strong>v\u011bdom\u00ed<\/strong> a <strong>interakce neurotransmiter\u016f<\/strong>.<\/p>\n<h3><strong>Vzorec v\u00fdrobku<\/strong><\/h3>\n<ul>\n<li><strong>Chemick\u00fd n\u00e1zev<\/strong>: 5-Methoxy-N,N-dimethyltryptamin<\/li>\n<li><strong>Molekul\u00e1rn\u00ed vzorec<\/strong>: C13H18N2O<\/li>\n<li><strong>Mol\u00e1rn\u00ed hmotnost<\/strong>: 218,3 g\/mol<\/li>\n<\/ul>","protected":false},"featured_media":1429,"comment_status":"open","ping_status":"closed","template":"","meta":{"_kadence_starter_templates_imported_post":false,"_kad_post_transparent":"default","_kad_post_title":"","_kad_post_layout":"default","_kad_post_sidebar_id":"","_kad_post_content_style":"default","_kad_post_vertical_padding":"default","_kad_post_feature":"","_kad_post_feature_position":"","_kad_post_header":false,"_kad_post_footer":false,"_joinchat":[]},"product_brand":[],"product_cat":[51,53,54,56,58],"product_tag":[],"class_list":{"0":"post-1224","1":"product","2":"type-product","3":"status-publish","4":"has-post-thumbnail","6":"product_cat-2cb","7":"product_cat-4-aco-dmt","8":"product_cat-4-mmc","9":"product_cat-6-apb","10":"product_cat-dmt","12":"first","13":"instock","14":"shipping-taxable","15":"purchasable","16":"product-type-variable","17":"entry","18":"content-bg","19":"loop-entry"},"yoast_head":"<!-- This site is optimized with the Yoast SEO plugin v26.5 - https:\/\/yoast.com\/wordpress\/plugins\/seo\/ -->\n<title>6-APB for Sale - Buy 6-APB Powder Online | PVP Grams<\/title>\n<meta name=\"description\" content=\"Get 6-apb for sale at one of the best online stores pvpgrams. We will help you buy 6-apb online of high quality. Don&#039;t delay to place your order and take advantage of the newest discounts!\" \/>\n<meta name=\"robots\" content=\"index, follow, max-snippet:-1, max-image-preview:large, max-video-preview:-1\" \/>\n<link rel=\"canonical\" href=\"https:\/\/pvpgrams.com\/cs\/product\/6-apb\/\" \/>\n<meta property=\"og:locale\" content=\"cs_CZ\" \/>\n<meta property=\"og:type\" content=\"article\" \/>\n<meta property=\"og:title\" content=\"6-APB for Sale - Buy 6-APB Powder Online | PVP Grams\" \/>\n<meta property=\"og:description\" content=\"Get 6-apb for sale at one of the best online stores pvpgrams. We will help you buy 6-apb online of high quality. Don&#039;t delay to place your order and take advantage of the newest discounts!\" \/>\n<meta property=\"og:url\" content=\"https:\/\/pvpgrams.com\/cs\/product\/6-apb\/\" \/>\n<meta property=\"og:site_name\" content=\"PVP Grams\" \/>\n<meta property=\"article:modified_time\" content=\"2025-10-30T10:32:31+00:00\" \/>\n<meta property=\"og:image\" content=\"https:\/\/pvpgrams.com\/wp-content\/uploads\/2024\/11\/Buy-6-APB-Online.jpg\" \/>\n\t<meta property=\"og:image:width\" content=\"600\" \/>\n\t<meta property=\"og:image:height\" content=\"600\" \/>\n\t<meta property=\"og:image:type\" content=\"image\/jpeg\" \/>\n<meta name=\"twitter:card\" content=\"summary_large_image\" \/>\n<meta name=\"twitter:label1\" content=\"Odhadovan\u00e1 doba \u010dten\u00ed\" \/>\n\t<meta name=\"twitter:data1\" content=\"2 minuty\" \/>\n<script type=\"application\/ld+json\" class=\"yoast-schema-graph\">{\"@context\":\"https:\/\/schema.org\",\"@graph\":[{\"@type\":[\"WebPage\",\"ItemPage\"],\"@id\":\"https:\/\/pvpgrams.com\/product\/6-apb\/\",\"url\":\"https:\/\/pvpgrams.com\/product\/6-apb\/\",\"name\":\"6-APB for Sale - Buy 6-APB Powder Online | PVP Grams\",\"isPartOf\":{\"@id\":\"https:\/\/pvpgrams.com\/#website\"},\"primaryImageOfPage\":{\"@id\":\"https:\/\/pvpgrams.com\/product\/6-apb\/#primaryimage\"},\"image\":{\"@id\":\"https:\/\/pvpgrams.com\/product\/6-apb\/#primaryimage\"},\"thumbnailUrl\":\"https:\/\/pvpgrams.com\/wp-content\/uploads\/2024\/11\/Buy-6-APB-Online.jpg\",\"datePublished\":\"2024-11-24T22:54:10+00:00\",\"dateModified\":\"2025-10-30T10:32:31+00:00\",\"description\":\"Get 6-apb for sale at one of the best online stores pvpgrams. We will help you buy 6-apb online of high quality. Don't delay to place your order and take advantage of the newest discounts!\",\"breadcrumb\":{\"@id\":\"https:\/\/pvpgrams.com\/product\/6-apb\/#breadcrumb\"},\"inLanguage\":\"cs\",\"potentialAction\":[{\"@type\":\"ReadAction\",\"target\":[\"https:\/\/pvpgrams.com\/product\/6-apb\/\"]}]},{\"@type\":\"ImageObject\",\"inLanguage\":\"cs\",\"@id\":\"https:\/\/pvpgrams.com\/product\/6-apb\/#primaryimage\",\"url\":\"https:\/\/pvpgrams.com\/wp-content\/uploads\/2024\/11\/Buy-6-APB-Online.jpg\",\"contentUrl\":\"https:\/\/pvpgrams.com\/wp-content\/uploads\/2024\/11\/Buy-6-APB-Online.jpg\",\"width\":600,\"height\":600,\"caption\":\"Buy-6-APB-Online\"},{\"@type\":\"BreadcrumbList\",\"@id\":\"https:\/\/pvpgrams.com\/product\/6-apb\/#breadcrumb\",\"itemListElement\":[{\"@type\":\"ListItem\",\"position\":1,\"name\":\"Home\",\"item\":\"https:\/\/pvpgrams.com\/\"},{\"@type\":\"ListItem\",\"position\":2,\"name\":\"Shop\",\"item\":\"https:\/\/pvpgrams.com\/shop\/\"},{\"@type\":\"ListItem\",\"position\":3,\"name\":\"Buy 6-APB Online\"}]},{\"@type\":\"WebSite\",\"@id\":\"https:\/\/pvpgrams.com\/#website\",\"url\":\"https:\/\/pvpgrams.com\/\",\"name\":\"PVP Grams\",\"description\":\"\",\"publisher\":{\"@id\":\"https:\/\/pvpgrams.com\/#organization\"},\"potentialAction\":[{\"@type\":\"SearchAction\",\"target\":{\"@type\":\"EntryPoint\",\"urlTemplate\":\"https:\/\/pvpgrams.com\/?s={search_term_string}\"},\"query-input\":{\"@type\":\"PropertyValueSpecification\",\"valueRequired\":true,\"valueName\":\"search_term_string\"}}],\"inLanguage\":\"cs\"},{\"@type\":\"Organization\",\"@id\":\"https:\/\/pvpgrams.com\/#organization\",\"name\":\"PVP Grams\",\"url\":\"https:\/\/pvpgrams.com\/\",\"logo\":{\"@type\":\"ImageObject\",\"inLanguage\":\"cs\",\"@id\":\"https:\/\/pvpgrams.com\/#\/schema\/logo\/image\/\",\"url\":\"https:\/\/pvpgrams.com\/wp-content\/uploads\/2024\/10\/logo.png\",\"contentUrl\":\"https:\/\/pvpgrams.com\/wp-content\/uploads\/2024\/10\/logo.png\",\"width\":181,\"height\":41,\"caption\":\"PVP Grams\"},\"image\":{\"@id\":\"https:\/\/pvpgrams.com\/#\/schema\/logo\/image\/\"}}]}<\/script>\n<!-- \/ Yoast SEO plugin. -->","yoast_head_json":{"title":"6-APB na prodej - koupit 6-APB pr\u00e1\u0161ek online | PVP gramy","description":"Po\u0159i\u010fte si 6-apb na prodej v jednom z nejlep\u0161\u00edch online obchod\u016f pvpgrams. Pom\u016f\u017eeme v\u00e1m koupit 6-apb online ve vysok\u00e9 kvalit\u011b. Neot\u00e1lejte s objedn\u00e1vkou a vyu\u017eijte nejnov\u011bj\u0161\u00ed slevy!","robots":{"index":"index","follow":"follow","max-snippet":"max-snippet:-1","max-image-preview":"max-image-preview:large","max-video-preview":"max-video-preview:-1"},"canonical":"https:\/\/pvpgrams.com\/cs\/product\/6-apb\/","og_locale":"cs_CZ","og_type":"article","og_title":"6-APB for Sale - Buy 6-APB Powder Online | PVP Grams","og_description":"Get 6-apb for sale at one of the best online stores pvpgrams. We will help you buy 6-apb online of high quality. Don't delay to place your order and take advantage of the newest discounts!","og_url":"https:\/\/pvpgrams.com\/cs\/product\/6-apb\/","og_site_name":"PVP Grams","article_modified_time":"2025-10-30T10:32:31+00:00","og_image":[{"width":600,"height":600,"url":"https:\/\/pvpgrams.com\/wp-content\/uploads\/2024\/11\/Buy-6-APB-Online.jpg","type":"image\/jpeg"}],"twitter_card":"summary_large_image","twitter_misc":{"Odhadovan\u00e1 doba \u010dten\u00ed":"2 minuty"},"schema":{"@context":"https:\/\/schema.org","@graph":[{"@type":["WebPage","ItemPage"],"@id":"https:\/\/pvpgrams.com\/product\/6-apb\/","url":"https:\/\/pvpgrams.com\/product\/6-apb\/","name":"6-APB na prodej - koupit 6-APB pr\u00e1\u0161ek online | PVP gramy","isPartOf":{"@id":"https:\/\/pvpgrams.com\/#website"},"primaryImageOfPage":{"@id":"https:\/\/pvpgrams.com\/product\/6-apb\/#primaryimage"},"image":{"@id":"https:\/\/pvpgrams.com\/product\/6-apb\/#primaryimage"},"thumbnailUrl":"https:\/\/pvpgrams.com\/wp-content\/uploads\/2024\/11\/Buy-6-APB-Online.jpg","datePublished":"2024-11-24T22:54:10+00:00","dateModified":"2025-10-30T10:32:31+00:00","description":"Po\u0159i\u010fte si 6-apb na prodej v jednom z nejlep\u0161\u00edch online obchod\u016f pvpgrams. Pom\u016f\u017eeme v\u00e1m koupit 6-apb online ve vysok\u00e9 kvalit\u011b. Neot\u00e1lejte s objedn\u00e1vkou a vyu\u017eijte nejnov\u011bj\u0161\u00ed slevy!","breadcrumb":{"@id":"https:\/\/pvpgrams.com\/product\/6-apb\/#breadcrumb"},"inLanguage":"cs","potentialAction":[{"@type":"ReadAction","target":["https:\/\/pvpgrams.com\/product\/6-apb\/"]}]},{"@type":"ImageObject","inLanguage":"cs","@id":"https:\/\/pvpgrams.com\/product\/6-apb\/#primaryimage","url":"https:\/\/pvpgrams.com\/wp-content\/uploads\/2024\/11\/Buy-6-APB-Online.jpg","contentUrl":"https:\/\/pvpgrams.com\/wp-content\/uploads\/2024\/11\/Buy-6-APB-Online.jpg","width":600,"height":600,"caption":"Buy-6-APB-Online"},{"@type":"BreadcrumbList","@id":"https:\/\/pvpgrams.com\/product\/6-apb\/#breadcrumb","itemListElement":[{"@type":"ListItem","position":1,"name":"Home","item":"https:\/\/pvpgrams.com\/"},{"@type":"ListItem","position":2,"name":"Shop","item":"https:\/\/pvpgrams.com\/shop\/"},{"@type":"ListItem","position":3,"name":"Buy 6-APB Online"}]},{"@type":"WebSite","@id":"https:\/\/pvpgrams.com\/#website","url":"https:\/\/pvpgrams.com\/","name":"PVP gramy","description":"","publisher":{"@id":"https:\/\/pvpgrams.com\/#organization"},"potentialAction":[{"@type":"SearchAction","target":{"@type":"EntryPoint","urlTemplate":"https:\/\/pvpgrams.com\/?s={search_term_string}"},"query-input":{"@type":"PropertyValueSpecification","valueRequired":true,"valueName":"search_term_string"}}],"inLanguage":"cs"},{"@type":"Organization","@id":"https:\/\/pvpgrams.com\/#organization","name":"PVP gramy","url":"https:\/\/pvpgrams.com\/","logo":{"@type":"ImageObject","inLanguage":"cs","@id":"https:\/\/pvpgrams.com\/#\/schema\/logo\/image\/","url":"https:\/\/pvpgrams.com\/wp-content\/uploads\/2024\/10\/logo.png","contentUrl":"https:\/\/pvpgrams.com\/wp-content\/uploads\/2024\/10\/logo.png","width":181,"height":41,"caption":"PVP Grams"},"image":{"@id":"https:\/\/pvpgrams.com\/#\/schema\/logo\/image\/"}}]}},"_links":{"self":[{"href":"https:\/\/pvpgrams.com\/cs\/wp-json\/wp\/v2\/product\/1224","targetHints":{"allow":["GET"]}}],"collection":[{"href":"https:\/\/pvpgrams.com\/cs\/wp-json\/wp\/v2\/product"}],"about":[{"href":"https:\/\/pvpgrams.com\/cs\/wp-json\/wp\/v2\/types\/product"}],"replies":[{"embeddable":true,"href":"https:\/\/pvpgrams.com\/cs\/wp-json\/wp\/v2\/comments?post=1224"}],"wp:featuredmedia":[{"embeddable":true,"href":"https:\/\/pvpgrams.com\/cs\/wp-json\/wp\/v2\/media\/1429"}],"wp:attachment":[{"href":"https:\/\/pvpgrams.com\/cs\/wp-json\/wp\/v2\/media?parent=1224"}],"wp:term":[{"taxonomy":"product_brand","embeddable":true,"href":"https:\/\/pvpgrams.com\/cs\/wp-json\/wp\/v2\/product_brand?post=1224"},{"taxonomy":"product_cat","embeddable":true,"href":"https:\/\/pvpgrams.com\/cs\/wp-json\/wp\/v2\/product_cat?post=1224"},{"taxonomy":"product_tag","embeddable":true,"href":"https:\/\/pvpgrams.com\/cs\/wp-json\/wp\/v2\/product_tag?post=1224"}],"curies":[{"name":"wp","href":"https:\/\/api.w.org\/{rel}","templated":true}]}}