{"id":1505,"date":"2025-05-15T09:39:56","date_gmt":"2025-05-15T09:39:56","guid":{"rendered":"https:\/\/pvpgrams.com\/?post_type=product&#038;p=1505"},"modified":"2026-02-24T13:54:37","modified_gmt":"2026-02-24T13:54:37","slug":"2c-e-2c-p-2c-c-2c-t-2-2c-b-hcl-prasek","status":"publish","type":"product","link":"https:\/\/pvpgrams.com\/cs\/product\/2c-e-2c-p-2c-c-2c-t-2-2c-b-hcl-prasek\/","title":{"rendered":"Koupit 2C-E, 2C-P, 2C-C, 2C-T-2, 2C-B\/ Hcl pr\u00e1\u0161ek online"},"content":{"rendered":"<h2 data-start=\"118\" data-end=\"212\"><strong data-start=\"118\" data-end=\"210\">Kupte si pr\u00e1\u0161ek HCl 2C-E, 2C-P, 2C-C, 2C-T-2 a 2C-B online od spolehliv\u00e9ho zdroje v\u00fdzkumu<\/strong><\/h2>\n<p data-start=\"214\" data-end=\"320\">Kupte si 2C-E, 2C-P, 2C-C, 2C-T-2, 2C-B HCl pr\u00e1\u0161ek online \u2013 pr\u00e9miov\u00e9 v\u00fdzkumn\u00e9 chemik\u00e1lie, laboratorn\u011b testovan\u00e1 \u010distota<\/p>\n<p data-start=\"322\" data-end=\"643\">Prozkoumejte d\u016fv\u011bryhodn\u00fd zdroj <a href=\"https:\/\/pvpgrams.com\/cs\/product\/2c-e-2c-p-2c-c-2c-t-2-2c-b-hcl-prasek\/\">koupit online pr\u00e1\u0161ek HCl 2C-E, 2C-P, 2C-C, 2C-T-2 a 2C-B<\/a>ur\u010den\u00e9 v\u00fdhradn\u011b pro v\u011bdeck\u00e9 a v\u00fdzkumn\u00e9 \u00fa\u010dely. Na\u0161e kolekce slou\u010denin \u0159ady 2C nab\u00edz\u00ed vysoce \u010di\u0161t\u011bn\u00e9, laboratorn\u011b testovan\u00e9 pr\u00e1\u0161ky, kter\u00e9 umo\u017e\u0148uj\u00ed pokro\u010dil\u00e9 neurochemick\u00e9 studie a studie vazby na receptory s jistotou a p\u0159esnost\u00ed.<\/p>\n<h3 data-start=\"645\" data-end=\"707\">Co jsou pr\u00e1\u0161ky HCl 2C-E, 2C-P, 2C-C, 2C-T-2 a 2C-B?<\/h3>\n<p data-start=\"709\" data-end=\"891\">Na str\u00e1nk\u00e1ch <a href=\"https:\/\/en.wikipedia.org\/wiki\/2C-E\">2C<\/a> Rodina deriv\u00e1t\u016f fenethylaminu je kl\u00ed\u010dov\u00e1 v psychofarmakologii a v\u00fdzkumu receptor\u016f. Ka\u017ed\u00e1 slou\u010denina se vyzna\u010duje jedine\u010dn\u00fdmi molekul\u00e1rn\u00edmi strukturami a farmakologick\u00fdmi profily:<\/p>\n<ul data-start=\"893\" data-end=\"1418\">\n<li data-start=\"893\" data-end=\"994\">\n<p data-start=\"895\" data-end=\"994\">2C-E HCl: Zn\u00e1m\u00fd pro svou \u00fa\u010dinnost a u\u017eite\u010dnost ve studi\u00edch vztahu struktura-aktivita (SAR).<\/p>\n<\/li>\n<li data-start=\"995\" data-end=\"1100\">\n<p data-start=\"997\" data-end=\"1100\">2C-P HCl: Vyzna\u010duje se del\u0161\u00edm \u00fa\u010dinkem, ide\u00e1ln\u00ed pro v\u00fdzkum interakc\u00ed s receptory s del\u0161\u00edm \u00fa\u010dinkem.<\/p>\n<\/li>\n<li data-start=\"1101\" data-end=\"1198\">\n<p data-start=\"1103\" data-end=\"1198\">2C-C HCl: Nab\u00edz\u00ed m\u00edrn\u00e9 \u00fa\u010dinky, \u010dasto pou\u017e\u00edvan\u00e9 v komparativn\u00edch neurochemick\u00fdch anal\u00fdz\u00e1ch.<\/p>\n<\/li>\n<li data-start=\"1199\" data-end=\"1308\">\n<p data-start=\"1201\" data-end=\"1308\">2C-T-2 HCl: Sirou substituovan\u00fd analog, cenn\u00fd pro zkoum\u00e1n\u00ed vlivu s\u00edry na afinitu receptoru.<\/p>\n<\/li>\n<li data-start=\"1309\" data-end=\"1418\">\n<p data-start=\"1311\" data-end=\"1418\">2C-B HCl: Referen\u010dn\u00ed slou\u010denina v \u0159ad\u011b 2C, \u0161iroce studovan\u00e1 pro sv\u00e9 psychostimula\u010dn\u00ed vlastnosti.<\/p>\n<\/li>\n<\/ul>\n<p data-start=\"1420\" data-end=\"1682\">Todos os produtos s\u00e3o fornecidos na forma de sal de HCl, aumentando a estabilidade, a solubilidade e a facilidade de manuseio em ambientes laboratoriais. Pesquisadores que buscam HCl em p\u00f3 2C-E, 2C-P, 2C-C, 2C-T-2 e 2C-B para venda encontrar\u00e3o acesso confi\u00e1vel por meio de nossa plataforma.<\/p>\n<h3 data-start=\"1684\" data-end=\"1759\">Pro\u010d si koupit pr\u00e1\u0161ek HCl 2C-E, 2C-P, 2C-C, 2C-T-2 a 2C-B online od n\u00e1s?<\/h3>\n<p data-start=\"1761\" data-end=\"1831\">Na\u0161e pr\u00e1\u0161ky jsou vyr\u00e1b\u011bny a z\u00edsk\u00e1v\u00e1ny podle nejvy\u0161\u0161\u00edch standard\u016f:<\/p>\n<ul data-start=\"1833\" data-end=\"2373\">\n<li data-start=\"1833\" data-end=\"1929\">\n<p data-start=\"1835\" data-end=\"1929\">\u010cistota testovan\u00e1 nez\u00e1vislou laborato\u0159\u00ed s certifik\u00e1ty anal\u00fdzy (COA) zaru\u010duj\u00edc\u00ed \u010distotu \u226598 %.<\/p>\n<\/li>\n<li data-start=\"1930\" data-end=\"2011\">\n<p data-start=\"1932\" data-end=\"2011\">Transparentn\u00ed z\u00edsk\u00e1v\u00e1n\u00ed zdroj\u016f s kompletn\u00ed dokumentac\u00ed pro shodu s v\u00fdzkumn\u00fdmi p\u0159edpisy.<\/p>\n<\/li>\n<li data-start=\"2012\" data-end=\"2153\">\n<p data-start=\"2014\" data-end=\"2153\">Konkurenceschopn\u00e9 ceny bez kompromis\u016f v kvalit\u011b \u2013 nab\u00edz\u00edme jedny z nejlep\u0161\u00edch cen pr\u00e1\u0161kov\u00fdch HCl produkt\u016f 2C-E, 2C-P, 2C-C, 2C-T-2 a 2C-B.<\/p>\n<\/li>\n<li data-start=\"2154\" data-end=\"2290\">\n<p data-start=\"2156\" data-end=\"2290\">Rychl\u00e9 a diskr\u00e9tn\u00ed dod\u00e1n\u00ed po cel\u00e9m sv\u011bt\u011b s bezpe\u010dn\u00fdm balen\u00edm pro ochranu va\u0161\u00ed objedn\u00e1vky. Pr\u00e1\u0161ek HCl 2C-E, 2C-P, 2C-C, 2C-T-2 a 2C-B.<\/p>\n<\/li>\n<\/ul>\n<p data-start=\"2375\" data-end=\"2533\">Jsme nejlep\u0161\u00edm m\u00edstem pro n\u00e1kup pr\u00e1\u0161ku HCl 2C-E, 2C-P, 2C-C, 2C-T-2 a 2C-B online d\u00edky na\u0161emu z\u00e1vazku ke kvalit\u011b, legalit\u011b a spokojenosti z\u00e1kazn\u00edk\u016f.<\/p>\n<h3 data-start=\"2535\" data-end=\"2582\">Pr\u00e1vn\u00ed status a odpov\u011bdn\u00e9 vyu\u017eit\u00ed v\u00fdzkumn\u00fdch materi\u00e1l\u016f<\/h3>\n<p data-start=\"2584\" data-end=\"2930\">Pr\u00e1vn\u00ed status slou\u010denin \u0159ady 2C se li\u0161\u00ed v z\u00e1vislosti na zemi \u2013 p\u0159ed n\u00e1kupem si v\u017edy ov\u011b\u0159te m\u00edstn\u00ed p\u0159edpisy. Na\u0161e pr\u00e1\u0161ky se prod\u00e1vaj\u00ed v\u00fdhradn\u011b pro laboratorn\u00ed a v\u00fdzkumn\u00e9 \u00fa\u010dely a nejsou ur\u010deny k lidsk\u00e9 spot\u0159eb\u011b. Dodr\u017eujeme p\u0159\u00edsn\u00e9 z\u00e1kony o pou\u017eit\u00ed pouze pro v\u00fdzkumn\u00e9 \u00fa\u010dely ve v\u0161ech regionech, v\u010detn\u011b USA, Velk\u00e9 Brit\u00e1nie, EU, Kanady a Austr\u00e1lie.<\/p>\n<h3 data-start=\"2932\" data-end=\"3011\">Jak bezpe\u010dn\u011b objednat pr\u00e1\u0161ky HCl 2C-E, 2C-P, 2C-C, 2C-T-2 a 2C-B online<\/h3>\n<p data-start=\"3013\" data-end=\"3055\">Objedn\u00e1v\u00e1n\u00ed u n\u00e1s je bezprobl\u00e9mov\u00e9 a bezpe\u010dn\u00e9:<\/p>\n<ol data-start=\"3057\" data-end=\"3332\">\n<li data-start=\"3057\" data-end=\"3107\">\n<p data-start=\"3060\" data-end=\"3107\">Vyberte po\u017eadovanou slou\u010deninu (slou\u010deniny) a mno\u017estv\u00ed.<\/p>\n<\/li>\n<li data-start=\"3108\" data-end=\"3172\">\n<p data-start=\"3111\" data-end=\"3172\">V p\u0159\u00edpad\u011b pot\u0159eby poskytn\u011bte nezbytn\u00e9 ov\u011b\u0159en\u00ed vyu\u017eit\u00ed v\u00fdzkumu.<\/p>\n<\/li>\n<li data-start=\"3173\" data-end=\"3255\">\n<p data-start=\"3176\" data-end=\"3255\">Vyberte si zp\u016fsob platby \u2013 akceptujeme hlavn\u00ed zabezpe\u010den\u00e9 mo\u017enosti, kter\u00e9 zaji\u0161\u0165uj\u00ed soukrom\u00ed.<\/p>\n<\/li>\n<li data-start=\"3256\" data-end=\"3332\">\n<p data-start=\"3259\" data-end=\"3332\">Z\u00edskejte diskr\u00e9tn\u00ed a rychl\u00e9 doru\u010den\u00ed se sledov\u00e1n\u00edm z\u00e1silky a bezpe\u010dnostn\u00ed dokumentac\u00ed.<\/p>\n<\/li>\n<\/ol>\n<h3 data-start=\"3334\" data-end=\"3350\">Z\u00e1v\u011br<\/h3>\n<p data-start=\"3352\" data-end=\"3670\">Kdy\u017e si online na na\u0161\u00ed d\u016fv\u011bryhodn\u00e9 platform\u011b koup\u00edte pr\u00e1\u0161ek HCl 2C-E, 2C-P, 2C-C, 2C-T-2 a 2C-B, z\u00edsk\u00e1te p\u0159\u00edstup k prvot\u0159\u00eddn\u00edm, laboratorn\u011b testovan\u00fdm slou\u010denin\u00e1m ur\u010den\u00fdm pro podporu \u0161pi\u010dkov\u00e9ho v\u00fdzkumu. Up\u0159ednost\u0148ujte dodr\u017eov\u00e1n\u00ed pr\u00e1vn\u00edch p\u0159edpis\u016f, zaji\u0161t\u011bn\u00ed kvality a zodpov\u011bdn\u00e9 z\u00edsk\u00e1v\u00e1n\u00ed zdroj\u016f, abyste s jistotou mohli sv\u00e9 v\u011bdeck\u00e9 projekty rozv\u00edjet.<\/p>","protected":false},"excerpt":{"rendered":"<p>Kupte si 2C-E, 2C-P, 2C-C, 2C-T-2 a 2C-B HCl pr\u00e1\u0161ek online od spolehliv\u00e9ho v\u00fdzkumn\u00e9ho zdroje Kupte si 2C-E, 2C-P, 2C-C, 2C-T-2, 2C-B HCl pr\u00e1\u0161ek online \u2013 Pr\u00e9miov\u00e9 v\u00fdzkumn\u00e9 chemik\u00e1lie, laboratorn\u011b testovan\u00e1 \u010distota Objevte d\u016fv\u011bryhodn\u00fd zdroj, kde m\u016f\u017eete online zakoupit pr\u00e1\u0161ek 2C-E, 2C-P, 2C-C, 2C-T-2 a 2C-B HCl, ur\u010den\u00fd v\u00fdhradn\u011b pro v\u011bdeck\u00e9 a v\u00fdzkumn\u00e9 \u00fa\u010dely. Na\u0161e kolekce slou\u010denin \u0159ady 2C nab\u00edz\u00ed vysoce \u010dist\u00e9, laboratorn\u011b ov\u011b\u0159en\u00e9 pr\u00e1\u0161ky, kter\u00e9 umo\u017e\u0148uj\u00ed pokro\u010dil\u00e9 neurochemick\u00e9 a receptorov\u00e9 vazebn\u00e9 studie s jistotou a p\u0159esnost\u00ed. Co jsou pr\u00e1\u0161ky 2C-E, 2C-P, 2C-C, 2C-T-2 a 2C-B HCl? Rodina deriv\u00e1t\u016f fenethylaminu 2C je kl\u00ed\u010dov\u00e1 v psychofarmakologii a v\u00fdzkumu receptor\u016f. Ka\u017ed\u00e1 slou\u010denina m\u00e1 jedine\u010dn\u00e9 molekul\u00e1rn\u00ed struktury a farmakologick\u00e9 profily: 2C-E HCl: Zn\u00e1m\u00fd pro svou \u00fa\u010dinnost a u\u017eite\u010dnost ve studi\u00edch vztahu struktura-aktivita (SAR). 2C-P HCl: Vyzna\u010duje se del\u0161\u00edm trv\u00e1n\u00edm, ide\u00e1ln\u00ed pro dlouhodob\u00fd v\u00fdzkum interakce receptor\u016f. 2C-C HCl: Nab\u00edz\u00ed m\u00edrn\u00e9 \u00fa\u010dinky, \u010dasto se pou\u017e\u00edv\u00e1 v komparativn\u00edch neurochemick\u00fdch anal\u00fdz\u00e1ch. 2C-T-2 HCl: analog substituovan\u00fd s\u00edrou, cenn\u00fd pro zkoum\u00e1n\u00ed vlivu s\u00edry na afinitu receptor\u016f. 2C-B HCl: referen\u010dn\u00ed slou\u010denina v \u0159ad\u011b 2C, \u0161iroce studovan\u00e1 pro sv\u00e9 psychostimula\u010dn\u00ed vlastnosti. V\u0161echny produkty jsou dod\u00e1v\u00e1ny ve form\u011b soli HCl, co\u017e zvy\u0161uje stabilitu, rozpustnost a snadnou manipulaci v laboratorn\u00edm prost\u0159ed\u00ed. V\u00fdzkumn\u00edci, kte\u0159\u00ed hledaj\u00ed pr\u00e1\u0161ek 2C-E, 2C-P, 2C-C, 2C-T-2 a 2C-B HCl na prodej, najdou spolehliv\u00fd p\u0159\u00edstup prost\u0159ednictv\u00edm na\u0161\u00ed platformy. Pro\u010d nakupovat pr\u00e1\u0161ek 2C-E, 2C-P, 2C-C, 2C-T-2 a 2C-B HCl online u n\u00e1s? Na\u0161e pr\u00e1\u0161ky jsou vyr\u00e1b\u011bny a dod\u00e1v\u00e1ny podle nejvy\u0161\u0161\u00edch standard\u016f: \u010cistota testovan\u00e1 nez\u00e1vislou laborato\u0159\u00ed s certifik\u00e1ty anal\u00fdzy (COA) zaji\u0161\u0165uj\u00edc\u00ed \u010distotu \u226598%. Transparentn\u00ed sourcing s kompletn\u00ed dokumentac\u00ed pro dodr\u017eov\u00e1n\u00ed v\u00fdzkumn\u00fdch p\u0159edpis\u016f. Konkurenceschopn\u00e9 ceny bez kompromis\u016f v kvalit\u011b \u2013 nab\u00edz\u00edme jedny z nejlep\u0161\u00edch cen pr\u00e1\u0161ku 2C-E, 2C-P, 2C-C, 2C-T-2 a 2C-B HCl. Rychl\u00e1 a diskr\u00e9tn\u00ed doprava po cel\u00e9m sv\u011bt\u011b s bezpe\u010dn\u00fdm balen\u00edm, kter\u00e9 chr\u00e1n\u00ed va\u0161i objedn\u00e1vku pr\u00e1\u0161ku 2C-E, 2C-P, 2C-C, 2C-T-2 a 2C-B HCl. Jsme nejlep\u0161\u00edm m\u00edstem pro online n\u00e1kup pr\u00e1\u0161ku 2C-E, 2C-P, 2C-C, 2C-T-2 a 2C-B HCl d\u00edky na\u0161emu z\u00e1vazku ke kvalit\u011b, leg\u00e1lnosti a spokojenosti z\u00e1kazn\u00edk\u016f. Pr\u00e1vn\u00ed status a odpov\u011bdn\u00e9 pou\u017eit\u00ed pro v\u00fdzkum Pr\u00e1vn\u00ed status slou\u010denin \u0159ady 2C se li\u0161\u00ed podle zem\u011b \u2013 p\u0159ed n\u00e1kupem v\u017edy ov\u011b\u0159te m\u00edstn\u00ed p\u0159edpisy. Na\u0161e pr\u00e1\u0161ky se prod\u00e1vaj\u00ed v\u00fdhradn\u011b pro laboratorn\u00ed a v\u00fdzkumn\u00e9 \u00fa\u010dely a nejsou ur\u010deny k lidsk\u00e9 spot\u0159eb\u011b. Dodr\u017eujeme p\u0159\u00edsn\u00e9 z\u00e1kony t\u00fdkaj\u00edc\u00ed se pou\u017eit\u00ed pouze pro v\u00fdzkumn\u00e9 \u00fa\u010dely ve v\u0161ech regionech, v\u010detn\u011b USA, Velk\u00e9 Brit\u00e1nie, EU, Kanady a Austr\u00e1lie. Jak bezpe\u010dn\u011b objednat pr\u00e1\u0161ky 2C-E, 2C-P, 2C-C, 2C-T-2 a 2C-B HCl online Objedn\u00e1vky u n\u00e1s jsou hladk\u00e9 a bezpe\u010dn\u00e9: Vyberte si po\u017eadovan\u00e9 slou\u010deniny a mno\u017estv\u00ed. V p\u0159\u00edpad\u011b pot\u0159eby poskytn\u011bte nezbytn\u00e9 ov\u011b\u0159en\u00ed pro v\u00fdzkumn\u00e9 \u00fa\u010dely. Vyberte si zp\u016fsob platby \u2013 p\u0159ij\u00edm\u00e1me hlavn\u00ed bezpe\u010dn\u00e9 mo\u017enosti, kter\u00e9 zaji\u0161\u0165uj\u00ed soukrom\u00ed. Z\u00edskejte diskr\u00e9tn\u00ed a rychlou dopravu se sledov\u00e1n\u00edm a bezpe\u010dnostn\u00ed dokumentac\u00ed. Z\u00e1v\u011br Kdy\u017e si zakoup\u00edte pr\u00e1\u0161ek 2C-E, 2C-P, 2C-C, 2C-T-2 a 2C-B HCl online z na\u0161\u00ed d\u016fv\u011bryhodn\u00e9 platformy, z\u00edsk\u00e1te p\u0159\u00edstup k pr\u00e9miov\u00fdm, laboratorn\u011b testovan\u00fdm slou\u010denin\u00e1m ur\u010den\u00fdm k podpo\u0159e \u0161pi\u010dkov\u00e9ho v\u00fdzkumu. Up\u0159ednostn\u011bte dodr\u017eov\u00e1n\u00ed z\u00e1kon\u016f, zaji\u0161t\u011bn\u00ed kvality a odpov\u011bdn\u00e9 z\u00edsk\u00e1v\u00e1n\u00ed zdroj\u016f, abyste mohli s d\u016fv\u011brou pokro\u010dit ve sv\u00fdch v\u011bdeck\u00fdch projektech.<\/p>","protected":false},"featured_media":1955,"comment_status":"closed","ping_status":"closed","template":"","meta":{"_kadence_starter_templates_imported_post":false,"_kad_post_transparent":"default","_kad_post_title":"","_kad_post_layout":"default","_kad_post_sidebar_id":"","_kad_post_content_style":"default","_kad_post_vertical_padding":"default","_kad_post_feature":"","_kad_post_feature_position":"","_kad_post_header":false,"_kad_post_footer":false,"_joinchat":[]},"product_brand":[],"product_cat":[361],"product_tag":[3807,3808,3809,3810,3811,3812,3813,3814,3815,3816,3817,3818,3819,3820,3821,3822,3823,3824,3825,3826,3827,3828,3829,3830,3831,3832,3833,3834,3835,3836,3837,3838,3839,3840,3841],"class_list":{"0":"post-1505","1":"product","2":"type-product","3":"status-publish","4":"has-post-thumbnail","6":"product_cat-research-chemicals","7":"product_tag-2c-drug-family","8":"product_tag-2c-engine-for-sale","9":"product_tag-2c-engine-timing-marks","10":"product_tag-2c-grtc-bus-schedule","11":"product_tag-2c-hair-type","12":"product_tag-2c-jalan-pesawat","13":"product_tag-2c-b-is-legal","14":"product_tag-2c-i-drug","15":"product_tag-2c-i-erowid","16":"product_tag-2c-i-for-online","17":"product_tag-2c-i-for-sale-online","18":"product_tag-2c-i-psychonaut","19":"product_tag-2cgaming","20":"product_tag-best-place-to-buy-2c-e-online","21":"product_tag-best-place-to-buy-2c-i-online","22":"product_tag-buy-2c-e-in-australia","23":"product_tag-buy-2c-e-in-germany","24":"product_tag-buy-2c-e-online","25":"product_tag-buy-2c-e-online-in-canada","26":"product_tag-buy-2c-e-online-in-uk","27":"product_tag-buy-2c-e-online-in-usa","28":"product_tag-buy-2c-i-online","29":"product_tag-buy-2c-i-online-in-canada","30":"product_tag-buy-2c-i-online-in-germany","31":"product_tag-buy-2c-i-online-in-uk","32":"product_tag-buy-2c-i-online-in-usa","33":"product_tag-cheap-2c-i-online","34":"product_tag-order-2c-e-online","35":"product_tag-order-2c-i-online","36":"product_tag-purchase-2c-e-online","37":"product_tag-purchase-2c-i-online","38":"product_tag-shop-2c-i","39":"product_tag-shop-2c-i-online","40":"product_tag-where-can-i-buy-2c-e-online","41":"product_tag-where-can-i-buy-2c-i-online","43":"first","44":"instock","45":"shipping-taxable","46":"purchasable","47":"product-type-variable","48":"entry","49":"content-bg","50":"loop-entry"},"yoast_head":"<!-- This site is optimized with the Yoast SEO plugin v26.5 - https:\/\/yoast.com\/wordpress\/plugins\/seo\/ -->\n<title>Buy 2C-E 2C-P 2C-C 2C-T-2 2C-B HCl Powder Online | pvpgrams<\/title>\n<meta name=\"description\" content=\"Want to buy 2C series HCl powders? Get them online with fast shipping. High-purity research chemicals for scientific analysis, delivered discreetly.\" \/>\n<meta name=\"robots\" content=\"index, follow, max-snippet:-1, max-image-preview:large, max-video-preview:-1\" \/>\n<link rel=\"canonical\" href=\"https:\/\/pvpgrams.com\/cs\/product\/2c-e-2c-p-2c-c-2c-t-2-2c-b-hcl-prasek\/\" \/>\n<meta property=\"og:locale\" content=\"cs_CZ\" \/>\n<meta property=\"og:type\" content=\"article\" \/>\n<meta property=\"og:title\" content=\"Buy 2C-E 2C-P 2C-C 2C-T-2 2C-B HCl Powder Online | pvpgrams\" \/>\n<meta property=\"og:description\" content=\"Want to buy 2C series HCl powders? Get them online with fast shipping. High-purity research chemicals for scientific analysis, delivered discreetly.\" \/>\n<meta property=\"og:url\" content=\"https:\/\/pvpgrams.com\/cs\/product\/2c-e-2c-p-2c-c-2c-t-2-2c-b-hcl-prasek\/\" \/>\n<meta property=\"og:site_name\" content=\"PVP Grams\" \/>\n<meta property=\"article:modified_time\" content=\"2026-02-24T13:54:37+00:00\" \/>\n<meta property=\"og:image\" content=\"https:\/\/pvpgrams.com\/wp-content\/uploads\/2025\/05\/2C-E-2C-P-2C-C-2C-T-2-2C-B-Hcl-Powder.jpg\" \/>\n\t<meta property=\"og:image:width\" content=\"600\" \/>\n\t<meta property=\"og:image:height\" content=\"600\" \/>\n\t<meta property=\"og:image:type\" content=\"image\/jpeg\" \/>\n<meta name=\"twitter:card\" content=\"summary_large_image\" \/>\n<meta name=\"twitter:label1\" content=\"Odhadovan\u00e1 doba \u010dten\u00ed\" \/>\n\t<meta name=\"twitter:data1\" content=\"3 minuty\" \/>\n<script type=\"application\/ld+json\" class=\"yoast-schema-graph\">{\"@context\":\"https:\/\/schema.org\",\"@graph\":[{\"@type\":[\"WebPage\",\"ItemPage\"],\"@id\":\"https:\/\/pvpgrams.com\/product\/2c-e-2c-p-2c-c-2c-t-2-2c-b-hcl-powder\/\",\"url\":\"https:\/\/pvpgrams.com\/product\/2c-e-2c-p-2c-c-2c-t-2-2c-b-hcl-powder\/\",\"name\":\"Buy 2C-E 2C-P 2C-C 2C-T-2 2C-B HCl Powder Online | pvpgrams\",\"isPartOf\":{\"@id\":\"https:\/\/pvpgrams.com\/#website\"},\"primaryImageOfPage\":{\"@id\":\"https:\/\/pvpgrams.com\/product\/2c-e-2c-p-2c-c-2c-t-2-2c-b-hcl-powder\/#primaryimage\"},\"image\":{\"@id\":\"https:\/\/pvpgrams.com\/product\/2c-e-2c-p-2c-c-2c-t-2-2c-b-hcl-powder\/#primaryimage\"},\"thumbnailUrl\":\"https:\/\/pvpgrams.com\/wp-content\/uploads\/2025\/05\/2C-E-2C-P-2C-C-2C-T-2-2C-B-Hcl-Powder.jpg\",\"datePublished\":\"2025-05-15T09:39:56+00:00\",\"dateModified\":\"2026-02-24T13:54:37+00:00\",\"description\":\"Want to buy 2C series HCl powders? Get them online with fast shipping. High-purity research chemicals for scientific analysis, delivered discreetly.\",\"breadcrumb\":{\"@id\":\"https:\/\/pvpgrams.com\/product\/2c-e-2c-p-2c-c-2c-t-2-2c-b-hcl-powder\/#breadcrumb\"},\"inLanguage\":\"cs\",\"potentialAction\":[{\"@type\":\"ReadAction\",\"target\":[\"https:\/\/pvpgrams.com\/product\/2c-e-2c-p-2c-c-2c-t-2-2c-b-hcl-powder\/\"]}]},{\"@type\":\"ImageObject\",\"inLanguage\":\"cs\",\"@id\":\"https:\/\/pvpgrams.com\/product\/2c-e-2c-p-2c-c-2c-t-2-2c-b-hcl-powder\/#primaryimage\",\"url\":\"https:\/\/pvpgrams.com\/wp-content\/uploads\/2025\/05\/2C-E-2C-P-2C-C-2C-T-2-2C-B-Hcl-Powder.jpg\",\"contentUrl\":\"https:\/\/pvpgrams.com\/wp-content\/uploads\/2025\/05\/2C-E-2C-P-2C-C-2C-T-2-2C-B-Hcl-Powder.jpg\",\"width\":600,\"height\":600,\"caption\":\"Buy 2C-E, 2C-P, 2C-C, 2C-T-2, 2C-B\/ Hcl Powder Online\"},{\"@type\":\"BreadcrumbList\",\"@id\":\"https:\/\/pvpgrams.com\/product\/2c-e-2c-p-2c-c-2c-t-2-2c-b-hcl-powder\/#breadcrumb\",\"itemListElement\":[{\"@type\":\"ListItem\",\"position\":1,\"name\":\"Home\",\"item\":\"https:\/\/pvpgrams.com\/\"},{\"@type\":\"ListItem\",\"position\":2,\"name\":\"Shop\",\"item\":\"https:\/\/pvpgrams.com\/shop\/\"},{\"@type\":\"ListItem\",\"position\":3,\"name\":\"Buy 2C-E, 2C-P, 2C-C, 2C-T-2, 2C-B\/ Hcl Powder Online\"}]},{\"@type\":\"WebSite\",\"@id\":\"https:\/\/pvpgrams.com\/#website\",\"url\":\"https:\/\/pvpgrams.com\/\",\"name\":\"PVP Grams\",\"description\":\"\",\"publisher\":{\"@id\":\"https:\/\/pvpgrams.com\/#organization\"},\"potentialAction\":[{\"@type\":\"SearchAction\",\"target\":{\"@type\":\"EntryPoint\",\"urlTemplate\":\"https:\/\/pvpgrams.com\/?s={search_term_string}\"},\"query-input\":{\"@type\":\"PropertyValueSpecification\",\"valueRequired\":true,\"valueName\":\"search_term_string\"}}],\"inLanguage\":\"cs\"},{\"@type\":\"Organization\",\"@id\":\"https:\/\/pvpgrams.com\/#organization\",\"name\":\"PVP Grams\",\"url\":\"https:\/\/pvpgrams.com\/\",\"logo\":{\"@type\":\"ImageObject\",\"inLanguage\":\"cs\",\"@id\":\"https:\/\/pvpgrams.com\/#\/schema\/logo\/image\/\",\"url\":\"https:\/\/pvpgrams.com\/wp-content\/uploads\/2024\/10\/logo.png\",\"contentUrl\":\"https:\/\/pvpgrams.com\/wp-content\/uploads\/2024\/10\/logo.png\",\"width\":181,\"height\":41,\"caption\":\"PVP Grams\"},\"image\":{\"@id\":\"https:\/\/pvpgrams.com\/#\/schema\/logo\/image\/\"}}]}<\/script>\n<!-- \/ Yoast SEO plugin. -->","yoast_head_json":{"title":"Koupit 2C-E 2C-P 2C-C 2C-T-2 2C-B HCl pr\u00e1\u0161ek online | pvpgrams","description":"Chcete si koupit pr\u00e1\u0161ky HCl \u0159ady 2C? Po\u0159i\u010fte si je online s rychlou dopravou. Vysoce \u010dist\u00e9 v\u00fdzkumn\u00e9 chemik\u00e1lie pro v\u011bdeckou anal\u00fdzu, dod\u00e1van\u00e9 diskr\u00e9tn\u011b.","robots":{"index":"index","follow":"follow","max-snippet":"max-snippet:-1","max-image-preview":"max-image-preview:large","max-video-preview":"max-video-preview:-1"},"canonical":"https:\/\/pvpgrams.com\/cs\/product\/2c-e-2c-p-2c-c-2c-t-2-2c-b-hcl-prasek\/","og_locale":"cs_CZ","og_type":"article","og_title":"Buy 2C-E 2C-P 2C-C 2C-T-2 2C-B HCl Powder Online | pvpgrams","og_description":"Want to buy 2C series HCl powders? Get them online with fast shipping. High-purity research chemicals for scientific analysis, delivered discreetly.","og_url":"https:\/\/pvpgrams.com\/cs\/product\/2c-e-2c-p-2c-c-2c-t-2-2c-b-hcl-prasek\/","og_site_name":"PVP Grams","article_modified_time":"2026-02-24T13:54:37+00:00","og_image":[{"width":600,"height":600,"url":"https:\/\/pvpgrams.com\/wp-content\/uploads\/2025\/05\/2C-E-2C-P-2C-C-2C-T-2-2C-B-Hcl-Powder.jpg","type":"image\/jpeg"}],"twitter_card":"summary_large_image","twitter_misc":{"Odhadovan\u00e1 doba \u010dten\u00ed":"3 minuty"},"schema":{"@context":"https:\/\/schema.org","@graph":[{"@type":["WebPage","ItemPage"],"@id":"https:\/\/pvpgrams.com\/product\/2c-e-2c-p-2c-c-2c-t-2-2c-b-hcl-powder\/","url":"https:\/\/pvpgrams.com\/product\/2c-e-2c-p-2c-c-2c-t-2-2c-b-hcl-powder\/","name":"Koupit 2C-E 2C-P 2C-C 2C-T-2 2C-B HCl pr\u00e1\u0161ek online | pvpgrams","isPartOf":{"@id":"https:\/\/pvpgrams.com\/#website"},"primaryImageOfPage":{"@id":"https:\/\/pvpgrams.com\/product\/2c-e-2c-p-2c-c-2c-t-2-2c-b-hcl-powder\/#primaryimage"},"image":{"@id":"https:\/\/pvpgrams.com\/product\/2c-e-2c-p-2c-c-2c-t-2-2c-b-hcl-powder\/#primaryimage"},"thumbnailUrl":"https:\/\/pvpgrams.com\/wp-content\/uploads\/2025\/05\/2C-E-2C-P-2C-C-2C-T-2-2C-B-Hcl-Powder.jpg","datePublished":"2025-05-15T09:39:56+00:00","dateModified":"2026-02-24T13:54:37+00:00","description":"Chcete si koupit pr\u00e1\u0161ky HCl \u0159ady 2C? Po\u0159i\u010fte si je online s rychlou dopravou. Vysoce \u010dist\u00e9 v\u00fdzkumn\u00e9 chemik\u00e1lie pro v\u011bdeckou anal\u00fdzu, dod\u00e1van\u00e9 diskr\u00e9tn\u011b.","breadcrumb":{"@id":"https:\/\/pvpgrams.com\/product\/2c-e-2c-p-2c-c-2c-t-2-2c-b-hcl-powder\/#breadcrumb"},"inLanguage":"cs","potentialAction":[{"@type":"ReadAction","target":["https:\/\/pvpgrams.com\/product\/2c-e-2c-p-2c-c-2c-t-2-2c-b-hcl-powder\/"]}]},{"@type":"ImageObject","inLanguage":"cs","@id":"https:\/\/pvpgrams.com\/product\/2c-e-2c-p-2c-c-2c-t-2-2c-b-hcl-powder\/#primaryimage","url":"https:\/\/pvpgrams.com\/wp-content\/uploads\/2025\/05\/2C-E-2C-P-2C-C-2C-T-2-2C-B-Hcl-Powder.jpg","contentUrl":"https:\/\/pvpgrams.com\/wp-content\/uploads\/2025\/05\/2C-E-2C-P-2C-C-2C-T-2-2C-B-Hcl-Powder.jpg","width":600,"height":600,"caption":"Buy 2C-E, 2C-P, 2C-C, 2C-T-2, 2C-B\/ Hcl Powder Online"},{"@type":"BreadcrumbList","@id":"https:\/\/pvpgrams.com\/product\/2c-e-2c-p-2c-c-2c-t-2-2c-b-hcl-powder\/#breadcrumb","itemListElement":[{"@type":"ListItem","position":1,"name":"Home","item":"https:\/\/pvpgrams.com\/"},{"@type":"ListItem","position":2,"name":"Shop","item":"https:\/\/pvpgrams.com\/shop\/"},{"@type":"ListItem","position":3,"name":"Buy 2C-E, 2C-P, 2C-C, 2C-T-2, 2C-B\/ Hcl Powder Online"}]},{"@type":"WebSite","@id":"https:\/\/pvpgrams.com\/#website","url":"https:\/\/pvpgrams.com\/","name":"PVP gramy","description":"","publisher":{"@id":"https:\/\/pvpgrams.com\/#organization"},"potentialAction":[{"@type":"SearchAction","target":{"@type":"EntryPoint","urlTemplate":"https:\/\/pvpgrams.com\/?s={search_term_string}"},"query-input":{"@type":"PropertyValueSpecification","valueRequired":true,"valueName":"search_term_string"}}],"inLanguage":"cs"},{"@type":"Organization","@id":"https:\/\/pvpgrams.com\/#organization","name":"PVP gramy","url":"https:\/\/pvpgrams.com\/","logo":{"@type":"ImageObject","inLanguage":"cs","@id":"https:\/\/pvpgrams.com\/#\/schema\/logo\/image\/","url":"https:\/\/pvpgrams.com\/wp-content\/uploads\/2024\/10\/logo.png","contentUrl":"https:\/\/pvpgrams.com\/wp-content\/uploads\/2024\/10\/logo.png","width":181,"height":41,"caption":"PVP Grams"},"image":{"@id":"https:\/\/pvpgrams.com\/#\/schema\/logo\/image\/"}}]}},"_links":{"self":[{"href":"https:\/\/pvpgrams.com\/cs\/wp-json\/wp\/v2\/product\/1505","targetHints":{"allow":["GET"]}}],"collection":[{"href":"https:\/\/pvpgrams.com\/cs\/wp-json\/wp\/v2\/product"}],"about":[{"href":"https:\/\/pvpgrams.com\/cs\/wp-json\/wp\/v2\/types\/product"}],"replies":[{"embeddable":true,"href":"https:\/\/pvpgrams.com\/cs\/wp-json\/wp\/v2\/comments?post=1505"}],"wp:featuredmedia":[{"embeddable":true,"href":"https:\/\/pvpgrams.com\/cs\/wp-json\/wp\/v2\/media\/1955"}],"wp:attachment":[{"href":"https:\/\/pvpgrams.com\/cs\/wp-json\/wp\/v2\/media?parent=1505"}],"wp:term":[{"taxonomy":"product_brand","embeddable":true,"href":"https:\/\/pvpgrams.com\/cs\/wp-json\/wp\/v2\/product_brand?post=1505"},{"taxonomy":"product_cat","embeddable":true,"href":"https:\/\/pvpgrams.com\/cs\/wp-json\/wp\/v2\/product_cat?post=1505"},{"taxonomy":"product_tag","embeddable":true,"href":"https:\/\/pvpgrams.com\/cs\/wp-json\/wp\/v2\/product_tag?post=1505"}],"curies":[{"name":"wp","href":"https:\/\/api.w.org\/{rel}","templated":true}]}}