{"id":2223,"date":"2025-12-01T09:47:32","date_gmt":"2025-12-01T09:47:32","guid":{"rendered":"https:\/\/pvpgrams.com\/?post_type=product&#038;p=2223"},"modified":"2026-02-26T09:48:40","modified_gmt":"2026-02-26T09:48:40","slug":"buy-alpha-php-online","status":"publish","type":"product","link":"https:\/\/pvpgrams.com\/cs\/product\/buy-alpha-php-online\/","title":{"rendered":"Koupit Alpha PHP online"},"content":{"rendered":"<div id=\"tab-description\" class=\"woocommerce-Tabs-panel woocommerce-Tabs-panel--description panel entry-content active\" role=\"tabpanel\" aria-labelledby=\"tab-title-description\">\n<h2>Koupit Alpha PHP online<\/h2>\n<p>Cht\u011bli byste <a href=\"https:\/\/pvpgrams.com\/cs\/\"><strong>Alpha-PHP<\/strong><\/a> Objedn\u00e1vka? Ka\u017ed\u00fd produkt v na\u0161\u00ed nab\u00eddce Pvpgrams obsahuje 1000 mg nejm\u00e9n\u011b 99% \u010dist\u00e9ho \u03b1-PHP (\u010dist\u00fd pr\u00e1\u0161ek) na objedn\u00e1vku. Objednejte si Alpha PHP online.<a href=\"https:\/\/rchemshub.com\/product-category\/benzofuranen\/\">.<\/a><\/p>\n<h3>Co je Alpha-PHP?<\/h3>\n<p><strong>Alfa-pyrrolidinohexyofenon <\/strong>tak\u00e9 zn\u00e1m\u00fd jako \u03b1-PHP \/ alfa-PHP \/ a-PHP, je syntetick\u00e1 l\u00e1tka, kter\u00e1 byla poprv\u00e9 vyrobena v 60. letech 20. stolet\u00ed a je \u00fazce spjata s alfa-PVP (a-PVP, \u03b1-PVP) a pyrovaleronem. A-PHP pat\u0159\u00ed do t\u0159\u00eddy katinon\u016f i pyrovaleron\u016f a spot\u0159ebitel\u00e9 jej pova\u017euj\u00ed za jeden z nejspolehliv\u011bj\u0161\u00edch analog\u016f pyrovaleronu, i kdy\u017e jej lze tak\u00e9 p\u0159irovnat k MDPV nebo a-PVP. V\u00edce informac\u00ed o katinonech naleznete na str\u00e1nk\u00e1ch<\/p>\n<h3>Vlastnosti A-PHP<\/h3>\n<ul>\n<li><strong>Synonymum<\/strong> Alfa-pyrrolidinohexanofenon<\/li>\n<li><strong>\u010c\u00edslo CAS:<\/strong> 3415-86-6<\/li>\n<li><strong>Chemick\u00fd vzorec:<\/strong> 1-fenyl-2-(pyrrolidin-1-yl)hexan-1-on hydrochlorid<\/li>\n<li><strong>Molekulov\u00e1 hmotnost:<\/strong> 281,8 g\/mol<\/li>\n<li><strong>\u010cistota:<\/strong> v\u011bt\u0161\u00ed ne\u017e 97%<\/li>\n<\/ul>\n<h3>Varov\u00e1n\u00ed<\/h3>\n<p>A-PHP m\u016f\u017ee zp\u016fsobit podr\u00e1\u017ed\u011bn\u00ed d\u00fdchac\u00edch cest. M\u016f\u017ee tak\u00e9 doj\u00edt k podr\u00e1\u017ed\u011bn\u00ed o\u010d\u00ed. Uvol\u0148ov\u00e1n\u00ed v\u00fdzkumn\u00fdch chemik\u00e1li\u00ed do \u017eivotn\u00edho prost\u0159ed\u00ed je zak\u00e1z\u00e1no.<\/p>\n<p><strong>V p\u0159\u00edpad\u011b kontaktu s A-PHP:<\/strong> O\u010di d\u016fkladn\u011b vypl\u00e1chn\u011bte vodou po dobu p\u011bti minut. Pokud je to mo\u017en\u00e9, vyjm\u011bte kontaktn\u00ed \u010do\u010dky.<\/p>\n<p><strong>V p\u0159\u00edpad\u011b kontaktu s k\u016f\u017e\u00ed:<\/strong> Omyjte poko\u017eku m\u00fddlem a vodou.<\/p>\n<p><strong>Po vdechnut\u00ed A-PHP:<\/strong> Posti\u017eenou osobu vyve\u010fte na \u010derstv\u00fd vzduch a um\u00edst\u011bte ji tak, aby se j\u00ed l\u00e9pe d\u00fdchalo.<\/p>\n<h3>D\u00e1vkov\u00e1n\u00ed a-PHP<\/h3>\n<p>Neexistuje \u017e\u00e1dn\u00e9 doporu\u010den\u00e9 d\u00e1vkov\u00e1n\u00ed, proto\u017ee a-PHP se prod\u00e1v\u00e1 pouze pro v\u011bdeck\u00e9 v\u00fdzkumn\u00e9 \u00fa\u010dely a nen\u00ed doporu\u010deno pro lidskou spot\u0159ebu.<\/p>\n<h3>\u00da\u010dinky a-PHP<\/h3>\n<p>Klinick\u00e9 \u00fa\u010dinky a-PHP lze charakterizovat jako stimula\u010dn\u00ed, halucinogenn\u00ed nebo opioidn\u00ed. U\u017eivatel\u00e9 \u010dasto uv\u00e1d\u011bj\u00ed kombinaci t\u011bchto \u00fa\u010dink\u016f. Podobn\u00e9 zpr\u00e1vy lze naj\u00edt na v\u011bdeck\u00fdch f\u00f3rech a ve vyhled\u00e1va\u010d\u00edch.<\/p>\n<h3>Ne\u017e\u00e1douc\u00ed \u00fa\u010dinky a-PHP<\/h3>\n<p>Stejn\u011b jako u jin\u00fdch designov\u00fdch drog m\u016f\u017ee m\u00edt u\u017e\u00edv\u00e1n\u00ed a-PHP z\u00e1va\u017en\u00e9 vedlej\u0161\u00ed \u00fa\u010dinky. Tato l\u00e1tka nebyla klinicky testov\u00e1na ani schv\u00e1lena pro pou\u017eit\u00ed v hum\u00e1nn\u00ed medic\u00edn\u011b. Proto se a-PHP doporu\u010duje pouze pro v\u011bdeck\u00fd v\u00fdzkum a studie, nikoli pro pou\u017eit\u00ed u lid\u00ed!<\/p>\n<h3>Skladov\u00e1n\u00ed a stabilita a-PHP<\/h3>\n<p>Skladujte a-PHP p\u0159i teplot\u011b do 30 \u00b0C v p\u016fvodn\u00edm obalu. Chra\u0148te p\u0159ed p\u0159\u00edm\u00fdm slune\u010dn\u00edm z\u00e1\u0159en\u00edm a skladujte na such\u00e9m m\u00edst\u011b. P\u0159i spr\u00e1vn\u00e9m skladov\u00e1n\u00ed je trvanlivost materi\u00e1lu minim\u00e1ln\u011b jeden rok.<\/p>\n<h3>Informace k objedn\u00e1vce<\/h3>\n<p>Chcete-li se informovat o cen\u00e1ch a dostupnosti nebo zadat objedn\u00e1vku, kontaktujte n\u00e1s na adrese <strong>Alfa PHP<\/strong> nebo jin\u00e9 v\u00fdzkumn\u00e9 chemik\u00e1lie, nav\u0161tivte na\u0161e webov\u00e9 str\u00e1nky nebo kontaktujte n\u00e1\u0161 t\u00fdm z\u00e1kaznick\u00e9 podpory. Jsme tu, abychom v\u00e1m pomohli se v\u0161emi va\u0161imi pot\u0159ebami v oblasti v\u00fdzkumn\u00fdch chemik\u00e1li\u00ed.<\/p>\n<p><strong>Medeus V\u00fdzkum Chem<\/strong> \u2013 Spojujeme v\u00e1s s nezbytn\u00fdmi v\u00fdzkumn\u00fdmi chemik\u00e1liemi pro \u0161pi\u010dkov\u00fd v\u011bdeck\u00fd v\u00fdzkum.<\/p>\n<h3><span id=\"FAQ_Frequently_Asked_Questions_About_Alpha_PHP\" class=\"ez-toc-section\"><\/span>\u010casto kladen\u00e9 ot\u00e1zky: \u010casto kladen\u00e9 ot\u00e1zky t\u00fdkaj\u00edc\u00ed se Alpha PHP<\/h3>\n<h3><span id=\"1_What_is_Alpha_PHP\" class=\"ez-toc-section\"><\/span>1. Co je Alpha PHP?<\/h3>\n<p><strong>Alfa PHP<\/strong> je v\u00fdzkumn\u00e1 chemick\u00e1 l\u00e1tka, kter\u00e1 pat\u0159\u00ed do skupiny stimulant\u016f a je \u010dasto studov\u00e1na pro sv\u00e9 \u00fa\u010dinky v v\u011bdeck\u00fdch experimentech. Je p\u0159\u00edbuzn\u00e1 podobn\u00fdm l\u00e1tk\u00e1m, jako je Alpha-PVP.<\/p>\n<h3><span id=\"2_Is_Alpha_PHP_Legal\" class=\"ez-toc-section\"><\/span>2. Je Alpha PHP leg\u00e1ln\u00ed?<\/h3>\n<p>Na str\u00e1nk\u00e1ch <strong>pr\u00e1vn\u00ed status<\/strong> Alpha PHP z\u00e1vis\u00ed na va\u0161\u00ed jurisdikci. P\u0159ed n\u00e1kupem se v\u017edy ujist\u011bte, \u017ee spl\u0148ujete m\u00edstn\u00ed z\u00e1kony.<\/p>\n<h3><span id=\"3_Can_I_Buy_Alpha_PHP_Online\" class=\"ez-toc-section\"><\/span>3. Mohu si Alpha PHP koupit online?<\/h3>\n<p>Ano, m\u016f\u017eete. <a href=\"https:\/\/pvpgrams.com\/cs\/product\/buy-alpha-php-online\/\"><strong>koupit Alpha PHP online<\/strong><\/a> od spolehliv\u00fdch dodavatel\u016f, jako je Medeus Research Chem. Nab\u00edz\u00edme bezpe\u010dn\u00e9 a diskr\u00e9tn\u00ed mo\u017enosti dopravy.<\/p>\n<h3><span id=\"4_What_Is_the_Difference_Between_Alpha_Pyrrolidinoisohexanophenone_and_Alpha_Pyrrolidinohexiophenone\" class=\"ez-toc-section\"><\/span>4. Jak\u00fd je rozd\u00edl mezi alfa-pyrrolidinoisohexanofenonem a alfa-pyrrolidinohexiophenonem?<\/h3>\n<p>Ob\u011b chemik\u00e1lie jsou variantami Alpha PHP, ale maj\u00ed m\u00edrn\u011b odli\u0161n\u00e9 molekul\u00e1rn\u00ed struktury. Ujist\u011bte se, \u017ee rozum\u00edte, kter\u00e1 verze vyhovuje va\u0161im v\u00fdzkumn\u00fdm pot\u0159eb\u00e1m, objednejte si Alpha PHP online.<\/p>\n<h3><span id=\"5_What_Is_the_Full_Form_of_PHP\" class=\"ez-toc-section\"><\/span>5. Co je to PHP v pln\u00e9m zn\u011bn\u00ed?<\/h3>\n<p><strong>PHP<\/strong> znamen\u00e1 <strong>Pyrrolidinohexanofenon<\/strong>, slou\u010denina b\u011b\u017en\u011b pou\u017e\u00edvan\u00e1 ve v\u011bdeck\u00e9m v\u00fdzkumu.<\/p>\n<h3><span id=\"Conclusion_Why_Buy_Alpha_PHP_Online_from_Medeus_Research_Chem\" class=\"ez-toc-section\"><\/span>Z\u00e1v\u011br: Pro\u010d koupit Alpha PHP online od spole\u010dnosti Medeus Research Chem<\/h3>\n<p>Kdy\u017e se rozhodnete <strong>koupit Alpha PHP online<\/strong>, je d\u016fle\u017eit\u00e9 vybrat si d\u016fv\u011bryhodn\u00e9ho dodavatele, kter\u00fd nab\u00edz\u00ed vysoce kvalitn\u00ed chemik\u00e1lie a spolehliv\u00e9 slu\u017eby. Medeus Research Chem poskytuje pr\u00e9miov\u00e9 <strong>Chemik\u00e1lie Alpha PHP<\/strong> kter\u00e9 spl\u0148uj\u00ed nejvy\u0161\u0161\u00ed standardy \u010distoty a bezpe\u010dnosti. A\u0165 u\u017e hled\u00e1te <a href=\"https:\/\/en.wikipedia.org\/wiki\/%CE%91-Pyrrolidinohexiophenone\"><strong>Alfa-pyrrolidinoisohexanofenon<\/strong><\/a>, <strong>4-fluor-alfa-PHP<\/strong>, nebo jin\u00e9 varianty, m\u00e1me pro v\u00e1s \u0159e\u0161en\u00ed.<\/p>\n<p>Dal\u0161\u00ed informace a mo\u017enost n\u00e1kupu najdete na na\u0161ich webov\u00fdch str\u00e1nk\u00e1ch zde nebo prozkoumejte na\u0161i nab\u00eddku. <strong>omezen\u00e9 z\u00e1soby<\/strong> sb\u00edrka zde.<\/p>\n<h3>Objednejte si hned!<\/h3>\n<p>V na\u0161ich programech pvpgrams  m\u016f\u017eete zakoupit Alpha-PHP za v\u00fdhodn\u00e9 ceny. Kupte si Alpha-PHP online v na\u0161em obchod\u011b hned te\u010f. Objednejte si hned!<\/p>\n<\/div>","protected":false},"excerpt":{"rendered":"<p>N\u00e1zev produktu:\u2026\u2026 alfa-pyrrolidinohexiophenon<br \/>\n\u00da\u010dinek:\u2026\u2026..stimuluj\u00edc\u00ed, psychedelick\u00fd, pov\u00eddav\u00fd, velmi sebev\u011bdom\u00fd<br \/>\n\u010cistota l\u00e1tky:\u2026\u2026\u202698,5%<br \/>\nFyzik\u00e1ln\u00ed vlastnosti:\u2026\u2026Krystaly<\/p>\n<p>Jakmile potvrd\u00edme platbu za objedn\u00e1vku, vyd\u00e1me na\u0161im klient\u016fm sledovac\u00ed \u010d\u00edslo, aby mohli sledovat sv\u00e9 z\u00e1silky v re\u00e1ln\u00e9m \u010dase.<\/p>\n<p>Ceny jsou kalkulov\u00e1ny na z\u00e1klad\u011b gram\u00e1\u017ee. Minim\u00e1ln\u00ed objedn\u00e1vka je 10 gram\u016f. Douf\u00e1me, \u017ee v\u00e1m bude kvalita na\u0161ich produkt\u016f vyhovovat. Pro jak\u00e9koli informace n\u00e1s pros\u00edm kontaktujte p\u0159\u00edmo.<\/p>","protected":false},"featured_media":2224,"comment_status":"closed","ping_status":"closed","template":"","meta":{"_kadence_starter_templates_imported_post":false,"_kad_post_transparent":"default","_kad_post_title":"","_kad_post_layout":"default","_kad_post_sidebar_id":"","_kad_post_content_style":"default","_kad_post_vertical_padding":"default","_kad_post_feature":"","_kad_post_feature_position":"","_kad_post_header":false,"_kad_post_footer":false,"_joinchat":[]},"product_brand":[],"product_cat":[41],"product_tag":[],"class_list":{"0":"post-2223","1":"product","2":"type-product","3":"status-publish","4":"has-post-thumbnail","6":"product_cat-buy-alpha-php","8":"first","9":"instock","10":"shipping-taxable","11":"purchasable","12":"product-type-variable","13":"entry","14":"content-bg","15":"loop-entry"},"yoast_head":"<!-- This site is optimized with the Yoast SEO plugin v26.5 - https:\/\/yoast.com\/wordpress\/plugins\/seo\/ -->\n<title>Order Alpha PHP (a-PHP) online - \u03b1-Pyrrolidinohexanophenone<\/title>\n<meta name=\"description\" content=\"Order Alpha PHP (a-PHP) online? Pvpgrams offers premium quality Alpha PHP (a-PHP) with discreet shipping for a seamless and secure purchasing.\" \/>\n<meta name=\"robots\" content=\"index, follow, max-snippet:-1, max-image-preview:large, max-video-preview:-1\" \/>\n<link rel=\"canonical\" href=\"https:\/\/pvpgrams.com\/cs\/product\/buy-alpha-php-online\/\" \/>\n<meta property=\"og:locale\" content=\"cs_CZ\" \/>\n<meta property=\"og:type\" content=\"article\" \/>\n<meta property=\"og:title\" content=\"Order Alpha PHP (a-PHP) online - \u03b1-Pyrrolidinohexanophenone\" \/>\n<meta property=\"og:description\" content=\"Order Alpha PHP (a-PHP) online? Pvpgrams offers premium quality Alpha PHP (a-PHP) with discreet shipping for a seamless and secure purchasing.\" \/>\n<meta property=\"og:url\" content=\"https:\/\/pvpgrams.com\/cs\/product\/buy-alpha-php-online\/\" \/>\n<meta property=\"og:site_name\" content=\"PVP Grams\" \/>\n<meta property=\"article:modified_time\" content=\"2026-02-26T09:48:40+00:00\" \/>\n<meta property=\"og:image\" content=\"https:\/\/pvpgrams.com\/wp-content\/uploads\/2025\/12\/Order-A-PHP-Crystals-Online.jpg\" \/>\n\t<meta property=\"og:image:width\" content=\"600\" \/>\n\t<meta property=\"og:image:height\" content=\"600\" \/>\n\t<meta property=\"og:image:type\" content=\"image\/jpeg\" \/>\n<meta name=\"twitter:card\" content=\"summary_large_image\" \/>\n<meta name=\"twitter:label1\" content=\"Odhadovan\u00e1 doba \u010dten\u00ed\" \/>\n\t<meta name=\"twitter:data1\" content=\"4 minuty\" \/>\n<script type=\"application\/ld+json\" class=\"yoast-schema-graph\">{\"@context\":\"https:\/\/schema.org\",\"@graph\":[{\"@type\":[\"WebPage\",\"ItemPage\"],\"@id\":\"https:\/\/pvpgrams.com\/product\/buy-alpha-php-online\/\",\"url\":\"https:\/\/pvpgrams.com\/product\/buy-alpha-php-online\/\",\"name\":\"Order Alpha PHP (a-PHP) online - \u03b1-Pyrrolidinohexanophenone\",\"isPartOf\":{\"@id\":\"https:\/\/pvpgrams.com\/#website\"},\"primaryImageOfPage\":{\"@id\":\"https:\/\/pvpgrams.com\/product\/buy-alpha-php-online\/#primaryimage\"},\"image\":{\"@id\":\"https:\/\/pvpgrams.com\/product\/buy-alpha-php-online\/#primaryimage\"},\"thumbnailUrl\":\"https:\/\/pvpgrams.com\/wp-content\/uploads\/2025\/12\/Order-A-PHP-Crystals-Online.jpg\",\"datePublished\":\"2025-12-01T09:47:32+00:00\",\"dateModified\":\"2026-02-26T09:48:40+00:00\",\"description\":\"Order Alpha PHP (a-PHP) online? Pvpgrams offers premium quality Alpha PHP (a-PHP) with discreet shipping for a seamless and secure purchasing.\",\"breadcrumb\":{\"@id\":\"https:\/\/pvpgrams.com\/product\/buy-alpha-php-online\/#breadcrumb\"},\"inLanguage\":\"cs\",\"potentialAction\":[{\"@type\":\"ReadAction\",\"target\":[\"https:\/\/pvpgrams.com\/product\/buy-alpha-php-online\/\"]}]},{\"@type\":\"ImageObject\",\"inLanguage\":\"cs\",\"@id\":\"https:\/\/pvpgrams.com\/product\/buy-alpha-php-online\/#primaryimage\",\"url\":\"https:\/\/pvpgrams.com\/wp-content\/uploads\/2025\/12\/Order-A-PHP-Crystals-Online.jpg\",\"contentUrl\":\"https:\/\/pvpgrams.com\/wp-content\/uploads\/2025\/12\/Order-A-PHP-Crystals-Online.jpg\",\"width\":600,\"height\":600,\"caption\":\"Buy Alpha PHP online\"},{\"@type\":\"BreadcrumbList\",\"@id\":\"https:\/\/pvpgrams.com\/product\/buy-alpha-php-online\/#breadcrumb\",\"itemListElement\":[{\"@type\":\"ListItem\",\"position\":1,\"name\":\"Home\",\"item\":\"https:\/\/pvpgrams.com\/\"},{\"@type\":\"ListItem\",\"position\":2,\"name\":\"Shop\",\"item\":\"https:\/\/pvpgrams.com\/shop\/\"},{\"@type\":\"ListItem\",\"position\":3,\"name\":\"Buy Alpha PHP online\"}]},{\"@type\":\"WebSite\",\"@id\":\"https:\/\/pvpgrams.com\/#website\",\"url\":\"https:\/\/pvpgrams.com\/\",\"name\":\"PVP Grams\",\"description\":\"\",\"publisher\":{\"@id\":\"https:\/\/pvpgrams.com\/#organization\"},\"potentialAction\":[{\"@type\":\"SearchAction\",\"target\":{\"@type\":\"EntryPoint\",\"urlTemplate\":\"https:\/\/pvpgrams.com\/?s={search_term_string}\"},\"query-input\":{\"@type\":\"PropertyValueSpecification\",\"valueRequired\":true,\"valueName\":\"search_term_string\"}}],\"inLanguage\":\"cs\"},{\"@type\":\"Organization\",\"@id\":\"https:\/\/pvpgrams.com\/#organization\",\"name\":\"PVP Grams\",\"url\":\"https:\/\/pvpgrams.com\/\",\"logo\":{\"@type\":\"ImageObject\",\"inLanguage\":\"cs\",\"@id\":\"https:\/\/pvpgrams.com\/#\/schema\/logo\/image\/\",\"url\":\"https:\/\/pvpgrams.com\/wp-content\/uploads\/2024\/10\/logo.png\",\"contentUrl\":\"https:\/\/pvpgrams.com\/wp-content\/uploads\/2024\/10\/logo.png\",\"width\":181,\"height\":41,\"caption\":\"PVP Grams\"},\"image\":{\"@id\":\"https:\/\/pvpgrams.com\/#\/schema\/logo\/image\/\"}}]}<\/script>\n<!-- \/ Yoast SEO plugin. -->","yoast_head_json":{"title":"Objednejte si Alpha PHP (a-PHP) online \u2013 \u03b1-pyrrolidinohexanofenon","description":"Objednat Alpha PHP (a-PHP) online? Pvpgrams nab\u00edz\u00ed pr\u00e9miovou kvalitu Alpha PHP (a-PHP) s diskr\u00e9tn\u00ed dopravou pro hladk\u00fd a bezpe\u010dn\u00fd n\u00e1kup.","robots":{"index":"index","follow":"follow","max-snippet":"max-snippet:-1","max-image-preview":"max-image-preview:large","max-video-preview":"max-video-preview:-1"},"canonical":"https:\/\/pvpgrams.com\/cs\/product\/buy-alpha-php-online\/","og_locale":"cs_CZ","og_type":"article","og_title":"Order Alpha PHP (a-PHP) online - \u03b1-Pyrrolidinohexanophenone","og_description":"Order Alpha PHP (a-PHP) online? Pvpgrams offers premium quality Alpha PHP (a-PHP) with discreet shipping for a seamless and secure purchasing.","og_url":"https:\/\/pvpgrams.com\/cs\/product\/buy-alpha-php-online\/","og_site_name":"PVP Grams","article_modified_time":"2026-02-26T09:48:40+00:00","og_image":[{"width":600,"height":600,"url":"https:\/\/pvpgrams.com\/wp-content\/uploads\/2025\/12\/Order-A-PHP-Crystals-Online.jpg","type":"image\/jpeg"}],"twitter_card":"summary_large_image","twitter_misc":{"Odhadovan\u00e1 doba \u010dten\u00ed":"4 minuty"},"schema":{"@context":"https:\/\/schema.org","@graph":[{"@type":["WebPage","ItemPage"],"@id":"https:\/\/pvpgrams.com\/product\/buy-alpha-php-online\/","url":"https:\/\/pvpgrams.com\/product\/buy-alpha-php-online\/","name":"Objednejte si Alpha PHP (a-PHP) online \u2013 \u03b1-pyrrolidinohexanofenon","isPartOf":{"@id":"https:\/\/pvpgrams.com\/#website"},"primaryImageOfPage":{"@id":"https:\/\/pvpgrams.com\/product\/buy-alpha-php-online\/#primaryimage"},"image":{"@id":"https:\/\/pvpgrams.com\/product\/buy-alpha-php-online\/#primaryimage"},"thumbnailUrl":"https:\/\/pvpgrams.com\/wp-content\/uploads\/2025\/12\/Order-A-PHP-Crystals-Online.jpg","datePublished":"2025-12-01T09:47:32+00:00","dateModified":"2026-02-26T09:48:40+00:00","description":"Objednat Alpha PHP (a-PHP) online? Pvpgrams nab\u00edz\u00ed pr\u00e9miovou kvalitu Alpha PHP (a-PHP) s diskr\u00e9tn\u00ed dopravou pro hladk\u00fd a bezpe\u010dn\u00fd n\u00e1kup.","breadcrumb":{"@id":"https:\/\/pvpgrams.com\/product\/buy-alpha-php-online\/#breadcrumb"},"inLanguage":"cs","potentialAction":[{"@type":"ReadAction","target":["https:\/\/pvpgrams.com\/product\/buy-alpha-php-online\/"]}]},{"@type":"ImageObject","inLanguage":"cs","@id":"https:\/\/pvpgrams.com\/product\/buy-alpha-php-online\/#primaryimage","url":"https:\/\/pvpgrams.com\/wp-content\/uploads\/2025\/12\/Order-A-PHP-Crystals-Online.jpg","contentUrl":"https:\/\/pvpgrams.com\/wp-content\/uploads\/2025\/12\/Order-A-PHP-Crystals-Online.jpg","width":600,"height":600,"caption":"Buy Alpha PHP online"},{"@type":"BreadcrumbList","@id":"https:\/\/pvpgrams.com\/product\/buy-alpha-php-online\/#breadcrumb","itemListElement":[{"@type":"ListItem","position":1,"name":"Home","item":"https:\/\/pvpgrams.com\/"},{"@type":"ListItem","position":2,"name":"Shop","item":"https:\/\/pvpgrams.com\/shop\/"},{"@type":"ListItem","position":3,"name":"Buy Alpha PHP online"}]},{"@type":"WebSite","@id":"https:\/\/pvpgrams.com\/#website","url":"https:\/\/pvpgrams.com\/","name":"PVP gramy","description":"","publisher":{"@id":"https:\/\/pvpgrams.com\/#organization"},"potentialAction":[{"@type":"SearchAction","target":{"@type":"EntryPoint","urlTemplate":"https:\/\/pvpgrams.com\/?s={search_term_string}"},"query-input":{"@type":"PropertyValueSpecification","valueRequired":true,"valueName":"search_term_string"}}],"inLanguage":"cs"},{"@type":"Organization","@id":"https:\/\/pvpgrams.com\/#organization","name":"PVP gramy","url":"https:\/\/pvpgrams.com\/","logo":{"@type":"ImageObject","inLanguage":"cs","@id":"https:\/\/pvpgrams.com\/#\/schema\/logo\/image\/","url":"https:\/\/pvpgrams.com\/wp-content\/uploads\/2024\/10\/logo.png","contentUrl":"https:\/\/pvpgrams.com\/wp-content\/uploads\/2024\/10\/logo.png","width":181,"height":41,"caption":"PVP Grams"},"image":{"@id":"https:\/\/pvpgrams.com\/#\/schema\/logo\/image\/"}}]}},"_links":{"self":[{"href":"https:\/\/pvpgrams.com\/cs\/wp-json\/wp\/v2\/product\/2223","targetHints":{"allow":["GET"]}}],"collection":[{"href":"https:\/\/pvpgrams.com\/cs\/wp-json\/wp\/v2\/product"}],"about":[{"href":"https:\/\/pvpgrams.com\/cs\/wp-json\/wp\/v2\/types\/product"}],"replies":[{"embeddable":true,"href":"https:\/\/pvpgrams.com\/cs\/wp-json\/wp\/v2\/comments?post=2223"}],"wp:featuredmedia":[{"embeddable":true,"href":"https:\/\/pvpgrams.com\/cs\/wp-json\/wp\/v2\/media\/2224"}],"wp:attachment":[{"href":"https:\/\/pvpgrams.com\/cs\/wp-json\/wp\/v2\/media?parent=2223"}],"wp:term":[{"taxonomy":"product_brand","embeddable":true,"href":"https:\/\/pvpgrams.com\/cs\/wp-json\/wp\/v2\/product_brand?post=2223"},{"taxonomy":"product_cat","embeddable":true,"href":"https:\/\/pvpgrams.com\/cs\/wp-json\/wp\/v2\/product_cat?post=2223"},{"taxonomy":"product_tag","embeddable":true,"href":"https:\/\/pvpgrams.com\/cs\/wp-json\/wp\/v2\/product_tag?post=2223"}],"curies":[{"name":"wp","href":"https:\/\/api.w.org\/{rel}","templated":true}]}}