{"id":1179,"date":"2024-10-31T18:15:27","date_gmt":"2024-10-31T18:15:27","guid":{"rendered":"https:\/\/pvpgrams.com\/?post_type=product&#038;p=1179"},"modified":"2025-09-02T10:38:02","modified_gmt":"2025-09-02T10:38:02","slug":"amphetamin","status":"publish","type":"product","link":"https:\/\/pvpgrams.com\/de\/product\/amphetamin\/","title":{"rendered":"Amphetamin online kaufen"},"content":{"rendered":"<h2 data-start=\"122\" data-end=\"182\"><strong data-start=\"122\" data-end=\"180\">Kaufen Sie Amphetamin online von einer zuverl\u00e4ssigen Forschungsquelle<\/strong><\/h2>\n<p data-start=\"184\" data-end=\"224\"><strong data-start=\"184\" data-end=\"222\">Kaufen Sie Amphetamin online bei Pvpgrams<\/strong><\/p>\n<p data-start=\"226\" data-end=\"779\">Kaufen Sie Amphetamin online bei Pvpgrams, einer vertrauensw\u00fcrdigen Quelle f\u00fcr hochreines Amphetamin f\u00fcr Forschung und pharmazeutische Zwecke. Amphetamin ist ein Stimulans des zentralen Nervensystems, das h\u00e4ufig in der Pharmazie und klinischen Forschung eingesetzt wird. Bekannt f\u00fcr seine Wirksamkeit bei der Behandlung von ADHS und Narkolepsie, <a href=\"https:\/\/pvpgrams.com\/de\/product\/amphetamin\/\">Amphetamin zu verkaufen<\/a> ist wertvoll f\u00fcr die Entwicklung von Medikamenten, die Konzentration, Wachheit und kognitive Funktionen verbessern. Bei Pvpgrams k\u00f6nnen Sie Amphetamin vertrauensvoll bestellen und sicher sein, dass jede Charge strenge Qualit\u00e4tsstandards und Konformit\u00e4tsanforderungen erf\u00fcllt.<\/p>\n<h3 data-start=\"781\" data-end=\"810\">Wichtigste Verwendungszwecke von Amphetamin<\/h3>\n<p data-start=\"812\" data-end=\"904\">Der Online-Kauf von Amphetaminen findet breite Anwendung in der Forschung und in pharmazeutischen Anwendungen:<\/p>\n<ul data-start=\"906\" data-end=\"1401\">\n<li data-start=\"906\" data-end=\"1066\">\n<p data-start=\"908\" data-end=\"1066\">Pharmazeutische Entwicklung: Amphetamin ist f\u00fcr die Entwicklung von Medikamenten gegen ADHS und Narkolepsie von entscheidender Bedeutung, da es die Konzentration und Wachsamkeit der Patienten f\u00f6rdert.<\/p>\n<\/li>\n<li data-start=\"1067\" data-end=\"1258\">\n<p data-start=\"1069\" data-end=\"1258\">Klinische Forschungsstudien: Forscher verwenden Amphetamin, um dessen Auswirkungen auf Aufmerksamkeit, Wahrnehmung und Wachheit zu untersuchen und so Einblicke in neurologische und psychologische Prozesse zu gewinnen.<\/p>\n<\/li>\n<li data-start=\"1259\" data-end=\"1401\">\n<p data-start=\"1261\" data-end=\"1401\">Amphetamin in gro\u00dfen Mengen f\u00fcr Labore: Pvpgrams liefert Amphetamin in gro\u00dfen Mengen f\u00fcr Labore, die Studien zu Stimulanzien und verwandten Verbindungen durchf\u00fchren.<\/p>\n<\/li>\n<\/ul>\n<h3 data-start=\"1403\" data-end=\"1443\">Warum Amphetamin von Pvpgrams kaufen?<\/h3>\n<p data-start=\"1445\" data-end=\"1673\">Als zuverl\u00e4ssiger Lieferant bietet Pvpgrams Premium <a href=\"https:\/\/en.wikipedia.org\/wiki\/Amphetamine\">Amphetamin<\/a> zum Verkauf mit garantierter Reinheit und Konsistenz. Wir bedienen Kunden weltweit, einschlie\u00dflich der USA, Europa, Kanada und Asien, und gew\u00e4hrleisten ein reibungsloses Bestellerlebnis.<\/p>\n<p data-start=\"1675\" data-end=\"2146\">Hochwertiges Amphetamin f\u00fcr Labore: Jede Charge wird strengen Tests unterzogen, um optimale Reinheit sicherzustellen, die f\u00fcr wissenschaftliche und analytische Anwendungen entscheidend ist.<br data-start=\"1838\" data-end=\"1841\" \/>Gleichbleibende und zuverl\u00e4ssige Qualit\u00e4t: Unser Amphetamin ist so formuliert, dass es stabile und reproduzierbare Ergebnisse f\u00fcr die Labor- und Pharmaforschung liefert.<br data-start=\"1994\" data-end=\"1997\" \/>Sichere und einfache Online-Bestellung: Forscher k\u00f6nnen Amphetamine sicher online \u00fcber den optimierten und sicheren Bestellvorgang von Pvpgrams kaufen.<\/p>\n<h3 data-start=\"2148\" data-end=\"2204\">Anwendungen von Amphetamin in der wissenschaftlichen Forschung<\/h3>\n<p data-start=\"2206\" data-end=\"2308\">Hochreines Amphetamin wird zum Verkauf in zahlreichen wissenschaftlichen und pharmakologischen Studien verwendet:<\/p>\n<ul data-start=\"2310\" data-end=\"2702\">\n<li data-start=\"2310\" data-end=\"2426\">\n<p data-start=\"2312\" data-end=\"2426\">Pharmakologische Studien: Untersuchen Sie die Wirkungsmechanismen, Rezeptorbindung und Stoffwechselwege von Amphetamin.<\/p>\n<\/li>\n<li data-start=\"2427\" data-end=\"2558\">\n<p data-start=\"2429\" data-end=\"2558\">Chemische und analytische Forschung: Amphetamin wird zur Analyse der Molek\u00fclstruktur, Stabilit\u00e4t und chemischen Wechselwirkungen verwendet.<\/p>\n<\/li>\n<li data-start=\"2559\" data-end=\"2702\">\n<p data-start=\"2561\" data-end=\"2702\">Substance Development and Testing: Amphetamine is valuable in experiments involving the development and testing of stimulant compounds.<\/p>\n<\/li>\n<\/ul>\n<h3 data-start=\"2704\" data-end=\"2752\">Sicherheitsrichtlinien und Lagerungshinweise<\/h3>\n<p data-start=\"2754\" data-end=\"2818\">Pvpgrams legt Wert auf die sichere Handhabung und Lagerung von Amphetaminen:<\/p>\n<ul data-start=\"2820\" data-end=\"3226\">\n<li data-start=\"2820\" data-end=\"2942\">\n<p data-start=\"2822\" data-end=\"2942\">Sichere Lagerung: Lagern Sie Amphetamin an einem k\u00fchlen, trockenen Ort und vor direkter Sonneneinstrahlung gesch\u00fctzt, um Qualit\u00e4t und Stabilit\u00e4t zu erhalten.<\/p>\n<\/li>\n<li data-start=\"2943\" data-end=\"3048\">\n<p data-start=\"2945\" data-end=\"3048\">Vorsichtsma\u00dfnahmen bei der Handhabung: Verwenden Sie pers\u00f6nliche Schutzausr\u00fcstung (PSA) und arbeiten Sie in einem gut bel\u00fcfteten Bereich.<\/p>\n<\/li>\n<li data-start=\"3049\" data-end=\"3226\">\n<p data-start=\"3051\" data-end=\"3226\">Nur f\u00fcr Forschungszwecke: Amphetamin ist ausschlie\u00dflich f\u00fcr professionelle Forschungszwecke in zertifizierten Labors bestimmt und nicht f\u00fcr den Verzehr durch Menschen oder Tiere geeignet.<\/p>\n<\/li>\n<\/ul>\n<h3 data-start=\"3228\" data-end=\"3281\">Bestellen Sie hochreines Amphetamin f\u00fcr Ihre Forschung<\/h3>\n<p data-start=\"3283\" data-end=\"3554\">Sie m\u00f6chten Amphetamin zuverl\u00e4ssig beziehen? Pvpgrams bietet hochreines Amphetamin mit schnellem Versand, sicheren Transaktionen und garantierter Qualit\u00e4t. Bestellen Sie Amphetamin noch heute online und sichern Sie sich konsistente und zuverl\u00e4ssige Ergebnisse f\u00fcr Ihre wissenschaftlichen Projekte.<\/p>\n<h3 data-start=\"3556\" data-end=\"3606\">Rechtlicher Status und Verf\u00fcgbarkeit von Amphetamin<\/h3>\n<p data-start=\"3608\" data-end=\"3928\">Der rechtliche Status von Amphetamin variiert aufgrund seiner stimulierenden Eigenschaften je nach Region. Pvpgrams verkauft Amphetamin ausschlie\u00dflich f\u00fcr autorisierte pharmazeutische und Forschungszwecke und gew\u00e4hrleistet die vollst\u00e4ndige Einhaltung lokaler und internationaler Vorschriften. Finden Sie mit Pvpgrams den besten Online-Besitzer f\u00fcr Amphetamin.<\/p>\n<p data-start=\"3930\" data-end=\"3966\">Amphetamin Preis und Bestellung<\/p>\n<p data-start=\"3968\" data-end=\"4155\">Pr\u00fcfen Sie unsere g\u00fcnstigen Amphetamin-Preise f\u00fcr Gro\u00dfbestellungen und Laborbestellungen. Forscher und Institutionen k\u00f6nnen Amphetamin sicher online kaufen und sich auf Qualit\u00e4t und Zuverl\u00e4ssigkeit verlassen.<\/p>","protected":false},"excerpt":{"rendered":"<p>Amphetamin ist ein Stimulans des zentralen Nervensystems, das Chemikalien im Gehirn und in den Nerven beeinflusst, die zu Hyperaktivit\u00e4t und Impulskontrolle beitragen. Es wird h\u00e4ufig bei Erkrankungen wie ADHS und Narkolepsie verschrieben. Es kann zwar die Konzentration und Energie steigern, birgt aber auch das Risiko von Nebenwirkungen und Missbrauch. Wenn Sie spezielle Fragen haben oder Informationen \u00fcber die Wirkungen, die Verwendung oder die Risiken ben\u00f6tigen, k\u00f6nnen Sie uns gerne fragen!<\/p>\n<h3>Amphetamin \u00dcberblick<\/h3>\n<p><strong>Formel:<\/strong> C9H13N<br \/>\n<strong>Formulare:<\/strong> Amphetamin-Sulfat, Dextroamphetamin, Lisdexamfetamin<\/p>\n<p><strong>Verwendet:<\/strong> Zur Behandlung von ADHS und Narkolepsie<br \/>\n<strong>Mechanismus:<\/strong> F\u00f6rdert die Freisetzung von Dopamin und Noradrenalin<br \/>\n<strong>Nebenwirkungen:<\/strong> Schlaflosigkeit, erh\u00f6hte Herzfrequenz, Angstzust\u00e4nde, Abh\u00e4ngigkeitsrisiko<br \/>\n<strong>Verordnung:<\/strong> Kontrollierte Substanz der Liste II<\/p>","protected":false},"featured_media":1180,"comment_status":"open","ping_status":"closed","template":"","meta":{"_kadence_starter_templates_imported_post":false,"_kad_post_transparent":"default","_kad_post_title":"","_kad_post_layout":"default","_kad_post_sidebar_id":"","_kad_post_content_style":"default","_kad_post_vertical_padding":"default","_kad_post_feature":"","_kad_post_feature_position":"","_kad_post_header":false,"_kad_post_footer":false,"_joinchat":[]},"product_brand":[],"product_cat":[359],"product_tag":[],"class_list":{"0":"post-1179","1":"product","2":"type-product","3":"status-publish","4":"has-post-thumbnail","6":"product_cat-stimulants","8":"first","9":"instock","10":"shipping-taxable","11":"purchasable","12":"product-type-variable","13":"entry","14":"content-bg","15":"loop-entry"},"yoast_head":"<!-- This site is optimized with the Yoast SEO plugin v26.5 - https:\/\/yoast.com\/wordpress\/plugins\/seo\/ -->\n<title>Buy Amphetamine Online - Amphetamine for Sale Online<\/title>\n<meta name=\"description\" content=\"At our pvpgrams, you can get amphetamine powder for sale at cheap rates. Here you can buy amphetamine online with high-quality from our store now with fast &amp; secure shipping service. Order Now!\" \/>\n<meta name=\"robots\" content=\"index, follow, max-snippet:-1, max-image-preview:large, max-video-preview:-1\" \/>\n<link rel=\"canonical\" href=\"https:\/\/pvpgrams.com\/de\/product\/amphetamin\/\" \/>\n<meta property=\"og:locale\" content=\"de_DE\" \/>\n<meta property=\"og:type\" content=\"article\" \/>\n<meta property=\"og:title\" content=\"Buy Amphetamine Online - Amphetamine for Sale Online\" \/>\n<meta property=\"og:description\" content=\"At our pvpgrams, you can get amphetamine powder for sale at cheap rates. Here you can buy amphetamine online with high-quality from our store now with fast &amp; secure shipping service. Order Now!\" \/>\n<meta property=\"og:url\" content=\"https:\/\/pvpgrams.com\/de\/product\/amphetamin\/\" \/>\n<meta property=\"og:site_name\" content=\"PVP Grams\" \/>\n<meta property=\"article:modified_time\" content=\"2025-09-02T10:38:02+00:00\" \/>\n<meta property=\"og:image\" content=\"https:\/\/pvpgrams.com\/wp-content\/uploads\/2024\/10\/Amphetamine.jpg\" \/>\n\t<meta property=\"og:image:width\" content=\"2048\" \/>\n\t<meta property=\"og:image:height\" content=\"1360\" \/>\n\t<meta property=\"og:image:type\" content=\"image\/jpeg\" \/>\n<meta name=\"twitter:card\" content=\"summary_large_image\" \/>\n<meta name=\"twitter:label1\" content=\"Gesch\u00e4tzte Lesezeit\" \/>\n\t<meta name=\"twitter:data1\" content=\"3\u00a0Minuten\" \/>\n<script type=\"application\/ld+json\" class=\"yoast-schema-graph\">{\"@context\":\"https:\/\/schema.org\",\"@graph\":[{\"@type\":[\"WebPage\",\"ItemPage\"],\"@id\":\"https:\/\/pvpgrams.com\/product\/amphetamine\/\",\"url\":\"https:\/\/pvpgrams.com\/product\/amphetamine\/\",\"name\":\"Buy Amphetamine Online - Amphetamine for Sale Online\",\"isPartOf\":{\"@id\":\"https:\/\/pvpgrams.com\/#website\"},\"primaryImageOfPage\":{\"@id\":\"https:\/\/pvpgrams.com\/product\/amphetamine\/#primaryimage\"},\"image\":{\"@id\":\"https:\/\/pvpgrams.com\/product\/amphetamine\/#primaryimage\"},\"thumbnailUrl\":\"https:\/\/pvpgrams.com\/wp-content\/uploads\/2024\/10\/Amphetamine.jpg\",\"datePublished\":\"2024-10-31T18:15:27+00:00\",\"dateModified\":\"2025-09-02T10:38:02+00:00\",\"description\":\"At our pvpgrams, you can get amphetamine powder for sale at cheap rates. Here you can buy amphetamine online with high-quality from our store now with fast & secure shipping service. Order Now!\",\"breadcrumb\":{\"@id\":\"https:\/\/pvpgrams.com\/product\/amphetamine\/#breadcrumb\"},\"inLanguage\":\"de\",\"potentialAction\":[{\"@type\":\"ReadAction\",\"target\":[\"https:\/\/pvpgrams.com\/product\/amphetamine\/\"]}]},{\"@type\":\"ImageObject\",\"inLanguage\":\"de\",\"@id\":\"https:\/\/pvpgrams.com\/product\/amphetamine\/#primaryimage\",\"url\":\"https:\/\/pvpgrams.com\/wp-content\/uploads\/2024\/10\/Amphetamine.jpg\",\"contentUrl\":\"https:\/\/pvpgrams.com\/wp-content\/uploads\/2024\/10\/Amphetamine.jpg\",\"width\":2048,\"height\":1360,\"caption\":\"Buy Amphetamine Online\"},{\"@type\":\"BreadcrumbList\",\"@id\":\"https:\/\/pvpgrams.com\/product\/amphetamine\/#breadcrumb\",\"itemListElement\":[{\"@type\":\"ListItem\",\"position\":1,\"name\":\"Home\",\"item\":\"https:\/\/pvpgrams.com\/\"},{\"@type\":\"ListItem\",\"position\":2,\"name\":\"Shop\",\"item\":\"https:\/\/pvpgrams.com\/shop\/\"},{\"@type\":\"ListItem\",\"position\":3,\"name\":\"Buy Amphetamine Online\"}]},{\"@type\":\"WebSite\",\"@id\":\"https:\/\/pvpgrams.com\/#website\",\"url\":\"https:\/\/pvpgrams.com\/\",\"name\":\"PVP Grams\",\"description\":\"\",\"publisher\":{\"@id\":\"https:\/\/pvpgrams.com\/#organization\"},\"potentialAction\":[{\"@type\":\"SearchAction\",\"target\":{\"@type\":\"EntryPoint\",\"urlTemplate\":\"https:\/\/pvpgrams.com\/?s={search_term_string}\"},\"query-input\":{\"@type\":\"PropertyValueSpecification\",\"valueRequired\":true,\"valueName\":\"search_term_string\"}}],\"inLanguage\":\"de\"},{\"@type\":\"Organization\",\"@id\":\"https:\/\/pvpgrams.com\/#organization\",\"name\":\"PVP Grams\",\"url\":\"https:\/\/pvpgrams.com\/\",\"logo\":{\"@type\":\"ImageObject\",\"inLanguage\":\"de\",\"@id\":\"https:\/\/pvpgrams.com\/#\/schema\/logo\/image\/\",\"url\":\"https:\/\/pvpgrams.com\/wp-content\/uploads\/2024\/10\/logo.png\",\"contentUrl\":\"https:\/\/pvpgrams.com\/wp-content\/uploads\/2024\/10\/logo.png\",\"width\":181,\"height\":41,\"caption\":\"PVP Grams\"},\"image\":{\"@id\":\"https:\/\/pvpgrams.com\/#\/schema\/logo\/image\/\"}}]}<\/script>\n<!-- \/ Yoast SEO plugin. -->","yoast_head_json":{"title":"Kaufen Amphetamin Online - Amphetamin f\u00fcr Verkauf Online","description":"Auf unserer pvpgrams, k\u00f6nnen Sie Amphetamin Pulver zum Verkauf zu g\u00fcnstigen Preisen zu bekommen. Hier k\u00f6nnen Sie Amphetamin online kaufen mit hoher Qualit\u00e4t aus unserem Shop jetzt mit schnellen und sicheren Versand-Service. Bestellen Sie jetzt!","robots":{"index":"index","follow":"follow","max-snippet":"max-snippet:-1","max-image-preview":"max-image-preview:large","max-video-preview":"max-video-preview:-1"},"canonical":"https:\/\/pvpgrams.com\/de\/product\/amphetamin\/","og_locale":"de_DE","og_type":"article","og_title":"Buy Amphetamine Online - Amphetamine for Sale Online","og_description":"At our pvpgrams, you can get amphetamine powder for sale at cheap rates. Here you can buy amphetamine online with high-quality from our store now with fast & secure shipping service. Order Now!","og_url":"https:\/\/pvpgrams.com\/de\/product\/amphetamin\/","og_site_name":"PVP Grams","article_modified_time":"2025-09-02T10:38:02+00:00","og_image":[{"width":2048,"height":1360,"url":"https:\/\/pvpgrams.com\/wp-content\/uploads\/2024\/10\/Amphetamine.jpg","type":"image\/jpeg"}],"twitter_card":"summary_large_image","twitter_misc":{"Gesch\u00e4tzte Lesezeit":"3\u00a0Minuten"},"schema":{"@context":"https:\/\/schema.org","@graph":[{"@type":["WebPage","ItemPage"],"@id":"https:\/\/pvpgrams.com\/product\/amphetamine\/","url":"https:\/\/pvpgrams.com\/product\/amphetamine\/","name":"Kaufen Amphetamin Online - Amphetamin f\u00fcr Verkauf Online","isPartOf":{"@id":"https:\/\/pvpgrams.com\/#website"},"primaryImageOfPage":{"@id":"https:\/\/pvpgrams.com\/product\/amphetamine\/#primaryimage"},"image":{"@id":"https:\/\/pvpgrams.com\/product\/amphetamine\/#primaryimage"},"thumbnailUrl":"https:\/\/pvpgrams.com\/wp-content\/uploads\/2024\/10\/Amphetamine.jpg","datePublished":"2024-10-31T18:15:27+00:00","dateModified":"2025-09-02T10:38:02+00:00","description":"Auf unserer pvpgrams, k\u00f6nnen Sie Amphetamin Pulver zum Verkauf zu g\u00fcnstigen Preisen zu bekommen. Hier k\u00f6nnen Sie Amphetamin online kaufen mit hoher Qualit\u00e4t aus unserem Shop jetzt mit schnellen und sicheren Versand-Service. Bestellen Sie jetzt!","breadcrumb":{"@id":"https:\/\/pvpgrams.com\/product\/amphetamine\/#breadcrumb"},"inLanguage":"de","potentialAction":[{"@type":"ReadAction","target":["https:\/\/pvpgrams.com\/product\/amphetamine\/"]}]},{"@type":"ImageObject","inLanguage":"de","@id":"https:\/\/pvpgrams.com\/product\/amphetamine\/#primaryimage","url":"https:\/\/pvpgrams.com\/wp-content\/uploads\/2024\/10\/Amphetamine.jpg","contentUrl":"https:\/\/pvpgrams.com\/wp-content\/uploads\/2024\/10\/Amphetamine.jpg","width":2048,"height":1360,"caption":"Buy Amphetamine Online"},{"@type":"BreadcrumbList","@id":"https:\/\/pvpgrams.com\/product\/amphetamine\/#breadcrumb","itemListElement":[{"@type":"ListItem","position":1,"name":"Home","item":"https:\/\/pvpgrams.com\/"},{"@type":"ListItem","position":2,"name":"Shop","item":"https:\/\/pvpgrams.com\/shop\/"},{"@type":"ListItem","position":3,"name":"Buy Amphetamine Online"}]},{"@type":"WebSite","@id":"https:\/\/pvpgrams.com\/#website","url":"https:\/\/pvpgrams.com\/","name":"PVP-Gramm","description":"","publisher":{"@id":"https:\/\/pvpgrams.com\/#organization"},"potentialAction":[{"@type":"SearchAction","target":{"@type":"EntryPoint","urlTemplate":"https:\/\/pvpgrams.com\/?s={search_term_string}"},"query-input":{"@type":"PropertyValueSpecification","valueRequired":true,"valueName":"search_term_string"}}],"inLanguage":"de"},{"@type":"Organization","@id":"https:\/\/pvpgrams.com\/#organization","name":"PVP-Gramm","url":"https:\/\/pvpgrams.com\/","logo":{"@type":"ImageObject","inLanguage":"de","@id":"https:\/\/pvpgrams.com\/#\/schema\/logo\/image\/","url":"https:\/\/pvpgrams.com\/wp-content\/uploads\/2024\/10\/logo.png","contentUrl":"https:\/\/pvpgrams.com\/wp-content\/uploads\/2024\/10\/logo.png","width":181,"height":41,"caption":"PVP Grams"},"image":{"@id":"https:\/\/pvpgrams.com\/#\/schema\/logo\/image\/"}}]}},"_links":{"self":[{"href":"https:\/\/pvpgrams.com\/de\/wp-json\/wp\/v2\/product\/1179","targetHints":{"allow":["GET"]}}],"collection":[{"href":"https:\/\/pvpgrams.com\/de\/wp-json\/wp\/v2\/product"}],"about":[{"href":"https:\/\/pvpgrams.com\/de\/wp-json\/wp\/v2\/types\/product"}],"replies":[{"embeddable":true,"href":"https:\/\/pvpgrams.com\/de\/wp-json\/wp\/v2\/comments?post=1179"}],"wp:featuredmedia":[{"embeddable":true,"href":"https:\/\/pvpgrams.com\/de\/wp-json\/wp\/v2\/media\/1180"}],"wp:attachment":[{"href":"https:\/\/pvpgrams.com\/de\/wp-json\/wp\/v2\/media?parent=1179"}],"wp:term":[{"taxonomy":"product_brand","embeddable":true,"href":"https:\/\/pvpgrams.com\/de\/wp-json\/wp\/v2\/product_brand?post=1179"},{"taxonomy":"product_cat","embeddable":true,"href":"https:\/\/pvpgrams.com\/de\/wp-json\/wp\/v2\/product_cat?post=1179"},{"taxonomy":"product_tag","embeddable":true,"href":"https:\/\/pvpgrams.com\/de\/wp-json\/wp\/v2\/product_tag?post=1179"}],"curies":[{"name":"wp","href":"https:\/\/api.w.org\/{rel}","templated":true}]}}