{"id":1222,"date":"2024-11-24T22:43:46","date_gmt":"2024-11-24T22:43:46","guid":{"rendered":"https:\/\/pvpgrams.com\/?post_type=product&#038;p=1222"},"modified":"2025-08-30T18:54:36","modified_gmt":"2025-08-30T18:54:36","slug":"5-meo-dmt","status":"publish","type":"product","link":"https:\/\/pvpgrams.com\/de\/product\/5-meo-dmt\/","title":{"rendered":"5-MeO-DMT online kaufen"},"content":{"rendered":"<h2 data-start=\"117\" data-end=\"175\"><strong data-start=\"117\" data-end=\"173\">Kaufen Sie 5-MeO-DMT online von einer zuverl\u00e4ssigen Forschungsquelle<\/strong><\/h2>\n<p data-start=\"177\" data-end=\"215\"><strong data-start=\"177\" data-end=\"213\">5-MeO-DMT online kaufen bei Pvpgrams<\/strong><\/p>\n<p data-start=\"217\" data-end=\"774\"><a href=\"https:\/\/pvpgrams.com\/de\/product\/5-meo-dmt\/\">5-MeO-DMT online kaufen<\/a> (5-Methoxy-N,N-Dimethyltryptamin) ist eine potente und nat\u00fcrlich vorkommende Tryptaminverbindung, die f\u00fcr ihre tiefgreifenden Auswirkungen auf Bewusstsein und Wahrnehmung bekannt ist. 5-MeO-DMT wurde aufgrund seiner einzigartigen Eigenschaften umfassend untersucht und hat sowohl in der wissenschaftlichen Forschung als auch bei pers\u00f6nlichen Erkundungen Beachtung gefunden. Bei Pvpgrams bieten wir hochwertiges 5-MeO-DMT f\u00fcr Forscher und Einzelpersonen, die eine vertrauensw\u00fcrdige Quelle suchen \u2013 mit sicheren Transaktionen, diskreter Verpackung und schneller Lieferung. Bestellen Sie 5-MeO-DMT sicher und vertrauensvoll \u00fcber unsere Plattform.<\/p>\n<h3 data-start=\"776\" data-end=\"816\">Anwendungen und Verwendungen von 5-MeO-DMT<\/h3>\n<p data-start=\"818\" data-end=\"862\"><strong data-start=\"818\" data-end=\"860\">Wissenschaftliche Forschung und akademische Studien<\/strong><\/p>\n<p data-start=\"864\" data-end=\"1164\"><a href=\"https:\/\/en.wikipedia.org\/wiki\/5-MeO-DMT\">5-MeO-DMT<\/a> wird h\u00e4ufig in der neurowissenschaftlichen und psychopharmakologischen Forschung eingesetzt, um seine Wechselwirkung mit Serotoninrezeptoren und seine Auswirkungen auf Kognition und Bewusstsein zu untersuchen. Labore kaufen 5-MeO-DMT online, um seine Struktur und biologische Aktivit\u00e4t unter kontrollierten Bedingungen zu erforschen.<\/p>\n<p data-start=\"1166\" data-end=\"1209\"><strong data-start=\"1166\" data-end=\"1207\">Erforschung und Bewusstseinsstudien<\/strong><\/p>\n<p data-start=\"1211\" data-end=\"1406\">Viele Menschen kaufen 5-MeO-DMT, weil es in der Lage ist, in gezielten und kontrollierten Situationen ver\u00e4nderte Bewusstseinszust\u00e4nde herbeizuf\u00fchren, was es f\u00fcr die Selbstfindung und spirituelle Forschung beliebt macht.<\/p>\n<p data-start=\"1408\" data-end=\"1438\"><strong data-start=\"1408\" data-end=\"1436\">Pharmakologisches Interesse<\/strong><\/p>\n<p data-start=\"1440\" data-end=\"1620\">Als Tryptaminderivat ist 5-MeO-DMT von gro\u00dfem Interesse f\u00fcr pharmakologische Studien, insbesondere f\u00fcr die Analyse der Rezeptorbindung und potenzielle therapeutische Anwendungen.<\/p>\n<h3 data-start=\"1622\" data-end=\"1660\">Warum 5-MeO-DMT bei Pvpgrams kaufen?<\/h3>\n<p data-start=\"1662\" data-end=\"1800\">Bei Pvpgrams sorgen wir f\u00fcr ein erstklassiges Erlebnis f\u00fcr Forscher und Entdecker und legen dabei Wert auf Qualit\u00e4t, Zuverl\u00e4ssigkeit und Kundenzufriedenheit.<\/p>\n<p data-start=\"1802\" data-end=\"1830\"><strong data-start=\"1802\" data-end=\"1828\">Hochwertiges 5-MeO-DMT<\/strong><\/p>\n<p data-start=\"1832\" data-end=\"1973\">Unser 5-MeO-DMT wird online auf Reinheit und Konsistenz gepr\u00fcft, um sicherzustellen, dass es sowohl f\u00fcr die Forschung als auch f\u00fcr das pers\u00f6nliche Studium strenge Standards erf\u00fcllt.<\/p>\n<p data-start=\"1975\" data-end=\"2013\"><strong data-start=\"1975\" data-end=\"2011\">Sichere und diskrete Transaktionen<\/strong><\/p>\n<p data-start=\"2015\" data-end=\"2123\">Wir sch\u00fctzen Ihre Privatsph\u00e4re mit sicheren Zahlungsmethoden und diskreter Verpackung f\u00fcr jede 5-MeO-DMT-Bestellung.<\/p>\n<p data-start=\"2125\" data-end=\"2157\"><strong data-start=\"2125\" data-end=\"2155\">Schnelle und verl\u00e4ssliche Lieferung<\/strong><\/p>\n<p data-start=\"2159\" data-end=\"2294\">Wenn Sie 5-MeO-DMT bestellen, garantiert unser Logistiknetzwerk eine p\u00fcnktliche und sichere Lieferung weltweit, sodass Ihre Projekte im Zeitplan bleiben.<\/p>\n<p data-start=\"2296\" data-end=\"2320\"><strong data-start=\"2296\" data-end=\"2318\">Erschwingliche Preisgestaltung<\/strong><\/p>\n<p data-start=\"2322\" data-end=\"2441\">Wir bieten wettbewerbsf\u00e4hige 5-MeO-DMT-Preise und damit ein hervorragendes Preis-Leistungs-Verh\u00e4ltnis ohne Kompromisse bei Reinheit oder Qualit\u00e4t.<\/p>\n<h3 data-start=\"2443\" data-end=\"2471\">Wo kann man 5-MeO-DMT kaufen?<\/h3>\n<p data-start=\"2473\" data-end=\"2661\">Sie fragen sich, wo Sie 5-MeO-DMT kaufen k\u00f6nnen? Pvpgrams ist ein vertrauensw\u00fcrdiger, gepr\u00fcfter Lieferant, der qualitativ hochwertige Produkte und vollst\u00e4ndige Transparenz bietet und somit der beste Ort ist, um 5-MeO-DMT online zu kaufen.<\/p>\n<h3 data-start=\"2663\" data-end=\"2695\">5-MeO-DMT heute online kaufen<\/h3>\n<p data-start=\"2697\" data-end=\"3043\">Suchen Sie eine zuverl\u00e4ssige Quelle f\u00fcr 5-MeO-DMT? Bei Pvpgrams bieten wir hochwertiges 5-MeO-DMT, sicheren Online-Kauf, schnellen Versand und hervorragenden Kundenservice. Ob Forscher oder Entdecker \u2013 kaufen Sie 5-MeO-DMT noch heute online und erleben Sie den Komfort, die Sicherheit und die Qualit\u00e4t eines vertrauensw\u00fcrdigen Lieferanten.<\/p>","protected":false},"excerpt":{"rendered":"<h3><strong>5-MeO-DMT: Hochreines Tryptamin f\u00fcr Forschung und industrielle Nutzung<\/strong><\/h3>\n<p><strong>5-MeO-DMT (5-Methoxy-N,N-dimethyltryptamin)<\/strong> ist eine nat\u00fcrlich vorkommende Tryptaminverbindung, die f\u00fcr ihre <strong>psychedelische und entheogene Wirkungen<\/strong>. Es kommt in Pflanzen und bestimmten Tierarten vor und wird in der Forschung umfassend untersucht. <strong>Neurowissenschaften<\/strong>, <strong>psychedelische Forschung<\/strong>und <strong>chemische Analyse<\/strong>. Wir von Factoryson bieten <strong>hochreines 5-MeO-DMT<\/strong> f\u00fcr <strong>Forschung und industrielle Anwendungen<\/strong>und gew\u00e4hrleisten so h\u00f6chste Qualit\u00e4t und sichere Lieferung.<\/p>\n<h3><strong>Wie funktioniert 5-MeO-DMT?<\/strong><\/h3>\n<p>5-MeO-DMT wirkt in erster Linie als <strong>Agonist<\/strong> unter <strong>5-HT1A und 5-HT2A Serotoninrezeptoren<\/strong>und f\u00fchrt zu tiefgreifenden Ver\u00e4nderungen der Wahrnehmung, Stimmung und Kognition. Sein rascher Wirkungseintritt und seine intensive Wirkung machen es zu einer wertvollen Verbindung f\u00fcr die Untersuchung <strong>Bewusstsein<\/strong> und <strong>Neurotransmitter-Interaktionen<\/strong>.<\/p>\n<h3><strong>Produktformel<\/strong><\/h3>\n<ul>\n<li><strong>Chemische Bezeichnung<\/strong>: 5-Methoxy-N,N-dimethyltryptamin<\/li>\n<li><strong>Molekulare Formel<\/strong>: C13H18N2O<\/li>\n<li><strong>Molare Masse<\/strong>: 218,3 g\/mol<\/li>\n<\/ul>","protected":false},"featured_media":1430,"comment_status":"open","ping_status":"closed","template":"","meta":{"_kadence_starter_templates_imported_post":false,"_kad_post_transparent":"default","_kad_post_title":"","_kad_post_layout":"default","_kad_post_sidebar_id":"","_kad_post_content_style":"default","_kad_post_vertical_padding":"default","_kad_post_feature":"","_kad_post_feature_position":"","_kad_post_header":false,"_kad_post_footer":false,"_joinchat":[]},"product_brand":[],"product_cat":[53,55,58,139],"product_tag":[],"class_list":{"0":"post-1222","1":"product","2":"type-product","3":"status-publish","4":"has-post-thumbnail","6":"product_cat-4-aco-dmt","7":"product_cat-5-meo-dmt","8":"product_cat-dmt","9":"product_cat-dmt-vape","11":"first","12":"instock","13":"shipping-taxable","14":"purchasable","15":"product-type-variable","16":"entry","17":"content-bg","18":"loop-entry"},"yoast_head":"<!-- This site is optimized with the Yoast SEO plugin v26.5 - https:\/\/yoast.com\/wordpress\/plugins\/seo\/ -->\n<title>Buy 5-MeO-DMT Online - 5-MeO-DMT Powder for Sale<\/title>\n<meta name=\"description\" content=\"Looking to buy 5 meo dmt online? Discover a seamless platform at our online store where you can 5 meo dmt powder for sale, ensuring top-grade quality for your research needs.\" \/>\n<meta name=\"robots\" content=\"index, follow, max-snippet:-1, max-image-preview:large, max-video-preview:-1\" \/>\n<link rel=\"canonical\" href=\"https:\/\/pvpgrams.com\/de\/product\/5-meo-dmt\/\" \/>\n<meta property=\"og:locale\" content=\"de_DE\" \/>\n<meta property=\"og:type\" content=\"article\" \/>\n<meta property=\"og:title\" content=\"Buy 5-MeO-DMT Online - 5-MeO-DMT Powder for Sale\" \/>\n<meta property=\"og:description\" content=\"Looking to buy 5 meo dmt online? Discover a seamless platform at our online store where you can 5 meo dmt powder for sale, ensuring top-grade quality for your research needs.\" \/>\n<meta property=\"og:url\" content=\"https:\/\/pvpgrams.com\/de\/product\/5-meo-dmt\/\" \/>\n<meta property=\"og:site_name\" content=\"PVP Grams\" \/>\n<meta property=\"article:modified_time\" content=\"2025-08-30T18:54:36+00:00\" \/>\n<meta property=\"og:image\" content=\"https:\/\/pvpgrams.com\/wp-content\/uploads\/2024\/11\/Buy-5-MeO-DMT-Online.jpg\" \/>\n\t<meta property=\"og:image:width\" content=\"600\" \/>\n\t<meta property=\"og:image:height\" content=\"600\" \/>\n\t<meta property=\"og:image:type\" content=\"image\/jpeg\" \/>\n<meta name=\"twitter:card\" content=\"summary_large_image\" \/>\n<meta name=\"twitter:label1\" content=\"Gesch\u00e4tzte Lesezeit\" \/>\n\t<meta name=\"twitter:data1\" content=\"2\u00a0Minuten\" \/>\n<script type=\"application\/ld+json\" class=\"yoast-schema-graph\">{\"@context\":\"https:\/\/schema.org\",\"@graph\":[{\"@type\":[\"WebPage\",\"ItemPage\"],\"@id\":\"https:\/\/pvpgrams.com\/product\/5-meo-dmt\/\",\"url\":\"https:\/\/pvpgrams.com\/product\/5-meo-dmt\/\",\"name\":\"Buy 5-MeO-DMT Online - 5-MeO-DMT Powder for Sale\",\"isPartOf\":{\"@id\":\"https:\/\/pvpgrams.com\/#website\"},\"primaryImageOfPage\":{\"@id\":\"https:\/\/pvpgrams.com\/product\/5-meo-dmt\/#primaryimage\"},\"image\":{\"@id\":\"https:\/\/pvpgrams.com\/product\/5-meo-dmt\/#primaryimage\"},\"thumbnailUrl\":\"https:\/\/pvpgrams.com\/wp-content\/uploads\/2024\/11\/Buy-5-MeO-DMT-Online.jpg\",\"datePublished\":\"2024-11-24T22:43:46+00:00\",\"dateModified\":\"2025-08-30T18:54:36+00:00\",\"description\":\"Looking to buy 5 meo dmt online? Discover a seamless platform at our online store where you can 5 meo dmt powder for sale, ensuring top-grade quality for your research needs.\",\"breadcrumb\":{\"@id\":\"https:\/\/pvpgrams.com\/product\/5-meo-dmt\/#breadcrumb\"},\"inLanguage\":\"de\",\"potentialAction\":[{\"@type\":\"ReadAction\",\"target\":[\"https:\/\/pvpgrams.com\/product\/5-meo-dmt\/\"]}]},{\"@type\":\"ImageObject\",\"inLanguage\":\"de\",\"@id\":\"https:\/\/pvpgrams.com\/product\/5-meo-dmt\/#primaryimage\",\"url\":\"https:\/\/pvpgrams.com\/wp-content\/uploads\/2024\/11\/Buy-5-MeO-DMT-Online.jpg\",\"contentUrl\":\"https:\/\/pvpgrams.com\/wp-content\/uploads\/2024\/11\/Buy-5-MeO-DMT-Online.jpg\",\"width\":600,\"height\":600,\"caption\":\"Buy-5-MeO-DMT-Online\"},{\"@type\":\"BreadcrumbList\",\"@id\":\"https:\/\/pvpgrams.com\/product\/5-meo-dmt\/#breadcrumb\",\"itemListElement\":[{\"@type\":\"ListItem\",\"position\":1,\"name\":\"Home\",\"item\":\"https:\/\/pvpgrams.com\/\"},{\"@type\":\"ListItem\",\"position\":2,\"name\":\"Shop\",\"item\":\"https:\/\/pvpgrams.com\/shop\/\"},{\"@type\":\"ListItem\",\"position\":3,\"name\":\"Buy 5-MeO-DMT Online\"}]},{\"@type\":\"WebSite\",\"@id\":\"https:\/\/pvpgrams.com\/#website\",\"url\":\"https:\/\/pvpgrams.com\/\",\"name\":\"PVP Grams\",\"description\":\"\",\"publisher\":{\"@id\":\"https:\/\/pvpgrams.com\/#organization\"},\"potentialAction\":[{\"@type\":\"SearchAction\",\"target\":{\"@type\":\"EntryPoint\",\"urlTemplate\":\"https:\/\/pvpgrams.com\/?s={search_term_string}\"},\"query-input\":{\"@type\":\"PropertyValueSpecification\",\"valueRequired\":true,\"valueName\":\"search_term_string\"}}],\"inLanguage\":\"de\"},{\"@type\":\"Organization\",\"@id\":\"https:\/\/pvpgrams.com\/#organization\",\"name\":\"PVP Grams\",\"url\":\"https:\/\/pvpgrams.com\/\",\"logo\":{\"@type\":\"ImageObject\",\"inLanguage\":\"de\",\"@id\":\"https:\/\/pvpgrams.com\/#\/schema\/logo\/image\/\",\"url\":\"https:\/\/pvpgrams.com\/wp-content\/uploads\/2024\/10\/logo.png\",\"contentUrl\":\"https:\/\/pvpgrams.com\/wp-content\/uploads\/2024\/10\/logo.png\",\"width\":181,\"height\":41,\"caption\":\"PVP Grams\"},\"image\":{\"@id\":\"https:\/\/pvpgrams.com\/#\/schema\/logo\/image\/\"}}]}<\/script>\n<!-- \/ Yoast SEO plugin. -->","yoast_head_json":{"title":"5-MeO-DMT online kaufen - 5-MeO-DMT-Pulver zu verkaufen","description":"M\u00f6chten Sie 5 meo dmt online kaufen? Entdecken Sie eine nahtlose Plattform in unserem Online-Shop, wo Sie 5 meo dmt-Pulver kaufen k\u00f6nnen, und sichern Sie sich eine erstklassige Qualit\u00e4t f\u00fcr Ihre Forschungsbed\u00fcrfnisse.","robots":{"index":"index","follow":"follow","max-snippet":"max-snippet:-1","max-image-preview":"max-image-preview:large","max-video-preview":"max-video-preview:-1"},"canonical":"https:\/\/pvpgrams.com\/de\/product\/5-meo-dmt\/","og_locale":"de_DE","og_type":"article","og_title":"Buy 5-MeO-DMT Online - 5-MeO-DMT Powder for Sale","og_description":"Looking to buy 5 meo dmt online? Discover a seamless platform at our online store where you can 5 meo dmt powder for sale, ensuring top-grade quality for your research needs.","og_url":"https:\/\/pvpgrams.com\/de\/product\/5-meo-dmt\/","og_site_name":"PVP Grams","article_modified_time":"2025-08-30T18:54:36+00:00","og_image":[{"width":600,"height":600,"url":"https:\/\/pvpgrams.com\/wp-content\/uploads\/2024\/11\/Buy-5-MeO-DMT-Online.jpg","type":"image\/jpeg"}],"twitter_card":"summary_large_image","twitter_misc":{"Gesch\u00e4tzte Lesezeit":"2\u00a0Minuten"},"schema":{"@context":"https:\/\/schema.org","@graph":[{"@type":["WebPage","ItemPage"],"@id":"https:\/\/pvpgrams.com\/product\/5-meo-dmt\/","url":"https:\/\/pvpgrams.com\/product\/5-meo-dmt\/","name":"5-MeO-DMT online kaufen - 5-MeO-DMT-Pulver zu verkaufen","isPartOf":{"@id":"https:\/\/pvpgrams.com\/#website"},"primaryImageOfPage":{"@id":"https:\/\/pvpgrams.com\/product\/5-meo-dmt\/#primaryimage"},"image":{"@id":"https:\/\/pvpgrams.com\/product\/5-meo-dmt\/#primaryimage"},"thumbnailUrl":"https:\/\/pvpgrams.com\/wp-content\/uploads\/2024\/11\/Buy-5-MeO-DMT-Online.jpg","datePublished":"2024-11-24T22:43:46+00:00","dateModified":"2025-08-30T18:54:36+00:00","description":"M\u00f6chten Sie 5 meo dmt online kaufen? Entdecken Sie eine nahtlose Plattform in unserem Online-Shop, wo Sie 5 meo dmt-Pulver kaufen k\u00f6nnen, und sichern Sie sich eine erstklassige Qualit\u00e4t f\u00fcr Ihre Forschungsbed\u00fcrfnisse.","breadcrumb":{"@id":"https:\/\/pvpgrams.com\/product\/5-meo-dmt\/#breadcrumb"},"inLanguage":"de","potentialAction":[{"@type":"ReadAction","target":["https:\/\/pvpgrams.com\/product\/5-meo-dmt\/"]}]},{"@type":"ImageObject","inLanguage":"de","@id":"https:\/\/pvpgrams.com\/product\/5-meo-dmt\/#primaryimage","url":"https:\/\/pvpgrams.com\/wp-content\/uploads\/2024\/11\/Buy-5-MeO-DMT-Online.jpg","contentUrl":"https:\/\/pvpgrams.com\/wp-content\/uploads\/2024\/11\/Buy-5-MeO-DMT-Online.jpg","width":600,"height":600,"caption":"Buy-5-MeO-DMT-Online"},{"@type":"BreadcrumbList","@id":"https:\/\/pvpgrams.com\/product\/5-meo-dmt\/#breadcrumb","itemListElement":[{"@type":"ListItem","position":1,"name":"Home","item":"https:\/\/pvpgrams.com\/"},{"@type":"ListItem","position":2,"name":"Shop","item":"https:\/\/pvpgrams.com\/shop\/"},{"@type":"ListItem","position":3,"name":"Buy 5-MeO-DMT Online"}]},{"@type":"WebSite","@id":"https:\/\/pvpgrams.com\/#website","url":"https:\/\/pvpgrams.com\/","name":"PVP-Gramm","description":"","publisher":{"@id":"https:\/\/pvpgrams.com\/#organization"},"potentialAction":[{"@type":"SearchAction","target":{"@type":"EntryPoint","urlTemplate":"https:\/\/pvpgrams.com\/?s={search_term_string}"},"query-input":{"@type":"PropertyValueSpecification","valueRequired":true,"valueName":"search_term_string"}}],"inLanguage":"de"},{"@type":"Organization","@id":"https:\/\/pvpgrams.com\/#organization","name":"PVP-Gramm","url":"https:\/\/pvpgrams.com\/","logo":{"@type":"ImageObject","inLanguage":"de","@id":"https:\/\/pvpgrams.com\/#\/schema\/logo\/image\/","url":"https:\/\/pvpgrams.com\/wp-content\/uploads\/2024\/10\/logo.png","contentUrl":"https:\/\/pvpgrams.com\/wp-content\/uploads\/2024\/10\/logo.png","width":181,"height":41,"caption":"PVP Grams"},"image":{"@id":"https:\/\/pvpgrams.com\/#\/schema\/logo\/image\/"}}]}},"_links":{"self":[{"href":"https:\/\/pvpgrams.com\/de\/wp-json\/wp\/v2\/product\/1222","targetHints":{"allow":["GET"]}}],"collection":[{"href":"https:\/\/pvpgrams.com\/de\/wp-json\/wp\/v2\/product"}],"about":[{"href":"https:\/\/pvpgrams.com\/de\/wp-json\/wp\/v2\/types\/product"}],"replies":[{"embeddable":true,"href":"https:\/\/pvpgrams.com\/de\/wp-json\/wp\/v2\/comments?post=1222"}],"wp:featuredmedia":[{"embeddable":true,"href":"https:\/\/pvpgrams.com\/de\/wp-json\/wp\/v2\/media\/1430"}],"wp:attachment":[{"href":"https:\/\/pvpgrams.com\/de\/wp-json\/wp\/v2\/media?parent=1222"}],"wp:term":[{"taxonomy":"product_brand","embeddable":true,"href":"https:\/\/pvpgrams.com\/de\/wp-json\/wp\/v2\/product_brand?post=1222"},{"taxonomy":"product_cat","embeddable":true,"href":"https:\/\/pvpgrams.com\/de\/wp-json\/wp\/v2\/product_cat?post=1222"},{"taxonomy":"product_tag","embeddable":true,"href":"https:\/\/pvpgrams.com\/de\/wp-json\/wp\/v2\/product_tag?post=1222"}],"curies":[{"name":"wp","href":"https:\/\/api.w.org\/{rel}","templated":true}]}}