{"id":1610,"date":"2025-05-15T11:25:30","date_gmt":"2025-05-15T11:25:30","guid":{"rendered":"https:\/\/pvpgrams.com\/?post_type=product&#038;p=1610"},"modified":"2025-08-26T14:51:17","modified_gmt":"2025-08-26T14:51:17","slug":"bromadol-hcl-pulver-bdpc","status":"publish","type":"product","link":"https:\/\/pvpgrams.com\/de\/product\/bromadol-hcl-pulver-bdpc\/","title":{"rendered":"Bromadol Hcl-Pulver (BDPC)"},"content":{"rendered":"<h2 data-start=\"231\" data-end=\"297\">Kaufen Sie Bromadol HCl-Pulver online von einer zuverl\u00e4ssigen Forschungsquelle<\/h2>\n<h3 data-start=\"299\" data-end=\"365\">Bromadol HCl Pulver (BDPC) online kaufen \u2013 Bromadol HCl zu verkaufen<\/h3>\n<p data-start=\"367\" data-end=\"754\">M\u00f6chten Sie Bromadol HCl-Pulver online kaufen? PVPGRAMS bietet hochwertiges Bromadol HCl-Pulver, auch bekannt als BDPC, zum Verkauf an und gew\u00e4hrleistet eine sichere, diskrete Lieferung zu wettbewerbsf\u00e4higen Preisen. Ob Sie Bromadol f\u00fcr Labor-, Industrie- oder Forschungszwecke ben\u00f6tigen \u2013 auf unserer Plattform k\u00f6nnen Sie Bromadol HCl-Pulver mit garantierter Reinheit und schnellem weltweiten Versand sicher bestellen.<\/p>\n<h3 data-start=\"761\" data-end=\"801\">Was ist Bromadol HCl-Pulver (BDPC)?<\/h3>\n<p data-start=\"803\" data-end=\"1317\"><a href=\"https:\/\/en.wikipedia.org\/wiki\/BDPC\">Bromadol HCl Pulver<\/a>, chemisch 4-(4-Bromphenyl)-4-(dimethylamino)-1-(2-phenylethyl)cyclohexanol genannt, ist ein hochwirksames Opioid-Analgetikum, das erstmals in den 1970er Jahren synthetisiert wurde. Studien zeigten, dass es deutlich st\u00e4rker als Morphin ist \u2013 in bestimmten Tests bis zu 10.000-mal st\u00e4rker. Heute kaufen Fachleute und Forscher Bromadol HCl-Pulver online, um seine starken Wirkungen und Anwendungen zu untersuchen. Wenn Sie Bromadol HCl-Pulver kaufen m\u00f6chten, bietet PVPGRAMS eine zuverl\u00e4ssige und diskrete L\u00f6sung.<\/p>\n<h3 data-start=\"1324\" data-end=\"1364\">Warum Bromadol HCl-Pulver online kaufen?<\/h3>\n<p data-start=\"1366\" data-end=\"1440\">Wenn Sie sich f\u00fcr den Online-Kauf von Bromadol HCl-Pulver entscheiden, profitieren Sie von:<\/p>\n<ul data-start=\"1441\" data-end=\"1604\">\n<li data-start=\"1441\" data-end=\"1484\">\n<p data-start=\"1443\" data-end=\"1484\">Der Komfort der Lieferung nach Hause oder ins Labor<\/p>\n<\/li>\n<li data-start=\"1485\" data-end=\"1518\">\n<p data-start=\"1487\" data-end=\"1518\">Diskrete und sichere Verpackung<\/p>\n<\/li>\n<li data-start=\"1519\" data-end=\"1570\">\n<p data-start=\"1521\" data-end=\"1570\">Zugang zu Gro\u00dfmengen und kleinen Einzelhandelsmengen<\/p>\n<\/li>\n<li data-start=\"1571\" data-end=\"1604\">\n<p data-start=\"1573\" data-end=\"1604\">Verifizierte Reinheit von \u00fcber 99 %<\/p>\n<\/li>\n<\/ul>\n<p data-start=\"1606\" data-end=\"1787\">Unser Gesch\u00e4ft gilt aufgrund der strengen Qualit\u00e4tssicherung, der flexiblen Bestellgr\u00f6\u00dfen und der wettbewerbsf\u00e4higen Preisoptionen f\u00fcr Bromadol HCl-Pulver als der beste Ort zum Kauf von Bromadol HCl-Pulver.<\/p>\n<h3 data-start=\"1794\" data-end=\"1845\">Bromadol HCl Pulver zu verkaufen \u2013 Produktdetails<\/h3>\n<p data-start=\"1847\" data-end=\"2158\">Bei PVPGRAMS bieten wir Bromadol HCl-Pulver in verschiedenen Formen an \u2013 Pulver, Granulat, Kristalle und Fl\u00fcssigkeiten. Jede Charge wird im Labor auf Reagenzien-, Analyse- und Biotechnologiequalit\u00e4t gepr\u00fcft. Forscher und Institutionen k\u00f6nnen <a href=\"https:\/\/pvpgrams.com\/de\/product\/bromadol-hcl-pulver-bdpc\/\">Bromadol HCl Pulver g\u00fcnstig online kaufen<\/a> without compromising on purity or safety.<\/p>\n<p data-start=\"2160\" data-end=\"2177\">Wichtige Highlights:<\/p>\n<ul data-start=\"2178\" data-end=\"2365\">\n<li data-start=\"2178\" data-end=\"2205\">\n<p data-start=\"2180\" data-end=\"2205\">Reinheit: 99 %+ garantiert<\/p>\n<\/li>\n<li data-start=\"2206\" data-end=\"2268\">\n<p data-start=\"2208\" data-end=\"2268\">Verf\u00fcgbare Qualit\u00e4ten: Reagenz, analytisch, technisch, biotechnologisch<\/p>\n<\/li>\n<li data-start=\"2269\" data-end=\"2314\">Minimum order quantities starting at 30 pieces<\/li>\n<\/ul>\n<p data-start=\"2367\" data-end=\"2510\">Dies macht PVPGRAMS zur idealen Wahl f\u00fcr alle, die nach Online-Kaufoptionen f\u00fcr Bromadol HCl-Pulver suchen, die auf professionelle Anforderungen zugeschnitten sind.<\/p>\n<h3 data-start=\"2517\" data-end=\"2561\">Wo kann man Bromadol HCl-Pulver sicher kaufen?<\/h3>\n<p data-start=\"2563\" data-end=\"2820\">Wenn Sie wissen m\u00f6chten, wo Sie Bromadol HCl-Pulver kaufen k\u00f6nnen, ist PVPGRAMS Ihr zuverl\u00e4ssiger Lieferant. Mit bew\u00e4hrter Zuverl\u00e4ssigkeit, diskreten Transaktionen und strengen Qualit\u00e4tskontrollen stellen wir sicher, dass jeder Kunde hochwertiges Bromadol erh\u00e4lt, das f\u00fcr legale Anwendungen geeignet ist.<\/p>\n<h3 data-start=\"2827\" data-end=\"2856\">Safe and Secure Ordering<\/h3>\n<p data-start=\"2858\" data-end=\"2964\">Wenn Sie Bromadol HCl Pulver online bestellen, stehen Sicherheit und Diskretion f\u00fcr uns an erster Stelle. Wir garantieren:<\/p>\n<ul data-start=\"2965\" data-end=\"3052\">\n<li data-start=\"2965\" data-end=\"2987\">\n<p data-start=\"2967\" data-end=\"2987\">Encrypted payments<\/p>\n<\/li>\n<li data-start=\"2988\" data-end=\"3009\">\n<p data-start=\"2990\" data-end=\"3009\">Stealth packaging<\/p>\n<\/li>\n<li data-start=\"3010\" data-end=\"3052\">\n<p data-start=\"3012\" data-end=\"3052\">Weltweiter Versand mit 100 % Erfolgsquote<\/p>\n<\/li>\n<\/ul>\n<p data-start=\"3054\" data-end=\"3185\">Fachleute und Forscher, die Bromadol HCl-Pulver kaufen m\u00f6chten, k\u00f6nnen sich auf unsere gleichbleibende Qualit\u00e4t und Sicherheit verlassen.<\/p>\n<h3 data-start=\"3192\" data-end=\"3222\">Legal and Responsible Use<\/h3>\n<p data-start=\"3224\" data-end=\"3457\">Da Bromadol eine starke Verbindung ist, unterliegt es in vielen Regionen gesetzlichen Vorschriften. Bevor Sie Bromadol HCl Pulver kaufen, ist es wichtig, die Einhaltung der \u00f6rtlichen Gesetze zu \u00fcberpr\u00fcfen. Missbrauch kann ernsthafte Risiken bergen. Kaufen Sie daher immer verantwortungsbewusst.<\/p>\n<h3 data-start=\"3464\" data-end=\"3520\">Fazit \u2013 Bestellen Sie Bromadol HCl Pulver noch heute online<\/h3>\n<p data-start=\"3522\" data-end=\"3801\">PVPGRAMS ist der beste Ort, um Bromadol HCl-Pulver online zu kaufen. Wir bieten un\u00fcbertroffene Qualit\u00e4t, Sicherheit und Kundensupport. Ob Gro\u00dfmengen oder kleinere Mengen \u2013 unser Shop bietet gepr\u00fcftes, hochreines Bromadol HCl-Pulver zu wettbewerbsf\u00e4higen Preisen.<\/p>\n<p data-start=\"3803\" data-end=\"3931\">Geben Sie sich nicht mit weniger zufrieden \u2013 bestellen Sie noch heute Bromadol HCl-Pulver und sichern Sie sich eine vertrauensw\u00fcrdige Quelle f\u00fcr Ihre beruflichen oder Forschungsanforderungen.<\/p>\n<p data-start=\"3803\" data-end=\"3931\">","protected":false},"excerpt":{"rendered":"<p>Kaufen Sie Bromadol-HCl-Pulver online von einer zuverl\u00e4ssigen Forschungsquelle Kaufen Sie Bromadol-HCl-Pulver (BDPC) online \u2013 Bromadol-HCl zu verkaufen M\u00f6chten Sie Bromadol-HCl-Pulver online kaufen? PVPGRAMS bietet hochwertiges Bromadol-HCl-Pulver, auch bekannt als BDPC, zum Verkauf an und gew\u00e4hrleistet eine sichere, diskrete Lieferung zu wettbewerbsf\u00e4higen Preisen. Ganz gleich, ob Sie Bromadol f\u00fcr Labor-, Industrie- oder Forschungszwecke ben\u00f6tigen, auf unserer Plattform k\u00f6nnen Sie Bromadol-HCl-Pulver mit garantierter Reinheit und schnellem weltweiten Versand vertrauensvoll bestellen. Was ist Bromadol-HCl-Pulver (BDPC)? Bromadol-HCl-Pulver, chemisch bezeichnet als 4-(4-Bromphenyl)-4-(dimethylamino)-1-(2-phenylethyl)cyclohexanol, ist ein hochwirksames Opioid-Analgetikum, das erstmals in den 1970er Jahren synthetisiert wurde. Studien haben gezeigt, dass es deutlich st\u00e4rker als Morphin ist \u2013 in bestimmten Tests bis zu 10.000-mal st\u00e4rker. Heute kaufen Fachleute und Forscher Bromadol-HCl-Pulver online, um seine starke Wirkung und Anwendungsm\u00f6glichkeiten zu untersuchen. Wenn Sie auf der Suche nach einer Bezugsquelle f\u00fcr Bromadol-HCl-Pulver sind, bietet PVPGRAMS eine vertrauensw\u00fcrdige und diskrete L\u00f6sung. Warum Bromadol-HCl-Pulver online kaufen? Wenn Sie sich f\u00fcr den Online-Kauf von Bromadol-HCl-Pulver entscheiden, profitieren Sie von folgenden Vorteilen: Bequeme Lieferung nach Hause oder ins Labor Diskrete und sichere Verpackung Zugang zu Gro\u00df- und Kleinmengen Gepr\u00fcfte Reinheit von \u00fcber 99% Unser Shop gilt aufgrund strenger Qualit\u00e4tssicherung, flexibler Bestellmengen und wettbewerbsf\u00e4higer Preisoptionen f\u00fcr Bromadol-HCl-Pulver als der beste Ort, um Bromadol-HCl-Pulver zu kaufen. Bromadol-HCl-Pulver zu verkaufen \u2013 Produktdetails Bei PVPGRAMS bieten wir Bromadol-HCl-Pulver in verschiedenen Formen zum Verkauf an \u2013 als Pulver, Granulat, Kristalle und Fl\u00fcssigkeiten. Jede Charge wird im Labor auf Reagenz-, Analyse- und Biotech-Qualit\u00e4t gepr\u00fcft. Forscher und Institutionen k\u00f6nnen g\u00fcnstiges Bromadol-HCl-Pulver online kaufen, ohne Kompromisse bei Reinheit oder Sicherheit eingehen zu m\u00fcssen. Die wichtigsten Highlights: Reinheit: 99%+ garantiert Verf\u00fcgbare Qualit\u00e4ten: Reagenz, analytisch, technisch, biotechnologisch Mindestbestellmengen ab 30 St\u00fcck Damit ist PVPGRAMS die ideale Wahl f\u00fcr alle, die nach Online-Kaufoptionen f\u00fcr Bromadol-HCl-Pulver suchen, die auf professionelle Anforderungen zugeschnitten sind. Wo Sie Bromadol-HCl-Pulver sicher kaufen k\u00f6nnen Wenn Sie sich fragen, wo Sie Bromadol-HCl-Pulver kaufen k\u00f6nnen, ist PVPGRAMS Ihr zuverl\u00e4ssiger Lieferant. Mit bew\u00e4hrter Zuverl\u00e4ssigkeit, diskreten Transaktionen und strenger Qualit\u00e4tskontrolle stellen wir sicher, dass jeder Kunde hochwertiges Bromadol erh\u00e4lt, das f\u00fcr legale Anwendungen geeignet ist. Sichere Bestellung Wenn Sie Bromadol-HCl-Pulver online bestellen, sind Sicherheit und Diskretion unsere Priorit\u00e4ten. Wir garantieren: Verschl\u00fcsselte Zahlungen Diskrete Verpackung Weltweiter Versand mit einer Erfolgsquote von 100% Fachleute und Forscher, die Bromadol-HCl-Pulver zum Verkauf suchen, k\u00f6nnen sich auf unsere gleichbleibende Qualit\u00e4t und Sicherheit verlassen. Legale und verantwortungsbewusste Verwendung Da Bromadol eine starke Verbindung ist, unterliegt es in vielen Regionen gesetzlichen Bestimmungen. Bevor Sie Bromadol-HCl-Pulver kaufen, m\u00fcssen Sie sich unbedingt \u00fcber die Einhaltung der lokalen Gesetze informieren. Missbrauch kann ernsthafte Risiken mit sich bringen, kaufen Sie daher immer verantwortungsbewusst. Fazit \u2013 Bestellen Sie Bromadol-HCl-Pulver noch heute online PVPGRAMS ist der beste Ort, um Bromadol-HCl-Pulver online zu kaufen, da es un\u00fcbertroffene Qualit\u00e4t, Sicherheit und Kundensupport bietet. Ganz gleich, ob Sie Gro\u00dfmengen oder kleinere Mengen ben\u00f6tigen, unser Shop bietet verifiziertes, hochreines Bromadol-HCl-Pulver zu wettbewerbsf\u00e4higen Preisen. Geben Sie sich nicht mit weniger zufrieden \u2013 bestellen Sie Bromadol-HCl-Pulver noch heute und sichern Sie sich eine vertrauensw\u00fcrdige Quelle f\u00fcr Ihre beruflichen oder Forschungszwecke.<\/p>","protected":false},"featured_media":1994,"comment_status":"closed","ping_status":"closed","template":"","meta":{"_kadence_starter_templates_imported_post":false,"_kad_post_transparent":"default","_kad_post_title":"","_kad_post_layout":"default","_kad_post_sidebar_id":"","_kad_post_content_style":"default","_kad_post_vertical_padding":"default","_kad_post_feature":"","_kad_post_feature_position":"","_kad_post_header":false,"_kad_post_footer":false,"_joinchat":[]},"product_brand":[],"product_cat":[361],"product_tag":[],"class_list":{"0":"post-1610","1":"product","2":"type-product","3":"status-publish","4":"has-post-thumbnail","6":"product_cat-research-chemicals","8":"first","9":"instock","10":"shipping-taxable","11":"purchasable","12":"product-type-variable","13":"entry","14":"content-bg","15":"loop-entry"},"yoast_head":"<!-- This site is optimized with the Yoast SEO plugin v26.5 - https:\/\/yoast.com\/wordpress\/plugins\/seo\/ -->\n<title>Buy Bromadol HCl Powder Online \u2013 Bromadol HCl Powder for Sale<\/title>\n<meta name=\"description\" content=\"If you&#039;re looking to purchase bromadol HCl powder for your research, you can buy bromadol HCl powder online. Fast shipping for high-purity chemicals.\" \/>\n<meta name=\"robots\" content=\"index, follow, max-snippet:-1, max-image-preview:large, max-video-preview:-1\" \/>\n<link rel=\"canonical\" href=\"https:\/\/pvpgrams.com\/de\/product\/bromadol-hcl-pulver-bdpc\/\" \/>\n<meta property=\"og:locale\" content=\"de_DE\" \/>\n<meta property=\"og:type\" content=\"article\" \/>\n<meta property=\"og:title\" content=\"Buy Bromadol HCl Powder Online \u2013 Bromadol HCl Powder for Sale\" \/>\n<meta property=\"og:description\" content=\"If you&#039;re looking to purchase bromadol HCl powder for your research, you can buy bromadol HCl powder online. Fast shipping for high-purity chemicals.\" \/>\n<meta property=\"og:url\" content=\"https:\/\/pvpgrams.com\/de\/product\/bromadol-hcl-pulver-bdpc\/\" \/>\n<meta property=\"og:site_name\" content=\"PVP Grams\" \/>\n<meta property=\"article:modified_time\" content=\"2025-08-26T14:51:17+00:00\" \/>\n<meta property=\"og:image\" content=\"https:\/\/pvpgrams.com\/wp-content\/uploads\/2025\/05\/Bromadol-Hcl-Powder-BDPC.jpg\" \/>\n\t<meta property=\"og:image:width\" content=\"600\" \/>\n\t<meta property=\"og:image:height\" content=\"600\" \/>\n\t<meta property=\"og:image:type\" content=\"image\/jpeg\" \/>\n<meta name=\"twitter:card\" content=\"summary_large_image\" \/>\n<meta name=\"twitter:label1\" content=\"Gesch\u00e4tzte Lesezeit\" \/>\n\t<meta name=\"twitter:data1\" content=\"3\u00a0Minuten\" \/>\n<script type=\"application\/ld+json\" class=\"yoast-schema-graph\">{\"@context\":\"https:\/\/schema.org\",\"@graph\":[{\"@type\":[\"WebPage\",\"ItemPage\"],\"@id\":\"https:\/\/pvpgrams.com\/product\/bromadol-hcl-powder-bdpc\/\",\"url\":\"https:\/\/pvpgrams.com\/product\/bromadol-hcl-powder-bdpc\/\",\"name\":\"Buy Bromadol HCl Powder Online \u2013 Bromadol HCl Powder for Sale\",\"isPartOf\":{\"@id\":\"https:\/\/pvpgrams.com\/#website\"},\"primaryImageOfPage\":{\"@id\":\"https:\/\/pvpgrams.com\/product\/bromadol-hcl-powder-bdpc\/#primaryimage\"},\"image\":{\"@id\":\"https:\/\/pvpgrams.com\/product\/bromadol-hcl-powder-bdpc\/#primaryimage\"},\"thumbnailUrl\":\"https:\/\/pvpgrams.com\/wp-content\/uploads\/2025\/05\/Bromadol-Hcl-Powder-BDPC.jpg\",\"datePublished\":\"2025-05-15T11:25:30+00:00\",\"dateModified\":\"2025-08-26T14:51:17+00:00\",\"description\":\"If you're looking to purchase bromadol HCl powder for your research, you can buy bromadol HCl powder online. Fast shipping for high-purity chemicals.\",\"breadcrumb\":{\"@id\":\"https:\/\/pvpgrams.com\/product\/bromadol-hcl-powder-bdpc\/#breadcrumb\"},\"inLanguage\":\"de\",\"potentialAction\":[{\"@type\":\"ReadAction\",\"target\":[\"https:\/\/pvpgrams.com\/product\/bromadol-hcl-powder-bdpc\/\"]}]},{\"@type\":\"ImageObject\",\"inLanguage\":\"de\",\"@id\":\"https:\/\/pvpgrams.com\/product\/bromadol-hcl-powder-bdpc\/#primaryimage\",\"url\":\"https:\/\/pvpgrams.com\/wp-content\/uploads\/2025\/05\/Bromadol-Hcl-Powder-BDPC.jpg\",\"contentUrl\":\"https:\/\/pvpgrams.com\/wp-content\/uploads\/2025\/05\/Bromadol-Hcl-Powder-BDPC.jpg\",\"width\":600,\"height\":600,\"caption\":\"Buy Bromadol Hcl Powder (BDPC) Online\"},{\"@type\":\"BreadcrumbList\",\"@id\":\"https:\/\/pvpgrams.com\/product\/bromadol-hcl-powder-bdpc\/#breadcrumb\",\"itemListElement\":[{\"@type\":\"ListItem\",\"position\":1,\"name\":\"Home\",\"item\":\"https:\/\/pvpgrams.com\/\"},{\"@type\":\"ListItem\",\"position\":2,\"name\":\"Shop\",\"item\":\"https:\/\/pvpgrams.com\/shop\/\"},{\"@type\":\"ListItem\",\"position\":3,\"name\":\"Bromadol Hcl Powder (BDPC)\"}]},{\"@type\":\"WebSite\",\"@id\":\"https:\/\/pvpgrams.com\/#website\",\"url\":\"https:\/\/pvpgrams.com\/\",\"name\":\"PVP Grams\",\"description\":\"\",\"publisher\":{\"@id\":\"https:\/\/pvpgrams.com\/#organization\"},\"potentialAction\":[{\"@type\":\"SearchAction\",\"target\":{\"@type\":\"EntryPoint\",\"urlTemplate\":\"https:\/\/pvpgrams.com\/?s={search_term_string}\"},\"query-input\":{\"@type\":\"PropertyValueSpecification\",\"valueRequired\":true,\"valueName\":\"search_term_string\"}}],\"inLanguage\":\"de\"},{\"@type\":\"Organization\",\"@id\":\"https:\/\/pvpgrams.com\/#organization\",\"name\":\"PVP Grams\",\"url\":\"https:\/\/pvpgrams.com\/\",\"logo\":{\"@type\":\"ImageObject\",\"inLanguage\":\"de\",\"@id\":\"https:\/\/pvpgrams.com\/#\/schema\/logo\/image\/\",\"url\":\"https:\/\/pvpgrams.com\/wp-content\/uploads\/2024\/10\/logo.png\",\"contentUrl\":\"https:\/\/pvpgrams.com\/wp-content\/uploads\/2024\/10\/logo.png\",\"width\":181,\"height\":41,\"caption\":\"PVP Grams\"},\"image\":{\"@id\":\"https:\/\/pvpgrams.com\/#\/schema\/logo\/image\/\"}}]}<\/script>\n<!-- \/ Yoast SEO plugin. -->","yoast_head_json":{"title":"Bromadol HCl Pulver online kaufen - Bromadol HCl Pulver zum Verkauf","description":"Wenn Sie Bromadol HCl Pulver f\u00fcr Ihre Forschung kaufen m\u00f6chten, k\u00f6nnen Sie Bromadol HCl Pulver online kaufen. Schneller Versand f\u00fcr hochreine Chemikalien.","robots":{"index":"index","follow":"follow","max-snippet":"max-snippet:-1","max-image-preview":"max-image-preview:large","max-video-preview":"max-video-preview:-1"},"canonical":"https:\/\/pvpgrams.com\/de\/product\/bromadol-hcl-pulver-bdpc\/","og_locale":"de_DE","og_type":"article","og_title":"Buy Bromadol HCl Powder Online \u2013 Bromadol HCl Powder for Sale","og_description":"If you're looking to purchase bromadol HCl powder for your research, you can buy bromadol HCl powder online. Fast shipping for high-purity chemicals.","og_url":"https:\/\/pvpgrams.com\/de\/product\/bromadol-hcl-pulver-bdpc\/","og_site_name":"PVP Grams","article_modified_time":"2025-08-26T14:51:17+00:00","og_image":[{"width":600,"height":600,"url":"https:\/\/pvpgrams.com\/wp-content\/uploads\/2025\/05\/Bromadol-Hcl-Powder-BDPC.jpg","type":"image\/jpeg"}],"twitter_card":"summary_large_image","twitter_misc":{"Gesch\u00e4tzte Lesezeit":"3\u00a0Minuten"},"schema":{"@context":"https:\/\/schema.org","@graph":[{"@type":["WebPage","ItemPage"],"@id":"https:\/\/pvpgrams.com\/product\/bromadol-hcl-powder-bdpc\/","url":"https:\/\/pvpgrams.com\/product\/bromadol-hcl-powder-bdpc\/","name":"Bromadol HCl Pulver online kaufen - Bromadol HCl Pulver zum Verkauf","isPartOf":{"@id":"https:\/\/pvpgrams.com\/#website"},"primaryImageOfPage":{"@id":"https:\/\/pvpgrams.com\/product\/bromadol-hcl-powder-bdpc\/#primaryimage"},"image":{"@id":"https:\/\/pvpgrams.com\/product\/bromadol-hcl-powder-bdpc\/#primaryimage"},"thumbnailUrl":"https:\/\/pvpgrams.com\/wp-content\/uploads\/2025\/05\/Bromadol-Hcl-Powder-BDPC.jpg","datePublished":"2025-05-15T11:25:30+00:00","dateModified":"2025-08-26T14:51:17+00:00","description":"Wenn Sie Bromadol HCl Pulver f\u00fcr Ihre Forschung kaufen m\u00f6chten, k\u00f6nnen Sie Bromadol HCl Pulver online kaufen. Schneller Versand f\u00fcr hochreine Chemikalien.","breadcrumb":{"@id":"https:\/\/pvpgrams.com\/product\/bromadol-hcl-powder-bdpc\/#breadcrumb"},"inLanguage":"de","potentialAction":[{"@type":"ReadAction","target":["https:\/\/pvpgrams.com\/product\/bromadol-hcl-powder-bdpc\/"]}]},{"@type":"ImageObject","inLanguage":"de","@id":"https:\/\/pvpgrams.com\/product\/bromadol-hcl-powder-bdpc\/#primaryimage","url":"https:\/\/pvpgrams.com\/wp-content\/uploads\/2025\/05\/Bromadol-Hcl-Powder-BDPC.jpg","contentUrl":"https:\/\/pvpgrams.com\/wp-content\/uploads\/2025\/05\/Bromadol-Hcl-Powder-BDPC.jpg","width":600,"height":600,"caption":"Buy Bromadol Hcl Powder (BDPC) Online"},{"@type":"BreadcrumbList","@id":"https:\/\/pvpgrams.com\/product\/bromadol-hcl-powder-bdpc\/#breadcrumb","itemListElement":[{"@type":"ListItem","position":1,"name":"Home","item":"https:\/\/pvpgrams.com\/"},{"@type":"ListItem","position":2,"name":"Shop","item":"https:\/\/pvpgrams.com\/shop\/"},{"@type":"ListItem","position":3,"name":"Bromadol Hcl Powder (BDPC)"}]},{"@type":"WebSite","@id":"https:\/\/pvpgrams.com\/#website","url":"https:\/\/pvpgrams.com\/","name":"PVP-Gramm","description":"","publisher":{"@id":"https:\/\/pvpgrams.com\/#organization"},"potentialAction":[{"@type":"SearchAction","target":{"@type":"EntryPoint","urlTemplate":"https:\/\/pvpgrams.com\/?s={search_term_string}"},"query-input":{"@type":"PropertyValueSpecification","valueRequired":true,"valueName":"search_term_string"}}],"inLanguage":"de"},{"@type":"Organization","@id":"https:\/\/pvpgrams.com\/#organization","name":"PVP-Gramm","url":"https:\/\/pvpgrams.com\/","logo":{"@type":"ImageObject","inLanguage":"de","@id":"https:\/\/pvpgrams.com\/#\/schema\/logo\/image\/","url":"https:\/\/pvpgrams.com\/wp-content\/uploads\/2024\/10\/logo.png","contentUrl":"https:\/\/pvpgrams.com\/wp-content\/uploads\/2024\/10\/logo.png","width":181,"height":41,"caption":"PVP Grams"},"image":{"@id":"https:\/\/pvpgrams.com\/#\/schema\/logo\/image\/"}}]}},"_links":{"self":[{"href":"https:\/\/pvpgrams.com\/de\/wp-json\/wp\/v2\/product\/1610","targetHints":{"allow":["GET"]}}],"collection":[{"href":"https:\/\/pvpgrams.com\/de\/wp-json\/wp\/v2\/product"}],"about":[{"href":"https:\/\/pvpgrams.com\/de\/wp-json\/wp\/v2\/types\/product"}],"replies":[{"embeddable":true,"href":"https:\/\/pvpgrams.com\/de\/wp-json\/wp\/v2\/comments?post=1610"}],"wp:featuredmedia":[{"embeddable":true,"href":"https:\/\/pvpgrams.com\/de\/wp-json\/wp\/v2\/media\/1994"}],"wp:attachment":[{"href":"https:\/\/pvpgrams.com\/de\/wp-json\/wp\/v2\/media?parent=1610"}],"wp:term":[{"taxonomy":"product_brand","embeddable":true,"href":"https:\/\/pvpgrams.com\/de\/wp-json\/wp\/v2\/product_brand?post=1610"},{"taxonomy":"product_cat","embeddable":true,"href":"https:\/\/pvpgrams.com\/de\/wp-json\/wp\/v2\/product_cat?post=1610"},{"taxonomy":"product_tag","embeddable":true,"href":"https:\/\/pvpgrams.com\/de\/wp-json\/wp\/v2\/product_tag?post=1610"}],"curies":[{"name":"wp","href":"https:\/\/api.w.org\/{rel}","templated":true}]}}