{"id":1612,"date":"2025-05-15T11:22:45","date_gmt":"2025-05-15T11:22:45","guid":{"rendered":"https:\/\/pvpgrams.com\/?post_type=product&#038;p=1612"},"modified":"2025-10-30T07:53:08","modified_gmt":"2025-10-30T07:53:08","slug":"benzodiazepine-pulver","status":"publish","type":"product","link":"https:\/\/pvpgrams.com\/de\/product\/benzodiazepine-pulver\/","title":{"rendered":"Benzodiazepine Pulver"},"content":{"rendered":"<h2 data-start=\"171\" data-end=\"240\">Kaufen Sie Benzodiazepine-Pulver online von einer zuverl\u00e4ssigen Forschungsquelle<\/h2>\n<h3 data-start=\"242\" data-end=\"332\">Kaufen Sie Benzodiazepine Powder Online - vertrauensw\u00fcrdige Quelle f\u00fcr Medikamente in Rezepturqualit\u00e4t<\/h3>\n<p data-start=\"334\" data-end=\"865\">Wenn Sie Benzodiazepinpulver online kaufen m\u00f6chten, achten Sie unbedingt auf einen vertrauensw\u00fcrdigen Anbieter. Benzodiazepinpulver geh\u00f6rt zu einer Medikamentenklasse, die h\u00e4ufig verschrieben wird, um die geistige Aktivit\u00e4t zu beruhigen und Entspannung zu f\u00f6rdern. Diese Verbindungen werden h\u00e4ufig zur Behandlung von Erkrankungen wie Angstzust\u00e4nden, Krampfanf\u00e4llen, Schlaflosigkeit und Panikst\u00f6rungen eingesetzt. Bei PVPGRAMS bieten wir hochwertiges Benzodiazepinpulver zum Verkauf an und gew\u00e4hrleisten einen sicheren, diskreten und legitimen Zugang f\u00fcr Forschungszwecke oder regulierte medizinische Zwecke.<\/p>\n<h3 data-start=\"872\" data-end=\"908\">Was ist Benzodiazepinpulver?<\/h3>\n<p data-start=\"910\" data-end=\"1276\"><a href=\"https:\/\/en.wikipedia.org\/wiki\/Benzodiazepine\">Benzodiazepine Pulver<\/a> sind zentral wirksame Beruhigungsmittel, die Angstzust\u00e4nde lindern, Krampfanf\u00e4lle verhindern und beruhigend wirken. Durch die Verst\u00e4rkung der Wirkung von Gamma-Aminobutters\u00e4ure (GABA) im Gehirn f\u00f6rdern sie Ruhe und Entspannung. Mit Benzodiazepin-Pulver erhalten Sie pharmazeutische Substanzen f\u00fcr:<\/p>\n<ul data-start=\"1278\" data-end=\"1447\">\n<li data-start=\"1278\" data-end=\"1309\">\n<p data-start=\"1280\" data-end=\"1309\">Angstzust\u00e4nde und Panikst\u00f6rungen<\/p>\n<\/li>\n<li data-start=\"1346\" data-end=\"1378\">\n<p data-start=\"1348\" data-end=\"1378\">Anfallskontrolle und Epilepsie<\/p>\n<\/li>\n<li data-start=\"1379\" data-end=\"1410\">\n<p data-start=\"1381\" data-end=\"1410\">Alkoholentzugssymptome<\/p>\n<\/li>\n<li data-start=\"1411\" data-end=\"1447\">\n<p data-start=\"1413\" data-end=\"1447\">Psychische und Stimmungsst\u00f6rungen<\/p>\n<\/li>\n<\/ul>\n<p data-start=\"1449\" data-end=\"1600\">Wenn Sie den besten Ort zum Kauf von Benzodiazepinpulver w\u00e4hlen, k\u00f6nnen Sie sicher sein, dass Sie qualitativ hochwertige Produkte erhalten, die den Sicherheits- und gesetzlichen Standards entsprechen.<\/p>\n<h3 data-start=\"1607\" data-end=\"1654\">Indikationen f\u00fcr die Verwendung von Benzodiazepinpulver<\/h3>\n<p data-start=\"1656\" data-end=\"1740\">Wenn Sie sich entscheiden, Benzodiazepinpulver online zu kaufen, kann es f\u00fcr Folgendes angezeigt sein:<\/p>\n<ul data-start=\"1742\" data-end=\"2114\">\n<li data-start=\"1742\" data-end=\"1820\">\n<p data-start=\"1744\" data-end=\"1820\">Schlafst\u00f6rungen: Wirksam bei Schlaflosigkeit, die auf andere Behandlungen nicht anspricht.<\/p>\n<\/li>\n<li data-start=\"1821\" data-end=\"1888\">\n<p data-start=\"1823\" data-end=\"1888\">Panikst\u00f6rung: Reduziert Panikattacken und Angstsymptome.<\/p>\n<\/li>\n<li data-start=\"1962\" data-end=\"2030\">\n<p data-start=\"1964\" data-end=\"2030\">Alcohol Withdrawal: Helps reduce withdrawal symptoms safely.<\/p>\n<\/li>\n<li data-start=\"2031\" data-end=\"2114\">\n<p data-start=\"2033\" data-end=\"2114\">Stimmungsst\u00f6rungen: Wird manchmal bei bipolarer St\u00f6rung oder Schizophrenie verschrieben.<\/p>\n<\/li>\n<\/ul>\n<p data-start=\"2116\" data-end=\"2260\">Mit seinem breiten Anwendungsspektrum <a href=\"https:\/\/pvpgrams.com\/de\/product\/benzodiazepine-pulver\/\">Benzodiazepine Pulver zu verkaufen<\/a> bleibt eine der wichtigsten therapeutischen Medikamentenklassen.<\/p>\n<h3 data-start=\"2267\" data-end=\"2316\">Die Risiken des Missbrauchs von Benzodiazepin-Pulver<\/h3>\n<p data-start=\"2318\" data-end=\"2451\">Obwohl Benzodiazepine wirksam sind, kann der Missbrauch von Benzodiazepinen zu k\u00f6rperlicher Abh\u00e4ngigkeit und Sucht f\u00fchren. H\u00e4ufige Nebenwirkungen sind:<\/p>\n<ul data-start=\"2453\" data-end=\"2563\">\n<li data-start=\"2453\" data-end=\"2479\">\n<p data-start=\"2455\" data-end=\"2479\">Schl\u00e4frigkeit und M\u00fcdigkeit<\/p>\n<\/li>\n<li data-start=\"2480\" data-end=\"2514\">\n<p data-start=\"2482\" data-end=\"2514\">Schwindel und verlangsamte Reaktionen<\/p>\n<\/li>\n<li data-start=\"2515\" data-end=\"2541\">\n<p data-start=\"2517\" data-end=\"2541\">Atemdepression<\/p>\n<\/li>\n<li data-start=\"2542\" data-end=\"2563\">\n<p data-start=\"2544\" data-end=\"2563\">Beeintr\u00e4chtigung des Ged\u00e4chtnisses<\/p>\n<\/li>\n<\/ul>\n<p data-start=\"2565\" data-end=\"2823\">Deshalb ist es wichtig, Benzodiazepinpulver online nur von seri\u00f6sen und gepr\u00fcften Anbietern zu kaufen. Wenn Sie \u00fcberlegen, wo Sie Benzodiazepinpulver kaufen m\u00f6chten, vergewissern Sie sich immer, dass der Anbieter die Vorschriften f\u00fcr kontrollierte Substanzen einh\u00e4lt.<\/p>\n<h3 data-start=\"2830\" data-end=\"2887\">Warum sollten Sie Benzodiazepinpulver bei PVPGRAMS bestellen?<\/h3>\n<p data-start=\"2889\" data-end=\"3050\">Bei PVPGRAMS bieten wir hochwertiges Benzodiazepinpulver zum Verkauf an Forscher, medizinisches Fachpersonal und lizenzierte K\u00e4ufer an. Unsere Vorteile:<\/p>\n<ul data-start=\"3052\" data-end=\"3268\">\n<li data-start=\"3052\" data-end=\"3095\">\n<p data-start=\"3054\" data-end=\"3095\">Gepr\u00fcfte Produkte in pharmazeutischer Qualit\u00e4t<\/p>\n<\/li>\n<li data-start=\"3096\" data-end=\"3135\">\n<p data-start=\"3098\" data-end=\"3135\">Sicherer und diskreter weltweiter Versand<\/p>\n<\/li>\n<li data-start=\"3136\" data-end=\"3166\">\n<p data-start=\"3138\" data-end=\"3166\">Gro\u00dfhandels- und Massenoptionen<\/p>\n<\/li>\n<li data-start=\"3167\" data-end=\"3215\">\n<p data-start=\"3169\" data-end=\"3215\">Wettbewerbsf\u00e4higer Preis f\u00fcr Benzodiazepinpulver<\/p>\n<\/li>\n<\/ul>\n<p data-start=\"3270\" data-end=\"3394\">Wir haben uns den Ruf als beste Adresse f\u00fcr den Kauf von Benzodiazepinpulver erworben und bieten jedem Kunden ein beruhigendes Gef\u00fchl.<\/p>\n<h3 data-start=\"3401\" data-end=\"3441\">Wichtige Hinweise zum Online-Kauf<\/h3>\n<p data-start=\"3443\" data-end=\"3512\">Wenn Sie Benzodiazepine-Pulver g\u00fcnstig online kaufen, beachten Sie:<\/p>\n<ul data-start=\"3513\" data-end=\"3696\">\n<li data-start=\"3513\" data-end=\"3581\">\n<p data-start=\"3515\" data-end=\"3581\">Diese Medikamente sollten niemals ohne \u00e4rztliche Anleitung eingenommen werden.<\/p>\n<\/li>\n<li data-start=\"3582\" data-end=\"3636\">\n<p data-start=\"3584\" data-end=\"3636\">Benzodiazepine sind w\u00e4hrend der Schwangerschaft nicht geeignet.<\/p>\n<\/li>\n<li data-start=\"3637\" data-end=\"3696\">\n<p data-start=\"3639\" data-end=\"3696\">Misuse can cause dangerous side effects and dependency.<\/p>\n<\/li>\n<\/ul>\n<p data-start=\"3698\" data-end=\"3812\">Konsultieren Sie immer Ihren Arzt, bevor Sie online gekauftes Benzodiazepin-Pulver f\u00fcr medizinische Zwecke verwenden.<\/p>\n<h3 data-start=\"3819\" data-end=\"3871\">Abschlie\u00dfende Gedanken zum Kauf von Benzodiazepinpulver<\/h3>\n<p data-start=\"3873\" data-end=\"4121\">Ob f\u00fcr Forschungszwecke oder f\u00fcr eine regulierte Behandlung: PVPGRAMS ist Ihr zuverl\u00e4ssiger Anbieter f\u00fcr Benzodiazepinpulver. Wir garantieren hohe Standards, wettbewerbsf\u00e4hige Preise f\u00fcr Benzodiazepinpulver und sichere Transaktionen weltweit.<\/p>\n<p data-start=\"4123\" data-end=\"4211\">W\u00e4hlen Sie noch heute PVPGRAMS, um Benzodiazepinpulver sicher und verantwortungsbewusst online zu kaufen.<\/p>","protected":false},"excerpt":{"rendered":"<p>Kaufen Sie Benzodiazepine-Pulver online von einer zuverl\u00e4ssigen Forschungsquelle Kaufen Sie Benzodiazepine-Pulver online \u2013 Vertrauensw\u00fcrdige Quelle f\u00fcr verschreibungspflichtige Medikamente Wenn Sie Benzodiazepine-Pulver online kaufen m\u00f6chten, ist es wichtig, dass Sie sich vergewissern, dass Sie es von einem vertrauensw\u00fcrdigen Anbieter beziehen. Benzodiazepine-Pulver ist eine Klasse von Medikamenten, die h\u00e4ufig verschrieben werden, um die geistige Aktivit\u00e4t zu beruhigen und Entspannung herbeizuf\u00fchren. Diese Verbindungen werden h\u00e4ufig zur Behandlung von Erkrankungen wie Angstzust\u00e4nden, Krampfanf\u00e4llen, Schlaflosigkeit und Panikst\u00f6rungen eingesetzt. Bei PVPGRAMS bieten wir Benzodiazepin-Pulver von h\u00f6chster Qualit\u00e4t zum Verkauf an und gew\u00e4hrleisten einen sicheren, diskreten und legalen Zugang f\u00fcr Forschungszwecke oder regulierte medizinische Zwecke. Was ist Benzodiazepin-Pulver? Benzodiazepin-Pulver sind Beruhigungsmittel f\u00fcr das zentrale Nervensystem, die Angstzust\u00e4nde reduzieren, Krampfanf\u00e4lle verhindern und eine sedierende Wirkung haben sollen. Durch die Verst\u00e4rkung der Wirkung von Gamma-Aminobutters\u00e4ure (GABA) im Gehirn tragen sie zur Beruhigung und Entspannung bei. Wenn Sie Benzodiazepin-Pulver bestellen, erhalten Sie Zugang zu pharmazeutischen Substanzen, die verschrieben werden bei: Angstzust\u00e4nden und Panikst\u00f6rungen Krampfanf\u00e4llen und Epilepsie Alkoholentzugserscheinungen Psychischen St\u00f6rungen und Stimmungsst\u00f6rungen Wenn Sie sich f\u00fcr den besten Ort zum Kauf von Benzodiazepin-Pulver entscheiden, k\u00f6nnen Sie sicher sein, dass Sie hochwertige Produkte erhalten, die den Sicherheits- und Rechtsstandards entsprechen. Indikationen f\u00fcr die Verwendung von Benzodiazepin-Pulver Wenn Sie sich entscheiden, Benzodiazepin-Pulver online zu kaufen, kann es f\u00fcr folgende Zwecke indiziert sein: Schlafst\u00f6rungen: Wirksam bei Schlaflosigkeit, die auf andere Behandlungen nicht anspricht. Panikst\u00f6rung: Reduziert Panikattacken und Angstsymptome. Alkoholentzug: Hilft, Entzugserscheinungen sicher zu reduzieren. Stimmungsst\u00f6rungen: Wird manchmal bei bipolaren St\u00f6rungen oder Schizophrenie verschrieben. Mit seinem breiten Anwendungsspektrum bleibt Benzodiazepin-Pulver eine der wichtigsten therapeutischen Klassen von Medikamenten. Die Risiken des Missbrauchs von Benzodiazepin-Pulver Obwohl es wirksam ist, kann der Missbrauch von Benzodiazepin-Pulver zu k\u00f6rperlicher Abh\u00e4ngigkeit und Sucht f\u00fchren. H\u00e4ufige Nebenwirkungen sind: Schl\u00e4frigkeit und M\u00fcdigkeit Schwindel und verlangsamte Reaktionen Atemdepression Ged\u00e4chtnisst\u00f6rungen Aus diesem Grund ist es wichtig, Benzodiazepin-Pulver nur online von seri\u00f6sen und gepr\u00fcften Anbietern zu kaufen. Wenn Sie \u00fcberlegen, wo Sie Benzodiazepin-Pulver kaufen k\u00f6nnen, vergewissern Sie sich immer, dass der Anbieter die Vorschriften f\u00fcr kontrollierte Substanzen einh\u00e4lt. Warum sollten Sie Benzodiazepine-Pulver bei PVPGRAMS bestellen? Bei PVPGRAMS bieten wir hochwertiges Benzodiazepine-Pulver zum Verkauf an Forscher, medizinisches Fachpersonal und lizenzierte K\u00e4ufer an. Unsere Vorteile umfassen: Gepr\u00fcfte Produkte in pharmazeutischer Qualit\u00e4t Sicherer und diskreter weltweiter Versand Gro\u00dfhandels- und Mengenoptionen Wettbewerbsf\u00e4higer Preis f\u00fcr Benzodiazepine-Pulver Wir haben uns einen Ruf als bester Anbieter f\u00fcr Benzodiazepine-Pulver aufgebaut und bieten jedem Kunden Sicherheit. Wichtige Hinweise zum Online-Kauf Wenn Sie g\u00fcnstiges Benzodiazepin-Pulver online kaufen, beachten Sie bitte Folgendes: Diese Medikamente sollten niemals ohne \u00e4rztliche Anleitung eingenommen werden. Benzodiazepine sind w\u00e4hrend der Schwangerschaft nicht geeignet. Missbrauch kann zu gef\u00e4hrlichen Nebenwirkungen und Abh\u00e4ngigkeit f\u00fchren. Konsultieren Sie immer Ihren Arzt, bevor Sie Benzodiazepin-Pulver f\u00fcr medizinische Zwecke online kaufen. Abschlie\u00dfende Gedanken zum Kauf von Benzodiazepin-Pulver Ganz gleich, ob Sie f\u00fcr Forschungszwecke oder f\u00fcr eine regulierte Behandlung einkaufen, PVPGRAMS ist Ihr vertrauensw\u00fcrdiger Anbieter f\u00fcr Benzodiazepin-Pulver. Wir garantieren hohe Standards, wettbewerbsf\u00e4hige Preise f\u00fcr Benzodiazepin-Pulver und sichere Transaktionen weltweit. Entscheiden Sie sich noch heute f\u00fcr PVPGRAMS, um Benzodiazepin-Pulver sicher und verantwortungsbewusst online zu kaufen.<\/p>","protected":false},"featured_media":1970,"comment_status":"closed","ping_status":"closed","template":"","meta":{"_kadence_starter_templates_imported_post":false,"_kad_post_transparent":"default","_kad_post_title":"","_kad_post_layout":"default","_kad_post_sidebar_id":"","_kad_post_content_style":"default","_kad_post_vertical_padding":"default","_kad_post_feature":"","_kad_post_feature_position":"","_kad_post_header":false,"_kad_post_footer":false,"_joinchat":[]},"product_brand":[],"product_cat":[361],"product_tag":[],"class_list":{"0":"post-1612","1":"product","2":"type-product","3":"status-publish","4":"has-post-thumbnail","6":"product_cat-research-chemicals","8":"first","9":"instock","10":"shipping-taxable","11":"purchasable","12":"product-type-variable","13":"entry","14":"content-bg","15":"loop-entry"},"yoast_head":"<!-- This site is optimized with the Yoast SEO plugin v26.5 - https:\/\/yoast.com\/wordpress\/plugins\/seo\/ -->\n<title>Buy Benzodiazepines Powder Online \u2013 Benzodiazepines for Sale<\/title>\n<meta name=\"description\" content=\"Buy benzodiazepines powder online for your research. Benzodiazepines powder for sale with fast, reliable shipping, ensuring your scientific projects are fully supported.\" \/>\n<meta name=\"robots\" content=\"index, follow, max-snippet:-1, max-image-preview:large, max-video-preview:-1\" \/>\n<link rel=\"canonical\" href=\"https:\/\/pvpgrams.com\/de\/product\/benzodiazepine-pulver\/\" \/>\n<meta property=\"og:locale\" content=\"de_DE\" \/>\n<meta property=\"og:type\" content=\"article\" \/>\n<meta property=\"og:title\" content=\"Buy Benzodiazepines Powder Online \u2013 Benzodiazepines for Sale\" \/>\n<meta property=\"og:description\" content=\"Buy benzodiazepines powder online for your research. Benzodiazepines powder for sale with fast, reliable shipping, ensuring your scientific projects are fully supported.\" \/>\n<meta property=\"og:url\" content=\"https:\/\/pvpgrams.com\/de\/product\/benzodiazepine-pulver\/\" \/>\n<meta property=\"og:site_name\" content=\"PVP Grams\" \/>\n<meta property=\"article:modified_time\" content=\"2025-10-30T07:53:08+00:00\" \/>\n<meta property=\"og:image\" content=\"https:\/\/pvpgrams.com\/wp-content\/uploads\/2025\/05\/Benzodiazepines-Powder.jpg\" \/>\n\t<meta property=\"og:image:width\" content=\"600\" \/>\n\t<meta property=\"og:image:height\" content=\"600\" \/>\n\t<meta property=\"og:image:type\" content=\"image\/jpeg\" \/>\n<meta name=\"twitter:card\" content=\"summary_large_image\" \/>\n<meta name=\"twitter:label1\" content=\"Gesch\u00e4tzte Lesezeit\" \/>\n\t<meta name=\"twitter:data1\" content=\"3\u00a0Minuten\" \/>\n<script type=\"application\/ld+json\" class=\"yoast-schema-graph\">{\"@context\":\"https:\/\/schema.org\",\"@graph\":[{\"@type\":[\"WebPage\",\"ItemPage\"],\"@id\":\"https:\/\/pvpgrams.com\/product\/benzodiazepines-powder\/\",\"url\":\"https:\/\/pvpgrams.com\/product\/benzodiazepines-powder\/\",\"name\":\"Buy Benzodiazepines Powder Online \u2013 Benzodiazepines for Sale\",\"isPartOf\":{\"@id\":\"https:\/\/pvpgrams.com\/#website\"},\"primaryImageOfPage\":{\"@id\":\"https:\/\/pvpgrams.com\/product\/benzodiazepines-powder\/#primaryimage\"},\"image\":{\"@id\":\"https:\/\/pvpgrams.com\/product\/benzodiazepines-powder\/#primaryimage\"},\"thumbnailUrl\":\"https:\/\/pvpgrams.com\/wp-content\/uploads\/2025\/05\/Benzodiazepines-Powder.jpg\",\"datePublished\":\"2025-05-15T11:22:45+00:00\",\"dateModified\":\"2025-10-30T07:53:08+00:00\",\"description\":\"Buy benzodiazepines powder online for your research. Benzodiazepines powder for sale with fast, reliable shipping, ensuring your scientific projects are fully supported.\",\"breadcrumb\":{\"@id\":\"https:\/\/pvpgrams.com\/product\/benzodiazepines-powder\/#breadcrumb\"},\"inLanguage\":\"de\",\"potentialAction\":[{\"@type\":\"ReadAction\",\"target\":[\"https:\/\/pvpgrams.com\/product\/benzodiazepines-powder\/\"]}]},{\"@type\":\"ImageObject\",\"inLanguage\":\"de\",\"@id\":\"https:\/\/pvpgrams.com\/product\/benzodiazepines-powder\/#primaryimage\",\"url\":\"https:\/\/pvpgrams.com\/wp-content\/uploads\/2025\/05\/Benzodiazepines-Powder.jpg\",\"contentUrl\":\"https:\/\/pvpgrams.com\/wp-content\/uploads\/2025\/05\/Benzodiazepines-Powder.jpg\",\"width\":600,\"height\":600,\"caption\":\"Buy Benzodiazepines Powder Online\"},{\"@type\":\"BreadcrumbList\",\"@id\":\"https:\/\/pvpgrams.com\/product\/benzodiazepines-powder\/#breadcrumb\",\"itemListElement\":[{\"@type\":\"ListItem\",\"position\":1,\"name\":\"Home\",\"item\":\"https:\/\/pvpgrams.com\/\"},{\"@type\":\"ListItem\",\"position\":2,\"name\":\"Shop\",\"item\":\"https:\/\/pvpgrams.com\/shop\/\"},{\"@type\":\"ListItem\",\"position\":3,\"name\":\"Benzodiazepines Powder\"}]},{\"@type\":\"WebSite\",\"@id\":\"https:\/\/pvpgrams.com\/#website\",\"url\":\"https:\/\/pvpgrams.com\/\",\"name\":\"PVP Grams\",\"description\":\"\",\"publisher\":{\"@id\":\"https:\/\/pvpgrams.com\/#organization\"},\"potentialAction\":[{\"@type\":\"SearchAction\",\"target\":{\"@type\":\"EntryPoint\",\"urlTemplate\":\"https:\/\/pvpgrams.com\/?s={search_term_string}\"},\"query-input\":{\"@type\":\"PropertyValueSpecification\",\"valueRequired\":true,\"valueName\":\"search_term_string\"}}],\"inLanguage\":\"de\"},{\"@type\":\"Organization\",\"@id\":\"https:\/\/pvpgrams.com\/#organization\",\"name\":\"PVP Grams\",\"url\":\"https:\/\/pvpgrams.com\/\",\"logo\":{\"@type\":\"ImageObject\",\"inLanguage\":\"de\",\"@id\":\"https:\/\/pvpgrams.com\/#\/schema\/logo\/image\/\",\"url\":\"https:\/\/pvpgrams.com\/wp-content\/uploads\/2024\/10\/logo.png\",\"contentUrl\":\"https:\/\/pvpgrams.com\/wp-content\/uploads\/2024\/10\/logo.png\",\"width\":181,\"height\":41,\"caption\":\"PVP Grams\"},\"image\":{\"@id\":\"https:\/\/pvpgrams.com\/#\/schema\/logo\/image\/\"}}]}<\/script>\n<!-- \/ Yoast SEO plugin. -->","yoast_head_json":{"title":"Benzodiazepine Pulver online kaufen - Benzodiazepine zum Verkauf","description":"Kaufen Sie Benzodiazepin-Pulver online f\u00fcr Ihre Forschung. Benzodiazepin-Pulver zum Verkauf mit schnellem, zuverl\u00e4ssigem Versand, damit Ihre wissenschaftlichen Projekte vollst\u00e4ndig unterst\u00fctzt werden.","robots":{"index":"index","follow":"follow","max-snippet":"max-snippet:-1","max-image-preview":"max-image-preview:large","max-video-preview":"max-video-preview:-1"},"canonical":"https:\/\/pvpgrams.com\/de\/product\/benzodiazepine-pulver\/","og_locale":"de_DE","og_type":"article","og_title":"Buy Benzodiazepines Powder Online \u2013 Benzodiazepines for Sale","og_description":"Buy benzodiazepines powder online for your research. Benzodiazepines powder for sale with fast, reliable shipping, ensuring your scientific projects are fully supported.","og_url":"https:\/\/pvpgrams.com\/de\/product\/benzodiazepine-pulver\/","og_site_name":"PVP Grams","article_modified_time":"2025-10-30T07:53:08+00:00","og_image":[{"width":600,"height":600,"url":"https:\/\/pvpgrams.com\/wp-content\/uploads\/2025\/05\/Benzodiazepines-Powder.jpg","type":"image\/jpeg"}],"twitter_card":"summary_large_image","twitter_misc":{"Gesch\u00e4tzte Lesezeit":"3\u00a0Minuten"},"schema":{"@context":"https:\/\/schema.org","@graph":[{"@type":["WebPage","ItemPage"],"@id":"https:\/\/pvpgrams.com\/product\/benzodiazepines-powder\/","url":"https:\/\/pvpgrams.com\/product\/benzodiazepines-powder\/","name":"Benzodiazepine Pulver online kaufen - Benzodiazepine zum Verkauf","isPartOf":{"@id":"https:\/\/pvpgrams.com\/#website"},"primaryImageOfPage":{"@id":"https:\/\/pvpgrams.com\/product\/benzodiazepines-powder\/#primaryimage"},"image":{"@id":"https:\/\/pvpgrams.com\/product\/benzodiazepines-powder\/#primaryimage"},"thumbnailUrl":"https:\/\/pvpgrams.com\/wp-content\/uploads\/2025\/05\/Benzodiazepines-Powder.jpg","datePublished":"2025-05-15T11:22:45+00:00","dateModified":"2025-10-30T07:53:08+00:00","description":"Kaufen Sie Benzodiazepin-Pulver online f\u00fcr Ihre Forschung. Benzodiazepin-Pulver zum Verkauf mit schnellem, zuverl\u00e4ssigem Versand, damit Ihre wissenschaftlichen Projekte vollst\u00e4ndig unterst\u00fctzt werden.","breadcrumb":{"@id":"https:\/\/pvpgrams.com\/product\/benzodiazepines-powder\/#breadcrumb"},"inLanguage":"de","potentialAction":[{"@type":"ReadAction","target":["https:\/\/pvpgrams.com\/product\/benzodiazepines-powder\/"]}]},{"@type":"ImageObject","inLanguage":"de","@id":"https:\/\/pvpgrams.com\/product\/benzodiazepines-powder\/#primaryimage","url":"https:\/\/pvpgrams.com\/wp-content\/uploads\/2025\/05\/Benzodiazepines-Powder.jpg","contentUrl":"https:\/\/pvpgrams.com\/wp-content\/uploads\/2025\/05\/Benzodiazepines-Powder.jpg","width":600,"height":600,"caption":"Buy Benzodiazepines Powder Online"},{"@type":"BreadcrumbList","@id":"https:\/\/pvpgrams.com\/product\/benzodiazepines-powder\/#breadcrumb","itemListElement":[{"@type":"ListItem","position":1,"name":"Home","item":"https:\/\/pvpgrams.com\/"},{"@type":"ListItem","position":2,"name":"Shop","item":"https:\/\/pvpgrams.com\/shop\/"},{"@type":"ListItem","position":3,"name":"Benzodiazepines Powder"}]},{"@type":"WebSite","@id":"https:\/\/pvpgrams.com\/#website","url":"https:\/\/pvpgrams.com\/","name":"PVP-Gramm","description":"","publisher":{"@id":"https:\/\/pvpgrams.com\/#organization"},"potentialAction":[{"@type":"SearchAction","target":{"@type":"EntryPoint","urlTemplate":"https:\/\/pvpgrams.com\/?s={search_term_string}"},"query-input":{"@type":"PropertyValueSpecification","valueRequired":true,"valueName":"search_term_string"}}],"inLanguage":"de"},{"@type":"Organization","@id":"https:\/\/pvpgrams.com\/#organization","name":"PVP-Gramm","url":"https:\/\/pvpgrams.com\/","logo":{"@type":"ImageObject","inLanguage":"de","@id":"https:\/\/pvpgrams.com\/#\/schema\/logo\/image\/","url":"https:\/\/pvpgrams.com\/wp-content\/uploads\/2024\/10\/logo.png","contentUrl":"https:\/\/pvpgrams.com\/wp-content\/uploads\/2024\/10\/logo.png","width":181,"height":41,"caption":"PVP Grams"},"image":{"@id":"https:\/\/pvpgrams.com\/#\/schema\/logo\/image\/"}}]}},"_links":{"self":[{"href":"https:\/\/pvpgrams.com\/de\/wp-json\/wp\/v2\/product\/1612","targetHints":{"allow":["GET"]}}],"collection":[{"href":"https:\/\/pvpgrams.com\/de\/wp-json\/wp\/v2\/product"}],"about":[{"href":"https:\/\/pvpgrams.com\/de\/wp-json\/wp\/v2\/types\/product"}],"replies":[{"embeddable":true,"href":"https:\/\/pvpgrams.com\/de\/wp-json\/wp\/v2\/comments?post=1612"}],"wp:featuredmedia":[{"embeddable":true,"href":"https:\/\/pvpgrams.com\/de\/wp-json\/wp\/v2\/media\/1970"}],"wp:attachment":[{"href":"https:\/\/pvpgrams.com\/de\/wp-json\/wp\/v2\/media?parent=1612"}],"wp:term":[{"taxonomy":"product_brand","embeddable":true,"href":"https:\/\/pvpgrams.com\/de\/wp-json\/wp\/v2\/product_brand?post=1612"},{"taxonomy":"product_cat","embeddable":true,"href":"https:\/\/pvpgrams.com\/de\/wp-json\/wp\/v2\/product_cat?post=1612"},{"taxonomy":"product_tag","embeddable":true,"href":"https:\/\/pvpgrams.com\/de\/wp-json\/wp\/v2\/product_tag?post=1612"}],"curies":[{"name":"wp","href":"https:\/\/api.w.org\/{rel}","templated":true}]}}