{"id":1613,"date":"2025-05-15T11:21:28","date_gmt":"2025-05-15T11:21:28","guid":{"rendered":"https:\/\/pvpgrams.com\/?post_type=product&#038;p=1613"},"modified":"2025-10-30T07:50:43","modified_gmt":"2025-10-30T07:50:43","slug":"amphetaminpulver-hoher-qualitat","status":"publish","type":"product","link":"https:\/\/pvpgrams.com\/de\/product\/amphetaminpulver-hoher-qualitat\/","title":{"rendered":"Amphetamin-Kristall hoher Qualit\u00e4t"},"content":{"rendered":"<h2 data-start=\"181\" data-end=\"247\">Kaufen Sie Amphetamin-Kristalle online von einer zuverl\u00e4ssigen Forschungsquelle<\/h2>\n<h3 data-start=\"249\" data-end=\"345\">Kaufen Sie hochwertige Amphetaminkristalle online \u2013 vertrauensw\u00fcrdiger Lieferant von Stimulanzien in Forschungsqualit\u00e4t<\/h3>\n<p data-start=\"347\" data-end=\"700\">Wenn Sie Amphetaminkristalle online kaufen m\u00f6chten, bietet PVPGRAMS eine vertrauensw\u00fcrdige Quelle f\u00fcr autorisierte wissenschaftliche und klinische Forschungszwecke. Unsere zum Verkauf stehenden Amphetaminkristalle werden sorgf\u00e4ltig ausgew\u00e4hlt, im Labor getestet und auf h\u00f6chste Reinheitsstandards gepr\u00fcft. Dadurch eignen sie sich f\u00fcr neurowissenschaftliche, pharmakologische und klinische Studien.<\/p>\n<h3 data-start=\"707\" data-end=\"753\">Was ist hochwertiges Amphetaminkristall?<\/h3>\n<p data-start=\"755\" data-end=\"1153\"><a href=\"https:\/\/en.wikipedia.org\/wiki\/Amphetamine\">Amphetaminkristall<\/a> ist ein starkes Stimulans des zentralen Nervensystems, das die Dopamin- und Noradrenalinaktivit\u00e4t im Gehirn steigert. Es wird h\u00e4ufig in Klinik und Forschung eingesetzt, um die Konzentration zu verbessern, M\u00fcdigkeit zu reduzieren und die Stimmung zu heben. Es ist in Pulver-, Tabletten- und Kristallform erh\u00e4ltlich und darf nur unter strenger \u00e4rztlicher Aufsicht oder in regulierten Laborumgebungen verabreicht werden.<\/p>\n<p data-start=\"1155\" data-end=\"1190\">Zu den wichtigsten medizinischen Anwendungen geh\u00f6ren:<\/p>\n<ul data-start=\"1192\" data-end=\"1330\">\n<li data-start=\"1192\" data-end=\"1243\">\n<p data-start=\"1194\" data-end=\"1243\">Aufmerksamkeitsdefizit-\/Hyperaktivit\u00e4tsst\u00f6rung (ADHS)<\/p>\n<\/li>\n<li data-start=\"1244\" data-end=\"1279\">\n<p data-start=\"1246\" data-end=\"1279\">Narkolepsie (Tagesm\u00fcdigkeit)<\/p>\n<\/li>\n<li data-start=\"1280\" data-end=\"1330\">\n<p data-start=\"1282\" data-end=\"1330\">\u00dcberwachte Behandlung von Depressionen und Fettleibigkeit<\/p>\n<\/li>\n<\/ul>\n<p data-start=\"1332\" data-end=\"1517\">Wenn Sie Amphetaminkristalle f\u00fcr Forschungs- oder medizinische Zwecke bestellen m\u00f6chten, ist PVPGRAMS der beste Ort, um Amphetaminkristalle zu kaufen, da es garantierte Qualit\u00e4t und zuverl\u00e4ssigen Versand bietet.<\/p>\n<h3 data-start=\"1524\" data-end=\"1585\">Amphetamin-Kristall oder -Pulver f\u00fcr Forschung und medizinische Zwecke<\/h3>\n<p data-start=\"1587\" data-end=\"1703\">Wir bieten sowohl Amphetaminkristalle als auch Pulver im Einzelhandel und in Gro\u00dfmengen zum Verkauf an. Diese eignen sich f\u00fcr:<\/p>\n<ul data-start=\"1705\" data-end=\"1806\">\n<li data-start=\"1705\" data-end=\"1739\">\n<p data-start=\"1707\" data-end=\"1739\">Akademische neurowissenschaftliche Forschung<\/p>\n<\/li>\n<li data-start=\"1740\" data-end=\"1769\">\n<p data-start=\"1742\" data-end=\"1769\">Pharmakologisches Profiling<\/p>\n<\/li>\n<li data-start=\"1770\" data-end=\"1806\">\n<p data-start=\"1772\" data-end=\"1806\">Kontrollierte klinische Umgebungen<\/p>\n<\/li>\n<\/ul>\n<p data-start=\"1808\" data-end=\"2007\">Wenn Sie <a href=\"https:\/\/pvpgrams.com\/de\/product\/amphetaminpulver-hoher-qualitat\/\">Amphetaminkristalle online kaufen<\/a> Bei PVPGRAMS k\u00f6nnen Sie sicher sein, dass alle Produkte ausschlie\u00dflich f\u00fcr therapeutische oder Forschungszwecke bestimmt sind. Die Verwendung im Freizeitbereich wird nicht unterst\u00fctzt.<\/p>\n<h3 data-start=\"2014\" data-end=\"2058\">Risiken, Nebenwirkungen und Kontraindikationen<\/h3>\n<p data-start=\"2060\" data-end=\"2177\">Obwohl Amphetamine unter Aufsicht n\u00fctzlich sind, bergen sie das Risiko von Abh\u00e4ngigkeit und Missbrauch. H\u00e4ufige Nebenwirkungen sind:<\/p>\n<ul data-start=\"2179\" data-end=\"2283\">\n<li data-start=\"2179\" data-end=\"2191\">\n<p data-start=\"2181\" data-end=\"2191\">Schlaflosigkeit<\/p>\n<\/li>\n<li data-start=\"2192\" data-end=\"2216\">\n<p data-start=\"2194\" data-end=\"2216\">Erh\u00f6hte Herzfrequenz<\/p>\n<\/li>\n<li data-start=\"2217\" data-end=\"2244\">\n<p data-start=\"2219\" data-end=\"2244\">Nervosit\u00e4t und Angst<\/p>\n<\/li>\n<li data-start=\"2245\" data-end=\"2269\">\n<p data-start=\"2247\" data-end=\"2269\">Appetitunterdr\u00fcckung<\/p>\n<\/li>\n<\/ul>\n<p data-start=\"2285\" data-end=\"2313\">Zu den schwerwiegenden Risiken k\u00f6nnen geh\u00f6ren:<\/p>\n<ul data-start=\"2315\" data-end=\"2427\">\n<li data-start=\"2315\" data-end=\"2333\">\n<p data-start=\"2317\" data-end=\"2333\">Herzprobleme<\/p>\n<\/li>\n<li data-start=\"2334\" data-end=\"2364\">\n<p data-start=\"2336\" data-end=\"2364\">Hallucinations or paranoia<\/p>\n<\/li>\n<li data-start=\"2365\" data-end=\"2403\">\n<p data-start=\"2367\" data-end=\"2403\">Abh\u00e4ngigkeit und Entzugserscheinungen<\/p>\n<\/li>\n<\/ul>\n<p data-start=\"2429\" data-end=\"2708\">Bevor Sie g\u00fcnstiges Amphetaminkristall online kaufen, ist es wichtig, diese Risiken zu verstehen und eine \u00e4rztliche \u00dcberwachung sicherzustellen. Amphetamine sind kontraindiziert f\u00fcr Personen mit Herzerkrankungen, unkontrolliertem Bluthochdruck, Drogenmissbrauch in der Vorgeschichte oder bestimmten psychiatrischen Erkrankungen.<\/p>\n<h3 data-start=\"3213\" data-end=\"3260\">Warum Amphetaminkristalle von PVPGRAMS kaufen?<\/h3>\n<ul data-start=\"3262\" data-end=\"3484\">\n<li data-start=\"3262\" data-end=\"3307\">\n<p data-start=\"3264\" data-end=\"3307\">Zertifizierte, im Labor getestete Stimulanzienverbindungen<\/p>\n<\/li>\n<li data-start=\"3308\" data-end=\"3349\">\n<p data-start=\"3310\" data-end=\"3349\">Kaufoptionen f\u00fcr Gro\u00df- und Einzelhandel<\/p>\n<\/li>\n<li data-start=\"3350\" data-end=\"3389\">\n<p data-start=\"3352\" data-end=\"3389\">Sichere, diskrete weltweite Lieferung<\/p>\n<\/li>\n<li data-start=\"3390\" data-end=\"3435\">\n<p data-start=\"3392\" data-end=\"3435\">Konkurrenzf\u00e4higer Preis f\u00fcr Amphetaminkristalle<\/p>\n<\/li>\n<li data-start=\"3436\" data-end=\"3484\">\n<p data-start=\"3438\" data-end=\"3484\">Vertrauen von Forschungseinrichtungen und Kliniken<\/p>\n<\/li>\n<\/ul>\n<p data-start=\"3486\" data-end=\"3633\">PVPGRAMS ist nach wie vor der beste Ort, um Amphetaminkristalle online zu kaufen, und gew\u00e4hrleistet Zuverl\u00e4ssigkeit, Sicherheit und die Einhaltung internationaler Standards.<\/p>\n<h3 data-start=\"3640\" data-end=\"3674\">Compliance &amp; Rechtlicher Hinweis<\/h3>\n<p data-start=\"3676\" data-end=\"3801\">Amphetamin ist in den meisten L\u00e4ndern eine kontrollierte Substanz. Alle unsere zum Verkauf stehenden Amphetaminkristalle sind ausschlie\u00dflich f\u00fcr folgende Zwecke bestimmt:<\/p>\n<ul data-start=\"3803\" data-end=\"3890\">\n<li data-start=\"3803\" data-end=\"3826\">\n<p data-start=\"3805\" data-end=\"3826\">Wissenschaftliche Forschung<\/p>\n<\/li>\n<li data-start=\"3827\" data-end=\"3847\">\n<p data-start=\"3829\" data-end=\"3847\">Forensische Untersuchungen<\/p>\n<\/li>\n<li data-start=\"3848\" data-end=\"3890\">\n<p data-start=\"3850\" data-end=\"3890\">Zugelassene medizinische oder pharmazeutische Verwendung<\/p>\n<\/li>\n<\/ul>\n<p data-start=\"3892\" data-end=\"4049\">Es liegt in der Verantwortung des K\u00e4ufers, vor der Bestellung zu pr\u00fcfen, wo Amphetaminkristalle legal erworben werden k\u00f6nnen, und sicherzustellen, dass die \u00f6rtlichen Gesetze vollst\u00e4ndig eingehalten werden.<\/p>\n<h3 data-start=\"4056\" data-end=\"4076\">Bereit zur Bestellung?<\/h3>\n<p data-start=\"4078\" data-end=\"4350\">M\u00f6chten Sie Amphetaminkristalle noch heute kaufen? Besuchen Sie unsere sichere Plattform, um Amphetaminkristalle zu bestellen oder ein Mengenangebot anzufordern. Mit diskretem Versand, gepr\u00fcfter Qualit\u00e4t und wettbewerbsf\u00e4higen Preisen ist PVPGRAMS Ihr zuverl\u00e4ssiger Online-Anbieter f\u00fcr Amphetaminkristalle.<\/p>","protected":false},"excerpt":{"rendered":"<p>Kaufen Sie Amphetamin-Kristalle online von einer zuverl\u00e4ssigen Forschungsquelle Kaufen Sie hochwertige Amphetamin-Kristalle online \u2013 Vertrauensw\u00fcrdiger Lieferant von Stimulanzien in Forschungsqualit\u00e4t Wenn Sie Amphetamin-Kristalle online kaufen m\u00f6chten, bietet PVPGRAMS eine vertrauensw\u00fcrdige Quelle f\u00fcr autorisierte wissenschaftliche und klinische Forschungszwecke. Unser zum Verkauf stehender Amphetaminkristall wird sorgf\u00e4ltig beschafft, im Labor getestet und auf die Einhaltung h\u00f6chster Reinheitsstandards \u00fcberpr\u00fcft, sodass er f\u00fcr neurowissenschaftliche, pharmakologische und klinische Studien geeignet ist. Was ist hochwertiger Amphetaminkristall? Amphetaminkristalle sind ein starkes Stimulans f\u00fcr das zentrale Nervensystem, das die Dopamin- und Noradrenalinaktivit\u00e4t im Gehirn erh\u00f6ht. Es wird h\u00e4ufig in klinischen und Forschungsumgebungen eingesetzt, um die Konzentration zu verbessern, M\u00fcdigkeit zu reduzieren und die Stimmung zu heben. Es ist in Form von Pulver, Tabletten und Kristallen erh\u00e4ltlich und wird nur unter strenger \u00e4rztlicher Aufsicht oder in regulierten Laborumgebungen verabreicht. Zu den wichtigsten medizinischen Anwendungsgebieten geh\u00f6ren: Aufmerksamkeitsdefizit-Hyperaktivit\u00e4tsst\u00f6rung (ADHS) Narkolepsie (Tagesschl\u00e4frigkeit) \u00dcberwachte Behandlung von Depressionen und Fettleibigkeit Wenn Sie Amphetaminkristalle f\u00fcr Forschungs- oder medizinische Zwecke bestellen m\u00f6chten, ist PVPGRAMS der beste Ort, um Amphetaminkristalle zu kaufen, da hier garantierte Qualit\u00e4t und zuverl\u00e4ssiger Versand geboten werden. Amphetaminkristalle oder -pulver f\u00fcr Forschungs- und medizinische Zwecke Wir bieten sowohl Amphetaminkristalle als auch -pulver in Einzelhandels- und Gro\u00dfhandelsmengen zum Verkauf an. Diese eignen sich f\u00fcr: Akademische neurowissenschaftliche Forschung Pharmakologische Profilerstellung Kontrollierte klinische Umgebungen Wenn Sie Amphetaminkristalle online bei PVPGRAMS kaufen, k\u00f6nnen Sie sicher sein, dass alle Produkte ausschlie\u00dflich f\u00fcr therapeutische oder Forschungszwecke bestimmt sind. Der Freizeitkonsum wird nicht unterst\u00fctzt. Risiken, Nebenwirkungen und Kontraindikationen Obwohl Amphetamine unter Aufsicht von Vorteil sind, bergen sie das Risiko einer Abh\u00e4ngigkeit und eines Missbrauchs. H\u00e4ufige Nebenwirkungen sind: Schlaflosigkeit Erh\u00f6hte Herzfrequenz Nervosit\u00e4t und Angstzust\u00e4nde Appetitlosigkeit Zu den schwerwiegenden Risiken k\u00f6nnen geh\u00f6ren: Herzprobleme Halluzinationen oder Paranoia Abh\u00e4ngigkeit und Entzugserscheinungen Bevor Sie billiges Amphetamin-Kristall online kaufen, ist es wichtig, diese Risiken zu verstehen und eine medizinische \u00dcberwachung sicherzustellen. Amphetamine sind f\u00fcr Personen mit Herzerkrankungen, unkontrolliertem Bluthochdruck, Drogenmissbrauch in der Vorgeschichte oder bestimmten psychiatrischen Erkrankungen kontraindiziert. Warum Amphetaminkristalle bei PVPGRAMS kaufen? Zertifizierte, im Labor getestete Stimulanzien Gro\u00df- und Einzelhandelssortiment Sichere, diskrete weltweite Lieferung Wettbewerbsf\u00e4higer Preis f\u00fcr Amphetaminkristalle Von Forschungseinrichtungen und Kliniken gesch\u00e4tzt PVPGRAMS ist nach wie vor der beste Ort, um Amphetaminkristalle online zu kaufen, da es Zuverl\u00e4ssigkeit, Sicherheit und die Einhaltung internationaler Standards gew\u00e4hrleistet. Compliance &amp; Haftungsausschluss Amphetamin ist in den meisten L\u00e4ndern eine kontrollierte Substanz. Unser gesamtes zum Verkauf stehendes Amphetamin-Kristall ist ausschlie\u00dflich bestimmt f\u00fcr: Wissenschaftliche Forschung Forensische Studien Lizenzierte medizinische oder pharmazeutische Verwendung Es liegt in der Verantwortung des K\u00e4ufers, vor der Bestellung zu \u00fcberpr\u00fcfen, wo Amphetamin-Kristall legal gekauft werden kann, und die vollst\u00e4ndige Einhaltung der lokalen Gesetze sicherzustellen. Sind Sie bereit zu bestellen? M\u00f6chten Sie noch heute Amphetamin-Kristalle kaufen? Besuchen Sie unsere sichere Plattform, um Amphetamin-Kristalle zu bestellen oder ein Angebot f\u00fcr Gro\u00dfmengen anzufordern. Mit diskretem Versand, gepr\u00fcfter Qualit\u00e4t und wettbewerbsf\u00e4higen Preisen ist PVPGRAMS Ihr vertrauensw\u00fcrdiger Lieferant f\u00fcr den Online-Kauf von Amphetamin-Kristallen.<\/p>","protected":false},"featured_media":1969,"comment_status":"closed","ping_status":"closed","template":"","meta":{"_kadence_starter_templates_imported_post":false,"_kad_post_transparent":"default","_kad_post_title":"","_kad_post_layout":"default","_kad_post_sidebar_id":"","_kad_post_content_style":"default","_kad_post_vertical_padding":"default","_kad_post_feature":"","_kad_post_feature_position":"","_kad_post_header":false,"_kad_post_footer":false,"_joinchat":[]},"product_brand":[],"product_cat":[361],"product_tag":[],"class_list":{"0":"post-1613","1":"product","2":"type-product","3":"status-publish","4":"has-post-thumbnail","6":"product_cat-research-chemicals","8":"first","9":"instock","10":"shipping-taxable","11":"purchasable","12":"product-type-variable","13":"entry","14":"content-bg","15":"loop-entry"},"yoast_head":"<!-- This site is optimized with the Yoast SEO plugin v26.5 - https:\/\/yoast.com\/wordpress\/plugins\/seo\/ -->\n<title>Buy Amphetamine Crystal Online \u2013 Amphetamine Crystal for Sale<\/title>\n<meta name=\"description\" content=\"Get amphetamine Crystal for sale with top-notch quality. Buy amphetamine Crystal online, ideal for your research, and enjoy discreet, fast shipping.\" \/>\n<meta name=\"robots\" content=\"index, follow, max-snippet:-1, max-image-preview:large, max-video-preview:-1\" \/>\n<link rel=\"canonical\" href=\"https:\/\/pvpgrams.com\/de\/product\/amphetaminpulver-hoher-qualitat\/\" \/>\n<meta property=\"og:locale\" content=\"de_DE\" \/>\n<meta property=\"og:type\" content=\"article\" \/>\n<meta property=\"og:title\" content=\"Buy Amphetamine Crystal Online \u2013 Amphetamine Crystal for Sale\" \/>\n<meta property=\"og:description\" content=\"Get amphetamine Crystal for sale with top-notch quality. Buy amphetamine Crystal online, ideal for your research, and enjoy discreet, fast shipping.\" \/>\n<meta property=\"og:url\" content=\"https:\/\/pvpgrams.com\/de\/product\/amphetaminpulver-hoher-qualitat\/\" \/>\n<meta property=\"og:site_name\" content=\"PVP Grams\" \/>\n<meta property=\"article:modified_time\" content=\"2025-10-30T07:50:43+00:00\" \/>\n<meta property=\"og:image\" content=\"https:\/\/pvpgrams.com\/wp-content\/uploads\/2025\/05\/Amphetamine-Powder-High-Quality.jpg\" \/>\n\t<meta property=\"og:image:width\" content=\"600\" \/>\n\t<meta property=\"og:image:height\" content=\"600\" \/>\n\t<meta property=\"og:image:type\" content=\"image\/jpeg\" \/>\n<meta name=\"twitter:card\" content=\"summary_large_image\" \/>\n<meta name=\"twitter:label1\" content=\"Gesch\u00e4tzte Lesezeit\" \/>\n\t<meta name=\"twitter:data1\" content=\"3\u00a0Minuten\" \/>\n<script type=\"application\/ld+json\" class=\"yoast-schema-graph\">{\"@context\":\"https:\/\/schema.org\",\"@graph\":[{\"@type\":[\"WebPage\",\"ItemPage\"],\"@id\":\"https:\/\/pvpgrams.com\/product\/amphetamine-powder-high-quality\/\",\"url\":\"https:\/\/pvpgrams.com\/product\/amphetamine-powder-high-quality\/\",\"name\":\"Buy Amphetamine Crystal Online \u2013 Amphetamine Crystal for Sale\",\"isPartOf\":{\"@id\":\"https:\/\/pvpgrams.com\/#website\"},\"primaryImageOfPage\":{\"@id\":\"https:\/\/pvpgrams.com\/product\/amphetamine-powder-high-quality\/#primaryimage\"},\"image\":{\"@id\":\"https:\/\/pvpgrams.com\/product\/amphetamine-powder-high-quality\/#primaryimage\"},\"thumbnailUrl\":\"https:\/\/pvpgrams.com\/wp-content\/uploads\/2025\/05\/Amphetamine-Powder-High-Quality.jpg\",\"datePublished\":\"2025-05-15T11:21:28+00:00\",\"dateModified\":\"2025-10-30T07:50:43+00:00\",\"description\":\"Get amphetamine Crystal for sale with top-notch quality. Buy amphetamine Crystal online, ideal for your research, and enjoy discreet, fast shipping.\",\"breadcrumb\":{\"@id\":\"https:\/\/pvpgrams.com\/product\/amphetamine-powder-high-quality\/#breadcrumb\"},\"inLanguage\":\"de\",\"potentialAction\":[{\"@type\":\"ReadAction\",\"target\":[\"https:\/\/pvpgrams.com\/product\/amphetamine-powder-high-quality\/\"]}]},{\"@type\":\"ImageObject\",\"inLanguage\":\"de\",\"@id\":\"https:\/\/pvpgrams.com\/product\/amphetamine-powder-high-quality\/#primaryimage\",\"url\":\"https:\/\/pvpgrams.com\/wp-content\/uploads\/2025\/05\/Amphetamine-Powder-High-Quality.jpg\",\"contentUrl\":\"https:\/\/pvpgrams.com\/wp-content\/uploads\/2025\/05\/Amphetamine-Powder-High-Quality.jpg\",\"width\":600,\"height\":600,\"caption\":\"Buy Amphetamine Powder Online\"},{\"@type\":\"BreadcrumbList\",\"@id\":\"https:\/\/pvpgrams.com\/product\/amphetamine-powder-high-quality\/#breadcrumb\",\"itemListElement\":[{\"@type\":\"ListItem\",\"position\":1,\"name\":\"Home\",\"item\":\"https:\/\/pvpgrams.com\/\"},{\"@type\":\"ListItem\",\"position\":2,\"name\":\"Shop\",\"item\":\"https:\/\/pvpgrams.com\/shop\/\"},{\"@type\":\"ListItem\",\"position\":3,\"name\":\"Amphetamine Crystal High Quality\"}]},{\"@type\":\"WebSite\",\"@id\":\"https:\/\/pvpgrams.com\/#website\",\"url\":\"https:\/\/pvpgrams.com\/\",\"name\":\"PVP Grams\",\"description\":\"\",\"publisher\":{\"@id\":\"https:\/\/pvpgrams.com\/#organization\"},\"potentialAction\":[{\"@type\":\"SearchAction\",\"target\":{\"@type\":\"EntryPoint\",\"urlTemplate\":\"https:\/\/pvpgrams.com\/?s={search_term_string}\"},\"query-input\":{\"@type\":\"PropertyValueSpecification\",\"valueRequired\":true,\"valueName\":\"search_term_string\"}}],\"inLanguage\":\"de\"},{\"@type\":\"Organization\",\"@id\":\"https:\/\/pvpgrams.com\/#organization\",\"name\":\"PVP Grams\",\"url\":\"https:\/\/pvpgrams.com\/\",\"logo\":{\"@type\":\"ImageObject\",\"inLanguage\":\"de\",\"@id\":\"https:\/\/pvpgrams.com\/#\/schema\/logo\/image\/\",\"url\":\"https:\/\/pvpgrams.com\/wp-content\/uploads\/2024\/10\/logo.png\",\"contentUrl\":\"https:\/\/pvpgrams.com\/wp-content\/uploads\/2024\/10\/logo.png\",\"width\":181,\"height\":41,\"caption\":\"PVP Grams\"},\"image\":{\"@id\":\"https:\/\/pvpgrams.com\/#\/schema\/logo\/image\/\"}}]}<\/script>\n<!-- \/ Yoast SEO plugin. -->","yoast_head_json":{"title":"Amphetamin-Kristall online kaufen - Amphetamin-Kristall zu verkaufen","description":"Erhalten Sie Amphetamin Crystal zum Verkauf mit erstklassiger Qualit\u00e4t. Kaufen Sie Amphetamin Crystal online, ideal f\u00fcr Ihre Forschung, und genie\u00dfen Sie diskreten, schnellen Versand.","robots":{"index":"index","follow":"follow","max-snippet":"max-snippet:-1","max-image-preview":"max-image-preview:large","max-video-preview":"max-video-preview:-1"},"canonical":"https:\/\/pvpgrams.com\/de\/product\/amphetaminpulver-hoher-qualitat\/","og_locale":"de_DE","og_type":"article","og_title":"Buy Amphetamine Crystal Online \u2013 Amphetamine Crystal for Sale","og_description":"Get amphetamine Crystal for sale with top-notch quality. Buy amphetamine Crystal online, ideal for your research, and enjoy discreet, fast shipping.","og_url":"https:\/\/pvpgrams.com\/de\/product\/amphetaminpulver-hoher-qualitat\/","og_site_name":"PVP Grams","article_modified_time":"2025-10-30T07:50:43+00:00","og_image":[{"width":600,"height":600,"url":"https:\/\/pvpgrams.com\/wp-content\/uploads\/2025\/05\/Amphetamine-Powder-High-Quality.jpg","type":"image\/jpeg"}],"twitter_card":"summary_large_image","twitter_misc":{"Gesch\u00e4tzte Lesezeit":"3\u00a0Minuten"},"schema":{"@context":"https:\/\/schema.org","@graph":[{"@type":["WebPage","ItemPage"],"@id":"https:\/\/pvpgrams.com\/product\/amphetamine-powder-high-quality\/","url":"https:\/\/pvpgrams.com\/product\/amphetamine-powder-high-quality\/","name":"Amphetamin-Kristall online kaufen - Amphetamin-Kristall zu verkaufen","isPartOf":{"@id":"https:\/\/pvpgrams.com\/#website"},"primaryImageOfPage":{"@id":"https:\/\/pvpgrams.com\/product\/amphetamine-powder-high-quality\/#primaryimage"},"image":{"@id":"https:\/\/pvpgrams.com\/product\/amphetamine-powder-high-quality\/#primaryimage"},"thumbnailUrl":"https:\/\/pvpgrams.com\/wp-content\/uploads\/2025\/05\/Amphetamine-Powder-High-Quality.jpg","datePublished":"2025-05-15T11:21:28+00:00","dateModified":"2025-10-30T07:50:43+00:00","description":"Erhalten Sie Amphetamin Crystal zum Verkauf mit erstklassiger Qualit\u00e4t. Kaufen Sie Amphetamin Crystal online, ideal f\u00fcr Ihre Forschung, und genie\u00dfen Sie diskreten, schnellen Versand.","breadcrumb":{"@id":"https:\/\/pvpgrams.com\/product\/amphetamine-powder-high-quality\/#breadcrumb"},"inLanguage":"de","potentialAction":[{"@type":"ReadAction","target":["https:\/\/pvpgrams.com\/product\/amphetamine-powder-high-quality\/"]}]},{"@type":"ImageObject","inLanguage":"de","@id":"https:\/\/pvpgrams.com\/product\/amphetamine-powder-high-quality\/#primaryimage","url":"https:\/\/pvpgrams.com\/wp-content\/uploads\/2025\/05\/Amphetamine-Powder-High-Quality.jpg","contentUrl":"https:\/\/pvpgrams.com\/wp-content\/uploads\/2025\/05\/Amphetamine-Powder-High-Quality.jpg","width":600,"height":600,"caption":"Buy Amphetamine Powder Online"},{"@type":"BreadcrumbList","@id":"https:\/\/pvpgrams.com\/product\/amphetamine-powder-high-quality\/#breadcrumb","itemListElement":[{"@type":"ListItem","position":1,"name":"Home","item":"https:\/\/pvpgrams.com\/"},{"@type":"ListItem","position":2,"name":"Shop","item":"https:\/\/pvpgrams.com\/shop\/"},{"@type":"ListItem","position":3,"name":"Amphetamine Crystal High Quality"}]},{"@type":"WebSite","@id":"https:\/\/pvpgrams.com\/#website","url":"https:\/\/pvpgrams.com\/","name":"PVP-Gramm","description":"","publisher":{"@id":"https:\/\/pvpgrams.com\/#organization"},"potentialAction":[{"@type":"SearchAction","target":{"@type":"EntryPoint","urlTemplate":"https:\/\/pvpgrams.com\/?s={search_term_string}"},"query-input":{"@type":"PropertyValueSpecification","valueRequired":true,"valueName":"search_term_string"}}],"inLanguage":"de"},{"@type":"Organization","@id":"https:\/\/pvpgrams.com\/#organization","name":"PVP-Gramm","url":"https:\/\/pvpgrams.com\/","logo":{"@type":"ImageObject","inLanguage":"de","@id":"https:\/\/pvpgrams.com\/#\/schema\/logo\/image\/","url":"https:\/\/pvpgrams.com\/wp-content\/uploads\/2024\/10\/logo.png","contentUrl":"https:\/\/pvpgrams.com\/wp-content\/uploads\/2024\/10\/logo.png","width":181,"height":41,"caption":"PVP Grams"},"image":{"@id":"https:\/\/pvpgrams.com\/#\/schema\/logo\/image\/"}}]}},"_links":{"self":[{"href":"https:\/\/pvpgrams.com\/de\/wp-json\/wp\/v2\/product\/1613","targetHints":{"allow":["GET"]}}],"collection":[{"href":"https:\/\/pvpgrams.com\/de\/wp-json\/wp\/v2\/product"}],"about":[{"href":"https:\/\/pvpgrams.com\/de\/wp-json\/wp\/v2\/types\/product"}],"replies":[{"embeddable":true,"href":"https:\/\/pvpgrams.com\/de\/wp-json\/wp\/v2\/comments?post=1613"}],"wp:featuredmedia":[{"embeddable":true,"href":"https:\/\/pvpgrams.com\/de\/wp-json\/wp\/v2\/media\/1969"}],"wp:attachment":[{"href":"https:\/\/pvpgrams.com\/de\/wp-json\/wp\/v2\/media?parent=1613"}],"wp:term":[{"taxonomy":"product_brand","embeddable":true,"href":"https:\/\/pvpgrams.com\/de\/wp-json\/wp\/v2\/product_brand?post=1613"},{"taxonomy":"product_cat","embeddable":true,"href":"https:\/\/pvpgrams.com\/de\/wp-json\/wp\/v2\/product_cat?post=1613"},{"taxonomy":"product_tag","embeddable":true,"href":"https:\/\/pvpgrams.com\/de\/wp-json\/wp\/v2\/product_tag?post=1613"}],"curies":[{"name":"wp","href":"https:\/\/api.w.org\/{rel}","templated":true}]}}