{"id":1113,"date":"2024-10-24T23:46:49","date_gmt":"2024-10-24T23:46:49","guid":{"rendered":"https:\/\/pvpgrams.com\/?post_type=product&#038;p=1113"},"modified":"2025-08-21T11:56:57","modified_gmt":"2025-08-21T11:56:57","slug":"mdpv-metilendioxipirovalerona","status":"publish","type":"product","link":"https:\/\/pvpgrams.com\/es\/product\/mdpv-metilendioxipirovalerona\/","title":{"rendered":"Comprar MDPV (Metilendioxipirovalerona) Online"},"content":{"rendered":"<h2 data-start=\"121\" data-end=\"174\"><strong data-start=\"121\" data-end=\"172\">Compre MDPV en l\u00ednea de una fuente de investigaci\u00f3n confiable<\/strong><\/h2>\n<p data-start=\"176\" data-end=\"282\"><strong data-start=\"176\" data-end=\"280\">Compre MDPV (metilendioxipirovalerona) en l\u00ednea: MDPV de alta pureza, probado en laboratorio, para investigaci\u00f3n en Pvpgrams<\/strong><\/p>\n<p data-start=\"284\" data-end=\"817\">Con vistas a <a href=\"https:\/\/pvpgrams.com\/es\/product\/mdpv-metilendioxipirovalerona\/\">comprar MDPV online<\/a>Pvpgrams ofrece MDPV (metilendioxipirovalerona) de alta pureza y probada en laboratorio para fines de investigaci\u00f3n. El MDPV a la venta es un estimulante sint\u00e9tico de la clase de las catinonas, conocido por sus potentes efectos sobre el sistema nervioso central. Se utiliza ampliamente en la investigaci\u00f3n cient\u00edfica para estudiar su impacto en la actividad de los neurotransmisores, espec\u00edficamente los sistemas de dopamina y noradrenalina. En Pvpgrams, nos aseguramos de que nuestra compra de MDPV en l\u00ednea cumpla con estrictos est\u00e1ndares de calidad, lo que la hace ideal para estudios de laboratorio avanzados.<\/p>\n<h3 data-start=\"819\" data-end=\"838\">\u00bfQu\u00e9 es la MDPV?<\/h3>\n<p data-start=\"840\" data-end=\"1372\"><a href=\"https:\/\/en.wikipedia.org\/wiki\/Methylenedioxypyrovalerone\">MDPV (Metilendioxipirovalerona)<\/a> Es un potente estimulante que pertenece a la familia de las catinonas, similar a la alfa-PVP. Act\u00faa como inhibidor de la recaptaci\u00f3n de dopamina y noradrenalina (IRDN), aumentando los niveles de estos neurotransmisores en el cerebro. Los investigadores solicitan MDPV para estudiar sus efectos en la cognici\u00f3n, el comportamiento y la regulaci\u00f3n del estado de \u00e1nimo, centr\u00e1ndose especialmente en la liberaci\u00f3n de dopamina y noradrenalina. Esto hace que comprar MDPV en l\u00ednea sea valioso para la investigaci\u00f3n de los efectos estimulantes, la mejora de la atenci\u00f3n y las respuestas conductuales.<\/p>\n<h3 data-start=\"1374\" data-end=\"1409\">\u00bfPor qu\u00e9 elegir la MDPV para la investigaci\u00f3n?<\/h3>\n<p data-start=\"1411\" data-end=\"1938\">El MDPV goza de gran prestigio en la comunidad cient\u00edfica debido a su fuerte influencia en los sistemas de dopamina y noradrenalina. Estos neurotransmisores son esenciales para la motivaci\u00f3n, la regulaci\u00f3n del estado de \u00e1nimo y el comportamiento. Las investigaciones sobre la venta de MDPV proporcionan informaci\u00f3n sobre c\u00f3mo los estimulantes alteran la funci\u00f3n cerebral, incluyendo efectos como el estado de alerta, la euforia y la hiperactividad. Tambi\u00e9n se ha estudiado en comparaci\u00f3n con otros estimulantes basados \u200b\u200ben catinona, lo que convierte a Pvpgrams en el mejor lugar para comprar MDPV en l\u00ednea y obtener compuestos confiables de grado cient\u00edfico.<\/p>\n<h3 data-start=\"1940\" data-end=\"1971\">MDPV a la venta en Pvpgrams<\/h3>\n<p data-start=\"1973\" data-end=\"2304\">En Pvpgrams, ofrecemos MDPV de primera calidad, probado en laboratorio, para garantizar su pureza, consistencia y fiabilidad. Ya sea que su investigaci\u00f3n se centre en respuestas conductuales, efectos inducidos por estimulantes o modulaci\u00f3n de neurotransmisores, nuestro precio de MDPV refleja alta calidad y valor para investigadores profesionales de todo el mundo.<\/p>\n<h3 data-start=\"2306\" data-end=\"2349\">Beneficios de comprar MDPV de Pvpgrams<\/h3>\n<ul data-start=\"2351\" data-end=\"2720\">\n<li data-start=\"2351\" data-end=\"2472\">\n<p data-start=\"2353\" data-end=\"2472\">Pureza probada en laboratorio: cada lote de MDPV comprado en l\u00ednea se prueba para cumplir con estrictos est\u00e1ndares de precisi\u00f3n cient\u00edfica.<\/p>\n<\/li>\n<li data-start=\"2473\" data-end=\"2576\">\n<p data-start=\"2475\" data-end=\"2576\">Env\u00edo r\u00e1pido y discreto: garantizamos una entrega segura y confidencial cuando solicita MDPV.<\/p>\n<\/li>\n<li data-start=\"2577\" data-end=\"2720\">\n<p data-start=\"2579\" data-end=\"2720\">Calidad de investigaci\u00f3n: compre MDPV en l\u00ednea para estudios de laboratorio centrados en la modulaci\u00f3n de dopamina\/norepinefrina y los efectos estimulantes.<\/p>\n<\/li>\n<\/ul>\n<h3 data-start=\"2722\" data-end=\"2760\">Situaci\u00f3n jur\u00eddica y env\u00edo seguro<\/h3>\n<p data-start=\"2762\" data-end=\"3025\">Antes de pedir MDPV, verifique la situaci\u00f3n legal en su regi\u00f3n. Pvpgrams vende MDPVexclusivamente para fines de investigaci\u00f3n autorizados, cumpliendo con todas las regulaciones. Todos los pedidos se env\u00edan de forma segura y discreta, lo que nos convierte en un proveedor de confianza para investigadores de todo el mundo.<\/p>\n<h3 data-start=\"3027\" data-end=\"3062\">Encargue hoy MDPV para investigaci\u00f3n<\/h3>\n<p data-start=\"3064\" data-end=\"3364\">\u00bfBuscas el mejor lugar para comprar MDPV en l\u00ednea? Pvpgrams ofrece MDPV de alta pureza, probado en laboratorio, con entrega discreta y r\u00e1pida. Investigadores de todo el mundo conf\u00edan en nuestro servicio de compra de MDPV en l\u00ednea por su calidad constante y env\u00edo seguro. Haz tu pedido hoy mismo y comienza tu investigaci\u00f3n con confianza.<\/p>\n<p data-start=\"3366\" data-end=\"3448\">Pvpgrams - Su proveedor de confianza de MDPV y productos qu\u00edmicos de investigaci\u00f3n de alta calidad<\/p>\n<h2><\/h2>","protected":false},"excerpt":{"rendered":"<p><strong>Butilona (\u03b2-Ceto-Butilanfetamina)<\/strong>tambi\u00e9n conocido como <strong>bk-MBDB<\/strong>es una catinona sint\u00e9tica y un entact\u00f3geno estructuralmente relacionado con la MDMA y la MDEA. Conocida por sus leves propiedades estimulantes y empat\u00f3genas, <strong>Butilona<\/strong> se utiliza ampliamente en <strong>neurociencia<\/strong>, <strong>investigaci\u00f3n conductual<\/strong>y <strong>an\u00e1lisis qu\u00edmico<\/strong>. En Factoryson, suministramos <strong>butilona de gran pureza<\/strong> para <strong>investigaci\u00f3n y aplicaciones industriales<\/strong>garantizando una calidad superior y una entrega segura.<\/p>\n<h3><strong>C\u00f3mo funciona la butilona<\/strong><\/h3>\n<p>La butilona act\u00faa potenciando la liberaci\u00f3n e inhibiendo la recaptaci\u00f3n de neurotransmisores tales como <strong>dopamina<\/strong>, <strong>serotonina<\/strong>y <strong>norepinefrina<\/strong>. Esto se traduce en un aumento de la energ\u00eda, un estado de \u00e1nimo elevado y una mayor sociabilidad. Sus efectos sobre el <strong>sistema nervioso central<\/strong> lo convierten en un compuesto valioso para estudiar las interacciones de los neurotransmisores y los efectos empat\u00f3genos.<\/p>\n<ul>\n<li><strong>Inicio<\/strong>20-40 minutos.<\/li>\n<li><strong>Efectos pico<\/strong>: 1-2 horas.<\/li>\n<li><strong>Duraci\u00f3n<\/strong>: 4-6 horas, dependiendo de la dosis y el m\u00e9todo de uso.<\/li>\n<\/ul>\n<h3><strong>F\u00f3rmula del producto<\/strong><\/h3>\n<ul>\n<li><strong>Nombre qu\u00edmico<\/strong>\u03b2-Keto-Butilanfetamina<\/li>\n<li><strong>F\u00f3rmula molecular<\/strong>: C12H17NO3<\/li>\n<li><strong>Masa molar<\/strong>: 223,27 g\/mol<\/li>\n<\/ul>","protected":false},"featured_media":1454,"comment_status":"open","ping_status":"closed","template":"","meta":{"_kadence_starter_templates_imported_post":false,"_kad_post_transparent":"default","_kad_post_title":"","_kad_post_layout":"default","_kad_post_sidebar_id":"","_kad_post_content_style":"default","_kad_post_vertical_padding":"default","_kad_post_feature":"","_kad_post_feature_position":"","_kad_post_header":false,"_kad_post_footer":false,"_joinchat":[]},"product_brand":[],"product_cat":[41],"product_tag":[],"class_list":{"0":"post-1113","1":"product","2":"type-product","3":"status-publish","4":"has-post-thumbnail","6":"product_cat-buy-alpha-php","8":"first","9":"instock","10":"shipping-taxable","11":"purchasable","12":"product-type-variable","13":"entry","14":"content-bg","15":"loop-entry"},"yoast_head":"<!-- This site is optimized with the Yoast SEO plugin v26.5 - https:\/\/yoast.com\/wordpress\/plugins\/seo\/ -->\n<title>Buy MDPV (Methylenedioxypyrovalerone) Online - MDPV for Sale<\/title>\n<meta name=\"description\" content=\"Do not miss any opportunity to buy mdpv (methylenedioxypyrovalerone) online from our store. We are exclusively dealing with mdpv for sale at cheap rates. We are here to help you. Order now!\" \/>\n<meta name=\"robots\" content=\"index, follow, max-snippet:-1, max-image-preview:large, max-video-preview:-1\" \/>\n<link rel=\"canonical\" href=\"https:\/\/pvpgrams.com\/es\/product\/mdpv-metilendioxipirovalerona\/\" \/>\n<meta property=\"og:locale\" content=\"es_ES\" \/>\n<meta property=\"og:type\" content=\"article\" \/>\n<meta property=\"og:title\" content=\"Buy MDPV (Methylenedioxypyrovalerone) Online - MDPV for Sale\" \/>\n<meta property=\"og:description\" content=\"Do not miss any opportunity to buy mdpv (methylenedioxypyrovalerone) online from our store. We are exclusively dealing with mdpv for sale at cheap rates. We are here to help you. Order now!\" \/>\n<meta property=\"og:url\" content=\"https:\/\/pvpgrams.com\/es\/product\/mdpv-metilendioxipirovalerona\/\" \/>\n<meta property=\"og:site_name\" content=\"PVP Grams\" \/>\n<meta property=\"article:modified_time\" content=\"2025-08-21T11:56:57+00:00\" \/>\n<meta property=\"og:image\" content=\"https:\/\/pvpgrams.com\/wp-content\/uploads\/2024\/10\/Buy-MDPV-Methylenedioxypyrovalerone-Online.jpg\" \/>\n\t<meta property=\"og:image:width\" content=\"600\" \/>\n\t<meta property=\"og:image:height\" content=\"600\" \/>\n\t<meta property=\"og:image:type\" content=\"image\/jpeg\" \/>\n<meta name=\"twitter:card\" content=\"summary_large_image\" \/>\n<meta name=\"twitter:label1\" content=\"Tiempo de lectura\" \/>\n\t<meta name=\"twitter:data1\" content=\"3 minutos\" \/>\n<script type=\"application\/ld+json\" class=\"yoast-schema-graph\">{\"@context\":\"https:\/\/schema.org\",\"@graph\":[{\"@type\":[\"WebPage\",\"ItemPage\"],\"@id\":\"https:\/\/pvpgrams.com\/product\/mdpv-methylenedioxypyrovalerone\/\",\"url\":\"https:\/\/pvpgrams.com\/product\/mdpv-methylenedioxypyrovalerone\/\",\"name\":\"Buy MDPV (Methylenedioxypyrovalerone) Online - MDPV for Sale\",\"isPartOf\":{\"@id\":\"https:\/\/pvpgrams.com\/#website\"},\"primaryImageOfPage\":{\"@id\":\"https:\/\/pvpgrams.com\/product\/mdpv-methylenedioxypyrovalerone\/#primaryimage\"},\"image\":{\"@id\":\"https:\/\/pvpgrams.com\/product\/mdpv-methylenedioxypyrovalerone\/#primaryimage\"},\"thumbnailUrl\":\"https:\/\/pvpgrams.com\/wp-content\/uploads\/2024\/10\/Buy-MDPV-Methylenedioxypyrovalerone-Online.jpg\",\"datePublished\":\"2024-10-24T23:46:49+00:00\",\"dateModified\":\"2025-08-21T11:56:57+00:00\",\"description\":\"Do not miss any opportunity to buy mdpv (methylenedioxypyrovalerone) online from our store. We are exclusively dealing with mdpv for sale at cheap rates. We are here to help you. Order now!\",\"breadcrumb\":{\"@id\":\"https:\/\/pvpgrams.com\/product\/mdpv-methylenedioxypyrovalerone\/#breadcrumb\"},\"inLanguage\":\"es\",\"potentialAction\":[{\"@type\":\"ReadAction\",\"target\":[\"https:\/\/pvpgrams.com\/product\/mdpv-methylenedioxypyrovalerone\/\"]}]},{\"@type\":\"ImageObject\",\"inLanguage\":\"es\",\"@id\":\"https:\/\/pvpgrams.com\/product\/mdpv-methylenedioxypyrovalerone\/#primaryimage\",\"url\":\"https:\/\/pvpgrams.com\/wp-content\/uploads\/2024\/10\/Buy-MDPV-Methylenedioxypyrovalerone-Online.jpg\",\"contentUrl\":\"https:\/\/pvpgrams.com\/wp-content\/uploads\/2024\/10\/Buy-MDPV-Methylenedioxypyrovalerone-Online.jpg\",\"width\":600,\"height\":600,\"caption\":\"Buy-MDPV-(Methylenedioxypyrovalerone)-Online\"},{\"@type\":\"BreadcrumbList\",\"@id\":\"https:\/\/pvpgrams.com\/product\/mdpv-methylenedioxypyrovalerone\/#breadcrumb\",\"itemListElement\":[{\"@type\":\"ListItem\",\"position\":1,\"name\":\"Home\",\"item\":\"https:\/\/pvpgrams.com\/\"},{\"@type\":\"ListItem\",\"position\":2,\"name\":\"Shop\",\"item\":\"https:\/\/pvpgrams.com\/shop\/\"},{\"@type\":\"ListItem\",\"position\":3,\"name\":\"Buy MDPV (Methylenedioxypyrovalerone) Online\"}]},{\"@type\":\"WebSite\",\"@id\":\"https:\/\/pvpgrams.com\/#website\",\"url\":\"https:\/\/pvpgrams.com\/\",\"name\":\"PVP Grams\",\"description\":\"\",\"publisher\":{\"@id\":\"https:\/\/pvpgrams.com\/#organization\"},\"potentialAction\":[{\"@type\":\"SearchAction\",\"target\":{\"@type\":\"EntryPoint\",\"urlTemplate\":\"https:\/\/pvpgrams.com\/?s={search_term_string}\"},\"query-input\":{\"@type\":\"PropertyValueSpecification\",\"valueRequired\":true,\"valueName\":\"search_term_string\"}}],\"inLanguage\":\"es\"},{\"@type\":\"Organization\",\"@id\":\"https:\/\/pvpgrams.com\/#organization\",\"name\":\"PVP Grams\",\"url\":\"https:\/\/pvpgrams.com\/\",\"logo\":{\"@type\":\"ImageObject\",\"inLanguage\":\"es\",\"@id\":\"https:\/\/pvpgrams.com\/#\/schema\/logo\/image\/\",\"url\":\"https:\/\/pvpgrams.com\/wp-content\/uploads\/2024\/10\/logo.png\",\"contentUrl\":\"https:\/\/pvpgrams.com\/wp-content\/uploads\/2024\/10\/logo.png\",\"width\":181,\"height\":41,\"caption\":\"PVP Grams\"},\"image\":{\"@id\":\"https:\/\/pvpgrams.com\/#\/schema\/logo\/image\/\"}}]}<\/script>\n<!-- \/ Yoast SEO plugin. -->","yoast_head_json":{"title":"Comprar MDPV (Metilendioxipirovalerona) Online - MDPV en Venta","description":"No te pierdas ninguna oportunidad de comprar mdpv (methylenedioxypyrovalerone) en l\u00ednea de nuestra tienda. Estamos tratando exclusivamente con mdpv a la venta a precios baratos. Estamos aqu\u00ed para ayudarle. \u00a1Orden ahora!","robots":{"index":"index","follow":"follow","max-snippet":"max-snippet:-1","max-image-preview":"max-image-preview:large","max-video-preview":"max-video-preview:-1"},"canonical":"https:\/\/pvpgrams.com\/es\/product\/mdpv-metilendioxipirovalerona\/","og_locale":"es_ES","og_type":"article","og_title":"Buy MDPV (Methylenedioxypyrovalerone) Online - MDPV for Sale","og_description":"Do not miss any opportunity to buy mdpv (methylenedioxypyrovalerone) online from our store. We are exclusively dealing with mdpv for sale at cheap rates. We are here to help you. Order now!","og_url":"https:\/\/pvpgrams.com\/es\/product\/mdpv-metilendioxipirovalerona\/","og_site_name":"PVP Grams","article_modified_time":"2025-08-21T11:56:57+00:00","og_image":[{"width":600,"height":600,"url":"https:\/\/pvpgrams.com\/wp-content\/uploads\/2024\/10\/Buy-MDPV-Methylenedioxypyrovalerone-Online.jpg","type":"image\/jpeg"}],"twitter_card":"summary_large_image","twitter_misc":{"Tiempo de lectura":"3 minutos"},"schema":{"@context":"https:\/\/schema.org","@graph":[{"@type":["WebPage","ItemPage"],"@id":"https:\/\/pvpgrams.com\/product\/mdpv-methylenedioxypyrovalerone\/","url":"https:\/\/pvpgrams.com\/product\/mdpv-methylenedioxypyrovalerone\/","name":"Comprar MDPV (Metilendioxipirovalerona) Online - MDPV en Venta","isPartOf":{"@id":"https:\/\/pvpgrams.com\/#website"},"primaryImageOfPage":{"@id":"https:\/\/pvpgrams.com\/product\/mdpv-methylenedioxypyrovalerone\/#primaryimage"},"image":{"@id":"https:\/\/pvpgrams.com\/product\/mdpv-methylenedioxypyrovalerone\/#primaryimage"},"thumbnailUrl":"https:\/\/pvpgrams.com\/wp-content\/uploads\/2024\/10\/Buy-MDPV-Methylenedioxypyrovalerone-Online.jpg","datePublished":"2024-10-24T23:46:49+00:00","dateModified":"2025-08-21T11:56:57+00:00","description":"No te pierdas ninguna oportunidad de comprar mdpv (methylenedioxypyrovalerone) en l\u00ednea de nuestra tienda. Estamos tratando exclusivamente con mdpv a la venta a precios baratos. Estamos aqu\u00ed para ayudarle. \u00a1Orden ahora!","breadcrumb":{"@id":"https:\/\/pvpgrams.com\/product\/mdpv-methylenedioxypyrovalerone\/#breadcrumb"},"inLanguage":"es","potentialAction":[{"@type":"ReadAction","target":["https:\/\/pvpgrams.com\/product\/mdpv-methylenedioxypyrovalerone\/"]}]},{"@type":"ImageObject","inLanguage":"es","@id":"https:\/\/pvpgrams.com\/product\/mdpv-methylenedioxypyrovalerone\/#primaryimage","url":"https:\/\/pvpgrams.com\/wp-content\/uploads\/2024\/10\/Buy-MDPV-Methylenedioxypyrovalerone-Online.jpg","contentUrl":"https:\/\/pvpgrams.com\/wp-content\/uploads\/2024\/10\/Buy-MDPV-Methylenedioxypyrovalerone-Online.jpg","width":600,"height":600,"caption":"Buy-MDPV-(Methylenedioxypyrovalerone)-Online"},{"@type":"BreadcrumbList","@id":"https:\/\/pvpgrams.com\/product\/mdpv-methylenedioxypyrovalerone\/#breadcrumb","itemListElement":[{"@type":"ListItem","position":1,"name":"Home","item":"https:\/\/pvpgrams.com\/"},{"@type":"ListItem","position":2,"name":"Shop","item":"https:\/\/pvpgrams.com\/shop\/"},{"@type":"ListItem","position":3,"name":"Buy MDPV (Methylenedioxypyrovalerone) Online"}]},{"@type":"WebSite","@id":"https:\/\/pvpgrams.com\/#website","url":"https:\/\/pvpgrams.com\/","name":"Gramos PVP","description":"","publisher":{"@id":"https:\/\/pvpgrams.com\/#organization"},"potentialAction":[{"@type":"SearchAction","target":{"@type":"EntryPoint","urlTemplate":"https:\/\/pvpgrams.com\/?s={search_term_string}"},"query-input":{"@type":"PropertyValueSpecification","valueRequired":true,"valueName":"search_term_string"}}],"inLanguage":"es"},{"@type":"Organization","@id":"https:\/\/pvpgrams.com\/#organization","name":"Gramos PVP","url":"https:\/\/pvpgrams.com\/","logo":{"@type":"ImageObject","inLanguage":"es","@id":"https:\/\/pvpgrams.com\/#\/schema\/logo\/image\/","url":"https:\/\/pvpgrams.com\/wp-content\/uploads\/2024\/10\/logo.png","contentUrl":"https:\/\/pvpgrams.com\/wp-content\/uploads\/2024\/10\/logo.png","width":181,"height":41,"caption":"PVP Grams"},"image":{"@id":"https:\/\/pvpgrams.com\/#\/schema\/logo\/image\/"}}]}},"_links":{"self":[{"href":"https:\/\/pvpgrams.com\/es\/wp-json\/wp\/v2\/product\/1113","targetHints":{"allow":["GET"]}}],"collection":[{"href":"https:\/\/pvpgrams.com\/es\/wp-json\/wp\/v2\/product"}],"about":[{"href":"https:\/\/pvpgrams.com\/es\/wp-json\/wp\/v2\/types\/product"}],"replies":[{"embeddable":true,"href":"https:\/\/pvpgrams.com\/es\/wp-json\/wp\/v2\/comments?post=1113"}],"wp:featuredmedia":[{"embeddable":true,"href":"https:\/\/pvpgrams.com\/es\/wp-json\/wp\/v2\/media\/1454"}],"wp:attachment":[{"href":"https:\/\/pvpgrams.com\/es\/wp-json\/wp\/v2\/media?parent=1113"}],"wp:term":[{"taxonomy":"product_brand","embeddable":true,"href":"https:\/\/pvpgrams.com\/es\/wp-json\/wp\/v2\/product_brand?post=1113"},{"taxonomy":"product_cat","embeddable":true,"href":"https:\/\/pvpgrams.com\/es\/wp-json\/wp\/v2\/product_cat?post=1113"},{"taxonomy":"product_tag","embeddable":true,"href":"https:\/\/pvpgrams.com\/es\/wp-json\/wp\/v2\/product_tag?post=1113"}],"curies":[{"name":"wp","href":"https:\/\/api.w.org\/{rel}","templated":true}]}}