{"id":1118,"date":"2024-10-25T00:16:15","date_gmt":"2024-10-25T00:16:15","guid":{"rendered":"https:\/\/pvpgrams.com\/?post_type=product&#038;p=1118"},"modified":"2025-09-02T12:40:13","modified_gmt":"2025-09-02T12:40:13","slug":"butilona","status":"publish","type":"product","link":"https:\/\/pvpgrams.com\/es\/product\/butilona\/","title":{"rendered":"Comprar butilona (\u03b2-ceto-butilanfetamina) en l\u00ednea"},"content":{"rendered":"<h2 data-start=\"125\" data-end=\"182\"><strong data-start=\"125\" data-end=\"180\">Compre butilona en l\u00ednea de una fuente de investigaci\u00f3n confiable<\/strong><\/h2>\n<p data-start=\"184\" data-end=\"295\">Compra online de butilona (\u03b2-ceto-butilanfetamina): butilona de alta pureza, probada en laboratorio, para investigaci\u00f3n en Pvpgrams.<\/p>\n<p data-start=\"297\" data-end=\"882\">\u00bfBuscas comprar butilona en l\u00ednea? PVPgrams ofrece butilona (\u03b2-ceto-butilanfetamina) de alta pureza y probada en laboratorio para fines de investigaci\u00f3n. <a href=\"https:\/\/pvpgrams.com\/es\/product\/butilona\/\">Butilona en venta<\/a> Es un estimulante sint\u00e9tico y entact\u00f3geno de la familia de las catinonas, estructuralmente similar a la metilona y al MDMA. Se utiliza ampliamente en la investigaci\u00f3n cient\u00edfica para estudiar sus efectos en sistemas de neurotransmisores como la dopamina, la serotonina y la noradrenalina. En Pvpgrams, garantizamos que nuestra butilona, \u200b\u200bdisponible en l\u00ednea, cumple con los m\u00e1s altos est\u00e1ndares de pureza y calidad, lo que la hace ideal para estudios cient\u00edficos y aplicaciones de laboratorio.<\/p>\n<h3 data-start=\"884\" data-end=\"907\">\u00bfQu\u00e9 es la butilona?<\/h3>\n<p data-start=\"909\" data-end=\"1316\"><a href=\"https:\/\/en.wikipedia.org\/wiki\/Butylone\">Butilona<\/a> La butilona (tambi\u00e9n conocida como \u03b2-ceto-butilanfetamina) es un estimulante sint\u00e9tico y entact\u00f3geno estrechamente relacionado con la metilona. Al actuar como inhibidor de la recaptaci\u00f3n de serotonina, noradrenalina y dopamina (SNDRI), es un compuesto valioso para la investigaci\u00f3n de la modulaci\u00f3n de neurotransmisores y sus efectos conductuales. Los investigadores suelen recetar butilona para estudiar la regulaci\u00f3n del estado de \u00e1nimo, los cambios de comportamiento y la funci\u00f3n cognitiva.<\/p>\n<h3 data-start=\"1318\" data-end=\"1357\">\u00bfPor qu\u00e9 elegir butilona para la investigaci\u00f3n?<\/h3>\n<p data-start=\"1359\" data-end=\"1843\">La butilona es esencial para estudiar la actividad de los neurotransmisores, en particular la dopamina, la serotonina y la noradrenalina. Estos neurotransmisores influyen en el estado de \u00e1nimo, la empat\u00eda y el comportamiento. Los cient\u00edficos utilizan la butilona en l\u00ednea para explorar c\u00f3mo los estimulantes y entact\u00f3genos afectan la qu\u00edmica cerebral, la percepci\u00f3n emocional, el comportamiento social y la cognici\u00f3n. La butilona se incluye con frecuencia en estudios comparativos junto con compuestos como la MDMA y la metilona, \u200b\u200blo que la convierte en una sustancia qu\u00edmica vers\u00e1til para la investigaci\u00f3n.<\/p>\n<h3 data-start=\"1845\" data-end=\"1880\">Butilona a la venta en Pvpgrams<\/h3>\n<p data-start=\"1882\" data-end=\"2308\">En Pvpgrams, ofrecemos butilona de alta calidad, probada en laboratorio, para satisfacer las necesidades de investigadores de todo el mundo. Cada lote se somete a rigurosas pruebas para garantizar la m\u00e1xima pureza y consistencia, lo que la hace ideal para estudios sobre la liberaci\u00f3n de neurotransmisores, efectos estimulantes y respuestas conductuales. Ya sea que su investigaci\u00f3n se centre en la funci\u00f3n cognitiva o en estudios conductuales, Pvpgrams garantiza resultados fiables y reproducibles.<\/p>\n<h3 data-start=\"2310\" data-end=\"2357\">Beneficios de comprar butilona en Pvpgrams<\/h3>\n<ul data-start=\"2359\" data-end=\"2733\">\n<li data-start=\"2359\" data-end=\"2497\">\n<p data-start=\"2361\" data-end=\"2497\">Probado en laboratorio para garantizar su pureza: cada lote de Butylone que se compra en l\u00ednea se prueba para cumplir con estrictos est\u00e1ndares de calidad para la confiabilidad de la investigaci\u00f3n.<\/p>\n<\/li>\n<li data-start=\"2498\" data-end=\"2600\">\n<p data-start=\"2500\" data-end=\"2600\">Env\u00edo r\u00e1pido y discreto: Ofrecemos env\u00edo seguro y confidencial para proteger su pedido.<\/p>\n<\/li>\n<li data-start=\"2601\" data-end=\"2733\">\n<p data-start=\"2603\" data-end=\"2733\">Ideal para investigaci\u00f3n: compre butilona para estudios sobre modulaci\u00f3n de neurotransmisores, efectos estimulantes y an\u00e1lisis del comportamiento.<\/p>\n<\/li>\n<\/ul>\n<h3 data-start=\"2735\" data-end=\"2773\">Situaci\u00f3n jur\u00eddica y env\u00edo seguro<\/h3>\n<p data-start=\"2775\" data-end=\"3050\">Antes de comprar butilona, \u200b\u200bverifique su legalidad en su pa\u00eds o regi\u00f3n. Pvpgrams vende butilona exclusivamente para fines de investigaci\u00f3n autorizados y cumple con todas las regulaciones aplicables. Ofrecemos env\u00edos discretos y seguros para garantizar que su compra llegue sin problemas.<\/p>\n<h3 data-start=\"3052\" data-end=\"3091\">Pida butilona para investigaci\u00f3n hoy mismo<\/h3>\n<p data-start=\"3093\" data-end=\"3410\">\u00bfListo para comenzar tu investigaci\u00f3n sobre butilona? Compra butilona en l\u00ednea en Pvpgrams y benef\u00edciate de nuestros productos qu\u00edmicos de investigaci\u00f3n de alta pureza y probados en laboratorio. Con entregas r\u00e1pidas, transacciones seguras y una reputaci\u00f3n de confianza, Pvpgrams es tu proveedor confiable de butilona y otros productos qu\u00edmicos de investigaci\u00f3n de alta calidad.<\/p>\n<p data-start=\"3412\" data-end=\"3494\">Pvpgrams: su proveedor de confianza de butilona y productos qu\u00edmicos de investigaci\u00f3n premium<\/p>","protected":false},"excerpt":{"rendered":"<p>La butilona es un estimulante sint\u00e9tico perteneciente a la clase de las \u03b2-cetoanfetaminas, a menudo considerado un miembro de la familia m\u00e1s amplia de las catinonas. Ha llamado la atenci\u00f3n por sus efectos psicoactivos y suele asociarse al consumo recreativo.<\/p>\n<h3>Informaci\u00f3n qu\u00edmica<\/h3>\n<ul>\n<li><strong>N\u00famero CAS<\/strong>: 20320-59-6<\/li>\n<li><strong>F\u00f3rmula molecular<\/strong>: C12H17NO2<\/li>\n<li><strong>Peso molecular<\/strong>: Aproximadamente 205,27 g\/mol<\/li>\n<\/ul>","protected":false},"featured_media":1450,"comment_status":"open","ping_status":"closed","template":"","meta":{"_kadence_starter_templates_imported_post":false,"_kad_post_transparent":"default","_kad_post_title":"","_kad_post_layout":"default","_kad_post_sidebar_id":"","_kad_post_content_style":"default","_kad_post_vertical_padding":"default","_kad_post_feature":"","_kad_post_feature_position":"","_kad_post_header":false,"_kad_post_footer":false,"_joinchat":[]},"product_brand":[],"product_cat":[41],"product_tag":[],"class_list":{"0":"post-1118","1":"product","2":"type-product","3":"status-publish","4":"has-post-thumbnail","6":"product_cat-buy-alpha-php","8":"first","9":"instock","10":"shipping-taxable","11":"purchasable","12":"product-type-variable","13":"entry","14":"content-bg","15":"loop-entry"},"yoast_head":"<!-- This site is optimized with the Yoast SEO plugin v26.5 - https:\/\/yoast.com\/wordpress\/plugins\/seo\/ -->\n<title>Butylone (\u03b2-Keto-Butylamphetamine) for Sale<\/title>\n<meta name=\"description\" content=\"You can now get Butylone for sale from our top best store pvpgrams. Our staff will assist you to buy Butylone online at the best prices. Order Butylone online today with worldwide shipping!\" \/>\n<meta name=\"robots\" content=\"index, follow, max-snippet:-1, max-image-preview:large, max-video-preview:-1\" \/>\n<link rel=\"canonical\" href=\"https:\/\/pvpgrams.com\/es\/product\/butilona\/\" \/>\n<meta property=\"og:locale\" content=\"es_ES\" \/>\n<meta property=\"og:type\" content=\"article\" \/>\n<meta property=\"og:title\" content=\"Butylone (\u03b2-Keto-Butylamphetamine) for Sale\" \/>\n<meta property=\"og:description\" content=\"You can now get Butylone for sale from our top best store pvpgrams. Our staff will assist you to buy Butylone online at the best prices. Order Butylone online today with worldwide shipping!\" \/>\n<meta property=\"og:url\" content=\"https:\/\/pvpgrams.com\/es\/product\/butilona\/\" \/>\n<meta property=\"og:site_name\" content=\"PVP Grams\" \/>\n<meta property=\"article:modified_time\" content=\"2025-09-02T12:40:13+00:00\" \/>\n<meta property=\"og:image\" content=\"https:\/\/pvpgrams.com\/wp-content\/uploads\/2024\/10\/Buy-Butylone-s-Keto-Butylamphetamine-Online.jpg\" \/>\n\t<meta property=\"og:image:width\" content=\"600\" \/>\n\t<meta property=\"og:image:height\" content=\"600\" \/>\n\t<meta property=\"og:image:type\" content=\"image\/jpeg\" \/>\n<meta name=\"twitter:card\" content=\"summary_large_image\" \/>\n<meta name=\"twitter:label1\" content=\"Tiempo de lectura\" \/>\n\t<meta name=\"twitter:data1\" content=\"3 minutos\" \/>\n<script type=\"application\/ld+json\" class=\"yoast-schema-graph\">{\"@context\":\"https:\/\/schema.org\",\"@graph\":[{\"@type\":[\"WebPage\",\"ItemPage\"],\"@id\":\"https:\/\/pvpgrams.com\/product\/butylone\/\",\"url\":\"https:\/\/pvpgrams.com\/product\/butylone\/\",\"name\":\"Butylone (\u03b2-Keto-Butylamphetamine) for Sale\",\"isPartOf\":{\"@id\":\"https:\/\/pvpgrams.com\/#website\"},\"primaryImageOfPage\":{\"@id\":\"https:\/\/pvpgrams.com\/product\/butylone\/#primaryimage\"},\"image\":{\"@id\":\"https:\/\/pvpgrams.com\/product\/butylone\/#primaryimage\"},\"thumbnailUrl\":\"https:\/\/pvpgrams.com\/wp-content\/uploads\/2024\/10\/Buy-Butylone-s-Keto-Butylamphetamine-Online.jpg\",\"datePublished\":\"2024-10-25T00:16:15+00:00\",\"dateModified\":\"2025-09-02T12:40:13+00:00\",\"description\":\"You can now get Butylone for sale from our top best store pvpgrams. Our staff will assist you to buy Butylone online at the best prices. Order Butylone online today with worldwide shipping!\",\"breadcrumb\":{\"@id\":\"https:\/\/pvpgrams.com\/product\/butylone\/#breadcrumb\"},\"inLanguage\":\"es\",\"potentialAction\":[{\"@type\":\"ReadAction\",\"target\":[\"https:\/\/pvpgrams.com\/product\/butylone\/\"]}]},{\"@type\":\"ImageObject\",\"inLanguage\":\"es\",\"@id\":\"https:\/\/pvpgrams.com\/product\/butylone\/#primaryimage\",\"url\":\"https:\/\/pvpgrams.com\/wp-content\/uploads\/2024\/10\/Buy-Butylone-s-Keto-Butylamphetamine-Online.jpg\",\"contentUrl\":\"https:\/\/pvpgrams.com\/wp-content\/uploads\/2024\/10\/Buy-Butylone-s-Keto-Butylamphetamine-Online.jpg\",\"width\":600,\"height\":600,\"caption\":\"Buy-Butylone-(\u00df-Keto-Butylamphetamine)-Online\"},{\"@type\":\"BreadcrumbList\",\"@id\":\"https:\/\/pvpgrams.com\/product\/butylone\/#breadcrumb\",\"itemListElement\":[{\"@type\":\"ListItem\",\"position\":1,\"name\":\"Home\",\"item\":\"https:\/\/pvpgrams.com\/\"},{\"@type\":\"ListItem\",\"position\":2,\"name\":\"Shop\",\"item\":\"https:\/\/pvpgrams.com\/shop\/\"},{\"@type\":\"ListItem\",\"position\":3,\"name\":\"Buy Butylone (\u03b2-Keto-Butylamphetamine) Online\"}]},{\"@type\":\"WebSite\",\"@id\":\"https:\/\/pvpgrams.com\/#website\",\"url\":\"https:\/\/pvpgrams.com\/\",\"name\":\"PVP Grams\",\"description\":\"\",\"publisher\":{\"@id\":\"https:\/\/pvpgrams.com\/#organization\"},\"potentialAction\":[{\"@type\":\"SearchAction\",\"target\":{\"@type\":\"EntryPoint\",\"urlTemplate\":\"https:\/\/pvpgrams.com\/?s={search_term_string}\"},\"query-input\":{\"@type\":\"PropertyValueSpecification\",\"valueRequired\":true,\"valueName\":\"search_term_string\"}}],\"inLanguage\":\"es\"},{\"@type\":\"Organization\",\"@id\":\"https:\/\/pvpgrams.com\/#organization\",\"name\":\"PVP Grams\",\"url\":\"https:\/\/pvpgrams.com\/\",\"logo\":{\"@type\":\"ImageObject\",\"inLanguage\":\"es\",\"@id\":\"https:\/\/pvpgrams.com\/#\/schema\/logo\/image\/\",\"url\":\"https:\/\/pvpgrams.com\/wp-content\/uploads\/2024\/10\/logo.png\",\"contentUrl\":\"https:\/\/pvpgrams.com\/wp-content\/uploads\/2024\/10\/logo.png\",\"width\":181,\"height\":41,\"caption\":\"PVP Grams\"},\"image\":{\"@id\":\"https:\/\/pvpgrams.com\/#\/schema\/logo\/image\/\"}}]}<\/script>\n<!-- \/ Yoast SEO plugin. -->","yoast_head_json":{"title":"Venta de butilona (\u03b2-ceto-butilanfetamina)","description":"Ahora puede conseguir Butylone a la venta en nuestra mejor tienda pvpgrams. Nuestro personal le ayudar\u00e1 a comprar Butylone online a los mejores precios. \u00a1Orden Butylone en l\u00ednea hoy con el env\u00edo en todo el mundo!","robots":{"index":"index","follow":"follow","max-snippet":"max-snippet:-1","max-image-preview":"max-image-preview:large","max-video-preview":"max-video-preview:-1"},"canonical":"https:\/\/pvpgrams.com\/es\/product\/butilona\/","og_locale":"es_ES","og_type":"article","og_title":"Butylone (\u03b2-Keto-Butylamphetamine) for Sale","og_description":"You can now get Butylone for sale from our top best store pvpgrams. Our staff will assist you to buy Butylone online at the best prices. Order Butylone online today with worldwide shipping!","og_url":"https:\/\/pvpgrams.com\/es\/product\/butilona\/","og_site_name":"PVP Grams","article_modified_time":"2025-09-02T12:40:13+00:00","og_image":[{"width":600,"height":600,"url":"https:\/\/pvpgrams.com\/wp-content\/uploads\/2024\/10\/Buy-Butylone-s-Keto-Butylamphetamine-Online.jpg","type":"image\/jpeg"}],"twitter_card":"summary_large_image","twitter_misc":{"Tiempo de lectura":"3 minutos"},"schema":{"@context":"https:\/\/schema.org","@graph":[{"@type":["WebPage","ItemPage"],"@id":"https:\/\/pvpgrams.com\/product\/butylone\/","url":"https:\/\/pvpgrams.com\/product\/butylone\/","name":"Venta de butilona (\u03b2-ceto-butilanfetamina)","isPartOf":{"@id":"https:\/\/pvpgrams.com\/#website"},"primaryImageOfPage":{"@id":"https:\/\/pvpgrams.com\/product\/butylone\/#primaryimage"},"image":{"@id":"https:\/\/pvpgrams.com\/product\/butylone\/#primaryimage"},"thumbnailUrl":"https:\/\/pvpgrams.com\/wp-content\/uploads\/2024\/10\/Buy-Butylone-s-Keto-Butylamphetamine-Online.jpg","datePublished":"2024-10-25T00:16:15+00:00","dateModified":"2025-09-02T12:40:13+00:00","description":"Ahora puede conseguir Butylone a la venta en nuestra mejor tienda pvpgrams. Nuestro personal le ayudar\u00e1 a comprar Butylone online a los mejores precios. \u00a1Orden Butylone en l\u00ednea hoy con el env\u00edo en todo el mundo!","breadcrumb":{"@id":"https:\/\/pvpgrams.com\/product\/butylone\/#breadcrumb"},"inLanguage":"es","potentialAction":[{"@type":"ReadAction","target":["https:\/\/pvpgrams.com\/product\/butylone\/"]}]},{"@type":"ImageObject","inLanguage":"es","@id":"https:\/\/pvpgrams.com\/product\/butylone\/#primaryimage","url":"https:\/\/pvpgrams.com\/wp-content\/uploads\/2024\/10\/Buy-Butylone-s-Keto-Butylamphetamine-Online.jpg","contentUrl":"https:\/\/pvpgrams.com\/wp-content\/uploads\/2024\/10\/Buy-Butylone-s-Keto-Butylamphetamine-Online.jpg","width":600,"height":600,"caption":"Buy-Butylone-(\u00df-Keto-Butylamphetamine)-Online"},{"@type":"BreadcrumbList","@id":"https:\/\/pvpgrams.com\/product\/butylone\/#breadcrumb","itemListElement":[{"@type":"ListItem","position":1,"name":"Home","item":"https:\/\/pvpgrams.com\/"},{"@type":"ListItem","position":2,"name":"Shop","item":"https:\/\/pvpgrams.com\/shop\/"},{"@type":"ListItem","position":3,"name":"Buy Butylone (\u03b2-Keto-Butylamphetamine) Online"}]},{"@type":"WebSite","@id":"https:\/\/pvpgrams.com\/#website","url":"https:\/\/pvpgrams.com\/","name":"Gramos PVP","description":"","publisher":{"@id":"https:\/\/pvpgrams.com\/#organization"},"potentialAction":[{"@type":"SearchAction","target":{"@type":"EntryPoint","urlTemplate":"https:\/\/pvpgrams.com\/?s={search_term_string}"},"query-input":{"@type":"PropertyValueSpecification","valueRequired":true,"valueName":"search_term_string"}}],"inLanguage":"es"},{"@type":"Organization","@id":"https:\/\/pvpgrams.com\/#organization","name":"Gramos PVP","url":"https:\/\/pvpgrams.com\/","logo":{"@type":"ImageObject","inLanguage":"es","@id":"https:\/\/pvpgrams.com\/#\/schema\/logo\/image\/","url":"https:\/\/pvpgrams.com\/wp-content\/uploads\/2024\/10\/logo.png","contentUrl":"https:\/\/pvpgrams.com\/wp-content\/uploads\/2024\/10\/logo.png","width":181,"height":41,"caption":"PVP Grams"},"image":{"@id":"https:\/\/pvpgrams.com\/#\/schema\/logo\/image\/"}}]}},"_links":{"self":[{"href":"https:\/\/pvpgrams.com\/es\/wp-json\/wp\/v2\/product\/1118","targetHints":{"allow":["GET"]}}],"collection":[{"href":"https:\/\/pvpgrams.com\/es\/wp-json\/wp\/v2\/product"}],"about":[{"href":"https:\/\/pvpgrams.com\/es\/wp-json\/wp\/v2\/types\/product"}],"replies":[{"embeddable":true,"href":"https:\/\/pvpgrams.com\/es\/wp-json\/wp\/v2\/comments?post=1118"}],"wp:featuredmedia":[{"embeddable":true,"href":"https:\/\/pvpgrams.com\/es\/wp-json\/wp\/v2\/media\/1450"}],"wp:attachment":[{"href":"https:\/\/pvpgrams.com\/es\/wp-json\/wp\/v2\/media?parent=1118"}],"wp:term":[{"taxonomy":"product_brand","embeddable":true,"href":"https:\/\/pvpgrams.com\/es\/wp-json\/wp\/v2\/product_brand?post=1118"},{"taxonomy":"product_cat","embeddable":true,"href":"https:\/\/pvpgrams.com\/es\/wp-json\/wp\/v2\/product_cat?post=1118"},{"taxonomy":"product_tag","embeddable":true,"href":"https:\/\/pvpgrams.com\/es\/wp-json\/wp\/v2\/product_tag?post=1118"}],"curies":[{"name":"wp","href":"https:\/\/api.w.org\/{rel}","templated":true}]}}