{"id":1199,"date":"2024-11-24T21:35:13","date_gmt":"2024-11-24T21:35:13","guid":{"rendered":"https:\/\/pvpgrams.com\/?post_type=product&#038;p=1199"},"modified":"2025-09-01T05:56:20","modified_gmt":"2025-09-01T05:56:20","slug":"2cb","status":"publish","type":"product","link":"https:\/\/pvpgrams.com\/es\/product\/2cb\/","title":{"rendered":"Comprar 2CB Online"},"content":{"rendered":"<h2 data-start=\"83\" data-end=\"135\"><strong data-start=\"83\" data-end=\"133\">Compre 2CB en l\u00ednea de una fuente de investigaci\u00f3n confiable<\/strong><\/h2>\n<p data-start=\"137\" data-end=\"170\"><strong data-start=\"137\" data-end=\"168\">Comprar 2C-B Online en Pvpgrams<\/strong><\/p>\n<p data-start=\"172\" data-end=\"566\">Comprar<a href=\"https:\/\/en.wikipedia.org\/wiki\/2C-B\"> 2CB<\/a> (4-Bromo-2,5-dimetoxifenetilamina) en l\u00ednea, un compuesto sint\u00e9tico de la clase de las fenetilaminas. Conocido por sus efectos vers\u00e1tiles, el 2CB a la venta ha ganado popularidad tanto para fines de investigaci\u00f3n como para la exploraci\u00f3n personal. En Pvpgrams, ofrecemos 2CB de alta calidad, garantizando transacciones seguras, un servicio confiable y entregas r\u00e1pidas. <a href=\"https:\/\/pvpgrams.com\/es\/product\/2cb\/\">Comprar 2CB en l\u00ednea<\/a> de una fuente confiable hoy.<\/p>\n<h3 data-start=\"568\" data-end=\"603\">Aplicaciones y usos de la 2C-B<\/h3>\n<p data-start=\"605\" data-end=\"629\"><strong data-start=\"605\" data-end=\"627\">Investigaci\u00f3n y estudio<\/strong><\/p>\n<p data-start=\"631\" data-end=\"850\">La compra de 2CB en l\u00ednea se ha estudiado ampliamente por sus efectos en la percepci\u00f3n y la cognici\u00f3n. Laboratorios e investigadores utilizan 2CB para explorar su interacci\u00f3n con receptores y sus posibles aplicaciones en neurociencia.<\/p>\n<p data-start=\"852\" data-end=\"884\"><strong data-start=\"852\" data-end=\"882\">Exploraci\u00f3n y creatividad<\/strong><\/p>\n<p data-start=\"886\" data-end=\"1035\">Muchas personas eligen pedir 2CB por sus propiedades de mejora sensorial, lo que lo hace popular para la exploraci\u00f3n personal y las experiencias creativas.<\/p>\n<p data-start=\"1037\" data-end=\"1060\"><strong data-start=\"1037\" data-end=\"1058\">Inter\u00e9s acad\u00e9mico<\/strong><\/p>\n<p data-start=\"1062\" data-end=\"1198\">En estudios acad\u00e9micos, la compra de 2CB en l\u00ednea se incluye en investigaciones que exploran los derivados de fenetilamina y sus posibles aplicaciones.<\/p>\n<h3 data-start=\"1200\" data-end=\"1235\">\u00bfPor qu\u00e9 elegir Pvpgrams para 2C-B?<\/h3>\n<p data-start=\"1237\" data-end=\"1379\">En Pvpgrams, garantizamos que todos los productos cumplan con los m\u00e1s altos est\u00e1ndares de calidad, seguridad y confiabilidad para cualquiera que busque comprar 2CB en l\u00ednea.<\/p>\n<p data-start=\"1381\" data-end=\"1408\"><strong data-start=\"1381\" data-end=\"1406\">Productos de alta calidad<\/strong><\/p>\n<p data-start=\"1410\" data-end=\"1537\">Nuestro 2CB se obtiene y prueba para garantizar la m\u00e1xima pureza y consistencia, lo que lo hace ideal para la investigaci\u00f3n y el uso personal.<\/p>\n<p data-start=\"1539\" data-end=\"1577\"><strong data-start=\"1539\" data-end=\"1575\">Transacciones discretas y seguras<\/strong><\/p>\n<p data-start=\"1579\" data-end=\"1696\">Priorizamos la privacidad del cliente con embalajes discretos y opciones de pago seguras para cada pedido de 2CB en venta.<\/p>\n<p data-start=\"1698\" data-end=\"1730\"><strong data-start=\"1698\" data-end=\"1728\">Entrega r\u00e1pida y fiable<\/strong><\/p>\n<p data-start=\"1732\" data-end=\"1828\">Nuestra red log\u00edstica garantiza que su 2CB se entregue de forma r\u00e1pida y segura a su ubicaci\u00f3n.<\/p>\n<p data-start=\"1830\" data-end=\"1855\"><strong data-start=\"1830\" data-end=\"1853\">Precios competitivos<\/strong><\/p>\n<p data-start=\"1857\" data-end=\"1954\">Ofrecemos opciones de precios 2CB que son asequibles sin comprometer la calidad ni la confiabilidad.Offriamo opzioni di prezzo 2CB accessibili senza compromettere la qualit\u00e0 o l'affidabilit\u00e0.<\/p>\n<h3 data-start=\"1956\" data-end=\"1983\">Compre 2C-B en l\u00ednea hoy<\/h3>\n<p data-start=\"1985\" data-end=\"2266\">\u00bfBuscas un proveedor confiable de 2CB? En Pvpgrams, ofrecemos 2CB de primera calidad con transacciones seguras, entregas r\u00e1pidas y excelente atenci\u00f3n al cliente. Compra 2CB en l\u00ednea hoy mismo y disfruta de la comodidad, la fiabilidad y la calidad de comprar con Pvpgrams.<\/p>","protected":false},"excerpt":{"rendered":"<p><strong>2C-B (4-bromo-2,5-dimetoxifenetilamina)<\/strong> es una sustancia psicod\u00e9lica sint\u00e9tica perteneciente a la <strong>clase fenetilamina<\/strong>. Conocido por su <strong>efectos alucin\u00f3genos y empat\u00f3genos<\/strong>Se utiliza en la investigaci\u00f3n y en contextos recreativos. Sus efectos incluyen <strong>percepci\u00f3n sensorial mejorada<\/strong>, <strong>distorsiones visuales<\/strong>y <strong>estado de \u00e1nimo elevado<\/strong>lo que lo convierte en un compuesto notable en el \u00e1mbito de los psicod\u00e9licos.<\/p>\n<p><strong>Situaci\u00f3n jur\u00eddica<\/strong>: El uso, la producci\u00f3n y la venta de 2C-B est\u00e1n fuertemente regulados o son ilegales en muchas regiones. Aseg\u00farese siempre del cumplimiento de las leyes locales cuando trate con este compuesto.<\/p>\n<ul>\n<li><strong>F\u00f3rmula molecular<\/strong>: C10H14BrNO2<\/li>\n<li><strong>Nombre IUPAC<\/strong>2-(4-bromo-2,5-dimetoxifenil)etanamina<\/li>\n<li><strong>Masa molar<\/strong>: 260,13 g\/mol<\/li>\n<li><strong>Clase qu\u00edmica<\/strong>: Fenetilamina \/ Psicod\u00e9lico<\/li>\n<li><strong>Apariencia<\/strong>: Normalmente disponible en polvo, c\u00e1psulas o comprimidos.<\/li>\n<\/ul>\n<h3><strong>Duraci\u00f3n y efectos<\/strong><\/h3>\n<ul>\n<li><strong>Inicio<\/strong>20-90 minutos despu\u00e9s del consumo, dependiendo del m\u00e9todo de uso.<\/li>\n<li><strong>Pico<\/strong>: 1-2 horas de efectos intensos.<\/li>\n<li><strong>Duraci\u00f3n<\/strong>: 4-8 horas en total, con un descenso gradual<\/li>\n<\/ul>\n<p>&nbsp;<\/p>","protected":false},"featured_media":1446,"comment_status":"open","ping_status":"closed","template":"","meta":{"_kadence_starter_templates_imported_post":false,"_kad_post_transparent":"default","_kad_post_title":"","_kad_post_layout":"default","_kad_post_sidebar_id":"","_kad_post_content_style":"default","_kad_post_vertical_padding":"default","_kad_post_feature":"","_kad_post_feature_position":"","_kad_post_header":false,"_kad_post_footer":false,"_joinchat":[]},"product_brand":[],"product_cat":[51],"product_tag":[],"class_list":{"0":"post-1199","1":"product","2":"type-product","3":"status-publish","4":"has-post-thumbnail","6":"product_cat-2cb","8":"first","9":"instock","10":"shipping-taxable","11":"purchasable","12":"product-type-variable","13":"entry","14":"content-bg","15":"loop-entry"},"yoast_head":"<!-- This site is optimized with the Yoast SEO plugin v26.5 - https:\/\/yoast.com\/wordpress\/plugins\/seo\/ -->\n<title>Buy 2CB Online - 2CB for sale - Order 2CB | PVP Grams<\/title>\n<meta name=\"description\" content=\"Looking to further your research? Buy 2cb conveniently and securely online, with a straightforward ordering process for 2cb for sale. Explore the possibilities and buy 2cb online for your research endeavors today.\" \/>\n<meta name=\"robots\" content=\"index, follow, max-snippet:-1, max-image-preview:large, max-video-preview:-1\" \/>\n<link rel=\"canonical\" href=\"https:\/\/pvpgrams.com\/es\/product\/2cb\/\" \/>\n<meta property=\"og:locale\" content=\"es_ES\" \/>\n<meta property=\"og:type\" content=\"article\" \/>\n<meta property=\"og:title\" content=\"Buy 2CB Online - 2CB for sale - Order 2CB | PVP Grams\" \/>\n<meta property=\"og:description\" content=\"Looking to further your research? Buy 2cb conveniently and securely online, with a straightforward ordering process for 2cb for sale. Explore the possibilities and buy 2cb online for your research endeavors today.\" \/>\n<meta property=\"og:url\" content=\"https:\/\/pvpgrams.com\/es\/product\/2cb\/\" \/>\n<meta property=\"og:site_name\" content=\"PVP Grams\" \/>\n<meta property=\"article:modified_time\" content=\"2025-09-01T05:56:20+00:00\" \/>\n<meta property=\"og:image\" content=\"https:\/\/pvpgrams.com\/wp-content\/uploads\/2024\/11\/Buy-2CB-Online.jpg\" \/>\n\t<meta property=\"og:image:width\" content=\"600\" \/>\n\t<meta property=\"og:image:height\" content=\"600\" \/>\n\t<meta property=\"og:image:type\" content=\"image\/jpeg\" \/>\n<meta name=\"twitter:card\" content=\"summary_large_image\" \/>\n<meta name=\"twitter:label1\" content=\"Tiempo de lectura\" \/>\n\t<meta name=\"twitter:data1\" content=\"2 minutos\" \/>\n<script type=\"application\/ld+json\" class=\"yoast-schema-graph\">{\"@context\":\"https:\/\/schema.org\",\"@graph\":[{\"@type\":[\"WebPage\",\"ItemPage\"],\"@id\":\"https:\/\/pvpgrams.com\/product\/2cb\/\",\"url\":\"https:\/\/pvpgrams.com\/product\/2cb\/\",\"name\":\"Buy 2CB Online - 2CB for sale - Order 2CB | PVP Grams\",\"isPartOf\":{\"@id\":\"https:\/\/pvpgrams.com\/#website\"},\"primaryImageOfPage\":{\"@id\":\"https:\/\/pvpgrams.com\/product\/2cb\/#primaryimage\"},\"image\":{\"@id\":\"https:\/\/pvpgrams.com\/product\/2cb\/#primaryimage\"},\"thumbnailUrl\":\"https:\/\/pvpgrams.com\/wp-content\/uploads\/2024\/11\/Buy-2CB-Online.jpg\",\"datePublished\":\"2024-11-24T21:35:13+00:00\",\"dateModified\":\"2025-09-01T05:56:20+00:00\",\"description\":\"Looking to further your research? Buy 2cb conveniently and securely online, with a straightforward ordering process for 2cb for sale. Explore the possibilities and buy 2cb online for your research endeavors today.\",\"breadcrumb\":{\"@id\":\"https:\/\/pvpgrams.com\/product\/2cb\/#breadcrumb\"},\"inLanguage\":\"es\",\"potentialAction\":[{\"@type\":\"ReadAction\",\"target\":[\"https:\/\/pvpgrams.com\/product\/2cb\/\"]}]},{\"@type\":\"ImageObject\",\"inLanguage\":\"es\",\"@id\":\"https:\/\/pvpgrams.com\/product\/2cb\/#primaryimage\",\"url\":\"https:\/\/pvpgrams.com\/wp-content\/uploads\/2024\/11\/Buy-2CB-Online.jpg\",\"contentUrl\":\"https:\/\/pvpgrams.com\/wp-content\/uploads\/2024\/11\/Buy-2CB-Online.jpg\",\"width\":600,\"height\":600,\"caption\":\"Buy-2CB-Online\"},{\"@type\":\"BreadcrumbList\",\"@id\":\"https:\/\/pvpgrams.com\/product\/2cb\/#breadcrumb\",\"itemListElement\":[{\"@type\":\"ListItem\",\"position\":1,\"name\":\"Home\",\"item\":\"https:\/\/pvpgrams.com\/\"},{\"@type\":\"ListItem\",\"position\":2,\"name\":\"Shop\",\"item\":\"https:\/\/pvpgrams.com\/shop\/\"},{\"@type\":\"ListItem\",\"position\":3,\"name\":\"Buy 2CB Online\"}]},{\"@type\":\"WebSite\",\"@id\":\"https:\/\/pvpgrams.com\/#website\",\"url\":\"https:\/\/pvpgrams.com\/\",\"name\":\"PVP Grams\",\"description\":\"\",\"publisher\":{\"@id\":\"https:\/\/pvpgrams.com\/#organization\"},\"potentialAction\":[{\"@type\":\"SearchAction\",\"target\":{\"@type\":\"EntryPoint\",\"urlTemplate\":\"https:\/\/pvpgrams.com\/?s={search_term_string}\"},\"query-input\":{\"@type\":\"PropertyValueSpecification\",\"valueRequired\":true,\"valueName\":\"search_term_string\"}}],\"inLanguage\":\"es\"},{\"@type\":\"Organization\",\"@id\":\"https:\/\/pvpgrams.com\/#organization\",\"name\":\"PVP Grams\",\"url\":\"https:\/\/pvpgrams.com\/\",\"logo\":{\"@type\":\"ImageObject\",\"inLanguage\":\"es\",\"@id\":\"https:\/\/pvpgrams.com\/#\/schema\/logo\/image\/\",\"url\":\"https:\/\/pvpgrams.com\/wp-content\/uploads\/2024\/10\/logo.png\",\"contentUrl\":\"https:\/\/pvpgrams.com\/wp-content\/uploads\/2024\/10\/logo.png\",\"width\":181,\"height\":41,\"caption\":\"PVP Grams\"},\"image\":{\"@id\":\"https:\/\/pvpgrams.com\/#\/schema\/logo\/image\/\"}}]}<\/script>\n<!-- \/ Yoast SEO plugin. -->","yoast_head_json":{"title":"Comprar 2CB Online - 2CB en venta - Pedir 2CB | PVP Gramos","description":"\u00bfDesea ampliar su investigaci\u00f3n? Compre 2cb en l\u00ednea de forma c\u00f3moda y segura, con un sencillo proceso de pedido de 2cb en venta. Explore las posibilidades y compre 2cb en l\u00ednea para sus investigaciones hoy mismo.","robots":{"index":"index","follow":"follow","max-snippet":"max-snippet:-1","max-image-preview":"max-image-preview:large","max-video-preview":"max-video-preview:-1"},"canonical":"https:\/\/pvpgrams.com\/es\/product\/2cb\/","og_locale":"es_ES","og_type":"article","og_title":"Buy 2CB Online - 2CB for sale - Order 2CB | PVP Grams","og_description":"Looking to further your research? Buy 2cb conveniently and securely online, with a straightforward ordering process for 2cb for sale. Explore the possibilities and buy 2cb online for your research endeavors today.","og_url":"https:\/\/pvpgrams.com\/es\/product\/2cb\/","og_site_name":"PVP Grams","article_modified_time":"2025-09-01T05:56:20+00:00","og_image":[{"width":600,"height":600,"url":"https:\/\/pvpgrams.com\/wp-content\/uploads\/2024\/11\/Buy-2CB-Online.jpg","type":"image\/jpeg"}],"twitter_card":"summary_large_image","twitter_misc":{"Tiempo de lectura":"2 minutos"},"schema":{"@context":"https:\/\/schema.org","@graph":[{"@type":["WebPage","ItemPage"],"@id":"https:\/\/pvpgrams.com\/product\/2cb\/","url":"https:\/\/pvpgrams.com\/product\/2cb\/","name":"Comprar 2CB Online - 2CB en venta - Pedir 2CB | PVP Gramos","isPartOf":{"@id":"https:\/\/pvpgrams.com\/#website"},"primaryImageOfPage":{"@id":"https:\/\/pvpgrams.com\/product\/2cb\/#primaryimage"},"image":{"@id":"https:\/\/pvpgrams.com\/product\/2cb\/#primaryimage"},"thumbnailUrl":"https:\/\/pvpgrams.com\/wp-content\/uploads\/2024\/11\/Buy-2CB-Online.jpg","datePublished":"2024-11-24T21:35:13+00:00","dateModified":"2025-09-01T05:56:20+00:00","description":"\u00bfDesea ampliar su investigaci\u00f3n? Compre 2cb en l\u00ednea de forma c\u00f3moda y segura, con un sencillo proceso de pedido de 2cb en venta. Explore las posibilidades y compre 2cb en l\u00ednea para sus investigaciones hoy mismo.","breadcrumb":{"@id":"https:\/\/pvpgrams.com\/product\/2cb\/#breadcrumb"},"inLanguage":"es","potentialAction":[{"@type":"ReadAction","target":["https:\/\/pvpgrams.com\/product\/2cb\/"]}]},{"@type":"ImageObject","inLanguage":"es","@id":"https:\/\/pvpgrams.com\/product\/2cb\/#primaryimage","url":"https:\/\/pvpgrams.com\/wp-content\/uploads\/2024\/11\/Buy-2CB-Online.jpg","contentUrl":"https:\/\/pvpgrams.com\/wp-content\/uploads\/2024\/11\/Buy-2CB-Online.jpg","width":600,"height":600,"caption":"Buy-2CB-Online"},{"@type":"BreadcrumbList","@id":"https:\/\/pvpgrams.com\/product\/2cb\/#breadcrumb","itemListElement":[{"@type":"ListItem","position":1,"name":"Home","item":"https:\/\/pvpgrams.com\/"},{"@type":"ListItem","position":2,"name":"Shop","item":"https:\/\/pvpgrams.com\/shop\/"},{"@type":"ListItem","position":3,"name":"Buy 2CB Online"}]},{"@type":"WebSite","@id":"https:\/\/pvpgrams.com\/#website","url":"https:\/\/pvpgrams.com\/","name":"Gramos PVP","description":"","publisher":{"@id":"https:\/\/pvpgrams.com\/#organization"},"potentialAction":[{"@type":"SearchAction","target":{"@type":"EntryPoint","urlTemplate":"https:\/\/pvpgrams.com\/?s={search_term_string}"},"query-input":{"@type":"PropertyValueSpecification","valueRequired":true,"valueName":"search_term_string"}}],"inLanguage":"es"},{"@type":"Organization","@id":"https:\/\/pvpgrams.com\/#organization","name":"Gramos PVP","url":"https:\/\/pvpgrams.com\/","logo":{"@type":"ImageObject","inLanguage":"es","@id":"https:\/\/pvpgrams.com\/#\/schema\/logo\/image\/","url":"https:\/\/pvpgrams.com\/wp-content\/uploads\/2024\/10\/logo.png","contentUrl":"https:\/\/pvpgrams.com\/wp-content\/uploads\/2024\/10\/logo.png","width":181,"height":41,"caption":"PVP Grams"},"image":{"@id":"https:\/\/pvpgrams.com\/#\/schema\/logo\/image\/"}}]}},"_links":{"self":[{"href":"https:\/\/pvpgrams.com\/es\/wp-json\/wp\/v2\/product\/1199","targetHints":{"allow":["GET"]}}],"collection":[{"href":"https:\/\/pvpgrams.com\/es\/wp-json\/wp\/v2\/product"}],"about":[{"href":"https:\/\/pvpgrams.com\/es\/wp-json\/wp\/v2\/types\/product"}],"replies":[{"embeddable":true,"href":"https:\/\/pvpgrams.com\/es\/wp-json\/wp\/v2\/comments?post=1199"}],"wp:featuredmedia":[{"embeddable":true,"href":"https:\/\/pvpgrams.com\/es\/wp-json\/wp\/v2\/media\/1446"}],"wp:attachment":[{"href":"https:\/\/pvpgrams.com\/es\/wp-json\/wp\/v2\/media?parent=1199"}],"wp:term":[{"taxonomy":"product_brand","embeddable":true,"href":"https:\/\/pvpgrams.com\/es\/wp-json\/wp\/v2\/product_brand?post=1199"},{"taxonomy":"product_cat","embeddable":true,"href":"https:\/\/pvpgrams.com\/es\/wp-json\/wp\/v2\/product_cat?post=1199"},{"taxonomy":"product_tag","embeddable":true,"href":"https:\/\/pvpgrams.com\/es\/wp-json\/wp\/v2\/product_tag?post=1199"}],"curies":[{"name":"wp","href":"https:\/\/api.w.org\/{rel}","templated":true}]}}