{"id":2223,"date":"2025-12-01T09:47:32","date_gmt":"2025-12-01T09:47:32","guid":{"rendered":"https:\/\/pvpgrams.com\/?post_type=product&#038;p=2223"},"modified":"2026-02-26T09:48:40","modified_gmt":"2026-02-26T09:48:40","slug":"buy-alpha-php-online","status":"publish","type":"product","link":"https:\/\/pvpgrams.com\/es\/product\/buy-alpha-php-online\/","title":{"rendered":"Comprar Alpha PHP en l\u00ednea"},"content":{"rendered":"<div id=\"tab-description\" class=\"woocommerce-Tabs-panel woocommerce-Tabs-panel--description panel entry-content active\" role=\"tabpanel\" aria-labelledby=\"tab-title-description\">\n<h2>Comprar Alpha PHP en l\u00ednea<\/h2>\n<p>\u00bfLe gustar\u00eda? <a href=\"https:\/\/pvpgrams.com\/es\/\"><strong>Alfa-PHP<\/strong><\/a> \u00bfPedido? Todos los productos de nuestra gama Pvpgrams contienen 1000 mg de \u03b1-PHP (polvo puro) con una pureza m\u00ednima del 99 % por pedido. Pida Alpha PHP online.<a href=\"https:\/\/rchemshub.com\/product-category\/benzofuranen\/\">.<\/a><\/p>\n<h3>\u00bfQu\u00e9 es Alpha-PHP?<\/h3>\n<p><strong>Alfa-pirrolidinohexiofenona <\/strong>Tambi\u00e9n conocido como \u03b1-PHP \/ alfa-PHP \/ a-PHP, es una sustancia sint\u00e9tica que se produjo por primera vez en la d\u00e9cada de 1960 y est\u00e1 estrechamente relacionada con la alfa-PVP (a-PVP, \u03b1-PVP) y la pirovalerona. El A-PHP pertenece a las clases de catinona y pirovalerona y los consumidores lo consideran uno de los an\u00e1logos m\u00e1s fiables de la pirovalerona, aunque tambi\u00e9n se puede comparar con el MDPV o el a-PVP. Para obtener m\u00e1s informaci\u00f3n sobre las catinonas, visite la p\u00e1gina web<\/p>\n<h3>Propiedades de A-PHP<\/h3>\n<ul>\n<li><strong>Sin\u00f3nimo<\/strong> Alfa-pirrolidinohexanofenona<\/li>\n<li><strong>N\u00famero CAS:<\/strong> 3415-86-6<\/li>\n<li><strong>F\u00f3rmula qu\u00edmica:<\/strong> Clorhidrato de 1-fenil-2-(pirrolidin-1-il)hexan-1-ona<\/li>\n<li><strong>Masa molecular:<\/strong> 281,8 g\/mol<\/li>\n<li><strong>Pureza:<\/strong> mayor que 97%<\/li>\n<\/ul>\n<h3>Advertencias<\/h3>\n<p>El A-PHP puede causar irritaci\u00f3n de las v\u00edas respiratorias. Tambi\u00e9n puede producir irritaci\u00f3n ocular. Est\u00e1 prohibido verter productos qu\u00edmicos de investigaci\u00f3n al medio ambiente.<\/p>\n<p><strong>En caso de contacto con A-PHP:<\/strong> Enjuague bien los ojos con agua durante cinco minutos. Si es posible, qu\u00edtese las lentes de contacto.<\/p>\n<p><strong>En caso de contacto con la piel:<\/strong> Lava la piel con agua y jab\u00f3n.<\/p>\n<p><strong>Despu\u00e9s de inhalar A-PHP:<\/strong> Lleve a la persona afectada al aire libre y col\u00f3quela en una posici\u00f3n que le permita respirar con mayor facilidad.<\/p>\n<h3>Dosis de a-PHP<\/h3>\n<p>No hay ninguna recomendaci\u00f3n sobre la dosis, ya que el a-PHP solo se vende con fines de investigaci\u00f3n cient\u00edfica y no se recomienda para el consumo humano.<\/p>\n<h3>Efectos del a-PHP<\/h3>\n<p>Los efectos cl\u00ednicos del a-PHP pueden caracterizarse como estimulantes, alucin\u00f3genos o similares a los opioides. Los consumidores suelen informar de una combinaci\u00f3n de estos efectos. Se pueden encontrar informes similares en foros cient\u00edficos y motores de b\u00fasqueda.<\/p>\n<h3>Efectos secundarios del a-PHP<\/h3>\n<p>Al igual que otras drogas de dise\u00f1o, el consumo de a-PHP puede tener efectos secundarios graves. La sustancia no ha sido cl\u00ednicamente probada ni autorizada para su uso en medicina humana. Por lo tanto, el a-PHP solo se recomienda para investigaci\u00f3n y estudios cient\u00edficos, \u00a1y no para uso humano!<\/p>\n<h3>Almacenamiento y estabilidad del a-PHP<\/h3>\n<p>Guarde a-PHP a una temperatura igual o inferior a 30 grados cent\u00edgrados en su envase original. Evite la luz solar directa y gu\u00e1rdelo en un lugar seco. Si se almacena correctamente, la vida \u00fatil del material es de al menos un a\u00f1o.<\/p>\n<h3>Informaci\u00f3n para realizar pedidos<\/h3>\n<p>Para consultar precios y disponibilidad, o para realizar un pedido de <strong>Alfa PHP<\/strong> u otros productos qu\u00edmicos para investigaci\u00f3n, visite nuestro sitio web o p\u00f3ngase en contacto con nuestro equipo de atenci\u00f3n al cliente. Estamos aqu\u00ed para ayudarle con todas sus necesidades de productos qu\u00edmicos para investigaci\u00f3n.<\/p>\n<p><strong>Medeus Investigaci\u00f3n Qu\u00edmica<\/strong> \u2013 Le conectamos con los productos qu\u00edmicos esenciales para la investigaci\u00f3n cient\u00edfica de vanguardia.<\/p>\n<h3><span id=\"FAQ_Frequently_Asked_Questions_About_Alpha_PHP\" class=\"ez-toc-section\"><\/span>Preguntas frecuentes: Preguntas frecuentes sobre Alpha PHP<\/h3>\n<h3><span id=\"1_What_is_Alpha_PHP\" class=\"ez-toc-section\"><\/span>1. \u00bfQu\u00e9 es Alpha PHP?<\/h3>\n<p><strong>Alfa PHP<\/strong> Es un compuesto qu\u00edmico de investigaci\u00f3n que pertenece a la clase de los estimulantes, a menudo estudiado por sus efectos en experimentos cient\u00edficos. Est\u00e1 relacionado con sustancias similares como el Alpha-PVP.<\/p>\n<h3><span id=\"2_Is_Alpha_PHP_Legal\" class=\"ez-toc-section\"><\/span>2. \u00bfEs legal Alpha PHP?<\/h3>\n<p>En <strong>estatus legal<\/strong> de Alpha PHP depende de su jurisdicci\u00f3n. Aseg\u00farese siempre de cumplir con las leyes locales antes de realizar la compra.<\/p>\n<h3><span id=\"3_Can_I_Buy_Alpha_PHP_Online\" class=\"ez-toc-section\"><\/span>3. \u00bfPuedo comprar Alpha PHP en l\u00ednea?<\/h3>\n<p>S\u00ed, puedes. <a href=\"https:\/\/pvpgrams.com\/es\/product\/buy-alpha-php-online\/\"><strong>Comprar Alpha PHP en l\u00ednea<\/strong><\/a> de proveedores fiables como Medeus Research Chem. Ofrecemos opciones de env\u00edo seguras y discretas.<\/p>\n<h3><span id=\"4_What_Is_the_Difference_Between_Alpha_Pyrrolidinoisohexanophenone_and_Alpha_Pyrrolidinohexiophenone\" class=\"ez-toc-section\"><\/span>4. \u00bfCu\u00e1l es la diferencia entre la alfa pirrolidinoisohexanofenona y la alfa pirrolidinohexanofenona?<\/h3>\n<p>Ambos productos qu\u00edmicos son variaciones del Alpha PHP, pero tienen estructuras moleculares ligeramente diferentes. Aseg\u00farese de comprender qu\u00e9 versi\u00f3n se adapta a sus necesidades de investigaci\u00f3n. Pida Alpha PHP en l\u00ednea.<\/p>\n<h3><span id=\"5_What_Is_the_Full_Form_of_PHP\" class=\"ez-toc-section\"><\/span>5. \u00bfCu\u00e1l es la forma completa de PHP?<\/h3>\n<p><strong>PHP<\/strong> significa <strong>Pirrolidinohexanofenona<\/strong>, un compuesto que se usa mucho en la investigaci\u00f3n cient\u00edfica.<\/p>\n<h3><span id=\"Conclusion_Why_Buy_Alpha_PHP_Online_from_Medeus_Research_Chem\" class=\"ez-toc-section\"><\/span>Conclusi\u00f3n: \u00bfPor qu\u00e9 comprar Alpha PHP online en Medeus Research Chem?<\/h3>\n<p>Cuando decida <strong>Comprar Alpha PHP en l\u00ednea<\/strong>, es importante elegir un proveedor de confianza que ofrezca productos qu\u00edmicos de alta calidad y un servicio fiable. Medeus Research Chem ofrece productos de primera calidad. <strong>Productos qu\u00edmicos Alpha PHP<\/strong> que cumplen con los m\u00e1s altos est\u00e1ndares de pureza y seguridad. Tanto si buscas <a href=\"https:\/\/en.wikipedia.org\/wiki\/%CE%91-Pyrrolidinohexiophenone\"><strong>Alfa pirrolidinoisohexanofenona<\/strong><\/a>, <strong>4-fluoro alfa PHP<\/strong>, u otras variantes, nosotros nos encargamos.<\/p>\n<p>Para obtener m\u00e1s informaci\u00f3n y realizar una compra, visite nuestro sitio web aqu\u00ed o explore nuestra <strong>stock limitado<\/strong> colecci\u00f3n aqu\u00ed.<\/p>\n<h3>\u00a1Haga su pedido ahora!<\/h3>\n<p>En nuestros programas pvpgrams  puede comprar Alpha-PHP a precios muy ventajosos. Compre Alpha-PHP online en nuestra tienda ahora. \u00a1Haga su pedido ahora!<\/p>\n<\/div>","protected":false},"excerpt":{"rendered":"<p>Nombre del producto:\u2026\u2026 alfa-pirrolidinohexifeno<br \/>\nEfecto: estimulante, psicod\u00e9lico, locuaz, muy seguro de s\u00ed mismo.<br \/>\nPureza de la sustancia:\u2026\u2026\u202698,5%<br \/>\nPropiedades f\u00edsicas:\u2026\u2026Cristales<\/p>\n<p>Una vez que confirmamos el pago del pedido, emitimos un n\u00famero de seguimiento para que nuestros clientes puedan rastrear sus paquetes en tiempo real.<\/p>\n<p>Los precios se calculan por gramo. El pedido m\u00ednimo es de 10 gramos. Esperamos que disfrute de la calidad de nuestro producto. Para cualquier informaci\u00f3n, p\u00f3ngase en contacto con nosotros directamente.<\/p>","protected":false},"featured_media":2224,"comment_status":"closed","ping_status":"closed","template":"","meta":{"_kadence_starter_templates_imported_post":false,"_kad_post_transparent":"default","_kad_post_title":"","_kad_post_layout":"default","_kad_post_sidebar_id":"","_kad_post_content_style":"default","_kad_post_vertical_padding":"default","_kad_post_feature":"","_kad_post_feature_position":"","_kad_post_header":false,"_kad_post_footer":false,"_joinchat":[]},"product_brand":[],"product_cat":[41],"product_tag":[],"class_list":{"0":"post-2223","1":"product","2":"type-product","3":"status-publish","4":"has-post-thumbnail","6":"product_cat-buy-alpha-php","8":"first","9":"instock","10":"shipping-taxable","11":"purchasable","12":"product-type-variable","13":"entry","14":"content-bg","15":"loop-entry"},"yoast_head":"<!-- This site is optimized with the Yoast SEO plugin v26.5 - https:\/\/yoast.com\/wordpress\/plugins\/seo\/ -->\n<title>Order Alpha PHP (a-PHP) online - \u03b1-Pyrrolidinohexanophenone<\/title>\n<meta name=\"description\" content=\"Order Alpha PHP (a-PHP) online? Pvpgrams offers premium quality Alpha PHP (a-PHP) with discreet shipping for a seamless and secure purchasing.\" \/>\n<meta name=\"robots\" content=\"index, follow, max-snippet:-1, max-image-preview:large, max-video-preview:-1\" \/>\n<link rel=\"canonical\" href=\"https:\/\/pvpgrams.com\/es\/product\/buy-alpha-php-online\/\" \/>\n<meta property=\"og:locale\" content=\"es_ES\" \/>\n<meta property=\"og:type\" content=\"article\" \/>\n<meta property=\"og:title\" content=\"Order Alpha PHP (a-PHP) online - \u03b1-Pyrrolidinohexanophenone\" \/>\n<meta property=\"og:description\" content=\"Order Alpha PHP (a-PHP) online? Pvpgrams offers premium quality Alpha PHP (a-PHP) with discreet shipping for a seamless and secure purchasing.\" \/>\n<meta property=\"og:url\" content=\"https:\/\/pvpgrams.com\/es\/product\/buy-alpha-php-online\/\" \/>\n<meta property=\"og:site_name\" content=\"PVP Grams\" \/>\n<meta property=\"article:modified_time\" content=\"2026-02-26T09:48:40+00:00\" \/>\n<meta property=\"og:image\" content=\"https:\/\/pvpgrams.com\/wp-content\/uploads\/2025\/12\/Order-A-PHP-Crystals-Online.jpg\" \/>\n\t<meta property=\"og:image:width\" content=\"600\" \/>\n\t<meta property=\"og:image:height\" content=\"600\" \/>\n\t<meta property=\"og:image:type\" content=\"image\/jpeg\" \/>\n<meta name=\"twitter:card\" content=\"summary_large_image\" \/>\n<meta name=\"twitter:label1\" content=\"Tiempo de lectura\" \/>\n\t<meta name=\"twitter:data1\" content=\"4 minutos\" \/>\n<script type=\"application\/ld+json\" class=\"yoast-schema-graph\">{\"@context\":\"https:\/\/schema.org\",\"@graph\":[{\"@type\":[\"WebPage\",\"ItemPage\"],\"@id\":\"https:\/\/pvpgrams.com\/product\/buy-alpha-php-online\/\",\"url\":\"https:\/\/pvpgrams.com\/product\/buy-alpha-php-online\/\",\"name\":\"Order Alpha PHP (a-PHP) online - \u03b1-Pyrrolidinohexanophenone\",\"isPartOf\":{\"@id\":\"https:\/\/pvpgrams.com\/#website\"},\"primaryImageOfPage\":{\"@id\":\"https:\/\/pvpgrams.com\/product\/buy-alpha-php-online\/#primaryimage\"},\"image\":{\"@id\":\"https:\/\/pvpgrams.com\/product\/buy-alpha-php-online\/#primaryimage\"},\"thumbnailUrl\":\"https:\/\/pvpgrams.com\/wp-content\/uploads\/2025\/12\/Order-A-PHP-Crystals-Online.jpg\",\"datePublished\":\"2025-12-01T09:47:32+00:00\",\"dateModified\":\"2026-02-26T09:48:40+00:00\",\"description\":\"Order Alpha PHP (a-PHP) online? Pvpgrams offers premium quality Alpha PHP (a-PHP) with discreet shipping for a seamless and secure purchasing.\",\"breadcrumb\":{\"@id\":\"https:\/\/pvpgrams.com\/product\/buy-alpha-php-online\/#breadcrumb\"},\"inLanguage\":\"es\",\"potentialAction\":[{\"@type\":\"ReadAction\",\"target\":[\"https:\/\/pvpgrams.com\/product\/buy-alpha-php-online\/\"]}]},{\"@type\":\"ImageObject\",\"inLanguage\":\"es\",\"@id\":\"https:\/\/pvpgrams.com\/product\/buy-alpha-php-online\/#primaryimage\",\"url\":\"https:\/\/pvpgrams.com\/wp-content\/uploads\/2025\/12\/Order-A-PHP-Crystals-Online.jpg\",\"contentUrl\":\"https:\/\/pvpgrams.com\/wp-content\/uploads\/2025\/12\/Order-A-PHP-Crystals-Online.jpg\",\"width\":600,\"height\":600,\"caption\":\"Buy Alpha PHP online\"},{\"@type\":\"BreadcrumbList\",\"@id\":\"https:\/\/pvpgrams.com\/product\/buy-alpha-php-online\/#breadcrumb\",\"itemListElement\":[{\"@type\":\"ListItem\",\"position\":1,\"name\":\"Home\",\"item\":\"https:\/\/pvpgrams.com\/\"},{\"@type\":\"ListItem\",\"position\":2,\"name\":\"Shop\",\"item\":\"https:\/\/pvpgrams.com\/shop\/\"},{\"@type\":\"ListItem\",\"position\":3,\"name\":\"Buy Alpha PHP online\"}]},{\"@type\":\"WebSite\",\"@id\":\"https:\/\/pvpgrams.com\/#website\",\"url\":\"https:\/\/pvpgrams.com\/\",\"name\":\"PVP Grams\",\"description\":\"\",\"publisher\":{\"@id\":\"https:\/\/pvpgrams.com\/#organization\"},\"potentialAction\":[{\"@type\":\"SearchAction\",\"target\":{\"@type\":\"EntryPoint\",\"urlTemplate\":\"https:\/\/pvpgrams.com\/?s={search_term_string}\"},\"query-input\":{\"@type\":\"PropertyValueSpecification\",\"valueRequired\":true,\"valueName\":\"search_term_string\"}}],\"inLanguage\":\"es\"},{\"@type\":\"Organization\",\"@id\":\"https:\/\/pvpgrams.com\/#organization\",\"name\":\"PVP Grams\",\"url\":\"https:\/\/pvpgrams.com\/\",\"logo\":{\"@type\":\"ImageObject\",\"inLanguage\":\"es\",\"@id\":\"https:\/\/pvpgrams.com\/#\/schema\/logo\/image\/\",\"url\":\"https:\/\/pvpgrams.com\/wp-content\/uploads\/2024\/10\/logo.png\",\"contentUrl\":\"https:\/\/pvpgrams.com\/wp-content\/uploads\/2024\/10\/logo.png\",\"width\":181,\"height\":41,\"caption\":\"PVP Grams\"},\"image\":{\"@id\":\"https:\/\/pvpgrams.com\/#\/schema\/logo\/image\/\"}}]}<\/script>\n<!-- \/ Yoast SEO plugin. -->","yoast_head_json":{"title":"Pida Alpha PHP (a-PHP) en l\u00ednea - \u03b1-pirrolidinohexanofenona","description":"\u00bfQuieres comprar Alpha PHP (a-PHP) online? Pvpgrams ofrece Alpha PHP (a-PHP) de primera calidad con env\u00edo discreto para una compra segura y sin complicaciones.","robots":{"index":"index","follow":"follow","max-snippet":"max-snippet:-1","max-image-preview":"max-image-preview:large","max-video-preview":"max-video-preview:-1"},"canonical":"https:\/\/pvpgrams.com\/es\/product\/buy-alpha-php-online\/","og_locale":"es_ES","og_type":"article","og_title":"Order Alpha PHP (a-PHP) online - \u03b1-Pyrrolidinohexanophenone","og_description":"Order Alpha PHP (a-PHP) online? Pvpgrams offers premium quality Alpha PHP (a-PHP) with discreet shipping for a seamless and secure purchasing.","og_url":"https:\/\/pvpgrams.com\/es\/product\/buy-alpha-php-online\/","og_site_name":"PVP Grams","article_modified_time":"2026-02-26T09:48:40+00:00","og_image":[{"width":600,"height":600,"url":"https:\/\/pvpgrams.com\/wp-content\/uploads\/2025\/12\/Order-A-PHP-Crystals-Online.jpg","type":"image\/jpeg"}],"twitter_card":"summary_large_image","twitter_misc":{"Tiempo de lectura":"4 minutos"},"schema":{"@context":"https:\/\/schema.org","@graph":[{"@type":["WebPage","ItemPage"],"@id":"https:\/\/pvpgrams.com\/product\/buy-alpha-php-online\/","url":"https:\/\/pvpgrams.com\/product\/buy-alpha-php-online\/","name":"Pida Alpha PHP (a-PHP) en l\u00ednea - \u03b1-pirrolidinohexanofenona","isPartOf":{"@id":"https:\/\/pvpgrams.com\/#website"},"primaryImageOfPage":{"@id":"https:\/\/pvpgrams.com\/product\/buy-alpha-php-online\/#primaryimage"},"image":{"@id":"https:\/\/pvpgrams.com\/product\/buy-alpha-php-online\/#primaryimage"},"thumbnailUrl":"https:\/\/pvpgrams.com\/wp-content\/uploads\/2025\/12\/Order-A-PHP-Crystals-Online.jpg","datePublished":"2025-12-01T09:47:32+00:00","dateModified":"2026-02-26T09:48:40+00:00","description":"\u00bfQuieres comprar Alpha PHP (a-PHP) online? Pvpgrams ofrece Alpha PHP (a-PHP) de primera calidad con env\u00edo discreto para una compra segura y sin complicaciones.","breadcrumb":{"@id":"https:\/\/pvpgrams.com\/product\/buy-alpha-php-online\/#breadcrumb"},"inLanguage":"es","potentialAction":[{"@type":"ReadAction","target":["https:\/\/pvpgrams.com\/product\/buy-alpha-php-online\/"]}]},{"@type":"ImageObject","inLanguage":"es","@id":"https:\/\/pvpgrams.com\/product\/buy-alpha-php-online\/#primaryimage","url":"https:\/\/pvpgrams.com\/wp-content\/uploads\/2025\/12\/Order-A-PHP-Crystals-Online.jpg","contentUrl":"https:\/\/pvpgrams.com\/wp-content\/uploads\/2025\/12\/Order-A-PHP-Crystals-Online.jpg","width":600,"height":600,"caption":"Buy Alpha PHP online"},{"@type":"BreadcrumbList","@id":"https:\/\/pvpgrams.com\/product\/buy-alpha-php-online\/#breadcrumb","itemListElement":[{"@type":"ListItem","position":1,"name":"Home","item":"https:\/\/pvpgrams.com\/"},{"@type":"ListItem","position":2,"name":"Shop","item":"https:\/\/pvpgrams.com\/shop\/"},{"@type":"ListItem","position":3,"name":"Buy Alpha PHP online"}]},{"@type":"WebSite","@id":"https:\/\/pvpgrams.com\/#website","url":"https:\/\/pvpgrams.com\/","name":"Gramos PVP","description":"","publisher":{"@id":"https:\/\/pvpgrams.com\/#organization"},"potentialAction":[{"@type":"SearchAction","target":{"@type":"EntryPoint","urlTemplate":"https:\/\/pvpgrams.com\/?s={search_term_string}"},"query-input":{"@type":"PropertyValueSpecification","valueRequired":true,"valueName":"search_term_string"}}],"inLanguage":"es"},{"@type":"Organization","@id":"https:\/\/pvpgrams.com\/#organization","name":"Gramos PVP","url":"https:\/\/pvpgrams.com\/","logo":{"@type":"ImageObject","inLanguage":"es","@id":"https:\/\/pvpgrams.com\/#\/schema\/logo\/image\/","url":"https:\/\/pvpgrams.com\/wp-content\/uploads\/2024\/10\/logo.png","contentUrl":"https:\/\/pvpgrams.com\/wp-content\/uploads\/2024\/10\/logo.png","width":181,"height":41,"caption":"PVP Grams"},"image":{"@id":"https:\/\/pvpgrams.com\/#\/schema\/logo\/image\/"}}]}},"_links":{"self":[{"href":"https:\/\/pvpgrams.com\/es\/wp-json\/wp\/v2\/product\/2223","targetHints":{"allow":["GET"]}}],"collection":[{"href":"https:\/\/pvpgrams.com\/es\/wp-json\/wp\/v2\/product"}],"about":[{"href":"https:\/\/pvpgrams.com\/es\/wp-json\/wp\/v2\/types\/product"}],"replies":[{"embeddable":true,"href":"https:\/\/pvpgrams.com\/es\/wp-json\/wp\/v2\/comments?post=2223"}],"wp:featuredmedia":[{"embeddable":true,"href":"https:\/\/pvpgrams.com\/es\/wp-json\/wp\/v2\/media\/2224"}],"wp:attachment":[{"href":"https:\/\/pvpgrams.com\/es\/wp-json\/wp\/v2\/media?parent=2223"}],"wp:term":[{"taxonomy":"product_brand","embeddable":true,"href":"https:\/\/pvpgrams.com\/es\/wp-json\/wp\/v2\/product_brand?post=2223"},{"taxonomy":"product_cat","embeddable":true,"href":"https:\/\/pvpgrams.com\/es\/wp-json\/wp\/v2\/product_cat?post=2223"},{"taxonomy":"product_tag","embeddable":true,"href":"https:\/\/pvpgrams.com\/es\/wp-json\/wp\/v2\/product_tag?post=2223"}],"curies":[{"name":"wp","href":"https:\/\/api.w.org\/{rel}","templated":true}]}}