{"id":1104,"date":"2024-10-24T21:34:49","date_gmt":"2024-10-24T21:34:49","guid":{"rendered":"https:\/\/pvpgrams.com\/?post_type=product&#038;p=1104"},"modified":"2025-10-30T10:35:19","modified_gmt":"2025-10-30T10:35:19","slug":"alfa-pvp-alfa-pirrolidinopentiophenon","status":"publish","type":"product","link":"https:\/\/pvpgrams.com\/hu\/product\/alfa-pvp-alfa-pirrolidinopentiophenon\/","title":{"rendered":"V\u00e1s\u00e1rl\u00e1s Alpha-PVP (Alpha-Pyrrolidinopentiophenon) online"},"content":{"rendered":"<h2 data-start=\"166\" data-end=\"222\">V\u00e1s\u00e1roljon Alpha-PVP-t online egy megb\u00edzhat\u00f3 kutat\u00e1si forr\u00e1sb\u00f3l<\/h2>\n<p data-start=\"224\" data-end=\"344\"><strong data-start=\"224\" data-end=\"342\">Alfa-PVP (alfa-pirrolidinopentiofenon) Online v\u00e1s\u00e1rl\u00e1s \u2013 Laborat\u00f3riumban tesztelt, nagy tisztas\u00e1g\u00fa alfa-PVP kutat\u00e1si c\u00e9lokra a Pvpgrams-n\u00e1l<\/strong><\/p>\n<p data-start=\"346\" data-end=\"867\">Keresem a <strong data-start=\"357\" data-end=\"381\">Alpha-PVP online v\u00e1s\u00e1rl\u00e1s<\/strong>A Pvpgrams kiz\u00e1r\u00f3lag kutat\u00e1si c\u00e9lokra k\u00edn\u00e1l nagy tisztas\u00e1g\u00fa, laborat\u00f3riumban tesztelt Alpha-PVP-t (Alpha-Pyrrolidinopentiophenone). <strong data-start=\"498\" data-end=\"520\">Alpha-PVP elad\u00f3<\/strong> egy szintetikus stimul\u00e1ns a katinon csal\u00e1db\u00f3l, amelyet sz\u00e9les k\u00f6rben tanulm\u00e1nyoznak a neurotranszmitter aktivit\u00e1sra \u00e9s a k\u00f6zponti idegrendszerre gyakorolt hat\u00e1sa miatt. A Pvpgrams-n\u00e1l biztos\u00edtjuk, hogy <a href=\"https:\/\/pvpgrams.com\/hu\/product\/alfa-pvp-alfa-pirrolidinopentiophenon\/\"><strong data-start=\"697\" data-end=\"721\">Alpha-PVP online v\u00e1s\u00e1rl\u00e1s<\/strong><\/a> ell\u00e1t\u00e1s megfelel a legmagasabb tisztas\u00e1gi \u00e9s min\u0151s\u00e9gi k\u00f6vetelm\u00e9nyeknek, \u00edgy ez a <strong data-start=\"794\" data-end=\"832\">A legjobb hely az Alpha-PVP online v\u00e1s\u00e1rl\u00e1s\u00e1hoz<\/strong> halad\u00f3 tudom\u00e1nyos tanulm\u00e1nyokhoz.<\/p>\n<h3 data-start=\"869\" data-end=\"892\">Mi az Alpha-PVP?<\/h3>\n<p data-start=\"894\" data-end=\"1364\"><strong data-start=\"894\" data-end=\"940\">Alfa-PVP (<a href=\"https:\/\/en.wikipedia.org\/wiki\/%CE%91-Pyrrolidinopentiophenone\">Alfa-pirrolidinopentiophenon<\/a>)<\/strong> egy szintetikus stimul\u00e1ns, amely szerkezetileg rokon a katinonokkal, p\u00e9ld\u00e1ul az MDPV-vel. A kutat\u00f3k gyakran <strong data-start=\"1033\" data-end=\"1052\">Alpha-PVP megrendel\u00e9se<\/strong> hogy tanulm\u00e1nyozz\u00e1k annak hat\u00e1s\u00e1t dopamin- \u00e9s noradrenalin-visszav\u00e9tel g\u00e1tl\u00f3k\u00e9nt, ami hasznosv\u00e1 teszi a neurotranszmitter funkci\u00f3, viselked\u00e9si mint\u00e1k \u00e9s hangulatszab\u00e1lyoz\u00e1s vizsg\u00e1lat\u00e1ban. A kutat\u00f3k sz\u00e1m\u00e1ra, akik <strong data-start=\"1261\" data-end=\"1287\">hol lehet megv\u00e1s\u00e1rolni az Alpha-PVP-t<\/strong> A Pvpgrams megb\u00edzhat\u00f3 \u00e9s k\u00f6vetkezetes, kutat\u00e1si sz\u00ednvonal\u00fa anyagokat biztos\u00edt.<\/p>\n<h3 data-start=\"1366\" data-end=\"1405\">Mi\u00e9rt v\u00e1lassza az Alpha-PVP-t a kutat\u00e1shoz?<\/h3>\n<p data-start=\"1407\" data-end=\"1804\"><strong data-start=\"1407\" data-end=\"1424\">Alpha-PVP megv\u00e1s\u00e1rl\u00e1sa<\/strong> a kognit\u00edv teljes\u00edtm\u00e9nyt, a figyelmet \u00e9s a viselked\u00e9si reakci\u00f3kat befoly\u00e1sol\u00f3 neurok\u00e9miai mechanizmusok tanulm\u00e1nyoz\u00e1s\u00e1ra. Az alfa-PVP fokozza a dopamin \u00e9s a noradrenalin felszabadul\u00e1s\u00e1t, ez\u00e9rt elengedhetetlen a stimul\u00e1l\u00f3 hat\u00e1sok \u00e9s a viselked\u00e9sm\u00f3dos\u00edt\u00e1s kutat\u00e1s\u00e1ban. Sz\u00e1mos laborat\u00f3rium a Pvpgramokat <strong data-start=\"1706\" data-end=\"1744\">A legjobb hely az Alpha-PVP online v\u00e1s\u00e1rl\u00e1s\u00e1hoz<\/strong> garant\u00e1lt tisztas\u00e1gunknak \u00e9s gyors, diszkr\u00e9t sz\u00e1ll\u00edt\u00e1sunknak k\u00f6sz\u00f6nhet\u0151en.<\/p>\n<h3 data-start=\"1806\" data-end=\"1841\">Alpha-PVP elad\u00f3 a Pvpgramsn\u00e1l<\/h3>\n<p data-start=\"1843\" data-end=\"2231\">A Pvpgrams-n\u00e1l pr\u00e9mium min\u0151s\u00e9g\u0171 szolg\u00e1ltat\u00e1sokat ny\u00fajtunk. <strong data-start=\"1883\" data-end=\"1905\">Alpha-PVP elad\u00f3<\/strong>, gondosan laborat\u00f3riumi tesztekkel ellen\u0151rizve, hogy megfeleljenek a legmagasabb kutat\u00e1si szabv\u00e1nyoknak. Term\u00e9keinket szigor\u00faan ellen\u0151rzik a tisztas\u00e1g \u00e9s az \u00e1lland\u00f3s\u00e1g szempontj\u00e1b\u00f3l, \u00edgy biztos\u00edtva a k\u00eds\u00e9rletei pontos \u00e9s megb\u00edzhat\u00f3 eredm\u00e9nyeit. Emellett versenyk\u00e9pes \u00e1rakat is k\u00edn\u00e1lunk. <strong data-start=\"2118\" data-end=\"2137\">Alpha-PVP \u00e1r<\/strong> opci\u00f3k, \u00edgy k\u00f6lts\u00e9ghat\u00e9kony megold\u00e1s azoknak a kutat\u00f3knak, akik megb\u00edzhat\u00f3 stimul\u00e1ns vegy\u00fcletekre van sz\u00fcks\u00e9g\u00fck.<\/p>\n<h3 data-start=\"2233\" data-end=\"2280\">Az Alpha-PVP megv\u00e1s\u00e1rl\u00e1s\u00e1nak el\u0151nyei a Pvpgrams-t\u00f3l<\/h3>\n<ul data-start=\"2282\" data-end=\"2665\">\n<li data-start=\"2282\" data-end=\"2411\">\n<p data-start=\"2284\" data-end=\"2411\"><strong data-start=\"2284\" data-end=\"2305\">Laborat\u00f3riumban tesztelt tisztas\u00e1g<\/strong>: Minden t\u00e9tel <strong data-start=\"2322\" data-end=\"2344\">Alpha-PVP elad\u00f3<\/strong> alaposan tesztelt\u00e9k, hogy a kutat\u00e1sokhoz a legmagasabb min\u0151s\u00e9get biztos\u00edtsa.<\/p>\n<\/li>\n<li data-start=\"2412\" data-end=\"2524\">\n<p data-start=\"2414\" data-end=\"2524\"><strong data-start=\"2414\" data-end=\"2444\">Gyors \u00e9s diszkr\u00e9t sz\u00e1ll\u00edt\u00e1s<\/strong>: Amikor <strong data-start=\"2455\" data-end=\"2474\">Alpha-PVP megrendel\u00e9se<\/strong>, gyors, biztons\u00e1gos \u00e9s diszkr\u00e9t sz\u00e1ll\u00edt\u00e1st garant\u00e1lunk.<\/p>\n<\/li>\n<li data-start=\"2525\" data-end=\"2665\">\n<p data-start=\"2527\" data-end=\"2665\"><strong data-start=\"2527\" data-end=\"2549\">Ide\u00e1lis a kutat\u00e1shoz<\/strong>: Ide\u00e1lis neurotranszmitter rendszerekre, stimul\u00e1l\u00f3 hat\u00e1sokra, kognit\u00edv funkci\u00f3kra \u00e9s viselked\u00e9si eredm\u00e9nyekre f\u00f3kusz\u00e1l\u00f3 tanulm\u00e1nyokhoz.<\/p>\n<\/li>\n<\/ul>\n<h3 data-start=\"2667\" data-end=\"2704\">Jogi st\u00e1tusz \u00e9s biztons\u00e1gos sz\u00e1ll\u00edt\u00e1s<\/h3>\n<p data-start=\"2706\" data-end=\"2961\">V\u00e1s\u00e1rl\u00e1s el\u0151tt mindig ellen\u0151rizze az Alpha-PVP jogi st\u00e1tusz\u00e1t az \u00d6n r\u00e9gi\u00f3j\u00e1ban. A Pvpgrams \u00e9rt\u00e9kes\u00edti <strong data-start=\"2800\" data-end=\"2824\">Alpha-PVP online v\u00e1s\u00e1rl\u00e1s<\/strong> kiz\u00e1r\u00f3lag kutat\u00e1si c\u00e9lokra, a szab\u00e1lyoz\u00e1soknak megfelel\u0151en. Diszkr\u00e9t \u00e9s biztons\u00e1gos sz\u00e1ll\u00edt\u00e1st garant\u00e1lunk, hogy megrendel\u00e9se biztons\u00e1gosan meg\u00e9rkezzen.<\/p>\n<h3 data-start=\"2963\" data-end=\"3002\">Rendelje meg az Alpha-PVP-t a kutat\u00e1shoz ma<\/h3>\n<p data-start=\"3004\" data-end=\"3273\">K\u00e9szen \u00e1llsz a tanulm\u00e1nyok megkezd\u00e9s\u00e9re? <strong data-start=\"3033\" data-end=\"3059\">Alpha-PVP online rendel\u00e9se<\/strong> a Pvpgrams-t\u00f3l, \u00e9s szerezzen hozz\u00e1f\u00e9r\u00e9st nagy tisztas\u00e1g\u00fa, laborat\u00f3riumban tesztelt vegy\u00fcletekhez, gyors, diszkr\u00e9t sz\u00e1ll\u00edt\u00e1ssal. Ha \u00d6n keres <strong data-start=\"3182\" data-end=\"3208\">hol lehet megv\u00e1s\u00e1rolni az Alpha-PVP-t<\/strong> A megb\u00edzhat\u00f3 tudom\u00e1nyos felhaszn\u00e1l\u00e1shoz a Pvpgrams a megb\u00edzhat\u00f3 partnere.<\/p>\n<p data-start=\"3275\" data-end=\"3362\"><strong data-start=\"3275\" data-end=\"3360\">Pvpgrams - Az \u00d6n megb\u00edzhat\u00f3 sz\u00e1ll\u00edt\u00f3ja az Alpha-PVP \u00e9s a kiv\u00e1l\u00f3 min\u0151s\u00e9g\u0171 kutat\u00e1si vegyszerek sz\u00e1m\u00e1ra<\/strong><\/p>","protected":false},"excerpt":{"rendered":"<p><strong>Alfa-PVP (alfa-pirrolidinopentiophenon)<\/strong> egy szintetikus stimul\u00e1ns, amely a <strong>katinon oszt\u00e1ly<\/strong>, szerkezetileg hasonl\u00f3 a pirovaleronhoz. Ismert az er\u0151s hat\u00e1sair\u00f3l a <strong>k\u00f6zponti idegrendszer<\/strong>, Az alfa-PVP-t sz\u00e9les k\u00f6rben tanulm\u00e1nyozt\u00e1k <strong>idegtudom\u00e1ny<\/strong>, <strong>viselked\u00e9skutat\u00e1s<\/strong>, \u00e9s <strong>k\u00e9miai elemz\u00e9s<\/strong>. A Factorysonn\u00e1l, mi biztos\u00edtjuk <strong>nagy tisztas\u00e1g\u00fa Alpha-PVP<\/strong> a  oldalon. <strong>kutat\u00e1s \u00e9s ipari alkalmaz\u00e1sok<\/strong>, biztos\u00edtva a pr\u00e9mium min\u0151s\u00e9get \u00e9s a biztons\u00e1gos sz\u00e1ll\u00edt\u00e1st.<\/p>\n<h3><strong>Hogyan m\u0171k\u00f6dik az Alpha-PVP<\/strong><\/h3>\n<p>Az alfa-PVP \u00fagy hat, hogy g\u00e1tolja a <strong>dopamin<\/strong> \u00e9s <strong>noradrenalin<\/strong>, n\u00f6velve azok el\u00e9rhet\u0151s\u00e9g\u00e9t az agyban. Ez a k\u00f6vetkez\u0151kh\u00f6z vezet <strong>fokozott \u00e9bers\u00e9g<\/strong>, <strong>energia<\/strong>, \u00e9s <strong>euf\u00f3ria<\/strong>, \u00edgy \u00e9rt\u00e9kes a tanulm\u00e1nyoz\u00e1shoz <strong>neurotranszmitter k\u00f6lcs\u00f6nhat\u00e1sok<\/strong> valamint a stimul\u00e1nsok viselked\u00e9sre \u00e9s kogn\u00edci\u00f3ra gyakorolt hat\u00e1sai.<\/p>\n<ul>\n<li><strong>Kezdet<\/strong>: 10-30 perc.<\/li>\n<li><strong>Cs\u00facshat\u00e1sok<\/strong>: 1-2 \u00f3ra.<\/li>\n<li><strong>Id\u0151tartam<\/strong>: 3-5 \u00f3ra, az adagt\u00f3l \u00e9s a haszn\u00e1lati m\u00f3dt\u00f3l f\u00fcgg\u0151en.<\/li>\n<\/ul>\n<h3><strong>Term\u00e9k formula<\/strong><\/h3>\n<ul>\n<li><strong>K\u00e9miai n\u00e9v<\/strong>: Alfa-pirrolidinopentiophenon<\/li>\n<li><strong>Molekul\u00e1ris k\u00e9plet<\/strong>: C15H21NO<\/li>\n<li><strong>Mol\u00e1ris t\u00f6meg<\/strong>: 231,33 g\/mol<\/li>\n<\/ul>\n<p>&nbsp;<\/p>\n<p>&nbsp;<\/p>","protected":false},"featured_media":1108,"comment_status":"open","ping_status":"closed","template":"","meta":{"_kadence_starter_templates_imported_post":false,"_kad_post_transparent":"default","_kad_post_title":"","_kad_post_layout":"default","_kad_post_sidebar_id":"","_kad_post_content_style":"default","_kad_post_vertical_padding":"default","_kad_post_feature":"","_kad_post_feature_position":"","_kad_post_header":false,"_kad_post_footer":false,"_joinchat":[]},"product_brand":[],"product_cat":[41],"product_tag":[],"class_list":{"0":"post-1104","1":"product","2":"type-product","3":"status-publish","4":"has-post-thumbnail","6":"product_cat-buy-alpha-php","8":"first","9":"instock","10":"shipping-taxable","11":"purchasable","12":"product-type-variable","13":"entry","14":"content-bg","15":"loop-entry"},"yoast_head":"<!-- This site is optimized with the Yoast SEO plugin v26.5 - https:\/\/yoast.com\/wordpress\/plugins\/seo\/ -->\n<title>Buy Alpha-PVP (Alpha-Pyrrolidinopentiophenon) Online<\/title>\n<meta name=\"description\" content=\"Where to buy Alpha-PVP (Alpha-Pyrrolidinopentiophenon) online at the best price? Find high-quality Alpha-PVP for sale at our secure online store, catering to your research requirements. Order Now!\" \/>\n<meta name=\"robots\" content=\"index, follow, max-snippet:-1, max-image-preview:large, max-video-preview:-1\" \/>\n<link rel=\"canonical\" href=\"https:\/\/pvpgrams.com\/hu\/product\/alfa-pvp-alfa-pirrolidinopentiophenon\/\" \/>\n<meta property=\"og:locale\" content=\"hu_HU\" \/>\n<meta property=\"og:type\" content=\"article\" \/>\n<meta property=\"og:title\" content=\"Buy Alpha-PVP (Alpha-Pyrrolidinopentiophenon) Online\" \/>\n<meta property=\"og:description\" content=\"Where to buy Alpha-PVP (Alpha-Pyrrolidinopentiophenon) online at the best price? Find high-quality Alpha-PVP for sale at our secure online store, catering to your research requirements. Order Now!\" \/>\n<meta property=\"og:url\" content=\"https:\/\/pvpgrams.com\/hu\/product\/alfa-pvp-alfa-pirrolidinopentiophenon\/\" \/>\n<meta property=\"og:site_name\" content=\"PVP Grams\" \/>\n<meta property=\"article:modified_time\" content=\"2025-10-30T10:35:19+00:00\" \/>\n<meta property=\"og:image\" content=\"https:\/\/pvpgrams.com\/wp-content\/uploads\/2024\/10\/Flakka-Alpha-PVP.png\" \/>\n\t<meta property=\"og:image:width\" content=\"450\" \/>\n\t<meta property=\"og:image:height\" content=\"350\" \/>\n\t<meta property=\"og:image:type\" content=\"image\/png\" \/>\n<meta name=\"twitter:card\" content=\"summary_large_image\" \/>\n<meta name=\"twitter:label1\" content=\"Becs\u00fclt olvas\u00e1si id\u0151\" \/>\n\t<meta name=\"twitter:data1\" content=\"2 perc\" \/>\n<script type=\"application\/ld+json\" class=\"yoast-schema-graph\">{\"@context\":\"https:\/\/schema.org\",\"@graph\":[{\"@type\":[\"WebPage\",\"ItemPage\"],\"@id\":\"https:\/\/pvpgrams.com\/product\/alpha-pvp-alpha-pyrrolidinopentiophenon\/\",\"url\":\"https:\/\/pvpgrams.com\/product\/alpha-pvp-alpha-pyrrolidinopentiophenon\/\",\"name\":\"Buy Alpha-PVP (Alpha-Pyrrolidinopentiophenon) Online\",\"isPartOf\":{\"@id\":\"https:\/\/pvpgrams.com\/#website\"},\"primaryImageOfPage\":{\"@id\":\"https:\/\/pvpgrams.com\/product\/alpha-pvp-alpha-pyrrolidinopentiophenon\/#primaryimage\"},\"image\":{\"@id\":\"https:\/\/pvpgrams.com\/product\/alpha-pvp-alpha-pyrrolidinopentiophenon\/#primaryimage\"},\"thumbnailUrl\":\"https:\/\/pvpgrams.com\/wp-content\/uploads\/2024\/10\/Flakka-Alpha-PVP.png\",\"datePublished\":\"2024-10-24T21:34:49+00:00\",\"dateModified\":\"2025-10-30T10:35:19+00:00\",\"description\":\"Where to buy Alpha-PVP (Alpha-Pyrrolidinopentiophenon) online at the best price? Find high-quality Alpha-PVP for sale at our secure online store, catering to your research requirements. Order Now!\",\"breadcrumb\":{\"@id\":\"https:\/\/pvpgrams.com\/product\/alpha-pvp-alpha-pyrrolidinopentiophenon\/#breadcrumb\"},\"inLanguage\":\"hu\",\"potentialAction\":[{\"@type\":\"ReadAction\",\"target\":[\"https:\/\/pvpgrams.com\/product\/alpha-pvp-alpha-pyrrolidinopentiophenon\/\"]}]},{\"@type\":\"ImageObject\",\"inLanguage\":\"hu\",\"@id\":\"https:\/\/pvpgrams.com\/product\/alpha-pvp-alpha-pyrrolidinopentiophenon\/#primaryimage\",\"url\":\"https:\/\/pvpgrams.com\/wp-content\/uploads\/2024\/10\/Flakka-Alpha-PVP.png\",\"contentUrl\":\"https:\/\/pvpgrams.com\/wp-content\/uploads\/2024\/10\/Flakka-Alpha-PVP.png\",\"width\":450,\"height\":350,\"caption\":\"Buy Alpha-PVP (Alpha-Pyrrolidinopentiophenon) Online\"},{\"@type\":\"BreadcrumbList\",\"@id\":\"https:\/\/pvpgrams.com\/product\/alpha-pvp-alpha-pyrrolidinopentiophenon\/#breadcrumb\",\"itemListElement\":[{\"@type\":\"ListItem\",\"position\":1,\"name\":\"Home\",\"item\":\"https:\/\/pvpgrams.com\/\"},{\"@type\":\"ListItem\",\"position\":2,\"name\":\"Shop\",\"item\":\"https:\/\/pvpgrams.com\/shop\/\"},{\"@type\":\"ListItem\",\"position\":3,\"name\":\"Buy Alpha-PVP (Alpha-Pyrrolidinopentiophenon) Online\"}]},{\"@type\":\"WebSite\",\"@id\":\"https:\/\/pvpgrams.com\/#website\",\"url\":\"https:\/\/pvpgrams.com\/\",\"name\":\"PVP Grams\",\"description\":\"\",\"publisher\":{\"@id\":\"https:\/\/pvpgrams.com\/#organization\"},\"potentialAction\":[{\"@type\":\"SearchAction\",\"target\":{\"@type\":\"EntryPoint\",\"urlTemplate\":\"https:\/\/pvpgrams.com\/?s={search_term_string}\"},\"query-input\":{\"@type\":\"PropertyValueSpecification\",\"valueRequired\":true,\"valueName\":\"search_term_string\"}}],\"inLanguage\":\"hu\"},{\"@type\":\"Organization\",\"@id\":\"https:\/\/pvpgrams.com\/#organization\",\"name\":\"PVP Grams\",\"url\":\"https:\/\/pvpgrams.com\/\",\"logo\":{\"@type\":\"ImageObject\",\"inLanguage\":\"hu\",\"@id\":\"https:\/\/pvpgrams.com\/#\/schema\/logo\/image\/\",\"url\":\"https:\/\/pvpgrams.com\/wp-content\/uploads\/2024\/10\/logo.png\",\"contentUrl\":\"https:\/\/pvpgrams.com\/wp-content\/uploads\/2024\/10\/logo.png\",\"width\":181,\"height\":41,\"caption\":\"PVP Grams\"},\"image\":{\"@id\":\"https:\/\/pvpgrams.com\/#\/schema\/logo\/image\/\"}}]}<\/script>\n<!-- \/ Yoast SEO plugin. -->","yoast_head_json":{"title":"V\u00e1s\u00e1rl\u00e1s Alpha-PVP (Alpha-Pyrrolidinopentiophenon) online","description":"Hol lehet megv\u00e1s\u00e1rolni az Alpha-PVP-t (Alpha-Pyrrolidinopentiophenon) online a legjobb \u00e1ron? Tal\u00e1ljon kiv\u00e1l\u00f3 min\u0151s\u00e9g\u0171 Alpha-PVP elad\u00f3 biztons\u00e1gos online \u00e1ruh\u00e1zunkban, amely kiel\u00e9g\u00edti az \u00d6n kutat\u00e1si ig\u00e9nyeit. Rendeljen most!","robots":{"index":"index","follow":"follow","max-snippet":"max-snippet:-1","max-image-preview":"max-image-preview:large","max-video-preview":"max-video-preview:-1"},"canonical":"https:\/\/pvpgrams.com\/hu\/product\/alfa-pvp-alfa-pirrolidinopentiophenon\/","og_locale":"hu_HU","og_type":"article","og_title":"Buy Alpha-PVP (Alpha-Pyrrolidinopentiophenon) Online","og_description":"Where to buy Alpha-PVP (Alpha-Pyrrolidinopentiophenon) online at the best price? Find high-quality Alpha-PVP for sale at our secure online store, catering to your research requirements. Order Now!","og_url":"https:\/\/pvpgrams.com\/hu\/product\/alfa-pvp-alfa-pirrolidinopentiophenon\/","og_site_name":"PVP Grams","article_modified_time":"2025-10-30T10:35:19+00:00","og_image":[{"width":450,"height":350,"url":"https:\/\/pvpgrams.com\/wp-content\/uploads\/2024\/10\/Flakka-Alpha-PVP.png","type":"image\/png"}],"twitter_card":"summary_large_image","twitter_misc":{"Becs\u00fclt olvas\u00e1si id\u0151":"2 perc"},"schema":{"@context":"https:\/\/schema.org","@graph":[{"@type":["WebPage","ItemPage"],"@id":"https:\/\/pvpgrams.com\/product\/alpha-pvp-alpha-pyrrolidinopentiophenon\/","url":"https:\/\/pvpgrams.com\/product\/alpha-pvp-alpha-pyrrolidinopentiophenon\/","name":"V\u00e1s\u00e1rl\u00e1s Alpha-PVP (Alpha-Pyrrolidinopentiophenon) online","isPartOf":{"@id":"https:\/\/pvpgrams.com\/#website"},"primaryImageOfPage":{"@id":"https:\/\/pvpgrams.com\/product\/alpha-pvp-alpha-pyrrolidinopentiophenon\/#primaryimage"},"image":{"@id":"https:\/\/pvpgrams.com\/product\/alpha-pvp-alpha-pyrrolidinopentiophenon\/#primaryimage"},"thumbnailUrl":"https:\/\/pvpgrams.com\/wp-content\/uploads\/2024\/10\/Flakka-Alpha-PVP.png","datePublished":"2024-10-24T21:34:49+00:00","dateModified":"2025-10-30T10:35:19+00:00","description":"Hol lehet megv\u00e1s\u00e1rolni az Alpha-PVP-t (Alpha-Pyrrolidinopentiophenon) online a legjobb \u00e1ron? Tal\u00e1ljon kiv\u00e1l\u00f3 min\u0151s\u00e9g\u0171 Alpha-PVP elad\u00f3 biztons\u00e1gos online \u00e1ruh\u00e1zunkban, amely kiel\u00e9g\u00edti az \u00d6n kutat\u00e1si ig\u00e9nyeit. Rendeljen most!","breadcrumb":{"@id":"https:\/\/pvpgrams.com\/product\/alpha-pvp-alpha-pyrrolidinopentiophenon\/#breadcrumb"},"inLanguage":"hu","potentialAction":[{"@type":"ReadAction","target":["https:\/\/pvpgrams.com\/product\/alpha-pvp-alpha-pyrrolidinopentiophenon\/"]}]},{"@type":"ImageObject","inLanguage":"hu","@id":"https:\/\/pvpgrams.com\/product\/alpha-pvp-alpha-pyrrolidinopentiophenon\/#primaryimage","url":"https:\/\/pvpgrams.com\/wp-content\/uploads\/2024\/10\/Flakka-Alpha-PVP.png","contentUrl":"https:\/\/pvpgrams.com\/wp-content\/uploads\/2024\/10\/Flakka-Alpha-PVP.png","width":450,"height":350,"caption":"Buy Alpha-PVP (Alpha-Pyrrolidinopentiophenon) Online"},{"@type":"BreadcrumbList","@id":"https:\/\/pvpgrams.com\/product\/alpha-pvp-alpha-pyrrolidinopentiophenon\/#breadcrumb","itemListElement":[{"@type":"ListItem","position":1,"name":"Home","item":"https:\/\/pvpgrams.com\/"},{"@type":"ListItem","position":2,"name":"Shop","item":"https:\/\/pvpgrams.com\/shop\/"},{"@type":"ListItem","position":3,"name":"Buy Alpha-PVP (Alpha-Pyrrolidinopentiophenon) Online"}]},{"@type":"WebSite","@id":"https:\/\/pvpgrams.com\/#website","url":"https:\/\/pvpgrams.com\/","name":"PVP grammok","description":"","publisher":{"@id":"https:\/\/pvpgrams.com\/#organization"},"potentialAction":[{"@type":"SearchAction","target":{"@type":"EntryPoint","urlTemplate":"https:\/\/pvpgrams.com\/?s={search_term_string}"},"query-input":{"@type":"PropertyValueSpecification","valueRequired":true,"valueName":"search_term_string"}}],"inLanguage":"hu"},{"@type":"Organization","@id":"https:\/\/pvpgrams.com\/#organization","name":"PVP grammok","url":"https:\/\/pvpgrams.com\/","logo":{"@type":"ImageObject","inLanguage":"hu","@id":"https:\/\/pvpgrams.com\/#\/schema\/logo\/image\/","url":"https:\/\/pvpgrams.com\/wp-content\/uploads\/2024\/10\/logo.png","contentUrl":"https:\/\/pvpgrams.com\/wp-content\/uploads\/2024\/10\/logo.png","width":181,"height":41,"caption":"PVP Grams"},"image":{"@id":"https:\/\/pvpgrams.com\/#\/schema\/logo\/image\/"}}]}},"_links":{"self":[{"href":"https:\/\/pvpgrams.com\/hu\/wp-json\/wp\/v2\/product\/1104","targetHints":{"allow":["GET"]}}],"collection":[{"href":"https:\/\/pvpgrams.com\/hu\/wp-json\/wp\/v2\/product"}],"about":[{"href":"https:\/\/pvpgrams.com\/hu\/wp-json\/wp\/v2\/types\/product"}],"replies":[{"embeddable":true,"href":"https:\/\/pvpgrams.com\/hu\/wp-json\/wp\/v2\/comments?post=1104"}],"wp:featuredmedia":[{"embeddable":true,"href":"https:\/\/pvpgrams.com\/hu\/wp-json\/wp\/v2\/media\/1108"}],"wp:attachment":[{"href":"https:\/\/pvpgrams.com\/hu\/wp-json\/wp\/v2\/media?parent=1104"}],"wp:term":[{"taxonomy":"product_brand","embeddable":true,"href":"https:\/\/pvpgrams.com\/hu\/wp-json\/wp\/v2\/product_brand?post=1104"},{"taxonomy":"product_cat","embeddable":true,"href":"https:\/\/pvpgrams.com\/hu\/wp-json\/wp\/v2\/product_cat?post=1104"},{"taxonomy":"product_tag","embeddable":true,"href":"https:\/\/pvpgrams.com\/hu\/wp-json\/wp\/v2\/product_tag?post=1104"}],"curies":[{"name":"wp","href":"https:\/\/api.w.org\/{rel}","templated":true}]}}