{"id":1113,"date":"2024-10-24T23:46:49","date_gmt":"2024-10-24T23:46:49","guid":{"rendered":"https:\/\/pvpgrams.com\/?post_type=product&#038;p=1113"},"modified":"2025-08-21T11:56:57","modified_gmt":"2025-08-21T11:56:57","slug":"mdpv-methylenedioxypyrovalerone","status":"publish","type":"product","link":"https:\/\/pvpgrams.com\/hu\/product\/mdpv-methylenedioxypyrovalerone\/","title":{"rendered":"V\u00e1s\u00e1rl\u00e1s MDPV (Methylenedioxypyrovalerone) Online"},"content":{"rendered":"<h2 data-start=\"121\" data-end=\"174\"><strong data-start=\"121\" data-end=\"172\">V\u00e1s\u00e1roljon MDPV-et online egy megb\u00edzhat\u00f3 kutat\u00f3forr\u00e1sb\u00f3l<\/strong><\/h2>\n<p data-start=\"176\" data-end=\"282\"><strong data-start=\"176\" data-end=\"280\">MDPV (metil\u00e9ndioxipirovaleron) Online v\u00e1s\u00e1rl\u00e1s \u2013 Laborat\u00f3riumban tesztelt, nagy tisztas\u00e1g\u00fa MDPV kutat\u00e1si c\u00e9lokra a Pvpgrams-n\u00e1l<\/strong><\/p>\n<p data-start=\"284\" data-end=\"817\">Keresem a <a href=\"https:\/\/pvpgrams.com\/hu\/product\/mdpv-methylenedioxypyrovalerone\/\">MDPV online v\u00e1s\u00e1rl\u00e1s<\/a>? Pvpgrams oferuje wysokiej czysto\u015bci, testowany laboratoryjnie 4-MEC (4-metylometkatynon) do cel\u00f3w badawczych. 4-MEC to syntetyczny stymulant nale\u017c\u0105cy do rodziny katynon\u00f3w, strukturalnie podobny do mefedronu. Jest szeroko stosowany w badaniach naukowych w celu zbadania jego wp\u0142ywu na uk\u0142ady neuroprzeka\u017anikowe, takie jak dopamina i serotonina. W Pvpgrams dbamy o to, aby nasz 4-MEC dost\u0119pny online spe\u0142nia\u0142 najwy\u017csze standardy czysto\u015bci i jako\u015bci, dzi\u0119ki czemu idealnie nadaje si\u0119 do zaawansowanych projekt\u00f3w badawczych.<\/p>\n<h3 data-start=\"819\" data-end=\"838\">Mi az az MDPV?<\/h3>\n<p data-start=\"840\" data-end=\"1372\"><a href=\"https:\/\/en.wikipedia.org\/wiki\/Methylenedioxypyrovalerone\">MDPV (metil\u00e9ndioxipyrovaleron)<\/a> Egy er\u0151s stimul\u00e1ns, amely a katinon csal\u00e1dba tartozik, hasonl\u00f3an az alfa-PVP-hez. Dopamin-norepinefrin \u00fajrafelv\u00e9tel-g\u00e1tl\u00f3k\u00e9nt (DNRI) m\u0171k\u00f6dik, n\u00f6velve ezen neurotranszmitterek szintj\u00e9t az agyban. A kutat\u00f3k az MDPV-t rendelt\u00e9k el, hogy tanulm\u00e1nyozz\u00e1k a kogn\u00edci\u00f3ra, a viselked\u00e9sre \u00e9s a hangulatszab\u00e1lyoz\u00e1sra gyakorolt \u200b\u200bhat\u00e1s\u00e1t, k\u00fcl\u00f6n\u00f6s tekintettel a dopamin \u00e9s a norepinefrin felszabadul\u00e1s\u00e1ra. Ez \u00e9rt\u00e9kess\u00e9 teszi az MDPV online v\u00e1s\u00e1rl\u00e1s\u00e1t a stimul\u00e1ns hat\u00e1sok, a figyelem fokoz\u00e1sa \u00e9s a viselked\u00e9si v\u00e1laszok kutat\u00e1s\u00e1ban.<\/p>\n<h3 data-start=\"1374\" data-end=\"1409\">Mi\u00e9rt v\u00e1lassza az MDPV-t a kutat\u00e1shoz?<\/h3>\n<p data-start=\"1411\" data-end=\"1938\">Az MDPV-t a tudom\u00e1nyos k\u00f6z\u00f6ss\u00e9g nagyra becs\u00fcli a dopamin \u00e9s a noradrenalin rendszerekre gyakorolt \u200b\u200ber\u0151s hat\u00e1sa miatt. Ezek a neurotranszmitterek elengedhetetlenek a motiv\u00e1ci\u00f3hoz, a hangulatszab\u00e1lyoz\u00e1shoz \u00e9s a viselked\u00e9shez. Az elad\u00f3 MDPV-vel v\u00e9gzett kutat\u00e1sok betekint\u00e9st ny\u00fajtanak abba, hogy a stimul\u00e1nsok hogyan v\u00e1ltoztatj\u00e1k meg az agym\u0171k\u00f6d\u00e9st, bele\u00e9rtve az olyan hat\u00e1sokat, mint az \u00e9bers\u00e9g, az euf\u00f3ria \u00e9s a hiperaktivit\u00e1s. M\u00e1s katinon alap\u00fa stimul\u00e1nsokkal \u00f6sszehasonl\u00edtva is vizsg\u00e1lt\u00e1k, \u00edgy a Pvpgrams a legjobb hely az MDPV online v\u00e1s\u00e1rl\u00e1s\u00e1ra megb\u00edzhat\u00f3, kutat\u00e1si min\u0151s\u00e9g\u0171 vegy\u00fcletek ut\u00e1n.<\/p>\n<h3 data-start=\"1940\" data-end=\"1971\">MDPV elad\u00f3 a Pvpgramsn\u00e1l<\/h3>\n<p data-start=\"1973\" data-end=\"2304\">A Pvpgramsn\u00e1l pr\u00e9mium min\u0151s\u00e9g\u0171, laborat\u00f3riumban tesztelt MDPV-t k\u00edn\u00e1lunk \u00e9rt\u00e9kes\u00edt\u00e9sre a tisztas\u00e1g, a konzisztencia \u00e9s a megb\u00edzhat\u00f3s\u00e1g biztos\u00edt\u00e1sa \u00e9rdek\u00e9ben. Ak\u00e1r a viselked\u00e9si v\u00e1laszokra, ak\u00e1r a stimul\u00e1nsok \u00e1ltal kiv\u00e1ltott hat\u00e1sokra, ak\u00e1r a neurotranszmitterek modul\u00e1ci\u00f3j\u00e1ra \u00f6sszpontos\u00edt a kutat\u00e1sa, MDPV \u00e1runk a magas min\u0151s\u00e9get \u00e9s az \u00e9rt\u00e9ket egyar\u00e1nt t\u00fckr\u00f6zi a professzion\u00e1lis kutat\u00f3k sz\u00e1m\u00e1ra vil\u00e1gszerte.<\/p>\n<h3 data-start=\"2306\" data-end=\"2349\">Az MDPV megv\u00e1s\u00e1rl\u00e1s\u00e1nak el\u0151nyei a Pvpgrams-t\u00f3l<\/h3>\n<ul data-start=\"2351\" data-end=\"2720\">\n<li data-start=\"2351\" data-end=\"2472\">\n<p data-start=\"2353\" data-end=\"2472\">In het laboratorium geteste zuiverheid: elke batch MDPV die u online koopt, wordt getest om te voldoen aan strenge normen voor wetenschappelijke nauwkeurigheid.<\/p>\n<\/li>\n<li data-start=\"2473\" data-end=\"2576\">\n<p data-start=\"2475\" data-end=\"2576\">Gyors \u00e9s diszkr\u00e9t sz\u00e1ll\u00edt\u00e1s: MDPV rendel\u00e9se eset\u00e9n biztons\u00e1gos \u00e9s bizalmas sz\u00e1ll\u00edt\u00e1st biztos\u00edtunk.<\/p>\n<\/li>\n<li data-start=\"2577\" data-end=\"2720\">\n<p data-start=\"2579\" data-end=\"2720\">Kutat\u00e1si min\u0151s\u00e9g\u0171: V\u00e1s\u00e1roljon MDPV-t online laborat\u00f3riumi vizsg\u00e1latokhoz, amelyek a dopamin\/norepinefrin modul\u00e1ci\u00f3j\u00e1ra \u00e9s stimul\u00e1ns hat\u00e1saira \u00f6sszpontos\u00edtanak.<\/p>\n<\/li>\n<\/ul>\n<h3 data-start=\"2722\" data-end=\"2760\">Jogi st\u00e1tusz \u00e9s biztons\u00e1gos sz\u00e1ll\u00edt\u00e1s<\/h3>\n<p data-start=\"2762\" data-end=\"3025\">Miel\u0151tt megrendeln\u00e9 a MDPV-et, ellen\u0151rizze a r\u00e9gi\u00f3j\u00e1ban \u00e9rv\u00e9nyes jogi st\u00e1tuszt. A Pvpgrams kiz\u00e1r\u00f3lag enged\u00e9lyezett kutat\u00e1si c\u00e9lokra sz\u00e1ll\u00edt MDPV-et, minden szab\u00e1lyoz\u00e1snak megfelel\u0151en. Minden megrendel\u00e9st biztons\u00e1gosan \u00e9s diszkr\u00e9ten sz\u00e1ll\u00edtunk, \u00edgy vil\u00e1gszerte megb\u00edzhat\u00f3 besz\u00e1ll\u00edt\u00f3v\u00e1 v\u00e1lunk a kutat\u00f3k sz\u00e1m\u00e1ra.<\/p>\n<h3 data-start=\"3027\" data-end=\"3062\">Rendelje meg az MDPV-t a kutat\u00e1shoz ma<\/h3>\n<p data-start=\"3064\" data-end=\"3364\">A legjobb helyet keresi az MDPV online v\u00e1s\u00e1rl\u00e1s\u00e1hoz? A Pvpgrams nagy tisztas\u00e1g\u00fa, laborat\u00f3riumban tesztelt MDPV-t k\u00edn\u00e1l diszkr\u00e9t \u00e9s gyors sz\u00e1ll\u00edt\u00e1ssal. A kutat\u00f3k vil\u00e1gszerte megb\u00edznak az MDPV online v\u00e1s\u00e1rl\u00e1si szolg\u00e1ltat\u00e1sunkban az \u00e1lland\u00f3 min\u0151s\u00e9g \u00e9s a biztons\u00e1gos sz\u00e1ll\u00edt\u00e1s \u00e9rdek\u00e9ben. Adja le rendel\u00e9s\u00e9t m\u00e9g ma, \u00e9s kezdje meg magabiztosan a kutat\u00e1s\u00e1t.<\/p>\n<p data-start=\"3366\" data-end=\"3448\">Pvpgrams - Az MDPV \u00e9s a kiv\u00e1l\u00f3 min\u0151s\u00e9g\u0171 kutat\u00e1si vegyi anyagok megb\u00edzhat\u00f3 besz\u00e1ll\u00edt\u00f3ja<\/p>\n<h2><\/h2>","protected":false},"excerpt":{"rendered":"<p><strong>Butilon (\u03b2-keto-butilamfetamin)<\/strong>, m\u00e1s n\u00e9ven <strong>bk-MBDB<\/strong>, egy szintetikus katinon \u00e9s entaktog\u00e9n, amely szerkezetileg az MDMA \u00e9s az MDEA rokona. Enyhe stimul\u00e1ns \u00e9s empatog\u00e9n tulajdons\u00e1gair\u00f3l ismert, <strong>Butilon<\/strong> sz\u00e9les k\u00f6rben haszn\u00e1lj\u00e1k a <strong>idegtudom\u00e1ny<\/strong>, <strong>viselked\u00e9skutat\u00e1s<\/strong>, \u00e9s <strong>k\u00e9miai elemz\u00e9s<\/strong>. A Factoryson, mi sz\u00e1ll\u00edtjuk <strong>nagy tisztas\u00e1g\u00fa butilon<\/strong> a  oldalon. <strong>kutat\u00e1s \u00e9s ipari alkalmaz\u00e1sok<\/strong>, biztos\u00edtva a pr\u00e9mium min\u0151s\u00e9get \u00e9s a biztons\u00e1gos sz\u00e1ll\u00edt\u00e1st.<\/p>\n<h3><strong>Hogyan m\u0171k\u00f6dik a butilon<\/strong><\/h3>\n<p>A butilon a neurotranszmitterek felszabadul\u00e1s\u00e1nak fokoz\u00e1s\u00e1val \u00e9s visszav\u00e9tel\u00e9nek g\u00e1tl\u00e1s\u00e1val fejti ki hat\u00e1s\u00e1t, mint pl. <strong>dopamin<\/strong>, <strong>szerotonin<\/strong>, \u00e9s <strong>noradrenalin<\/strong>. Ez fokozott energi\u00e1hoz, emelkedett hangulathoz \u00e9s fokozott szociabilit\u00e1shoz vezet. Hat\u00e1sai a <strong>k\u00f6zponti idegrendszer<\/strong> \u00e9rt\u00e9kes vegy\u00fclett\u00e9 teszi a neurotranszmitter k\u00f6lcs\u00f6nhat\u00e1sok \u00e9s empatog\u00e9n hat\u00e1sok tanulm\u00e1nyoz\u00e1s\u00e1ra.<\/p>\n<ul>\n<li><strong>Kezdet<\/strong>: 20-40 perc.<\/li>\n<li><strong>Cs\u00facshat\u00e1sok<\/strong>: 1-2 \u00f3ra.<\/li>\n<li><strong>Id\u0151tartam<\/strong>: 4-6 \u00f3ra, az adagol\u00e1st\u00f3l \u00e9s a haszn\u00e1lati m\u00f3dt\u00f3l f\u00fcgg\u0151en.<\/li>\n<\/ul>\n<h3><strong>Term\u00e9k formula<\/strong><\/h3>\n<ul>\n<li><strong>K\u00e9miai n\u00e9v<\/strong>: \u03b2-Keto-Butil-amfetamin<\/li>\n<li><strong>Molekul\u00e1ris k\u00e9plet<\/strong>: C12H17NO3<\/li>\n<li><strong>Mol\u00e1ris t\u00f6meg<\/strong>: 223,27 g\/mol<\/li>\n<\/ul>","protected":false},"featured_media":1454,"comment_status":"open","ping_status":"closed","template":"","meta":{"_kadence_starter_templates_imported_post":false,"_kad_post_transparent":"default","_kad_post_title":"","_kad_post_layout":"default","_kad_post_sidebar_id":"","_kad_post_content_style":"default","_kad_post_vertical_padding":"default","_kad_post_feature":"","_kad_post_feature_position":"","_kad_post_header":false,"_kad_post_footer":false,"_joinchat":[]},"product_brand":[],"product_cat":[41],"product_tag":[],"class_list":{"0":"post-1113","1":"product","2":"type-product","3":"status-publish","4":"has-post-thumbnail","6":"product_cat-buy-alpha-php","8":"first","9":"instock","10":"shipping-taxable","11":"purchasable","12":"product-type-variable","13":"entry","14":"content-bg","15":"loop-entry"},"yoast_head":"<!-- This site is optimized with the Yoast SEO plugin v26.5 - https:\/\/yoast.com\/wordpress\/plugins\/seo\/ -->\n<title>Buy MDPV (Methylenedioxypyrovalerone) Online - MDPV for Sale<\/title>\n<meta name=\"description\" content=\"Do not miss any opportunity to buy mdpv (methylenedioxypyrovalerone) online from our store. We are exclusively dealing with mdpv for sale at cheap rates. We are here to help you. Order now!\" \/>\n<meta name=\"robots\" content=\"index, follow, max-snippet:-1, max-image-preview:large, max-video-preview:-1\" \/>\n<link rel=\"canonical\" href=\"https:\/\/pvpgrams.com\/hu\/product\/mdpv-methylenedioxypyrovalerone\/\" \/>\n<meta property=\"og:locale\" content=\"hu_HU\" \/>\n<meta property=\"og:type\" content=\"article\" \/>\n<meta property=\"og:title\" content=\"Buy MDPV (Methylenedioxypyrovalerone) Online - MDPV for Sale\" \/>\n<meta property=\"og:description\" content=\"Do not miss any opportunity to buy mdpv (methylenedioxypyrovalerone) online from our store. We are exclusively dealing with mdpv for sale at cheap rates. We are here to help you. Order now!\" \/>\n<meta property=\"og:url\" content=\"https:\/\/pvpgrams.com\/hu\/product\/mdpv-methylenedioxypyrovalerone\/\" \/>\n<meta property=\"og:site_name\" content=\"PVP Grams\" \/>\n<meta property=\"article:modified_time\" content=\"2025-08-21T11:56:57+00:00\" \/>\n<meta property=\"og:image\" content=\"https:\/\/pvpgrams.com\/wp-content\/uploads\/2024\/10\/Buy-MDPV-Methylenedioxypyrovalerone-Online.jpg\" \/>\n\t<meta property=\"og:image:width\" content=\"600\" \/>\n\t<meta property=\"og:image:height\" content=\"600\" \/>\n\t<meta property=\"og:image:type\" content=\"image\/jpeg\" \/>\n<meta name=\"twitter:card\" content=\"summary_large_image\" \/>\n<meta name=\"twitter:label1\" content=\"Becs\u00fclt olvas\u00e1si id\u0151\" \/>\n\t<meta name=\"twitter:data1\" content=\"3 perc\" \/>\n<script type=\"application\/ld+json\" class=\"yoast-schema-graph\">{\"@context\":\"https:\/\/schema.org\",\"@graph\":[{\"@type\":[\"WebPage\",\"ItemPage\"],\"@id\":\"https:\/\/pvpgrams.com\/product\/mdpv-methylenedioxypyrovalerone\/\",\"url\":\"https:\/\/pvpgrams.com\/product\/mdpv-methylenedioxypyrovalerone\/\",\"name\":\"Buy MDPV (Methylenedioxypyrovalerone) Online - MDPV for Sale\",\"isPartOf\":{\"@id\":\"https:\/\/pvpgrams.com\/#website\"},\"primaryImageOfPage\":{\"@id\":\"https:\/\/pvpgrams.com\/product\/mdpv-methylenedioxypyrovalerone\/#primaryimage\"},\"image\":{\"@id\":\"https:\/\/pvpgrams.com\/product\/mdpv-methylenedioxypyrovalerone\/#primaryimage\"},\"thumbnailUrl\":\"https:\/\/pvpgrams.com\/wp-content\/uploads\/2024\/10\/Buy-MDPV-Methylenedioxypyrovalerone-Online.jpg\",\"datePublished\":\"2024-10-24T23:46:49+00:00\",\"dateModified\":\"2025-08-21T11:56:57+00:00\",\"description\":\"Do not miss any opportunity to buy mdpv (methylenedioxypyrovalerone) online from our store. We are exclusively dealing with mdpv for sale at cheap rates. We are here to help you. Order now!\",\"breadcrumb\":{\"@id\":\"https:\/\/pvpgrams.com\/product\/mdpv-methylenedioxypyrovalerone\/#breadcrumb\"},\"inLanguage\":\"hu\",\"potentialAction\":[{\"@type\":\"ReadAction\",\"target\":[\"https:\/\/pvpgrams.com\/product\/mdpv-methylenedioxypyrovalerone\/\"]}]},{\"@type\":\"ImageObject\",\"inLanguage\":\"hu\",\"@id\":\"https:\/\/pvpgrams.com\/product\/mdpv-methylenedioxypyrovalerone\/#primaryimage\",\"url\":\"https:\/\/pvpgrams.com\/wp-content\/uploads\/2024\/10\/Buy-MDPV-Methylenedioxypyrovalerone-Online.jpg\",\"contentUrl\":\"https:\/\/pvpgrams.com\/wp-content\/uploads\/2024\/10\/Buy-MDPV-Methylenedioxypyrovalerone-Online.jpg\",\"width\":600,\"height\":600,\"caption\":\"Buy-MDPV-(Methylenedioxypyrovalerone)-Online\"},{\"@type\":\"BreadcrumbList\",\"@id\":\"https:\/\/pvpgrams.com\/product\/mdpv-methylenedioxypyrovalerone\/#breadcrumb\",\"itemListElement\":[{\"@type\":\"ListItem\",\"position\":1,\"name\":\"Home\",\"item\":\"https:\/\/pvpgrams.com\/\"},{\"@type\":\"ListItem\",\"position\":2,\"name\":\"Shop\",\"item\":\"https:\/\/pvpgrams.com\/shop\/\"},{\"@type\":\"ListItem\",\"position\":3,\"name\":\"Buy MDPV (Methylenedioxypyrovalerone) Online\"}]},{\"@type\":\"WebSite\",\"@id\":\"https:\/\/pvpgrams.com\/#website\",\"url\":\"https:\/\/pvpgrams.com\/\",\"name\":\"PVP Grams\",\"description\":\"\",\"publisher\":{\"@id\":\"https:\/\/pvpgrams.com\/#organization\"},\"potentialAction\":[{\"@type\":\"SearchAction\",\"target\":{\"@type\":\"EntryPoint\",\"urlTemplate\":\"https:\/\/pvpgrams.com\/?s={search_term_string}\"},\"query-input\":{\"@type\":\"PropertyValueSpecification\",\"valueRequired\":true,\"valueName\":\"search_term_string\"}}],\"inLanguage\":\"hu\"},{\"@type\":\"Organization\",\"@id\":\"https:\/\/pvpgrams.com\/#organization\",\"name\":\"PVP Grams\",\"url\":\"https:\/\/pvpgrams.com\/\",\"logo\":{\"@type\":\"ImageObject\",\"inLanguage\":\"hu\",\"@id\":\"https:\/\/pvpgrams.com\/#\/schema\/logo\/image\/\",\"url\":\"https:\/\/pvpgrams.com\/wp-content\/uploads\/2024\/10\/logo.png\",\"contentUrl\":\"https:\/\/pvpgrams.com\/wp-content\/uploads\/2024\/10\/logo.png\",\"width\":181,\"height\":41,\"caption\":\"PVP Grams\"},\"image\":{\"@id\":\"https:\/\/pvpgrams.com\/#\/schema\/logo\/image\/\"}}]}<\/script>\n<!-- \/ Yoast SEO plugin. -->","yoast_head_json":{"title":"V\u00e1s\u00e1rl\u00e1s MDPV (Methylenedioxypyrovalerone) online - MDPV elad\u00f3","description":"Ne hagyja ki a lehet\u0151s\u00e9get, hogy megv\u00e1s\u00e1rolja az mdpv (metil\u00e9ndioxypyrovalerone) online \u00e1ruh\u00e1zunkb\u00f3l. Kiz\u00e1r\u00f3lag mdpv-vel foglalkozunk elad\u00f3 olcs\u00f3 \u00e1ron. Az\u00e9rt vagyunk itt, hogy seg\u00edts\u00fcnk \u00d6nnek. Rendeljen most!","robots":{"index":"index","follow":"follow","max-snippet":"max-snippet:-1","max-image-preview":"max-image-preview:large","max-video-preview":"max-video-preview:-1"},"canonical":"https:\/\/pvpgrams.com\/hu\/product\/mdpv-methylenedioxypyrovalerone\/","og_locale":"hu_HU","og_type":"article","og_title":"Buy MDPV (Methylenedioxypyrovalerone) Online - MDPV for Sale","og_description":"Do not miss any opportunity to buy mdpv (methylenedioxypyrovalerone) online from our store. We are exclusively dealing with mdpv for sale at cheap rates. We are here to help you. Order now!","og_url":"https:\/\/pvpgrams.com\/hu\/product\/mdpv-methylenedioxypyrovalerone\/","og_site_name":"PVP Grams","article_modified_time":"2025-08-21T11:56:57+00:00","og_image":[{"width":600,"height":600,"url":"https:\/\/pvpgrams.com\/wp-content\/uploads\/2024\/10\/Buy-MDPV-Methylenedioxypyrovalerone-Online.jpg","type":"image\/jpeg"}],"twitter_card":"summary_large_image","twitter_misc":{"Becs\u00fclt olvas\u00e1si id\u0151":"3 perc"},"schema":{"@context":"https:\/\/schema.org","@graph":[{"@type":["WebPage","ItemPage"],"@id":"https:\/\/pvpgrams.com\/product\/mdpv-methylenedioxypyrovalerone\/","url":"https:\/\/pvpgrams.com\/product\/mdpv-methylenedioxypyrovalerone\/","name":"V\u00e1s\u00e1rl\u00e1s MDPV (Methylenedioxypyrovalerone) online - MDPV elad\u00f3","isPartOf":{"@id":"https:\/\/pvpgrams.com\/#website"},"primaryImageOfPage":{"@id":"https:\/\/pvpgrams.com\/product\/mdpv-methylenedioxypyrovalerone\/#primaryimage"},"image":{"@id":"https:\/\/pvpgrams.com\/product\/mdpv-methylenedioxypyrovalerone\/#primaryimage"},"thumbnailUrl":"https:\/\/pvpgrams.com\/wp-content\/uploads\/2024\/10\/Buy-MDPV-Methylenedioxypyrovalerone-Online.jpg","datePublished":"2024-10-24T23:46:49+00:00","dateModified":"2025-08-21T11:56:57+00:00","description":"Ne hagyja ki a lehet\u0151s\u00e9get, hogy megv\u00e1s\u00e1rolja az mdpv (metil\u00e9ndioxypyrovalerone) online \u00e1ruh\u00e1zunkb\u00f3l. Kiz\u00e1r\u00f3lag mdpv-vel foglalkozunk elad\u00f3 olcs\u00f3 \u00e1ron. Az\u00e9rt vagyunk itt, hogy seg\u00edts\u00fcnk \u00d6nnek. Rendeljen most!","breadcrumb":{"@id":"https:\/\/pvpgrams.com\/product\/mdpv-methylenedioxypyrovalerone\/#breadcrumb"},"inLanguage":"hu","potentialAction":[{"@type":"ReadAction","target":["https:\/\/pvpgrams.com\/product\/mdpv-methylenedioxypyrovalerone\/"]}]},{"@type":"ImageObject","inLanguage":"hu","@id":"https:\/\/pvpgrams.com\/product\/mdpv-methylenedioxypyrovalerone\/#primaryimage","url":"https:\/\/pvpgrams.com\/wp-content\/uploads\/2024\/10\/Buy-MDPV-Methylenedioxypyrovalerone-Online.jpg","contentUrl":"https:\/\/pvpgrams.com\/wp-content\/uploads\/2024\/10\/Buy-MDPV-Methylenedioxypyrovalerone-Online.jpg","width":600,"height":600,"caption":"Buy-MDPV-(Methylenedioxypyrovalerone)-Online"},{"@type":"BreadcrumbList","@id":"https:\/\/pvpgrams.com\/product\/mdpv-methylenedioxypyrovalerone\/#breadcrumb","itemListElement":[{"@type":"ListItem","position":1,"name":"Home","item":"https:\/\/pvpgrams.com\/"},{"@type":"ListItem","position":2,"name":"Shop","item":"https:\/\/pvpgrams.com\/shop\/"},{"@type":"ListItem","position":3,"name":"Buy MDPV (Methylenedioxypyrovalerone) Online"}]},{"@type":"WebSite","@id":"https:\/\/pvpgrams.com\/#website","url":"https:\/\/pvpgrams.com\/","name":"PVP grammok","description":"","publisher":{"@id":"https:\/\/pvpgrams.com\/#organization"},"potentialAction":[{"@type":"SearchAction","target":{"@type":"EntryPoint","urlTemplate":"https:\/\/pvpgrams.com\/?s={search_term_string}"},"query-input":{"@type":"PropertyValueSpecification","valueRequired":true,"valueName":"search_term_string"}}],"inLanguage":"hu"},{"@type":"Organization","@id":"https:\/\/pvpgrams.com\/#organization","name":"PVP grammok","url":"https:\/\/pvpgrams.com\/","logo":{"@type":"ImageObject","inLanguage":"hu","@id":"https:\/\/pvpgrams.com\/#\/schema\/logo\/image\/","url":"https:\/\/pvpgrams.com\/wp-content\/uploads\/2024\/10\/logo.png","contentUrl":"https:\/\/pvpgrams.com\/wp-content\/uploads\/2024\/10\/logo.png","width":181,"height":41,"caption":"PVP Grams"},"image":{"@id":"https:\/\/pvpgrams.com\/#\/schema\/logo\/image\/"}}]}},"_links":{"self":[{"href":"https:\/\/pvpgrams.com\/hu\/wp-json\/wp\/v2\/product\/1113","targetHints":{"allow":["GET"]}}],"collection":[{"href":"https:\/\/pvpgrams.com\/hu\/wp-json\/wp\/v2\/product"}],"about":[{"href":"https:\/\/pvpgrams.com\/hu\/wp-json\/wp\/v2\/types\/product"}],"replies":[{"embeddable":true,"href":"https:\/\/pvpgrams.com\/hu\/wp-json\/wp\/v2\/comments?post=1113"}],"wp:featuredmedia":[{"embeddable":true,"href":"https:\/\/pvpgrams.com\/hu\/wp-json\/wp\/v2\/media\/1454"}],"wp:attachment":[{"href":"https:\/\/pvpgrams.com\/hu\/wp-json\/wp\/v2\/media?parent=1113"}],"wp:term":[{"taxonomy":"product_brand","embeddable":true,"href":"https:\/\/pvpgrams.com\/hu\/wp-json\/wp\/v2\/product_brand?post=1113"},{"taxonomy":"product_cat","embeddable":true,"href":"https:\/\/pvpgrams.com\/hu\/wp-json\/wp\/v2\/product_cat?post=1113"},{"taxonomy":"product_tag","embeddable":true,"href":"https:\/\/pvpgrams.com\/hu\/wp-json\/wp\/v2\/product_tag?post=1113"}],"curies":[{"name":"wp","href":"https:\/\/api.w.org\/{rel}","templated":true}]}}