{"id":1184,"date":"2024-10-31T19:21:19","date_gmt":"2024-10-31T19:21:19","guid":{"rendered":"https:\/\/pvpgrams.com\/?post_type=product&#038;p=1184"},"modified":"2025-09-02T07:55:29","modified_gmt":"2025-09-02T07:55:29","slug":"methcathinone","status":"publish","type":"product","link":"https:\/\/pvpgrams.com\/hu\/product\/methcathinone\/","title":{"rendered":"V\u00e1s\u00e1rl\u00e1s Methcathinone Online"},"content":{"rendered":"<h2 data-start=\"105\" data-end=\"167\"><strong data-start=\"105\" data-end=\"165\">V\u00e1s\u00e1roljon metkatinont online megb\u00edzhat\u00f3 kutat\u00e1si forr\u00e1sb\u00f3l<\/strong><\/h2>\n<p data-start=\"169\" data-end=\"211\"><strong data-start=\"169\" data-end=\"209\">V\u00e1s\u00e1roljon metkatinont online a Pvpgrams-on<\/strong><\/p>\n<p data-start=\"213\" data-end=\"804\"><a href=\"https:\/\/en.wikipedia.org\/wiki\/Methcathinone\">Methcathinone<\/a> egy szintetikus stimul\u00e1ns, amelynek hat\u00e1sai hasonl\u00f3ak az amfetaminokhoz, \u00e9s k\u00e9miailag rokon a katinonnal, amely term\u00e9szetesen el\u0151fordul a khat n\u00f6v\u00e9nyben. Eredetileg az 1920-as \u00e9vekben antidepressz\u00e1nsk\u00e9nt fejlesztett\u00e9k ki, de soha nem alkalmazt\u00e1k sz\u00e9les k\u00f6rben orvosi c\u00e9lokra a mell\u00e9khat\u00e1sai \u00e9s a f\u00fcgg\u0151s\u00e9get okoz\u00f3 potenci\u00e1lja miatt. Ma a metkatinont sz\u00e1mos orsz\u00e1gban, k\u00f6zt\u00fck az Egyes\u00fclt \u00c1llamokban is, I. jegyz\u00e9kben ellen\u0151rz\u00f6tt anyagk\u00e9nt oszt\u00e1lyozz\u00e1k, ami t\u00fckr\u00f6zi a vissza\u00e9l\u00e9s magas potenci\u00e1lj\u00e1t \u00e9s az elfogadott orvosi felhaszn\u00e1l\u00e1s hi\u00e1ny\u00e1t. A Pvpgrams oldalon a k\u00f6vetkez\u0151ket teheti: <a href=\"https:\/\/pvpgrams.com\/hu\/product\/methcathinone\/\">Metkatinont v\u00e1s\u00e1roljon online<\/a> biztons\u00e1gosan kutat\u00e1si c\u00e9lokra.<\/p>\n<h3 data-start=\"806\" data-end=\"850\">Mi\u00e9rt v\u00e1lassza a Methcathinone-t a kutat\u00e1shoz?<\/h3>\n<p data-start=\"852\" data-end=\"1267\">A metakatinon online v\u00e1s\u00e1rl\u00e1sa lehet\u0151v\u00e9 teszi a kutat\u00f3k sz\u00e1m\u00e1ra, hogy felt\u00e1rj\u00e1k, hogyan befoly\u00e1solja ez a pszichostimul\u00e1ns a neurotranszmitterek aktivit\u00e1s\u00e1t, k\u00fcl\u00f6n\u00f6sen a dopamin \u00e9s a szerotonin szintj\u00e9t. A metakatinont gyakran haszn\u00e1lj\u00e1k a viselked\u00e9si v\u00e1ltoz\u00e1sokkal, a hangulatjavul\u00e1ssal \u00e9s a stimul\u00e1nsok k\u00f6zponti idegrendszerre gyakorolt \u200b\u200bhat\u00e1s\u00e1val kapcsolatos vizsg\u00e1latokban. Ide\u00e1lis a kognit\u00edv funkci\u00f3k, a koncentr\u00e1ci\u00f3 \u00e9s a viselked\u00e9si v\u00e1laszok kutat\u00e1s\u00e1hoz.<\/p>\n<h3 data-start=\"1269\" data-end=\"1309\">Metaktinon elad\u00f3 a Pvpgrams-on<\/h3>\n<p data-start=\"1311\" data-end=\"1631\">A Pvpgramsn\u00e1l biztos\u00edtjuk, hogy a metkatinonunk a lehet\u0151 legjobb min\u0151s\u00e9g\u0171 \u00e9s laborat\u00f3riumban tesztelt tisztas\u00e1g\u00fa. Megb\u00edzhat\u00f3 \u00e9s k\u00f6vetkezetes eredm\u00e9nyeket biztos\u00edtunk a kutat\u00f3k sz\u00e1m\u00e1ra az\u00e1ltal, hogy tiszta metkatinont k\u00edn\u00e1lunk elad\u00e1sra. Gyors \u00e9s diszkr\u00e9t sz\u00e1ll\u00edt\u00e1ssal biztons\u00e1gosan \u00e9s megb\u00edzhat\u00f3an rendelheti meg a metkatinont megb\u00edzhat\u00f3 forr\u00e1sunkb\u00f3l.<\/p>\n<h3 data-start=\"1633\" data-end=\"1665\">Hogyan rendelj\u00fcnk metkatinont?<\/h3>\n<p data-start=\"1667\" data-end=\"2014\">K\u00e9szen \u00e1llsz a kutat\u00e1s megkezd\u00e9s\u00e9re? V\u00e1s\u00e1rolj metkatinont online a Pvpgrams-n\u00e1l, \u00e9s tapasztald meg a kiv\u00e1l\u00f3 min\u0151s\u00e9g\u0171, laborat\u00f3riumban tesztelt term\u00e9keket. Biztons\u00e1gos tranzakci\u00f3kkal, diszkr\u00e9t sz\u00e1ll\u00edt\u00e1ssal \u00e9s garant\u00e1lt tisztas\u00e1ggal a Pvpgrams az \u00d6n megb\u00edzhat\u00f3 besz\u00e1ll\u00edt\u00f3ja. Hol lehet metkatinont v\u00e1s\u00e1rolni? A Pvpgrams a legjobb hely a metkatinont online v\u00e1s\u00e1rolni professzion\u00e1lis \u00e9s kutat\u00e1si c\u00e9lra.<\/p>\n<h3 data-start=\"2016\" data-end=\"2057\">Methcathinone jogszer\u0171s\u00e9g \u00e9s sz\u00e1ll\u00edt\u00e1s<\/h3>\n<p data-start=\"2059\" data-end=\"2346\">Miel\u0151tt metkatinont v\u00e1s\u00e1rolna, ellen\u0151rizze a term\u00e9k jogi st\u00e1tusz\u00e1t az \u00d6n r\u00e9gi\u00f3j\u00e1ban, mivel a szab\u00e1lyoz\u00e1sok elt\u00e9r\u0151ek lehetnek. A Pvpgrams kiz\u00e1r\u00f3lag kutat\u00e1si c\u00e9lokra \u00e9rt\u00e9kes\u00edti a metkatinont, a helyi t\u00f6rv\u00e9nyek teljes betart\u00e1s\u00e1val. Diszkr\u00e9t \u00e9s biztons\u00e1gos sz\u00e1ll\u00edt\u00e1st biztos\u00edtunk az \u00d6n adatainak v\u00e9delme \u00e9s a biztons\u00e1gos k\u00e9zbes\u00edt\u00e9s garant\u00e1l\u00e1sa \u00e9rdek\u00e9ben.<\/p>\n<h3 data-start=\"2348\" data-end=\"2380\">Hogyan haszn\u00e1lj\u00e1k a metkatinont?<\/h3>\n<p data-start=\"2382\" data-end=\"2540\">A metkatinont \u00e1ltal\u00e1ban sz\u00e1jon \u00e1t, szippantva\/felszippantva vagy injekci\u00f3 form\u00e1j\u00e1ban adj\u00e1k be. Folyad\u00e9kkal keverhet\u0151, vagy pap\u00edrba csomagolva fogyaszthat\u00f3.<\/p>\n<h3 data-start=\"2542\" data-end=\"2565\">Hat\u00e1sok \u00e9s kock\u00e1zatok<\/h3>\n<p data-start=\"2567\" data-end=\"2732\">A metkatinon k\u00f6zponti idegrendszeri stimul\u00e1nsk\u00e9nt hat, fokozza a dopamin felszabadul\u00e1s\u00e1t, ami euf\u00f3ri\u00e1hoz, fokozott energiaszinthez \u00e9s \u00e9bers\u00e9ghez vezethet. A kock\u00e1zatok a k\u00f6vetkez\u0151k:<\/p>\n<ul data-start=\"2734\" data-end=\"3028\">\n<li data-start=\"2734\" data-end=\"2788\">\n<p data-start=\"2736\" data-end=\"2788\">F\u00fcgg\u0151s\u00e9g: A rendszeres haszn\u00e1lat f\u00fcgg\u0151s\u00e9get okozhat.<\/p>\n<\/li>\n<li data-start=\"2789\" data-end=\"2887\">\n<p data-start=\"2791\" data-end=\"2887\">Fizikai eg\u00e9szs\u00e9g\u00fcgyi kock\u00e1zatok: Sz\u00edv- \u00e9s \u00e9rrendszeri probl\u00e9m\u00e1k, \u00e1lmatlans\u00e1g, alult\u00e1pl\u00e1lts\u00e1g \u00e9s fog\u00e1szati \u200b\u200bprobl\u00e9m\u00e1k.<\/p>\n<\/li>\n<li data-start=\"2888\" data-end=\"2970\">\n<p data-start=\"2890\" data-end=\"2970\">Ment\u00e1lis eg\u00e9szs\u00e9g\u00fcgyi probl\u00e9m\u00e1k: szorong\u00e1s, paranoia \u00e9s egy\u00e9b pszichol\u00f3giai probl\u00e9m\u00e1k.<\/p>\n<\/li>\n<li data-start=\"2971\" data-end=\"3028\">\n<p data-start=\"2973\" data-end=\"3028\">Toxicit\u00e1s: Rekre\u00e1ci\u00f3s c\u00e9l\u00fa haszn\u00e1lat eset\u00e9n magas a toxicit\u00e1s.<\/p>\n<\/li>\n<\/ul>\n<h3 data-start=\"3030\" data-end=\"3048\">Jogi st\u00e1tusz<\/h3>\n<p data-start=\"3050\" data-end=\"3226\">A metakatinon \u00e1rus\u00edt\u00e1sa a legt\u00f6bb orsz\u00e1gban illeg\u00e1lis, \u00e9s az el\u0151\u00e1ll\u00edt\u00e1s\u00e1t, forgalmaz\u00e1s\u00e1t \u00e9s birtokl\u00e1s\u00e1t szigor\u00faan ellen\u0151rzik. A b\u00fcntet\u00e9sek s\u00falyosak a potenci\u00e1lisan k\u00e1ros hat\u00e1sok miatt.<\/p>\n<h3 data-start=\"3228\" data-end=\"3251\">Biztons\u00e1gos alternat\u00edv\u00e1k<\/h3>\n<p data-start=\"3253\" data-end=\"3482\">A leg\u00e1lis stimul\u00e1nsokat keres\u0151k sz\u00e1m\u00e1ra a biztons\u00e1gosabb alternat\u00edv\u00e1k k\u00f6z\u00e9 tartoznak a koffein alap\u00fa term\u00e9kek, a v\u00e9nyk\u00f6teles stimul\u00e1nsok orvosi fel\u00fcgyelet mellett, valamint a v\u00e9ny n\u00e9lk\u00fcl kaphat\u00f3 t\u00e1pl\u00e1l\u00e9kkieg\u00e9sz\u00edt\u0151k. B\u00e1rmely stimul\u00e1ns haszn\u00e1lata el\u0151tt konzult\u00e1ljon eg\u00e9szs\u00e9g\u00fcgyi szolg\u00e1ltat\u00f3j\u00e1val.<\/p>\n<p data-start=\"3484\" data-end=\"3520\">V\u00e1s\u00e1roljon metkatinont online m\u00e9g ma<\/p>\n<p data-start=\"3522\" data-end=\"3767\">Megb\u00edzhat\u00f3 forr\u00e1st keres? A Pvpgrams pr\u00e9mium kateg\u00f3ri\u00e1s metkatinont k\u00edn\u00e1l elad\u00e1sra biztons\u00e1gos tranzakci\u00f3kkal, gyors sz\u00e1ll\u00edt\u00e1ssal \u00e9s garant\u00e1lt tisztas\u00e1ggal. V\u00e1s\u00e1roljon metkatinont online m\u00e9g ma, \u00e9s tapasztalja meg szolg\u00e1ltat\u00e1sunk k\u00e9nyelm\u00e9t \u00e9s megb\u00edzhat\u00f3s\u00e1g\u00e1t.<\/p>\n<p data-start=\"3769\" data-end=\"3806\">Metaktinon \u00e1ra \u00e9s min\u0151s\u00e9ge<\/p>\n<p data-start=\"3808\" data-end=\"4051\">A Simson Pharma a legjobb min\u0151s\u00e9g\u0171 metkatinon-hidrokloridot k\u00edn\u00e1lja. Minden vegy\u00fclethez tartozik egy analitikai tan\u00fas\u00edtv\u00e1ny, amely biztos\u00edtja a tisztas\u00e1got \u00e9s a hiteless\u00e9get. A Pvpgrams versenyk\u00e9pes \u00e1ron k\u00edn\u00e1lja a metkatinont kutat\u00e1si min\u0151s\u00e9g\u0171 vegyszerek\u00e9rt.<\/p>","protected":false},"excerpt":{"rendered":"<p>A metkatinon egy szintetikus stimul\u00e1ns, amely szerkezetileg rokon a katinonnal, a khat n\u00f6v\u00e9nyben el\u0151fordul\u00f3 term\u00e9szetes vegy\u00fclettel. Ismert euforikus \u00e9s energetiz\u00e1l\u00f3 hat\u00e1sair\u00f3l, a metkathinont gyakran haszn\u00e1lj\u00e1k rekre\u00e1ci\u00f3s c\u00e9llal, hasonl\u00edt az amfetaminok hat\u00e1saira. ha megpr\u00f3b\u00e1lja megv\u00e1s\u00e1rolni a kiv\u00e1l\u00f3 min\u0151s\u00e9g\u0171 metkathinont, akkor is v\u00e1s\u00e1rolhat a pvpgrams-n\u00e1l, n\u00e1lunk j\u00f3 min\u0151s\u00e9g\u0171 metkathinon elad\u00f3.<\/p>\n<h3>Methcathinone Term\u00e9k adatai<\/h3>\n<p><strong>K\u00e9miai k\u00e9plet:<\/strong> C10H13N<\/p>\n<p><strong>Molekulaszerkezet:<\/strong><\/p>\n<ul>\n<li><strong>Molekulat\u00f6meg:<\/strong> 149,22 g\/mol<\/li>\n<li><strong>IUPAC n\u00e9v:<\/strong> (S)-2-(metilamino)-1-fenilpropan-1-on<\/li>\n<\/ul>","protected":false},"featured_media":1447,"comment_status":"open","ping_status":"closed","template":"","meta":{"_kadence_starter_templates_imported_post":false,"_kad_post_transparent":"default","_kad_post_title":"","_kad_post_layout":"default","_kad_post_sidebar_id":"","_kad_post_content_style":"default","_kad_post_vertical_padding":"default","_kad_post_feature":"","_kad_post_feature_position":"","_kad_post_header":false,"_kad_post_footer":false,"_joinchat":[]},"product_brand":[],"product_cat":[359],"product_tag":[],"class_list":{"0":"post-1184","1":"product","2":"type-product","3":"status-publish","4":"has-post-thumbnail","6":"product_cat-stimulants","8":"first","9":"instock","10":"shipping-taxable","11":"purchasable","12":"product-type-variable","13":"entry","14":"content-bg","15":"loop-entry"},"yoast_head":"<!-- This site is optimized with the Yoast SEO plugin v26.5 - https:\/\/yoast.com\/wordpress\/plugins\/seo\/ -->\n<title>Methcathinone for Sale - Buy Methcathinone Online<\/title>\n<meta name=\"description\" content=\"You can get methcathinone for sale at the best rates from our online store. We are here to help you buy methcathinone online. Connect with best store in town today!\" \/>\n<meta name=\"robots\" content=\"index, follow, max-snippet:-1, max-image-preview:large, max-video-preview:-1\" \/>\n<link rel=\"canonical\" href=\"https:\/\/pvpgrams.com\/hu\/product\/methcathinone\/\" \/>\n<meta property=\"og:locale\" content=\"hu_HU\" \/>\n<meta property=\"og:type\" content=\"article\" \/>\n<meta property=\"og:title\" content=\"Methcathinone for Sale - Buy Methcathinone Online\" \/>\n<meta property=\"og:description\" content=\"You can get methcathinone for sale at the best rates from our online store. We are here to help you buy methcathinone online. Connect with best store in town today!\" \/>\n<meta property=\"og:url\" content=\"https:\/\/pvpgrams.com\/hu\/product\/methcathinone\/\" \/>\n<meta property=\"og:site_name\" content=\"PVP Grams\" \/>\n<meta property=\"article:modified_time\" content=\"2025-09-02T07:55:29+00:00\" \/>\n<meta property=\"og:image\" content=\"https:\/\/pvpgrams.com\/wp-content\/uploads\/2024\/10\/Buy-Methcathinone-Online.jpg\" \/>\n\t<meta property=\"og:image:width\" content=\"600\" \/>\n\t<meta property=\"og:image:height\" content=\"600\" \/>\n\t<meta property=\"og:image:type\" content=\"image\/jpeg\" \/>\n<meta name=\"twitter:card\" content=\"summary_large_image\" \/>\n<meta name=\"twitter:label1\" content=\"Becs\u00fclt olvas\u00e1si id\u0151\" \/>\n\t<meta name=\"twitter:data1\" content=\"3 perc\" \/>\n<script type=\"application\/ld+json\" class=\"yoast-schema-graph\">{\"@context\":\"https:\/\/schema.org\",\"@graph\":[{\"@type\":[\"WebPage\",\"ItemPage\"],\"@id\":\"https:\/\/pvpgrams.com\/product\/methcathinone\/\",\"url\":\"https:\/\/pvpgrams.com\/product\/methcathinone\/\",\"name\":\"Methcathinone for Sale - Buy Methcathinone Online\",\"isPartOf\":{\"@id\":\"https:\/\/pvpgrams.com\/#website\"},\"primaryImageOfPage\":{\"@id\":\"https:\/\/pvpgrams.com\/product\/methcathinone\/#primaryimage\"},\"image\":{\"@id\":\"https:\/\/pvpgrams.com\/product\/methcathinone\/#primaryimage\"},\"thumbnailUrl\":\"https:\/\/pvpgrams.com\/wp-content\/uploads\/2024\/10\/Buy-Methcathinone-Online.jpg\",\"datePublished\":\"2024-10-31T19:21:19+00:00\",\"dateModified\":\"2025-09-02T07:55:29+00:00\",\"description\":\"You can get methcathinone for sale at the best rates from our online store. We are here to help you buy methcathinone online. Connect with best store in town today!\",\"breadcrumb\":{\"@id\":\"https:\/\/pvpgrams.com\/product\/methcathinone\/#breadcrumb\"},\"inLanguage\":\"hu\",\"potentialAction\":[{\"@type\":\"ReadAction\",\"target\":[\"https:\/\/pvpgrams.com\/product\/methcathinone\/\"]}]},{\"@type\":\"ImageObject\",\"inLanguage\":\"hu\",\"@id\":\"https:\/\/pvpgrams.com\/product\/methcathinone\/#primaryimage\",\"url\":\"https:\/\/pvpgrams.com\/wp-content\/uploads\/2024\/10\/Buy-Methcathinone-Online.jpg\",\"contentUrl\":\"https:\/\/pvpgrams.com\/wp-content\/uploads\/2024\/10\/Buy-Methcathinone-Online.jpg\",\"width\":600,\"height\":600,\"caption\":\"Buy-Methcathinone-Online\"},{\"@type\":\"BreadcrumbList\",\"@id\":\"https:\/\/pvpgrams.com\/product\/methcathinone\/#breadcrumb\",\"itemListElement\":[{\"@type\":\"ListItem\",\"position\":1,\"name\":\"Home\",\"item\":\"https:\/\/pvpgrams.com\/\"},{\"@type\":\"ListItem\",\"position\":2,\"name\":\"Shop\",\"item\":\"https:\/\/pvpgrams.com\/shop\/\"},{\"@type\":\"ListItem\",\"position\":3,\"name\":\"Buy Methcathinone Online\"}]},{\"@type\":\"WebSite\",\"@id\":\"https:\/\/pvpgrams.com\/#website\",\"url\":\"https:\/\/pvpgrams.com\/\",\"name\":\"PVP Grams\",\"description\":\"\",\"publisher\":{\"@id\":\"https:\/\/pvpgrams.com\/#organization\"},\"potentialAction\":[{\"@type\":\"SearchAction\",\"target\":{\"@type\":\"EntryPoint\",\"urlTemplate\":\"https:\/\/pvpgrams.com\/?s={search_term_string}\"},\"query-input\":{\"@type\":\"PropertyValueSpecification\",\"valueRequired\":true,\"valueName\":\"search_term_string\"}}],\"inLanguage\":\"hu\"},{\"@type\":\"Organization\",\"@id\":\"https:\/\/pvpgrams.com\/#organization\",\"name\":\"PVP Grams\",\"url\":\"https:\/\/pvpgrams.com\/\",\"logo\":{\"@type\":\"ImageObject\",\"inLanguage\":\"hu\",\"@id\":\"https:\/\/pvpgrams.com\/#\/schema\/logo\/image\/\",\"url\":\"https:\/\/pvpgrams.com\/wp-content\/uploads\/2024\/10\/logo.png\",\"contentUrl\":\"https:\/\/pvpgrams.com\/wp-content\/uploads\/2024\/10\/logo.png\",\"width\":181,\"height\":41,\"caption\":\"PVP Grams\"},\"image\":{\"@id\":\"https:\/\/pvpgrams.com\/#\/schema\/logo\/image\/\"}}]}<\/script>\n<!-- \/ Yoast SEO plugin. -->","yoast_head_json":{"title":"Methcathinone elad\u00f3 - V\u00e1s\u00e1rl\u00e1s Methcathinone Online","description":"Az online \u00e1ruh\u00e1zunkban a legjobb \u00e1ron kaphat metkatinont. Az\u00e9rt vagyunk itt, hogy seg\u00edts\u00fcnk v\u00e1s\u00e1rolni metcathinone online. Csatlakozzon a v\u00e1ros legjobb \u00e1ruh\u00e1z\u00e1hoz m\u00e9g ma!","robots":{"index":"index","follow":"follow","max-snippet":"max-snippet:-1","max-image-preview":"max-image-preview:large","max-video-preview":"max-video-preview:-1"},"canonical":"https:\/\/pvpgrams.com\/hu\/product\/methcathinone\/","og_locale":"hu_HU","og_type":"article","og_title":"Methcathinone for Sale - Buy Methcathinone Online","og_description":"You can get methcathinone for sale at the best rates from our online store. We are here to help you buy methcathinone online. Connect with best store in town today!","og_url":"https:\/\/pvpgrams.com\/hu\/product\/methcathinone\/","og_site_name":"PVP Grams","article_modified_time":"2025-09-02T07:55:29+00:00","og_image":[{"width":600,"height":600,"url":"https:\/\/pvpgrams.com\/wp-content\/uploads\/2024\/10\/Buy-Methcathinone-Online.jpg","type":"image\/jpeg"}],"twitter_card":"summary_large_image","twitter_misc":{"Becs\u00fclt olvas\u00e1si id\u0151":"3 perc"},"schema":{"@context":"https:\/\/schema.org","@graph":[{"@type":["WebPage","ItemPage"],"@id":"https:\/\/pvpgrams.com\/product\/methcathinone\/","url":"https:\/\/pvpgrams.com\/product\/methcathinone\/","name":"Methcathinone elad\u00f3 - V\u00e1s\u00e1rl\u00e1s Methcathinone Online","isPartOf":{"@id":"https:\/\/pvpgrams.com\/#website"},"primaryImageOfPage":{"@id":"https:\/\/pvpgrams.com\/product\/methcathinone\/#primaryimage"},"image":{"@id":"https:\/\/pvpgrams.com\/product\/methcathinone\/#primaryimage"},"thumbnailUrl":"https:\/\/pvpgrams.com\/wp-content\/uploads\/2024\/10\/Buy-Methcathinone-Online.jpg","datePublished":"2024-10-31T19:21:19+00:00","dateModified":"2025-09-02T07:55:29+00:00","description":"Az online \u00e1ruh\u00e1zunkban a legjobb \u00e1ron kaphat metkatinont. Az\u00e9rt vagyunk itt, hogy seg\u00edts\u00fcnk v\u00e1s\u00e1rolni metcathinone online. Csatlakozzon a v\u00e1ros legjobb \u00e1ruh\u00e1z\u00e1hoz m\u00e9g ma!","breadcrumb":{"@id":"https:\/\/pvpgrams.com\/product\/methcathinone\/#breadcrumb"},"inLanguage":"hu","potentialAction":[{"@type":"ReadAction","target":["https:\/\/pvpgrams.com\/product\/methcathinone\/"]}]},{"@type":"ImageObject","inLanguage":"hu","@id":"https:\/\/pvpgrams.com\/product\/methcathinone\/#primaryimage","url":"https:\/\/pvpgrams.com\/wp-content\/uploads\/2024\/10\/Buy-Methcathinone-Online.jpg","contentUrl":"https:\/\/pvpgrams.com\/wp-content\/uploads\/2024\/10\/Buy-Methcathinone-Online.jpg","width":600,"height":600,"caption":"Buy-Methcathinone-Online"},{"@type":"BreadcrumbList","@id":"https:\/\/pvpgrams.com\/product\/methcathinone\/#breadcrumb","itemListElement":[{"@type":"ListItem","position":1,"name":"Home","item":"https:\/\/pvpgrams.com\/"},{"@type":"ListItem","position":2,"name":"Shop","item":"https:\/\/pvpgrams.com\/shop\/"},{"@type":"ListItem","position":3,"name":"Buy Methcathinone Online"}]},{"@type":"WebSite","@id":"https:\/\/pvpgrams.com\/#website","url":"https:\/\/pvpgrams.com\/","name":"PVP grammok","description":"","publisher":{"@id":"https:\/\/pvpgrams.com\/#organization"},"potentialAction":[{"@type":"SearchAction","target":{"@type":"EntryPoint","urlTemplate":"https:\/\/pvpgrams.com\/?s={search_term_string}"},"query-input":{"@type":"PropertyValueSpecification","valueRequired":true,"valueName":"search_term_string"}}],"inLanguage":"hu"},{"@type":"Organization","@id":"https:\/\/pvpgrams.com\/#organization","name":"PVP grammok","url":"https:\/\/pvpgrams.com\/","logo":{"@type":"ImageObject","inLanguage":"hu","@id":"https:\/\/pvpgrams.com\/#\/schema\/logo\/image\/","url":"https:\/\/pvpgrams.com\/wp-content\/uploads\/2024\/10\/logo.png","contentUrl":"https:\/\/pvpgrams.com\/wp-content\/uploads\/2024\/10\/logo.png","width":181,"height":41,"caption":"PVP Grams"},"image":{"@id":"https:\/\/pvpgrams.com\/#\/schema\/logo\/image\/"}}]}},"_links":{"self":[{"href":"https:\/\/pvpgrams.com\/hu\/wp-json\/wp\/v2\/product\/1184","targetHints":{"allow":["GET"]}}],"collection":[{"href":"https:\/\/pvpgrams.com\/hu\/wp-json\/wp\/v2\/product"}],"about":[{"href":"https:\/\/pvpgrams.com\/hu\/wp-json\/wp\/v2\/types\/product"}],"replies":[{"embeddable":true,"href":"https:\/\/pvpgrams.com\/hu\/wp-json\/wp\/v2\/comments?post=1184"}],"wp:featuredmedia":[{"embeddable":true,"href":"https:\/\/pvpgrams.com\/hu\/wp-json\/wp\/v2\/media\/1447"}],"wp:attachment":[{"href":"https:\/\/pvpgrams.com\/hu\/wp-json\/wp\/v2\/media?parent=1184"}],"wp:term":[{"taxonomy":"product_brand","embeddable":true,"href":"https:\/\/pvpgrams.com\/hu\/wp-json\/wp\/v2\/product_brand?post=1184"},{"taxonomy":"product_cat","embeddable":true,"href":"https:\/\/pvpgrams.com\/hu\/wp-json\/wp\/v2\/product_cat?post=1184"},{"taxonomy":"product_tag","embeddable":true,"href":"https:\/\/pvpgrams.com\/hu\/wp-json\/wp\/v2\/product_tag?post=1184"}],"curies":[{"name":"wp","href":"https:\/\/api.w.org\/{rel}","templated":true}]}}