{"id":1222,"date":"2024-11-24T22:43:46","date_gmt":"2024-11-24T22:43:46","guid":{"rendered":"https:\/\/pvpgrams.com\/?post_type=product&#038;p=1222"},"modified":"2025-08-30T18:54:36","modified_gmt":"2025-08-30T18:54:36","slug":"5-meo-dmt","status":"publish","type":"product","link":"https:\/\/pvpgrams.com\/hu\/product\/5-meo-dmt\/","title":{"rendered":"V\u00e1s\u00e1roljon 5-MeO-DMT-t online"},"content":{"rendered":"<h2 data-start=\"117\" data-end=\"175\"><strong data-start=\"117\" data-end=\"173\">V\u00e1s\u00e1roljon 5-MeO-DMT-t online egy megb\u00edzhat\u00f3 kutat\u00e1si forr\u00e1sb\u00f3l<\/strong><\/h2>\n<p data-start=\"177\" data-end=\"215\"><strong data-start=\"177\" data-end=\"213\">V\u00e1s\u00e1rl\u00e1s 5-MeO-DMT online a Pvpgramsn\u00e1l<\/strong><\/p>\n<p data-start=\"217\" data-end=\"774\"><a href=\"https:\/\/pvpgrams.com\/hu\/product\/5-meo-dmt\/\">5-MeO-DMT online v\u00e1s\u00e1rl\u00e1sa<\/a> Az (5-metoxi-N,N-dimetiltriptamin) egy er\u0151s \u00e9s term\u00e9szetesen el\u0151fordul\u00f3 triptamin vegy\u00fclet, amely a tudatra \u00e9s az \u00e9rz\u00e9kel\u00e9sre gyakorolt \u200b\u200bm\u00e9lyrehat\u00f3 hat\u00e1sair\u00f3l ismert. Az egyedi tulajdons\u00e1gai miatt sz\u00e9les k\u00f6rben tanulm\u00e1nyozott 5-MeO-DMT mind a tudom\u00e1nyos kutat\u00e1sban, mind a szem\u00e9lyes felfedez\u00e9sekben figyelmet kapott. A Pvpgramsn\u00e1l kiv\u00e1l\u00f3 min\u0151s\u00e9g\u0171 5-MeO-DMT-t k\u00edn\u00e1lunk kutat\u00f3k \u00e9s megb\u00edzhat\u00f3 forr\u00e1st keres\u0151 mag\u00e1nszem\u00e9lyek sz\u00e1m\u00e1ra, biztons\u00e1gos tranzakci\u00f3kkal, diszkr\u00e9t csomagol\u00e1ssal \u00e9s gyors kisz\u00e1ll\u00edt\u00e1ssal. Rendelje meg az 5-MeO-DMT-t biztons\u00e1gosan \u00e9s magabiztosan platformunkr\u00f3l.<\/p>\n<h3 data-start=\"776\" data-end=\"816\">Az 5-MeO-DMT alkalmaz\u00e1sai \u00e9s felhaszn\u00e1l\u00e1sa<\/h3>\n<p data-start=\"818\" data-end=\"862\"><strong data-start=\"818\" data-end=\"860\">Tudom\u00e1nyos kutat\u00e1s \u00e9s akad\u00e9miai tanulm\u00e1nyok<\/strong><\/p>\n<p data-start=\"864\" data-end=\"1164\"><a href=\"https:\/\/en.wikipedia.org\/wiki\/5-MeO-DMT\">5-MeO-DMT<\/a> Gyakran alkalmazz\u00e1k az idegtudom\u00e1nyi \u00e9s pszichofarmakol\u00f3giai kutat\u00e1sokban a szerotoninreceptorokkal val\u00f3 k\u00f6lcs\u00f6nhat\u00e1s\u00e1nak, valamint a kogn\u00edci\u00f3ra \u00e9s a tudatra gyakorolt \u200b\u200b\u200b\u200bhat\u00e1sainak vizsg\u00e1lat\u00e1ra. A laborat\u00f3riumok online v\u00e1s\u00e1rolnak 5-MeO-DMT-t, hogy ellen\u0151rz\u00f6tt k\u00f6r\u00fclm\u00e9nyek k\u00f6z\u00f6tt vizsg\u00e1lj\u00e1k szerkezet\u00e9t \u00e9s biol\u00f3giai aktivit\u00e1s\u00e1t.<\/p>\n<p data-start=\"1166\" data-end=\"1209\"><strong data-start=\"1166\" data-end=\"1207\">Felfedez\u00e9s \u00e9s tudatoss\u00e1gi tanulm\u00e1nyok<\/strong><\/p>\n<p data-start=\"1211\" data-end=\"1406\">Sokan az\u00e9rt v\u00e1s\u00e1rolnak 5-MeO-DMT-t, mert k\u00e9pes sz\u00e1nd\u00e9kos \u00e9s kontroll\u00e1lt k\u00f6r\u00fclm\u00e9nyek k\u00f6z\u00f6tt megv\u00e1ltozott tudat\u00e1llapotot kiv\u00e1ltani, \u00edgy n\u00e9pszer\u0171 az \u00f6nfelfedez\u00e9s \u00e9s a spiritu\u00e1lis kutat\u00e1s ter\u00fclet\u00e9n.<\/p>\n<p data-start=\"1408\" data-end=\"1438\"><strong data-start=\"1408\" data-end=\"1436\">Farmakol\u00f3giai \u00e9rdekl\u0151d\u00e9s<\/strong><\/p>\n<p data-start=\"1440\" data-end=\"1620\">Triptamin-sz\u00e1rmaz\u00e9kk\u00e9nt az 5-MeO-DMT jelent\u0151s \u00e9rdekl\u0151d\u00e9sre tart sz\u00e1mot a farmakol\u00f3giai vizsg\u00e1latokban, k\u00fcl\u00f6n\u00f6sen a receptork\u00f6t\u00e9s-anal\u00edzisben \u00e9s a lehets\u00e9ges ter\u00e1pi\u00e1s alkalmaz\u00e1sokban.<\/p>\n<h3 data-start=\"1622\" data-end=\"1660\">Mi\u00e9rt v\u00e1s\u00e1roljon 5-MeO-DMT-t a Pvpgrams-t\u00f3l?<\/h3>\n<p data-start=\"1662\" data-end=\"1800\">A Pvpgramsn\u00e1l pr\u00e9mium \u00e9lm\u00e9nyt biztos\u00edtunk a kutat\u00f3k \u00e9s felfedez\u0151k sz\u00e1m\u00e1ra, a min\u0151s\u00e9get, a megb\u00edzhat\u00f3s\u00e1got \u00e9s az \u00fcgyf\u00e9l-el\u00e9gedetts\u00e9get helyezve el\u0151t\u00e9rbe.<\/p>\n<p data-start=\"1802\" data-end=\"1830\"><strong data-start=\"1802\" data-end=\"1828\">Kiv\u00e1l\u00f3 min\u0151s\u00e9g\u0171 5-MeO-DMT<\/strong><\/p>\n<p data-start=\"1832\" data-end=\"1973\">Az online 5-MeO-DMT k\u00e9sz\u00edtm\u00e9ny\u00fcnk tisztas\u00e1ga \u00e9s konzisztenci\u00e1ja ellen\u0151rz\u00f6tt, \u00edgy megfelel mind a kutat\u00e1s, mind a szem\u00e9lyes tanulm\u00e1nyoz\u00e1s szigor\u00fa szabv\u00e1nyainak.<\/p>\n<p data-start=\"1975\" data-end=\"2013\"><strong data-start=\"1975\" data-end=\"2011\">Biztons\u00e1gos \u00e9s diszkr\u00e9t tranzakci\u00f3k<\/strong><\/p>\n<p data-start=\"2015\" data-end=\"2123\">Biztons\u00e1gos fizet\u00e9si m\u00f3dokkal \u00e9s diszkr\u00e9t csomagol\u00e1ssal \u00f3vjuk az \u00d6n adatainak v\u00e9delm\u00e9t minden 5-MeO-DMT rendel\u00e9s eset\u00e9ben.<\/p>\n<p data-start=\"2125\" data-end=\"2157\"><strong data-start=\"2125\" data-end=\"2155\">Gyors \u00e9s megb\u00edzhat\u00f3 sz\u00e1ll\u00edt\u00e1s<\/strong><\/p>\n<p data-start=\"2159\" data-end=\"2294\">Amikor 5-MeO-DMT-t rendel, logisztikai h\u00e1l\u00f3zatunk garant\u00e1lja az id\u0151ben t\u00f6rt\u00e9n\u0151 \u00e9s biztons\u00e1gos sz\u00e1ll\u00edt\u00e1st vil\u00e1gszerte, \u00edgy projektjei \u00fctemterv szerint haladhatnak.<\/p>\n<p data-start=\"2296\" data-end=\"2320\"><strong data-start=\"2296\" data-end=\"2318\">Megfizethet\u0151 \u00e1rk\u00e9pz\u00e9s<\/strong><\/p>\n<p data-start=\"2322\" data-end=\"2441\">Versenyk\u00e9pes 5-MeO-DMT \u00e1rakat k\u00edn\u00e1lunk, kiv\u00e1l\u00f3 \u00e9rt\u00e9ket k\u00e9pviselve a tisztas\u00e1g vagy a min\u0151s\u00e9g fel\u00e1ldoz\u00e1sa n\u00e9lk\u00fcl.<\/p>\n<h3 data-start=\"2443\" data-end=\"2471\">Hol lehet megv\u00e1s\u00e1rolni az 5-MeO-DMT-t<\/h3>\n<p data-start=\"2473\" data-end=\"2661\">K\u00edv\u00e1ncsi, hol lehet 5-MeO-DMT-t v\u00e1s\u00e1rolni? A Pvpgrams egy megb\u00edzhat\u00f3, ellen\u0151rz\u00f6tt besz\u00e1ll\u00edt\u00f3, amely kiv\u00e1l\u00f3 min\u0151s\u00e9g\u0171 term\u00e9keket \u00e9s teljes \u00e1tl\u00e1that\u00f3s\u00e1got k\u00edn\u00e1l, \u00edgy ez a legjobb hely az 5-MeO-DMT online v\u00e1s\u00e1rl\u00e1s\u00e1ra.<\/p>\n<h3 data-start=\"2663\" data-end=\"2695\">V\u00e1s\u00e1roljon 5-MeO-DMT-t online ma<\/h3>\n<p data-start=\"2697\" data-end=\"3043\">Megb\u00edzhat\u00f3 forr\u00e1sb\u00f3l sz\u00e1rmaz\u00f3 5-MeO-DMT-t keres? A Pvpgramsn\u00e1l pr\u00e9mium min\u0151s\u00e9g\u0171 5-MeO-DMT-t, biztons\u00e1gos online v\u00e1s\u00e1rl\u00e1st, gyors sz\u00e1ll\u00edt\u00e1st \u00e9s kiv\u00e9teles \u00fcgyf\u00e9lszolg\u00e1latot k\u00edn\u00e1lunk. Ak\u00e1r kutat\u00f3, ak\u00e1r felfedez\u0151, v\u00e1s\u00e1roljon 5-MeO-DMT-t online m\u00e9g ma, \u00e9s tapasztalja meg a megb\u00edzhat\u00f3 besz\u00e1ll\u00edt\u00f3val val\u00f3 egy\u00fcttm\u0171k\u00f6d\u00e9s k\u00e9nyelm\u00e9t, biztons\u00e1g\u00e1t \u00e9s min\u0151s\u00e9g\u00e9t.<\/p>","protected":false},"excerpt":{"rendered":"<h3><strong>5-MeO-DMT: nagy tisztas\u00e1g\u00fa triptamin kutat\u00e1si \u00e9s ipari felhaszn\u00e1l\u00e1sra<\/strong><\/h3>\n<p><strong>5-MeO-DMT (5-Methoxy-N,N-dimetiltriptamin)<\/strong> egy term\u00e9szetben el\u0151fordul\u00f3 triptamin vegy\u00fclet, amely h\u00edres a <strong>pszichedelikus \u00e9s entheog\u00e9n hat\u00e1sok<\/strong>. A n\u00f6v\u00e9nyekben \u00e9s bizonyos \u00e1llatfajokban tal\u00e1lhat\u00f3, sz\u00e9les k\u00f6rben tanulm\u00e1nyozz\u00e1k a <strong>idegtudom\u00e1ny<\/strong>, <strong>pszichedelikus kutat\u00e1s<\/strong>, \u00e9s <strong>k\u00e9miai elemz\u00e9s<\/strong>. A Factorysonn\u00e1l, mi biztos\u00edtjuk <strong>nagy tisztas\u00e1g\u00fa 5-MeO-DMT<\/strong> a  oldalon. <strong>kutat\u00e1s \u00e9s ipari alkalmaz\u00e1sok<\/strong>, biztos\u00edtva a pr\u00e9mium min\u0151s\u00e9get \u00e9s a biztons\u00e1gos sz\u00e1ll\u00edt\u00e1st.<\/p>\n<h3><strong>Hogyan m\u0171k\u00f6dik az 5-MeO-DMT<\/strong><\/h3>\n<p>Az 5-MeO-DMT els\u0151sorban \u00fagy m\u0171k\u00f6dik, mint egy <strong>agonista<\/strong> a  c\u00edmen. <strong>5-HT1A \u00e9s 5-HT2A szerotonin receptorok<\/strong>, ami az \u00e9rz\u00e9kel\u00e9s, a hangulat \u00e9s a megismer\u00e9s m\u00e9lyrehat\u00f3 megv\u00e1ltoz\u00e1s\u00e1hoz vezet. Gyorsan fell\u00e9p\u0151 \u00e9s intenz\u00edv hat\u00e1sa \u00e9rt\u00e9kes vegy\u00fclett\u00e9 teszi a k\u00f6vetkez\u0151k tanulm\u00e1nyoz\u00e1s\u00e1hoz <strong>tudatoss\u00e1g<\/strong> \u00e9s <strong>neurotranszmitter k\u00f6lcs\u00f6nhat\u00e1sok<\/strong>.<\/p>\n<h3><strong>Term\u00e9k formula<\/strong><\/h3>\n<ul>\n<li><strong>K\u00e9miai n\u00e9v<\/strong>: 5-Metoxi-N,N-dimetiltriptamin<\/li>\n<li><strong>Molekul\u00e1ris k\u00e9plet<\/strong>: C13H18N2O<\/li>\n<li><strong>Mol\u00e1ris t\u00f6meg<\/strong>: 218,3 g\/mol<\/li>\n<\/ul>","protected":false},"featured_media":1430,"comment_status":"open","ping_status":"closed","template":"","meta":{"_kadence_starter_templates_imported_post":false,"_kad_post_transparent":"default","_kad_post_title":"","_kad_post_layout":"default","_kad_post_sidebar_id":"","_kad_post_content_style":"default","_kad_post_vertical_padding":"default","_kad_post_feature":"","_kad_post_feature_position":"","_kad_post_header":false,"_kad_post_footer":false,"_joinchat":[]},"product_brand":[],"product_cat":[53,55,58,139],"product_tag":[],"class_list":{"0":"post-1222","1":"product","2":"type-product","3":"status-publish","4":"has-post-thumbnail","6":"product_cat-4-aco-dmt","7":"product_cat-5-meo-dmt","8":"product_cat-dmt","9":"product_cat-dmt-vape","11":"first","12":"instock","13":"shipping-taxable","14":"purchasable","15":"product-type-variable","16":"entry","17":"content-bg","18":"loop-entry"},"yoast_head":"<!-- This site is optimized with the Yoast SEO plugin v26.5 - https:\/\/yoast.com\/wordpress\/plugins\/seo\/ -->\n<title>Buy 5-MeO-DMT Online - 5-MeO-DMT Powder for Sale<\/title>\n<meta name=\"description\" content=\"Looking to buy 5 meo dmt online? Discover a seamless platform at our online store where you can 5 meo dmt powder for sale, ensuring top-grade quality for your research needs.\" \/>\n<meta name=\"robots\" content=\"index, follow, max-snippet:-1, max-image-preview:large, max-video-preview:-1\" \/>\n<link rel=\"canonical\" href=\"https:\/\/pvpgrams.com\/hu\/product\/5-meo-dmt\/\" \/>\n<meta property=\"og:locale\" content=\"hu_HU\" \/>\n<meta property=\"og:type\" content=\"article\" \/>\n<meta property=\"og:title\" content=\"Buy 5-MeO-DMT Online - 5-MeO-DMT Powder for Sale\" \/>\n<meta property=\"og:description\" content=\"Looking to buy 5 meo dmt online? Discover a seamless platform at our online store where you can 5 meo dmt powder for sale, ensuring top-grade quality for your research needs.\" \/>\n<meta property=\"og:url\" content=\"https:\/\/pvpgrams.com\/hu\/product\/5-meo-dmt\/\" \/>\n<meta property=\"og:site_name\" content=\"PVP Grams\" \/>\n<meta property=\"article:modified_time\" content=\"2025-08-30T18:54:36+00:00\" \/>\n<meta property=\"og:image\" content=\"https:\/\/pvpgrams.com\/wp-content\/uploads\/2024\/11\/Buy-5-MeO-DMT-Online.jpg\" \/>\n\t<meta property=\"og:image:width\" content=\"600\" \/>\n\t<meta property=\"og:image:height\" content=\"600\" \/>\n\t<meta property=\"og:image:type\" content=\"image\/jpeg\" \/>\n<meta name=\"twitter:card\" content=\"summary_large_image\" \/>\n<meta name=\"twitter:label1\" content=\"Becs\u00fclt olvas\u00e1si id\u0151\" \/>\n\t<meta name=\"twitter:data1\" content=\"2 perc\" \/>\n<script type=\"application\/ld+json\" class=\"yoast-schema-graph\">{\"@context\":\"https:\/\/schema.org\",\"@graph\":[{\"@type\":[\"WebPage\",\"ItemPage\"],\"@id\":\"https:\/\/pvpgrams.com\/product\/5-meo-dmt\/\",\"url\":\"https:\/\/pvpgrams.com\/product\/5-meo-dmt\/\",\"name\":\"Buy 5-MeO-DMT Online - 5-MeO-DMT Powder for Sale\",\"isPartOf\":{\"@id\":\"https:\/\/pvpgrams.com\/#website\"},\"primaryImageOfPage\":{\"@id\":\"https:\/\/pvpgrams.com\/product\/5-meo-dmt\/#primaryimage\"},\"image\":{\"@id\":\"https:\/\/pvpgrams.com\/product\/5-meo-dmt\/#primaryimage\"},\"thumbnailUrl\":\"https:\/\/pvpgrams.com\/wp-content\/uploads\/2024\/11\/Buy-5-MeO-DMT-Online.jpg\",\"datePublished\":\"2024-11-24T22:43:46+00:00\",\"dateModified\":\"2025-08-30T18:54:36+00:00\",\"description\":\"Looking to buy 5 meo dmt online? Discover a seamless platform at our online store where you can 5 meo dmt powder for sale, ensuring top-grade quality for your research needs.\",\"breadcrumb\":{\"@id\":\"https:\/\/pvpgrams.com\/product\/5-meo-dmt\/#breadcrumb\"},\"inLanguage\":\"hu\",\"potentialAction\":[{\"@type\":\"ReadAction\",\"target\":[\"https:\/\/pvpgrams.com\/product\/5-meo-dmt\/\"]}]},{\"@type\":\"ImageObject\",\"inLanguage\":\"hu\",\"@id\":\"https:\/\/pvpgrams.com\/product\/5-meo-dmt\/#primaryimage\",\"url\":\"https:\/\/pvpgrams.com\/wp-content\/uploads\/2024\/11\/Buy-5-MeO-DMT-Online.jpg\",\"contentUrl\":\"https:\/\/pvpgrams.com\/wp-content\/uploads\/2024\/11\/Buy-5-MeO-DMT-Online.jpg\",\"width\":600,\"height\":600,\"caption\":\"Buy-5-MeO-DMT-Online\"},{\"@type\":\"BreadcrumbList\",\"@id\":\"https:\/\/pvpgrams.com\/product\/5-meo-dmt\/#breadcrumb\",\"itemListElement\":[{\"@type\":\"ListItem\",\"position\":1,\"name\":\"Home\",\"item\":\"https:\/\/pvpgrams.com\/\"},{\"@type\":\"ListItem\",\"position\":2,\"name\":\"Shop\",\"item\":\"https:\/\/pvpgrams.com\/shop\/\"},{\"@type\":\"ListItem\",\"position\":3,\"name\":\"Buy 5-MeO-DMT Online\"}]},{\"@type\":\"WebSite\",\"@id\":\"https:\/\/pvpgrams.com\/#website\",\"url\":\"https:\/\/pvpgrams.com\/\",\"name\":\"PVP Grams\",\"description\":\"\",\"publisher\":{\"@id\":\"https:\/\/pvpgrams.com\/#organization\"},\"potentialAction\":[{\"@type\":\"SearchAction\",\"target\":{\"@type\":\"EntryPoint\",\"urlTemplate\":\"https:\/\/pvpgrams.com\/?s={search_term_string}\"},\"query-input\":{\"@type\":\"PropertyValueSpecification\",\"valueRequired\":true,\"valueName\":\"search_term_string\"}}],\"inLanguage\":\"hu\"},{\"@type\":\"Organization\",\"@id\":\"https:\/\/pvpgrams.com\/#organization\",\"name\":\"PVP Grams\",\"url\":\"https:\/\/pvpgrams.com\/\",\"logo\":{\"@type\":\"ImageObject\",\"inLanguage\":\"hu\",\"@id\":\"https:\/\/pvpgrams.com\/#\/schema\/logo\/image\/\",\"url\":\"https:\/\/pvpgrams.com\/wp-content\/uploads\/2024\/10\/logo.png\",\"contentUrl\":\"https:\/\/pvpgrams.com\/wp-content\/uploads\/2024\/10\/logo.png\",\"width\":181,\"height\":41,\"caption\":\"PVP Grams\"},\"image\":{\"@id\":\"https:\/\/pvpgrams.com\/#\/schema\/logo\/image\/\"}}]}<\/script>\n<!-- \/ Yoast SEO plugin. -->","yoast_head_json":{"title":"V\u00e1s\u00e1roljon 5-MeO-DMT-t online - 5-MeO-DMT por elad\u00f3","description":"Szeretne 5 meo dmt-t v\u00e1s\u00e1rolni online? Fedezze fel a z\u00f6kken\u0151mentes platformot online \u00e1ruh\u00e1zunkban, ahol 5 meo dmt por elad\u00f3, biztos\u00edtva a kiv\u00e1l\u00f3 min\u0151s\u00e9g\u0171 min\u0151s\u00e9get a kutat\u00e1si ig\u00e9nyeihez.","robots":{"index":"index","follow":"follow","max-snippet":"max-snippet:-1","max-image-preview":"max-image-preview:large","max-video-preview":"max-video-preview:-1"},"canonical":"https:\/\/pvpgrams.com\/hu\/product\/5-meo-dmt\/","og_locale":"hu_HU","og_type":"article","og_title":"Buy 5-MeO-DMT Online - 5-MeO-DMT Powder for Sale","og_description":"Looking to buy 5 meo dmt online? Discover a seamless platform at our online store where you can 5 meo dmt powder for sale, ensuring top-grade quality for your research needs.","og_url":"https:\/\/pvpgrams.com\/hu\/product\/5-meo-dmt\/","og_site_name":"PVP Grams","article_modified_time":"2025-08-30T18:54:36+00:00","og_image":[{"width":600,"height":600,"url":"https:\/\/pvpgrams.com\/wp-content\/uploads\/2024\/11\/Buy-5-MeO-DMT-Online.jpg","type":"image\/jpeg"}],"twitter_card":"summary_large_image","twitter_misc":{"Becs\u00fclt olvas\u00e1si id\u0151":"2 perc"},"schema":{"@context":"https:\/\/schema.org","@graph":[{"@type":["WebPage","ItemPage"],"@id":"https:\/\/pvpgrams.com\/product\/5-meo-dmt\/","url":"https:\/\/pvpgrams.com\/product\/5-meo-dmt\/","name":"V\u00e1s\u00e1roljon 5-MeO-DMT-t online - 5-MeO-DMT por elad\u00f3","isPartOf":{"@id":"https:\/\/pvpgrams.com\/#website"},"primaryImageOfPage":{"@id":"https:\/\/pvpgrams.com\/product\/5-meo-dmt\/#primaryimage"},"image":{"@id":"https:\/\/pvpgrams.com\/product\/5-meo-dmt\/#primaryimage"},"thumbnailUrl":"https:\/\/pvpgrams.com\/wp-content\/uploads\/2024\/11\/Buy-5-MeO-DMT-Online.jpg","datePublished":"2024-11-24T22:43:46+00:00","dateModified":"2025-08-30T18:54:36+00:00","description":"Szeretne 5 meo dmt-t v\u00e1s\u00e1rolni online? Fedezze fel a z\u00f6kken\u0151mentes platformot online \u00e1ruh\u00e1zunkban, ahol 5 meo dmt por elad\u00f3, biztos\u00edtva a kiv\u00e1l\u00f3 min\u0151s\u00e9g\u0171 min\u0151s\u00e9get a kutat\u00e1si ig\u00e9nyeihez.","breadcrumb":{"@id":"https:\/\/pvpgrams.com\/product\/5-meo-dmt\/#breadcrumb"},"inLanguage":"hu","potentialAction":[{"@type":"ReadAction","target":["https:\/\/pvpgrams.com\/product\/5-meo-dmt\/"]}]},{"@type":"ImageObject","inLanguage":"hu","@id":"https:\/\/pvpgrams.com\/product\/5-meo-dmt\/#primaryimage","url":"https:\/\/pvpgrams.com\/wp-content\/uploads\/2024\/11\/Buy-5-MeO-DMT-Online.jpg","contentUrl":"https:\/\/pvpgrams.com\/wp-content\/uploads\/2024\/11\/Buy-5-MeO-DMT-Online.jpg","width":600,"height":600,"caption":"Buy-5-MeO-DMT-Online"},{"@type":"BreadcrumbList","@id":"https:\/\/pvpgrams.com\/product\/5-meo-dmt\/#breadcrumb","itemListElement":[{"@type":"ListItem","position":1,"name":"Home","item":"https:\/\/pvpgrams.com\/"},{"@type":"ListItem","position":2,"name":"Shop","item":"https:\/\/pvpgrams.com\/shop\/"},{"@type":"ListItem","position":3,"name":"Buy 5-MeO-DMT Online"}]},{"@type":"WebSite","@id":"https:\/\/pvpgrams.com\/#website","url":"https:\/\/pvpgrams.com\/","name":"PVP grammok","description":"","publisher":{"@id":"https:\/\/pvpgrams.com\/#organization"},"potentialAction":[{"@type":"SearchAction","target":{"@type":"EntryPoint","urlTemplate":"https:\/\/pvpgrams.com\/?s={search_term_string}"},"query-input":{"@type":"PropertyValueSpecification","valueRequired":true,"valueName":"search_term_string"}}],"inLanguage":"hu"},{"@type":"Organization","@id":"https:\/\/pvpgrams.com\/#organization","name":"PVP grammok","url":"https:\/\/pvpgrams.com\/","logo":{"@type":"ImageObject","inLanguage":"hu","@id":"https:\/\/pvpgrams.com\/#\/schema\/logo\/image\/","url":"https:\/\/pvpgrams.com\/wp-content\/uploads\/2024\/10\/logo.png","contentUrl":"https:\/\/pvpgrams.com\/wp-content\/uploads\/2024\/10\/logo.png","width":181,"height":41,"caption":"PVP Grams"},"image":{"@id":"https:\/\/pvpgrams.com\/#\/schema\/logo\/image\/"}}]}},"_links":{"self":[{"href":"https:\/\/pvpgrams.com\/hu\/wp-json\/wp\/v2\/product\/1222","targetHints":{"allow":["GET"]}}],"collection":[{"href":"https:\/\/pvpgrams.com\/hu\/wp-json\/wp\/v2\/product"}],"about":[{"href":"https:\/\/pvpgrams.com\/hu\/wp-json\/wp\/v2\/types\/product"}],"replies":[{"embeddable":true,"href":"https:\/\/pvpgrams.com\/hu\/wp-json\/wp\/v2\/comments?post=1222"}],"wp:featuredmedia":[{"embeddable":true,"href":"https:\/\/pvpgrams.com\/hu\/wp-json\/wp\/v2\/media\/1430"}],"wp:attachment":[{"href":"https:\/\/pvpgrams.com\/hu\/wp-json\/wp\/v2\/media?parent=1222"}],"wp:term":[{"taxonomy":"product_brand","embeddable":true,"href":"https:\/\/pvpgrams.com\/hu\/wp-json\/wp\/v2\/product_brand?post=1222"},{"taxonomy":"product_cat","embeddable":true,"href":"https:\/\/pvpgrams.com\/hu\/wp-json\/wp\/v2\/product_cat?post=1222"},{"taxonomy":"product_tag","embeddable":true,"href":"https:\/\/pvpgrams.com\/hu\/wp-json\/wp\/v2\/product_tag?post=1222"}],"curies":[{"name":"wp","href":"https:\/\/api.w.org\/{rel}","templated":true}]}}