{"id":1224,"date":"2024-11-24T22:54:10","date_gmt":"2024-11-24T22:54:10","guid":{"rendered":"https:\/\/pvpgrams.com\/?post_type=product&#038;p=1224"},"modified":"2025-10-30T10:32:31","modified_gmt":"2025-10-30T10:32:31","slug":"6-apb","status":"publish","type":"product","link":"https:\/\/pvpgrams.com\/hu\/product\/6-apb\/","title":{"rendered":"6-APB online megv\u00e1s\u00e1rl\u00e1sa"},"content":{"rendered":"<h2 data-start=\"117\" data-end=\"171\"><strong data-start=\"117\" data-end=\"169\">V\u00e1s\u00e1roljon 6-APB-t online egy megb\u00edzhat\u00f3 kutat\u00e1si forr\u00e1sb\u00f3l<\/strong><\/h2>\n<p data-start=\"173\" data-end=\"207\"><strong data-start=\"173\" data-end=\"205\">V\u00e1s\u00e1roljon 6-APB-t online a Pvpgramsn\u00e1l<\/strong><\/p>\n<p data-start=\"209\" data-end=\"659\"><a href=\"https:\/\/pvpgrams.com\/hu\/product\/6-apb\/\">6-APB (6-(2-aminopropil)benzofur\u00e1n)<\/a> egy szintetikus vegy\u00fclet a benzofur\u00e1n oszt\u00e1lyba. A kutat\u00f3i k\u00f6z\u00f6ss\u00e9gben j\u00f3l ismert az MDMA-hoz \u00e9s az MDA-hoz val\u00f3 szerkezeti hasonl\u00f3s\u00e1ga miatt, \u00edgy kulcsfontoss\u00e1g\u00fa vegy\u00fclet a receptor-k\u00f6lcs\u00f6nhat\u00e1s \u00e9s a neurok\u00e9miai \u00fatvonalak vizsg\u00e1lat\u00e1ban. A Pvpgramsn\u00e1l kiv\u00e1l\u00f3 min\u0151s\u00e9g\u0171 6-APB-t k\u00edn\u00e1lunk kutat\u00f3k \u00e9s szakemberek sz\u00e1m\u00e1ra, akik online szeretn\u00e9nek 6-APB-t v\u00e1s\u00e1rolni, biztons\u00e1gos tranzakci\u00f3kkal, diszkr\u00e9t csomagol\u00e1ssal \u00e9s megb\u00edzhat\u00f3 sz\u00e1ll\u00edt\u00e1ssal.<\/p>\n<h3 data-start=\"661\" data-end=\"697\">A 6-APB alkalmaz\u00e1sai \u00e9s felhaszn\u00e1l\u00e1sa<\/h3>\n<p data-start=\"699\" data-end=\"743\"><strong>Tudom\u00e1nyos kutat\u00e1s \u00e9s akad\u00e9miai tanulm\u00e1nyok<\/strong><\/p>\n<p data-start=\"745\" data-end=\"1002\"><a href=\"https:\/\/en.wikipedia.org\/wiki\/6-APB\">6-APB<\/a> sz\u00e9les k\u00f6rben haszn\u00e1lj\u00e1k az idegtudom\u00e1nyban \u00e9s a farmakol\u00f3giai kutat\u00e1sban a szerotonin- \u00e9s dopaminreceptorokkal val\u00f3 k\u00f6lcs\u00f6nhat\u00e1s\u00e1nak vizsg\u00e1lat\u00e1ra. A kutat\u00f3k 6-APB-t v\u00e1s\u00e1rolnak, hogy ellen\u0151rz\u00f6tt laborat\u00f3riumi k\u00f6rnyezetben tanulm\u00e1nyozz\u00e1k szerkezeti \u00e9s funkcion\u00e1lis jellemz\u0151it.<\/p>\n<p data-start=\"1004\" data-end=\"1050\"><strong>A receptorok k\u00f6t\u00e9si dinamik\u00e1j\u00e1nak felt\u00e1r\u00e1sa<\/strong><\/p>\n<p data-start=\"1052\" data-end=\"1298\">A vegy\u00fclet egyedi szerkezete ide\u00e1liss\u00e1 teszi a receptoraktivit\u00e1s, k\u00fcl\u00f6n\u00f6sen a szerotonin-\u00fatvonalak \u00e9s a neurok\u00e9miai modul\u00e1ci\u00f3 tanulm\u00e1nyoz\u00e1s\u00e1ra. Azok, akik elad\u00f3 6-APB-t keresnek, felbecs\u00fclhetetlen \u00e9rt\u00e9k\u0171 forr\u00e1snak tal\u00e1lj\u00e1k a receptork\u00f6t\u00e9s kutat\u00e1s\u00e1ban.<\/p>\n<p data-start=\"1300\" data-end=\"1330\"><strong>Farmakol\u00f3giai \u00e9rdekl\u0151d\u00e9s<\/strong><\/p>\n<p data-start=\"1332\" data-end=\"1576\">A 6-APB-t gyakran haszn\u00e1lj\u00e1k a benzofur\u00e1n-sz\u00e1rmaz\u00e9kok \u00f6sszehasonl\u00edt\u00f3 vizsg\u00e1lataiban a lehets\u00e9ges alkalmaz\u00e1sok \u00e9s receptorrendszerekre gyakorolt \u200b\u200bhat\u00e1suk vizsg\u00e1lat\u00e1ra. A 6-APB online megrendel\u00e9se biztos\u00edtja a hozz\u00e1f\u00e9r\u00e9st egy nagy tisztas\u00e1g\u00fa, laborat\u00f3riumban tesztelt kutat\u00e1si vegyszerhez.<\/p>\n<h3 data-start=\"1578\" data-end=\"1619\">Mi\u00e9rt \u00e9rdemes 6-APB-t online v\u00e1s\u00e1rolni a Pvpgrams-t\u00f3l?<\/h3>\n<p data-start=\"1621\" data-end=\"1746\">A Pvpgrams-n\u00e1l a min\u0151s\u00e9gre, a megb\u00edzhat\u00f3s\u00e1gra \u00e9s az \u00fcgyf\u00e9l-el\u00e9gedetts\u00e9gre \u00f6sszpontos\u00edtunk, \u00edgy mi vagyunk a legjobb hely a 6-APB online v\u00e1s\u00e1rl\u00e1s\u00e1ra.<\/p>\n<p data-start=\"1748\" data-end=\"1772\"><strong data-start=\"1748\" data-end=\"1770\">Kiv\u00e1l\u00f3 min\u0151s\u00e9g\u0171 6-APB<\/strong><\/p>\n<p data-start=\"1774\" data-end=\"1905\">A 6-APB-nk laborat\u00f3riumi tesztel\u00e9sen esett \u00e1t a tisztas\u00e1g \u00e9s az \u00e1llag garant\u00e1l\u00e1sa \u00e9rdek\u00e9ben, \u00edgy alkalmas professzion\u00e1lis, tudom\u00e1nyos \u00e9s kutat\u00e1si felhaszn\u00e1l\u00e1sra.<\/p>\n<p data-start=\"1907\" data-end=\"1945\"><strong data-start=\"1907\" data-end=\"1943\">Biztons\u00e1gos \u00e9s diszkr\u00e9t tranzakci\u00f3k<\/strong><\/p>\n<p data-start=\"1947\" data-end=\"2061\">Tiszteletben tartjuk az \u00d6n adatainak v\u00e9delm\u00e9t, \u00e9s biztos\u00edtjuk, hogy minden 6-APB online v\u00e1s\u00e1rl\u00e1si megrendel\u00e9st diszkr\u00e9ten csomagoljunk \u00e9s biztons\u00e1gosan dolgozzunk fel.<\/p>\n<p data-start=\"2063\" data-end=\"2095\"><strong data-start=\"2063\" data-end=\"2093\">Gyors \u00e9s megb\u00edzhat\u00f3 sz\u00e1ll\u00edt\u00e1s<\/strong><\/p>\n<p data-start=\"2097\" data-end=\"2242\">Amikor 6-APB-t rendel t\u0151l\u00fcnk, logisztikai h\u00e1l\u00f3zatunk garant\u00e1lja az id\u0151ben t\u00f6rt\u00e9n\u0151 sz\u00e1ll\u00edt\u00e1st vil\u00e1gszerte, lehet\u0151v\u00e9 t\u00e9ve projektjei k\u00e9sedelem n\u00e9lk\u00fcli folytat\u00e1s\u00e1t.<\/p>\n<p data-start=\"2244\" data-end=\"2268\"><strong data-start=\"2244\" data-end=\"2266\">Megfizethet\u0151 \u00e1rk\u00e9pz\u00e9s<\/strong><\/p>\n<p data-start=\"2270\" data-end=\"2410\">Versenyk\u00e9pes 6-APB \u00e1r\u00fa opci\u00f3kat k\u00edn\u00e1lunk a min\u0151s\u00e9g fel\u00e1ldoz\u00e1sa n\u00e9lk\u00fcl, kiv\u00e1l\u00f3 \u00e9rt\u00e9ket biztos\u00edtva kutat\u00f3k \u00e9s min\u0151s\u00edtett v\u00e1s\u00e1rl\u00f3k sz\u00e1m\u00e1ra.<\/p>\n<h3 data-start=\"2412\" data-end=\"2436\">Hol lehet megv\u00e1s\u00e1rolni a 6-APB-t<\/h3>\n<p data-start=\"2438\" data-end=\"2607\">K\u00edv\u00e1ncsi, hol lehet 6-APB-t v\u00e1s\u00e1rolni? A Pvpgrams egy megb\u00edzhat\u00f3, hiteles besz\u00e1ll\u00edt\u00f3, amely ellen\u0151rz\u00f6tt, nagy tisztas\u00e1g\u00fa term\u00e9keket \u00e9s \u00e1tl\u00e1that\u00f3 dokument\u00e1ci\u00f3t k\u00edn\u00e1l kutat\u00e1si c\u00e9lokra.<\/p>\n<h3 data-start=\"2609\" data-end=\"2637\">V\u00e1s\u00e1roljon 6-APB-t online ma<\/h3>\n<p data-start=\"2639\" data-end=\"2984\">Megb\u00edzhat\u00f3 forr\u00e1sb\u00f3l keres 6-APB-t? A Pvpgramsn\u00e1l pr\u00e9mium min\u0151s\u00e9g\u0171 6-APB-t k\u00edn\u00e1lunk biztons\u00e1gos online v\u00e1s\u00e1rl\u00e1ssal, gyors sz\u00e1ll\u00edt\u00e1ssal \u00e9s kiv\u00e9teles \u00fcgyf\u00e9lszolg\u00e1lattal. Ak\u00e1r kutat\u00e1sr\u00f3l, ak\u00e1r analitikai tanulm\u00e1nyr\u00f3l van sz\u00f3, v\u00e1s\u00e1roljon 6-APB-t online m\u00e9g ma, \u00e9s tapasztalja meg a megb\u00edzhat\u00f3 besz\u00e1ll\u00edt\u00f3val val\u00f3 egy\u00fcttm\u0171k\u00f6d\u00e9s k\u00e9nyelm\u00e9t, biztons\u00e1g\u00e1t \u00e9s megb\u00edzhat\u00f3s\u00e1g\u00e1t.<\/p>","protected":false},"excerpt":{"rendered":"<p><strong>5-MeO-DMT (5-Methoxy-N,N-dimetiltriptamin)<\/strong> egy term\u00e9szetben el\u0151fordul\u00f3 triptamin vegy\u00fclet, amely h\u00edres a <strong>pszichedelikus \u00e9s entheog\u00e9n hat\u00e1sok<\/strong>. A n\u00f6v\u00e9nyekben \u00e9s bizonyos \u00e1llatfajokban tal\u00e1lhat\u00f3, sz\u00e9les k\u00f6rben tanulm\u00e1nyozz\u00e1k a <strong>idegtudom\u00e1ny<\/strong>, <strong>pszichedelikus kutat\u00e1s<\/strong>, \u00e9s <strong>k\u00e9miai elemz\u00e9s<\/strong>. A Factorysonn\u00e1l, mi biztos\u00edtjuk <strong>nagy tisztas\u00e1g\u00fa 5-MeO-DMT<\/strong> a  oldalon. <strong>kutat\u00e1s \u00e9s ipari alkalmaz\u00e1sok<\/strong>, biztos\u00edtva a pr\u00e9mium min\u0151s\u00e9get \u00e9s a biztons\u00e1gos sz\u00e1ll\u00edt\u00e1st.<\/p>\n<h3><strong>Hogyan m\u0171k\u00f6dik az 5-MeO-DMT<\/strong><\/h3>\n<p>Az 5-MeO-DMT els\u0151sorban \u00fagy m\u0171k\u00f6dik, mint egy <strong>agonista<\/strong> a  c\u00edmen. <strong>5-HT1A \u00e9s 5-HT2A szerotonin receptorok<\/strong>, ami az \u00e9rz\u00e9kel\u00e9s, a hangulat \u00e9s a megismer\u00e9s m\u00e9lyrehat\u00f3 megv\u00e1ltoz\u00e1s\u00e1hoz vezet. Gyorsan fell\u00e9p\u0151 \u00e9s intenz\u00edv hat\u00e1sa \u00e9rt\u00e9kes vegy\u00fclett\u00e9 teszi a k\u00f6vetkez\u0151k tanulm\u00e1nyoz\u00e1s\u00e1hoz <strong>tudatoss\u00e1g<\/strong> \u00e9s <strong>neurotranszmitter k\u00f6lcs\u00f6nhat\u00e1sok<\/strong>.<\/p>\n<h3><strong>Term\u00e9k formula<\/strong><\/h3>\n<ul>\n<li><strong>K\u00e9miai n\u00e9v<\/strong>: 5-Metoxi-N,N-dimetiltriptamin<\/li>\n<li><strong>Molekul\u00e1ris k\u00e9plet<\/strong>: C13H18N2O<\/li>\n<li><strong>Mol\u00e1ris t\u00f6meg<\/strong>: 218,3 g\/mol<\/li>\n<\/ul>","protected":false},"featured_media":1429,"comment_status":"open","ping_status":"closed","template":"","meta":{"_kadence_starter_templates_imported_post":false,"_kad_post_transparent":"default","_kad_post_title":"","_kad_post_layout":"default","_kad_post_sidebar_id":"","_kad_post_content_style":"default","_kad_post_vertical_padding":"default","_kad_post_feature":"","_kad_post_feature_position":"","_kad_post_header":false,"_kad_post_footer":false,"_joinchat":[]},"product_brand":[],"product_cat":[51,53,54,56,58],"product_tag":[],"class_list":{"0":"post-1224","1":"product","2":"type-product","3":"status-publish","4":"has-post-thumbnail","6":"product_cat-2cb","7":"product_cat-4-aco-dmt","8":"product_cat-4-mmc","9":"product_cat-6-apb","10":"product_cat-dmt","12":"first","13":"instock","14":"shipping-taxable","15":"purchasable","16":"product-type-variable","17":"entry","18":"content-bg","19":"loop-entry"},"yoast_head":"<!-- This site is optimized with the Yoast SEO plugin v26.5 - https:\/\/yoast.com\/wordpress\/plugins\/seo\/ -->\n<title>6-APB for Sale - Buy 6-APB Powder Online | PVP Grams<\/title>\n<meta name=\"description\" content=\"Get 6-apb for sale at one of the best online stores pvpgrams. We will help you buy 6-apb online of high quality. Don&#039;t delay to place your order and take advantage of the newest discounts!\" \/>\n<meta name=\"robots\" content=\"index, follow, max-snippet:-1, max-image-preview:large, max-video-preview:-1\" \/>\n<link rel=\"canonical\" href=\"https:\/\/pvpgrams.com\/hu\/product\/6-apb\/\" \/>\n<meta property=\"og:locale\" content=\"hu_HU\" \/>\n<meta property=\"og:type\" content=\"article\" \/>\n<meta property=\"og:title\" content=\"6-APB for Sale - Buy 6-APB Powder Online | PVP Grams\" \/>\n<meta property=\"og:description\" content=\"Get 6-apb for sale at one of the best online stores pvpgrams. We will help you buy 6-apb online of high quality. Don&#039;t delay to place your order and take advantage of the newest discounts!\" \/>\n<meta property=\"og:url\" content=\"https:\/\/pvpgrams.com\/hu\/product\/6-apb\/\" \/>\n<meta property=\"og:site_name\" content=\"PVP Grams\" \/>\n<meta property=\"article:modified_time\" content=\"2025-10-30T10:32:31+00:00\" \/>\n<meta property=\"og:image\" content=\"https:\/\/pvpgrams.com\/wp-content\/uploads\/2024\/11\/Buy-6-APB-Online.jpg\" \/>\n\t<meta property=\"og:image:width\" content=\"600\" \/>\n\t<meta property=\"og:image:height\" content=\"600\" \/>\n\t<meta property=\"og:image:type\" content=\"image\/jpeg\" \/>\n<meta name=\"twitter:card\" content=\"summary_large_image\" \/>\n<meta name=\"twitter:label1\" content=\"Becs\u00fclt olvas\u00e1si id\u0151\" \/>\n\t<meta name=\"twitter:data1\" content=\"2 perc\" \/>\n<script type=\"application\/ld+json\" class=\"yoast-schema-graph\">{\"@context\":\"https:\/\/schema.org\",\"@graph\":[{\"@type\":[\"WebPage\",\"ItemPage\"],\"@id\":\"https:\/\/pvpgrams.com\/product\/6-apb\/\",\"url\":\"https:\/\/pvpgrams.com\/product\/6-apb\/\",\"name\":\"6-APB for Sale - Buy 6-APB Powder Online | PVP Grams\",\"isPartOf\":{\"@id\":\"https:\/\/pvpgrams.com\/#website\"},\"primaryImageOfPage\":{\"@id\":\"https:\/\/pvpgrams.com\/product\/6-apb\/#primaryimage\"},\"image\":{\"@id\":\"https:\/\/pvpgrams.com\/product\/6-apb\/#primaryimage\"},\"thumbnailUrl\":\"https:\/\/pvpgrams.com\/wp-content\/uploads\/2024\/11\/Buy-6-APB-Online.jpg\",\"datePublished\":\"2024-11-24T22:54:10+00:00\",\"dateModified\":\"2025-10-30T10:32:31+00:00\",\"description\":\"Get 6-apb for sale at one of the best online stores pvpgrams. We will help you buy 6-apb online of high quality. Don't delay to place your order and take advantage of the newest discounts!\",\"breadcrumb\":{\"@id\":\"https:\/\/pvpgrams.com\/product\/6-apb\/#breadcrumb\"},\"inLanguage\":\"hu\",\"potentialAction\":[{\"@type\":\"ReadAction\",\"target\":[\"https:\/\/pvpgrams.com\/product\/6-apb\/\"]}]},{\"@type\":\"ImageObject\",\"inLanguage\":\"hu\",\"@id\":\"https:\/\/pvpgrams.com\/product\/6-apb\/#primaryimage\",\"url\":\"https:\/\/pvpgrams.com\/wp-content\/uploads\/2024\/11\/Buy-6-APB-Online.jpg\",\"contentUrl\":\"https:\/\/pvpgrams.com\/wp-content\/uploads\/2024\/11\/Buy-6-APB-Online.jpg\",\"width\":600,\"height\":600,\"caption\":\"Buy-6-APB-Online\"},{\"@type\":\"BreadcrumbList\",\"@id\":\"https:\/\/pvpgrams.com\/product\/6-apb\/#breadcrumb\",\"itemListElement\":[{\"@type\":\"ListItem\",\"position\":1,\"name\":\"Home\",\"item\":\"https:\/\/pvpgrams.com\/\"},{\"@type\":\"ListItem\",\"position\":2,\"name\":\"Shop\",\"item\":\"https:\/\/pvpgrams.com\/shop\/\"},{\"@type\":\"ListItem\",\"position\":3,\"name\":\"Buy 6-APB Online\"}]},{\"@type\":\"WebSite\",\"@id\":\"https:\/\/pvpgrams.com\/#website\",\"url\":\"https:\/\/pvpgrams.com\/\",\"name\":\"PVP Grams\",\"description\":\"\",\"publisher\":{\"@id\":\"https:\/\/pvpgrams.com\/#organization\"},\"potentialAction\":[{\"@type\":\"SearchAction\",\"target\":{\"@type\":\"EntryPoint\",\"urlTemplate\":\"https:\/\/pvpgrams.com\/?s={search_term_string}\"},\"query-input\":{\"@type\":\"PropertyValueSpecification\",\"valueRequired\":true,\"valueName\":\"search_term_string\"}}],\"inLanguage\":\"hu\"},{\"@type\":\"Organization\",\"@id\":\"https:\/\/pvpgrams.com\/#organization\",\"name\":\"PVP Grams\",\"url\":\"https:\/\/pvpgrams.com\/\",\"logo\":{\"@type\":\"ImageObject\",\"inLanguage\":\"hu\",\"@id\":\"https:\/\/pvpgrams.com\/#\/schema\/logo\/image\/\",\"url\":\"https:\/\/pvpgrams.com\/wp-content\/uploads\/2024\/10\/logo.png\",\"contentUrl\":\"https:\/\/pvpgrams.com\/wp-content\/uploads\/2024\/10\/logo.png\",\"width\":181,\"height\":41,\"caption\":\"PVP Grams\"},\"image\":{\"@id\":\"https:\/\/pvpgrams.com\/#\/schema\/logo\/image\/\"}}]}<\/script>\n<!-- \/ Yoast SEO plugin. -->","yoast_head_json":{"title":"6-APB elad\u00f3 - V\u00e1s\u00e1roljon 6-APB port online | PVP Grams","description":"Kap 6-apb elad\u00f3 az egyik legjobb online \u00e1ruh\u00e1zban pvpgrams. Seg\u00edt\u00fcnk v\u00e1s\u00e1rolni 6-apb online kiv\u00e1l\u00f3 min\u0151s\u00e9g\u0171. Ne k\u00e9slekedjen a rendel\u00e9ssel \u00e9s haszn\u00e1lja ki a leg\u00fajabb kedvezm\u00e9nyeket!","robots":{"index":"index","follow":"follow","max-snippet":"max-snippet:-1","max-image-preview":"max-image-preview:large","max-video-preview":"max-video-preview:-1"},"canonical":"https:\/\/pvpgrams.com\/hu\/product\/6-apb\/","og_locale":"hu_HU","og_type":"article","og_title":"6-APB for Sale - Buy 6-APB Powder Online | PVP Grams","og_description":"Get 6-apb for sale at one of the best online stores pvpgrams. We will help you buy 6-apb online of high quality. Don't delay to place your order and take advantage of the newest discounts!","og_url":"https:\/\/pvpgrams.com\/hu\/product\/6-apb\/","og_site_name":"PVP Grams","article_modified_time":"2025-10-30T10:32:31+00:00","og_image":[{"width":600,"height":600,"url":"https:\/\/pvpgrams.com\/wp-content\/uploads\/2024\/11\/Buy-6-APB-Online.jpg","type":"image\/jpeg"}],"twitter_card":"summary_large_image","twitter_misc":{"Becs\u00fclt olvas\u00e1si id\u0151":"2 perc"},"schema":{"@context":"https:\/\/schema.org","@graph":[{"@type":["WebPage","ItemPage"],"@id":"https:\/\/pvpgrams.com\/product\/6-apb\/","url":"https:\/\/pvpgrams.com\/product\/6-apb\/","name":"6-APB elad\u00f3 - V\u00e1s\u00e1roljon 6-APB port online | PVP Grams","isPartOf":{"@id":"https:\/\/pvpgrams.com\/#website"},"primaryImageOfPage":{"@id":"https:\/\/pvpgrams.com\/product\/6-apb\/#primaryimage"},"image":{"@id":"https:\/\/pvpgrams.com\/product\/6-apb\/#primaryimage"},"thumbnailUrl":"https:\/\/pvpgrams.com\/wp-content\/uploads\/2024\/11\/Buy-6-APB-Online.jpg","datePublished":"2024-11-24T22:54:10+00:00","dateModified":"2025-10-30T10:32:31+00:00","description":"Kap 6-apb elad\u00f3 az egyik legjobb online \u00e1ruh\u00e1zban pvpgrams. Seg\u00edt\u00fcnk v\u00e1s\u00e1rolni 6-apb online kiv\u00e1l\u00f3 min\u0151s\u00e9g\u0171. Ne k\u00e9slekedjen a rendel\u00e9ssel \u00e9s haszn\u00e1lja ki a leg\u00fajabb kedvezm\u00e9nyeket!","breadcrumb":{"@id":"https:\/\/pvpgrams.com\/product\/6-apb\/#breadcrumb"},"inLanguage":"hu","potentialAction":[{"@type":"ReadAction","target":["https:\/\/pvpgrams.com\/product\/6-apb\/"]}]},{"@type":"ImageObject","inLanguage":"hu","@id":"https:\/\/pvpgrams.com\/product\/6-apb\/#primaryimage","url":"https:\/\/pvpgrams.com\/wp-content\/uploads\/2024\/11\/Buy-6-APB-Online.jpg","contentUrl":"https:\/\/pvpgrams.com\/wp-content\/uploads\/2024\/11\/Buy-6-APB-Online.jpg","width":600,"height":600,"caption":"Buy-6-APB-Online"},{"@type":"BreadcrumbList","@id":"https:\/\/pvpgrams.com\/product\/6-apb\/#breadcrumb","itemListElement":[{"@type":"ListItem","position":1,"name":"Home","item":"https:\/\/pvpgrams.com\/"},{"@type":"ListItem","position":2,"name":"Shop","item":"https:\/\/pvpgrams.com\/shop\/"},{"@type":"ListItem","position":3,"name":"Buy 6-APB Online"}]},{"@type":"WebSite","@id":"https:\/\/pvpgrams.com\/#website","url":"https:\/\/pvpgrams.com\/","name":"PVP grammok","description":"","publisher":{"@id":"https:\/\/pvpgrams.com\/#organization"},"potentialAction":[{"@type":"SearchAction","target":{"@type":"EntryPoint","urlTemplate":"https:\/\/pvpgrams.com\/?s={search_term_string}"},"query-input":{"@type":"PropertyValueSpecification","valueRequired":true,"valueName":"search_term_string"}}],"inLanguage":"hu"},{"@type":"Organization","@id":"https:\/\/pvpgrams.com\/#organization","name":"PVP grammok","url":"https:\/\/pvpgrams.com\/","logo":{"@type":"ImageObject","inLanguage":"hu","@id":"https:\/\/pvpgrams.com\/#\/schema\/logo\/image\/","url":"https:\/\/pvpgrams.com\/wp-content\/uploads\/2024\/10\/logo.png","contentUrl":"https:\/\/pvpgrams.com\/wp-content\/uploads\/2024\/10\/logo.png","width":181,"height":41,"caption":"PVP Grams"},"image":{"@id":"https:\/\/pvpgrams.com\/#\/schema\/logo\/image\/"}}]}},"_links":{"self":[{"href":"https:\/\/pvpgrams.com\/hu\/wp-json\/wp\/v2\/product\/1224","targetHints":{"allow":["GET"]}}],"collection":[{"href":"https:\/\/pvpgrams.com\/hu\/wp-json\/wp\/v2\/product"}],"about":[{"href":"https:\/\/pvpgrams.com\/hu\/wp-json\/wp\/v2\/types\/product"}],"replies":[{"embeddable":true,"href":"https:\/\/pvpgrams.com\/hu\/wp-json\/wp\/v2\/comments?post=1224"}],"wp:featuredmedia":[{"embeddable":true,"href":"https:\/\/pvpgrams.com\/hu\/wp-json\/wp\/v2\/media\/1429"}],"wp:attachment":[{"href":"https:\/\/pvpgrams.com\/hu\/wp-json\/wp\/v2\/media?parent=1224"}],"wp:term":[{"taxonomy":"product_brand","embeddable":true,"href":"https:\/\/pvpgrams.com\/hu\/wp-json\/wp\/v2\/product_brand?post=1224"},{"taxonomy":"product_cat","embeddable":true,"href":"https:\/\/pvpgrams.com\/hu\/wp-json\/wp\/v2\/product_cat?post=1224"},{"taxonomy":"product_tag","embeddable":true,"href":"https:\/\/pvpgrams.com\/hu\/wp-json\/wp\/v2\/product_tag?post=1224"}],"curies":[{"name":"wp","href":"https:\/\/api.w.org\/{rel}","templated":true}]}}