{"id":1437,"date":"2025-04-09T11:06:08","date_gmt":"2025-04-09T11:06:08","guid":{"rendered":"https:\/\/pvpgrams.com\/?post_type=product&#038;p=1437"},"modified":"2025-08-30T17:06:49","modified_gmt":"2025-08-30T17:06:49","slug":"buy-3-mmc-online-copy","status":"publish","type":"product","link":"https:\/\/pvpgrams.com\/hu\/product\/buy-3-mmc-online-copy\/","title":{"rendered":"V\u00e1s\u00e1rl\u00e1s 3-MMC online (m\u00e1solat)"},"content":{"rendered":"<h2 data-start=\"110\" data-end=\"164\"><strong data-start=\"110\" data-end=\"162\">V\u00e1s\u00e1roljon 3-MMC-t online egy megb\u00edzhat\u00f3 kutat\u00e1si forr\u00e1sb\u00f3l<\/strong><\/h2>\n<p data-start=\"166\" data-end=\"200\"><strong data-start=\"166\" data-end=\"198\">V\u00e1s\u00e1roljon 3-MMC-t online a Pvpgramsn\u00e1l<\/strong><\/p>\n<p data-start=\"202\" data-end=\"612\"><a href=\"https:\/\/pvpgrams.com\/hu\/product\/buy-3-mmc-online-copy\/\">3-MMC (3-metilmetkatinon)<\/a> Egy sokoldal\u00fa \u00e9s sz\u00e9les k\u00f6rben kutatott k\u00e9miai vegy\u00fclet, amely a katinon oszt\u00e1lyba tartozik. Egyedi tulajdons\u00e1gair\u00f3l ismert 3-MMC n\u00e9pszer\u0171v\u00e9 v\u00e1lt kutat\u00e1si \u00e9s tudom\u00e1nyos c\u00e9lokra. A Pvpgramsn\u00e1l b\u00fcszk\u00e9k vagyunk arra, hogy megb\u00edzhat\u00f3 forr\u00e1st k\u00e9pvisel\u00fcnk a 3-MMC online v\u00e1s\u00e1rl\u00e1s\u00e1hoz, \u00e9s megb\u00edzhat\u00f3 szolg\u00e1ltat\u00e1ssal, biztons\u00e1gos tranzakci\u00f3kkal \u00e9s gyors sz\u00e1ll\u00edt\u00e1ssal biztos\u00edtjuk az \u00fcgyfelek el\u00e9gedetts\u00e9g\u00e9t.<\/p>\n<h3 data-start=\"614\" data-end=\"650\">A 3-MMC alkalmaz\u00e1sai \u00e9s felhaszn\u00e1l\u00e1sa<\/h3>\n<p data-start=\"652\" data-end=\"693\">Tudom\u00e1nyos kutat\u00e1s \u00e9s fejleszt\u00e9s<\/p>\n<p data-start=\"695\" data-end=\"945\"><a href=\"https:\/\/en.wikipedia.org\/wiki\/3-Methylmethcathinone\">3-MMC<\/a> laborat\u00f3riumok \u00e9s kutat\u00f3k gyakran haszn\u00e1lj\u00e1k k\u00e9miai szerkezet\u00e9nek \u00e9s k\u00fcl\u00f6nb\u00f6z\u0151 biol\u00f3giai \u00fatvonalakkal val\u00f3 k\u00f6lcs\u00f6nhat\u00e1s\u00e1nak vizsg\u00e1lat\u00e1ra. Idegtudom\u00e1nyi \u00e9s farmakol\u00f3giai alkalmaz\u00e1si lehet\u0151s\u00e9gei tudom\u00e1nyos \u00e9rdekl\u0151d\u00e9sre sz\u00e1mot tart\u00f3 vegy\u00fclett\u00e9 teszik.<\/p>\n<p data-start=\"947\" data-end=\"987\">Felt\u00e1r\u00f3 \u00e9s kontroll\u00e1lt vizsg\u00e1latok<\/p>\n<p data-start=\"989\" data-end=\"1108\">Sok kutat\u00f3 \u00e9s k\u00e9pzett felhaszn\u00e1l\u00f3 rendel 3-MMC-t, hogy ellen\u0151rz\u00f6tt tudom\u00e1nyos k\u00f6rnyezetben vizsg\u00e1lja tulajdons\u00e1gait.<\/p>\n<p data-start=\"1110\" data-end=\"1130\"><strong data-start=\"1110\" data-end=\"1128\">Akad\u00e9miai tanulm\u00e1ny<\/strong><\/p>\n<p data-start=\"1132\" data-end=\"1287\">A 3-MMC szerepet j\u00e1tszik a katinonsz\u00e1rmaz\u00e9kokra \u00f6sszpontos\u00edt\u00f3 vizsg\u00e1latokban, seg\u00edtve a kutat\u00f3kat a k\u00e9miai \u00e9s farmakol\u00f3giai tulajdons\u00e1gaik jobb meg\u00e9rt\u00e9s\u00e9ben.<\/p>\n<h3 data-start=\"1289\" data-end=\"1330\">Mi\u00e9rt \u00e9rdemes 3-MMC-t online v\u00e1s\u00e1rolni a Pvpgrams-t\u00f3l?<\/h3>\n<p data-start=\"1332\" data-end=\"1451\">A Pvpgramsn\u00e1l arra \u00f6sszpontos\u00edtunk, hogy a legjobb min\u0151s\u00e9get \u00e9s szolg\u00e1ltat\u00e1st ny\u00fajtsuk a 3-MMC-t v\u00e1s\u00e1rolni k\u00edv\u00e1n\u00f3k ig\u00e9nyeinek kiel\u00e9g\u00edt\u00e9s\u00e9re.<\/p>\n<p data-start=\"1453\" data-end=\"1477\"><strong>Kiv\u00e1l\u00f3 min\u0151s\u00e9g\u0171 3-MMC<\/strong><\/p>\n<p data-start=\"1479\" data-end=\"1632\">3-MMC-nket beszerezz\u00fck \u00e9s laborat\u00f3riumban tesztelj\u00fck a legmagasabb tisztas\u00e1g \u00e9s konzisztencia biztos\u00edt\u00e1sa \u00e9rdek\u00e9ben, \u00edgy ide\u00e1lis professzion\u00e1lis \u00e9s tudom\u00e1nyos kutat\u00e1shoz.<\/p>\n<p data-start=\"1634\" data-end=\"1670\"><strong>Diszkr\u00e9t \u00e9s biztons\u00e1gos v\u00e1s\u00e1rl\u00e1s<\/strong><\/p>\n<p data-start=\"1672\" data-end=\"1807\">Tiszteletben tartjuk az \u00d6n adatainak v\u00e9delm\u00e9t, \u00e9s biztos\u00edtjuk, hogy minden 3-MMC online v\u00e1s\u00e1rl\u00e1si megrendel\u00e9st diszkr\u00e9t csomagol\u00e1sban \u00e9s biztons\u00e1gos fizet\u00e9si m\u00f3dokkal kezelj\u00fcnk.<\/p>\n<p data-start=\"1809\" data-end=\"1841\"><strong>Gyors \u00e9s megb\u00edzhat\u00f3 sz\u00e1ll\u00edt\u00e1s<\/strong><\/p>\n<p data-start=\"1843\" data-end=\"1950\">Logisztikai h\u00e1l\u00f3zatunk biztos\u00edtja az id\u0151ben t\u00f6rt\u00e9n\u0151 kisz\u00e1ll\u00edt\u00e1st a 3-MMC megrendel\u00e9se eset\u00e9n, \u00edgy projektjei a tervek szerint haladnak.<\/p>\n<h3 data-start=\"2123\" data-end=\"2154\">Hol lehet 3-MMC-t v\u00e1s\u00e1rolni online?<\/h3>\n<p data-start=\"2156\" data-end=\"2375\">Megb\u00edzhat\u00f3 forr\u00e1st keresel 3-MMC v\u00e1s\u00e1rl\u00e1s\u00e1hoz? A Pvpgrams a legjobb online 3-MMC v\u00e1s\u00e1rl\u00e1si helyk\u00e9nt ismert. Minden term\u00e9k\u00fcnk min\u0151s\u00e9gellen\u0151rz\u00e9sen esik \u00e1t, \u00e9s \u00e1tl\u00e1that\u00f3 dokument\u00e1ci\u00f3val rendelkezik kutat\u00e1si c\u00e9lokra.<\/p>\n<h3 data-start=\"2377\" data-end=\"2405\">V\u00e1s\u00e1roljon 3-MMC-t online ma<\/h3>\n<p data-start=\"2407\" data-end=\"2743\">Ak\u00e1r kutat\u00f3, akad\u00e9mikus vagy felfedez\u0151 vagy, a Pvpgrams egyszer\u0171v\u00e9 \u00e9s biztons\u00e1goss\u00e1 teszi a 3-MMC online v\u00e1s\u00e1rl\u00e1s\u00e1t. Tal\u00e1lj elad\u00f3 3-MMC-t garant\u00e1lt tisztas\u00e1ggal, megb\u00edzhat\u00f3 sz\u00e1ll\u00edt\u00e1ssal \u00e9s \u00fcgyf\u00e9lk\u00f6zpont\u00fa szolg\u00e1ltat\u00e1ssal. Tapasztald meg a v\u00e1s\u00e1rl\u00e1s k\u00e9nyelm\u00e9t \u00e9s megb\u00edzhat\u00f3s\u00e1g\u00e1t egy megb\u00edzhat\u00f3 besz\u00e1ll\u00edt\u00f3t\u00f3l, ha m\u00e9g ma 3-MMC-t rendelsz a Pvpgrams-t\u00f3l.<\/p>","protected":false},"excerpt":{"rendered":"<p><strong>3-MMC (3-metilmetkatinon)<\/strong> a katinonok oszt\u00e1ly\u00e1ba tartoz\u00f3 szintetikus stimul\u00e1ns, amely szerkezetileg a mefedron (4-MMC) rokona. A stimul\u00e1l\u00f3 \u00e9s empatog\u00e9n hat\u00e1sair\u00f3l ismert 3-MMC-t gyakran haszn\u00e1lj\u00e1k kutat\u00e1si vagy rekre\u00e1ci\u00f3s c\u00e9lokra. Fokozza az energi\u00e1t, a f\u00f3kuszt \u00e9s a t\u00e1rsadalmi elk\u00f6telezetts\u00e9get, ami n\u00e9pszer\u0171v\u00e9 teszi bizonyos felhaszn\u00e1l\u00f3i csoportok k\u00f6r\u00e9ben. A korl\u00e1tozott kutat\u00e1sok miatt azonban biztons\u00e1gi profilja \u00e9s hossz\u00fa t\u00e1v\u00fa hat\u00e1sai tov\u00e1bbra is kev\u00e9ss\u00e9 ismertek.<\/p>\n<h3><strong>K\u00e9miai \u00e9s fizikai r\u00e9szletek<\/strong><\/h3>\n<p><strong>Molekul\u00e1ris k\u00e9plet<\/strong>: C11H15NO<br \/>\n<strong>IUPAC n\u00e9v<\/strong>: 2-(metilamino)-1-(3-metilfenil)propan-1-on<br \/>\n<strong>Mol\u00e1ris t\u00f6meg<\/strong>: 177,25 g\/mol<br \/>\n<strong>K\u00e9miai oszt\u00e1ly<\/strong>: Szintetikus katinon \/ Stimul\u00e1ns<br \/>\n<strong>Megjelen\u00e9s<\/strong>: \u00c1ltal\u00e1ban por, krist\u00e1lyok vagy kapszul\u00e1k form\u00e1j\u00e1ban kaphat\u00f3.<\/p>","protected":false},"featured_media":1445,"comment_status":"open","ping_status":"closed","template":"","meta":{"_kadence_starter_templates_imported_post":false,"_kad_post_transparent":"default","_kad_post_title":"","_kad_post_layout":"default","_kad_post_sidebar_id":"","_kad_post_content_style":"default","_kad_post_vertical_padding":"default","_kad_post_feature":"","_kad_post_feature_position":"","_kad_post_header":false,"_kad_post_footer":false,"_joinchat":[]},"product_brand":[],"product_cat":[52],"product_tag":[],"class_list":{"0":"post-1437","1":"product","2":"type-product","3":"status-publish","4":"has-post-thumbnail","6":"product_cat-3-mmc","8":"first","9":"instock","10":"shipping-taxable","11":"purchasable","12":"product-type-variable","13":"entry","14":"content-bg","15":"loop-entry"},"yoast_head":"<!-- This site is optimized with the Yoast SEO plugin v26.5 - https:\/\/yoast.com\/wordpress\/plugins\/seo\/ -->\n<title>3-MMC for Sale - Buy 3-MMC Powder Online | PVP Grams<\/title>\n<meta name=\"description\" content=\"Explore our online store for 3-mmc for sale, offering high-quality 3-mmc powder. Buy 3mmc online securely and embark on your research journey with confidence.\" \/>\n<meta name=\"robots\" content=\"index, follow, max-snippet:-1, max-image-preview:large, max-video-preview:-1\" \/>\n<link rel=\"canonical\" href=\"https:\/\/pvpgrams.com\/hu\/product\/buy-3-mmc-online-copy\/\" \/>\n<meta property=\"og:locale\" content=\"hu_HU\" \/>\n<meta property=\"og:type\" content=\"article\" \/>\n<meta property=\"og:title\" content=\"3-MMC for Sale - Buy 3-MMC Powder Online | PVP Grams\" \/>\n<meta property=\"og:description\" content=\"Explore our online store for 3-mmc for sale, offering high-quality 3-mmc powder. Buy 3mmc online securely and embark on your research journey with confidence.\" \/>\n<meta property=\"og:url\" content=\"https:\/\/pvpgrams.com\/hu\/product\/buy-3-mmc-online-copy\/\" \/>\n<meta property=\"og:site_name\" content=\"PVP Grams\" \/>\n<meta property=\"article:modified_time\" content=\"2025-08-30T17:06:49+00:00\" \/>\n<meta property=\"og:image\" content=\"https:\/\/pvpgrams.com\/wp-content\/uploads\/2025\/04\/Buy-3-MMC-Online.jpg\" \/>\n\t<meta property=\"og:image:width\" content=\"600\" \/>\n\t<meta property=\"og:image:height\" content=\"600\" \/>\n\t<meta property=\"og:image:type\" content=\"image\/jpeg\" \/>\n<meta name=\"twitter:card\" content=\"summary_large_image\" \/>\n<meta name=\"twitter:label1\" content=\"Becs\u00fclt olvas\u00e1si id\u0151\" \/>\n\t<meta name=\"twitter:data1\" content=\"2 perc\" \/>\n<script type=\"application\/ld+json\" class=\"yoast-schema-graph\">{\"@context\":\"https:\/\/schema.org\",\"@graph\":[{\"@type\":[\"WebPage\",\"ItemPage\"],\"@id\":\"https:\/\/pvpgrams.com\/product\/buy-3-mmc-online-copy\/\",\"url\":\"https:\/\/pvpgrams.com\/product\/buy-3-mmc-online-copy\/\",\"name\":\"3-MMC for Sale - Buy 3-MMC Powder Online | PVP Grams\",\"isPartOf\":{\"@id\":\"https:\/\/pvpgrams.com\/#website\"},\"primaryImageOfPage\":{\"@id\":\"https:\/\/pvpgrams.com\/product\/buy-3-mmc-online-copy\/#primaryimage\"},\"image\":{\"@id\":\"https:\/\/pvpgrams.com\/product\/buy-3-mmc-online-copy\/#primaryimage\"},\"thumbnailUrl\":\"https:\/\/pvpgrams.com\/wp-content\/uploads\/2025\/04\/Buy-3-MMC-Online.jpg\",\"datePublished\":\"2025-04-09T11:06:08+00:00\",\"dateModified\":\"2025-08-30T17:06:49+00:00\",\"description\":\"Explore our online store for 3-mmc for sale, offering high-quality 3-mmc powder. Buy 3mmc online securely and embark on your research journey with confidence.\",\"breadcrumb\":{\"@id\":\"https:\/\/pvpgrams.com\/product\/buy-3-mmc-online-copy\/#breadcrumb\"},\"inLanguage\":\"hu\",\"potentialAction\":[{\"@type\":\"ReadAction\",\"target\":[\"https:\/\/pvpgrams.com\/product\/buy-3-mmc-online-copy\/\"]}]},{\"@type\":\"ImageObject\",\"inLanguage\":\"hu\",\"@id\":\"https:\/\/pvpgrams.com\/product\/buy-3-mmc-online-copy\/#primaryimage\",\"url\":\"https:\/\/pvpgrams.com\/wp-content\/uploads\/2025\/04\/Buy-3-MMC-Online.jpg\",\"contentUrl\":\"https:\/\/pvpgrams.com\/wp-content\/uploads\/2025\/04\/Buy-3-MMC-Online.jpg\",\"width\":600,\"height\":600,\"caption\":\"Buy-3-MMC-Online\"},{\"@type\":\"BreadcrumbList\",\"@id\":\"https:\/\/pvpgrams.com\/product\/buy-3-mmc-online-copy\/#breadcrumb\",\"itemListElement\":[{\"@type\":\"ListItem\",\"position\":1,\"name\":\"Home\",\"item\":\"https:\/\/pvpgrams.com\/\"},{\"@type\":\"ListItem\",\"position\":2,\"name\":\"Shop\",\"item\":\"https:\/\/pvpgrams.com\/shop\/\"},{\"@type\":\"ListItem\",\"position\":3,\"name\":\"Buy 3-MMC Online (Copy)\"}]},{\"@type\":\"WebSite\",\"@id\":\"https:\/\/pvpgrams.com\/#website\",\"url\":\"https:\/\/pvpgrams.com\/\",\"name\":\"PVP Grams\",\"description\":\"\",\"publisher\":{\"@id\":\"https:\/\/pvpgrams.com\/#organization\"},\"potentialAction\":[{\"@type\":\"SearchAction\",\"target\":{\"@type\":\"EntryPoint\",\"urlTemplate\":\"https:\/\/pvpgrams.com\/?s={search_term_string}\"},\"query-input\":{\"@type\":\"PropertyValueSpecification\",\"valueRequired\":true,\"valueName\":\"search_term_string\"}}],\"inLanguage\":\"hu\"},{\"@type\":\"Organization\",\"@id\":\"https:\/\/pvpgrams.com\/#organization\",\"name\":\"PVP Grams\",\"url\":\"https:\/\/pvpgrams.com\/\",\"logo\":{\"@type\":\"ImageObject\",\"inLanguage\":\"hu\",\"@id\":\"https:\/\/pvpgrams.com\/#\/schema\/logo\/image\/\",\"url\":\"https:\/\/pvpgrams.com\/wp-content\/uploads\/2024\/10\/logo.png\",\"contentUrl\":\"https:\/\/pvpgrams.com\/wp-content\/uploads\/2024\/10\/logo.png\",\"width\":181,\"height\":41,\"caption\":\"PVP Grams\"},\"image\":{\"@id\":\"https:\/\/pvpgrams.com\/#\/schema\/logo\/image\/\"}}]}<\/script>\n<!-- \/ Yoast SEO plugin. -->","yoast_head_json":{"title":"3-MMC elad\u00f3 - V\u00e1s\u00e1roljon 3-MMC port online | PVP Grams","description":"Fedezze fel online \u00e1ruh\u00e1zunkat az elad\u00f3 3-mmc sz\u00e1m\u00e1ra, amely kiv\u00e1l\u00f3 min\u0151s\u00e9g\u0171 3-mmc port k\u00edn\u00e1l. V\u00e1s\u00e1roljon 3mmc-t biztons\u00e1gosan online, \u00e9s kezdje el a kutat\u00e1si utaz\u00e1st magabiztosan.","robots":{"index":"index","follow":"follow","max-snippet":"max-snippet:-1","max-image-preview":"max-image-preview:large","max-video-preview":"max-video-preview:-1"},"canonical":"https:\/\/pvpgrams.com\/hu\/product\/buy-3-mmc-online-copy\/","og_locale":"hu_HU","og_type":"article","og_title":"3-MMC for Sale - Buy 3-MMC Powder Online | PVP Grams","og_description":"Explore our online store for 3-mmc for sale, offering high-quality 3-mmc powder. Buy 3mmc online securely and embark on your research journey with confidence.","og_url":"https:\/\/pvpgrams.com\/hu\/product\/buy-3-mmc-online-copy\/","og_site_name":"PVP Grams","article_modified_time":"2025-08-30T17:06:49+00:00","og_image":[{"width":600,"height":600,"url":"https:\/\/pvpgrams.com\/wp-content\/uploads\/2025\/04\/Buy-3-MMC-Online.jpg","type":"image\/jpeg"}],"twitter_card":"summary_large_image","twitter_misc":{"Becs\u00fclt olvas\u00e1si id\u0151":"2 perc"},"schema":{"@context":"https:\/\/schema.org","@graph":[{"@type":["WebPage","ItemPage"],"@id":"https:\/\/pvpgrams.com\/product\/buy-3-mmc-online-copy\/","url":"https:\/\/pvpgrams.com\/product\/buy-3-mmc-online-copy\/","name":"3-MMC elad\u00f3 - V\u00e1s\u00e1roljon 3-MMC port online | PVP Grams","isPartOf":{"@id":"https:\/\/pvpgrams.com\/#website"},"primaryImageOfPage":{"@id":"https:\/\/pvpgrams.com\/product\/buy-3-mmc-online-copy\/#primaryimage"},"image":{"@id":"https:\/\/pvpgrams.com\/product\/buy-3-mmc-online-copy\/#primaryimage"},"thumbnailUrl":"https:\/\/pvpgrams.com\/wp-content\/uploads\/2025\/04\/Buy-3-MMC-Online.jpg","datePublished":"2025-04-09T11:06:08+00:00","dateModified":"2025-08-30T17:06:49+00:00","description":"Fedezze fel online \u00e1ruh\u00e1zunkat az elad\u00f3 3-mmc sz\u00e1m\u00e1ra, amely kiv\u00e1l\u00f3 min\u0151s\u00e9g\u0171 3-mmc port k\u00edn\u00e1l. V\u00e1s\u00e1roljon 3mmc-t biztons\u00e1gosan online, \u00e9s kezdje el a kutat\u00e1si utaz\u00e1st magabiztosan.","breadcrumb":{"@id":"https:\/\/pvpgrams.com\/product\/buy-3-mmc-online-copy\/#breadcrumb"},"inLanguage":"hu","potentialAction":[{"@type":"ReadAction","target":["https:\/\/pvpgrams.com\/product\/buy-3-mmc-online-copy\/"]}]},{"@type":"ImageObject","inLanguage":"hu","@id":"https:\/\/pvpgrams.com\/product\/buy-3-mmc-online-copy\/#primaryimage","url":"https:\/\/pvpgrams.com\/wp-content\/uploads\/2025\/04\/Buy-3-MMC-Online.jpg","contentUrl":"https:\/\/pvpgrams.com\/wp-content\/uploads\/2025\/04\/Buy-3-MMC-Online.jpg","width":600,"height":600,"caption":"Buy-3-MMC-Online"},{"@type":"BreadcrumbList","@id":"https:\/\/pvpgrams.com\/product\/buy-3-mmc-online-copy\/#breadcrumb","itemListElement":[{"@type":"ListItem","position":1,"name":"Home","item":"https:\/\/pvpgrams.com\/"},{"@type":"ListItem","position":2,"name":"Shop","item":"https:\/\/pvpgrams.com\/shop\/"},{"@type":"ListItem","position":3,"name":"Buy 3-MMC Online (Copy)"}]},{"@type":"WebSite","@id":"https:\/\/pvpgrams.com\/#website","url":"https:\/\/pvpgrams.com\/","name":"PVP grammok","description":"","publisher":{"@id":"https:\/\/pvpgrams.com\/#organization"},"potentialAction":[{"@type":"SearchAction","target":{"@type":"EntryPoint","urlTemplate":"https:\/\/pvpgrams.com\/?s={search_term_string}"},"query-input":{"@type":"PropertyValueSpecification","valueRequired":true,"valueName":"search_term_string"}}],"inLanguage":"hu"},{"@type":"Organization","@id":"https:\/\/pvpgrams.com\/#organization","name":"PVP grammok","url":"https:\/\/pvpgrams.com\/","logo":{"@type":"ImageObject","inLanguage":"hu","@id":"https:\/\/pvpgrams.com\/#\/schema\/logo\/image\/","url":"https:\/\/pvpgrams.com\/wp-content\/uploads\/2024\/10\/logo.png","contentUrl":"https:\/\/pvpgrams.com\/wp-content\/uploads\/2024\/10\/logo.png","width":181,"height":41,"caption":"PVP Grams"},"image":{"@id":"https:\/\/pvpgrams.com\/#\/schema\/logo\/image\/"}}]}},"_links":{"self":[{"href":"https:\/\/pvpgrams.com\/hu\/wp-json\/wp\/v2\/product\/1437","targetHints":{"allow":["GET"]}}],"collection":[{"href":"https:\/\/pvpgrams.com\/hu\/wp-json\/wp\/v2\/product"}],"about":[{"href":"https:\/\/pvpgrams.com\/hu\/wp-json\/wp\/v2\/types\/product"}],"replies":[{"embeddable":true,"href":"https:\/\/pvpgrams.com\/hu\/wp-json\/wp\/v2\/comments?post=1437"}],"wp:featuredmedia":[{"embeddable":true,"href":"https:\/\/pvpgrams.com\/hu\/wp-json\/wp\/v2\/media\/1445"}],"wp:attachment":[{"href":"https:\/\/pvpgrams.com\/hu\/wp-json\/wp\/v2\/media?parent=1437"}],"wp:term":[{"taxonomy":"product_brand","embeddable":true,"href":"https:\/\/pvpgrams.com\/hu\/wp-json\/wp\/v2\/product_brand?post=1437"},{"taxonomy":"product_cat","embeddable":true,"href":"https:\/\/pvpgrams.com\/hu\/wp-json\/wp\/v2\/product_cat?post=1437"},{"taxonomy":"product_tag","embeddable":true,"href":"https:\/\/pvpgrams.com\/hu\/wp-json\/wp\/v2\/product_tag?post=1437"}],"curies":[{"name":"wp","href":"https:\/\/api.w.org\/{rel}","templated":true}]}}