{"id":1505,"date":"2025-05-15T09:39:56","date_gmt":"2025-05-15T09:39:56","guid":{"rendered":"https:\/\/pvpgrams.com\/?post_type=product&#038;p=1505"},"modified":"2026-02-24T13:54:37","modified_gmt":"2026-02-24T13:54:37","slug":"2c-e-2c-p-2c-c-2c-t-2-2c-b-hcl-powder","status":"publish","type":"product","link":"https:\/\/pvpgrams.com\/hu\/product\/2c-e-2c-p-2c-c-2c-t-2-2c-b-hcl-powder\/","title":{"rendered":"V\u00e1s\u00e1roljon 2C-E, 2C-P, 2C-C, 2C-T-2, 2C-B\/ Hcl port online"},"content":{"rendered":"<h2 data-start=\"118\" data-end=\"212\"><strong data-start=\"118\" data-end=\"210\">V\u00e1s\u00e1roljon 2C-E, 2C-P, 2C-C, 2C-T-2 \u00e9s 2C-B HCl port online egy megb\u00edzhat\u00f3 kutat\u00e1si forr\u00e1sb\u00f3l<\/strong><\/h2>\n<p data-start=\"214\" data-end=\"320\">V\u00e1s\u00e1roljon 2C-E, 2C-P, 2C-C, 2C-T-2, 2C-B HCl port online \u2013 Pr\u00e9mium kutat\u00f3vegyszerek, laborat\u00f3riumban tesztelt tisztas\u00e1g<\/p>\n<p data-start=\"322\" data-end=\"643\">Fedezze fel a megb\u00edzhat\u00f3 forr\u00e1st <a href=\"https:\/\/pvpgrams.com\/hu\/product\/2c-e-2c-p-2c-c-2c-t-2-2c-b-hcl-powder\/\">V\u00e1s\u00e1roljon 2C-E, 2C-P, 2C-C, 2C-T-2 \u00e9s 2C-B HCl port online<\/a>Kiz\u00e1r\u00f3lag tudom\u00e1nyos \u00e9s kutat\u00e1si c\u00e9lra k\u00e9sz\u00fclt. 2C sorozat\u00fa vegy\u00fcleteink kollekci\u00f3ja nagy tisztas\u00e1g\u00fa, laborat\u00f3riumban tesztelt porokat k\u00edn\u00e1l, amelyek lehet\u0151v\u00e9 teszik a fejlett neurok\u00e9miai \u00e9s receptork\u00f6t\u00e9si vizsg\u00e1latok megb\u00edzhat\u00f3 \u00e9s prec\u00edz elv\u00e9gz\u00e9s\u00e9t.<\/p>\n<h3 data-start=\"645\" data-end=\"707\">Mik azok a 2C-E, 2C-P, 2C-C, 2C-T-2 \u00e9s 2C-B HCl porok?<\/h3>\n<p data-start=\"709\" data-end=\"891\">A <a href=\"https:\/\/en.wikipedia.org\/wiki\/2C-E\">2C<\/a> A fenetilamin-sz\u00e1rmaz\u00e9kok csal\u00e1dja kulcsfontoss\u00e1g\u00fa a pszichofarmakol\u00f3gi\u00e1ban \u00e9s a receptorkutat\u00e1sban. Minden vegy\u00fclet egyedi molekulaszerkezettel \u00e9s farmakol\u00f3giai profillal rendelkezik:<\/p>\n<ul data-start=\"893\" data-end=\"1418\">\n<li data-start=\"893\" data-end=\"994\">\n<p data-start=\"895\" data-end=\"994\">2C-E HCl: Ismert hat\u00e9konys\u00e1g\u00e1r\u00f3l \u00e9s hasznoss\u00e1g\u00e1r\u00f3l a szerkezet-aktivit\u00e1s \u00f6sszef\u00fcgg\u00e9s (SAR) vizsg\u00e1latokban.<\/p>\n<\/li>\n<li data-start=\"995\" data-end=\"1100\">\n<p data-start=\"997\" data-end=\"1100\">2C-P HCl: Jellemz\u0151je a hosszabb hat\u00e1startam, ide\u00e1lis a kiterjesztett receptor-k\u00f6lcs\u00f6nhat\u00e1si kutat\u00e1sokhoz.<\/p>\n<\/li>\n<li data-start=\"1101\" data-end=\"1198\">\n<p data-start=\"1103\" data-end=\"1198\">2C-C HCl: M\u00e9rs\u00e9kelt hat\u00e1sokat mutat, gyakran haszn\u00e1lj\u00e1k \u00f6sszehasonl\u00edt\u00f3 neurok\u00e9miai elemz\u00e9sekben.<\/p>\n<\/li>\n<li data-start=\"1199\" data-end=\"1308\">\n<p data-start=\"1201\" data-end=\"1308\">2C-T-2 HCl: K\u00e9nnel szubsztitu\u00e1lt anal\u00f3g, amely \u00e9rt\u00e9kes a k\u00e9n receptor affinit\u00e1sra gyakorolt \u200b\u200bhat\u00e1s\u00e1nak vizsg\u00e1lat\u00e1hoz.<\/p>\n<\/li>\n<li data-start=\"1309\" data-end=\"1418\">\n<p data-start=\"1311\" data-end=\"1418\">2C-B HCl: A 2C sorozat referenciavegy\u00fclete, pszichostimul\u00e1ns tulajdons\u00e1gai miatt sz\u00e9les k\u00f6rben tanulm\u00e1nyozt\u00e1k.<\/p>\n<\/li>\n<\/ul>\n<p data-start=\"1420\" data-end=\"1682\">Minden term\u00e9k HCl s\u00f3 form\u00e1j\u00e1ban kaphat\u00f3, ami fokozza a stabilit\u00e1st, az oldhat\u00f3s\u00e1got \u00e9s a k\u00f6nny\u0171 kezelhet\u0151s\u00e9get laborat\u00f3riumi k\u00f6rnyezetben. A 2C-E, 2C-P, 2C-C, 2C-T-2 \u00e9s 2C-B HCl port keres\u0151 kutat\u00f3k megb\u00edzhat\u00f3 hozz\u00e1f\u00e9r\u00e9st tal\u00e1lnak platformunkon kereszt\u00fcl.<\/p>\n<h3 data-start=\"1684\" data-end=\"1759\">Mi\u00e9rt \u00e9rdemes t\u0151l\u00fcnk online v\u00e1s\u00e1rolni 2C-E, 2C-P, 2C-C, 2C-T-2 \u00e9s 2C-B HCl port?<\/h3>\n<p data-start=\"1761\" data-end=\"1831\">Porainkat a legmagasabb szabv\u00e1nyok szerint gy\u00e1rtjuk \u00e9s szerezz\u00fck be:<\/p>\n<ul data-start=\"1833\" data-end=\"2373\">\n<li data-start=\"1833\" data-end=\"1929\">\n<p data-start=\"1835\" data-end=\"1929\">Harmadik f\u00e9l \u00e1ltal laborat\u00f3riumban tesztelt tisztas\u00e1g, analitikai tan\u00fas\u00edtv\u00e1nyokkal (COA), amelyek \u226598%-os tisztas\u00e1got garant\u00e1lnak.<\/p>\n<\/li>\n<li data-start=\"1930\" data-end=\"2011\">\n<p data-start=\"1932\" data-end=\"2011\">Transparent sourcing with complete documentation for research compliance.<\/p>\n<\/li>\n<li data-start=\"2012\" data-end=\"2153\">\n<p data-start=\"2014\" data-end=\"2153\">Versenyk\u00e9pes \u00e1rak a min\u0151s\u00e9g fel\u00e1ldoz\u00e1sa n\u00e9lk\u00fcl \u2013 a legjobb 2C-E, 2C-P, 2C-C, 2C-T-2 \u00e9s 2C-B HCl por \u00e1rakat k\u00edn\u00e1ljuk.<\/p>\n<\/li>\n<li data-start=\"2154\" data-end=\"2290\">\n<p data-start=\"2156\" data-end=\"2290\">Gyors, diszkr\u00e9t sz\u00e1ll\u00edt\u00e1s vil\u00e1gszerte, biztons\u00e1gos csomagol\u00e1sban a rendel\u00e9s v\u00e9delme \u00e9rdek\u00e9ben 2C-E, 2C-P, 2C-C, 2C-T-2 \u00e9s 2C-B HCl por form\u00e1j\u00e1ban.<\/p>\n<\/li>\n<\/ul>\n<p data-start=\"2375\" data-end=\"2533\">Mi vagyunk a legjobb hely 2C-E, 2C-P, 2C-C, 2C-T-2 \u00e9s 2C-B HCl por online v\u00e1s\u00e1rl\u00e1s\u00e1ra, mivel elk\u00f6telezettek vagyunk a min\u0151s\u00e9g, a jogszer\u0171s\u00e9g \u00e9s az \u00fcgyf\u00e9l-el\u00e9gedetts\u00e9g ir\u00e1nt.<\/p>\n<h3 data-start=\"2535\" data-end=\"2582\">Jogi st\u00e1tusz \u00e9s felel\u0151s kutat\u00e1si felhaszn\u00e1l\u00e1s<\/h3>\n<p data-start=\"2584\" data-end=\"2930\">A 2C sorozat\u00fa vegy\u00fcletek jogi st\u00e1tusza orsz\u00e1gonk\u00e9nt elt\u00e9r\u0151 \u2013 v\u00e1s\u00e1rl\u00e1s el\u0151tt mindig ellen\u0151rizze a helyi el\u0151\u00edr\u00e1sokat. Porainkat kiz\u00e1r\u00f3lag laborat\u00f3riumi \u00e9s kutat\u00e1si c\u00e9lokra \u00e9rt\u00e9kes\u00edtj\u00fck, \u00e9s nem emberi fogyaszt\u00e1sra sz\u00e1njuk. Szigor\u00faan betartjuk a kiz\u00e1r\u00f3lag kutat\u00e1si c\u00e9l\u00fa felhaszn\u00e1l\u00e1sra vonatkoz\u00f3 t\u00f6rv\u00e9nyeket az Egyes\u00fclt \u00c1llamokban, az Egyes\u00fclt Kir\u00e1lys\u00e1gban, az EU-ban, Kanad\u00e1ban \u00e9s Ausztr\u00e1li\u00e1ban.<\/p>\n<h3 data-start=\"2932\" data-end=\"3011\">Hogyan rendelhet biztons\u00e1gosan online 2C-E, 2C-P, 2C-C, 2C-T-2 \u00e9s 2C-B HCl porokat?<\/h3>\n<p data-start=\"3013\" data-end=\"3055\">A rendel\u00e9s n\u00e1lunk z\u00f6kken\u0151mentes \u00e9s biztons\u00e1gos:<\/p>\n<ol data-start=\"3057\" data-end=\"3332\">\n<li data-start=\"3057\" data-end=\"3107\">\n<p data-start=\"3060\" data-end=\"3107\">V\u00e1lassza ki a k\u00edv\u00e1nt vegy\u00fcletet\/vegy\u00fcleteket \u00e9s mennyis\u00e9get.<\/p>\n<\/li>\n<li data-start=\"3108\" data-end=\"3172\">\n<p data-start=\"3111\" data-end=\"3172\">Sz\u00fcks\u00e9g eset\u00e9n a kutat\u00e1si c\u00e9l\u00fa felhaszn\u00e1l\u00e1s sz\u00fcks\u00e9ges igazol\u00e1s\u00e1t is biztos\u00edtani kell.<\/p>\n<\/li>\n<li data-start=\"3173\" data-end=\"3255\">\n<p data-start=\"3176\" data-end=\"3255\">V\u00e1lassza ki a fizet\u00e9si m\u00f3dot \u2013 elfogadjuk a f\u0151bb biztons\u00e1gos opci\u00f3kat, biztos\u00edtva az adatv\u00e9delmet.<\/p>\n<\/li>\n<li data-start=\"3256\" data-end=\"3332\">\n<p data-start=\"3259\" data-end=\"3332\">Diszkr\u00e9t, gyors sz\u00e1ll\u00edt\u00e1st kapsz nyomon k\u00f6vet\u00e9si lehet\u0151s\u00e9ggel \u00e9s biztons\u00e1gi dokument\u00e1ci\u00f3val.<\/p>\n<\/li>\n<\/ol>\n<h3 data-start=\"3334\" data-end=\"3350\">K\u00f6vetkeztet\u00e9s<\/h3>\n<p data-start=\"3352\" data-end=\"3670\">Amikor 2C-E, 2C-P, 2C-C, 2C-T-2 \u00e9s 2C-B HCl port v\u00e1s\u00e1rol online megb\u00edzhat\u00f3 platformunkon kereszt\u00fcl, pr\u00e9mium min\u0151s\u00e9g\u0171, laborat\u00f3riumban tesztelt vegy\u00fcletekhez f\u00e9rhet hozz\u00e1, amelyeket a legmodernebb kutat\u00e1sok t\u00e1mogat\u00e1s\u00e1ra terveztek. A jogi megfelel\u00e9s, a min\u0151s\u00e9gbiztos\u00edt\u00e1s \u00e9s a felel\u0151s beszerz\u00e9s priorit\u00e1sk\u00e9nt kezelend\u0151 tudom\u00e1nyos projektjei magabiztos el\u0151mozd\u00edt\u00e1sa \u00e9rdek\u00e9ben.<\/p>","protected":false},"excerpt":{"rendered":"<p>V\u00e1s\u00e1roljon 2C-E, 2C-P, 2C-C, 2C-T-2 \u00e9s 2C-B HCl port online egy megb\u00edzhat\u00f3 kutat\u00e1si forr\u00e1sb\u00f3l V\u00e1s\u00e1roljon 2C-E, 2C-P, 2C-C, 2C-T-2, 2C-B HCl port online \u2013 Pr\u00e9mium min\u0151s\u00e9g\u0171 kutat\u00e1si vegyszerek, laborat\u00f3riumban tesztelt tisztas\u00e1g Fedezze fel a megb\u00edzhat\u00f3 forr\u00e1st, ahol online v\u00e1s\u00e1rolhat 2C-E, 2C-P, 2C-C, 2C-T-2 \u00e9s 2C-B HCl port, amelyeket kiz\u00e1r\u00f3lag tudom\u00e1nyos \u00e9s kutat\u00e1si c\u00e9lokra terveztek. 2C sorozat\u00fa vegy\u00fcleteink gy\u0171jtem\u00e9nye nagy tisztas\u00e1g\u00fa, laborat\u00f3riumban ellen\u0151rz\u00f6tt porokat k\u00edn\u00e1l, amelyek lehet\u0151v\u00e9 teszik a fejlett neurok\u00e9miai \u00e9s receptor k\u00f6t\u0151d\u00e9si vizsg\u00e1latok megb\u00edzhat\u00f3 \u00e9s pontos elv\u00e9gz\u00e9s\u00e9t. Mik azok a 2C-E, 2C-P, 2C-C, 2C-T-2 \u00e9s 2C-B HCl porok? A fenetilamin-sz\u00e1rmaz\u00e9kok 2C csal\u00e1dja kulcsfontoss\u00e1g\u00fa a pszichofarmakol\u00f3gi\u00e1ban \u00e9s a receptorok kutat\u00e1s\u00e1ban. Minden vegy\u00fclet egyedi molekulaszerkezettel \u00e9s farmakol\u00f3giai profilokkal rendelkezik: 2C-E HCl: Er\u0151ss\u00e9g\u00e9r\u0151l \u00e9s hasznoss\u00e1g\u00e1r\u00f3l ismert a szerkezet-aktivit\u00e1s \u00f6sszef\u00fcgg\u00e9s (SAR) vizsg\u00e1latokban. 2C-P HCl: Hosszabb hat\u00e1startammal rendelkezik, ide\u00e1lis hosszabb receptor interakci\u00f3s kutat\u00e1sokhoz. 2C-C HCl: M\u00e9rs\u00e9kelt hat\u00e1st fejt ki, gyakran haszn\u00e1lj\u00e1k \u00f6sszehasonl\u00edt\u00f3 neurok\u00e9miai elemz\u00e9sekben. 2C-T-2 HCl: K\u00e9nnel helyettes\u00edtett anal\u00f3g, \u00e9rt\u00e9kes a k\u00e9n receptor affinit\u00e1sra gyakorolt hat\u00e1s\u00e1nak vizsg\u00e1lat\u00e1ban. 2C-B HCl: A 2C sorozat referencia vegy\u00fclete, pszichostimul\u00e1ns tulajdons\u00e1gai miatt sz\u00e9les k\u00f6rben tanulm\u00e1nyozz\u00e1k. Minden term\u00e9k HCl s\u00f3 form\u00e1j\u00e1ban ker\u00fcl forgalomba, ami n\u00f6veli a stabilit\u00e1st, az oldhat\u00f3s\u00e1got \u00e9s a laborat\u00f3riumi k\u00f6rnyezetben val\u00f3 kezelhet\u0151s\u00e9get. A 2C-E, 2C-P, 2C-C, 2C-T-2 \u00e9s 2C-B HCl por \u00e9rt\u00e9kes\u00edt\u00e9s\u00e9t keres\u0151 kutat\u00f3k platformunkon kereszt\u00fcl megb\u00edzhat\u00f3 forr\u00e1shoz juthatnak. Mi\u00e9rt \u00e9rdemes 2C-E, 2C-P, 2C-C, 2C-T-2 \u00e9s 2C-B HCl port online t\u0151l\u00fcnk v\u00e1s\u00e1rolni? Poraink gy\u00e1rt\u00e1sa \u00e9s beszerz\u00e9se a legmagasabb sz\u00ednvonalon t\u00f6rt\u00e9nik: f\u00fcggetlen laborat\u00f3riumok \u00e1ltal tesztelt tisztas\u00e1g, elemz\u00e9si tan\u00fas\u00edtv\u00e1nyokkal (COA), amelyek \u226598% tisztas\u00e1got garant\u00e1lnak. \u00c1tl\u00e1that\u00f3 beszerz\u00e9s, teljes dokument\u00e1ci\u00f3val a kutat\u00e1si el\u0151\u00edr\u00e1soknak val\u00f3 megfelel\u00e9s \u00e9rdek\u00e9ben. Versenyk\u00e9pes \u00e1rak a min\u0151s\u00e9g roml\u00e1sa n\u00e9lk\u00fcl \u2013 a legjobb 2C-E, 2C-P, 2C-C, 2C-T-2 \u00e9s 2C-B HCl por \u00e1rak. Gyors, diszkr\u00e9t sz\u00e1ll\u00edt\u00e1s vil\u00e1gszerte, biztons\u00e1gos csomagol\u00e1ssal, hogy megv\u00e9dje a 2C-E, 2C-P, 2C-C, 2C-T-2 \u00e9s 2C-B HCl por megrendel\u00e9s\u00e9t. Mi vagyunk a legjobb hely a 2C-E, 2C-P, 2C-C, 2C-T-2 \u00e9s 2C-B HCl por online v\u00e1s\u00e1rl\u00e1s\u00e1hoz, mivel elk\u00f6telezettek vagyunk a min\u0151s\u00e9g, a t\u00f6rv\u00e9nyess\u00e9g \u00e9s a vev\u0151i el\u00e9gedetts\u00e9g ir\u00e1nt. Jogi st\u00e1tusz \u00e9s felel\u0151ss\u00e9gteljes kutat\u00e1si felhaszn\u00e1l\u00e1s A 2C-sorozat\u00fa vegy\u00fcletek jogi st\u00e1tusza orsz\u00e1gonk\u00e9nt elt\u00e9r\u0151 \u2013 v\u00e1s\u00e1rl\u00e1s el\u0151tt mindig ellen\u0151rizze a helyi szab\u00e1lyoz\u00e1sokat. Poraink kiz\u00e1r\u00f3lag laborat\u00f3riumi \u00e9s kutat\u00e1si c\u00e9lokra ker\u00fclnek \u00e9rt\u00e9kes\u00edt\u00e9sre, \u00e9s nem emberi fogyaszt\u00e1sra sz\u00e1nj\u00e1k \u0151ket. Szigor\u00faan betartjuk a kutat\u00e1si c\u00e9l\u00fa felhaszn\u00e1l\u00e1sra vonatkoz\u00f3 t\u00f6rv\u00e9nyeket az Egyes\u00fclt \u00c1llamokban, az Egyes\u00fclt Kir\u00e1lys\u00e1gban, az Eur\u00f3pai Uni\u00f3ban, Kanad\u00e1ban \u00e9s Ausztr\u00e1li\u00e1ban. Hogyan rendelhet 2C-E, 2C-P, 2C-C, 2C-T-2 \u00e9s 2C-B HCl porokat online biztons\u00e1gosan A rendel\u00e9s n\u00e1lunk z\u00f6kken\u0151mentes \u00e9s biztons\u00e1gos: V\u00e1lassza ki a k\u00edv\u00e1nt vegy\u00fclet(eke)t \u00e9s mennyis\u00e9get. Sz\u00fcks\u00e9g eset\u00e9n adja meg a kutat\u00e1si c\u00e9l\u00fa felhaszn\u00e1l\u00e1shoz sz\u00fcks\u00e9ges igazol\u00e1st. V\u00e1lassza ki a fizet\u00e9si m\u00f3dot \u2013 a mag\u00e1n\u00e9let v\u00e9delm\u00e9t biztos\u00edt\u00f3 f\u0151bb biztons\u00e1gos fizet\u00e9si m\u00f3dokat elfogadjuk. Diszkr\u00e9t, gyors sz\u00e1ll\u00edt\u00e1st biztos\u00edtunk nyomon k\u00f6vet\u00e9si \u00e9s biztons\u00e1gi dokument\u00e1ci\u00f3val. K\u00f6vetkeztet\u00e9s Amikor 2C-E, 2C-P, 2C-C, 2C-T-2 \u00e9s 2C-B HCl port v\u00e1s\u00e1rol online a megb\u00edzhat\u00f3 platformunkon, hozz\u00e1f\u00e9r\u00e9st kap pr\u00e9mium min\u0151s\u00e9g\u0171, laborat\u00f3riumban tesztelt vegy\u00fcletekhez, amelyek a legmodernebb kutat\u00e1sok t\u00e1mogat\u00e1s\u00e1ra lettek kifejlesztve. Tegye priorit\u00e1ss\u00e1 a jogi megfelel\u00e9st, a min\u0151s\u00e9gbiztos\u00edt\u00e1st \u00e9s a felel\u0151ss\u00e9gteljes beszerz\u00e9st, hogy magabiztosan haladjon el\u0151re tudom\u00e1nyos projektjeivel.<\/p>","protected":false},"featured_media":1955,"comment_status":"closed","ping_status":"closed","template":"","meta":{"_kadence_starter_templates_imported_post":false,"_kad_post_transparent":"default","_kad_post_title":"","_kad_post_layout":"default","_kad_post_sidebar_id":"","_kad_post_content_style":"default","_kad_post_vertical_padding":"default","_kad_post_feature":"","_kad_post_feature_position":"","_kad_post_header":false,"_kad_post_footer":false,"_joinchat":[]},"product_brand":[],"product_cat":[361],"product_tag":[3807,3808,3809,3810,3811,3812,3813,3814,3815,3816,3817,3818,3819,3820,3821,3822,3823,3824,3825,3826,3827,3828,3829,3830,3831,3832,3833,3834,3835,3836,3837,3838,3839,3840,3841],"class_list":{"0":"post-1505","1":"product","2":"type-product","3":"status-publish","4":"has-post-thumbnail","6":"product_cat-research-chemicals","7":"product_tag-2c-drug-family","8":"product_tag-2c-engine-for-sale","9":"product_tag-2c-engine-timing-marks","10":"product_tag-2c-grtc-bus-schedule","11":"product_tag-2c-hair-type","12":"product_tag-2c-jalan-pesawat","13":"product_tag-2c-b-is-legal","14":"product_tag-2c-i-drug","15":"product_tag-2c-i-erowid","16":"product_tag-2c-i-for-online","17":"product_tag-2c-i-for-sale-online","18":"product_tag-2c-i-psychonaut","19":"product_tag-2cgaming","20":"product_tag-best-place-to-buy-2c-e-online","21":"product_tag-best-place-to-buy-2c-i-online","22":"product_tag-buy-2c-e-in-australia","23":"product_tag-buy-2c-e-in-germany","24":"product_tag-buy-2c-e-online","25":"product_tag-buy-2c-e-online-in-canada","26":"product_tag-buy-2c-e-online-in-uk","27":"product_tag-buy-2c-e-online-in-usa","28":"product_tag-buy-2c-i-online","29":"product_tag-buy-2c-i-online-in-canada","30":"product_tag-buy-2c-i-online-in-germany","31":"product_tag-buy-2c-i-online-in-uk","32":"product_tag-buy-2c-i-online-in-usa","33":"product_tag-cheap-2c-i-online","34":"product_tag-order-2c-e-online","35":"product_tag-order-2c-i-online","36":"product_tag-purchase-2c-e-online","37":"product_tag-purchase-2c-i-online","38":"product_tag-shop-2c-i","39":"product_tag-shop-2c-i-online","40":"product_tag-where-can-i-buy-2c-e-online","41":"product_tag-where-can-i-buy-2c-i-online","43":"first","44":"instock","45":"shipping-taxable","46":"purchasable","47":"product-type-variable","48":"entry","49":"content-bg","50":"loop-entry"},"yoast_head":"<!-- This site is optimized with the Yoast SEO plugin v26.5 - https:\/\/yoast.com\/wordpress\/plugins\/seo\/ -->\n<title>Buy 2C-E 2C-P 2C-C 2C-T-2 2C-B HCl Powder Online | pvpgrams<\/title>\n<meta name=\"description\" content=\"Want to buy 2C series HCl powders? Get them online with fast shipping. High-purity research chemicals for scientific analysis, delivered discreetly.\" \/>\n<meta name=\"robots\" content=\"index, follow, max-snippet:-1, max-image-preview:large, max-video-preview:-1\" \/>\n<link rel=\"canonical\" href=\"https:\/\/pvpgrams.com\/hu\/product\/2c-e-2c-p-2c-c-2c-t-2-2c-b-hcl-powder\/\" \/>\n<meta property=\"og:locale\" content=\"hu_HU\" \/>\n<meta property=\"og:type\" content=\"article\" \/>\n<meta property=\"og:title\" content=\"Buy 2C-E 2C-P 2C-C 2C-T-2 2C-B HCl Powder Online | pvpgrams\" \/>\n<meta property=\"og:description\" content=\"Want to buy 2C series HCl powders? Get them online with fast shipping. High-purity research chemicals for scientific analysis, delivered discreetly.\" \/>\n<meta property=\"og:url\" content=\"https:\/\/pvpgrams.com\/hu\/product\/2c-e-2c-p-2c-c-2c-t-2-2c-b-hcl-powder\/\" \/>\n<meta property=\"og:site_name\" content=\"PVP Grams\" \/>\n<meta property=\"article:modified_time\" content=\"2026-02-24T13:54:37+00:00\" \/>\n<meta property=\"og:image\" content=\"https:\/\/pvpgrams.com\/wp-content\/uploads\/2025\/05\/2C-E-2C-P-2C-C-2C-T-2-2C-B-Hcl-Powder.jpg\" \/>\n\t<meta property=\"og:image:width\" content=\"600\" \/>\n\t<meta property=\"og:image:height\" content=\"600\" \/>\n\t<meta property=\"og:image:type\" content=\"image\/jpeg\" \/>\n<meta name=\"twitter:card\" content=\"summary_large_image\" \/>\n<meta name=\"twitter:label1\" content=\"Becs\u00fclt olvas\u00e1si id\u0151\" \/>\n\t<meta name=\"twitter:data1\" content=\"3 perc\" \/>\n<script type=\"application\/ld+json\" class=\"yoast-schema-graph\">{\"@context\":\"https:\/\/schema.org\",\"@graph\":[{\"@type\":[\"WebPage\",\"ItemPage\"],\"@id\":\"https:\/\/pvpgrams.com\/product\/2c-e-2c-p-2c-c-2c-t-2-2c-b-hcl-powder\/\",\"url\":\"https:\/\/pvpgrams.com\/product\/2c-e-2c-p-2c-c-2c-t-2-2c-b-hcl-powder\/\",\"name\":\"Buy 2C-E 2C-P 2C-C 2C-T-2 2C-B HCl Powder Online | pvpgrams\",\"isPartOf\":{\"@id\":\"https:\/\/pvpgrams.com\/#website\"},\"primaryImageOfPage\":{\"@id\":\"https:\/\/pvpgrams.com\/product\/2c-e-2c-p-2c-c-2c-t-2-2c-b-hcl-powder\/#primaryimage\"},\"image\":{\"@id\":\"https:\/\/pvpgrams.com\/product\/2c-e-2c-p-2c-c-2c-t-2-2c-b-hcl-powder\/#primaryimage\"},\"thumbnailUrl\":\"https:\/\/pvpgrams.com\/wp-content\/uploads\/2025\/05\/2C-E-2C-P-2C-C-2C-T-2-2C-B-Hcl-Powder.jpg\",\"datePublished\":\"2025-05-15T09:39:56+00:00\",\"dateModified\":\"2026-02-24T13:54:37+00:00\",\"description\":\"Want to buy 2C series HCl powders? Get them online with fast shipping. High-purity research chemicals for scientific analysis, delivered discreetly.\",\"breadcrumb\":{\"@id\":\"https:\/\/pvpgrams.com\/product\/2c-e-2c-p-2c-c-2c-t-2-2c-b-hcl-powder\/#breadcrumb\"},\"inLanguage\":\"hu\",\"potentialAction\":[{\"@type\":\"ReadAction\",\"target\":[\"https:\/\/pvpgrams.com\/product\/2c-e-2c-p-2c-c-2c-t-2-2c-b-hcl-powder\/\"]}]},{\"@type\":\"ImageObject\",\"inLanguage\":\"hu\",\"@id\":\"https:\/\/pvpgrams.com\/product\/2c-e-2c-p-2c-c-2c-t-2-2c-b-hcl-powder\/#primaryimage\",\"url\":\"https:\/\/pvpgrams.com\/wp-content\/uploads\/2025\/05\/2C-E-2C-P-2C-C-2C-T-2-2C-B-Hcl-Powder.jpg\",\"contentUrl\":\"https:\/\/pvpgrams.com\/wp-content\/uploads\/2025\/05\/2C-E-2C-P-2C-C-2C-T-2-2C-B-Hcl-Powder.jpg\",\"width\":600,\"height\":600,\"caption\":\"Buy 2C-E, 2C-P, 2C-C, 2C-T-2, 2C-B\/ Hcl Powder Online\"},{\"@type\":\"BreadcrumbList\",\"@id\":\"https:\/\/pvpgrams.com\/product\/2c-e-2c-p-2c-c-2c-t-2-2c-b-hcl-powder\/#breadcrumb\",\"itemListElement\":[{\"@type\":\"ListItem\",\"position\":1,\"name\":\"Home\",\"item\":\"https:\/\/pvpgrams.com\/\"},{\"@type\":\"ListItem\",\"position\":2,\"name\":\"Shop\",\"item\":\"https:\/\/pvpgrams.com\/shop\/\"},{\"@type\":\"ListItem\",\"position\":3,\"name\":\"Buy 2C-E, 2C-P, 2C-C, 2C-T-2, 2C-B\/ Hcl Powder Online\"}]},{\"@type\":\"WebSite\",\"@id\":\"https:\/\/pvpgrams.com\/#website\",\"url\":\"https:\/\/pvpgrams.com\/\",\"name\":\"PVP Grams\",\"description\":\"\",\"publisher\":{\"@id\":\"https:\/\/pvpgrams.com\/#organization\"},\"potentialAction\":[{\"@type\":\"SearchAction\",\"target\":{\"@type\":\"EntryPoint\",\"urlTemplate\":\"https:\/\/pvpgrams.com\/?s={search_term_string}\"},\"query-input\":{\"@type\":\"PropertyValueSpecification\",\"valueRequired\":true,\"valueName\":\"search_term_string\"}}],\"inLanguage\":\"hu\"},{\"@type\":\"Organization\",\"@id\":\"https:\/\/pvpgrams.com\/#organization\",\"name\":\"PVP Grams\",\"url\":\"https:\/\/pvpgrams.com\/\",\"logo\":{\"@type\":\"ImageObject\",\"inLanguage\":\"hu\",\"@id\":\"https:\/\/pvpgrams.com\/#\/schema\/logo\/image\/\",\"url\":\"https:\/\/pvpgrams.com\/wp-content\/uploads\/2024\/10\/logo.png\",\"contentUrl\":\"https:\/\/pvpgrams.com\/wp-content\/uploads\/2024\/10\/logo.png\",\"width\":181,\"height\":41,\"caption\":\"PVP Grams\"},\"image\":{\"@id\":\"https:\/\/pvpgrams.com\/#\/schema\/logo\/image\/\"}}]}<\/script>\n<!-- \/ Yoast SEO plugin. -->","yoast_head_json":{"title":"Buy 2C-E 2C-P 2C-C 2C-T-2 2C-B HCl Powder Online | pvpgrams","description":"Szeretne 2C sorozat\u00fa HCl porokat v\u00e1s\u00e1rolni? Szerezze be \u0151ket online, gyors sz\u00e1ll\u00edt\u00e1ssal. Nagy tisztas\u00e1g\u00fa kutat\u00e1si vegyszerek tudom\u00e1nyos elemz\u00e9sekhez, diszkr\u00e9ten sz\u00e1ll\u00edtva.","robots":{"index":"index","follow":"follow","max-snippet":"max-snippet:-1","max-image-preview":"max-image-preview:large","max-video-preview":"max-video-preview:-1"},"canonical":"https:\/\/pvpgrams.com\/hu\/product\/2c-e-2c-p-2c-c-2c-t-2-2c-b-hcl-powder\/","og_locale":"hu_HU","og_type":"article","og_title":"Buy 2C-E 2C-P 2C-C 2C-T-2 2C-B HCl Powder Online | pvpgrams","og_description":"Want to buy 2C series HCl powders? Get them online with fast shipping. High-purity research chemicals for scientific analysis, delivered discreetly.","og_url":"https:\/\/pvpgrams.com\/hu\/product\/2c-e-2c-p-2c-c-2c-t-2-2c-b-hcl-powder\/","og_site_name":"PVP Grams","article_modified_time":"2026-02-24T13:54:37+00:00","og_image":[{"width":600,"height":600,"url":"https:\/\/pvpgrams.com\/wp-content\/uploads\/2025\/05\/2C-E-2C-P-2C-C-2C-T-2-2C-B-Hcl-Powder.jpg","type":"image\/jpeg"}],"twitter_card":"summary_large_image","twitter_misc":{"Becs\u00fclt olvas\u00e1si id\u0151":"3 perc"},"schema":{"@context":"https:\/\/schema.org","@graph":[{"@type":["WebPage","ItemPage"],"@id":"https:\/\/pvpgrams.com\/product\/2c-e-2c-p-2c-c-2c-t-2-2c-b-hcl-powder\/","url":"https:\/\/pvpgrams.com\/product\/2c-e-2c-p-2c-c-2c-t-2-2c-b-hcl-powder\/","name":"Buy 2C-E 2C-P 2C-C 2C-T-2 2C-B HCl Powder Online | pvpgrams","isPartOf":{"@id":"https:\/\/pvpgrams.com\/#website"},"primaryImageOfPage":{"@id":"https:\/\/pvpgrams.com\/product\/2c-e-2c-p-2c-c-2c-t-2-2c-b-hcl-powder\/#primaryimage"},"image":{"@id":"https:\/\/pvpgrams.com\/product\/2c-e-2c-p-2c-c-2c-t-2-2c-b-hcl-powder\/#primaryimage"},"thumbnailUrl":"https:\/\/pvpgrams.com\/wp-content\/uploads\/2025\/05\/2C-E-2C-P-2C-C-2C-T-2-2C-B-Hcl-Powder.jpg","datePublished":"2025-05-15T09:39:56+00:00","dateModified":"2026-02-24T13:54:37+00:00","description":"Szeretne 2C sorozat\u00fa HCl porokat v\u00e1s\u00e1rolni? Szerezze be \u0151ket online, gyors sz\u00e1ll\u00edt\u00e1ssal. Nagy tisztas\u00e1g\u00fa kutat\u00e1si vegyszerek tudom\u00e1nyos elemz\u00e9sekhez, diszkr\u00e9ten sz\u00e1ll\u00edtva.","breadcrumb":{"@id":"https:\/\/pvpgrams.com\/product\/2c-e-2c-p-2c-c-2c-t-2-2c-b-hcl-powder\/#breadcrumb"},"inLanguage":"hu","potentialAction":[{"@type":"ReadAction","target":["https:\/\/pvpgrams.com\/product\/2c-e-2c-p-2c-c-2c-t-2-2c-b-hcl-powder\/"]}]},{"@type":"ImageObject","inLanguage":"hu","@id":"https:\/\/pvpgrams.com\/product\/2c-e-2c-p-2c-c-2c-t-2-2c-b-hcl-powder\/#primaryimage","url":"https:\/\/pvpgrams.com\/wp-content\/uploads\/2025\/05\/2C-E-2C-P-2C-C-2C-T-2-2C-B-Hcl-Powder.jpg","contentUrl":"https:\/\/pvpgrams.com\/wp-content\/uploads\/2025\/05\/2C-E-2C-P-2C-C-2C-T-2-2C-B-Hcl-Powder.jpg","width":600,"height":600,"caption":"Buy 2C-E, 2C-P, 2C-C, 2C-T-2, 2C-B\/ Hcl Powder Online"},{"@type":"BreadcrumbList","@id":"https:\/\/pvpgrams.com\/product\/2c-e-2c-p-2c-c-2c-t-2-2c-b-hcl-powder\/#breadcrumb","itemListElement":[{"@type":"ListItem","position":1,"name":"Home","item":"https:\/\/pvpgrams.com\/"},{"@type":"ListItem","position":2,"name":"Shop","item":"https:\/\/pvpgrams.com\/shop\/"},{"@type":"ListItem","position":3,"name":"Buy 2C-E, 2C-P, 2C-C, 2C-T-2, 2C-B\/ Hcl Powder Online"}]},{"@type":"WebSite","@id":"https:\/\/pvpgrams.com\/#website","url":"https:\/\/pvpgrams.com\/","name":"PVP grammok","description":"","publisher":{"@id":"https:\/\/pvpgrams.com\/#organization"},"potentialAction":[{"@type":"SearchAction","target":{"@type":"EntryPoint","urlTemplate":"https:\/\/pvpgrams.com\/?s={search_term_string}"},"query-input":{"@type":"PropertyValueSpecification","valueRequired":true,"valueName":"search_term_string"}}],"inLanguage":"hu"},{"@type":"Organization","@id":"https:\/\/pvpgrams.com\/#organization","name":"PVP grammok","url":"https:\/\/pvpgrams.com\/","logo":{"@type":"ImageObject","inLanguage":"hu","@id":"https:\/\/pvpgrams.com\/#\/schema\/logo\/image\/","url":"https:\/\/pvpgrams.com\/wp-content\/uploads\/2024\/10\/logo.png","contentUrl":"https:\/\/pvpgrams.com\/wp-content\/uploads\/2024\/10\/logo.png","width":181,"height":41,"caption":"PVP Grams"},"image":{"@id":"https:\/\/pvpgrams.com\/#\/schema\/logo\/image\/"}}]}},"_links":{"self":[{"href":"https:\/\/pvpgrams.com\/hu\/wp-json\/wp\/v2\/product\/1505","targetHints":{"allow":["GET"]}}],"collection":[{"href":"https:\/\/pvpgrams.com\/hu\/wp-json\/wp\/v2\/product"}],"about":[{"href":"https:\/\/pvpgrams.com\/hu\/wp-json\/wp\/v2\/types\/product"}],"replies":[{"embeddable":true,"href":"https:\/\/pvpgrams.com\/hu\/wp-json\/wp\/v2\/comments?post=1505"}],"wp:featuredmedia":[{"embeddable":true,"href":"https:\/\/pvpgrams.com\/hu\/wp-json\/wp\/v2\/media\/1955"}],"wp:attachment":[{"href":"https:\/\/pvpgrams.com\/hu\/wp-json\/wp\/v2\/media?parent=1505"}],"wp:term":[{"taxonomy":"product_brand","embeddable":true,"href":"https:\/\/pvpgrams.com\/hu\/wp-json\/wp\/v2\/product_brand?post=1505"},{"taxonomy":"product_cat","embeddable":true,"href":"https:\/\/pvpgrams.com\/hu\/wp-json\/wp\/v2\/product_cat?post=1505"},{"taxonomy":"product_tag","embeddable":true,"href":"https:\/\/pvpgrams.com\/hu\/wp-json\/wp\/v2\/product_tag?post=1505"}],"curies":[{"name":"wp","href":"https:\/\/api.w.org\/{rel}","templated":true}]}}