{"id":1515,"date":"2025-05-15T09:44:55","date_gmt":"2025-05-15T09:44:55","guid":{"rendered":"https:\/\/pvpgrams.com\/?post_type=product&#038;p=1515"},"modified":"2025-08-28T09:30:22","modified_gmt":"2025-08-28T09:30:22","slug":"4-acetoxy-dipt","status":"publish","type":"product","link":"https:\/\/pvpgrams.com\/hu\/product\/4-acetoxy-dipt\/","title":{"rendered":"4-Acetoxi-Dipt"},"content":{"rendered":"<h2 data-start=\"119\" data-end=\"182\"><strong data-start=\"119\" data-end=\"180\">V\u00e1s\u00e1roljon 4-acetoxi-DiPT-t online egy megb\u00edzhat\u00f3 kutat\u00e1si forr\u00e1sb\u00f3l<\/strong><\/h2>\n<h3 data-start=\"184\" data-end=\"267\"><strong data-start=\"184\" data-end=\"265\">V\u00e1s\u00e1roljon 4-Acetoxy-DiPT-t online \u2013 Pr\u00e9mium min\u0151s\u00e9g\u0171 szintetikus triptamin kutat\u00e1shoz<\/strong><\/h3>\n<h3 data-start=\"269\" data-end=\"333\">Amit tudnia kell, miel\u0151tt online v\u00e1s\u00e1rolna 4-acetoxi-DiPT-t<\/h3>\n<p data-start=\"335\" data-end=\"677\">A triptamin alap\u00fa kutat\u00e1si vegyszerek ir\u00e1nti n\u00f6vekv\u0151 \u00e9rdekl\u0151d\u00e9s a 4-acetoxi-DiPT-t reflektorf\u00e9nybe helyezte, mint egyed\u00fcl\u00e1ll\u00f3 vegy\u00fcletet, amely \u00edg\u00e9retes alkalmaz\u00e1si lehet\u0151s\u00e9gekkel rendelkezik a neurofarmakol\u00f3gi\u00e1ban \u00e9s a k\u00e9miai kutat\u00e1sban. Az online el\u00e9rhet\u0151s\u00e9g n\u00f6veked\u00e9s\u00e9vel... <a href=\"https:\/\/pvpgrams.com\/hu\/product\/4-acetoxy-dipt\/\">v\u00e1s\u00e1rolni 4-Acetoxy-DiPT online<\/a> m\u00e9g soha nem volt ilyen egyszer\u0171 \u2013 de l\u00e9tfontoss\u00e1g\u00fa, hogy t\u00e1j\u00e9kozott, felel\u0151ss\u00e9gteljes d\u00f6nt\u00e9seket hozzunk.<\/p>\n<h3 data-start=\"679\" data-end=\"708\">Milyen t\u00edpus\u00fa gy\u00f3gyszer a 4-Acetoxy-DiPT?<\/h3>\n<p data-start=\"710\" data-end=\"1144\">A 4-acetoxi-DiPT (4-AcO-DiPT) egy szintetikus triptamin-sz\u00e1rmaz\u00e9k, amely szorosan kapcsol\u00f3dik m\u00e1s j\u00f3l ismert vegy\u00fcletekhez, mint p\u00e9ld\u00e1ul a pszilocin \u00e9s a 4-AcO-DMT. K\u00fcl\u00f6nleges molekulaszerkezet\u00e9r\u0151l ismert, \u00e9s \u00e9rt\u00e9kes eszk\u00f6zk\u00e9nt szolg\u00e1l a laborat\u00f3riumi kutat\u00e1sokban, amelyek a receptork\u00f6t\u00e9st, a neurok\u00e9miai \u00fatvonalakat \u00e9s a pszichedelikus anal\u00f3g viselked\u00e9st vizsg\u00e1lj\u00e1k. Felh\u00edvjuk figyelm\u00e9t, hogy ez a term\u00e9k szigor\u00faan kiz\u00e1r\u00f3lag kutat\u00e1si c\u00e9lokra k\u00e9sz\u00fclt, \u00e9s nem emberi fogyaszt\u00e1sra alkalmas.<\/p>\n<h3 data-start=\"1146\" data-end=\"1170\">Kock\u00e1zatok \u00e9s aggodalmak<\/h3>\n<p data-start=\"1172\" data-end=\"1541\">Er\u0151s jellege miatt a <a href=\"https:\/\/en.wikipedia.org\/wiki\/4-Acetoxy-DiPT\">4-Acetoxi-DiPT<\/a> elad\u00f3 eg\u00e9szs\u00e9g\u00fcgyi kock\u00e1zatot jelenthet. Ezenk\u00edv\u00fcl a kutat\u00e1si eredm\u00e9nyek nagym\u00e9rt\u00e9kben f\u00fcggenek a k\u00e9miai tisztas\u00e1gt\u00f3l. A nem ellen\u0151rz\u00f6tt forr\u00e1sokb\u00f3l t\u00f6rt\u00e9n\u0151 v\u00e1s\u00e1rl\u00e1s szennyez\u0151d\u00e9ssel, helytelen adagol\u00e1ssal vagy hamis\u00edtott term\u00e9kekkel j\u00e1rhat, amelyek vesz\u00e9lyeztethetik a biztons\u00e1got \u00e9s az adatok integrit\u00e1s\u00e1t. Mindig gy\u0151z\u0151dj\u00f6n meg arr\u00f3l, hogy a 4-Acetoxy-DiPT-t megb\u00edzhat\u00f3 besz\u00e1ll\u00edt\u00f3kt\u00f3l rendeli.<\/p>\n<h3 data-start=\"1543\" data-end=\"1588\">Hoe u 4-Acetoxy-DiPT veilig online kunt kopen<\/h3>\n<p data-start=\"1590\" data-end=\"1702\">A megb\u00edzhat\u00f3 besz\u00e1ll\u00edt\u00f3 megtal\u00e1l\u00e1sa kulcsfontoss\u00e1g\u00fa. Amikor t\u0151l\u00fcnk online v\u00e1s\u00e1rol 4-Acetoxy-DiPT-t, a k\u00f6vetkez\u0151kh\u00f6z f\u00e9rhet hozz\u00e1:<\/p>\n<ul data-start=\"1704\" data-end=\"2065\">\n<li data-start=\"1704\" data-end=\"1812\">\n<p data-start=\"1706\" data-end=\"1812\">F\u00fcggetlen, harmadik f\u00e9l \u00e1ltal v\u00e9gzett laborat\u00f3riumi vizsg\u00e1latokkal \u00e9s elemz\u00e9si tan\u00fas\u00edtv\u00e1nyokkal (COA) al\u00e1t\u00e1masztott, tan\u00fas\u00edtott tiszta por.<\/p>\n<\/li>\n<li data-start=\"1906\" data-end=\"2009\">\n<p data-start=\"1908\" data-end=\"2009\">Megb\u00edzhat\u00f3 \u00e9s diszkr\u00e9t v\u00e1s\u00e1rl\u00e1si \u00e9lm\u00e9ny a legjobb helyr\u0151l, ahol online 4-Acetoxy-DiPT-t v\u00e1s\u00e1rolhat.<\/p>\n<\/li>\n<li data-start=\"2010\" data-end=\"2065\">\n<p data-start=\"2012\" data-end=\"2065\">Kock\u00e1zatos darknetes piacok vagy csal\u00f3 szolg\u00e1ltat\u00f3k elker\u00fcl\u00e9se.<\/p>\n<\/li>\n<\/ul>\n<h3 data-start=\"2067\" data-end=\"2087\">Mi\u00e9rt v\u00e1lasszon minket?<\/h3>\n<p data-start=\"2089\" data-end=\"2360\">Amikor 4-Acetoxy-DiPT-t rendel online platformunkon kereszt\u00fcl, pr\u00e9mium min\u0151s\u00e9g\u0171 szintetikus triptamint kap garant\u00e1lt tisztas\u00e1ggal, gyors sz\u00e1ll\u00edt\u00e1ssal \u00e9s seg\u00edt\u0151k\u00e9sz \u00fcgyf\u00e9lszolg\u00e1lattal. Kutat\u00e1si ig\u00e9nyeit a min\u0151s\u00e9g, a megfizethet\u0151s\u00e9g \u00e9s a megb\u00edzhat\u00f3s\u00e1g \u00f6tv\u00f6z\u00e9s\u00e9vel helyezz\u00fck el\u0151t\u00e9rbe.<\/p>\n<h3 data-start=\"2362\" data-end=\"2378\">K\u00f6vetkeztet\u00e9s<\/h3>\n<p data-start=\"2380\" data-end=\"2651\">Ha egy kiv\u00e1l\u00f3 min\u0151s\u00e9g\u0171 vegy\u00fclettel szeretn\u00e9 el\u0151mozd\u00edtani kutat\u00e1sait, elengedhetetlen a 4-Acetoxy-DiPT online v\u00e1s\u00e1rl\u00e1sa egy megb\u00edzhat\u00f3 sz\u00e1ll\u00edt\u00f3t\u00f3l. Elk\u00f6telezettek vagyunk a jogszab\u00e1lyoknak val\u00f3 megfelel\u00e9s, a term\u00e9ktisztas\u00e1g \u00e9s az \u00fcgyf\u00e9l-el\u00e9gedetts\u00e9g ir\u00e1nt, \u00edgy mi vagyunk a legjobb forr\u00e1sa a 4-Acetoxy-DiPT beszerz\u00e9s\u00e9nek.<\/p>\n<p data-start=\"2653\" data-end=\"2819\">Rendeljen m\u00e9g ma, \u00e9s tapasztalja meg a min\u0151s\u00e9gbeli k\u00fcl\u00f6nbs\u00e9get, amelyben megb\u00edzhat. Fedezze fel, hol v\u00e1s\u00e1rolhat 4-Acetoxy-DiPT-t, \u00e9s gondoskodjon magabiztosan kutat\u00e1si min\u0151s\u00e9g\u0171 anyag\u00e1r\u00f3l.<\/p>","protected":false},"excerpt":{"rendered":"<p>Buy 4-Acetoxy-DiPT Online from a Reliable Research Source Buy 4-Acetoxy-DiPT Online \u2013 Premium Quality Synthetic Tryptamine for Research What You Need to Know Before You Buy 4-Acetoxy-DiPT Online The growing interest in tryptamine-based research chemicals has put 4-Acetoxy-DiPT in the spotlight as a unique compound with promising applications in neuropharmacology and chemical research. With the rise of online availability, buy 4-Acetoxy-DiPT online has never been easier\u2014but it\u2019s vital to make informed, responsible choices. What is 4-Acetoxy-DiPT? 4-Acetoxy-DiPT (4-AcO-DiPT) is a synthetic tryptamine derivative closely related to other well-known compounds like psilocin and 4-AcO-DMT. Known for its distinct molecular structure, it serves as a valuable tool in laboratory research exploring receptor binding, neurochemical pathways, and psychedelic analog behavior. Please note, this product is strictly intended for research purposes only and is not for human consumption. Risks and Concerns Due to its potent nature, the misuse of 4-Acetoxy-DiPT for sale can pose health risks. Additionally, research outcomes rely heavily on chemical purity. Purchasing from unverified sources risks contamination, incorrect dosing, or counterfeit products that can compromise safety and data integrity. Always ensure you order 4-Acetoxy-DiPT from trusted suppliers. How to Buy 4-Acetoxy-DiPT Online Safely Finding a trustworthy supplier is crucial. When you buy 4-Acetoxy-DiPT online from us, you gain access to: Certified pure powder backed by independent third-party lab testing and Certificates of Analysis (COAs). A reliable and discreet purchasing experience from the best place to buy 4-Acetoxy-DiPT online. Avoidance of risky darknet markets or scam vendors. Why Choose Us? When you order 4-Acetoxy-DiPT online through our platform, you receive premium-grade synthetic tryptamine with guaranteed purity, fast shipping, and responsive customer service. We prioritize your research needs by combining quality, affordability, and reliability. Conclusion If you want to advance your research with a top-quality compound, 4-Acetoxy-DiPT buy online from a trusted vendor is essential. Our commitment to legal compliance, product purity, and customer satisfaction makes us your go-to source for 4-Acetoxy-DiPT for sale. Order today and experience the difference of quality you can trust. Explore where to buy 4-Acetoxy-DiPT and secure your research-grade material with confidence.<\/p>","protected":false},"featured_media":1959,"comment_status":"closed","ping_status":"closed","template":"","meta":{"_kadence_starter_templates_imported_post":false,"_kad_post_transparent":"default","_kad_post_title":"","_kad_post_layout":"default","_kad_post_sidebar_id":"","_kad_post_content_style":"default","_kad_post_vertical_padding":"default","_kad_post_feature":"","_kad_post_feature_position":"","_kad_post_header":false,"_kad_post_footer":false,"_joinchat":[]},"product_brand":[],"product_cat":[361],"product_tag":[3941,3942,3943,3944,3945,3946,3947,3948,3949,3950,3951,3952],"class_list":{"0":"post-1515","1":"product","2":"type-product","3":"status-publish","4":"has-post-thumbnail","6":"product_cat-research-chemicals","7":"product_tag-4-aco-dipt-erowid","8":"product_tag-4-acetoxy-dipt-for-sale-online","9":"product_tag-4-aco-dipt-reddit","10":"product_tag-buy-4-acetoxy-dipt-online","11":"product_tag-buy-4-acetoxy-dipt-online-with-cheapest-prescription","12":"product_tag-buy-4-acetoxy-dipt-online-with-good-prescription","13":"product_tag-buy-4-acetoxy-dipt-online-with-low-prescription","14":"product_tag-buy-4-acetoxy-dipt-online-without-prescription","15":"product_tag-cheap-4-acetoxy-dipt-online","16":"product_tag-order-4-acetoxy-dipt-online","17":"product_tag-purchase-4-acetoxy-dipt-online","18":"product_tag-where-can-i-buy-4-acetoxy-dipt-online","20":"first","21":"instock","22":"shipping-taxable","23":"purchasable","24":"product-type-variable","25":"entry","26":"content-bg","27":"loop-entry"},"yoast_head":"<!-- This site is optimized with the Yoast SEO plugin v26.5 - https:\/\/yoast.com\/wordpress\/plugins\/seo\/ -->\n<title>Buy 4-Acetoxy-DIPT Online \u2013 4-Acetoxy-DIPT for Sale<\/title>\n<meta name=\"description\" content=\"Looking to buy 4-AcO-DIPT for your studies? Get it online now with fast shipping. A high-quality research chemical, perfect for scientific use.\" \/>\n<meta name=\"robots\" content=\"index, follow, max-snippet:-1, max-image-preview:large, max-video-preview:-1\" \/>\n<link rel=\"canonical\" href=\"https:\/\/pvpgrams.com\/hu\/product\/4-acetoxy-dipt\/\" \/>\n<meta property=\"og:locale\" content=\"hu_HU\" \/>\n<meta property=\"og:type\" content=\"article\" \/>\n<meta property=\"og:title\" content=\"Buy 4-Acetoxy-DIPT Online \u2013 4-Acetoxy-DIPT for Sale\" \/>\n<meta property=\"og:description\" content=\"Looking to buy 4-AcO-DIPT for your studies? Get it online now with fast shipping. A high-quality research chemical, perfect for scientific use.\" \/>\n<meta property=\"og:url\" content=\"https:\/\/pvpgrams.com\/hu\/product\/4-acetoxy-dipt\/\" \/>\n<meta property=\"og:site_name\" content=\"PVP Grams\" \/>\n<meta property=\"article:modified_time\" content=\"2025-08-28T09:30:22+00:00\" \/>\n<meta property=\"og:image\" content=\"https:\/\/pvpgrams.com\/wp-content\/uploads\/2025\/05\/4-Acetoxy-Dipt.jpg\" \/>\n\t<meta property=\"og:image:width\" content=\"600\" \/>\n\t<meta property=\"og:image:height\" content=\"600\" \/>\n\t<meta property=\"og:image:type\" content=\"image\/jpeg\" \/>\n<meta name=\"twitter:card\" content=\"summary_large_image\" \/>\n<meta name=\"twitter:label1\" content=\"Becs\u00fclt olvas\u00e1si id\u0151\" \/>\n\t<meta name=\"twitter:data1\" content=\"2 perc\" \/>\n<script type=\"application\/ld+json\" class=\"yoast-schema-graph\">{\"@context\":\"https:\/\/schema.org\",\"@graph\":[{\"@type\":[\"WebPage\",\"ItemPage\"],\"@id\":\"https:\/\/pvpgrams.com\/product\/4-acetoxy-dipt\/\",\"url\":\"https:\/\/pvpgrams.com\/product\/4-acetoxy-dipt\/\",\"name\":\"Buy 4-Acetoxy-DIPT Online \u2013 4-Acetoxy-DIPT for Sale\",\"isPartOf\":{\"@id\":\"https:\/\/pvpgrams.com\/#website\"},\"primaryImageOfPage\":{\"@id\":\"https:\/\/pvpgrams.com\/product\/4-acetoxy-dipt\/#primaryimage\"},\"image\":{\"@id\":\"https:\/\/pvpgrams.com\/product\/4-acetoxy-dipt\/#primaryimage\"},\"thumbnailUrl\":\"https:\/\/pvpgrams.com\/wp-content\/uploads\/2025\/05\/4-Acetoxy-Dipt.jpg\",\"datePublished\":\"2025-05-15T09:44:55+00:00\",\"dateModified\":\"2025-08-28T09:30:22+00:00\",\"description\":\"Looking to buy 4-AcO-DIPT for your studies? Get it online now with fast shipping. A high-quality research chemical, perfect for scientific use.\",\"breadcrumb\":{\"@id\":\"https:\/\/pvpgrams.com\/product\/4-acetoxy-dipt\/#breadcrumb\"},\"inLanguage\":\"hu\",\"potentialAction\":[{\"@type\":\"ReadAction\",\"target\":[\"https:\/\/pvpgrams.com\/product\/4-acetoxy-dipt\/\"]}]},{\"@type\":\"ImageObject\",\"inLanguage\":\"hu\",\"@id\":\"https:\/\/pvpgrams.com\/product\/4-acetoxy-dipt\/#primaryimage\",\"url\":\"https:\/\/pvpgrams.com\/wp-content\/uploads\/2025\/05\/4-Acetoxy-Dipt.jpg\",\"contentUrl\":\"https:\/\/pvpgrams.com\/wp-content\/uploads\/2025\/05\/4-Acetoxy-Dipt.jpg\",\"width\":600,\"height\":600,\"caption\":\"Buy 4-Acetoxy-Dipt Online\"},{\"@type\":\"BreadcrumbList\",\"@id\":\"https:\/\/pvpgrams.com\/product\/4-acetoxy-dipt\/#breadcrumb\",\"itemListElement\":[{\"@type\":\"ListItem\",\"position\":1,\"name\":\"Home\",\"item\":\"https:\/\/pvpgrams.com\/\"},{\"@type\":\"ListItem\",\"position\":2,\"name\":\"Shop\",\"item\":\"https:\/\/pvpgrams.com\/shop\/\"},{\"@type\":\"ListItem\",\"position\":3,\"name\":\"4-Acetoxy-Dipt\"}]},{\"@type\":\"WebSite\",\"@id\":\"https:\/\/pvpgrams.com\/#website\",\"url\":\"https:\/\/pvpgrams.com\/\",\"name\":\"PVP Grams\",\"description\":\"\",\"publisher\":{\"@id\":\"https:\/\/pvpgrams.com\/#organization\"},\"potentialAction\":[{\"@type\":\"SearchAction\",\"target\":{\"@type\":\"EntryPoint\",\"urlTemplate\":\"https:\/\/pvpgrams.com\/?s={search_term_string}\"},\"query-input\":{\"@type\":\"PropertyValueSpecification\",\"valueRequired\":true,\"valueName\":\"search_term_string\"}}],\"inLanguage\":\"hu\"},{\"@type\":\"Organization\",\"@id\":\"https:\/\/pvpgrams.com\/#organization\",\"name\":\"PVP Grams\",\"url\":\"https:\/\/pvpgrams.com\/\",\"logo\":{\"@type\":\"ImageObject\",\"inLanguage\":\"hu\",\"@id\":\"https:\/\/pvpgrams.com\/#\/schema\/logo\/image\/\",\"url\":\"https:\/\/pvpgrams.com\/wp-content\/uploads\/2024\/10\/logo.png\",\"contentUrl\":\"https:\/\/pvpgrams.com\/wp-content\/uploads\/2024\/10\/logo.png\",\"width\":181,\"height\":41,\"caption\":\"PVP Grams\"},\"image\":{\"@id\":\"https:\/\/pvpgrams.com\/#\/schema\/logo\/image\/\"}}]}<\/script>\n<!-- \/ Yoast SEO plugin. -->","yoast_head_json":{"title":"4-Acetoxy-DIPT online megv\u00e1s\u00e1rl\u00e1sa - 4-Acetoxy-DIPT elad\u00f3","description":"4-AcO-DIPT-et szeretne v\u00e1s\u00e1rolni tanulm\u00e1nyaihoz? Szerezze be most online, gyors sz\u00e1ll\u00edt\u00e1ssal. Kiv\u00e1l\u00f3 min\u0151s\u00e9g\u0171 kutat\u00e1si vegyszer, t\u00f6k\u00e9letes tudom\u00e1nyos felhaszn\u00e1l\u00e1sra.","robots":{"index":"index","follow":"follow","max-snippet":"max-snippet:-1","max-image-preview":"max-image-preview:large","max-video-preview":"max-video-preview:-1"},"canonical":"https:\/\/pvpgrams.com\/hu\/product\/4-acetoxy-dipt\/","og_locale":"hu_HU","og_type":"article","og_title":"Buy 4-Acetoxy-DIPT Online \u2013 4-Acetoxy-DIPT for Sale","og_description":"Looking to buy 4-AcO-DIPT for your studies? Get it online now with fast shipping. A high-quality research chemical, perfect for scientific use.","og_url":"https:\/\/pvpgrams.com\/hu\/product\/4-acetoxy-dipt\/","og_site_name":"PVP Grams","article_modified_time":"2025-08-28T09:30:22+00:00","og_image":[{"width":600,"height":600,"url":"https:\/\/pvpgrams.com\/wp-content\/uploads\/2025\/05\/4-Acetoxy-Dipt.jpg","type":"image\/jpeg"}],"twitter_card":"summary_large_image","twitter_misc":{"Becs\u00fclt olvas\u00e1si id\u0151":"2 perc"},"schema":{"@context":"https:\/\/schema.org","@graph":[{"@type":["WebPage","ItemPage"],"@id":"https:\/\/pvpgrams.com\/product\/4-acetoxy-dipt\/","url":"https:\/\/pvpgrams.com\/product\/4-acetoxy-dipt\/","name":"4-Acetoxy-DIPT online megv\u00e1s\u00e1rl\u00e1sa - 4-Acetoxy-DIPT elad\u00f3","isPartOf":{"@id":"https:\/\/pvpgrams.com\/#website"},"primaryImageOfPage":{"@id":"https:\/\/pvpgrams.com\/product\/4-acetoxy-dipt\/#primaryimage"},"image":{"@id":"https:\/\/pvpgrams.com\/product\/4-acetoxy-dipt\/#primaryimage"},"thumbnailUrl":"https:\/\/pvpgrams.com\/wp-content\/uploads\/2025\/05\/4-Acetoxy-Dipt.jpg","datePublished":"2025-05-15T09:44:55+00:00","dateModified":"2025-08-28T09:30:22+00:00","description":"4-AcO-DIPT-et szeretne v\u00e1s\u00e1rolni tanulm\u00e1nyaihoz? Szerezze be most online, gyors sz\u00e1ll\u00edt\u00e1ssal. Kiv\u00e1l\u00f3 min\u0151s\u00e9g\u0171 kutat\u00e1si vegyszer, t\u00f6k\u00e9letes tudom\u00e1nyos felhaszn\u00e1l\u00e1sra.","breadcrumb":{"@id":"https:\/\/pvpgrams.com\/product\/4-acetoxy-dipt\/#breadcrumb"},"inLanguage":"hu","potentialAction":[{"@type":"ReadAction","target":["https:\/\/pvpgrams.com\/product\/4-acetoxy-dipt\/"]}]},{"@type":"ImageObject","inLanguage":"hu","@id":"https:\/\/pvpgrams.com\/product\/4-acetoxy-dipt\/#primaryimage","url":"https:\/\/pvpgrams.com\/wp-content\/uploads\/2025\/05\/4-Acetoxy-Dipt.jpg","contentUrl":"https:\/\/pvpgrams.com\/wp-content\/uploads\/2025\/05\/4-Acetoxy-Dipt.jpg","width":600,"height":600,"caption":"Buy 4-Acetoxy-Dipt Online"},{"@type":"BreadcrumbList","@id":"https:\/\/pvpgrams.com\/product\/4-acetoxy-dipt\/#breadcrumb","itemListElement":[{"@type":"ListItem","position":1,"name":"Home","item":"https:\/\/pvpgrams.com\/"},{"@type":"ListItem","position":2,"name":"Shop","item":"https:\/\/pvpgrams.com\/shop\/"},{"@type":"ListItem","position":3,"name":"4-Acetoxy-Dipt"}]},{"@type":"WebSite","@id":"https:\/\/pvpgrams.com\/#website","url":"https:\/\/pvpgrams.com\/","name":"PVP grammok","description":"","publisher":{"@id":"https:\/\/pvpgrams.com\/#organization"},"potentialAction":[{"@type":"SearchAction","target":{"@type":"EntryPoint","urlTemplate":"https:\/\/pvpgrams.com\/?s={search_term_string}"},"query-input":{"@type":"PropertyValueSpecification","valueRequired":true,"valueName":"search_term_string"}}],"inLanguage":"hu"},{"@type":"Organization","@id":"https:\/\/pvpgrams.com\/#organization","name":"PVP grammok","url":"https:\/\/pvpgrams.com\/","logo":{"@type":"ImageObject","inLanguage":"hu","@id":"https:\/\/pvpgrams.com\/#\/schema\/logo\/image\/","url":"https:\/\/pvpgrams.com\/wp-content\/uploads\/2024\/10\/logo.png","contentUrl":"https:\/\/pvpgrams.com\/wp-content\/uploads\/2024\/10\/logo.png","width":181,"height":41,"caption":"PVP Grams"},"image":{"@id":"https:\/\/pvpgrams.com\/#\/schema\/logo\/image\/"}}]}},"_links":{"self":[{"href":"https:\/\/pvpgrams.com\/hu\/wp-json\/wp\/v2\/product\/1515","targetHints":{"allow":["GET"]}}],"collection":[{"href":"https:\/\/pvpgrams.com\/hu\/wp-json\/wp\/v2\/product"}],"about":[{"href":"https:\/\/pvpgrams.com\/hu\/wp-json\/wp\/v2\/types\/product"}],"replies":[{"embeddable":true,"href":"https:\/\/pvpgrams.com\/hu\/wp-json\/wp\/v2\/comments?post=1515"}],"wp:featuredmedia":[{"embeddable":true,"href":"https:\/\/pvpgrams.com\/hu\/wp-json\/wp\/v2\/media\/1959"}],"wp:attachment":[{"href":"https:\/\/pvpgrams.com\/hu\/wp-json\/wp\/v2\/media?parent=1515"}],"wp:term":[{"taxonomy":"product_brand","embeddable":true,"href":"https:\/\/pvpgrams.com\/hu\/wp-json\/wp\/v2\/product_brand?post=1515"},{"taxonomy":"product_cat","embeddable":true,"href":"https:\/\/pvpgrams.com\/hu\/wp-json\/wp\/v2\/product_cat?post=1515"},{"taxonomy":"product_tag","embeddable":true,"href":"https:\/\/pvpgrams.com\/hu\/wp-json\/wp\/v2\/product_tag?post=1515"}],"curies":[{"name":"wp","href":"https:\/\/api.w.org\/{rel}","templated":true}]}}