{"id":1516,"date":"2025-05-15T09:46:14","date_gmt":"2025-05-15T09:46:14","guid":{"rendered":"https:\/\/pvpgrams.com\/?post_type=product&#038;p=1516"},"modified":"2025-10-30T07:39:28","modified_gmt":"2025-10-30T07:39:28","slug":"4-aco-dmt-crystal-online","status":"publish","type":"product","link":"https:\/\/pvpgrams.com\/hu\/product\/4-aco-dmt-crystal-online\/","title":{"rendered":"4-AcO-DMT krist\u00e1ly Online"},"content":{"rendered":"<h2 data-start=\"119\" data-end=\"185\"><strong data-start=\"119\" data-end=\"183\">V\u00e1s\u00e1roljon 4-AcO-DMT krist\u00e1lyt online egy megb\u00edzhat\u00f3 kutat\u00e1si forr\u00e1sb\u00f3l<\/strong><\/h2>\n<h3 data-start=\"187\" data-end=\"235\"><strong data-start=\"187\" data-end=\"233\">V\u00e1s\u00e1roljon 4-AcO-DMT krist\u00e1lyt online a PVPGRAMS-t\u00f3l<\/strong><\/h3>\n<p data-start=\"237\" data-end=\"652\">A 4-AcO-DMT Crystal Online, m\u00e1s n\u00e9ven O-acetil-pszilocin, egy szintetikus pszichedelikus vegy\u00fclet, amely a triptamin csal\u00e1dba tartozik. A pszilocin \u2013 a var\u00e1zsgomb\u00e1kban tal\u00e1lhat\u00f3 hat\u00f3anyag \u2013 el\u0151gy\u00f3gyszerek\u00e9nt hasonl\u00f3 pszichoakt\u00edv hat\u00e1sokat fejt ki. Ide\u00e1lis kutat\u00e1shoz \u00e9s tudom\u00e1nyos vizsg\u00e1latokhoz, mivel... <a href=\"https:\/\/pvpgrams.com\/hu\/product\/4-aco-dmt-crystal-online\/\">v\u00e1s\u00e1roljon 4-AcO-DMT krist\u00e1lyt online<\/a> megb\u00edzhat\u00f3 besz\u00e1ll\u00edt\u00f3kon, mint p\u00e9ld\u00e1ul a PVPGRAMS, kereszt\u00fcl, biztos\u00edtva a magas sz\u00ednvonal\u00fa \u00e9s megb\u00edzhat\u00f3 szolg\u00e1ltat\u00e1st.<\/p>\n<p data-start=\"654\" data-end=\"1106\"><a href=\"https:\/\/en.wikipedia.org\/wiki\/4-AcO-DMT\">4-AcO-DMT<\/a>A pszilocibin, m\u00e1s n\u00e9ven pszilocibin vagy 4-acetoxi-N,N-dimetiltriptamin, a pszilocibin f\u00e9lszintetikus anal\u00f3gja. N\u00e9pszer\u0171 a farmakol\u00f3giai vizsg\u00e1latokban, \u00e9s gyakran haszn\u00e1lj\u00e1k a pszilocibin helyettes\u00edt\u0151jek\u00e9nt a tudom\u00e1nyos kutat\u00e1sokban. Ha 4-AcO-DMT krist\u00e1lyt szeretne rendelni, azt fogja tapasztalni, hogy ez az anyag a pszichedelikus hat\u00e1sok egyed\u00fcl\u00e1ll\u00f3 kombin\u00e1ci\u00f3j\u00e1t k\u00edn\u00e1lja, bele\u00e9rtve a vizu\u00e1lis torzul\u00e1sokat \u00e9s a megv\u00e1ltozott \u00e9rz\u00e9kel\u00e9seket, hasonl\u00f3an a pszilocin\u00e9hoz.<\/p>\n<p data-start=\"1108\" data-end=\"1606\">Ezt a David Nichols \u00e1ltal l\u00e9trehozott vegy\u00fcletet C14H18N2O2 molekulak\u00e9plet\u0171, mol\u00e1ris t\u00f6mege pedig 246,3 g\/mol. Az elad\u00f3 4-AcO-DMT krist\u00e1lyt gyakran haszn\u00e1lj\u00e1k mind professzion\u00e1lis kutat\u00e1sban, mind k\u00fcl\u00f6nf\u00e9le tudom\u00e1nyos alkalmaz\u00e1sokban. Ha szeretn\u00e9 felfedezni ezt az anyagot, sz\u00e1mos besz\u00e1ll\u00edt\u00f3 k\u00edn\u00e1lja online megv\u00e1s\u00e1rolhat\u00f3 4-AcO-DMT krist\u00e1lyk\u00e9nt, k\u00fcl\u00f6n\u00f6sen olyan piacokon, mint az Egyes\u00fclt \u00c1llamok. Amikor 4-AcO-DMT krist\u00e1lyt v\u00e1s\u00e1rol, egy olyan szintetiz\u00e1lt term\u00e9khez jut hozz\u00e1, amely megb\u00edzhat\u00f3 alternat\u00edv\u00e1t k\u00edn\u00e1l a pszilocibinre.<\/p>\n<p data-start=\"1608\" data-end=\"2165\">A kutat\u00f3k sz\u00e1m\u00e1ra a 4-AcO-DMT krist\u00e1ly online v\u00e1s\u00e1rl\u00e1sa izgalmas lehet\u0151s\u00e9get k\u00edn\u00e1l a szerotoninreceptor-k\u00f6lcs\u00f6nhat\u00e1sok m\u00f6g\u00f6tt megh\u00faz\u00f3d\u00f3 mechanizmusok felt\u00e1r\u00e1s\u00e1ra. \u00dagy gondolj\u00e1k, hogy a pszichedelikus hat\u00e1sai\u00e9rt a 4-HT2A receptoron kifejtett r\u00e9szleges agonista aktivit\u00e1sa felel\u0151s, b\u00e1r farmakodinamik\u00e1j\u00e1nak teljes meg\u00e9rt\u00e9se m\u00e9g mindig kutat\u00e1s alatt \u00e1ll. Amikor online v\u00e1s\u00e1rol 4-AcO-DMT krist\u00e1lyt, egy olyan vegy\u00fcletbe fektet be, amely figyelemre m\u00e9lt\u00f3an hasonl\u00f3 \u00e9lm\u00e9nyt ny\u00fajt, mint a pszilocibin, b\u00e1r egyes felhaszn\u00e1l\u00f3k az egy\u00e9ni anyagcser\u00e9t\u0151l f\u00fcgg\u0151en enyhe elt\u00e9r\u00e9sekr\u0151l sz\u00e1molnak be.<\/p>\n<p data-start=\"2167\" data-end=\"2558\">Ha k\u00e9szen \u00e1ll a k\u00f6vetkez\u0151 l\u00e9p\u00e9sre, rendeljen 4-AcO-DMT krist\u00e1lyt megb\u00edzhat\u00f3 besz\u00e1ll\u00edt\u00f3kt\u00f3l. Az anyag k\u00fcl\u00f6nb\u00f6z\u0151 form\u00e1it megtal\u00e1lja, bele\u00e9rtve a por vagy krist\u00e1lyos v\u00e1ltozatokat is, amelyek kutat\u00e1si \u00e9s tov\u00e1bbi tudom\u00e1nyos vizsg\u00e1lati lehet\u0151s\u00e9geket k\u00edn\u00e1lnak. Ak\u00e1r tudom\u00e1nyos kutat\u00e1sra, ak\u00e1r szem\u00e9lyes felfedez\u00e9sre keres elad\u00f3 4-AcO-DMT krist\u00e1lyt, elengedhetetlen a megb\u00edzhat\u00f3 online forr\u00e1s biztos\u00edt\u00e1sa.<\/p>\n<p data-start=\"2560\" data-end=\"2951\">Ne feledd, hogy a 4-AcO-DMT hat\u00e1sai hasonl\u00f3ak a pszilocibin\u00e9hez az \u00e1ltal\u00e1nos pszichedelikus \u00e9lm\u00e9nyek tekintet\u00e9ben, de a felhaszn\u00e1l\u00f3k gyakran sz\u00e1molnak be enyhe elt\u00e9r\u00e9sekr\u0151l az intenzit\u00e1sban \u00e9s az id\u0151tartamban. A biztons\u00e1gos \u00e9s mag\u00e1val ragad\u00f3 kutat\u00e1si \u00e9lm\u00e9ny \u00e9rdek\u00e9ben mindig megb\u00edzhat\u00f3 forr\u00e1sb\u00f3l v\u00e1s\u00e1rolj. Ha k\u00edv\u00e1ncsi vagy a benne rejl\u0151 lehet\u0151s\u00e9gekre, vagy csak online szeretn\u00e9l 4-AcO-DMT krist\u00e1lyt v\u00e1s\u00e1rolni, a megb\u00edzhat\u00f3 besz\u00e1ll\u00edt\u00f3k ellen\u0151rz\u00f6tt min\u0151s\u00e9get k\u00edn\u00e1lnak.<\/p>\n<p data-start=\"2953\" data-end=\"3203\">\u00d6sszefoglalva, a 4-AcO-DMT krist\u00e1lyt online is megv\u00e1s\u00e1rolhatja tudom\u00e1nyos kutat\u00e1s c\u00e9lj\u00e1b\u00f3l, vagy hogy t\u00f6bbet megtudjon a hat\u00e1sair\u00f3l. \u00dcgyeljen arra, hogy ellen\u0151rz\u00f6tt besz\u00e1ll\u00edt\u00f3kt\u00f3l szerezze be, hogy biztos\u00edtsa a min\u0151s\u00e9get, a hiteless\u00e9get \u00e9s a pontos 4-AcO-DMT krist\u00e1ly \u00e1rinform\u00e1ci\u00f3kat.<\/p>","protected":false},"excerpt":{"rendered":"<p>Buy 4-AcO-DMT Crystal Online from a Reliable Research Source Buy 4-AcO-DMT Crystal Online from PVPGRAMS 4-AcO-DMT Crystal Online, also known as O-acetylpsilocin, is a synthetic psychedelic compound belonging to the tryptamine family. As a prodrug to psilocin\u2014the active ingredient found in magic mushrooms\u2014it produces comparable psychoactive effects. Ideal for research and scientific study, you can buy 4-AcO-DMT Crystal online through trusted suppliers like PVPGRAMS, ensuring high quality and reliable service. 4-AcO-DMT, also referred to as Psilacetin or 4-acetoxy-N,N-dimethyltryptamine, is a semi-synthetic analog of psilocybin. It is popular in pharmacological studies and often used as a substitute for psilocybin in scientific research. If you&#8217;re looking to order 4-AcO-DMT Crystal, you\u2019ll find that this substance provides a unique combination of psychedelic effects, including visual distortions and altered perceptions similar to those of psilocin. This compound, created by David Nichols, has the molecular formula C14H18N2O2 and a molar mass of 246.3 g\/mol. 4-AcO-DMT Crystal for sale is often used in both professional research and various scientific applications. If you&#8217;re looking to explore this substance, many suppliers offer it to buy 4-AcO-DMT Crystal online, especially in markets like the United States. When you buy 4-AcO-DMT Crystal, you\u2019re accessing a product synthesized to offer a reliable alternative to psilocybin. For researchers, 4-AcO-DMT Crystal buy online provides an exciting opportunity to explore the mechanisms behind serotonin receptor interactions. Its partial agonistic activity at the 5-HT2A receptor is thought to be responsible for its psychedelic effects, although the full understanding of its pharmacodynamics remains under study. When you purchase 4-AcO-DMT Crystal online, you\u2019re investing in a compound that offers an experience remarkably similar to psilocybin, though some users report slight variations depending on individual metabolism. If you&#8217;re ready to take the next step, order 4-AcO-DMT Crystal from trusted suppliers. You\u2019ll find various forms of the substance, including powder or crystalline variants, with potential for research and further scientific inquiry. Whether you\u2019re looking for 4-AcO-DMT Crystal for sale for academic research or personal exploration, securing a reliable source online is essential. Remember, the effects of 4-AcO-DMT are similar to psilocybin in terms of overall psychedelic experiences, but users often report slight variations in intensity and duration. For a safe and immersive research experience, always purchase from reputable sources. If you\u2019re curious about its potential or just want to buy 4-AcO-DMT Crystal online, trusted suppliers offer verified quality. In conclusion, you can buy 4-AcO-DMT Crystal online for scientific exploration or to learn more about its effects. Be sure to obtain it from verified suppliers to ensure quality, legitimacy, and accurate 4-AcO-DMT Crystal price information.<\/p>","protected":false},"featured_media":1960,"comment_status":"closed","ping_status":"closed","template":"","meta":{"_kadence_starter_templates_imported_post":false,"_kad_post_transparent":"default","_kad_post_title":"","_kad_post_layout":"default","_kad_post_sidebar_id":"","_kad_post_content_style":"default","_kad_post_vertical_padding":"default","_kad_post_feature":"","_kad_post_feature_position":"","_kad_post_header":false,"_kad_post_footer":false,"_joinchat":[]},"product_brand":[],"product_cat":[361],"product_tag":[],"class_list":{"0":"post-1516","1":"product","2":"type-product","3":"status-publish","4":"has-post-thumbnail","6":"product_cat-research-chemicals","8":"first","9":"instock","10":"shipping-taxable","11":"purchasable","12":"product-type-variable","13":"entry","14":"content-bg","15":"loop-entry"},"yoast_head":"<!-- This site is optimized with the Yoast SEO plugin v26.5 - https:\/\/yoast.com\/wordpress\/plugins\/seo\/ -->\n<title>Buy 4-AcO-DMT Crystal Online \u2013 4-AcO-DMT for Sale<\/title>\n<meta name=\"description\" content=\"Do you need 4-AcO-DMT crystal for your research? Buy it online with discreet shipping and fast delivery. Perfect for your scientific analysis.\" \/>\n<meta name=\"robots\" content=\"index, follow, max-snippet:-1, max-image-preview:large, max-video-preview:-1\" \/>\n<link rel=\"canonical\" href=\"https:\/\/pvpgrams.com\/hu\/product\/4-aco-dmt-crystal-online\/\" \/>\n<meta property=\"og:locale\" content=\"hu_HU\" \/>\n<meta property=\"og:type\" content=\"article\" \/>\n<meta property=\"og:title\" content=\"Buy 4-AcO-DMT Crystal Online \u2013 4-AcO-DMT for Sale\" \/>\n<meta property=\"og:description\" content=\"Do you need 4-AcO-DMT crystal for your research? Buy it online with discreet shipping and fast delivery. Perfect for your scientific analysis.\" \/>\n<meta property=\"og:url\" content=\"https:\/\/pvpgrams.com\/hu\/product\/4-aco-dmt-crystal-online\/\" \/>\n<meta property=\"og:site_name\" content=\"PVP Grams\" \/>\n<meta property=\"article:modified_time\" content=\"2025-10-30T07:39:28+00:00\" \/>\n<meta property=\"og:image\" content=\"https:\/\/pvpgrams.com\/wp-content\/uploads\/2025\/05\/4-AcO-DMT-Crystal.jpg\" \/>\n\t<meta property=\"og:image:width\" content=\"600\" \/>\n\t<meta property=\"og:image:height\" content=\"600\" \/>\n\t<meta property=\"og:image:type\" content=\"image\/jpeg\" \/>\n<meta name=\"twitter:card\" content=\"summary_large_image\" \/>\n<meta name=\"twitter:label1\" content=\"Becs\u00fclt olvas\u00e1si id\u0151\" \/>\n\t<meta name=\"twitter:data1\" content=\"3 perc\" \/>\n<script type=\"application\/ld+json\" class=\"yoast-schema-graph\">{\"@context\":\"https:\/\/schema.org\",\"@graph\":[{\"@type\":[\"WebPage\",\"ItemPage\"],\"@id\":\"https:\/\/pvpgrams.com\/product\/4-aco-dmt-crystal-online\/\",\"url\":\"https:\/\/pvpgrams.com\/product\/4-aco-dmt-crystal-online\/\",\"name\":\"Buy 4-AcO-DMT Crystal Online \u2013 4-AcO-DMT for Sale\",\"isPartOf\":{\"@id\":\"https:\/\/pvpgrams.com\/#website\"},\"primaryImageOfPage\":{\"@id\":\"https:\/\/pvpgrams.com\/product\/4-aco-dmt-crystal-online\/#primaryimage\"},\"image\":{\"@id\":\"https:\/\/pvpgrams.com\/product\/4-aco-dmt-crystal-online\/#primaryimage\"},\"thumbnailUrl\":\"https:\/\/pvpgrams.com\/wp-content\/uploads\/2025\/05\/4-AcO-DMT-Crystal.jpg\",\"datePublished\":\"2025-05-15T09:46:14+00:00\",\"dateModified\":\"2025-10-30T07:39:28+00:00\",\"description\":\"Do you need 4-AcO-DMT crystal for your research? Buy it online with discreet shipping and fast delivery. Perfect for your scientific analysis.\",\"breadcrumb\":{\"@id\":\"https:\/\/pvpgrams.com\/product\/4-aco-dmt-crystal-online\/#breadcrumb\"},\"inLanguage\":\"hu\",\"potentialAction\":[{\"@type\":\"ReadAction\",\"target\":[\"https:\/\/pvpgrams.com\/product\/4-aco-dmt-crystal-online\/\"]}]},{\"@type\":\"ImageObject\",\"inLanguage\":\"hu\",\"@id\":\"https:\/\/pvpgrams.com\/product\/4-aco-dmt-crystal-online\/#primaryimage\",\"url\":\"https:\/\/pvpgrams.com\/wp-content\/uploads\/2025\/05\/4-AcO-DMT-Crystal.jpg\",\"contentUrl\":\"https:\/\/pvpgrams.com\/wp-content\/uploads\/2025\/05\/4-AcO-DMT-Crystal.jpg\",\"width\":600,\"height\":600,\"caption\":\"Buy 4-AcO-DMT Crystal Online\"},{\"@type\":\"BreadcrumbList\",\"@id\":\"https:\/\/pvpgrams.com\/product\/4-aco-dmt-crystal-online\/#breadcrumb\",\"itemListElement\":[{\"@type\":\"ListItem\",\"position\":1,\"name\":\"Home\",\"item\":\"https:\/\/pvpgrams.com\/\"},{\"@type\":\"ListItem\",\"position\":2,\"name\":\"Shop\",\"item\":\"https:\/\/pvpgrams.com\/shop\/\"},{\"@type\":\"ListItem\",\"position\":3,\"name\":\"4-AcO-DMT Crystal Online\"}]},{\"@type\":\"WebSite\",\"@id\":\"https:\/\/pvpgrams.com\/#website\",\"url\":\"https:\/\/pvpgrams.com\/\",\"name\":\"PVP Grams\",\"description\":\"\",\"publisher\":{\"@id\":\"https:\/\/pvpgrams.com\/#organization\"},\"potentialAction\":[{\"@type\":\"SearchAction\",\"target\":{\"@type\":\"EntryPoint\",\"urlTemplate\":\"https:\/\/pvpgrams.com\/?s={search_term_string}\"},\"query-input\":{\"@type\":\"PropertyValueSpecification\",\"valueRequired\":true,\"valueName\":\"search_term_string\"}}],\"inLanguage\":\"hu\"},{\"@type\":\"Organization\",\"@id\":\"https:\/\/pvpgrams.com\/#organization\",\"name\":\"PVP Grams\",\"url\":\"https:\/\/pvpgrams.com\/\",\"logo\":{\"@type\":\"ImageObject\",\"inLanguage\":\"hu\",\"@id\":\"https:\/\/pvpgrams.com\/#\/schema\/logo\/image\/\",\"url\":\"https:\/\/pvpgrams.com\/wp-content\/uploads\/2024\/10\/logo.png\",\"contentUrl\":\"https:\/\/pvpgrams.com\/wp-content\/uploads\/2024\/10\/logo.png\",\"width\":181,\"height\":41,\"caption\":\"PVP Grams\"},\"image\":{\"@id\":\"https:\/\/pvpgrams.com\/#\/schema\/logo\/image\/\"}}]}<\/script>\n<!-- \/ Yoast SEO plugin. -->","yoast_head_json":{"title":"V\u00e1s\u00e1roljon 4-AcO-DMT krist\u00e1lyt online - 4-AcO-DMT elad\u00f3","description":"Sz\u00fcks\u00e9ge van 4-AcO-DMT krist\u00e1lyra a kutat\u00e1s\u00e1hoz? V\u00e1s\u00e1rolja meg online, diszkr\u00e9t sz\u00e1ll\u00edt\u00e1ssal \u00e9s gyors kisz\u00e1ll\u00edt\u00e1ssal. T\u00f6k\u00e9letes a tudom\u00e1nyos elemz\u00e9shez.","robots":{"index":"index","follow":"follow","max-snippet":"max-snippet:-1","max-image-preview":"max-image-preview:large","max-video-preview":"max-video-preview:-1"},"canonical":"https:\/\/pvpgrams.com\/hu\/product\/4-aco-dmt-crystal-online\/","og_locale":"hu_HU","og_type":"article","og_title":"Buy 4-AcO-DMT Crystal Online \u2013 4-AcO-DMT for Sale","og_description":"Do you need 4-AcO-DMT crystal for your research? Buy it online with discreet shipping and fast delivery. Perfect for your scientific analysis.","og_url":"https:\/\/pvpgrams.com\/hu\/product\/4-aco-dmt-crystal-online\/","og_site_name":"PVP Grams","article_modified_time":"2025-10-30T07:39:28+00:00","og_image":[{"width":600,"height":600,"url":"https:\/\/pvpgrams.com\/wp-content\/uploads\/2025\/05\/4-AcO-DMT-Crystal.jpg","type":"image\/jpeg"}],"twitter_card":"summary_large_image","twitter_misc":{"Becs\u00fclt olvas\u00e1si id\u0151":"3 perc"},"schema":{"@context":"https:\/\/schema.org","@graph":[{"@type":["WebPage","ItemPage"],"@id":"https:\/\/pvpgrams.com\/product\/4-aco-dmt-crystal-online\/","url":"https:\/\/pvpgrams.com\/product\/4-aco-dmt-crystal-online\/","name":"V\u00e1s\u00e1roljon 4-AcO-DMT krist\u00e1lyt online - 4-AcO-DMT elad\u00f3","isPartOf":{"@id":"https:\/\/pvpgrams.com\/#website"},"primaryImageOfPage":{"@id":"https:\/\/pvpgrams.com\/product\/4-aco-dmt-crystal-online\/#primaryimage"},"image":{"@id":"https:\/\/pvpgrams.com\/product\/4-aco-dmt-crystal-online\/#primaryimage"},"thumbnailUrl":"https:\/\/pvpgrams.com\/wp-content\/uploads\/2025\/05\/4-AcO-DMT-Crystal.jpg","datePublished":"2025-05-15T09:46:14+00:00","dateModified":"2025-10-30T07:39:28+00:00","description":"Sz\u00fcks\u00e9ge van 4-AcO-DMT krist\u00e1lyra a kutat\u00e1s\u00e1hoz? V\u00e1s\u00e1rolja meg online, diszkr\u00e9t sz\u00e1ll\u00edt\u00e1ssal \u00e9s gyors kisz\u00e1ll\u00edt\u00e1ssal. T\u00f6k\u00e9letes a tudom\u00e1nyos elemz\u00e9shez.","breadcrumb":{"@id":"https:\/\/pvpgrams.com\/product\/4-aco-dmt-crystal-online\/#breadcrumb"},"inLanguage":"hu","potentialAction":[{"@type":"ReadAction","target":["https:\/\/pvpgrams.com\/product\/4-aco-dmt-crystal-online\/"]}]},{"@type":"ImageObject","inLanguage":"hu","@id":"https:\/\/pvpgrams.com\/product\/4-aco-dmt-crystal-online\/#primaryimage","url":"https:\/\/pvpgrams.com\/wp-content\/uploads\/2025\/05\/4-AcO-DMT-Crystal.jpg","contentUrl":"https:\/\/pvpgrams.com\/wp-content\/uploads\/2025\/05\/4-AcO-DMT-Crystal.jpg","width":600,"height":600,"caption":"Buy 4-AcO-DMT Crystal Online"},{"@type":"BreadcrumbList","@id":"https:\/\/pvpgrams.com\/product\/4-aco-dmt-crystal-online\/#breadcrumb","itemListElement":[{"@type":"ListItem","position":1,"name":"Home","item":"https:\/\/pvpgrams.com\/"},{"@type":"ListItem","position":2,"name":"Shop","item":"https:\/\/pvpgrams.com\/shop\/"},{"@type":"ListItem","position":3,"name":"4-AcO-DMT Crystal Online"}]},{"@type":"WebSite","@id":"https:\/\/pvpgrams.com\/#website","url":"https:\/\/pvpgrams.com\/","name":"PVP grammok","description":"","publisher":{"@id":"https:\/\/pvpgrams.com\/#organization"},"potentialAction":[{"@type":"SearchAction","target":{"@type":"EntryPoint","urlTemplate":"https:\/\/pvpgrams.com\/?s={search_term_string}"},"query-input":{"@type":"PropertyValueSpecification","valueRequired":true,"valueName":"search_term_string"}}],"inLanguage":"hu"},{"@type":"Organization","@id":"https:\/\/pvpgrams.com\/#organization","name":"PVP grammok","url":"https:\/\/pvpgrams.com\/","logo":{"@type":"ImageObject","inLanguage":"hu","@id":"https:\/\/pvpgrams.com\/#\/schema\/logo\/image\/","url":"https:\/\/pvpgrams.com\/wp-content\/uploads\/2024\/10\/logo.png","contentUrl":"https:\/\/pvpgrams.com\/wp-content\/uploads\/2024\/10\/logo.png","width":181,"height":41,"caption":"PVP Grams"},"image":{"@id":"https:\/\/pvpgrams.com\/#\/schema\/logo\/image\/"}}]}},"_links":{"self":[{"href":"https:\/\/pvpgrams.com\/hu\/wp-json\/wp\/v2\/product\/1516","targetHints":{"allow":["GET"]}}],"collection":[{"href":"https:\/\/pvpgrams.com\/hu\/wp-json\/wp\/v2\/product"}],"about":[{"href":"https:\/\/pvpgrams.com\/hu\/wp-json\/wp\/v2\/types\/product"}],"replies":[{"embeddable":true,"href":"https:\/\/pvpgrams.com\/hu\/wp-json\/wp\/v2\/comments?post=1516"}],"wp:featuredmedia":[{"embeddable":true,"href":"https:\/\/pvpgrams.com\/hu\/wp-json\/wp\/v2\/media\/1960"}],"wp:attachment":[{"href":"https:\/\/pvpgrams.com\/hu\/wp-json\/wp\/v2\/media?parent=1516"}],"wp:term":[{"taxonomy":"product_brand","embeddable":true,"href":"https:\/\/pvpgrams.com\/hu\/wp-json\/wp\/v2\/product_brand?post=1516"},{"taxonomy":"product_cat","embeddable":true,"href":"https:\/\/pvpgrams.com\/hu\/wp-json\/wp\/v2\/product_cat?post=1516"},{"taxonomy":"product_tag","embeddable":true,"href":"https:\/\/pvpgrams.com\/hu\/wp-json\/wp\/v2\/product_tag?post=1516"}],"curies":[{"name":"wp","href":"https:\/\/api.w.org\/{rel}","templated":true}]}}