{"id":1575,"date":"2025-05-15T10:09:12","date_gmt":"2025-05-15T10:09:12","guid":{"rendered":"https:\/\/pvpgrams.com\/?post_type=product&#038;p=1575"},"modified":"2025-10-30T07:44:50","modified_gmt":"2025-10-30T07:44:50","slug":"aicar-tablettak","status":"publish","type":"product","link":"https:\/\/pvpgrams.com\/hu\/product\/aicar-tablettak\/","title":{"rendered":"Aicar tablett\u00e1k"},"content":{"rendered":"<h2 data-start=\"122\" data-end=\"180\">V\u00e1s\u00e1roljon Aicar tablett\u00e1kat online megb\u00edzhat\u00f3 kutat\u00e1si forr\u00e1sb\u00f3l<\/h2>\n<h3 data-start=\"182\" data-end=\"224\">V\u00e1s\u00e1rl\u00e1s Aicar tablett\u00e1k online PVP Grams<\/h3>\n<p data-start=\"226\" data-end=\"682\">A PVPGRAMS pr\u00e9mium Aicar tablett\u00e1kat k\u00edn\u00e1l online v\u00e1s\u00e1rl\u00e1sra, megb\u00edzhat\u00f3 forr\u00e1st k\u00edn\u00e1lva mind a kutat\u00f3k, mind az eg\u00e9szs\u00e9gre odafigyel\u0151 v\u00e1s\u00e1rl\u00f3k sz\u00e1m\u00e1ra. Gyakran ismert a s\u00falyszab\u00e1lyoz\u00e1sban, az izomfejleszt\u00e9sben \u00e9s az \u00e1ll\u00f3k\u00e9pess\u00e9g t\u00e1mogat\u00e1s\u00e1ban rejl\u0151 potenci\u00e1lja miatt. <a href=\"https:\/\/pvpgrams.com\/hu\/product\/aicar-tablettak\/\">Aicar tablett\u00e1k v\u00e1s\u00e1rl\u00e1sa<\/a> biztons\u00e1gos \u00e9s felhaszn\u00e1l\u00f3bar\u00e1t platformunkon kereszt\u00fcl \u00e9rhet\u0151 el. \u00c9lvezze a versenyk\u00e9pes \u00e1rak, az ellen\u0151rz\u00f6tt term\u00e9kmin\u0151s\u00e9g \u00e9s a diszkr\u00e9t vil\u00e1gm\u00e9ret\u0171 sz\u00e1ll\u00edt\u00e1s el\u0151nyeit, ha Aicar tablett\u00e1kat online rendel a PVPGRAMS-t\u00f3l.<\/p>\n<h3 data-start=\"684\" data-end=\"710\">Mik azok az Aicar tablett\u00e1k?<\/h3>\n<p data-start=\"712\" data-end=\"1219\">Az elad\u00f3 Aicar tablett\u00e1k az 5-aminoimidazol-4-karboxamid-ribonukleotidon alapulnak, egy olyan vegy\u00fcleten, amely AMPK aktiv\u00e1tork\u00e9nt m\u0171k\u00f6dik, \u00e9s szab\u00e1lyozza a szervezet energiaegyens\u00faly\u00e1t. Ez az er\u0151s vegyi anyag jelent\u0151sen befoly\u00e1solhatja a zs\u00edr\u00e9get\u00e9st \u00e9s az izomfejl\u0151d\u00e9st az\u00e1ltal, hogy serkenti a zs\u00edr\u00e9get\u00e9st \u00e9s el\u0151seg\u00edti az energiatermel\u00e9st. A kutat\u00f3k \u00e9s a fitneszrajong\u00f3k egyar\u00e1nt felfedezt\u00e9k, hogy az Aicar tablett\u00e1k online v\u00e1s\u00e1rl\u00e1sa seg\u00edt aktiv\u00e1lni az AMPK \u00fatvonalat, t\u00e1mogatja a mitokondri\u00e1lis szint\u00e9zist \u00e9s fokozza a sejtek energiatermel\u00e9s\u00e9t.<\/p>\n<h3 data-start=\"1221\" data-end=\"1249\">Az Aicar tablett\u00e1k el\u0151nyei<\/h3>\n<p data-start=\"1251\" data-end=\"1641\">Az el\u0151ny\u00f6k <a href=\"https:\/\/en.wikipedia.org\/wiki\/AICA_ribonucleotide\">Aicar<\/a> Az online v\u00e1s\u00e1rolt tablett\u00e1k sz\u00e9les k\u00f6rben elismertek a fitnesz \u00e9s a sport ter\u00fclet\u00e9n, ahol fokozz\u00e1k az \u00e1ll\u00f3k\u00e9pess\u00e9get \u00e9s jav\u00edtj\u00e1k az \u00e1ltal\u00e1nos fizikai teljes\u00edtm\u00e9nyt. Sok sportol\u00f3, k\u00fcl\u00f6n\u00f6sen a ker\u00e9kp\u00e1rosok, megn\u00f6vekedett \u00e1ll\u00f3k\u00e9pess\u00e9gr\u0151l \u00e9s energi\u00e1r\u00f3l sz\u00e1molnak be, miut\u00e1n az Aicar tablett\u00e1kat be\u00e9p\u00edtett\u00e9k a rutinjukba. Ez teszi az Aicar tablett\u00e1kat ide\u00e1liss\u00e1 a hosszan tart\u00f3 energia biztos\u00edt\u00e1s\u00e1ra intenz\u00edv fizikai tev\u00e9kenys\u00e9gek sor\u00e1n.<\/p>\n<p data-start=\"1643\" data-end=\"1958\">Az Aicar tablett\u00e1k az AMPK aktivit\u00e1s\u00e1nak fokoz\u00e1s\u00e1val fejtik ki hat\u00e1sukat, amely egy kulcsfontoss\u00e1g\u00fa enzim, amely szab\u00e1lyozza a sejtek energiaszintj\u00e9t. Az AMPK aktiv\u00e1l\u00e1sa seg\u00edti a szervezetet az energiafelhaszn\u00e1l\u00e1s optimaliz\u00e1l\u00e1s\u00e1ban, ami zs\u00edr\u00e9get\u00e9shez \u00e9s jobb fizikai teljes\u00edtm\u00e9nyhez vezethet. Ezenk\u00edv\u00fcl az Aicar tablett\u00e1k rendel\u00e9se t\u00e1mogatja a mitokondri\u00e1lis funkci\u00f3kat, \u00e9s k\u00e9sleltetheti a sejtek \u00f6reged\u00e9s\u00e9t.<\/p>\n<h3 data-start=\"1960\" data-end=\"1992\">Az Aicar tablett\u00e1k alkalmaz\u00e1sa<\/h3>\n<p data-start=\"1994\" data-end=\"2384\">Azok sz\u00e1m\u00e1ra, akik Aicar tablett\u00e1kat v\u00e1s\u00e1rolnak fogy\u00e1shoz, a vegy\u00fclet seg\u00edti a szervezetet a t\u00e1rolt zs\u00edrb\u00f3l az ATP-re val\u00f3 energiatermel\u00e9sre val\u00f3 \u00e1t\u00e1ll\u00e1sban. Ez teszi az Aicar tablett\u00e1kat hat\u00e9kony alternat\u00edv\u00e1v\u00e1 a makacs zs\u00edr, k\u00fcl\u00f6n\u00f6sen a has \u00e9s a combok k\u00f6r\u00fcli zs\u00edr c\u00e9lbav\u00e9tel\u00e9re. Az Aicar tablett\u00e1k online v\u00e1s\u00e1rl\u00e1s\u00e1val felfedezheti a zs\u00edr\u00e9get\u0151 tulajdons\u00e1gokat \u00e9s fokozhatja az anyagcsere-folyamatokat a jobb \u00e1ltal\u00e1nos eg\u00e9szs\u00e9g \u00e9rdek\u00e9ben.<\/p>\n<h3 data-start=\"2386\" data-end=\"2406\">Felel\u0151s haszn\u00e1lat<\/h3>\n<p data-start=\"2408\" data-end=\"2770\">B\u00e1r az online v\u00e1s\u00e1rolt Aicar tablett\u00e1k rendk\u00edv\u00fcl hat\u00e9konyak, a megfelel\u0151 adagol\u00e1s elengedhetetlen. A legt\u00f6bb felhaszn\u00e1l\u00f3 10\u201350 mg-mal \u00e9r el sikereket, de a kutat\u00e1sok m\u00e9g mindig folynak az optim\u00e1lis hossz\u00fa t\u00e1v\u00fa adagol\u00e1s meghat\u00e1roz\u00e1sa \u00e9rdek\u00e9ben. Ha \u00fagy d\u00f6nt, hogy Aicar tablett\u00e1kat rendel, kezdje alacsonyabb adagokkal, \u00e9s fokozatosan \u00e1ll\u00edtsa be azokat. A biztons\u00e1gos \u00e9s hat\u00e9kony haszn\u00e1lat biztos\u00edt\u00e1sa \u00e9rdek\u00e9ben aj\u00e1nlott konzult\u00e1lni eg\u00e9szs\u00e9g\u00fcgyi szakemberrel.<\/p>\n<h3 data-start=\"2772\" data-end=\"2808\">Hol lehet Aicar tablett\u00e1kat v\u00e1s\u00e1rolni online?<\/h3>\n<p data-start=\"2810\" data-end=\"3098\">Az Aicar tablett\u00e1k online v\u00e1s\u00e1rl\u00e1s\u00e1nak legjobb helye ellen\u0151rz\u00f6tt forr\u00e1sokb\u00f3l, p\u00e9ld\u00e1ul a PVPGRAMS-b\u00f3l sz\u00e1rmazik, amely versenyk\u00e9pes Aicar tablett\u00e1k \u00e1rat, ellen\u0151rz\u00f6tt tisztas\u00e1got \u00e9s biztons\u00e1gos vil\u00e1gm\u00e9ret\u0171 sz\u00e1ll\u00edt\u00e1st k\u00edn\u00e1l. Azok sz\u00e1m\u00e1ra, akik azon t\u0171n\u0151dnek, hogy hol v\u00e1s\u00e1rolhatnak Aicar tablett\u00e1kat, a PVPGRAMS egy megb\u00edzhat\u00f3, kutat\u00e1si min\u0151s\u00e9g\u0171 vegy\u00fcleteket k\u00edn\u00e1l\u00f3 sz\u00e1ll\u00edt\u00f3.<\/p>\n<h3 data-start=\"3100\" data-end=\"3115\">K\u00f6vetkeztet\u00e9s<\/h3>\n<p data-start=\"3117\" data-end=\"3474\">V\u00e1s\u00e1roljon Aicar tablett\u00e1kat online a PVPGRAMS-t\u00f3l, \u00e9s szerezzen be megb\u00edzhat\u00f3, kiv\u00e1l\u00f3 min\u0151s\u00e9g\u0171 kutat\u00e1si vegyszert. Ak\u00e1r az \u00e1ll\u00f3k\u00e9pess\u00e9g fokoz\u00e1s\u00e1r\u00f3l, a tests\u00falyszab\u00e1lyoz\u00e1sr\u00f3l vagy a sejtek energia-anyagcser\u00e9j\u00e9nek tanulm\u00e1nyoz\u00e1s\u00e1r\u00f3l van sz\u00f3, az elad\u00f3 Aicar tablett\u00e1k kiv\u00e1l\u00f3 v\u00e1laszt\u00e1st jelentenek tudom\u00e1nyos vagy fitnesz c\u00e9lokra. Kezdje el \u00fatj\u00e1t a jobb teljes\u00edtm\u00e9ny \u00e9s energia fel\u00e9 az Aicar tablett\u00e1k megv\u00e1s\u00e1rl\u00e1s\u00e1val m\u00e9g ma!<\/p>","protected":false},"excerpt":{"rendered":"<p>Buy Aicar Pills Online from a Reliable Research Source Buy Aicar Pills Online from PVP Grams PVPGRAMS provides premium Aicar Pills buy online, offering a trusted source for researchers and health-focused buyers alike. Commonly explored for its potential in weight management, muscle development, and endurance support, buy Aicar Pills is available through our secure and user-friendly platform. Benefit from competitive pricing, verified product quality, and discreet worldwide shipping when you order Aicar Pills online from PVPGRAMS. What Are Aicar Pills? Aicar Pills for sale are based on 5-Aminoimidazole-4-carboxamide ribonucleotide, a compound that acts as an AMPK activator, which regulates energy balance in the body. This powerful chemical can significantly impact fat loss and muscle development by stimulating fat burning and promoting energy production. Researchers and fitness enthusiasts alike have found that buy Aicar Pills Online helps activate the AMPK pathway, supporting mitochondrial synthesis and boosting cellular energy production. Benefits of Aicar Pills The benefits of Aicar Pills buy online are widely recognized in fitness and sports, where they enhance endurance and improve overall physical performance. Many athletes, especially cyclists, report increased stamina and energy after incorporating Aicar Pills for sale into their regimen. This makes Aicar Pills ideal for long-lasting energy during intense physical activities. Aicar Pills work by increasing AMPK activity, a key enzyme that regulates cellular energy levels. Activating AMPK helps the body optimize energy use, which can lead to fat loss and improved physical performance. Additionally, order Aicar Pills supports mitochondrial function and may delay cellular aging. Applications of Aicar Pills For those using buy Aicar Pills for weight loss, the compound helps the body shift from stored fat to ATP for energy. This makes Aicar Pills for sale an effective option for targeting stubborn fat, especially around the abdomen and thighs. By choosing to buy Aicar Pills Online, you can explore fat-burning properties and enhance metabolic processes for better overall health. Responsible Use While Aicar Pills buy online are highly effective, proper dosing is essential. Most users find success with 10\u201350 mg, but research continues to determine the optimal long-term dosage. If you decide to order Aicar Pills, start with lower dosages and adjust gradually. Consulting a healthcare professional is recommended to ensure safe and effective use. Where to Buy Aicar Pills Online The best place to buy Aicar Pills online is from verified sources like PVPGRAMS, offering competitive Aicar Pills price, verified purity, and secure worldwide shipping. For those wondering where to buy Aicar Pills, PVPGRAMS is a trusted provider of research-grade compounds. Conclusion Buy Aicar Pills Online from PVPGRAMS for a reliable, high-quality research chemical. Whether enhancing endurance, managing weight, or studying cellular energy metabolism, Aicar Pills for sale are an excellent choice for scientific or fitness purposes. Begin your journey to improved performance and energy by choosing to buy Aicar Pills today.<\/p>","protected":false},"featured_media":1963,"comment_status":"closed","ping_status":"closed","template":"","meta":{"_kadence_starter_templates_imported_post":false,"_kad_post_transparent":"default","_kad_post_title":"","_kad_post_layout":"default","_kad_post_sidebar_id":"","_kad_post_content_style":"default","_kad_post_vertical_padding":"default","_kad_post_feature":"","_kad_post_feature_position":"","_kad_post_header":false,"_kad_post_footer":false,"_joinchat":[]},"product_brand":[],"product_cat":[361],"product_tag":[],"class_list":{"0":"post-1575","1":"product","2":"type-product","3":"status-publish","4":"has-post-thumbnail","6":"product_cat-research-chemicals","8":"first","9":"instock","10":"shipping-taxable","11":"purchasable","12":"product-type-variable","13":"entry","14":"content-bg","15":"loop-entry"},"yoast_head":"<!-- This site is optimized with the Yoast SEO plugin v26.5 - https:\/\/yoast.com\/wordpress\/plugins\/seo\/ -->\n<title>Buy AICAR Pills Online \u2013 AICAR for Sale - Order AICAR Online<\/title>\n<meta name=\"description\" content=\"Do you need AICAR pills for your research? Buy them online with secure shipping. Ideal for scientific analysis, shipped with speed and discretion.\" \/>\n<meta name=\"robots\" content=\"index, follow, max-snippet:-1, max-image-preview:large, max-video-preview:-1\" \/>\n<link rel=\"canonical\" href=\"https:\/\/pvpgrams.com\/hu\/product\/aicar-tablettak\/\" \/>\n<meta property=\"og:locale\" content=\"hu_HU\" \/>\n<meta property=\"og:type\" content=\"article\" \/>\n<meta property=\"og:title\" content=\"Buy AICAR Pills Online \u2013 AICAR for Sale - Order AICAR Online\" \/>\n<meta property=\"og:description\" content=\"Do you need AICAR pills for your research? Buy them online with secure shipping. Ideal for scientific analysis, shipped with speed and discretion.\" \/>\n<meta property=\"og:url\" content=\"https:\/\/pvpgrams.com\/hu\/product\/aicar-tablettak\/\" \/>\n<meta property=\"og:site_name\" content=\"PVP Grams\" \/>\n<meta property=\"article:modified_time\" content=\"2025-10-30T07:44:50+00:00\" \/>\n<meta property=\"og:image\" content=\"https:\/\/pvpgrams.com\/wp-content\/uploads\/2025\/05\/Aicar-Pills.jpg\" \/>\n\t<meta property=\"og:image:width\" content=\"600\" \/>\n\t<meta property=\"og:image:height\" content=\"600\" \/>\n\t<meta property=\"og:image:type\" content=\"image\/jpeg\" \/>\n<meta name=\"twitter:card\" content=\"summary_large_image\" \/>\n<meta name=\"twitter:label1\" content=\"Becs\u00fclt olvas\u00e1si id\u0151\" \/>\n\t<meta name=\"twitter:data1\" content=\"3 perc\" \/>\n<script type=\"application\/ld+json\" class=\"yoast-schema-graph\">{\"@context\":\"https:\/\/schema.org\",\"@graph\":[{\"@type\":[\"WebPage\",\"ItemPage\"],\"@id\":\"https:\/\/pvpgrams.com\/product\/aicar-pills\/\",\"url\":\"https:\/\/pvpgrams.com\/product\/aicar-pills\/\",\"name\":\"Buy AICAR Pills Online \u2013 AICAR for Sale - Order AICAR Online\",\"isPartOf\":{\"@id\":\"https:\/\/pvpgrams.com\/#website\"},\"primaryImageOfPage\":{\"@id\":\"https:\/\/pvpgrams.com\/product\/aicar-pills\/#primaryimage\"},\"image\":{\"@id\":\"https:\/\/pvpgrams.com\/product\/aicar-pills\/#primaryimage\"},\"thumbnailUrl\":\"https:\/\/pvpgrams.com\/wp-content\/uploads\/2025\/05\/Aicar-Pills.jpg\",\"datePublished\":\"2025-05-15T10:09:12+00:00\",\"dateModified\":\"2025-10-30T07:44:50+00:00\",\"description\":\"Do you need AICAR pills for your research? Buy them online with secure shipping. Ideal for scientific analysis, shipped with speed and discretion.\",\"breadcrumb\":{\"@id\":\"https:\/\/pvpgrams.com\/product\/aicar-pills\/#breadcrumb\"},\"inLanguage\":\"hu\",\"potentialAction\":[{\"@type\":\"ReadAction\",\"target\":[\"https:\/\/pvpgrams.com\/product\/aicar-pills\/\"]}]},{\"@type\":\"ImageObject\",\"inLanguage\":\"hu\",\"@id\":\"https:\/\/pvpgrams.com\/product\/aicar-pills\/#primaryimage\",\"url\":\"https:\/\/pvpgrams.com\/wp-content\/uploads\/2025\/05\/Aicar-Pills.jpg\",\"contentUrl\":\"https:\/\/pvpgrams.com\/wp-content\/uploads\/2025\/05\/Aicar-Pills.jpg\",\"width\":600,\"height\":600,\"caption\":\"Buy Aicar Pills Online\"},{\"@type\":\"BreadcrumbList\",\"@id\":\"https:\/\/pvpgrams.com\/product\/aicar-pills\/#breadcrumb\",\"itemListElement\":[{\"@type\":\"ListItem\",\"position\":1,\"name\":\"Home\",\"item\":\"https:\/\/pvpgrams.com\/\"},{\"@type\":\"ListItem\",\"position\":2,\"name\":\"Shop\",\"item\":\"https:\/\/pvpgrams.com\/shop\/\"},{\"@type\":\"ListItem\",\"position\":3,\"name\":\"Aicar Pills\"}]},{\"@type\":\"WebSite\",\"@id\":\"https:\/\/pvpgrams.com\/#website\",\"url\":\"https:\/\/pvpgrams.com\/\",\"name\":\"PVP Grams\",\"description\":\"\",\"publisher\":{\"@id\":\"https:\/\/pvpgrams.com\/#organization\"},\"potentialAction\":[{\"@type\":\"SearchAction\",\"target\":{\"@type\":\"EntryPoint\",\"urlTemplate\":\"https:\/\/pvpgrams.com\/?s={search_term_string}\"},\"query-input\":{\"@type\":\"PropertyValueSpecification\",\"valueRequired\":true,\"valueName\":\"search_term_string\"}}],\"inLanguage\":\"hu\"},{\"@type\":\"Organization\",\"@id\":\"https:\/\/pvpgrams.com\/#organization\",\"name\":\"PVP Grams\",\"url\":\"https:\/\/pvpgrams.com\/\",\"logo\":{\"@type\":\"ImageObject\",\"inLanguage\":\"hu\",\"@id\":\"https:\/\/pvpgrams.com\/#\/schema\/logo\/image\/\",\"url\":\"https:\/\/pvpgrams.com\/wp-content\/uploads\/2024\/10\/logo.png\",\"contentUrl\":\"https:\/\/pvpgrams.com\/wp-content\/uploads\/2024\/10\/logo.png\",\"width\":181,\"height\":41,\"caption\":\"PVP Grams\"},\"image\":{\"@id\":\"https:\/\/pvpgrams.com\/#\/schema\/logo\/image\/\"}}]}<\/script>\n<!-- \/ Yoast SEO plugin. -->","yoast_head_json":{"title":"V\u00e1s\u00e1rl\u00e1s AICAR tablett\u00e1k online - AICAR elad\u00f3 - Rendel\u00e9s AICAR Online","description":"Sz\u00fcks\u00e9ge van AICAR tablett\u00e1kra a kutat\u00e1s\u00e1hoz? V\u00e1s\u00e1rolja meg \u0151ket online, biztons\u00e1gos sz\u00e1ll\u00edt\u00e1ssal. Ide\u00e1lis tudom\u00e1nyos elemz\u00e9shez, gyors \u00e9s diszkr\u00e9t sz\u00e1ll\u00edt\u00e1ssal.","robots":{"index":"index","follow":"follow","max-snippet":"max-snippet:-1","max-image-preview":"max-image-preview:large","max-video-preview":"max-video-preview:-1"},"canonical":"https:\/\/pvpgrams.com\/hu\/product\/aicar-tablettak\/","og_locale":"hu_HU","og_type":"article","og_title":"Buy AICAR Pills Online \u2013 AICAR for Sale - Order AICAR Online","og_description":"Do you need AICAR pills for your research? Buy them online with secure shipping. Ideal for scientific analysis, shipped with speed and discretion.","og_url":"https:\/\/pvpgrams.com\/hu\/product\/aicar-tablettak\/","og_site_name":"PVP Grams","article_modified_time":"2025-10-30T07:44:50+00:00","og_image":[{"width":600,"height":600,"url":"https:\/\/pvpgrams.com\/wp-content\/uploads\/2025\/05\/Aicar-Pills.jpg","type":"image\/jpeg"}],"twitter_card":"summary_large_image","twitter_misc":{"Becs\u00fclt olvas\u00e1si id\u0151":"3 perc"},"schema":{"@context":"https:\/\/schema.org","@graph":[{"@type":["WebPage","ItemPage"],"@id":"https:\/\/pvpgrams.com\/product\/aicar-pills\/","url":"https:\/\/pvpgrams.com\/product\/aicar-pills\/","name":"V\u00e1s\u00e1rl\u00e1s AICAR tablett\u00e1k online - AICAR elad\u00f3 - Rendel\u00e9s AICAR Online","isPartOf":{"@id":"https:\/\/pvpgrams.com\/#website"},"primaryImageOfPage":{"@id":"https:\/\/pvpgrams.com\/product\/aicar-pills\/#primaryimage"},"image":{"@id":"https:\/\/pvpgrams.com\/product\/aicar-pills\/#primaryimage"},"thumbnailUrl":"https:\/\/pvpgrams.com\/wp-content\/uploads\/2025\/05\/Aicar-Pills.jpg","datePublished":"2025-05-15T10:09:12+00:00","dateModified":"2025-10-30T07:44:50+00:00","description":"Sz\u00fcks\u00e9ge van AICAR tablett\u00e1kra a kutat\u00e1s\u00e1hoz? V\u00e1s\u00e1rolja meg \u0151ket online, biztons\u00e1gos sz\u00e1ll\u00edt\u00e1ssal. Ide\u00e1lis tudom\u00e1nyos elemz\u00e9shez, gyors \u00e9s diszkr\u00e9t sz\u00e1ll\u00edt\u00e1ssal.","breadcrumb":{"@id":"https:\/\/pvpgrams.com\/product\/aicar-pills\/#breadcrumb"},"inLanguage":"hu","potentialAction":[{"@type":"ReadAction","target":["https:\/\/pvpgrams.com\/product\/aicar-pills\/"]}]},{"@type":"ImageObject","inLanguage":"hu","@id":"https:\/\/pvpgrams.com\/product\/aicar-pills\/#primaryimage","url":"https:\/\/pvpgrams.com\/wp-content\/uploads\/2025\/05\/Aicar-Pills.jpg","contentUrl":"https:\/\/pvpgrams.com\/wp-content\/uploads\/2025\/05\/Aicar-Pills.jpg","width":600,"height":600,"caption":"Buy Aicar Pills Online"},{"@type":"BreadcrumbList","@id":"https:\/\/pvpgrams.com\/product\/aicar-pills\/#breadcrumb","itemListElement":[{"@type":"ListItem","position":1,"name":"Home","item":"https:\/\/pvpgrams.com\/"},{"@type":"ListItem","position":2,"name":"Shop","item":"https:\/\/pvpgrams.com\/shop\/"},{"@type":"ListItem","position":3,"name":"Aicar Pills"}]},{"@type":"WebSite","@id":"https:\/\/pvpgrams.com\/#website","url":"https:\/\/pvpgrams.com\/","name":"PVP grammok","description":"","publisher":{"@id":"https:\/\/pvpgrams.com\/#organization"},"potentialAction":[{"@type":"SearchAction","target":{"@type":"EntryPoint","urlTemplate":"https:\/\/pvpgrams.com\/?s={search_term_string}"},"query-input":{"@type":"PropertyValueSpecification","valueRequired":true,"valueName":"search_term_string"}}],"inLanguage":"hu"},{"@type":"Organization","@id":"https:\/\/pvpgrams.com\/#organization","name":"PVP grammok","url":"https:\/\/pvpgrams.com\/","logo":{"@type":"ImageObject","inLanguage":"hu","@id":"https:\/\/pvpgrams.com\/#\/schema\/logo\/image\/","url":"https:\/\/pvpgrams.com\/wp-content\/uploads\/2024\/10\/logo.png","contentUrl":"https:\/\/pvpgrams.com\/wp-content\/uploads\/2024\/10\/logo.png","width":181,"height":41,"caption":"PVP Grams"},"image":{"@id":"https:\/\/pvpgrams.com\/#\/schema\/logo\/image\/"}}]}},"_links":{"self":[{"href":"https:\/\/pvpgrams.com\/hu\/wp-json\/wp\/v2\/product\/1575","targetHints":{"allow":["GET"]}}],"collection":[{"href":"https:\/\/pvpgrams.com\/hu\/wp-json\/wp\/v2\/product"}],"about":[{"href":"https:\/\/pvpgrams.com\/hu\/wp-json\/wp\/v2\/types\/product"}],"replies":[{"embeddable":true,"href":"https:\/\/pvpgrams.com\/hu\/wp-json\/wp\/v2\/comments?post=1575"}],"wp:featuredmedia":[{"embeddable":true,"href":"https:\/\/pvpgrams.com\/hu\/wp-json\/wp\/v2\/media\/1963"}],"wp:attachment":[{"href":"https:\/\/pvpgrams.com\/hu\/wp-json\/wp\/v2\/media?parent=1575"}],"wp:term":[{"taxonomy":"product_brand","embeddable":true,"href":"https:\/\/pvpgrams.com\/hu\/wp-json\/wp\/v2\/product_brand?post=1575"},{"taxonomy":"product_cat","embeddable":true,"href":"https:\/\/pvpgrams.com\/hu\/wp-json\/wp\/v2\/product_cat?post=1575"},{"taxonomy":"product_tag","embeddable":true,"href":"https:\/\/pvpgrams.com\/hu\/wp-json\/wp\/v2\/product_tag?post=1575"}],"curies":[{"name":"wp","href":"https:\/\/api.w.org\/{rel}","templated":true}]}}