{"id":1611,"date":"2025-05-15T11:24:25","date_gmt":"2025-05-15T11:24:25","guid":{"rendered":"https:\/\/pvpgrams.com\/?post_type=product&#038;p=1611"},"modified":"2025-10-30T07:57:19","modified_gmt":"2025-10-30T07:57:19","slug":"benzylpiperazine-bzp-powder","status":"publish","type":"product","link":"https:\/\/pvpgrams.com\/hu\/product\/benzylpiperazine-bzp-powder\/","title":{"rendered":"Benzilpiperazin (BZP) por"},"content":{"rendered":"<h2 data-start=\"173\" data-end=\"249\">Buy Benzylpiperazine (BZP) Powder Online from a Reliable Research Source<\/h2>\n<h3 data-start=\"251\" data-end=\"355\">V\u00e1s\u00e1rl\u00e1s Benzylpiperazine (BZP) por online - biztons\u00e1gos \u00e9s kiv\u00e1l\u00f3 min\u0151s\u00e9g\u0171 Benzylpiperazine por elad\u00f3<\/h3>\n<p data-start=\"357\" data-end=\"924\">Wilt u Benzylpiperazine (BZP) poeder online kopen? Bij PVPGRAMS bieden we premium Benzylpiperazine (BZP) poeder te koop aan met gegarandeerde zuiverheid. BZP (1-benzylpiperazine) is een synthetische stimulant die bekend staat om zijn stemmingsverbeterende en energiegevende eigenschappen. Hoewel het onderzocht is op zijn effect op de afgifte van serotonine, dopamine en noradrenaline, is het belangrijk om te weten dat BZP strikt niet is goedgekeurd voor menselijke consumptie en in verschillende landen gereguleerd is. Kies voor ons wanneer u Benzylpiperazine (BZP) poeder veilig en discreet wilt bestellen.<\/p>\n<h3 data-start=\"931\" data-end=\"974\">Milyen t\u00edpus\u00fa gy\u00f3gyszer a benzilpiperazin (BZP) por?<\/h3>\n<p data-start=\"976\" data-end=\"1444\"><a href=\"https:\/\/en.wikipedia.org\/wiki\/Benzylpiperazine\">Benzilpiperazin (BZP) por<\/a> egy szintetikus stimul\u00e1ns \u00e9s piperazin-sz\u00e1rmaz\u00e9k, amelyet gyakran az amfetaminok leg\u00e1lis alternat\u00edv\u00e1jak\u00e9nt forgalmaznak. Amikor benzilpiperazin (BZP) port v\u00e1s\u00e1rol online a PVPGRAMS-t\u00f3l, egy megb\u00edzhat\u00f3 szolg\u00e1ltat\u00f3t v\u00e1laszt, amely por, tabletta \u00e9s kapszula form\u00e1j\u00e1ban kaphat\u00f3. Ak\u00e1r nagy t\u00e9telben, ak\u00e1r kisebb mennyis\u00e9gben keres, a BZP porunk versenyk\u00e9pes \u00e1ron kaphat\u00f3 a min\u0151s\u00e9g fel\u00e1ldoz\u00e1sa n\u00e9lk\u00fcl.<\/p>\n<h3 data-start=\"1451\" data-end=\"1501\">Mi\u00e9rt \u00e9rdemes online v\u00e1s\u00e1rolni benzilpiperazin (BZP) port?<\/h3>\n<p data-start=\"1503\" data-end=\"1886\">Az olcs\u00f3 benzilpiperazin (BZP) por online v\u00e1s\u00e1rl\u00e1sa k\u00e9nyelmet \u00e9s megb\u00edzhat\u00f3s\u00e1got egyar\u00e1nt biztos\u00edt. A PVPGRAMS biztons\u00e1gos fizet\u00e9sfeldolgoz\u00e1st \u00e9s diszkr\u00e9t csomagol\u00e1st biztos\u00edt minden rendel\u00e9s eset\u00e9n. Leegyszer\u0171s\u00edtett folyamatunkkal gyorsan megrendelheti a benzilpiperazin (BZP) port kiskereskedelmi vagy nagy t\u00e9telben, \u00edgy mi vagyunk a legjobb hely a benzilpiperazin (BZP) por v\u00e1s\u00e1rl\u00e1s\u00e1ra vil\u00e1gszerte.<\/p>\n<h3 data-start=\"1893\" data-end=\"1951\">A benzilpiperazin (BZP) por hat\u00e1sai \u00e9s el\u0151nyei<\/h3>\n<p data-start=\"1953\" data-end=\"2051\">Amikor online v\u00e1s\u00e1rol benzilpiperazin (BZP) port, hozz\u00e1f\u00e9rhet egy olyan stimul\u00e1nshoz, amelyr\u0151l ismert:<\/p>\n<ul data-start=\"2052\" data-end=\"2151\">\n<li data-start=\"2052\" data-end=\"2083\">\n<p data-start=\"2054\" data-end=\"2083\">Euf\u00f3ria \u00e9s hangulatemelked\u00e9s<\/p>\n<\/li>\n<li data-start=\"2084\" data-end=\"2118\">\n<p data-start=\"2086\" data-end=\"2118\">Fokozott \u00e9bers\u00e9g \u00e9s energia<\/p>\n<\/li>\n<li data-start=\"2119\" data-end=\"2151\">\n<p data-start=\"2121\" data-end=\"2151\">Fokozott \u00e9rz\u00e9kszervi tudatoss\u00e1g<\/p>\n<\/li>\n<\/ul>\n<p data-start=\"2153\" data-end=\"2418\">A BZP-t gyakran haszn\u00e1lj\u00e1k partipirul\u00e1kban stimul\u00e1l\u00f3 \u00e9s enyh\u00e9n hallucinog\u00e9n hat\u00e1sai miatt. Ugyanakkor mell\u00e9khat\u00e1sokat is okozhat, p\u00e9ld\u00e1ul szorong\u00e1st, megn\u00f6vekedett pulzussz\u00e1mot vagy fejf\u00e1j\u00e1st. A BZP por v\u00e1s\u00e1rl\u00e1sakor mindig felel\u0151ss\u00e9gteljesen kell haszn\u00e1lni.<\/p>\n<h3 data-start=\"2425\" data-end=\"2468\">Benzilpiperazin (BZP) por legalit\u00e1sa<\/h3>\n<p data-start=\"2470\" data-end=\"2808\">If you are considering <a href=\"https:\/\/pvpgrams.com\/hu\/product\/benzylpiperazine-bzp-powder\/\">Hol lehet benzilpiperazin (BZP) port v\u00e1s\u00e1rolni?<\/a>Fontos tiszt\u00e1ban lenni a jogi st\u00e1tusz\u00e1val. Az Egyes\u00fclt \u00c1llamokban a BZP I. jegyz\u00e9kben szerepl\u0151 ellen\u0151rz\u00f6tt anyag, birtokl\u00e1sa vagy enged\u00e9ly n\u00e9lk\u00fcli terjeszt\u00e9se illeg\u00e1lis. V\u00e1s\u00e1rl\u00e1s el\u0151tt gy\u0151z\u0151dj\u00f6n meg arr\u00f3l, hogy megfelel az orsz\u00e1g\u00e1ban \u00e9rv\u00e9nyes szab\u00e1lyoz\u00e1soknak.<\/p>\n<h3 data-start=\"2815\" data-end=\"2849\">Mell\u00e9khat\u00e1sok \u00e9s biztons\u00e1gi kock\u00e1zatok<\/h3>\n<p data-start=\"2851\" data-end=\"2994\">B\u00e1r sokan online v\u00e1s\u00e1rolj\u00e1k a benzilpiperazin (BZP) port, fontos felismerni a lehets\u00e9ges mell\u00e9khat\u00e1sokat, amelyek a k\u00f6vetkez\u0151k lehetnek:<\/p>\n<ul data-start=\"2995\" data-end=\"3114\">\n<li data-start=\"2995\" data-end=\"3019\">\n<p data-start=\"2997\" data-end=\"3019\">Szorong\u00e1s vagy izgatotts\u00e1g<\/p>\n<\/li>\n<li data-start=\"3020\" data-end=\"3063\">\n<p data-start=\"3022\" data-end=\"3063\">Megn\u00f6vekedett v\u00e9rnyom\u00e1s \u00e9s pulzussz\u00e1m<\/p>\n<\/li>\n<li data-start=\"3064\" data-end=\"3087\">\n<p data-start=\"3066\" data-end=\"3087\">H\u00e1nyinger \u00e9s izzad\u00e1s<\/p>\n<\/li>\n<li data-start=\"3088\" data-end=\"3114\">\n<p data-start=\"3090\" data-end=\"3114\">Fejf\u00e1j\u00e1s vagy sz\u00e9d\u00fcl\u00e9s<\/p>\n<\/li>\n<\/ul>\n<p data-start=\"3116\" data-end=\"3269\">Ritka esetekben a BZP helytelen haszn\u00e1lata rohamokhoz vagy s\u00falyos toxicit\u00e1shoz vezethet. Kiz\u00e1r\u00f3lag megb\u00edzhat\u00f3 forr\u00e1sokb\u00f3l, p\u00e9ld\u00e1ul a PVPGRAMS-b\u00f3l t\u00f6rt\u00e9n\u0151 v\u00e1s\u00e1rl\u00e1s seg\u00edt cs\u00f6kkenteni ezeket a kock\u00e1zatokat.<\/p>\n<h3 data-start=\"3276\" data-end=\"3350\">K\u00f6vetkeztet\u00e9s \u2013 V\u00e1s\u00e1roljon benzilpiperazin (BZP) port online bizalommal<\/h3>\n<p data-start=\"3352\" data-end=\"3693\">A PVPGRAMS az \u00d6n megb\u00edzhat\u00f3 besz\u00e1ll\u00edt\u00f3ja, ha benzilpiperazin (BZP) por online v\u00e1s\u00e1rl\u00e1si lehet\u0151s\u00e9geket keres. Nagy tisztas\u00e1g\u00fa benzilpiperazin (BZP) por elad\u00f3, diszkr\u00e9t sz\u00e1ll\u00edt\u00e1ssal \u00e9s versenyk\u00e9pes benzilpiperazin (BZP) por \u00e1rakkal mi vagyunk a legjobb hely benzilpiperazin (BZP) por v\u00e1s\u00e1rl\u00e1s\u00e1ra kutat\u00e1si c\u00e9lokra. Ak\u00e1r nagy t\u00e9telben, ak\u00e1r kisebb kiskereskedelmi megrendel\u00e9sre van sz\u00fcks\u00e9ge, biztons\u00e1gosan \u00e9s bizalommal rendelheti meg a benzilpiperazin (BZP) port. V\u00e1lassza a PVPGRAMS-t m\u00e9g ma, hogy benzilpiperazin (BZP) port v\u00e1s\u00e1roljon online egy megb\u00edzhat\u00f3 kutat\u00e1si forr\u00e1sb\u00f3l.<\/p>","protected":false},"excerpt":{"rendered":"<p>Buy Benzylpiperazine (BZP) Powder Online from a Reliable Research Source Buy Benzylpiperazine (BZP) Powder Online \u2013 Secure and High-Quality Benzylpiperazine Powder for Sale Looking to buy Benzylpiperazine (BZP) Powder online? At PVPGRAMS, we provide premium Benzylpiperazine (BZP) Powder for sale with guaranteed purity. BZP (1-benzylpiperazine) is a synthetic stimulant known for its mood-enhancing and energizing properties. While it has been studied for its impact on serotonin, dopamine, and norepinephrine release, it is important to note that BZP is strictly not approved for human consumption and is regulated in several countries. Choose us when you want to order Benzylpiperazine (BZP) Powder securely and discreetly. What is Benzylpiperazine (BZP) Powder? Benzylpiperazine (BZP) Powder is a synthetic stimulant and piperazine derivative often marketed as a legal alternative to amphetamines. When you buy Benzylpiperazine (BZP) Powder online from PVPGRAMS, you\u2019re choosing a trusted provider offering powder, pill, and capsule forms. Whether you\u2019re seeking bulk supplies or smaller quantities, our BZP Powder for sale comes at a competitive Benzylpiperazine (BZP) Powder price without compromising quality. Why Buy Benzylpiperazine (BZP) Powder Online? Choosing to buy cheap Benzylpiperazine (BZP) Powder online provides both convenience and reliability. PVPGRAMS ensures secure payment processing and discreet packaging for every order. With our streamlined process, you can quickly order Benzylpiperazine (BZP) Powder in retail or bulk quantities, making us the best place to buy Benzylpiperazine (BZP) Powder worldwide. Effects and Benefits of Benzylpiperazine (BZP) Powder When you buy Benzylpiperazine (BZP) Powder online, you gain access to a stimulant known for: Euphoria and mood elevation Increased alertness and energy Heightened sensory awareness BZP has been commonly used in party pills for its stimulating and mildly hallucinogenic effects. However, it may also produce side effects like anxiety, increased heart rate, or headaches. Always approach usage responsibly when purchasing BZP Powder for sale. Benzylpiperazine (BZP) Powder Legality If you are considering where to buy Benzylpiperazine (BZP) Powder, it\u2019s important to be aware of its legal status. In the United States, BZP is a Schedule I controlled substance, and its possession or distribution without authorization is illegal. Before making your purchase, ensure compliance with the regulations in your country. Side Effects and Safety Risks Although many choose to buy Benzylpiperazine (BZP) Powder online, it is essential to recognize potential side effects, which may include: Anxiety or agitation Increased blood pressure and heart rate Nausea and sweating Headaches or dizziness In rare cases, misuse of BZP can result in seizures or severe toxicity. Purchasing only from reliable sources, like PVPGRAMS, helps reduce these risks. Conclusion \u2013 Buy Benzylpiperazine (BZP) Powder Online with Confidence PVPGRAMS is your trusted supplier if you\u2019re looking for Benzylpiperazine (BZP) Powder buy online options. With high-purity Benzylpiperazine (BZP) Powder for sale, discreet shipping, and competitive Benzylpiperazine (BZP) Powder price points, we are the best place to buy Benzylpiperazine (BZP) Powder for research purposes. Whether you need bulk supply or a smaller retail order, you can securely order Benzylpiperazine (BZP) Powder with confidence. Choose PVPGRAMS today to buy Benzylpiperazine (BZP) Powder Online from a Reliable Research Source.<\/p>","protected":false},"featured_media":1995,"comment_status":"closed","ping_status":"closed","template":"","meta":{"_kadence_starter_templates_imported_post":false,"_kad_post_transparent":"default","_kad_post_title":"","_kad_post_layout":"default","_kad_post_sidebar_id":"","_kad_post_content_style":"default","_kad_post_vertical_padding":"default","_kad_post_feature":"","_kad_post_feature_position":"","_kad_post_header":false,"_kad_post_footer":false,"_joinchat":[]},"product_brand":[],"product_cat":[361],"product_tag":[],"class_list":{"0":"post-1611","1":"product","2":"type-product","3":"status-publish","4":"has-post-thumbnail","6":"product_cat-research-chemicals","8":"first","9":"instock","10":"shipping-taxable","11":"purchasable","12":"product-type-variable","13":"entry","14":"content-bg","15":"loop-entry"},"yoast_head":"<!-- This site is optimized with the Yoast SEO plugin v26.5 - https:\/\/yoast.com\/wordpress\/plugins\/seo\/ -->\n<title>Buy Benzylpiperazine (BZP) Powder Online \u2013 BZP Powder for Sale<\/title>\n<meta name=\"description\" content=\"Searching for BZP powder for sale? Buy benzylpiperazine powder online, offering high purity and reliable shipping to help with your scientific research.\" \/>\n<meta name=\"robots\" content=\"index, follow, max-snippet:-1, max-image-preview:large, max-video-preview:-1\" \/>\n<link rel=\"canonical\" href=\"https:\/\/pvpgrams.com\/hu\/product\/benzylpiperazine-bzp-powder\/\" \/>\n<meta property=\"og:locale\" content=\"hu_HU\" \/>\n<meta property=\"og:type\" content=\"article\" \/>\n<meta property=\"og:title\" content=\"Buy Benzylpiperazine (BZP) Powder Online \u2013 BZP Powder for Sale\" \/>\n<meta property=\"og:description\" content=\"Searching for BZP powder for sale? Buy benzylpiperazine powder online, offering high purity and reliable shipping to help with your scientific research.\" \/>\n<meta property=\"og:url\" content=\"https:\/\/pvpgrams.com\/hu\/product\/benzylpiperazine-bzp-powder\/\" \/>\n<meta property=\"og:site_name\" content=\"PVP Grams\" \/>\n<meta property=\"article:modified_time\" content=\"2025-10-30T07:57:19+00:00\" \/>\n<meta property=\"og:image\" content=\"https:\/\/pvpgrams.com\/wp-content\/uploads\/2025\/05\/Benzylpiperazine-BZP-Powder.jpg\" \/>\n\t<meta property=\"og:image:width\" content=\"600\" \/>\n\t<meta property=\"og:image:height\" content=\"600\" \/>\n\t<meta property=\"og:image:type\" content=\"image\/jpeg\" \/>\n<meta name=\"twitter:card\" content=\"summary_large_image\" \/>\n<meta name=\"twitter:label1\" content=\"Becs\u00fclt olvas\u00e1si id\u0151\" \/>\n\t<meta name=\"twitter:data1\" content=\"3 perc\" \/>\n<script type=\"application\/ld+json\" class=\"yoast-schema-graph\">{\"@context\":\"https:\/\/schema.org\",\"@graph\":[{\"@type\":[\"WebPage\",\"ItemPage\"],\"@id\":\"https:\/\/pvpgrams.com\/product\/benzylpiperazine-bzp-powder\/\",\"url\":\"https:\/\/pvpgrams.com\/product\/benzylpiperazine-bzp-powder\/\",\"name\":\"Buy Benzylpiperazine (BZP) Powder Online \u2013 BZP Powder for Sale\",\"isPartOf\":{\"@id\":\"https:\/\/pvpgrams.com\/#website\"},\"primaryImageOfPage\":{\"@id\":\"https:\/\/pvpgrams.com\/product\/benzylpiperazine-bzp-powder\/#primaryimage\"},\"image\":{\"@id\":\"https:\/\/pvpgrams.com\/product\/benzylpiperazine-bzp-powder\/#primaryimage\"},\"thumbnailUrl\":\"https:\/\/pvpgrams.com\/wp-content\/uploads\/2025\/05\/Benzylpiperazine-BZP-Powder.jpg\",\"datePublished\":\"2025-05-15T11:24:25+00:00\",\"dateModified\":\"2025-10-30T07:57:19+00:00\",\"description\":\"Searching for BZP powder for sale? Buy benzylpiperazine powder online, offering high purity and reliable shipping to help with your scientific research.\",\"breadcrumb\":{\"@id\":\"https:\/\/pvpgrams.com\/product\/benzylpiperazine-bzp-powder\/#breadcrumb\"},\"inLanguage\":\"hu\",\"potentialAction\":[{\"@type\":\"ReadAction\",\"target\":[\"https:\/\/pvpgrams.com\/product\/benzylpiperazine-bzp-powder\/\"]}]},{\"@type\":\"ImageObject\",\"inLanguage\":\"hu\",\"@id\":\"https:\/\/pvpgrams.com\/product\/benzylpiperazine-bzp-powder\/#primaryimage\",\"url\":\"https:\/\/pvpgrams.com\/wp-content\/uploads\/2025\/05\/Benzylpiperazine-BZP-Powder.jpg\",\"contentUrl\":\"https:\/\/pvpgrams.com\/wp-content\/uploads\/2025\/05\/Benzylpiperazine-BZP-Powder.jpg\",\"width\":600,\"height\":600,\"caption\":\"Buy Benzylpiperazine (BZP) Powder Online\"},{\"@type\":\"BreadcrumbList\",\"@id\":\"https:\/\/pvpgrams.com\/product\/benzylpiperazine-bzp-powder\/#breadcrumb\",\"itemListElement\":[{\"@type\":\"ListItem\",\"position\":1,\"name\":\"Home\",\"item\":\"https:\/\/pvpgrams.com\/\"},{\"@type\":\"ListItem\",\"position\":2,\"name\":\"Shop\",\"item\":\"https:\/\/pvpgrams.com\/shop\/\"},{\"@type\":\"ListItem\",\"position\":3,\"name\":\"Benzylpiperazine (BZP) Powder\"}]},{\"@type\":\"WebSite\",\"@id\":\"https:\/\/pvpgrams.com\/#website\",\"url\":\"https:\/\/pvpgrams.com\/\",\"name\":\"PVP Grams\",\"description\":\"\",\"publisher\":{\"@id\":\"https:\/\/pvpgrams.com\/#organization\"},\"potentialAction\":[{\"@type\":\"SearchAction\",\"target\":{\"@type\":\"EntryPoint\",\"urlTemplate\":\"https:\/\/pvpgrams.com\/?s={search_term_string}\"},\"query-input\":{\"@type\":\"PropertyValueSpecification\",\"valueRequired\":true,\"valueName\":\"search_term_string\"}}],\"inLanguage\":\"hu\"},{\"@type\":\"Organization\",\"@id\":\"https:\/\/pvpgrams.com\/#organization\",\"name\":\"PVP Grams\",\"url\":\"https:\/\/pvpgrams.com\/\",\"logo\":{\"@type\":\"ImageObject\",\"inLanguage\":\"hu\",\"@id\":\"https:\/\/pvpgrams.com\/#\/schema\/logo\/image\/\",\"url\":\"https:\/\/pvpgrams.com\/wp-content\/uploads\/2024\/10\/logo.png\",\"contentUrl\":\"https:\/\/pvpgrams.com\/wp-content\/uploads\/2024\/10\/logo.png\",\"width\":181,\"height\":41,\"caption\":\"PVP Grams\"},\"image\":{\"@id\":\"https:\/\/pvpgrams.com\/#\/schema\/logo\/image\/\"}}]}<\/script>\n<!-- \/ Yoast SEO plugin. -->","yoast_head_json":{"title":"Benzilpiperazin (BZP) por online megv\u00e1s\u00e1rl\u00e1sa - BZP por elad\u00f3","description":"Elad\u00f3 BZP port keres? V\u00e1s\u00e1roljon online benzilpiperazin port, amely nagy tisztas\u00e1g\u00fa \u00e9s megb\u00edzhat\u00f3 sz\u00e1ll\u00edt\u00e1st k\u00edn\u00e1l, hogy seg\u00edtse tudom\u00e1nyos kutat\u00e1sait.","robots":{"index":"index","follow":"follow","max-snippet":"max-snippet:-1","max-image-preview":"max-image-preview:large","max-video-preview":"max-video-preview:-1"},"canonical":"https:\/\/pvpgrams.com\/hu\/product\/benzylpiperazine-bzp-powder\/","og_locale":"hu_HU","og_type":"article","og_title":"Buy Benzylpiperazine (BZP) Powder Online \u2013 BZP Powder for Sale","og_description":"Searching for BZP powder for sale? Buy benzylpiperazine powder online, offering high purity and reliable shipping to help with your scientific research.","og_url":"https:\/\/pvpgrams.com\/hu\/product\/benzylpiperazine-bzp-powder\/","og_site_name":"PVP Grams","article_modified_time":"2025-10-30T07:57:19+00:00","og_image":[{"width":600,"height":600,"url":"https:\/\/pvpgrams.com\/wp-content\/uploads\/2025\/05\/Benzylpiperazine-BZP-Powder.jpg","type":"image\/jpeg"}],"twitter_card":"summary_large_image","twitter_misc":{"Becs\u00fclt olvas\u00e1si id\u0151":"3 perc"},"schema":{"@context":"https:\/\/schema.org","@graph":[{"@type":["WebPage","ItemPage"],"@id":"https:\/\/pvpgrams.com\/product\/benzylpiperazine-bzp-powder\/","url":"https:\/\/pvpgrams.com\/product\/benzylpiperazine-bzp-powder\/","name":"Benzilpiperazin (BZP) por online megv\u00e1s\u00e1rl\u00e1sa - BZP por elad\u00f3","isPartOf":{"@id":"https:\/\/pvpgrams.com\/#website"},"primaryImageOfPage":{"@id":"https:\/\/pvpgrams.com\/product\/benzylpiperazine-bzp-powder\/#primaryimage"},"image":{"@id":"https:\/\/pvpgrams.com\/product\/benzylpiperazine-bzp-powder\/#primaryimage"},"thumbnailUrl":"https:\/\/pvpgrams.com\/wp-content\/uploads\/2025\/05\/Benzylpiperazine-BZP-Powder.jpg","datePublished":"2025-05-15T11:24:25+00:00","dateModified":"2025-10-30T07:57:19+00:00","description":"Elad\u00f3 BZP port keres? V\u00e1s\u00e1roljon online benzilpiperazin port, amely nagy tisztas\u00e1g\u00fa \u00e9s megb\u00edzhat\u00f3 sz\u00e1ll\u00edt\u00e1st k\u00edn\u00e1l, hogy seg\u00edtse tudom\u00e1nyos kutat\u00e1sait.","breadcrumb":{"@id":"https:\/\/pvpgrams.com\/product\/benzylpiperazine-bzp-powder\/#breadcrumb"},"inLanguage":"hu","potentialAction":[{"@type":"ReadAction","target":["https:\/\/pvpgrams.com\/product\/benzylpiperazine-bzp-powder\/"]}]},{"@type":"ImageObject","inLanguage":"hu","@id":"https:\/\/pvpgrams.com\/product\/benzylpiperazine-bzp-powder\/#primaryimage","url":"https:\/\/pvpgrams.com\/wp-content\/uploads\/2025\/05\/Benzylpiperazine-BZP-Powder.jpg","contentUrl":"https:\/\/pvpgrams.com\/wp-content\/uploads\/2025\/05\/Benzylpiperazine-BZP-Powder.jpg","width":600,"height":600,"caption":"Buy Benzylpiperazine (BZP) Powder Online"},{"@type":"BreadcrumbList","@id":"https:\/\/pvpgrams.com\/product\/benzylpiperazine-bzp-powder\/#breadcrumb","itemListElement":[{"@type":"ListItem","position":1,"name":"Home","item":"https:\/\/pvpgrams.com\/"},{"@type":"ListItem","position":2,"name":"Shop","item":"https:\/\/pvpgrams.com\/shop\/"},{"@type":"ListItem","position":3,"name":"Benzylpiperazine (BZP) Powder"}]},{"@type":"WebSite","@id":"https:\/\/pvpgrams.com\/#website","url":"https:\/\/pvpgrams.com\/","name":"PVP grammok","description":"","publisher":{"@id":"https:\/\/pvpgrams.com\/#organization"},"potentialAction":[{"@type":"SearchAction","target":{"@type":"EntryPoint","urlTemplate":"https:\/\/pvpgrams.com\/?s={search_term_string}"},"query-input":{"@type":"PropertyValueSpecification","valueRequired":true,"valueName":"search_term_string"}}],"inLanguage":"hu"},{"@type":"Organization","@id":"https:\/\/pvpgrams.com\/#organization","name":"PVP grammok","url":"https:\/\/pvpgrams.com\/","logo":{"@type":"ImageObject","inLanguage":"hu","@id":"https:\/\/pvpgrams.com\/#\/schema\/logo\/image\/","url":"https:\/\/pvpgrams.com\/wp-content\/uploads\/2024\/10\/logo.png","contentUrl":"https:\/\/pvpgrams.com\/wp-content\/uploads\/2024\/10\/logo.png","width":181,"height":41,"caption":"PVP Grams"},"image":{"@id":"https:\/\/pvpgrams.com\/#\/schema\/logo\/image\/"}}]}},"_links":{"self":[{"href":"https:\/\/pvpgrams.com\/hu\/wp-json\/wp\/v2\/product\/1611","targetHints":{"allow":["GET"]}}],"collection":[{"href":"https:\/\/pvpgrams.com\/hu\/wp-json\/wp\/v2\/product"}],"about":[{"href":"https:\/\/pvpgrams.com\/hu\/wp-json\/wp\/v2\/types\/product"}],"replies":[{"embeddable":true,"href":"https:\/\/pvpgrams.com\/hu\/wp-json\/wp\/v2\/comments?post=1611"}],"wp:featuredmedia":[{"embeddable":true,"href":"https:\/\/pvpgrams.com\/hu\/wp-json\/wp\/v2\/media\/1995"}],"wp:attachment":[{"href":"https:\/\/pvpgrams.com\/hu\/wp-json\/wp\/v2\/media?parent=1611"}],"wp:term":[{"taxonomy":"product_brand","embeddable":true,"href":"https:\/\/pvpgrams.com\/hu\/wp-json\/wp\/v2\/product_brand?post=1611"},{"taxonomy":"product_cat","embeddable":true,"href":"https:\/\/pvpgrams.com\/hu\/wp-json\/wp\/v2\/product_cat?post=1611"},{"taxonomy":"product_tag","embeddable":true,"href":"https:\/\/pvpgrams.com\/hu\/wp-json\/wp\/v2\/product_tag?post=1611"}],"curies":[{"name":"wp","href":"https:\/\/api.w.org\/{rel}","templated":true}]}}