{"id":1736,"date":"2025-05-16T06:00:02","date_gmt":"2025-05-16T06:00:02","guid":{"rendered":"https:\/\/pvpgrams.com\/?post_type=product&#038;p=1736"},"modified":"2025-10-30T09:16:48","modified_gmt":"2025-10-30T09:16:48","slug":"gamma-butyrolactone-gbl-powder","status":"publish","type":"product","link":"https:\/\/pvpgrams.com\/hu\/product\/gamma-butyrolactone-gbl-powder\/","title":{"rendered":"Gamma-butilakton (GBL) por"},"content":{"rendered":"<h2 data-start=\"125\" data-end=\"219\">V\u00e1s\u00e1roljon val\u00f3di vagy hamis gamma-butirolakton (GBL) port online \u2013 Megb\u00edzhat\u00f3 forr\u00e1s a pr\u00e9mium GBL-hez<\/h2>\n<p data-start=\"221\" data-end=\"668\">Kaufen Sie echtes oder gef\u00e4lschtes Gamma-Butyrolacton (GBL)-Pulver online bei einem zuverl\u00e4ssigen Lieferanten und sichern Sie sich so Qualit\u00e4t und Sicherheit. Gamma-Butyrolacton (GBL) ist eine hochreine chemische Verbindung, die in der Industrie, Forschung und anderen zugelassenen Anwendungen weit verbreitet ist. Unsere Plattform bietet sichere, diskrete Lieferung und garantiert die Echtheit jeder Bestellung. So k\u00f6nnen Sie echtes oder gef\u00e4lschtes Gamma-Butyrolacton (GBL)-Pulver ganz einfach und vertrauensvoll online bestellen.<\/p>\n<h3 data-start=\"675\" data-end=\"735\">Mi\u00e9rt nagy a kereslet a gamma-butirolakton (GBL) porra?<\/h3>\n<p data-start=\"737\" data-end=\"1227\"><a href=\"https:\/\/pvpgrams.com\/hu\/product\/gamma-butyrolactone-gbl-powder\/\">Gamma-butirolakton (GBL) por elad\u00f3<\/a> Sokoldal\u00fa old\u00f3szerk\u00e9nt \u00e9s k\u00e9miai k\u00f6ztiterm\u00e9kk\u00e9nt val\u00f3 felhaszn\u00e1l\u00e1sa miatt rendk\u00edv\u00fcl keresett. Gyakran haszn\u00e1lj\u00e1k olyan ipar\u00e1gakban, mint az elektronikai tiszt\u00edt\u00e1s, a k\u00e9miai szint\u00e9zis \u00e9s a laborat\u00f3riumi kutat\u00e1s. B\u00e1r a GBL a szervezetben GHB-v\u00e9 (gamma-hidroxibutir\u00e1t) alakul, jogilag elk\u00fcl\u00f6n\u00fcl, \u00e9s v\u00e1s\u00e1rl\u00e1sakor be kell tartani a helyi el\u0151\u00edr\u00e1sokat. Ha tudja, hol lehet gamma-butirolakton (GBL) port v\u00e1s\u00e1rolni, biztos lehet benne, hogy legitim \u00e9s biztons\u00e1gos term\u00e9ket kap.<\/p>\n<h3 data-start=\"1234\" data-end=\"1285\">Gamma-butirolakton (GBL) por rendel\u00e9se online<\/h3>\n<p data-start=\"1287\" data-end=\"1751\">T\u00f6bbf\u00e9le csomagol\u00e1si lehet\u0151s\u00e9get k\u00edn\u00e1lunk a gamma-butirolaktonhoz (<a href=\"https:\/\/en.wikipedia.org\/wiki\/%CE%93-Butyrolactone\">GBL<\/a>) Porok online v\u00e1s\u00e1rl\u00e1sa \u2013 a kutat\u00e1shoz haszn\u00e1lt kis mennyis\u00e9gekt\u0151l az ipari felhaszn\u00e1l\u00e1sra sz\u00e1nt nagy t\u00e9telben t\u00f6rt\u00e9n\u0151 megrendel\u00e9sekig. Minden megrendel\u00e9shez tartozik egy analitikai tan\u00fas\u00edtv\u00e1ny (COA), amely igazolja a tisztas\u00e1got \u00e9s a szabv\u00e1nyoknak val\u00f3 megfelel\u00e9st. Ak\u00e1r olcs\u00f3 gamma-butirolakton (GBL) port keres online, ak\u00e1r nagy mennyis\u00e9g\u0171 ell\u00e1t\u00e1st, platformunk k\u00e9nyelmes \u00e9s biztons\u00e1gos m\u00f3dot k\u00edn\u00e1l a gamma-butirolakton (GBL) por online v\u00e1s\u00e1rl\u00e1s\u00e1ra.<\/p>\n<h3 data-start=\"1758\" data-end=\"1811\">A gamma-butirolakton (GBL) por \u00e1ltal\u00e1nos felhaszn\u00e1l\u00e1sa<\/h3>\n<p data-start=\"1813\" data-end=\"1894\">Amikor online v\u00e1s\u00e1rol Gamma-Butyrolakton (GBL) port, azt gyakran a k\u00f6vetkez\u0151kre haszn\u00e1lj\u00e1k:<\/p>\n<ul data-start=\"1896\" data-end=\"2128\">\n<li data-start=\"1896\" data-end=\"1964\">\n<p data-start=\"1898\" data-end=\"1964\">F\u00e9mek, elektronikai cikkek vagy ragaszt\u00f3maradv\u00e1nyok ipari tiszt\u00edt\u00e1sa<\/p>\n<\/li>\n<li data-start=\"1965\" data-end=\"2025\">\n<p data-start=\"1967\" data-end=\"2025\">Old\u00f3szer k\u00e9miai szint\u00e9zisben \u00e9s laborat\u00f3riumi k\u00eds\u00e9rletekben<\/p>\n<\/li>\n<li data-start=\"2026\" data-end=\"2086\">\n<p data-start=\"2028\" data-end=\"2086\">K\u00f6ztes gy\u00f3gyszer\u00e9szeti \u00e9s kutat\u00e1si k\u00e9sz\u00edtm\u00e9nyekben<\/p>\n<\/li>\n<li data-start=\"2087\" data-end=\"2128\">\n<p data-start=\"2089\" data-end=\"2128\">Egy\u00e9b jogszer\u0171, ellen\u0151rz\u00f6tt alkalmaz\u00e1sok<\/p>\n<\/li>\n<\/ul>\n<p data-start=\"2130\" data-end=\"2312\">A GBL-t felel\u0151ss\u00e9gteljesen \u00e9s csak j\u00f3v\u00e1hagyott c\u00e9lokra kell kezelni. Platformunk biztos\u00edtja, hogy az elad\u00f3 gamma-butirolakton (GBL) por megfeleljen minden min\u0151s\u00e9gi \u00e9s biztons\u00e1gi szabv\u00e1nynak.<\/p>\n<h3 data-start=\"2319\" data-end=\"2366\">Biztons\u00e1gos a gamma-butirolakton (GBL) por?<\/h3>\n<p data-start=\"2368\" data-end=\"2812\">A GBL-t szigor\u00faan az aj\u00e1nlott ir\u00e1nyelveknek megfelel\u0151en kell haszn\u00e1lni. A t\u00falzott vagy jogosulatlan haszn\u00e1lat s\u00falyos eg\u00e9szs\u00e9g\u00fcgyi kock\u00e1zatokhoz vezethet, bele\u00e9rtve az altat\u00e1st, l\u00e9gz\u00e9sdepresszi\u00f3t vagy eszm\u00e9letveszt\u00e9st. Ha val\u00f3di vagy hamis gamma-butirolakton (GBL) port v\u00e1s\u00e1rol online egy megb\u00edzhat\u00f3 besz\u00e1ll\u00edt\u00f3t\u00f3l, cs\u00f6kkenti a szennyezett vagy alacsony min\u0151s\u00e9g\u0171 term\u00e9kek beszerz\u00e9s\u00e9nek kock\u00e1zat\u00e1t. Mindig ellen\u0151rizze a helyi el\u0151\u00edr\u00e1sokat, \u00e9s konzult\u00e1ljon szakemberekkel a megfelel\u0151 kezel\u00e9s \u00e9rdek\u00e9ben.``<\/p>\n<h3 data-start=\"2819\" data-end=\"2877\">Megb\u00edzhat\u00f3 gamma-butirolakton (GBL) por sz\u00e1ll\u00edt\u00f3<\/h3>\n<p data-start=\"2879\" data-end=\"3220\">Mivel egyre nehezebb a kiv\u00e1l\u00f3 min\u0151s\u00e9g\u0171 GBL beszerz\u00e9se, platformunk megb\u00edzhat\u00f3 megold\u00e1st k\u00edn\u00e1l. Minden egyes elad\u00f3 Gamma-butirolakton (GBL) por t\u00e9tel laborat\u00f3riumi tesztel\u00e9sen esik \u00e1t, biztons\u00e1gosan csomagolj\u00e1k \u00e9s diszkr\u00e9ten sz\u00e1ll\u00edtj\u00e1k. Ak\u00e1r kutat\u00e1sr\u00f3l, ak\u00e1r ipari felhaszn\u00e1l\u00e1sr\u00f3l, ak\u00e1r m\u00e1s szab\u00e1lyozott alkalmaz\u00e1sokr\u00f3l van sz\u00f3, megb\u00edzhat benn\u00fcnk, hogy eredeti, pr\u00e9mium GBL-t biztos\u00edtunk.<\/p>\n<h3 data-start=\"3227\" data-end=\"3284\">Rendeljen gamma-butirolakton (GBL) port online m\u00e9g ma!<\/h3>\n<p data-start=\"3286\" data-end=\"3611\">Ne k\u00f6ss\u00f6n kompromisszumot a min\u0151s\u00e9g ter\u00e9n azzal, hogy nem ellen\u0151rz\u00f6tt sz\u00e1ll\u00edt\u00f3kt\u00f3l v\u00e1s\u00e1rol. V\u00e1s\u00e1roljon Gamma-Butyrolakton (GBL) port online megb\u00edzhat\u00f3 platformunkon kereszt\u00fcl, hogy biztos\u00edtsa a magas tisztas\u00e1got, a megb\u00edzhat\u00f3 szolg\u00e1ltat\u00e1st \u00e9s a biztons\u00e1gos sz\u00e1ll\u00edt\u00e1st. Ellen\u0151rizze a Gamma-Butyrolakton (GBL) por \u00e1r\u00e1t, \u00e9s adja le rendel\u00e9s\u00e9t m\u00e9g ma, hogy biztos\u00edtsa az ell\u00e1t\u00e1st egy megb\u00edzhat\u00f3 forr\u00e1sb\u00f3l.<\/p>","protected":false},"excerpt":{"rendered":"<p>Buy Real or Fake Gamma-Butyrolactone (GBL) Powder Online \u2013 Trusted Source for Premium GBL Buy real or fake Gamma-Butyrolactone (GBL) Powder online from a reliable supplier to ensure quality and safety. Gamma-Butyrolactone (GBL) is a high-purity chemical compound widely used in industrial applications, research, and other approved uses. Our platform provides secure, discreet delivery and guarantees the authenticity of every order, making it easy to order real or fake Gamma-Butyrolactone (GBL) Powder online with confidence. Why Gamma-Butyrolactone (GBL) Powder Is in High Demand Gamma-Butyrolactone (GBL) Powder for sale is highly sought after due to its versatility as a solvent and chemical intermediate. It is commonly used in industries such as electronics cleaning, chemical synthesis, and laboratory research. While GBL converts into GHB (Gamma-Hydroxybutyrate) in the body, it is legally distinct, and its purchase must comply with local regulations. Knowing where to buy Gamma-Butyrolactone (GBL) Powder ensures you receive a legitimate, safe product. Order Gamma-Butyrolactone (GBL) Powder Online We offer multiple packaging options for Gamma-Butyrolactone (GBL) Powders buy online\u2014from small quantities for research to bulk orders for industrial use. Each order includes a certificate of analysis (COA) to confirm purity and compliance with standards. Whether you are looking for cheap Gamma-Butyrolactone (GBL) Powder online or high-volume supply, our platform provides a convenient and secure way to buy Gamma-Butyrolactone (GBL) Powder online. Common Uses of Gamma-Butyrolactone (GBL) Powder When you buy Gamma-Butyrolactone (GBL) Powder online, it is often used for: Industrial cleaning of metals, electronics, or adhesive residues Solvent in chemical synthesis and laboratory experiments Intermediate in pharmaceutical and research formulations Other lawful, controlled applications It is essential to handle GBL responsibly and only for approved purposes. Our platform ensures Gamma-Butyrolactone (GBL) Powder for sale meets all quality and safety standards. Is Gamma-Butyrolactone (GBL) Powder Safe? GBL should be used strictly according to recommended guidelines. Excessive or unauthorized use can lead to severe health risks, including sedation, respiratory depression, or unconsciousness. By choosing to buy real or fake Gamma-Butyrolactone (GBL) Powder online from a trusted supplier, you reduce the risk of receiving contaminated or low-quality products. Always verify local regulations and consult professionals for proper handling. Trusted Supplier of Gamma-Butyrolactone (GBL) Powder With increasing difficulty in sourcing high-quality GBL, our platform offers a reliable solution. Every batch of Gamma-Butyrolactone (GBL) Powder for sale is lab-tested, packaged securely, and shipped discreetly. Whether for research, industrial use, or other regulated applications, you can trust us to provide authentic, premium GBL. Order Gamma-Butyrolactone (GBL) Powder Online Today Don\u2019t compromise on quality by buying from unverified vendors. Buy Gamma-Butyrolactone (GBL) Powder online through our trusted platform to ensure high purity, reliable service, and safe delivery. Check Gamma-Butyrolactone (GBL) Powder price and place your order today to secure your supply from a dependable source.<\/p>","protected":false},"featured_media":1975,"comment_status":"closed","ping_status":"closed","template":"","meta":{"_kadence_starter_templates_imported_post":false,"_kad_post_transparent":"default","_kad_post_title":"","_kad_post_layout":"default","_kad_post_sidebar_id":"","_kad_post_content_style":"default","_kad_post_vertical_padding":"default","_kad_post_feature":"","_kad_post_feature_position":"","_kad_post_header":false,"_kad_post_footer":false,"_joinchat":[]},"product_brand":[],"product_cat":[361],"product_tag":[],"class_list":{"0":"post-1736","1":"product","2":"type-product","3":"status-publish","4":"has-post-thumbnail","6":"product_cat-research-chemicals","8":"first","9":"instock","10":"shipping-taxable","11":"purchasable","12":"product-type-variable","13":"entry","14":"content-bg","15":"loop-entry"},"yoast_head":"<!-- This site is optimized with the Yoast SEO plugin v26.5 - https:\/\/yoast.com\/wordpress\/plugins\/seo\/ -->\n<title>Buy Gamma Butyrolactone Powder Online \u2013 GBL Powder for Sale<\/title>\n<meta name=\"description\" content=\"Gamma Butyrolactone (GBL) powder for sale, perfect for your scientific studies. Buy GBL powder online with fast and secure delivery services.\" \/>\n<meta name=\"robots\" content=\"index, follow, max-snippet:-1, max-image-preview:large, max-video-preview:-1\" \/>\n<link rel=\"canonical\" href=\"https:\/\/pvpgrams.com\/hu\/product\/gamma-butyrolactone-gbl-powder\/\" \/>\n<meta property=\"og:locale\" content=\"hu_HU\" \/>\n<meta property=\"og:type\" content=\"article\" \/>\n<meta property=\"og:title\" content=\"Buy Gamma Butyrolactone Powder Online \u2013 GBL Powder for Sale\" \/>\n<meta property=\"og:description\" content=\"Gamma Butyrolactone (GBL) powder for sale, perfect for your scientific studies. Buy GBL powder online with fast and secure delivery services.\" \/>\n<meta property=\"og:url\" content=\"https:\/\/pvpgrams.com\/hu\/product\/gamma-butyrolactone-gbl-powder\/\" \/>\n<meta property=\"og:site_name\" content=\"PVP Grams\" \/>\n<meta property=\"article:modified_time\" content=\"2025-10-30T09:16:48+00:00\" \/>\n<meta property=\"og:image\" content=\"https:\/\/pvpgrams.com\/wp-content\/uploads\/2025\/05\/Gamma-Butyrolactone-GBL-Powder.jpg\" \/>\n\t<meta property=\"og:image:width\" content=\"600\" \/>\n\t<meta property=\"og:image:height\" content=\"600\" \/>\n\t<meta property=\"og:image:type\" content=\"image\/jpeg\" \/>\n<meta name=\"twitter:card\" content=\"summary_large_image\" \/>\n<meta name=\"twitter:label1\" content=\"Becs\u00fclt olvas\u00e1si id\u0151\" \/>\n\t<meta name=\"twitter:data1\" content=\"3 perc\" \/>\n<script type=\"application\/ld+json\" class=\"yoast-schema-graph\">{\"@context\":\"https:\/\/schema.org\",\"@graph\":[{\"@type\":[\"WebPage\",\"ItemPage\"],\"@id\":\"https:\/\/pvpgrams.com\/product\/gamma-butyrolactone-gbl-powder\/\",\"url\":\"https:\/\/pvpgrams.com\/product\/gamma-butyrolactone-gbl-powder\/\",\"name\":\"Buy Gamma Butyrolactone Powder Online \u2013 GBL Powder for Sale\",\"isPartOf\":{\"@id\":\"https:\/\/pvpgrams.com\/#website\"},\"primaryImageOfPage\":{\"@id\":\"https:\/\/pvpgrams.com\/product\/gamma-butyrolactone-gbl-powder\/#primaryimage\"},\"image\":{\"@id\":\"https:\/\/pvpgrams.com\/product\/gamma-butyrolactone-gbl-powder\/#primaryimage\"},\"thumbnailUrl\":\"https:\/\/pvpgrams.com\/wp-content\/uploads\/2025\/05\/Gamma-Butyrolactone-GBL-Powder.jpg\",\"datePublished\":\"2025-05-16T06:00:02+00:00\",\"dateModified\":\"2025-10-30T09:16:48+00:00\",\"description\":\"Gamma Butyrolactone (GBL) powder for sale, perfect for your scientific studies. Buy GBL powder online with fast and secure delivery services.\",\"breadcrumb\":{\"@id\":\"https:\/\/pvpgrams.com\/product\/gamma-butyrolactone-gbl-powder\/#breadcrumb\"},\"inLanguage\":\"hu\",\"potentialAction\":[{\"@type\":\"ReadAction\",\"target\":[\"https:\/\/pvpgrams.com\/product\/gamma-butyrolactone-gbl-powder\/\"]}]},{\"@type\":\"ImageObject\",\"inLanguage\":\"hu\",\"@id\":\"https:\/\/pvpgrams.com\/product\/gamma-butyrolactone-gbl-powder\/#primaryimage\",\"url\":\"https:\/\/pvpgrams.com\/wp-content\/uploads\/2025\/05\/Gamma-Butyrolactone-GBL-Powder.jpg\",\"contentUrl\":\"https:\/\/pvpgrams.com\/wp-content\/uploads\/2025\/05\/Gamma-Butyrolactone-GBL-Powder.jpg\",\"width\":600,\"height\":600,\"caption\":\"Buy Gamma -Butyrolactone (GBL) Powder Online\"},{\"@type\":\"BreadcrumbList\",\"@id\":\"https:\/\/pvpgrams.com\/product\/gamma-butyrolactone-gbl-powder\/#breadcrumb\",\"itemListElement\":[{\"@type\":\"ListItem\",\"position\":1,\"name\":\"Home\",\"item\":\"https:\/\/pvpgrams.com\/\"},{\"@type\":\"ListItem\",\"position\":2,\"name\":\"Shop\",\"item\":\"https:\/\/pvpgrams.com\/shop\/\"},{\"@type\":\"ListItem\",\"position\":3,\"name\":\"Gamma -Butyrolactone (GBL) Powder\"}]},{\"@type\":\"WebSite\",\"@id\":\"https:\/\/pvpgrams.com\/#website\",\"url\":\"https:\/\/pvpgrams.com\/\",\"name\":\"PVP Grams\",\"description\":\"\",\"publisher\":{\"@id\":\"https:\/\/pvpgrams.com\/#organization\"},\"potentialAction\":[{\"@type\":\"SearchAction\",\"target\":{\"@type\":\"EntryPoint\",\"urlTemplate\":\"https:\/\/pvpgrams.com\/?s={search_term_string}\"},\"query-input\":{\"@type\":\"PropertyValueSpecification\",\"valueRequired\":true,\"valueName\":\"search_term_string\"}}],\"inLanguage\":\"hu\"},{\"@type\":\"Organization\",\"@id\":\"https:\/\/pvpgrams.com\/#organization\",\"name\":\"PVP Grams\",\"url\":\"https:\/\/pvpgrams.com\/\",\"logo\":{\"@type\":\"ImageObject\",\"inLanguage\":\"hu\",\"@id\":\"https:\/\/pvpgrams.com\/#\/schema\/logo\/image\/\",\"url\":\"https:\/\/pvpgrams.com\/wp-content\/uploads\/2024\/10\/logo.png\",\"contentUrl\":\"https:\/\/pvpgrams.com\/wp-content\/uploads\/2024\/10\/logo.png\",\"width\":181,\"height\":41,\"caption\":\"PVP Grams\"},\"image\":{\"@id\":\"https:\/\/pvpgrams.com\/#\/schema\/logo\/image\/\"}}]}<\/script>\n<!-- \/ Yoast SEO plugin. -->","yoast_head_json":{"title":"V\u00e1s\u00e1roljon gamma butilakton port online - GBL por elad\u00f3","description":"Gamma-butilakton (GBL) por elad\u00f3, t\u00f6k\u00e9letes az \u00d6n tudom\u00e1nyos vizsg\u00e1lataihoz. V\u00e1s\u00e1roljon GBL port online gyors \u00e9s biztons\u00e1gos sz\u00e1ll\u00edt\u00e1si szolg\u00e1ltat\u00e1ssal.","robots":{"index":"index","follow":"follow","max-snippet":"max-snippet:-1","max-image-preview":"max-image-preview:large","max-video-preview":"max-video-preview:-1"},"canonical":"https:\/\/pvpgrams.com\/hu\/product\/gamma-butyrolactone-gbl-powder\/","og_locale":"hu_HU","og_type":"article","og_title":"Buy Gamma Butyrolactone Powder Online \u2013 GBL Powder for Sale","og_description":"Gamma Butyrolactone (GBL) powder for sale, perfect for your scientific studies. Buy GBL powder online with fast and secure delivery services.","og_url":"https:\/\/pvpgrams.com\/hu\/product\/gamma-butyrolactone-gbl-powder\/","og_site_name":"PVP Grams","article_modified_time":"2025-10-30T09:16:48+00:00","og_image":[{"width":600,"height":600,"url":"https:\/\/pvpgrams.com\/wp-content\/uploads\/2025\/05\/Gamma-Butyrolactone-GBL-Powder.jpg","type":"image\/jpeg"}],"twitter_card":"summary_large_image","twitter_misc":{"Becs\u00fclt olvas\u00e1si id\u0151":"3 perc"},"schema":{"@context":"https:\/\/schema.org","@graph":[{"@type":["WebPage","ItemPage"],"@id":"https:\/\/pvpgrams.com\/product\/gamma-butyrolactone-gbl-powder\/","url":"https:\/\/pvpgrams.com\/product\/gamma-butyrolactone-gbl-powder\/","name":"V\u00e1s\u00e1roljon gamma butilakton port online - GBL por elad\u00f3","isPartOf":{"@id":"https:\/\/pvpgrams.com\/#website"},"primaryImageOfPage":{"@id":"https:\/\/pvpgrams.com\/product\/gamma-butyrolactone-gbl-powder\/#primaryimage"},"image":{"@id":"https:\/\/pvpgrams.com\/product\/gamma-butyrolactone-gbl-powder\/#primaryimage"},"thumbnailUrl":"https:\/\/pvpgrams.com\/wp-content\/uploads\/2025\/05\/Gamma-Butyrolactone-GBL-Powder.jpg","datePublished":"2025-05-16T06:00:02+00:00","dateModified":"2025-10-30T09:16:48+00:00","description":"Gamma-butilakton (GBL) por elad\u00f3, t\u00f6k\u00e9letes az \u00d6n tudom\u00e1nyos vizsg\u00e1lataihoz. V\u00e1s\u00e1roljon GBL port online gyors \u00e9s biztons\u00e1gos sz\u00e1ll\u00edt\u00e1si szolg\u00e1ltat\u00e1ssal.","breadcrumb":{"@id":"https:\/\/pvpgrams.com\/product\/gamma-butyrolactone-gbl-powder\/#breadcrumb"},"inLanguage":"hu","potentialAction":[{"@type":"ReadAction","target":["https:\/\/pvpgrams.com\/product\/gamma-butyrolactone-gbl-powder\/"]}]},{"@type":"ImageObject","inLanguage":"hu","@id":"https:\/\/pvpgrams.com\/product\/gamma-butyrolactone-gbl-powder\/#primaryimage","url":"https:\/\/pvpgrams.com\/wp-content\/uploads\/2025\/05\/Gamma-Butyrolactone-GBL-Powder.jpg","contentUrl":"https:\/\/pvpgrams.com\/wp-content\/uploads\/2025\/05\/Gamma-Butyrolactone-GBL-Powder.jpg","width":600,"height":600,"caption":"Buy Gamma -Butyrolactone (GBL) Powder Online"},{"@type":"BreadcrumbList","@id":"https:\/\/pvpgrams.com\/product\/gamma-butyrolactone-gbl-powder\/#breadcrumb","itemListElement":[{"@type":"ListItem","position":1,"name":"Home","item":"https:\/\/pvpgrams.com\/"},{"@type":"ListItem","position":2,"name":"Shop","item":"https:\/\/pvpgrams.com\/shop\/"},{"@type":"ListItem","position":3,"name":"Gamma -Butyrolactone (GBL) Powder"}]},{"@type":"WebSite","@id":"https:\/\/pvpgrams.com\/#website","url":"https:\/\/pvpgrams.com\/","name":"PVP grammok","description":"","publisher":{"@id":"https:\/\/pvpgrams.com\/#organization"},"potentialAction":[{"@type":"SearchAction","target":{"@type":"EntryPoint","urlTemplate":"https:\/\/pvpgrams.com\/?s={search_term_string}"},"query-input":{"@type":"PropertyValueSpecification","valueRequired":true,"valueName":"search_term_string"}}],"inLanguage":"hu"},{"@type":"Organization","@id":"https:\/\/pvpgrams.com\/#organization","name":"PVP grammok","url":"https:\/\/pvpgrams.com\/","logo":{"@type":"ImageObject","inLanguage":"hu","@id":"https:\/\/pvpgrams.com\/#\/schema\/logo\/image\/","url":"https:\/\/pvpgrams.com\/wp-content\/uploads\/2024\/10\/logo.png","contentUrl":"https:\/\/pvpgrams.com\/wp-content\/uploads\/2024\/10\/logo.png","width":181,"height":41,"caption":"PVP Grams"},"image":{"@id":"https:\/\/pvpgrams.com\/#\/schema\/logo\/image\/"}}]}},"_links":{"self":[{"href":"https:\/\/pvpgrams.com\/hu\/wp-json\/wp\/v2\/product\/1736","targetHints":{"allow":["GET"]}}],"collection":[{"href":"https:\/\/pvpgrams.com\/hu\/wp-json\/wp\/v2\/product"}],"about":[{"href":"https:\/\/pvpgrams.com\/hu\/wp-json\/wp\/v2\/types\/product"}],"replies":[{"embeddable":true,"href":"https:\/\/pvpgrams.com\/hu\/wp-json\/wp\/v2\/comments?post=1736"}],"wp:featuredmedia":[{"embeddable":true,"href":"https:\/\/pvpgrams.com\/hu\/wp-json\/wp\/v2\/media\/1975"}],"wp:attachment":[{"href":"https:\/\/pvpgrams.com\/hu\/wp-json\/wp\/v2\/media?parent=1736"}],"wp:term":[{"taxonomy":"product_brand","embeddable":true,"href":"https:\/\/pvpgrams.com\/hu\/wp-json\/wp\/v2\/product_brand?post=1736"},{"taxonomy":"product_cat","embeddable":true,"href":"https:\/\/pvpgrams.com\/hu\/wp-json\/wp\/v2\/product_cat?post=1736"},{"taxonomy":"product_tag","embeddable":true,"href":"https:\/\/pvpgrams.com\/hu\/wp-json\/wp\/v2\/product_tag?post=1736"}],"curies":[{"name":"wp","href":"https:\/\/api.w.org\/{rel}","templated":true}]}}