{"id":1794,"date":"2025-05-16T07:21:44","date_gmt":"2025-05-16T07:21:44","guid":{"rendered":"https:\/\/pvpgrams.com\/?post_type=product&#038;p=1794"},"modified":"2025-08-20T13:01:14","modified_gmt":"2025-08-20T13:01:14","slug":"mephedrone-100mg-pills","status":"publish","type":"product","link":"https:\/\/pvpgrams.com\/hu\/product\/mephedrone-100mg-pills\/","title":{"rendered":"Mefedron 100mg tablett\u00e1k"},"content":{"rendered":"<h2 data-start=\"92\" data-end=\"143\">V\u00e1s\u00e1roljon val\u00f3di vagy hamis mefedron 100 mg-os tablett\u00e1kat online<\/h2>\n<p data-start=\"145\" data-end=\"250\">Szeretne val\u00f3di vagy hamis mefedron 100 mg-os tablett\u00e1kat v\u00e1s\u00e1rolni online? Mefedron 100 mg-os tablett\u00e1k elad\u00f3k a PVPGRAMS-n\u00e1l<\/p>\n<p data-start=\"252\" data-end=\"790\">V\u00e1s\u00e1roljon val\u00f3di vagy hamis mefedron 100 mg-os tablett\u00e1kat online a PVPGRAMS-t\u00f3l, amely kiv\u00e1l\u00f3 min\u0151s\u00e9g\u0171 mefedront k\u00edn\u00e1l t\u00f6bbf\u00e9le form\u00e1ban, bele\u00e9rtve a por, tablett\u00e1k \u00e9s kapszul\u00e1k kiszerel\u00e9s\u00e9t. 4-metilmetkatinon (4-MMC) n\u00e9ven is ismert, ez a szintetikus stimul\u00e1ns n\u00e9pszer\u0171 energiz\u00e1l\u00f3 \u00e9s empatog\u00e9n hat\u00e1sai miatt. Ak\u00e1r kutat\u00e1sr\u00f3l, ak\u00e1r szem\u00e9lyes haszn\u00e1latra van sz\u00fcks\u00e9ge, a val\u00f3di vagy hamis mefedron 100 mg-os tablett\u00e1k online rendel\u00e9se a PVPGRAMS-t\u00f3l diszkr\u00e9t sz\u00e1ll\u00edt\u00e1st \u00e9s pr\u00e9mium term\u00e9kmin\u0151s\u00e9get garant\u00e1l. Adja le rendel\u00e9s\u00e9t m\u00e9g ma, hogy megb\u00edzhat\u00f3 szolg\u00e1ltat\u00e1st \u00e9s kiv\u00e1l\u00f3 min\u0151s\u00e9g\u0171 vegy\u00fcleteket tapasztalhasson meg.<\/p>\n<h3 data-start=\"797\" data-end=\"853\">Mik azok a 100 mg-os mefedron tablett\u00e1k \u00e9s milyen hat\u00e1saik vannak?<\/h3>\n<p data-start=\"855\" data-end=\"1305\"><a href=\"https:\/\/en.wikipedia.org\/wiki\/Mephedrone\">Mefedron 100mg tablett\u00e1k<\/a> stimul\u00e1nsok \u00e9s entaktog\u00e9nek, amelyeket n\u00e9ha utcanevekkel illetnek, p\u00e9ld\u00e1ul \u201ebubor\u00e9kok\u201d, \u201emiau-miau\u201d, \u201edr\u00f3n\u201d vagy \u201eMCAT\u201d. \u00c1tmenetileg fokozz\u00e1k a ment\u00e1lis \u00e9s fizikai teljes\u00edtm\u00e9nyt, euf\u00f3ria \u00e9rz\u00e9s\u00e9t, fokozott energi\u00e1t \u00e9s fokozott t\u00e1rsas\u00e1gi \u00e9lm\u00e9nyt ny\u00fajtva. Kulcsfontoss\u00e1g\u00fa a <a href=\"https:\/\/pvpgrams.com\/hu\/product\/mephedrone-100mg-pills\/\">Mefedron 100 mg tabletta v\u00e1s\u00e1rl\u00e1sa online<\/a> egy megb\u00edzhat\u00f3 besz\u00e1ll\u00edt\u00f3t\u00f3l, mint p\u00e9ld\u00e1ul a PVPGRAMS, a biztons\u00e1g \u00e9s a min\u0151s\u00e9g biztos\u00edt\u00e1sa \u00e9rdek\u00e9ben, elker\u00fclve a hamis\u00edtott vagy alacsony min\u0151s\u00e9g\u0171 term\u00e9keket.<\/p>\n<h3 data-start=\"1312\" data-end=\"1353\">Hol lehet mefedron 100 mg-os tablett\u00e1kat v\u00e1s\u00e1rolni?<\/h3>\n<p data-start=\"1355\" data-end=\"1735\">Ha azt keresi, hogy hol v\u00e1s\u00e1rolhat 100 mg-os mefedron tablett\u00e1kat, a PVPGRAMS biztons\u00e1gos platformot biztos\u00edt az eredeti mefedron v\u00e1s\u00e1rl\u00e1s\u00e1hoz. A 100 mg-os mefedron tablett\u00e1kat k\u00fcl\u00f6nf\u00e9le form\u00e1kban k\u00edn\u00e1ljuk, bele\u00e9rtve a tablett\u00e1kat, kapszul\u00e1kat \u00e9s krist\u00e1lyos porokat. Szolg\u00e1ltat\u00e1sunk gyors \u00e9s diszkr\u00e9t kisz\u00e1ll\u00edt\u00e1st biztos\u00edt, \u00edgy biztons\u00e1gosan \u00e9s k\u00e9nyelmesen v\u00e1s\u00e1rolhat olcs\u00f3 100 mg-os mefedron tablett\u00e1kat online.<\/p>\n<h3 data-start=\"1742\" data-end=\"1793\">Hogyan kell haszn\u00e1lni a 100 mg-os mefedron tablett\u00e1kat \u00e9s milyen kock\u00e1zatokkal j\u00e1rnak?<\/h3>\n<p data-start=\"1795\" data-end=\"2181\">Amikor online v\u00e1s\u00e1rolsz Mephedrone 100mg tablett\u00e1t, egy olyan stimul\u00e1nshoz jutsz hozz\u00e1, amely hat\u00e1ssal van a k\u00f6zponti idegrendszerre. A mefedron n\u00f6velheti a pulzussz\u00e1mot \u00e9s a v\u00e9rnyom\u00e1st, mik\u00f6zben stimul\u00e1l\u00f3 hat\u00e1s\u00fa. A felhaszn\u00e1l\u00f3knak tiszt\u00e1ban kell lenni\u00fck az olyan kock\u00e1zatokkal, mint a f\u00fcgg\u0151s\u00e9g, a szorong\u00e1s \u00e9s az \u00e1lmatlans\u00e1g. A hosszan tart\u00f3 haszn\u00e1lat s\u00falyos eg\u00e9szs\u00e9g\u00fcgyi probl\u00e9m\u00e1khoz vezethet, bele\u00e9rtve a sz\u00edv- \u00e9s \u00e9rrendszeri probl\u00e9m\u00e1kat \u00e9s a vesek\u00e1rosod\u00e1st.<\/p>\n<p data-start=\"2183\" data-end=\"2394\">Ak\u00e1r szippantjuk, ak\u00e1r lenyelj\u00fck, ak\u00e1r elsz\u00edvjuk, fontos, hogy megb\u00edzhat\u00f3 forr\u00e1sb\u00f3l v\u00e1s\u00e1roljunk. A PVPGRAMS biztos\u00edtja, hogy val\u00f3di vagy hamis, min\u0151s\u00e9gre \u00e9s \u00e1llagra tesztelt Mephedrone 100mg tablett\u00e1kat v\u00e1s\u00e1roljunk.<\/p>\n<h3 data-start=\"2401\" data-end=\"2442\">Mefedron 100 mg-os tablett\u00e1k rendel\u00e9se online<\/h3>\n<p data-start=\"2444\" data-end=\"2780\">K\u00e9szen \u00e1llsz arra, hogy val\u00f3di vagy hamis mefedron 100 mg-os tablett\u00e1kat rendelj online? A PVPGRAMS a megb\u00edzhat\u00f3 forr\u00e1sod a mefedron 100 mg-os tablett\u00e1k online v\u00e1s\u00e1rl\u00e1s\u00e1hoz. Gyors \u00e9s diszkr\u00e9t sz\u00e1ll\u00edt\u00e1ssal, biztons\u00e1gos fizet\u00e9si lehet\u0151s\u00e9gekkel \u00e9s ellen\u0151rz\u00f6tt term\u00e9kmin\u0151s\u00e9ggel magabiztosan v\u00e1s\u00e1rolhatsz mefedron 100 mg-os tablett\u00e1kat online kutat\u00e1si vagy egy\u00e9b enged\u00e9lyezett c\u00e9lokra.<\/p>\n<h3 data-start=\"2787\" data-end=\"2866\">K\u00f6vetkeztet\u00e9s: V\u00e1s\u00e1roljon mefedron 100 mg-os tablett\u00e1kat online a min\u0151s\u00e9g \u00e9s a megb\u00edzhat\u00f3s\u00e1g \u00e9rdek\u00e9ben<\/h3>\n<p data-start=\"2868\" data-end=\"3348\">\u00d6sszefoglalva, ha megb\u00edzhat\u00f3 helyet keres Mephedrone 100mg tablett\u00e1k online v\u00e1s\u00e1rl\u00e1s\u00e1hoz, a PVPGRAMS a legjobb min\u0151s\u00e9g\u0171 term\u00e9keket \u00e9s biztons\u00e1gos rendel\u00e9si lehet\u0151s\u00e9geket k\u00edn\u00e1lja. T\u00f6bbf\u00e9le form\u00e1ban, bele\u00e9rtve a mefedron krist\u00e1lyokat, kapszul\u00e1kat \u00e9s tablett\u00e1kat, biztons\u00e1gosan rendelhet val\u00f3di vagy hamis Mephedrone 100mg tablett\u00e1kat otthonr\u00f3l. Ne hagyja ki a lehet\u0151s\u00e9get, hogy Mephedrone 100mg tablett\u00e1kat v\u00e1s\u00e1roljon online az egyik vezet\u0151 besz\u00e1ll\u00edt\u00f3t\u00f3l versenyk\u00e9pes \u00e1ron.<\/p>","protected":false},"excerpt":{"rendered":"<p>Buy Real or Fake Mephedrone 100mg Pills Online Want to Buy Real or Fake Mephedrone 100mg Pills Online? Mephedrone 100mg Pills for Sale at PVPGRAMS Buy real or fake Mephedrone 100mg Pills online from PVPGRAMS, offering high-quality Mephedrone available in multiple forms including powder, pills, and capsules. Also known as 4-methylmethcathinone (4-MMC), this synthetic stimulant is popular for its energizing and empathogenic effects. Whether for research or personal use, ordering real or fake Mephedrone 100mg Pills online from PVPGRAMS guarantees discreet shipping and premium product quality. Place your order today to experience reliable service and top-grade compounds. What Are Mephedrone 100mg Pills and Their Effects? Mephedrone 100mg Pills are stimulants and entactogens, sometimes referred to by street names such as &#8220;bubbles,&#8221; &#8220;meow-meow,&#8221; &#8220;drone,&#8221; or &#8220;MCAT.&#8221; They temporarily enhance mental and physical performance, offering feelings of euphoria, increased energy, and enhanced sociability. It is crucial to buy Mephedrone 100mg Pills online from a trusted supplier like PVPGRAMS to ensure safety and quality, avoiding counterfeit or low-grade products. Where to Buy Mephedrone 100mg Pills If you are looking for where to buy Mephedrone 100mg Pills, PVPGRAMS provides a secure platform for purchasing authentic Mephedrone. We offer Mephedrone 100mg Pills for sale in various forms including tablets, capsules, and crystalline powder. Our service ensures fast and discreet delivery so you can buy cheap Mephedrone 100mg Pills online safely and conveniently. How Mephedrone 100mg Pills Are Used and Risks When you buy Mephedrone 100mg Pills online, you gain access to a stimulant that affects the central nervous system. Mephedrone can increase heart rate and blood pressure while providing stimulating effects. Users should be aware of risks such as addiction, anxiety, and insomnia. Prolonged use can lead to severe health issues, including cardiovascular problems and kidney damage. Whether snorted, ingested orally, or smoked, it is important to purchase from a reliable source. PVPGRAMS ensures that you are buying real or fake Mephedrone 100mg Pills tested for quality and consistency. Order Mephedrone 100mg Pills Online Are you ready to order real or fake Mephedrone 100mg Pills online? PVPGRAMS is your trusted source for Mephedrone 100mg Pills buy online. With quick and discreet shipping, secure payment options, and verified product quality, you can confidently buy Mephedrone 100mg Pills online for research or other authorized purposes. Conclusion: Buy Mephedrone 100mg Pills Online for Quality and Reliability In conclusion, if you\u2019re searching for a trusted place to buy Mephedrone 100mg Pills online, PVPGRAMS offers the best quality products and secure ordering options. With multiple forms available, including Mephedrone crystals, capsules, and pills, you can order real or fake Mephedrone 100mg Pills safely from home. Don\u2019t miss the chance to purchase Mephedrone 100mg Pills for sale from one of the top suppliers online at competitive Mephedrone 100mg Pills price.<\/p>","protected":false},"featured_media":2024,"comment_status":"closed","ping_status":"closed","template":"","meta":{"_kadence_starter_templates_imported_post":false,"_kad_post_transparent":"default","_kad_post_title":"","_kad_post_layout":"default","_kad_post_sidebar_id":"","_kad_post_content_style":"default","_kad_post_vertical_padding":"default","_kad_post_feature":"","_kad_post_feature_position":"","_kad_post_header":false,"_kad_post_footer":false,"_joinchat":[]},"product_brand":[],"product_cat":[361],"product_tag":[],"class_list":{"0":"post-1794","1":"product","2":"type-product","3":"status-publish","4":"has-post-thumbnail","6":"product_cat-research-chemicals","8":"first","9":"instock","10":"shipping-taxable","11":"purchasable","12":"product-type-variable","13":"entry","14":"content-bg","15":"loop-entry"},"yoast_head":"<!-- This site is optimized with the Yoast SEO plugin v26.5 - https:\/\/yoast.com\/wordpress\/plugins\/seo\/ -->\n<title>Buy Mephedrone 100mg Pills Online \u2013 Mephedrone Pills for Sale<\/title>\n<meta name=\"description\" content=\"Buy Mephedrone 100mg pills online with fast delivery. Mephedrone pills for sale, ideal for your scientific research and experiments.\" \/>\n<meta name=\"robots\" content=\"index, follow, max-snippet:-1, max-image-preview:large, max-video-preview:-1\" \/>\n<link rel=\"canonical\" href=\"https:\/\/pvpgrams.com\/hu\/product\/mephedrone-100mg-pills\/\" \/>\n<meta property=\"og:locale\" content=\"hu_HU\" \/>\n<meta property=\"og:type\" content=\"article\" \/>\n<meta property=\"og:title\" content=\"Buy Mephedrone 100mg Pills Online \u2013 Mephedrone Pills for Sale\" \/>\n<meta property=\"og:description\" content=\"Buy Mephedrone 100mg pills online with fast delivery. Mephedrone pills for sale, ideal for your scientific research and experiments.\" \/>\n<meta property=\"og:url\" content=\"https:\/\/pvpgrams.com\/hu\/product\/mephedrone-100mg-pills\/\" \/>\n<meta property=\"og:site_name\" content=\"PVP Grams\" \/>\n<meta property=\"article:modified_time\" content=\"2025-08-20T13:01:14+00:00\" \/>\n<meta property=\"og:image\" content=\"https:\/\/pvpgrams.com\/wp-content\/uploads\/2025\/05\/Mephedrone-100mg-Pills.jpg\" \/>\n\t<meta property=\"og:image:width\" content=\"600\" \/>\n\t<meta property=\"og:image:height\" content=\"600\" \/>\n\t<meta property=\"og:image:type\" content=\"image\/jpeg\" \/>\n<meta name=\"twitter:card\" content=\"summary_large_image\" \/>\n<meta name=\"twitter:label1\" content=\"Becs\u00fclt olvas\u00e1si id\u0151\" \/>\n\t<meta name=\"twitter:data1\" content=\"3 perc\" \/>\n<script type=\"application\/ld+json\" class=\"yoast-schema-graph\">{\"@context\":\"https:\/\/schema.org\",\"@graph\":[{\"@type\":[\"WebPage\",\"ItemPage\"],\"@id\":\"https:\/\/pvpgrams.com\/product\/mephedrone-100mg-pills\/\",\"url\":\"https:\/\/pvpgrams.com\/product\/mephedrone-100mg-pills\/\",\"name\":\"Buy Mephedrone 100mg Pills Online \u2013 Mephedrone Pills for Sale\",\"isPartOf\":{\"@id\":\"https:\/\/pvpgrams.com\/#website\"},\"primaryImageOfPage\":{\"@id\":\"https:\/\/pvpgrams.com\/product\/mephedrone-100mg-pills\/#primaryimage\"},\"image\":{\"@id\":\"https:\/\/pvpgrams.com\/product\/mephedrone-100mg-pills\/#primaryimage\"},\"thumbnailUrl\":\"https:\/\/pvpgrams.com\/wp-content\/uploads\/2025\/05\/Mephedrone-100mg-Pills.jpg\",\"datePublished\":\"2025-05-16T07:21:44+00:00\",\"dateModified\":\"2025-08-20T13:01:14+00:00\",\"description\":\"Buy Mephedrone 100mg pills online with fast delivery. Mephedrone pills for sale, ideal for your scientific research and experiments.\",\"breadcrumb\":{\"@id\":\"https:\/\/pvpgrams.com\/product\/mephedrone-100mg-pills\/#breadcrumb\"},\"inLanguage\":\"hu\",\"potentialAction\":[{\"@type\":\"ReadAction\",\"target\":[\"https:\/\/pvpgrams.com\/product\/mephedrone-100mg-pills\/\"]}]},{\"@type\":\"ImageObject\",\"inLanguage\":\"hu\",\"@id\":\"https:\/\/pvpgrams.com\/product\/mephedrone-100mg-pills\/#primaryimage\",\"url\":\"https:\/\/pvpgrams.com\/wp-content\/uploads\/2025\/05\/Mephedrone-100mg-Pills.jpg\",\"contentUrl\":\"https:\/\/pvpgrams.com\/wp-content\/uploads\/2025\/05\/Mephedrone-100mg-Pills.jpg\",\"width\":600,\"height\":600,\"caption\":\"Buy Mephedrone 100mg Pills Online\"},{\"@type\":\"BreadcrumbList\",\"@id\":\"https:\/\/pvpgrams.com\/product\/mephedrone-100mg-pills\/#breadcrumb\",\"itemListElement\":[{\"@type\":\"ListItem\",\"position\":1,\"name\":\"Home\",\"item\":\"https:\/\/pvpgrams.com\/\"},{\"@type\":\"ListItem\",\"position\":2,\"name\":\"Shop\",\"item\":\"https:\/\/pvpgrams.com\/shop\/\"},{\"@type\":\"ListItem\",\"position\":3,\"name\":\"Mephedrone 100mg Pills\"}]},{\"@type\":\"WebSite\",\"@id\":\"https:\/\/pvpgrams.com\/#website\",\"url\":\"https:\/\/pvpgrams.com\/\",\"name\":\"PVP Grams\",\"description\":\"\",\"publisher\":{\"@id\":\"https:\/\/pvpgrams.com\/#organization\"},\"potentialAction\":[{\"@type\":\"SearchAction\",\"target\":{\"@type\":\"EntryPoint\",\"urlTemplate\":\"https:\/\/pvpgrams.com\/?s={search_term_string}\"},\"query-input\":{\"@type\":\"PropertyValueSpecification\",\"valueRequired\":true,\"valueName\":\"search_term_string\"}}],\"inLanguage\":\"hu\"},{\"@type\":\"Organization\",\"@id\":\"https:\/\/pvpgrams.com\/#organization\",\"name\":\"PVP Grams\",\"url\":\"https:\/\/pvpgrams.com\/\",\"logo\":{\"@type\":\"ImageObject\",\"inLanguage\":\"hu\",\"@id\":\"https:\/\/pvpgrams.com\/#\/schema\/logo\/image\/\",\"url\":\"https:\/\/pvpgrams.com\/wp-content\/uploads\/2024\/10\/logo.png\",\"contentUrl\":\"https:\/\/pvpgrams.com\/wp-content\/uploads\/2024\/10\/logo.png\",\"width\":181,\"height\":41,\"caption\":\"PVP Grams\"},\"image\":{\"@id\":\"https:\/\/pvpgrams.com\/#\/schema\/logo\/image\/\"}}]}<\/script>\n<!-- \/ Yoast SEO plugin. -->","yoast_head_json":{"title":"V\u00e1s\u00e1rl\u00e1s Mephedrone 100mg tablett\u00e1k online - Mephedrone tablett\u00e1k elad\u00f3","description":"V\u00e1s\u00e1roljon mefedron 100mg tablett\u00e1t online gyors sz\u00e1ll\u00edt\u00e1ssal. Mephedron tablett\u00e1k elad\u00f3, ide\u00e1lis a tudom\u00e1nyos kutat\u00e1shoz \u00e9s k\u00eds\u00e9rletekhez.","robots":{"index":"index","follow":"follow","max-snippet":"max-snippet:-1","max-image-preview":"max-image-preview:large","max-video-preview":"max-video-preview:-1"},"canonical":"https:\/\/pvpgrams.com\/hu\/product\/mephedrone-100mg-pills\/","og_locale":"hu_HU","og_type":"article","og_title":"Buy Mephedrone 100mg Pills Online \u2013 Mephedrone Pills for Sale","og_description":"Buy Mephedrone 100mg pills online with fast delivery. Mephedrone pills for sale, ideal for your scientific research and experiments.","og_url":"https:\/\/pvpgrams.com\/hu\/product\/mephedrone-100mg-pills\/","og_site_name":"PVP Grams","article_modified_time":"2025-08-20T13:01:14+00:00","og_image":[{"width":600,"height":600,"url":"https:\/\/pvpgrams.com\/wp-content\/uploads\/2025\/05\/Mephedrone-100mg-Pills.jpg","type":"image\/jpeg"}],"twitter_card":"summary_large_image","twitter_misc":{"Becs\u00fclt olvas\u00e1si id\u0151":"3 perc"},"schema":{"@context":"https:\/\/schema.org","@graph":[{"@type":["WebPage","ItemPage"],"@id":"https:\/\/pvpgrams.com\/product\/mephedrone-100mg-pills\/","url":"https:\/\/pvpgrams.com\/product\/mephedrone-100mg-pills\/","name":"V\u00e1s\u00e1rl\u00e1s Mephedrone 100mg tablett\u00e1k online - Mephedrone tablett\u00e1k elad\u00f3","isPartOf":{"@id":"https:\/\/pvpgrams.com\/#website"},"primaryImageOfPage":{"@id":"https:\/\/pvpgrams.com\/product\/mephedrone-100mg-pills\/#primaryimage"},"image":{"@id":"https:\/\/pvpgrams.com\/product\/mephedrone-100mg-pills\/#primaryimage"},"thumbnailUrl":"https:\/\/pvpgrams.com\/wp-content\/uploads\/2025\/05\/Mephedrone-100mg-Pills.jpg","datePublished":"2025-05-16T07:21:44+00:00","dateModified":"2025-08-20T13:01:14+00:00","description":"V\u00e1s\u00e1roljon mefedron 100mg tablett\u00e1t online gyors sz\u00e1ll\u00edt\u00e1ssal. Mephedron tablett\u00e1k elad\u00f3, ide\u00e1lis a tudom\u00e1nyos kutat\u00e1shoz \u00e9s k\u00eds\u00e9rletekhez.","breadcrumb":{"@id":"https:\/\/pvpgrams.com\/product\/mephedrone-100mg-pills\/#breadcrumb"},"inLanguage":"hu","potentialAction":[{"@type":"ReadAction","target":["https:\/\/pvpgrams.com\/product\/mephedrone-100mg-pills\/"]}]},{"@type":"ImageObject","inLanguage":"hu","@id":"https:\/\/pvpgrams.com\/product\/mephedrone-100mg-pills\/#primaryimage","url":"https:\/\/pvpgrams.com\/wp-content\/uploads\/2025\/05\/Mephedrone-100mg-Pills.jpg","contentUrl":"https:\/\/pvpgrams.com\/wp-content\/uploads\/2025\/05\/Mephedrone-100mg-Pills.jpg","width":600,"height":600,"caption":"Buy Mephedrone 100mg Pills Online"},{"@type":"BreadcrumbList","@id":"https:\/\/pvpgrams.com\/product\/mephedrone-100mg-pills\/#breadcrumb","itemListElement":[{"@type":"ListItem","position":1,"name":"Home","item":"https:\/\/pvpgrams.com\/"},{"@type":"ListItem","position":2,"name":"Shop","item":"https:\/\/pvpgrams.com\/shop\/"},{"@type":"ListItem","position":3,"name":"Mephedrone 100mg Pills"}]},{"@type":"WebSite","@id":"https:\/\/pvpgrams.com\/#website","url":"https:\/\/pvpgrams.com\/","name":"PVP grammok","description":"","publisher":{"@id":"https:\/\/pvpgrams.com\/#organization"},"potentialAction":[{"@type":"SearchAction","target":{"@type":"EntryPoint","urlTemplate":"https:\/\/pvpgrams.com\/?s={search_term_string}"},"query-input":{"@type":"PropertyValueSpecification","valueRequired":true,"valueName":"search_term_string"}}],"inLanguage":"hu"},{"@type":"Organization","@id":"https:\/\/pvpgrams.com\/#organization","name":"PVP grammok","url":"https:\/\/pvpgrams.com\/","logo":{"@type":"ImageObject","inLanguage":"hu","@id":"https:\/\/pvpgrams.com\/#\/schema\/logo\/image\/","url":"https:\/\/pvpgrams.com\/wp-content\/uploads\/2024\/10\/logo.png","contentUrl":"https:\/\/pvpgrams.com\/wp-content\/uploads\/2024\/10\/logo.png","width":181,"height":41,"caption":"PVP Grams"},"image":{"@id":"https:\/\/pvpgrams.com\/#\/schema\/logo\/image\/"}}]}},"_links":{"self":[{"href":"https:\/\/pvpgrams.com\/hu\/wp-json\/wp\/v2\/product\/1794","targetHints":{"allow":["GET"]}}],"collection":[{"href":"https:\/\/pvpgrams.com\/hu\/wp-json\/wp\/v2\/product"}],"about":[{"href":"https:\/\/pvpgrams.com\/hu\/wp-json\/wp\/v2\/types\/product"}],"replies":[{"embeddable":true,"href":"https:\/\/pvpgrams.com\/hu\/wp-json\/wp\/v2\/comments?post=1794"}],"wp:featuredmedia":[{"embeddable":true,"href":"https:\/\/pvpgrams.com\/hu\/wp-json\/wp\/v2\/media\/2024"}],"wp:attachment":[{"href":"https:\/\/pvpgrams.com\/hu\/wp-json\/wp\/v2\/media?parent=1794"}],"wp:term":[{"taxonomy":"product_brand","embeddable":true,"href":"https:\/\/pvpgrams.com\/hu\/wp-json\/wp\/v2\/product_brand?post=1794"},{"taxonomy":"product_cat","embeddable":true,"href":"https:\/\/pvpgrams.com\/hu\/wp-json\/wp\/v2\/product_cat?post=1794"},{"taxonomy":"product_tag","embeddable":true,"href":"https:\/\/pvpgrams.com\/hu\/wp-json\/wp\/v2\/product_tag?post=1794"}],"curies":[{"name":"wp","href":"https:\/\/api.w.org\/{rel}","templated":true}]}}