{"id":1803,"date":"2025-05-16T07:11:06","date_gmt":"2025-05-16T07:11:06","guid":{"rendered":"https:\/\/pvpgrams.com\/?post_type=product&#038;p=1803"},"modified":"2025-08-21T13:06:13","modified_gmt":"2025-08-21T13:06:13","slug":"khat","status":"publish","type":"product","link":"https:\/\/pvpgrams.com\/hu\/product\/khat\/","title":{"rendered":"Khat"},"content":{"rendered":"<h2 data-start=\"116\" data-end=\"184\">V\u00e1s\u00e1roljon val\u00f3di vagy hamis\u00edtott Khatot online \u2013 Pr\u00e9mium min\u0151s\u00e9g\u0171 term\u00e9szetes gy\u00f3gyn\u00f6v\u00e9nyes stimul\u00e1ns<\/h2>\n<p data-start=\"186\" data-end=\"802\">V\u00e1s\u00e1roljon val\u00f3di vagy hamis Khatot online megb\u00edzhat\u00f3 forr\u00e1sokb\u00f3l, amelyek kiv\u00e1l\u00f3 min\u0151s\u00e9g\u0171 Khatot k\u00edn\u00e1lnak elad\u00e1sra, a Catha edulis cserj\u00e9b\u0151l sz\u00e1rmazik. Hagyom\u00e1nyosan Kelet-Afrik\u00e1ban \u00e9s az Arab-f\u00e9lszigeten haszn\u00e1lj\u00e1k. <a href=\"https:\/\/pvpgrams.com\/hu\/product\/khat\/\">Khat v\u00e1s\u00e1rl\u00e1s online<\/a> Term\u00e9szetes stimul\u00e1ns, amely pszichoakt\u00edv hat\u00e1sair\u00f3l ismert. A friss levelek r\u00e1g\u00e1sakor katinont szabad\u00edtanak fel \u2013 egy olyan vegy\u00fcletet, amely fokozhatja az \u00e9bers\u00e9get, fokozhatja a t\u00e1rsas\u00e1gi \u00e9letet \u00e9s enyhe euf\u00f3rikus \u00e1llapotot hozhat l\u00e9tre. Azok sz\u00e1m\u00e1ra, akik \u00e9rdekl\u0151dnek e kultur\u00e1lisan jelent\u0151s gy\u00f3gyn\u00f6v\u00e9nyes stimul\u00e1ns felfedez\u00e9se ir\u00e1nt, a j\u00f3 h\u00edr\u0171 \u00e1rusok megk\u00f6nny\u00edtik a val\u00f3di vagy hamis Khat online rendel\u00e9s\u00e9t, magabiztosan \u00e9s diszkr\u00e9ten.<\/p>\n<h3 data-start=\"809\" data-end=\"847\">Mi a khat \u00e9s hogyan haszn\u00e1lj\u00e1k?<\/h3>\n<p data-start=\"849\" data-end=\"1231\"><a href=\"https:\/\/en.wikipedia.org\/wiki\/Khat\">Khat<\/a> A khat egy term\u00e9szetes stimul\u00e1ns, amelyet a Catha edulis n\u00f6v\u00e9ny leveleib\u0151l, gallyaib\u00f3l \u00e9s hajt\u00e1saib\u00f3l \u00e1ll\u00edtanak el\u0151. R\u00e1g\u00e1skor a hat\u00f3anyag, a katinon szabadul fel, amely sz\u00e1mos hat\u00e1st v\u00e1lt ki, p\u00e9ld\u00e1ul fokozott energiaszintet, fokozott koncentr\u00e1ci\u00f3t \u00e9s euf\u00f3ria\u00e9rzetet okoz. A khat hagyom\u00e1nyos haszn\u00e1lati m\u00f3dja a friss levelek r\u00e1g\u00e1sa \u00e9s az archoz tart\u00e1sa a vegy\u00fclet felszabad\u00edt\u00e1s\u00e1hoz.<\/p>\n<p data-start=\"1233\" data-end=\"1503\">Manaps\u00e1g lehet\u0151s\u00e9g van Khat online v\u00e1s\u00e1rl\u00e1s\u00e1ra, elad\u00e1sra t\u00f6rt\u00e9n\u0151 v\u00e1s\u00e1rl\u00e1s\u00e1ra, vagy a k\u00e9nyelem kedv\u00e9\u00e9rt online r\u00e1ghat\u00f3 paszta vagy tea form\u00e1j\u00e1ban t\u00f6rt\u00e9n\u0151 rendel\u00e9s\u00e9re. Ha olcs\u00f3 Khatot v\u00e1s\u00e1rol online, biztons\u00e1gosan \u00e9s megb\u00edzhat\u00f3an, ellen\u0151rz\u00f6tt forr\u00e1sokb\u00f3l juthat hozz\u00e1 ehhez a term\u00e9khez.<\/p>\n<p data-start=\"1505\" data-end=\"1915\">Ha fontolgatja a Khat online v\u00e1s\u00e1rl\u00e1s\u00e1t, fontos tiszt\u00e1ban lennie a lehets\u00e9ges mell\u00e9khat\u00e1sokkal. A t\u00falzott haszn\u00e1lat \u00e1lmatlans\u00e1got, hangulatingadoz\u00e1sokat, hiperaktivit\u00e1st, \u00e9s bizonyos esetekben s\u00falyosabb \u00e1llapotokat, p\u00e9ld\u00e1ul paranoi\u00e1t vagy pszich\u00f3zist okozhat. B\u00e1r a rendszeres haszn\u00e1lat pszichol\u00f3giai f\u00fcgg\u0151s\u00e9ghez vezethet, a val\u00f3di vagy hamis\u00edtott Khat ellen\u0151rz\u00f6tt kutat\u00e1sra vagy szem\u00e9lyes felfedez\u00e9sre szolg\u00e1l, \u00e9s felel\u0151ss\u00e9gteljesen kell haszn\u00e1lni.<\/p>\n<h3 data-start=\"1922\" data-end=\"1962\">A khat haszn\u00e1lat\u00e1nak el\u0151nyei \u00e9s kock\u00e1zatai<\/h3>\n<p data-start=\"1964\" data-end=\"2370\">A khatr\u00f3l sz\u00e1mos j\u00f3t\u00e9kony hat\u00e1s\u00e1r\u00f3l sz\u00e1moltak be, t\u00f6bbek k\u00f6z\u00f6tt a fokozott \u00e9bers\u00e9gr\u0151l, a kreativit\u00e1sr\u00f3l \u00e9s a t\u00e1rsas\u00e1gkedvel\u00e9sr\u0151l. \u00c9tv\u00e1gycs\u00f6kkent\u0151 tulajdons\u00e1gokkal is rendelkezhet, \u00e9s potenci\u00e1lisan t\u00e1mogathatja olyan \u00e1llapotokat, mint a depresszi\u00f3, az asztma \u00e9s a cukorbetegs\u00e9g. Ezen el\u0151ny\u00f6k ellen\u00e9re felel\u0151ss\u00e9gteljesen v\u00e1s\u00e1roljon khatot online, hogy elker\u00fclje a negat\u00edv mell\u00e9khat\u00e1sokat, p\u00e9ld\u00e1ul a magas v\u00e9rnyom\u00e1st, a szorong\u00e1st vagy a t\u00falzott besz\u00e9dess\u00e9get.<\/p>\n<p data-start=\"2372\" data-end=\"2524\">A khat haszn\u00e1lata el\u0151tt mindig konzult\u00e1ljon orvos\u00e1val, k\u00fcl\u00f6n\u00f6sen, ha megl\u00e9v\u0151 eg\u00e9szs\u00e9g\u00fcgyi probl\u00e9m\u00e1i vannak, p\u00e9ld\u00e1ul magas v\u00e9rnyom\u00e1sa vagy ment\u00e1lis betegs\u00e9ge.<\/p>\n<h3 data-start=\"2531\" data-end=\"2568\">Hol lehet biztons\u00e1gosan Khatot online v\u00e1s\u00e1rolni<\/h3>\n<p data-start=\"2570\" data-end=\"2867\">Ha azon t\u0171n\u0151dsz, hol v\u00e1s\u00e1rolhatsz Khatot, sz\u00e1mos j\u00f3 h\u00edr\u0171 online \u00e1rus k\u00edn\u00e1l kiv\u00e1l\u00f3 min\u0151s\u00e9g\u0171 Khatot. A modern sz\u00e1ll\u00edt\u00e1si lehet\u0151s\u00e9gekkel k\u00e9nyelmesen megrendelheted a Khatot online, \u00e9s h\u00e1zhoz is veheted a sz\u00e1r\u00edtott leveleket vagy m\u00e1s form\u00e1kat, mik\u00f6zben garant\u00e1ltan hat\u00e9kony \u00e9s friss lesz.<\/p>\n<p data-start=\"2869\" data-end=\"3225\">Megb\u00edzhat\u00f3 szolg\u00e1ltat\u00f3k\u00e9nt a legjobb helyet k\u00edn\u00e1ljuk a Khat v\u00e1s\u00e1rl\u00e1s\u00e1hoz, megb\u00edzhat\u00f3 r\u00e9gi\u00f3kb\u00f3l szerezve be a term\u00e9keket a maxim\u00e1lis hat\u00e1s \u00e9s min\u0151s\u00e9g biztos\u00edt\u00e1sa \u00e9rdek\u00e9ben. Amikor val\u00f3di vagy hamis Khatot v\u00e1s\u00e1rol online, biztos lehet benne, hogy a v\u00e1s\u00e1rl\u00e1sa biztons\u00e1gban \u00e9s hiteless\u00e9g\u00e9ben van. Ellen\u0151rizze a Khat \u00e1r\u00e1t, \u00e9s v\u00e1lasszon a kutat\u00e1s\u00e1hoz vagy szem\u00e9lyes haszn\u00e1lat\u00e1hoz igaz\u00edtott versenyk\u00e9pes lehet\u0151s\u00e9gek k\u00f6z\u00fcl.<\/p>\n<h3 data-start=\"3232\" data-end=\"3286\">K\u00f6vetkeztet\u00e9s: V\u00e1s\u00e1roljon Khatot online megb\u00edzhat\u00f3 forr\u00e1sokb\u00f3l<\/h3>\n<p data-start=\"3288\" data-end=\"3696\">\u00d6sszefoglalva, ha online szeretne Khatot v\u00e1s\u00e1rolni, v\u00e1lasszon egy megb\u00edzhat\u00f3 besz\u00e1ll\u00edt\u00f3t, aki garant\u00e1lja a term\u00e9k min\u0151s\u00e9g\u00e9t \u00e9s frissess\u00e9g\u00e9t. Ak\u00e1r stimul\u00e1ns hat\u00e1sokr\u00f3l, fokozott koncentr\u00e1ci\u00f3r\u00f3l vagy t\u00e1rsas\u00e1gkedvel\u00e9sr\u0151l van sz\u00f3, a Khat online v\u00e1s\u00e1rl\u00e1sa k\u00e9nyelmet, megb\u00edzhat\u00f3s\u00e1got \u00e9s diszkr\u00e9ci\u00f3t biztos\u00edt. Mindig k\u00f6vesse az aj\u00e1nlott haszn\u00e1lati utas\u00edt\u00e1sokat, \u00e9s konzult\u00e1ljon eg\u00e9szs\u00e9g\u00fcgyi szolg\u00e1ltat\u00f3val, hogy biztons\u00e1gosan megtapasztalhassa ennek az egyed\u00fcl\u00e1ll\u00f3 gy\u00f3gyn\u00f6v\u00e9nyes stimul\u00e1nsnak az el\u0151nyeit.<\/p>","protected":false},"excerpt":{"rendered":"<p>Buy Real or Fake Khat Online \u2013 Premium Natural Herbal Stimulant Buy real or fake Khat online from trusted sources offering high-quality Khat for sale, derived from the Catha edulis shrub. Traditionally used across eastern Africa and the Arabian Peninsula, Khat buy online provides a natural stimulant known for its psychoactive effects. When the fresh leaves are chewed, they release cathinone\u2014a compound that can enhance alertness, boost sociability, and create a mild euphoric state. For those interested in exploring this culturally significant herbal stimulant, reputable vendors make it easy to order real or fake Khat online with confidence and discretion. What is Khat and How is it Used? Khat is a natural stimulant made from the leaves, twigs, and shoots of the Catha edulis plant. When chewed, the active ingredient, cathinone, is released, offering a range of effects such as increased energy, enhanced concentration, and feelings of euphoria. The traditional method of using khat involves chewing fresh leaves and holding them in the cheek to release the compound. In modern times, it\u2019s also possible to buy Khat online, purchase Khat for sale, or order Khat online in a chewable paste or tea form for convenience. When you buy cheap Khat online, you can access this product safely and reliably from verified sources. If you&#8217;re considering Khat buy online, it&#8217;s important to be aware of potential side effects. Excessive use may cause insomnia, mood swings, hyperactivity, and in some cases, more serious conditions like paranoia or psychosis. While regular use can lead to psychological dependence, real or fake Khat for sale is designed for controlled research or personal exploration and should be used responsibly. The Benefits and Risks of Khat Use Khat for sale has been reported to provide several benefits, including increased alertness, creativity, and sociability. It may also have appetite-suppressant qualities and potential support for conditions such as depression, asthma, and diabetes. Despite these benefits, buy Khat online responsibly to avoid negative side effects such as high blood pressure, anxiety, or excessive talkativeness. Always consult a healthcare provider before using khat, especially if you have existing health concerns like hypertension or mental health conditions. Where to Buy Khat Online Safely If you are wondering where to buy Khat, there are several reputable online vendors offering high-quality Khat for sale. With modern shipping options, you can conveniently order Khat online and receive dried leaves or other forms at your doorstep while ensuring potency and freshness. As a trusted provider, we offer the best place to buy Khat, sourcing products from reliable regions to ensure maximum effect and quality. When you buy real or fake Khat online, you can be confident in the safety and authenticity of your purchase. Check Khat price and select from competitive options tailored to your research or personal use. Conclusion: Buy Khat Online from Trusted Sources In conclusion, if you want to buy Khat online, choose a reputable supplier who guarantees product quality and freshness. Whether for stimulant effects, enhanced focus, or sociability, Khat buy online ensures convenience, reliability, and discretion. Always follow recommended usage guidelines and consult with a healthcare provider to safely experience the benefits of this unique herbal stimulant.<\/p>","protected":false},"featured_media":2039,"comment_status":"closed","ping_status":"closed","template":"","meta":{"_kadence_starter_templates_imported_post":false,"_kad_post_transparent":"default","_kad_post_title":"","_kad_post_layout":"default","_kad_post_sidebar_id":"","_kad_post_content_style":"default","_kad_post_vertical_padding":"default","_kad_post_feature":"","_kad_post_feature_position":"","_kad_post_header":false,"_kad_post_footer":false,"_joinchat":[]},"product_brand":[],"product_cat":[361],"product_tag":[],"class_list":{"0":"post-1803","1":"product","2":"type-product","3":"status-publish","4":"has-post-thumbnail","6":"product_cat-research-chemicals","8":"first","9":"instock","10":"shipping-taxable","11":"purchasable","12":"product-type-variable","13":"entry","14":"content-bg","15":"loop-entry"},"yoast_head":"<!-- This site is optimized with the Yoast SEO plugin v26.5 - https:\/\/yoast.com\/wordpress\/plugins\/seo\/ -->\n<title>Buy Khat Online \u2013 Khat for Sale - Order Khat Online<\/title>\n<meta name=\"description\" content=\"Khat for sale online, ideal for your research. Buy khat with fast shipping options and high purity to support your scientific work.\" \/>\n<meta name=\"robots\" content=\"index, follow, max-snippet:-1, max-image-preview:large, max-video-preview:-1\" \/>\n<link rel=\"canonical\" href=\"https:\/\/pvpgrams.com\/hu\/product\/khat\/\" \/>\n<meta property=\"og:locale\" content=\"hu_HU\" \/>\n<meta property=\"og:type\" content=\"article\" \/>\n<meta property=\"og:title\" content=\"Buy Khat Online \u2013 Khat for Sale - Order Khat Online\" \/>\n<meta property=\"og:description\" content=\"Khat for sale online, ideal for your research. Buy khat with fast shipping options and high purity to support your scientific work.\" \/>\n<meta property=\"og:url\" content=\"https:\/\/pvpgrams.com\/hu\/product\/khat\/\" \/>\n<meta property=\"og:site_name\" content=\"PVP Grams\" \/>\n<meta property=\"article:modified_time\" content=\"2025-08-21T13:06:13+00:00\" \/>\n<meta property=\"og:image\" content=\"https:\/\/pvpgrams.com\/wp-content\/uploads\/2025\/05\/Khat.jpg\" \/>\n\t<meta property=\"og:image:width\" content=\"600\" \/>\n\t<meta property=\"og:image:height\" content=\"600\" \/>\n\t<meta property=\"og:image:type\" content=\"image\/jpeg\" \/>\n<meta name=\"twitter:card\" content=\"summary_large_image\" \/>\n<meta name=\"twitter:label1\" content=\"Becs\u00fclt olvas\u00e1si id\u0151\" \/>\n\t<meta name=\"twitter:data1\" content=\"3 perc\" \/>\n<script type=\"application\/ld+json\" class=\"yoast-schema-graph\">{\"@context\":\"https:\/\/schema.org\",\"@graph\":[{\"@type\":[\"WebPage\",\"ItemPage\"],\"@id\":\"https:\/\/pvpgrams.com\/product\/khat\/\",\"url\":\"https:\/\/pvpgrams.com\/product\/khat\/\",\"name\":\"Buy Khat Online \u2013 Khat for Sale - Order Khat Online\",\"isPartOf\":{\"@id\":\"https:\/\/pvpgrams.com\/#website\"},\"primaryImageOfPage\":{\"@id\":\"https:\/\/pvpgrams.com\/product\/khat\/#primaryimage\"},\"image\":{\"@id\":\"https:\/\/pvpgrams.com\/product\/khat\/#primaryimage\"},\"thumbnailUrl\":\"https:\/\/pvpgrams.com\/wp-content\/uploads\/2025\/05\/Khat.jpg\",\"datePublished\":\"2025-05-16T07:11:06+00:00\",\"dateModified\":\"2025-08-21T13:06:13+00:00\",\"description\":\"Khat for sale online, ideal for your research. Buy khat with fast shipping options and high purity to support your scientific work.\",\"breadcrumb\":{\"@id\":\"https:\/\/pvpgrams.com\/product\/khat\/#breadcrumb\"},\"inLanguage\":\"hu\",\"potentialAction\":[{\"@type\":\"ReadAction\",\"target\":[\"https:\/\/pvpgrams.com\/product\/khat\/\"]}]},{\"@type\":\"ImageObject\",\"inLanguage\":\"hu\",\"@id\":\"https:\/\/pvpgrams.com\/product\/khat\/#primaryimage\",\"url\":\"https:\/\/pvpgrams.com\/wp-content\/uploads\/2025\/05\/Khat.jpg\",\"contentUrl\":\"https:\/\/pvpgrams.com\/wp-content\/uploads\/2025\/05\/Khat.jpg\",\"width\":600,\"height\":600,\"caption\":\"Buy Khat Online\"},{\"@type\":\"BreadcrumbList\",\"@id\":\"https:\/\/pvpgrams.com\/product\/khat\/#breadcrumb\",\"itemListElement\":[{\"@type\":\"ListItem\",\"position\":1,\"name\":\"Home\",\"item\":\"https:\/\/pvpgrams.com\/\"},{\"@type\":\"ListItem\",\"position\":2,\"name\":\"Shop\",\"item\":\"https:\/\/pvpgrams.com\/shop\/\"},{\"@type\":\"ListItem\",\"position\":3,\"name\":\"Khat\"}]},{\"@type\":\"WebSite\",\"@id\":\"https:\/\/pvpgrams.com\/#website\",\"url\":\"https:\/\/pvpgrams.com\/\",\"name\":\"PVP Grams\",\"description\":\"\",\"publisher\":{\"@id\":\"https:\/\/pvpgrams.com\/#organization\"},\"potentialAction\":[{\"@type\":\"SearchAction\",\"target\":{\"@type\":\"EntryPoint\",\"urlTemplate\":\"https:\/\/pvpgrams.com\/?s={search_term_string}\"},\"query-input\":{\"@type\":\"PropertyValueSpecification\",\"valueRequired\":true,\"valueName\":\"search_term_string\"}}],\"inLanguage\":\"hu\"},{\"@type\":\"Organization\",\"@id\":\"https:\/\/pvpgrams.com\/#organization\",\"name\":\"PVP Grams\",\"url\":\"https:\/\/pvpgrams.com\/\",\"logo\":{\"@type\":\"ImageObject\",\"inLanguage\":\"hu\",\"@id\":\"https:\/\/pvpgrams.com\/#\/schema\/logo\/image\/\",\"url\":\"https:\/\/pvpgrams.com\/wp-content\/uploads\/2024\/10\/logo.png\",\"contentUrl\":\"https:\/\/pvpgrams.com\/wp-content\/uploads\/2024\/10\/logo.png\",\"width\":181,\"height\":41,\"caption\":\"PVP Grams\"},\"image\":{\"@id\":\"https:\/\/pvpgrams.com\/#\/schema\/logo\/image\/\"}}]}<\/script>\n<!-- \/ Yoast SEO plugin. -->","yoast_head_json":{"title":"Khat online v\u00e1s\u00e1rl\u00e1s - Khat elad\u00f3 - Khat online rendel\u00e9s","description":"Khat elad\u00f3 online, ide\u00e1lis az \u00d6n kutat\u00e1s\u00e1hoz. V\u00e1s\u00e1roljon khatot gyors sz\u00e1ll\u00edt\u00e1si lehet\u0151s\u00e9gekkel \u00e9s nagy tisztas\u00e1ggal, hogy t\u00e1mogassa tudom\u00e1nyos munk\u00e1j\u00e1t.","robots":{"index":"index","follow":"follow","max-snippet":"max-snippet:-1","max-image-preview":"max-image-preview:large","max-video-preview":"max-video-preview:-1"},"canonical":"https:\/\/pvpgrams.com\/hu\/product\/khat\/","og_locale":"hu_HU","og_type":"article","og_title":"Buy Khat Online \u2013 Khat for Sale - Order Khat Online","og_description":"Khat for sale online, ideal for your research. Buy khat with fast shipping options and high purity to support your scientific work.","og_url":"https:\/\/pvpgrams.com\/hu\/product\/khat\/","og_site_name":"PVP Grams","article_modified_time":"2025-08-21T13:06:13+00:00","og_image":[{"width":600,"height":600,"url":"https:\/\/pvpgrams.com\/wp-content\/uploads\/2025\/05\/Khat.jpg","type":"image\/jpeg"}],"twitter_card":"summary_large_image","twitter_misc":{"Becs\u00fclt olvas\u00e1si id\u0151":"3 perc"},"schema":{"@context":"https:\/\/schema.org","@graph":[{"@type":["WebPage","ItemPage"],"@id":"https:\/\/pvpgrams.com\/product\/khat\/","url":"https:\/\/pvpgrams.com\/product\/khat\/","name":"Khat online v\u00e1s\u00e1rl\u00e1s - Khat elad\u00f3 - Khat online rendel\u00e9s","isPartOf":{"@id":"https:\/\/pvpgrams.com\/#website"},"primaryImageOfPage":{"@id":"https:\/\/pvpgrams.com\/product\/khat\/#primaryimage"},"image":{"@id":"https:\/\/pvpgrams.com\/product\/khat\/#primaryimage"},"thumbnailUrl":"https:\/\/pvpgrams.com\/wp-content\/uploads\/2025\/05\/Khat.jpg","datePublished":"2025-05-16T07:11:06+00:00","dateModified":"2025-08-21T13:06:13+00:00","description":"Khat elad\u00f3 online, ide\u00e1lis az \u00d6n kutat\u00e1s\u00e1hoz. V\u00e1s\u00e1roljon khatot gyors sz\u00e1ll\u00edt\u00e1si lehet\u0151s\u00e9gekkel \u00e9s nagy tisztas\u00e1ggal, hogy t\u00e1mogassa tudom\u00e1nyos munk\u00e1j\u00e1t.","breadcrumb":{"@id":"https:\/\/pvpgrams.com\/product\/khat\/#breadcrumb"},"inLanguage":"hu","potentialAction":[{"@type":"ReadAction","target":["https:\/\/pvpgrams.com\/product\/khat\/"]}]},{"@type":"ImageObject","inLanguage":"hu","@id":"https:\/\/pvpgrams.com\/product\/khat\/#primaryimage","url":"https:\/\/pvpgrams.com\/wp-content\/uploads\/2025\/05\/Khat.jpg","contentUrl":"https:\/\/pvpgrams.com\/wp-content\/uploads\/2025\/05\/Khat.jpg","width":600,"height":600,"caption":"Buy Khat Online"},{"@type":"BreadcrumbList","@id":"https:\/\/pvpgrams.com\/product\/khat\/#breadcrumb","itemListElement":[{"@type":"ListItem","position":1,"name":"Home","item":"https:\/\/pvpgrams.com\/"},{"@type":"ListItem","position":2,"name":"Shop","item":"https:\/\/pvpgrams.com\/shop\/"},{"@type":"ListItem","position":3,"name":"Khat"}]},{"@type":"WebSite","@id":"https:\/\/pvpgrams.com\/#website","url":"https:\/\/pvpgrams.com\/","name":"PVP grammok","description":"","publisher":{"@id":"https:\/\/pvpgrams.com\/#organization"},"potentialAction":[{"@type":"SearchAction","target":{"@type":"EntryPoint","urlTemplate":"https:\/\/pvpgrams.com\/?s={search_term_string}"},"query-input":{"@type":"PropertyValueSpecification","valueRequired":true,"valueName":"search_term_string"}}],"inLanguage":"hu"},{"@type":"Organization","@id":"https:\/\/pvpgrams.com\/#organization","name":"PVP grammok","url":"https:\/\/pvpgrams.com\/","logo":{"@type":"ImageObject","inLanguage":"hu","@id":"https:\/\/pvpgrams.com\/#\/schema\/logo\/image\/","url":"https:\/\/pvpgrams.com\/wp-content\/uploads\/2024\/10\/logo.png","contentUrl":"https:\/\/pvpgrams.com\/wp-content\/uploads\/2024\/10\/logo.png","width":181,"height":41,"caption":"PVP Grams"},"image":{"@id":"https:\/\/pvpgrams.com\/#\/schema\/logo\/image\/"}}]}},"_links":{"self":[{"href":"https:\/\/pvpgrams.com\/hu\/wp-json\/wp\/v2\/product\/1803","targetHints":{"allow":["GET"]}}],"collection":[{"href":"https:\/\/pvpgrams.com\/hu\/wp-json\/wp\/v2\/product"}],"about":[{"href":"https:\/\/pvpgrams.com\/hu\/wp-json\/wp\/v2\/types\/product"}],"replies":[{"embeddable":true,"href":"https:\/\/pvpgrams.com\/hu\/wp-json\/wp\/v2\/comments?post=1803"}],"wp:featuredmedia":[{"embeddable":true,"href":"https:\/\/pvpgrams.com\/hu\/wp-json\/wp\/v2\/media\/2039"}],"wp:attachment":[{"href":"https:\/\/pvpgrams.com\/hu\/wp-json\/wp\/v2\/media?parent=1803"}],"wp:term":[{"taxonomy":"product_brand","embeddable":true,"href":"https:\/\/pvpgrams.com\/hu\/wp-json\/wp\/v2\/product_brand?post=1803"},{"taxonomy":"product_cat","embeddable":true,"href":"https:\/\/pvpgrams.com\/hu\/wp-json\/wp\/v2\/product_cat?post=1803"},{"taxonomy":"product_tag","embeddable":true,"href":"https:\/\/pvpgrams.com\/hu\/wp-json\/wp\/v2\/product_tag?post=1803"}],"curies":[{"name":"wp","href":"https:\/\/api.w.org\/{rel}","templated":true}]}}