{"id":1916,"date":"2025-05-16T09:00:53","date_gmt":"2025-05-16T09:00:53","guid":{"rendered":"https:\/\/pvpgrams.com\/?post_type=product&#038;p=1916"},"modified":"2026-02-26T10:21:09","modified_gmt":"2026-02-26T10:21:09","slug":"buy-tma-6-trimethoxyamphetamine-powder-online","status":"publish","type":"product","link":"https:\/\/pvpgrams.com\/hu\/product\/buy-tma-6-trimethoxyamphetamine-powder-online\/","title":{"rendered":"TMA-6 (trimetoxiamfetamin) por online megv\u00e1s\u00e1rl\u00e1sa"},"content":{"rendered":"<h2 data-start=\"165\" data-end=\"229\">V\u00e1s\u00e1roljon TMA-6 (trimetoxi-amfetamin) port online a PVPGRAMS-t\u00f3l<\/h2>\n<p data-start=\"231\" data-end=\"776\">TMA-6 (trimetoxi-amfetamin) port szeretne online v\u00e1s\u00e1rolni? A PVPGRAMS pr\u00e9mium TMA-6 (trimetoxi-amfetamin) port k\u00edn\u00e1l elad\u00e1sra, biztos\u00edtva, hogy minden t\u00e9tel megfeleljen a szigor\u00fa tisztas\u00e1gi el\u0151\u00edr\u00e1soknak. Ak\u00e1r kutat\u00e1st v\u00e9gez, ak\u00e1r \u00faj vegy\u00fcleteket kutat, val\u00f3di vagy hamis TMA-6 (trimetoxi-amfetamin) port rendelhet gyors, diszkr\u00e9t \u00e9s megb\u00edzhat\u00f3 sz\u00e1ll\u00edt\u00e1ssal. Ha azt kereste, hogy hol v\u00e1s\u00e1rolhat TMA-6 (trimetoxi-amfetamin) port, mi vagyunk a megfelel\u0151ek. <a href=\"https:\/\/pvpgrams.com\/hu\/product\/buy-tma-6-trimethoxyamphetamine-powder-online\/\">a legjobb hely TMA-6 (trimetoxi-amfetamin) por v\u00e1s\u00e1rl\u00e1s\u00e1ra<\/a> versenyk\u00e9pes \u00e1rakon.<\/p>\n<h3 data-start=\"783\" data-end=\"857\">Mi az a TMA-6 (trimetoxi-amfetamin) por \u00e9s hogyan haszn\u00e1lhat\u00f3?<\/h3>\n<p data-start=\"859\" data-end=\"1197\"><a href=\"https:\/\/en.wikipedia.org\/wiki\/Trimethoxyamphetamines\">TMA-6 (trimetoxi-amfetamin) por<\/a> egy er\u0151s pszichedelikus stimul\u00e1ns, amely stimul\u00e1l\u00f3 kezdet\u00e9r\u0151l ismert, amelyet m\u00e9ly pszichedelikus \u00e9lm\u00e9ny k\u00f6vet. Amikor val\u00f3di vagy hamis TMA-6 (trimetoxi-amfetamin) port v\u00e1s\u00e1rol a PVPGRAMS-t\u00f3l, egy olyan term\u00e9ket kap, amely m\u00e9rs\u00e9kelt d\u00f3zisban stimul\u00e1l\u00f3 \u00e9s hallucinog\u00e9n hat\u00e1sokat is biztos\u00edt.<\/p>\n<p data-start=\"1199\" data-end=\"1556\">Alacsony d\u00f3zisban (kb. 10 mg) a felhaszn\u00e1l\u00f3k kezdeti stimul\u00e1nsl\u00f6ketr\u0151l sz\u00e1molnak be \u2013 hasonl\u00f3an az enyhe amfetaminokhoz \u2013, miel\u0151tt egy introspekt\u00edvebb, elmeb\u0151v\u00edt\u0151 pszichedelikus \u00e1llapotba ker\u00fcln\u00e9nek. Sok m\u00e1s gy\u00e1rt\u00f3 nem garant\u00e1lja a nagy tisztas\u00e1got, de a mi val\u00f3di vagy hamis\u00edtott TMA-6 (trimetoxi-amfetamin) porunk 98%-ban vagy ann\u00e1l magasabb tisztas\u00e1g\u00fa, \u00edgy biztos\u00edtva a kiv\u00e1l\u00f3 min\u0151s\u00e9get.<\/p>\n<h3 data-start=\"1563\" data-end=\"1647\">Rendeljen TMA-6 (trimetoxi-amfetamin) port online \u00f6mlesztett vagy kiskereskedelmi mennyis\u00e9gben<\/h3>\n<p data-start=\"1649\" data-end=\"1957\">A  c\u00edmen <a href=\"https:\/\/pvpgrams.com\/hu\/\">PVPGRAMS<\/a>, you can TMA-6 (trimethoxyamphetamine) Powder buy online in both small and bulk quantities. Whether you need just a small amount for personal research or larger amounts for professional projects, we provide excellent service and competitive TMA-6 (trimethoxyamphetamine) Powder price.<\/p>\n<p data-start=\"1959\" data-end=\"2224\">Ha olcs\u00f3 TMA-6 (trimetoxi-amfetamin) port szeretne v\u00e1s\u00e1rolni online, a PVPGRAMS megb\u00edzhat\u00f3 forr\u00e1s, biztons\u00e1gos csomagol\u00e1ssal \u00e9s gyors sz\u00e1ll\u00edt\u00e1ssal. Els\u0151dleges c\u00e9lunk, hogy minden TMA-6 (trimetoxi-amfetamin) por rendel\u00e9s biztons\u00e1gosan \u00e9s diszkr\u00e9ten \u00e9rkezzen meg.<\/p>\n<h3 data-start=\"2231\" data-end=\"2303\">A TMA-6 (trimetoxi-amfetamin) por hat\u00e1sai \u00e9s tapasztalatai<\/h3>\n<p data-start=\"2305\" data-end=\"2656\">M\u00e9rs\u00e9kelt d\u00f3zisokban (kb. 10 mg) a TMA-6 (trimetoxi-amfetamin) por el\u0151sz\u00f6r stimul\u00e1l\u00f3 hat\u00e1st fejt ki, majd egy agyi, pszichedelikus \u00e1llapotba ker\u00fcl. A TMA-6 (trimetoxi-amfetamin) port online v\u00e1s\u00e1rl\u00f3 kutat\u00f3k gyakran sz\u00e1molnak be fokozott kreativit\u00e1sr\u00f3l, m\u00e9lyebb gondolkod\u00e1sr\u00f3l \u00e9s egy \u00e9szrevehet\u0151 ut\u00f3f\u00e9nyr\u0151l, amely a k\u00f6vetkez\u0151 napig tart.<\/p>\n<p data-start=\"2658\" data-end=\"2897\">Hosszabb t\u00e1v\u00fa haszn\u00e1lat eset\u00e9n a nagyobb d\u00f3zisok fokozhatj\u00e1k a pszichedelikus hat\u00e1st, b\u00e1r a felel\u0151ss\u00e9gteljes \u00e9s kontroll\u00e1lt haszn\u00e1lat er\u0151sen aj\u00e1nlott. El\u0151fordulhatnak mell\u00e9khat\u00e1sok, p\u00e9ld\u00e1ul \u00e9rsz\u0171k\u00fclet, ez\u00e9rt fontos, hogy \u00f3vatosan b\u00e1njunk vele.<\/p>\n<h3 data-start=\"2904\" data-end=\"2971\">Mi\u00e9rt v\u00e1lassza a PVPGRAMS-t a TMA-6 (trimetoxi-amfetamin) porhoz?<\/h3>\n<p data-start=\"2973\" data-end=\"3255\">A PVPGRAMS kiv\u00e1l\u00f3 min\u0151s\u00e9g\u0171, konzisztenci\u00e1t \u00e9s tisztas\u00e1got biztos\u00edt\u00f3 kutat\u00e1si vegyszerekre specializ\u00e1l\u00f3dott. Amikor online v\u00e1s\u00e1rol t\u0151l\u00fcnk TMA-6 (trimetoxi-amfetamin) port, biztos lehet benne, hogy minden term\u00e9k megb\u00edzhat\u00f3 besz\u00e1ll\u00edt\u00f3kt\u00f3l sz\u00e1rmazik, \u00e9s min\u0151s\u00e9g\u00e9t ellen\u0151rzik.<\/p>\n<p data-start=\"3257\" data-end=\"3526\">Ak\u00e1r val\u00f3di, ak\u00e1r hamis TMA-6 (trimetoxi-amfetamin) port kell rendelnie kisl\u00e9pt\u00e9k\u0171 kutat\u00e1sokhoz vagy nagyszab\u00e1s\u00fa projektekhez, csapatunk biztos\u00edtja a legjobb helyet a TMA-6 (trimetoxi-amfetamin) por v\u00e1s\u00e1rl\u00e1s\u00e1hoz megb\u00edzhat\u00f3 szolg\u00e1ltat\u00e1ssal, versenyk\u00e9pes \u00e1rakkal \u00e9s glob\u00e1lis sz\u00e1ll\u00edt\u00e1ssal.<\/p>\n<h3 data-start=\"3533\" data-end=\"3605\">Szerezd be TMA-6 (trimetoxi-amfetamin) port m\u00e9g ma \u2013 Rendelj online<\/h3>\n<p data-start=\"3607\" data-end=\"3854\">Ha k\u00e9szen \u00e1llsz arra, hogy felfedezd ezt a hat\u00e9kony kutat\u00e1si vegyszert, most itt a t\u00f6k\u00e9letes alkalom, hogy Viminol (Dividol) port v\u00e1s\u00e1rolj online a PVPGRAMS-t\u00f3l. Min\u0151s\u00e9g\u00fcnkr\u0151l, gyorsas\u00e1gunkr\u00f3l \u00e9s diszkr\u00e9t sz\u00e1ll\u00edt\u00e1sunkr\u00f3l sz\u00f3l\u00f3 h\u00edrnev\u00fcnknek k\u00f6sz\u00f6nhet\u0151en megb\u00edzhatsz benn\u00fcnk, mint a legjobb besz\u00e1ll\u00edt\u00f3dban.<\/p>\n<p data-start=\"3856\" data-end=\"4011\">Tedd meg a k\u00f6vetkez\u0151 l\u00e9p\u00e9st \u2013 v\u00e1s\u00e1rolj TMA-6 (trimetoxi-amfetamin) port online m\u00e9g ma, \u00e9s tapasztald meg, mi\u00e9rt a PVPGRAMS a kutat\u00f3k vezet\u0151 v\u00e1laszt\u00e1sa vil\u00e1gszerte.<\/p>","protected":false},"excerpt":{"rendered":"<p>Buy TMA-6 (trimethoxyamphetamine) Powder Online at PVPGRAMS Looking to buy TMA-6 (trimethoxyamphetamine) Powder online? PVPGRAMS offers premium TMA-6 (trimethoxyamphetamine) Powder for sale, ensuring every batch meets strict purity standards. Whether you are conducting research or exploring new compounds, you can order real or fake TMA-6 (trimethoxyamphetamine) Powder with fast, discreet, and reliable delivery. If you\u2019ve been searching for where to buy TMA-6 (trimethoxyamphetamine) Powder, we are the best place to buy TMA-6 (trimethoxyamphetamine) Powder at competitive prices. What is TMA-6 (trimethoxyamphetamine) Powder and How Can It Be Used? TMA-6 (trimethoxyamphetamine) Powder is a powerful psychedelic stimulant known for its stimulating onset followed by a profound psychedelic experience. When you buy real or fake TMA-6 (trimethoxyamphetamine) Powder from PVPGRAMS, you receive a product that provides both stimulation and hallucinogenic effects at moderate doses. At a low dose (around 10 mg), users report an initial stimulant rush\u2014similar to mild amphetamines\u2014before transitioning into a more introspective, mind-expanding psychedelic state. Many other vendors may not guarantee high purity, but our real or fake TMA-6 (trimethoxyamphetamine) Powder for sale is purified to 98% or more, ensuring top-tier quality. Order TMA-6 (trimethoxyamphetamine) Powder Online in Bulk or Retail Quantities With PVPGRAMS, you can TMA-6 (trimethoxyamphetamine) Powder buy online in both small and bulk quantities. Whether you need just a small amount for personal research or larger amounts for professional projects, we provide excellent service and competitive TMA-6 (trimethoxyamphetamine) Powder price. If you\u2019re looking to buy cheap TMA-6 (trimethoxyamphetamine) Powder online, PVPGRAMS is a reliable source with secure packaging and rapid shipping. Our priority is ensuring every order of TMA-6 (trimethoxyamphetamine) Powder arrives safely and discreetly. The Effects and Experience of TMA-6 (trimethoxyamphetamine) Powder At moderate doses (around 10 mg), TMA-6 (trimethoxyamphetamine) Powder produces stimulating effects at first, followed by a shift into a cerebral, psychedelic state. Researchers who buy TMA-6 (trimethoxyamphetamine) Powder online often report enhanced creativity, deeper thought, and a noticeable afterglow that lasts into the following day. For extended experiences, higher doses can intensify the psychedelic profile, though responsible and controlled use is strongly advised. Some side effects, such as vasoconstriction, may occur\u2014making it important to approach with caution. Why Choose PVPGRAMS for TMA-6 (trimethoxyamphetamine) Powder? PVPGRAMS specializes in high-quality research chemicals that are tested for consistency and purity. When you buy TMA-6 (trimethoxyamphetamine) Powder online from us, you gain confidence in knowing that every product is sourced from reliable suppliers and verified for quality. Whether you need to order real or fake TMA-6 (trimethoxyamphetamine) Powder for small-scale research or large projects, our team ensures the best place to buy TMA-6 (trimethoxyamphetamine) Powder with trusted service, competitive pricing, and global shipping. Get Your TMA-6 (trimethoxyamphetamine) Powder Today \u2013 Order Online If you\u2019re ready to explore this powerful research chemical, now is the perfect time to Viminol (Dividol) Powder buy online from PVPGRAMS. With our reputation for quality, speed, and discreet shipping, you can trust us as your go-to supplier. Take the next step\u2014buy TMA-6 (trimethoxyamphetamine) Powder online today and experience why PVPGRAMS is the leading choice for researchers worldwide.<\/p>","protected":false},"featured_media":2003,"comment_status":"closed","ping_status":"closed","template":"","meta":{"_kadence_starter_templates_imported_post":false,"_kad_post_transparent":"default","_kad_post_title":"","_kad_post_layout":"default","_kad_post_sidebar_id":"","_kad_post_content_style":"default","_kad_post_vertical_padding":"default","_kad_post_feature":"","_kad_post_feature_position":"","_kad_post_header":false,"_kad_post_footer":false,"_joinchat":[]},"product_brand":[],"product_cat":[361],"product_tag":[],"class_list":{"0":"post-1916","1":"product","2":"type-product","3":"status-publish","4":"has-post-thumbnail","6":"product_cat-research-chemicals","8":"first","9":"instock","10":"shipping-taxable","11":"purchasable","12":"product-type-variable","13":"entry","14":"content-bg","15":"loop-entry"},"yoast_head":"<!-- This site is optimized with the Yoast SEO plugin v26.5 - https:\/\/yoast.com\/wordpress\/plugins\/seo\/ -->\n<title>Buy TMA-6 (Trimethoxyamphetamine) Online \u2013 TMA-6 for Sale<\/title>\n<meta name=\"description\" content=\"TMA-6 (Trimethoxyamphetamine) powder for sale, ideal for research. Buy TMA-6 powder online with fast delivery and guaranteed purity.\" \/>\n<meta name=\"robots\" content=\"index, follow, max-snippet:-1, max-image-preview:large, max-video-preview:-1\" \/>\n<link rel=\"canonical\" href=\"https:\/\/pvpgrams.com\/hu\/product\/buy-tma-6-trimethoxyamphetamine-powder-online\/\" \/>\n<meta property=\"og:locale\" content=\"hu_HU\" \/>\n<meta property=\"og:type\" content=\"article\" \/>\n<meta property=\"og:title\" content=\"Buy TMA-6 (Trimethoxyamphetamine) Online \u2013 TMA-6 for Sale\" \/>\n<meta property=\"og:description\" content=\"TMA-6 (Trimethoxyamphetamine) powder for sale, ideal for research. Buy TMA-6 powder online with fast delivery and guaranteed purity.\" \/>\n<meta property=\"og:url\" content=\"https:\/\/pvpgrams.com\/hu\/product\/buy-tma-6-trimethoxyamphetamine-powder-online\/\" \/>\n<meta property=\"og:site_name\" content=\"PVP Grams\" \/>\n<meta property=\"article:modified_time\" content=\"2026-02-26T10:21:09+00:00\" \/>\n<meta property=\"og:image\" content=\"https:\/\/pvpgrams.com\/wp-content\/uploads\/2025\/05\/TMA-6-trimethoxyamphetamine-Powder.jpg\" \/>\n\t<meta property=\"og:image:width\" content=\"600\" \/>\n\t<meta property=\"og:image:height\" content=\"600\" \/>\n\t<meta property=\"og:image:type\" content=\"image\/jpeg\" \/>\n<meta name=\"twitter:card\" content=\"summary_large_image\" \/>\n<meta name=\"twitter:label1\" content=\"Becs\u00fclt olvas\u00e1si id\u0151\" \/>\n\t<meta name=\"twitter:data1\" content=\"3 perc\" \/>\n<script type=\"application\/ld+json\" class=\"yoast-schema-graph\">{\"@context\":\"https:\/\/schema.org\",\"@graph\":[{\"@type\":[\"WebPage\",\"ItemPage\"],\"@id\":\"https:\/\/pvpgrams.com\/product\/buy-tma-6-trimethoxyamphetamine-powder-online\/\",\"url\":\"https:\/\/pvpgrams.com\/product\/buy-tma-6-trimethoxyamphetamine-powder-online\/\",\"name\":\"Buy TMA-6 (Trimethoxyamphetamine) Online \u2013 TMA-6 for Sale\",\"isPartOf\":{\"@id\":\"https:\/\/pvpgrams.com\/#website\"},\"primaryImageOfPage\":{\"@id\":\"https:\/\/pvpgrams.com\/product\/buy-tma-6-trimethoxyamphetamine-powder-online\/#primaryimage\"},\"image\":{\"@id\":\"https:\/\/pvpgrams.com\/product\/buy-tma-6-trimethoxyamphetamine-powder-online\/#primaryimage\"},\"thumbnailUrl\":\"https:\/\/pvpgrams.com\/wp-content\/uploads\/2025\/05\/TMA-6-trimethoxyamphetamine-Powder.jpg\",\"datePublished\":\"2025-05-16T09:00:53+00:00\",\"dateModified\":\"2026-02-26T10:21:09+00:00\",\"description\":\"TMA-6 (Trimethoxyamphetamine) powder for sale, ideal for research. Buy TMA-6 powder online with fast delivery and guaranteed purity.\",\"breadcrumb\":{\"@id\":\"https:\/\/pvpgrams.com\/product\/buy-tma-6-trimethoxyamphetamine-powder-online\/#breadcrumb\"},\"inLanguage\":\"hu\",\"potentialAction\":[{\"@type\":\"ReadAction\",\"target\":[\"https:\/\/pvpgrams.com\/product\/buy-tma-6-trimethoxyamphetamine-powder-online\/\"]}]},{\"@type\":\"ImageObject\",\"inLanguage\":\"hu\",\"@id\":\"https:\/\/pvpgrams.com\/product\/buy-tma-6-trimethoxyamphetamine-powder-online\/#primaryimage\",\"url\":\"https:\/\/pvpgrams.com\/wp-content\/uploads\/2025\/05\/TMA-6-trimethoxyamphetamine-Powder.jpg\",\"contentUrl\":\"https:\/\/pvpgrams.com\/wp-content\/uploads\/2025\/05\/TMA-6-trimethoxyamphetamine-Powder.jpg\",\"width\":600,\"height\":600,\"caption\":\"Buy TMA-6 (trimethoxyamphetamine) Powder Online\"},{\"@type\":\"BreadcrumbList\",\"@id\":\"https:\/\/pvpgrams.com\/product\/buy-tma-6-trimethoxyamphetamine-powder-online\/#breadcrumb\",\"itemListElement\":[{\"@type\":\"ListItem\",\"position\":1,\"name\":\"Home\",\"item\":\"https:\/\/pvpgrams.com\/\"},{\"@type\":\"ListItem\",\"position\":2,\"name\":\"Shop\",\"item\":\"https:\/\/pvpgrams.com\/shop\/\"},{\"@type\":\"ListItem\",\"position\":3,\"name\":\"Buy TMA-6 (trimethoxyamphetamine) Powder Online\"}]},{\"@type\":\"WebSite\",\"@id\":\"https:\/\/pvpgrams.com\/#website\",\"url\":\"https:\/\/pvpgrams.com\/\",\"name\":\"PVP Grams\",\"description\":\"\",\"publisher\":{\"@id\":\"https:\/\/pvpgrams.com\/#organization\"},\"potentialAction\":[{\"@type\":\"SearchAction\",\"target\":{\"@type\":\"EntryPoint\",\"urlTemplate\":\"https:\/\/pvpgrams.com\/?s={search_term_string}\"},\"query-input\":{\"@type\":\"PropertyValueSpecification\",\"valueRequired\":true,\"valueName\":\"search_term_string\"}}],\"inLanguage\":\"hu\"},{\"@type\":\"Organization\",\"@id\":\"https:\/\/pvpgrams.com\/#organization\",\"name\":\"PVP Grams\",\"url\":\"https:\/\/pvpgrams.com\/\",\"logo\":{\"@type\":\"ImageObject\",\"inLanguage\":\"hu\",\"@id\":\"https:\/\/pvpgrams.com\/#\/schema\/logo\/image\/\",\"url\":\"https:\/\/pvpgrams.com\/wp-content\/uploads\/2024\/10\/logo.png\",\"contentUrl\":\"https:\/\/pvpgrams.com\/wp-content\/uploads\/2024\/10\/logo.png\",\"width\":181,\"height\":41,\"caption\":\"PVP Grams\"},\"image\":{\"@id\":\"https:\/\/pvpgrams.com\/#\/schema\/logo\/image\/\"}}]}<\/script>\n<!-- \/ Yoast SEO plugin. -->","yoast_head_json":{"title":"V\u00e1s\u00e1rl\u00e1s TMA-6 (trimetoxiamfetamin) online - TMA-6 elad\u00f3","description":"TMA-6 (trimetoxi-amfetamin) por elad\u00f3, ide\u00e1lis a kutat\u00e1shoz. V\u00e1s\u00e1roljon TMA-6 port online, gyors sz\u00e1ll\u00edt\u00e1ssal \u00e9s garant\u00e1lt tisztas\u00e1ggal.","robots":{"index":"index","follow":"follow","max-snippet":"max-snippet:-1","max-image-preview":"max-image-preview:large","max-video-preview":"max-video-preview:-1"},"canonical":"https:\/\/pvpgrams.com\/hu\/product\/buy-tma-6-trimethoxyamphetamine-powder-online\/","og_locale":"hu_HU","og_type":"article","og_title":"Buy TMA-6 (Trimethoxyamphetamine) Online \u2013 TMA-6 for Sale","og_description":"TMA-6 (Trimethoxyamphetamine) powder for sale, ideal for research. Buy TMA-6 powder online with fast delivery and guaranteed purity.","og_url":"https:\/\/pvpgrams.com\/hu\/product\/buy-tma-6-trimethoxyamphetamine-powder-online\/","og_site_name":"PVP Grams","article_modified_time":"2026-02-26T10:21:09+00:00","og_image":[{"width":600,"height":600,"url":"https:\/\/pvpgrams.com\/wp-content\/uploads\/2025\/05\/TMA-6-trimethoxyamphetamine-Powder.jpg","type":"image\/jpeg"}],"twitter_card":"summary_large_image","twitter_misc":{"Becs\u00fclt olvas\u00e1si id\u0151":"3 perc"},"schema":{"@context":"https:\/\/schema.org","@graph":[{"@type":["WebPage","ItemPage"],"@id":"https:\/\/pvpgrams.com\/product\/buy-tma-6-trimethoxyamphetamine-powder-online\/","url":"https:\/\/pvpgrams.com\/product\/buy-tma-6-trimethoxyamphetamine-powder-online\/","name":"V\u00e1s\u00e1rl\u00e1s TMA-6 (trimetoxiamfetamin) online - TMA-6 elad\u00f3","isPartOf":{"@id":"https:\/\/pvpgrams.com\/#website"},"primaryImageOfPage":{"@id":"https:\/\/pvpgrams.com\/product\/buy-tma-6-trimethoxyamphetamine-powder-online\/#primaryimage"},"image":{"@id":"https:\/\/pvpgrams.com\/product\/buy-tma-6-trimethoxyamphetamine-powder-online\/#primaryimage"},"thumbnailUrl":"https:\/\/pvpgrams.com\/wp-content\/uploads\/2025\/05\/TMA-6-trimethoxyamphetamine-Powder.jpg","datePublished":"2025-05-16T09:00:53+00:00","dateModified":"2026-02-26T10:21:09+00:00","description":"TMA-6 (trimetoxi-amfetamin) por elad\u00f3, ide\u00e1lis a kutat\u00e1shoz. V\u00e1s\u00e1roljon TMA-6 port online, gyors sz\u00e1ll\u00edt\u00e1ssal \u00e9s garant\u00e1lt tisztas\u00e1ggal.","breadcrumb":{"@id":"https:\/\/pvpgrams.com\/product\/buy-tma-6-trimethoxyamphetamine-powder-online\/#breadcrumb"},"inLanguage":"hu","potentialAction":[{"@type":"ReadAction","target":["https:\/\/pvpgrams.com\/product\/buy-tma-6-trimethoxyamphetamine-powder-online\/"]}]},{"@type":"ImageObject","inLanguage":"hu","@id":"https:\/\/pvpgrams.com\/product\/buy-tma-6-trimethoxyamphetamine-powder-online\/#primaryimage","url":"https:\/\/pvpgrams.com\/wp-content\/uploads\/2025\/05\/TMA-6-trimethoxyamphetamine-Powder.jpg","contentUrl":"https:\/\/pvpgrams.com\/wp-content\/uploads\/2025\/05\/TMA-6-trimethoxyamphetamine-Powder.jpg","width":600,"height":600,"caption":"Buy TMA-6 (trimethoxyamphetamine) Powder Online"},{"@type":"BreadcrumbList","@id":"https:\/\/pvpgrams.com\/product\/buy-tma-6-trimethoxyamphetamine-powder-online\/#breadcrumb","itemListElement":[{"@type":"ListItem","position":1,"name":"Home","item":"https:\/\/pvpgrams.com\/"},{"@type":"ListItem","position":2,"name":"Shop","item":"https:\/\/pvpgrams.com\/shop\/"},{"@type":"ListItem","position":3,"name":"Buy TMA-6 (trimethoxyamphetamine) Powder Online"}]},{"@type":"WebSite","@id":"https:\/\/pvpgrams.com\/#website","url":"https:\/\/pvpgrams.com\/","name":"PVP grammok","description":"","publisher":{"@id":"https:\/\/pvpgrams.com\/#organization"},"potentialAction":[{"@type":"SearchAction","target":{"@type":"EntryPoint","urlTemplate":"https:\/\/pvpgrams.com\/?s={search_term_string}"},"query-input":{"@type":"PropertyValueSpecification","valueRequired":true,"valueName":"search_term_string"}}],"inLanguage":"hu"},{"@type":"Organization","@id":"https:\/\/pvpgrams.com\/#organization","name":"PVP grammok","url":"https:\/\/pvpgrams.com\/","logo":{"@type":"ImageObject","inLanguage":"hu","@id":"https:\/\/pvpgrams.com\/#\/schema\/logo\/image\/","url":"https:\/\/pvpgrams.com\/wp-content\/uploads\/2024\/10\/logo.png","contentUrl":"https:\/\/pvpgrams.com\/wp-content\/uploads\/2024\/10\/logo.png","width":181,"height":41,"caption":"PVP Grams"},"image":{"@id":"https:\/\/pvpgrams.com\/#\/schema\/logo\/image\/"}}]}},"_links":{"self":[{"href":"https:\/\/pvpgrams.com\/hu\/wp-json\/wp\/v2\/product\/1916","targetHints":{"allow":["GET"]}}],"collection":[{"href":"https:\/\/pvpgrams.com\/hu\/wp-json\/wp\/v2\/product"}],"about":[{"href":"https:\/\/pvpgrams.com\/hu\/wp-json\/wp\/v2\/types\/product"}],"replies":[{"embeddable":true,"href":"https:\/\/pvpgrams.com\/hu\/wp-json\/wp\/v2\/comments?post=1916"}],"wp:featuredmedia":[{"embeddable":true,"href":"https:\/\/pvpgrams.com\/hu\/wp-json\/wp\/v2\/media\/2003"}],"wp:attachment":[{"href":"https:\/\/pvpgrams.com\/hu\/wp-json\/wp\/v2\/media?parent=1916"}],"wp:term":[{"taxonomy":"product_brand","embeddable":true,"href":"https:\/\/pvpgrams.com\/hu\/wp-json\/wp\/v2\/product_brand?post=1916"},{"taxonomy":"product_cat","embeddable":true,"href":"https:\/\/pvpgrams.com\/hu\/wp-json\/wp\/v2\/product_cat?post=1916"},{"taxonomy":"product_tag","embeddable":true,"href":"https:\/\/pvpgrams.com\/hu\/wp-json\/wp\/v2\/product_tag?post=1916"}],"curies":[{"name":"wp","href":"https:\/\/api.w.org\/{rel}","templated":true}]}}