{"id":2053,"date":"2025-05-17T09:32:32","date_gmt":"2025-05-17T09:32:32","guid":{"rendered":"https:\/\/pvpgrams.com\/?post_type=product&#038;p=2053"},"modified":"2026-02-26T10:16:58","modified_gmt":"2026-02-26T10:16:58","slug":"buy-5-meo-dalt-online","status":"publish","type":"product","link":"https:\/\/pvpgrams.com\/hu\/product\/buy-5-meo-dalt-online\/","title":{"rendered":"Buy 5-MeO-DALT Online"},"content":{"rendered":"<h2 data-start=\"233\" data-end=\"309\">V\u00e1s\u00e1roljon 5-MeO-DALT-ot online megb\u00edzhat\u00f3 forr\u00e1sb\u00f3l - Tapasztalja meg a k\u00f6vetkez\u0151 szintet<\/h2>\n<p data-start=\"311\" data-end=\"893\">Amikor \u00fagy d\u00f6nt, hogy <a href=\"https:\/\/pvpgrams.com\/hu\/product\/buy-5-meo-dalt-online\/\"><strong data-start=\"330\" data-end=\"355\">5-MeO-DALT online v\u00e1s\u00e1rl\u00e1s<\/strong><\/a>, egy olyan kutat\u00e1si vegyszert vizsg\u00e1lsz, amely felkeltette a tudom\u00e1nyos kutat\u00f3k \u00e9s a k\u00eds\u00e9rleti felhaszn\u00e1l\u00f3k figyelm\u00e9t. Egyedi stimul\u00e1l\u00f3 \u00e9s empatog\u00e9n hat\u00e1sair\u00f3l ismert, <strong data-start=\"533\" data-end=\"556\">5-MeO-DALT elad\u00f3<\/strong> offers euphoric highs, enhanced sensory perception, and enriched social experiences. If you\u2019re wondering <strong data-start=\"662\" data-end=\"689\">Hol lehet 5-MeO-DALT-ot v\u00e1s\u00e1rolni?<\/strong>Platformunk biztons\u00e1gos \u00e9s megb\u00edzhat\u00f3 alternat\u00edv\u00e1t k\u00edn\u00e1l. Sz\u00e1mos kutat\u00f3 \u00e9s felhaszn\u00e1l\u00f3 sz\u00e1mol be a hat\u00e1sok sz\u00e9les sk\u00e1l\u00e1j\u00e1r\u00f3l, az adagol\u00e1st\u00f3l \u00e9s a k\u00f6rnyezett\u0151l f\u00fcgg\u0151en, \u00edgy ez a vegy\u00fclet leny\u0171g\u00f6z\u0151 a tanulm\u00e1nyoz\u00e1s \u00e9s a felfedez\u00e9s szempontj\u00e1b\u00f3l.<\/p>\n<h3 data-start=\"900\" data-end=\"939\">Az 5-MeO-DALT k\u00e9miai tulajdons\u00e1gai<\/h3>\n<p data-start=\"941\" data-end=\"1201\">A haszn\u00e1latot k\u00f6vet\u0151 perceken bel\u00fcl finom \u00e9rz\u00e9kszervi javul\u00e1sok kezdenek megjelenni. A stimul\u00e1ci\u00f3 gyorsan feler\u0151s\u00f6dik, jelezve a vegy\u00fclet gyors hat\u00e1smechanizmus\u00e1t. Ez az egyik oka annak, hogy sok kutat\u00f3... <strong data-start=\"1125\" data-end=\"1158\">rendeljen val\u00f3di vagy hamis 5-MeO-DALT-ot<\/strong> online to analyze its unique properties.<\/p>\n<h3 data-start=\"1208\" data-end=\"1254\">Az 5-MeO-DALT k\u00e9miai \u00f6sszet\u00e9tel\u00e9nek \u00e1ttekint\u00e9se<\/h3>\n<p data-start=\"1256\" data-end=\"1588\"><a href=\"https:\/\/en.wikipedia.org\/wiki\/5-MeO-DALT\">5-MeO-DALT<\/a>, scientifically known as N,N-Diallyl-5-methoxytryptamine, is a structural analog of compounds like DALT and 5-MeO-DiPT. In pure form, it appears as a pale, off-white powder. As research grows, more professionals are looking for the <strong data-start=\"1499\" data-end=\"1531\">a legjobb hely az 5-MeO-DALT v\u00e1s\u00e1rl\u00e1s\u00e1ra<\/strong> hogy biztos\u00edts\u00e1k tudom\u00e1nyos k\u00eds\u00e9rleteik k\u00f6vetkezetess\u00e9g\u00e9t.<\/p>\n<h3 data-start=\"1595\" data-end=\"1640\">Az 5-MeO-DALT hat\u00e1sainak meg\u00e9rt\u00e9se<\/h3>\n<p data-start=\"1642\" data-end=\"2055\">A hat\u00e1sok <strong data-start=\"1657\" data-end=\"1693\">val\u00f3di vagy hamis 5-MeO-DALT elad\u00f3<\/strong> gyakran ink\u00e1bb stimul\u00e1l\u00f3 \u00e9s fizikai, mint intenz\u00edven pszichedelikus hat\u00e1s\u00fak\u00e9nt \u00edrj\u00e1k le \u0151ket. A felhaszn\u00e1l\u00f3k k\u00f6nnyebb ment\u00e1lis \u00e1llapotr\u00f3l sz\u00e1molnak be, megn\u00f6vekedett energi\u00e1val, libid\u00f3t fokoz\u00f3 tulajdons\u00e1gokkal \u00e9s enyhe empatog\u00e9n hat\u00e1sokkal. Egyes besz\u00e1mol\u00f3k azonban sz\u00edv- \u00e9s \u00e9rrendszeri stimul\u00e1ci\u00f3t eml\u00edtenek, bele\u00e9rtve a megemelkedett pulzussz\u00e1mot \u00e9s v\u00e9rnyom\u00e1st, ami kiemeli a gondos kutat\u00e1s fontoss\u00e1g\u00e1t.<\/p>\n<p data-start=\"2057\" data-end=\"2210\">Kiegyens\u00falyozott hat\u00e1saival sokan v\u00e1lasztj\u00e1k <strong data-start=\"2099\" data-end=\"2130\">V\u00e1s\u00e1roljon val\u00f3di vagy hamis 5-MeO-DALT-ot<\/strong> hogy kontroll\u00e1lt vizsg\u00e1latokban megvizsg\u00e1lja mind fizikai, mind pszichol\u00f3giai profilj\u00e1t.<\/p>\n<h3 data-start=\"2217\" data-end=\"2267\">Mi\u00e9rt kap egyre nagyobb figyelmet az elad\u00f3 5-MeO-DALT?<\/h3>\n<p data-start=\"2269\" data-end=\"2695\">N\u00f6vekv\u0151 kereslet <strong data-start=\"2288\" data-end=\"2311\">5-MeO-DALT elad\u00f3<\/strong> \u00f6sszef\u00fcgg\u00e9sbe hozhat\u00f3 a tiszta \u00e9s sima \u00e9lm\u00e9nnyel. Sok m\u00e1s vegy\u00fclettel ellent\u00e9tben a felhaszn\u00e1l\u00f3k nem sz\u00e1molnak be m\u00e1snaposs\u00e1gr\u00f3l, \u00f6sszeoml\u00e1sokr\u00f3l vagy k\u00f6d\u00f6s ut\u00f3hat\u00e1sokr\u00f3l. A nagyobb d\u00f3zisok (20 mg \u00e9s afelett) felt\u00e1rj\u00e1k a teljes spektrum\u00e1t \u2013 \u00e9rzelmi m\u00e9lys\u00e9get, energetikai tisztas\u00e1got \u00e9s \u00e9rz\u00e9kszervi fokoz\u00f3d\u00e1st. Ez magyar\u00e1zza, hogy a kutat\u00f3k mi\u00e9rt egyre ink\u00e1bb <strong data-start=\"2609\" data-end=\"2640\">buy cheap 5-MeO-DALT online<\/strong> hosszabb tanulm\u00e1nyokhoz, mik\u00f6zben a k\u00f6lts\u00e9gek kezelhet\u0151 szinten maradnak.<\/p>\n<h3 data-start=\"2702\" data-end=\"2763\">V\u00e9gs\u0151 gondolatok: 5-MeO-DALT online rendel\u00e9se bizalommal<\/h3>\n<p data-start=\"2765\" data-end=\"3109\">Ak\u00e1r laborat\u00f3riumi kutat\u00f3, ak\u00e1r f\u00fcggetlen kutat\u00f3 vagy, az 5-MeO-DALT online v\u00e1s\u00e1rl\u00e1sa hozz\u00e1f\u00e9r\u00e9st biztos\u00edt a ma el\u00e9rhet\u0151 egyik leg\u00e9rdekesebb vegy\u00fclethez. Az \u00e1lland\u00f3 eredm\u00e9nyeknek, a versenyk\u00e9pes 5-MeO-DALT \u00e1rlehet\u0151s\u00e9geknek \u00e9s a megb\u00edzhat\u00f3 sz\u00e1ll\u00edt\u00e1snak k\u00f6sz\u00f6nhet\u0151en \u00e1ruh\u00e1zunkat vil\u00e1gszerte a legjobb helynek tartj\u00e1k az 5-MeO-DALT v\u00e1s\u00e1rl\u00e1s\u00e1ra.<\/p>\n<p data-start=\"3111\" data-end=\"3309\">If you\u2019re ready to explore something exceptional, don\u2019t wait\u2014order real or fake <a href=\"https:\/\/pvpgrams.com\/hu\/\">5-MeO-DALT<\/a> from our trusted source today and discover why this compound continues to attract worldwide interest.<\/p>","protected":false},"excerpt":{"rendered":"<p>Buy 5-MeO-DALT Online from a Trusted Source \u2013 Experience the Next Level When you choose to buy 5-MeO-DALT online, you are exploring a research chemical that has gained attention among scientific researchers and experimental users. Known for its unique stimulating and empathogenic effects, 5-MeO-DALT for sale offers euphoric highs, enhanced sensory perception, and enriched social experiences. If you\u2019re wondering where to buy 5-MeO-DALT, our platform provides a safe and reliable option. Many researchers and users report a wide range of effects depending on dosage and setting, making this compound fascinating for study and exploration. Chemical Properties of 5-MeO-DALT Within minutes of use, subtle sensory enhancements begin to appear. The stimulation builds rapidly, signaling the compound\u2019s fast-onset nature. This is one reason why many researchers order real or fake 5-MeO-DALT online to analyze its unique properties. Overview of 5-MeO-DALT\u2019s Chemical Makeup 5-MeO-DALT, scientifically known as N,N-Diallyl-5-methoxytryptamine, is a structural analog of compounds like DALT and 5-MeO-DiPT. In pure form, it appears as a pale, off-white powder. As research grows, more professionals are looking for the best place to buy 5-MeO-DALT to ensure consistency in their scientific experiments. Understanding the Effects of 5-MeO-DALT The effects of real or fake 5-MeO-DALT for sale are often described as stimulating and physical rather than intensely psychedelic. Users report a lighter mental state with increased energy, libido-enhancing qualities, and mild empathogenic effects. However, some accounts note cardiovascular stimulation, including elevated heart rate and blood pressure, which highlights the importance of careful research. With its balanced effects, many choose to buy real or fake 5-MeO-DALT to examine both its physical and psychological profile in controlled studies. Why 5-MeO-DALT for Sale is Gaining Attention Growing demand for 5-MeO-DALT for sale can be linked to its clean and smooth experience. Unlike many other compounds, users report no hangovers, crashes, or foggy aftereffects. Higher doses (20mg and above) reveal its full spectrum\u2014emotional depth, energetic clarity, and sensory enhancement. This explains why researchers increasingly buy cheap 5-MeO-DALT online for extended studies while keeping costs manageable. Final Thoughts: Order 5-MeO-DALT Online with Confidence Whether you\u2019re a laboratory researcher or an independent investigator, choosing to 5-MeO-DALT buy online provides access to one of the most intriguing compounds available today. With consistent results, competitive 5-MeO-DALT price options, and reliable delivery, our store is considered the best place to buy 5-MeO-DALT globally. If you\u2019re ready to explore something exceptional, don\u2019t wait\u2014order real or fake 5-MeO-DALT from our trusted source today and discover why this compound continues to attract worldwide interest.<\/p>","protected":false},"featured_media":2151,"comment_status":"closed","ping_status":"closed","template":"","meta":{"_kadence_starter_templates_imported_post":false,"_kad_post_transparent":"default","_kad_post_title":"","_kad_post_layout":"default","_kad_post_sidebar_id":"","_kad_post_content_style":"default","_kad_post_vertical_padding":"default","_kad_post_feature":"","_kad_post_feature_position":"","_kad_post_header":false,"_kad_post_footer":false,"_joinchat":[]},"product_brand":[],"product_cat":[361],"product_tag":[],"class_list":{"0":"post-2053","1":"product","2":"type-product","3":"status-publish","4":"has-post-thumbnail","6":"product_cat-research-chemicals","8":"first","9":"instock","10":"shipping-taxable","11":"purchasable","12":"product-type-variable","13":"entry","14":"content-bg","15":"loop-entry"},"yoast_head":"<!-- This site is optimized with the Yoast SEO plugin v26.5 - https:\/\/yoast.com\/wordpress\/plugins\/seo\/ -->\n<title>Buy 5-MEO-DALT Online \u2013 5-MEO-DALT for Sale | PVP Grams<\/title>\n<meta name=\"description\" content=\"5-MEO-DALT for sale, available online for your experiments. Buy 5-MEO-DALT with high purity and fast, discreet shipping to support your research.\" \/>\n<meta name=\"robots\" content=\"index, follow, max-snippet:-1, max-image-preview:large, max-video-preview:-1\" \/>\n<link rel=\"canonical\" href=\"https:\/\/pvpgrams.com\/hu\/product\/buy-5-meo-dalt-online\/\" \/>\n<meta property=\"og:locale\" content=\"hu_HU\" \/>\n<meta property=\"og:type\" content=\"article\" \/>\n<meta property=\"og:title\" content=\"Buy 5-MEO-DALT Online \u2013 5-MEO-DALT for Sale | PVP Grams\" \/>\n<meta property=\"og:description\" content=\"5-MEO-DALT for sale, available online for your experiments. Buy 5-MEO-DALT with high purity and fast, discreet shipping to support your research.\" \/>\n<meta property=\"og:url\" content=\"https:\/\/pvpgrams.com\/hu\/product\/buy-5-meo-dalt-online\/\" \/>\n<meta property=\"og:site_name\" content=\"PVP Grams\" \/>\n<meta property=\"article:modified_time\" content=\"2026-02-26T10:16:58+00:00\" \/>\n<meta property=\"og:image\" content=\"https:\/\/pvpgrams.com\/wp-content\/uploads\/2025\/05\/5-MeO-DALT.jpg\" \/>\n\t<meta property=\"og:image:width\" content=\"600\" \/>\n\t<meta property=\"og:image:height\" content=\"600\" \/>\n\t<meta property=\"og:image:type\" content=\"image\/jpeg\" \/>\n<meta name=\"twitter:card\" content=\"summary_large_image\" \/>\n<meta name=\"twitter:label1\" content=\"Becs\u00fclt olvas\u00e1si id\u0151\" \/>\n\t<meta name=\"twitter:data1\" content=\"3 perc\" \/>\n<script type=\"application\/ld+json\" class=\"yoast-schema-graph\">{\"@context\":\"https:\/\/schema.org\",\"@graph\":[{\"@type\":[\"WebPage\",\"ItemPage\"],\"@id\":\"https:\/\/pvpgrams.com\/product\/buy-5-meo-dalt-online\/\",\"url\":\"https:\/\/pvpgrams.com\/product\/buy-5-meo-dalt-online\/\",\"name\":\"Buy 5-MEO-DALT Online \u2013 5-MEO-DALT for Sale | PVP Grams\",\"isPartOf\":{\"@id\":\"https:\/\/pvpgrams.com\/#website\"},\"primaryImageOfPage\":{\"@id\":\"https:\/\/pvpgrams.com\/product\/buy-5-meo-dalt-online\/#primaryimage\"},\"image\":{\"@id\":\"https:\/\/pvpgrams.com\/product\/buy-5-meo-dalt-online\/#primaryimage\"},\"thumbnailUrl\":\"https:\/\/pvpgrams.com\/wp-content\/uploads\/2025\/05\/5-MeO-DALT.jpg\",\"datePublished\":\"2025-05-17T09:32:32+00:00\",\"dateModified\":\"2026-02-26T10:16:58+00:00\",\"description\":\"5-MEO-DALT for sale, available online for your experiments. Buy 5-MEO-DALT with high purity and fast, discreet shipping to support your research.\",\"breadcrumb\":{\"@id\":\"https:\/\/pvpgrams.com\/product\/buy-5-meo-dalt-online\/#breadcrumb\"},\"inLanguage\":\"hu\",\"potentialAction\":[{\"@type\":\"ReadAction\",\"target\":[\"https:\/\/pvpgrams.com\/product\/buy-5-meo-dalt-online\/\"]}]},{\"@type\":\"ImageObject\",\"inLanguage\":\"hu\",\"@id\":\"https:\/\/pvpgrams.com\/product\/buy-5-meo-dalt-online\/#primaryimage\",\"url\":\"https:\/\/pvpgrams.com\/wp-content\/uploads\/2025\/05\/5-MeO-DALT.jpg\",\"contentUrl\":\"https:\/\/pvpgrams.com\/wp-content\/uploads\/2025\/05\/5-MeO-DALT.jpg\",\"width\":600,\"height\":600,\"caption\":\"Buy 5-MeO-DALT Online\"},{\"@type\":\"BreadcrumbList\",\"@id\":\"https:\/\/pvpgrams.com\/product\/buy-5-meo-dalt-online\/#breadcrumb\",\"itemListElement\":[{\"@type\":\"ListItem\",\"position\":1,\"name\":\"Home\",\"item\":\"https:\/\/pvpgrams.com\/\"},{\"@type\":\"ListItem\",\"position\":2,\"name\":\"Shop\",\"item\":\"https:\/\/pvpgrams.com\/shop\/\"},{\"@type\":\"ListItem\",\"position\":3,\"name\":\"Buy 5-MeO-DALT Online\"}]},{\"@type\":\"WebSite\",\"@id\":\"https:\/\/pvpgrams.com\/#website\",\"url\":\"https:\/\/pvpgrams.com\/\",\"name\":\"PVP Grams\",\"description\":\"\",\"publisher\":{\"@id\":\"https:\/\/pvpgrams.com\/#organization\"},\"potentialAction\":[{\"@type\":\"SearchAction\",\"target\":{\"@type\":\"EntryPoint\",\"urlTemplate\":\"https:\/\/pvpgrams.com\/?s={search_term_string}\"},\"query-input\":{\"@type\":\"PropertyValueSpecification\",\"valueRequired\":true,\"valueName\":\"search_term_string\"}}],\"inLanguage\":\"hu\"},{\"@type\":\"Organization\",\"@id\":\"https:\/\/pvpgrams.com\/#organization\",\"name\":\"PVP Grams\",\"url\":\"https:\/\/pvpgrams.com\/\",\"logo\":{\"@type\":\"ImageObject\",\"inLanguage\":\"hu\",\"@id\":\"https:\/\/pvpgrams.com\/#\/schema\/logo\/image\/\",\"url\":\"https:\/\/pvpgrams.com\/wp-content\/uploads\/2024\/10\/logo.png\",\"contentUrl\":\"https:\/\/pvpgrams.com\/wp-content\/uploads\/2024\/10\/logo.png\",\"width\":181,\"height\":41,\"caption\":\"PVP Grams\"},\"image\":{\"@id\":\"https:\/\/pvpgrams.com\/#\/schema\/logo\/image\/\"}}]}<\/script>\n<!-- \/ Yoast SEO plugin. -->","yoast_head_json":{"title":"5-MEO-DALT online v\u00e1s\u00e1rl\u00e1s - 5-MEO-DALT elad\u00f3 | PVP Grams","description":"5-MEO-DALT elad\u00f3, online el\u00e9rhet\u0151 az \u00d6n k\u00eds\u00e9rleteihez. V\u00e1s\u00e1roljon 5-MEO-DALT-ot nagy tisztas\u00e1ggal \u00e9s gyors, diszkr\u00e9t sz\u00e1ll\u00edt\u00e1ssal, hogy t\u00e1mogassa kutat\u00e1sait.","robots":{"index":"index","follow":"follow","max-snippet":"max-snippet:-1","max-image-preview":"max-image-preview:large","max-video-preview":"max-video-preview:-1"},"canonical":"https:\/\/pvpgrams.com\/hu\/product\/buy-5-meo-dalt-online\/","og_locale":"hu_HU","og_type":"article","og_title":"Buy 5-MEO-DALT Online \u2013 5-MEO-DALT for Sale | PVP Grams","og_description":"5-MEO-DALT for sale, available online for your experiments. Buy 5-MEO-DALT with high purity and fast, discreet shipping to support your research.","og_url":"https:\/\/pvpgrams.com\/hu\/product\/buy-5-meo-dalt-online\/","og_site_name":"PVP Grams","article_modified_time":"2026-02-26T10:16:58+00:00","og_image":[{"width":600,"height":600,"url":"https:\/\/pvpgrams.com\/wp-content\/uploads\/2025\/05\/5-MeO-DALT.jpg","type":"image\/jpeg"}],"twitter_card":"summary_large_image","twitter_misc":{"Becs\u00fclt olvas\u00e1si id\u0151":"3 perc"},"schema":{"@context":"https:\/\/schema.org","@graph":[{"@type":["WebPage","ItemPage"],"@id":"https:\/\/pvpgrams.com\/product\/buy-5-meo-dalt-online\/","url":"https:\/\/pvpgrams.com\/product\/buy-5-meo-dalt-online\/","name":"5-MEO-DALT online v\u00e1s\u00e1rl\u00e1s - 5-MEO-DALT elad\u00f3 | PVP Grams","isPartOf":{"@id":"https:\/\/pvpgrams.com\/#website"},"primaryImageOfPage":{"@id":"https:\/\/pvpgrams.com\/product\/buy-5-meo-dalt-online\/#primaryimage"},"image":{"@id":"https:\/\/pvpgrams.com\/product\/buy-5-meo-dalt-online\/#primaryimage"},"thumbnailUrl":"https:\/\/pvpgrams.com\/wp-content\/uploads\/2025\/05\/5-MeO-DALT.jpg","datePublished":"2025-05-17T09:32:32+00:00","dateModified":"2026-02-26T10:16:58+00:00","description":"5-MEO-DALT elad\u00f3, online el\u00e9rhet\u0151 az \u00d6n k\u00eds\u00e9rleteihez. V\u00e1s\u00e1roljon 5-MEO-DALT-ot nagy tisztas\u00e1ggal \u00e9s gyors, diszkr\u00e9t sz\u00e1ll\u00edt\u00e1ssal, hogy t\u00e1mogassa kutat\u00e1sait.","breadcrumb":{"@id":"https:\/\/pvpgrams.com\/product\/buy-5-meo-dalt-online\/#breadcrumb"},"inLanguage":"hu","potentialAction":[{"@type":"ReadAction","target":["https:\/\/pvpgrams.com\/product\/buy-5-meo-dalt-online\/"]}]},{"@type":"ImageObject","inLanguage":"hu","@id":"https:\/\/pvpgrams.com\/product\/buy-5-meo-dalt-online\/#primaryimage","url":"https:\/\/pvpgrams.com\/wp-content\/uploads\/2025\/05\/5-MeO-DALT.jpg","contentUrl":"https:\/\/pvpgrams.com\/wp-content\/uploads\/2025\/05\/5-MeO-DALT.jpg","width":600,"height":600,"caption":"Buy 5-MeO-DALT Online"},{"@type":"BreadcrumbList","@id":"https:\/\/pvpgrams.com\/product\/buy-5-meo-dalt-online\/#breadcrumb","itemListElement":[{"@type":"ListItem","position":1,"name":"Home","item":"https:\/\/pvpgrams.com\/"},{"@type":"ListItem","position":2,"name":"Shop","item":"https:\/\/pvpgrams.com\/shop\/"},{"@type":"ListItem","position":3,"name":"Buy 5-MeO-DALT Online"}]},{"@type":"WebSite","@id":"https:\/\/pvpgrams.com\/#website","url":"https:\/\/pvpgrams.com\/","name":"PVP grammok","description":"","publisher":{"@id":"https:\/\/pvpgrams.com\/#organization"},"potentialAction":[{"@type":"SearchAction","target":{"@type":"EntryPoint","urlTemplate":"https:\/\/pvpgrams.com\/?s={search_term_string}"},"query-input":{"@type":"PropertyValueSpecification","valueRequired":true,"valueName":"search_term_string"}}],"inLanguage":"hu"},{"@type":"Organization","@id":"https:\/\/pvpgrams.com\/#organization","name":"PVP grammok","url":"https:\/\/pvpgrams.com\/","logo":{"@type":"ImageObject","inLanguage":"hu","@id":"https:\/\/pvpgrams.com\/#\/schema\/logo\/image\/","url":"https:\/\/pvpgrams.com\/wp-content\/uploads\/2024\/10\/logo.png","contentUrl":"https:\/\/pvpgrams.com\/wp-content\/uploads\/2024\/10\/logo.png","width":181,"height":41,"caption":"PVP Grams"},"image":{"@id":"https:\/\/pvpgrams.com\/#\/schema\/logo\/image\/"}}]}},"_links":{"self":[{"href":"https:\/\/pvpgrams.com\/hu\/wp-json\/wp\/v2\/product\/2053","targetHints":{"allow":["GET"]}}],"collection":[{"href":"https:\/\/pvpgrams.com\/hu\/wp-json\/wp\/v2\/product"}],"about":[{"href":"https:\/\/pvpgrams.com\/hu\/wp-json\/wp\/v2\/types\/product"}],"replies":[{"embeddable":true,"href":"https:\/\/pvpgrams.com\/hu\/wp-json\/wp\/v2\/comments?post=2053"}],"wp:featuredmedia":[{"embeddable":true,"href":"https:\/\/pvpgrams.com\/hu\/wp-json\/wp\/v2\/media\/2151"}],"wp:attachment":[{"href":"https:\/\/pvpgrams.com\/hu\/wp-json\/wp\/v2\/media?parent=2053"}],"wp:term":[{"taxonomy":"product_brand","embeddable":true,"href":"https:\/\/pvpgrams.com\/hu\/wp-json\/wp\/v2\/product_brand?post=2053"},{"taxonomy":"product_cat","embeddable":true,"href":"https:\/\/pvpgrams.com\/hu\/wp-json\/wp\/v2\/product_cat?post=2053"},{"taxonomy":"product_tag","embeddable":true,"href":"https:\/\/pvpgrams.com\/hu\/wp-json\/wp\/v2\/product_tag?post=2053"}],"curies":[{"name":"wp","href":"https:\/\/api.w.org\/{rel}","templated":true}]}}