{"id":2223,"date":"2025-12-01T09:47:32","date_gmt":"2025-12-01T09:47:32","guid":{"rendered":"https:\/\/pvpgrams.com\/?post_type=product&#038;p=2223"},"modified":"2026-02-26T09:48:40","modified_gmt":"2026-02-26T09:48:40","slug":"buy-alpha-php-online","status":"publish","type":"product","link":"https:\/\/pvpgrams.com\/hu\/product\/buy-alpha-php-online\/","title":{"rendered":"V\u00e1s\u00e1roljon Alpha PHP-t online"},"content":{"rendered":"<div id=\"tab-description\" class=\"woocommerce-Tabs-panel woocommerce-Tabs-panel--description panel entry-content active\" role=\"tabpanel\" aria-labelledby=\"tab-title-description\">\n<h2>V\u00e1s\u00e1roljon Alpha PHP-t online<\/h2>\n<p>Szeretn\u00e9d? <a href=\"https:\/\/pvpgrams.com\/hu\/\"><strong>Alpha-PHP<\/strong><\/a> Rendel\u00e9s? A Pvpgrams minden term\u00e9ke 1000 mg legal\u00e1bb 99 sz\u00e1zal\u00e9kos tisztas\u00e1g\u00fa \u03b1-PHP-t (tiszta por) tartalmaz rendel\u00e9senk\u00e9nt. Rendeljen Alpha PHP-t online!<a href=\"https:\/\/rchemshub.com\/product-category\/benzofuranen\/\">.<\/a><\/p>\n<h3>Mi az Alpha-PHP?<\/h3>\n<p><strong>Alfa-pirrolidinohexiofenon <\/strong>m\u00e1s n\u00e9ven \u03b1-PHP \/ alfa-PHP \/ a-PHP, egy szintetikus anyag, amelyet el\u0151sz\u00f6r az 1960-as \u00e9vekben \u00e1ll\u00edtottak el\u0151, \u00e9s szorosan kapcsol\u00f3dik az alfa-PVP-hez (a-PVP, \u03b1-PVP) \u00e9s a pirovaleronhoz. Az A-PHP mind a katinonok, mind a pirovaleronok oszt\u00e1ly\u00e1ba tartozik, \u00e9s a fogyaszt\u00f3k a pirovaleron egyik legmegb\u00edzhat\u00f3bb anal\u00f3gj\u00e1nak tartj\u00e1k, b\u00e1r \u00f6sszehasonl\u00edthat\u00f3 az MDPV-vel vagy az a-PVP-vel is. A katinonokr\u00f3l tov\u00e1bbi inform\u00e1ci\u00f3k\u00e9rt l\u00e1togasson el a<\/p>\n<h3>A-PHP tulajdons\u00e1gok<\/h3>\n<ul>\n<li><strong>Szinonima<\/strong> Alfa-pirrolidinohexanofenon<\/li>\n<li><strong>CAS-sz\u00e1m:<\/strong> 3415-86-6<\/li>\n<li><strong>K\u00e9miai k\u00e9plet:<\/strong> 1-fenil-2-(pirrolidin-1-il)hex\u00e1n-1-on-hidroklorid<\/li>\n<li><strong>Molekulat\u00f6meg:<\/strong> 281,8 g\/mol<\/li>\n<li><strong>Tisztas\u00e1g:<\/strong> nagyobb, mint 97%<\/li>\n<\/ul>\n<h3>Figyelmeztet\u00e9sek<\/h3>\n<p>Az A-PHP l\u00e9g\u00fati irrit\u00e1ci\u00f3t okozhat. Szemirrit\u00e1ci\u00f3 is el\u0151fordulhat. A kutat\u00e1si vegyi anyagok k\u00f6rnyezetbe t\u00f6rt\u00e9n\u0151 kibocs\u00e1t\u00e1sa tilos.<\/p>\n<p><strong>A-PHP-vel val\u00f3 \u00e9rintkez\u00e9s eset\u00e9n:<\/strong> \u00d6bl\u00edtse ki alaposan a szem\u00e9t v\u00edzzel \u00f6t percig. Ha lehets\u00e9ges, vegye ki a kontaktlencs\u00e9ket.<\/p>\n<p><strong>B\u0151rrel val\u00f3 \u00e9rintkez\u00e9s eset\u00e9n:<\/strong> Mossa meg a b\u0151rt szappannal \u00e9s v\u00edzzel.<\/p>\n<p><strong>A-PHP bel\u00e9gz\u00e9se ut\u00e1n:<\/strong> Vigye az \u00e9rintett szem\u00e9lyt friss leveg\u0151re, \u00e9s helyezze el \u00fagy, hogy k\u00f6nnyebben tudjon l\u00e9legezni.<\/p>\n<h3>Az a-PHP adagol\u00e1sa<\/h3>\n<p>Nincs adagol\u00e1si aj\u00e1nl\u00e1s, mivel az a-PHP kiz\u00e1r\u00f3lag tudom\u00e1nyos kutat\u00e1si c\u00e9lokra ker\u00fcl forgalomba, \u00e9s emberi fogyaszt\u00e1sra nem aj\u00e1nlott.<\/p>\n<h3>Az a-PHP hat\u00e1sai<\/h3>\n<p>Az a-PHP klinikai hat\u00e1sai stimul\u00e1ns, hallucinog\u00e9n vagy opioidszer\u0171k\u00e9nt jellemezhet\u0151k. A felhaszn\u00e1l\u00f3k gyakran ezeknek a hat\u00e1soknak a kombin\u00e1ci\u00f3j\u00e1r\u00f3l sz\u00e1molnak be. Hasonl\u00f3 besz\u00e1mol\u00f3k tal\u00e1lhat\u00f3k tudom\u00e1nyos f\u00f3rumokon \u00e9s keres\u0151motorokban is.<\/p>\n<h3>Az a-PHP mell\u00e9khat\u00e1sai<\/h3>\n<p>M\u00e1s diz\u00e1jnerdrogokhoz hasonl\u00f3an az a-PHP szed\u00e9se is s\u00falyos mell\u00e9khat\u00e1sokkal j\u00e1rhat. Az anyagot nem tesztelt\u00e9k klinikailag, \u00e9s nem enged\u00e9lyezt\u00e9k emberi gy\u00f3gy\u00e1szatban val\u00f3 felhaszn\u00e1l\u00e1sra. Ez\u00e9rt az a-PHP csak tudom\u00e1nyos kutat\u00e1sokhoz \u00e9s tanulm\u00e1nyokhoz aj\u00e1nlott, emberi felhaszn\u00e1l\u00e1sra nem!<\/p>\n<h3>Az a-PHP t\u00e1rol\u00e1sa \u00e9s stabilit\u00e1sa<\/h3>\n<p>Az a-PHP-t 30 \u00b0C-on vagy ann\u00e1l alacsonyabb h\u0151m\u00e9rs\u00e9kleten, az eredeti csomagol\u00e1s\u00e1ban t\u00e1rolja. Ker\u00fclje a k\u00f6zvetlen napf\u00e9nyt, \u00e9s sz\u00e1raz helyen t\u00e1rolja. Megfelel\u0151 t\u00e1rol\u00e1s eset\u00e9n az anyag eltarthat\u00f3s\u00e1ga legal\u00e1bb egy \u00e9v.<\/p>\n<h3>Rendel\u00e9si inform\u00e1ci\u00f3k<\/h3>\n<p>\u00c1rakr\u00f3l \u00e9s el\u00e9rhet\u0151s\u00e9gr\u0151l val\u00f3 \u00e9rdekl\u0151d\u00e9s, vagy megrendel\u00e9s lead\u00e1sa eset\u00e9n <strong>Alfa PHP<\/strong> vagy egy\u00e9b kutat\u00e1si vegyi anyagokr\u00f3l, k\u00e9rj\u00fck, l\u00e1togasson el weboldalunkra vagy vegye fel a kapcsolatot \u00fcgyf\u00e9lszolg\u00e1latunkkal. \u00d6r\u00f6mmel seg\u00edt\u00fcnk \u00d6nnek minden kutat\u00e1si vegyi anyaggal kapcsolatos ig\u00e9ny\u00e9ben.<\/p>\n<p><strong>Medeus Kutat\u00f3k\u00e9mikus<\/strong> \u2013 \u00d6sszek\u00f6tj\u00fck \u00d6nt a legmodernebb tudom\u00e1nyos kutat\u00e1sokhoz sz\u00fcks\u00e9ges alapvet\u0151 kutat\u00e1si vegyi anyagokkal.<\/p>\n<h3><span id=\"FAQ_Frequently_Asked_Questions_About_Alpha_PHP\" class=\"ez-toc-section\"><\/span>GYIK: Gyakran ism\u00e9telt k\u00e9rd\u00e9sek az Alpha PHP-r\u0151l<\/h3>\n<h3><span id=\"1_What_is_Alpha_PHP\" class=\"ez-toc-section\"><\/span>1. Mi az Alpha PHP?<\/h3>\n<p><strong>Alfa PHP<\/strong> egy stimul\u00e1ns oszt\u00e1lyba tartoz\u00f3 kutat\u00e1si vegyi anyag, amelyet gyakran tanulm\u00e1nyoznak tudom\u00e1nyos k\u00eds\u00e9rletekben annak hat\u00e1sa miatt. Hasonl\u00f3 anyagokhoz, p\u00e9ld\u00e1ul az alfa-PVP-hez kapcsol\u00f3dik.<\/p>\n<h3><span id=\"2_Is_Alpha_PHP_Legal\" class=\"ez-toc-section\"><\/span>2. Az Alpha PHP leg\u00e1lis?<\/h3>\n<p>A <strong>jogi st\u00e1tusz<\/strong> Az Alpha PHP haszn\u00e1lata a joghat\u00f3s\u00e1gt\u00f3l f\u00fcgg. V\u00e1s\u00e1rl\u00e1s el\u0151tt mindig gy\u0151z\u0151dj\u00f6n meg arr\u00f3l, hogy betartja a helyi t\u00f6rv\u00e9nyeket.<\/p>\n<h3><span id=\"3_Can_I_Buy_Alpha_PHP_Online\" class=\"ez-toc-section\"><\/span>3. Megv\u00e1s\u00e1rolhatom az Alpha PHP-t online?<\/h3>\n<p>Igen, lehet. <a href=\"https:\/\/pvpgrams.com\/hu\/product\/buy-alpha-php-online\/\"><strong>Alpha PHP online v\u00e1s\u00e1rl\u00e1s<\/strong><\/a> megb\u00edzhat\u00f3 besz\u00e1ll\u00edt\u00f3kt\u00f3l, mint p\u00e9ld\u00e1ul a Medeus Research Chem. Biztons\u00e1gos \u00e9s diszkr\u00e9t sz\u00e1ll\u00edt\u00e1si lehet\u0151s\u00e9geket k\u00edn\u00e1lunk.<\/p>\n<h3><span id=\"4_What_Is_the_Difference_Between_Alpha_Pyrrolidinoisohexanophenone_and_Alpha_Pyrrolidinohexiophenone\" class=\"ez-toc-section\"><\/span>4. Mi a k\u00fcl\u00f6nbs\u00e9g az alfa-pirrolidinoizohexanofenon \u00e9s az alfa-pirrolidinohexiophenon k\u00f6z\u00f6tt?<\/h3>\n<p>Mindk\u00e9t vegyi anyag az Alpha PHP vari\u00e1ci\u00f3ja, de molekulaszerkezet\u00fck kiss\u00e9 elt\u00e9r\u0151. Gy\u0151z\u0151dj\u00f6n meg arr\u00f3l, hogy melyik v\u00e1ltozat felel meg kutat\u00e1si ig\u00e9nyeinek, rendelje meg az Alpha PHP-t online.<\/p>\n<h3><span id=\"5_What_Is_the_Full_Form_of_PHP\" class=\"ez-toc-section\"><\/span>5. Mi a PHP teljes form\u00e1ja?<\/h3>\n<p><strong>PHP<\/strong> jelenti <strong>Pirrolidinohexanofenon<\/strong>, egy tudom\u00e1nyos kutat\u00e1sokban gyakran haszn\u00e1lt vegy\u00fclet.<\/p>\n<h3><span id=\"Conclusion_Why_Buy_Alpha_PHP_Online_from_Medeus_Research_Chem\" class=\"ez-toc-section\"><\/span>K\u00f6vetkeztet\u00e9s: Mi\u00e9rt \u00e9rdemes az Alpha PHP-t online megv\u00e1s\u00e1rolni a Medeus Research Chem-t\u0151l?<\/h3>\n<p>Amikor \u00fagy d\u00f6nt, hogy <strong>Alpha PHP online v\u00e1s\u00e1rl\u00e1s<\/strong>, fontos, hogy olyan megb\u00edzhat\u00f3 besz\u00e1ll\u00edt\u00f3t v\u00e1lasszon, amely kiv\u00e1l\u00f3 min\u0151s\u00e9g\u0171 vegyszereket \u00e9s megb\u00edzhat\u00f3 szolg\u00e1ltat\u00e1st k\u00edn\u00e1l. A Medeus Research Chem pr\u00e9mium min\u0151s\u00e9g\u0171 term\u00e9keket k\u00edn\u00e1l. <strong>Alpha PHP vegyszerek<\/strong> amelyek megfelelnek a legmagasabb tisztas\u00e1gi \u00e9s biztons\u00e1gi k\u00f6vetelm\u00e9nyeknek. Ak\u00e1r <a href=\"https:\/\/en.wikipedia.org\/wiki\/%CE%91-Pyrrolidinohexiophenone\"><strong>Alfa-pirrolidinoizohexanofenon<\/strong><\/a>, <strong>4-fluor-alfa-PHP<\/strong>, vagy m\u00e1s v\u00e1ltozatok, mi gondoskodunk r\u00f3la.<\/p>\n<p>Tov\u00e1bbi inform\u00e1ci\u00f3k\u00e9rt \u00e9s v\u00e1s\u00e1rl\u00e1s\u00e9rt l\u00e1togasson el weboldalunkra ide, vagy fedezze fel term\u00e9keinket <strong>korl\u00e1tozott k\u00e9szlet<\/strong> gy\u0171jtem\u00e9ny itt.<\/p>\n<h3>Rendeljen most!<\/h3>\n<p>Pvpgrams programjainkban kedvez\u0151 \u00e1ron v\u00e1s\u00e1rolhat Alpha-PHP-t. V\u00e1s\u00e1rolja meg most online Alpha-PHP-t web\u00e1ruh\u00e1zunkban. Rendeljen most!<\/p>\n<\/div>","protected":false},"excerpt":{"rendered":"<p>Term\u00e9k neve:\u2026\u2026 alfa-pirrolidinohexiophenon<br \/>\nHat\u00e1s: \u2026\u2026..stimul\u00e1ns, pszichedelikus, besz\u00e9des, nagyon magabiztos<br \/>\nAz anyag tisztas\u00e1ga:\u2026\u2026\u202698,5%<br \/>\nFizikai tulajdons\u00e1gok:\u2026\u2026Krist\u00e1lyok<\/p>\n<p>Miut\u00e1n meger\u0151s\u00edtett\u00fck a megrendel\u00e9s kifizet\u00e9s\u00e9t, kiadunk egy nyomon k\u00f6vet\u00e9si sz\u00e1mot \u00fcgyfeleinknek, hogy val\u00f3s id\u0151ben k\u00f6vethess\u00e9k csomagjaikat.<\/p>\n<p>Az \u00e1rak grammonk\u00e9nt vannak kisz\u00e1m\u00edtva. Legal\u00e1bb 10 grammot rendeljen. Rem\u00e9lj\u00fck, hogy el\u00e9gedett lesz term\u00e9k\u00fcnk min\u0151s\u00e9g\u00e9vel. B\u00e1rmilyen k\u00e9rd\u00e9se eset\u00e9n k\u00e9rj\u00fck, forduljon k\u00f6zvetlen\u00fcl hozz\u00e1nk.<\/p>","protected":false},"featured_media":2224,"comment_status":"closed","ping_status":"closed","template":"","meta":{"_kadence_starter_templates_imported_post":false,"_kad_post_transparent":"default","_kad_post_title":"","_kad_post_layout":"default","_kad_post_sidebar_id":"","_kad_post_content_style":"default","_kad_post_vertical_padding":"default","_kad_post_feature":"","_kad_post_feature_position":"","_kad_post_header":false,"_kad_post_footer":false,"_joinchat":[]},"product_brand":[],"product_cat":[41],"product_tag":[],"class_list":{"0":"post-2223","1":"product","2":"type-product","3":"status-publish","4":"has-post-thumbnail","6":"product_cat-buy-alpha-php","8":"first","9":"instock","10":"shipping-taxable","11":"purchasable","12":"product-type-variable","13":"entry","14":"content-bg","15":"loop-entry"},"yoast_head":"<!-- This site is optimized with the Yoast SEO plugin v26.5 - https:\/\/yoast.com\/wordpress\/plugins\/seo\/ -->\n<title>Order Alpha PHP (a-PHP) online - \u03b1-Pyrrolidinohexanophenone<\/title>\n<meta name=\"description\" content=\"Order Alpha PHP (a-PHP) online? Pvpgrams offers premium quality Alpha PHP (a-PHP) with discreet shipping for a seamless and secure purchasing.\" \/>\n<meta name=\"robots\" content=\"index, follow, max-snippet:-1, max-image-preview:large, max-video-preview:-1\" \/>\n<link rel=\"canonical\" href=\"https:\/\/pvpgrams.com\/hu\/product\/buy-alpha-php-online\/\" \/>\n<meta property=\"og:locale\" content=\"hu_HU\" \/>\n<meta property=\"og:type\" content=\"article\" \/>\n<meta property=\"og:title\" content=\"Order Alpha PHP (a-PHP) online - \u03b1-Pyrrolidinohexanophenone\" \/>\n<meta property=\"og:description\" content=\"Order Alpha PHP (a-PHP) online? Pvpgrams offers premium quality Alpha PHP (a-PHP) with discreet shipping for a seamless and secure purchasing.\" \/>\n<meta property=\"og:url\" content=\"https:\/\/pvpgrams.com\/hu\/product\/buy-alpha-php-online\/\" \/>\n<meta property=\"og:site_name\" content=\"PVP Grams\" \/>\n<meta property=\"article:modified_time\" content=\"2026-02-26T09:48:40+00:00\" \/>\n<meta property=\"og:image\" content=\"https:\/\/pvpgrams.com\/wp-content\/uploads\/2025\/12\/Order-A-PHP-Crystals-Online.jpg\" \/>\n\t<meta property=\"og:image:width\" content=\"600\" \/>\n\t<meta property=\"og:image:height\" content=\"600\" \/>\n\t<meta property=\"og:image:type\" content=\"image\/jpeg\" \/>\n<meta name=\"twitter:card\" content=\"summary_large_image\" \/>\n<meta name=\"twitter:label1\" content=\"Becs\u00fclt olvas\u00e1si id\u0151\" \/>\n\t<meta name=\"twitter:data1\" content=\"4 perc\" \/>\n<script type=\"application\/ld+json\" class=\"yoast-schema-graph\">{\"@context\":\"https:\/\/schema.org\",\"@graph\":[{\"@type\":[\"WebPage\",\"ItemPage\"],\"@id\":\"https:\/\/pvpgrams.com\/product\/buy-alpha-php-online\/\",\"url\":\"https:\/\/pvpgrams.com\/product\/buy-alpha-php-online\/\",\"name\":\"Order Alpha PHP (a-PHP) online - \u03b1-Pyrrolidinohexanophenone\",\"isPartOf\":{\"@id\":\"https:\/\/pvpgrams.com\/#website\"},\"primaryImageOfPage\":{\"@id\":\"https:\/\/pvpgrams.com\/product\/buy-alpha-php-online\/#primaryimage\"},\"image\":{\"@id\":\"https:\/\/pvpgrams.com\/product\/buy-alpha-php-online\/#primaryimage\"},\"thumbnailUrl\":\"https:\/\/pvpgrams.com\/wp-content\/uploads\/2025\/12\/Order-A-PHP-Crystals-Online.jpg\",\"datePublished\":\"2025-12-01T09:47:32+00:00\",\"dateModified\":\"2026-02-26T09:48:40+00:00\",\"description\":\"Order Alpha PHP (a-PHP) online? Pvpgrams offers premium quality Alpha PHP (a-PHP) with discreet shipping for a seamless and secure purchasing.\",\"breadcrumb\":{\"@id\":\"https:\/\/pvpgrams.com\/product\/buy-alpha-php-online\/#breadcrumb\"},\"inLanguage\":\"hu\",\"potentialAction\":[{\"@type\":\"ReadAction\",\"target\":[\"https:\/\/pvpgrams.com\/product\/buy-alpha-php-online\/\"]}]},{\"@type\":\"ImageObject\",\"inLanguage\":\"hu\",\"@id\":\"https:\/\/pvpgrams.com\/product\/buy-alpha-php-online\/#primaryimage\",\"url\":\"https:\/\/pvpgrams.com\/wp-content\/uploads\/2025\/12\/Order-A-PHP-Crystals-Online.jpg\",\"contentUrl\":\"https:\/\/pvpgrams.com\/wp-content\/uploads\/2025\/12\/Order-A-PHP-Crystals-Online.jpg\",\"width\":600,\"height\":600,\"caption\":\"Buy Alpha PHP online\"},{\"@type\":\"BreadcrumbList\",\"@id\":\"https:\/\/pvpgrams.com\/product\/buy-alpha-php-online\/#breadcrumb\",\"itemListElement\":[{\"@type\":\"ListItem\",\"position\":1,\"name\":\"Home\",\"item\":\"https:\/\/pvpgrams.com\/\"},{\"@type\":\"ListItem\",\"position\":2,\"name\":\"Shop\",\"item\":\"https:\/\/pvpgrams.com\/shop\/\"},{\"@type\":\"ListItem\",\"position\":3,\"name\":\"Buy Alpha PHP online\"}]},{\"@type\":\"WebSite\",\"@id\":\"https:\/\/pvpgrams.com\/#website\",\"url\":\"https:\/\/pvpgrams.com\/\",\"name\":\"PVP Grams\",\"description\":\"\",\"publisher\":{\"@id\":\"https:\/\/pvpgrams.com\/#organization\"},\"potentialAction\":[{\"@type\":\"SearchAction\",\"target\":{\"@type\":\"EntryPoint\",\"urlTemplate\":\"https:\/\/pvpgrams.com\/?s={search_term_string}\"},\"query-input\":{\"@type\":\"PropertyValueSpecification\",\"valueRequired\":true,\"valueName\":\"search_term_string\"}}],\"inLanguage\":\"hu\"},{\"@type\":\"Organization\",\"@id\":\"https:\/\/pvpgrams.com\/#organization\",\"name\":\"PVP Grams\",\"url\":\"https:\/\/pvpgrams.com\/\",\"logo\":{\"@type\":\"ImageObject\",\"inLanguage\":\"hu\",\"@id\":\"https:\/\/pvpgrams.com\/#\/schema\/logo\/image\/\",\"url\":\"https:\/\/pvpgrams.com\/wp-content\/uploads\/2024\/10\/logo.png\",\"contentUrl\":\"https:\/\/pvpgrams.com\/wp-content\/uploads\/2024\/10\/logo.png\",\"width\":181,\"height\":41,\"caption\":\"PVP Grams\"},\"image\":{\"@id\":\"https:\/\/pvpgrams.com\/#\/schema\/logo\/image\/\"}}]}<\/script>\n<!-- \/ Yoast SEO plugin. -->","yoast_head_json":{"title":"Rendeljen Alpha PHP (a-PHP) term\u00e9ket online - \u03b1-pirrolidinohexanofenon","description":"Alpha PHP (a-PHP) online megrendel\u00e9se? A Pvpgrams pr\u00e9mium min\u0151s\u00e9g\u0171 Alpha PHP (a-PHP) term\u00e9ket k\u00edn\u00e1l diszkr\u00e9t sz\u00e1ll\u00edt\u00e1ssal, z\u00f6kken\u0151mentes \u00e9s biztons\u00e1gos v\u00e1s\u00e1rl\u00e1s \u00e9rdek\u00e9ben.","robots":{"index":"index","follow":"follow","max-snippet":"max-snippet:-1","max-image-preview":"max-image-preview:large","max-video-preview":"max-video-preview:-1"},"canonical":"https:\/\/pvpgrams.com\/hu\/product\/buy-alpha-php-online\/","og_locale":"hu_HU","og_type":"article","og_title":"Order Alpha PHP (a-PHP) online - \u03b1-Pyrrolidinohexanophenone","og_description":"Order Alpha PHP (a-PHP) online? Pvpgrams offers premium quality Alpha PHP (a-PHP) with discreet shipping for a seamless and secure purchasing.","og_url":"https:\/\/pvpgrams.com\/hu\/product\/buy-alpha-php-online\/","og_site_name":"PVP Grams","article_modified_time":"2026-02-26T09:48:40+00:00","og_image":[{"width":600,"height":600,"url":"https:\/\/pvpgrams.com\/wp-content\/uploads\/2025\/12\/Order-A-PHP-Crystals-Online.jpg","type":"image\/jpeg"}],"twitter_card":"summary_large_image","twitter_misc":{"Becs\u00fclt olvas\u00e1si id\u0151":"4 perc"},"schema":{"@context":"https:\/\/schema.org","@graph":[{"@type":["WebPage","ItemPage"],"@id":"https:\/\/pvpgrams.com\/product\/buy-alpha-php-online\/","url":"https:\/\/pvpgrams.com\/product\/buy-alpha-php-online\/","name":"Rendeljen Alpha PHP (a-PHP) term\u00e9ket online - \u03b1-pirrolidinohexanofenon","isPartOf":{"@id":"https:\/\/pvpgrams.com\/#website"},"primaryImageOfPage":{"@id":"https:\/\/pvpgrams.com\/product\/buy-alpha-php-online\/#primaryimage"},"image":{"@id":"https:\/\/pvpgrams.com\/product\/buy-alpha-php-online\/#primaryimage"},"thumbnailUrl":"https:\/\/pvpgrams.com\/wp-content\/uploads\/2025\/12\/Order-A-PHP-Crystals-Online.jpg","datePublished":"2025-12-01T09:47:32+00:00","dateModified":"2026-02-26T09:48:40+00:00","description":"Alpha PHP (a-PHP) online megrendel\u00e9se? A Pvpgrams pr\u00e9mium min\u0151s\u00e9g\u0171 Alpha PHP (a-PHP) term\u00e9ket k\u00edn\u00e1l diszkr\u00e9t sz\u00e1ll\u00edt\u00e1ssal, z\u00f6kken\u0151mentes \u00e9s biztons\u00e1gos v\u00e1s\u00e1rl\u00e1s \u00e9rdek\u00e9ben.","breadcrumb":{"@id":"https:\/\/pvpgrams.com\/product\/buy-alpha-php-online\/#breadcrumb"},"inLanguage":"hu","potentialAction":[{"@type":"ReadAction","target":["https:\/\/pvpgrams.com\/product\/buy-alpha-php-online\/"]}]},{"@type":"ImageObject","inLanguage":"hu","@id":"https:\/\/pvpgrams.com\/product\/buy-alpha-php-online\/#primaryimage","url":"https:\/\/pvpgrams.com\/wp-content\/uploads\/2025\/12\/Order-A-PHP-Crystals-Online.jpg","contentUrl":"https:\/\/pvpgrams.com\/wp-content\/uploads\/2025\/12\/Order-A-PHP-Crystals-Online.jpg","width":600,"height":600,"caption":"Buy Alpha PHP online"},{"@type":"BreadcrumbList","@id":"https:\/\/pvpgrams.com\/product\/buy-alpha-php-online\/#breadcrumb","itemListElement":[{"@type":"ListItem","position":1,"name":"Home","item":"https:\/\/pvpgrams.com\/"},{"@type":"ListItem","position":2,"name":"Shop","item":"https:\/\/pvpgrams.com\/shop\/"},{"@type":"ListItem","position":3,"name":"Buy Alpha PHP online"}]},{"@type":"WebSite","@id":"https:\/\/pvpgrams.com\/#website","url":"https:\/\/pvpgrams.com\/","name":"PVP grammok","description":"","publisher":{"@id":"https:\/\/pvpgrams.com\/#organization"},"potentialAction":[{"@type":"SearchAction","target":{"@type":"EntryPoint","urlTemplate":"https:\/\/pvpgrams.com\/?s={search_term_string}"},"query-input":{"@type":"PropertyValueSpecification","valueRequired":true,"valueName":"search_term_string"}}],"inLanguage":"hu"},{"@type":"Organization","@id":"https:\/\/pvpgrams.com\/#organization","name":"PVP grammok","url":"https:\/\/pvpgrams.com\/","logo":{"@type":"ImageObject","inLanguage":"hu","@id":"https:\/\/pvpgrams.com\/#\/schema\/logo\/image\/","url":"https:\/\/pvpgrams.com\/wp-content\/uploads\/2024\/10\/logo.png","contentUrl":"https:\/\/pvpgrams.com\/wp-content\/uploads\/2024\/10\/logo.png","width":181,"height":41,"caption":"PVP Grams"},"image":{"@id":"https:\/\/pvpgrams.com\/#\/schema\/logo\/image\/"}}]}},"_links":{"self":[{"href":"https:\/\/pvpgrams.com\/hu\/wp-json\/wp\/v2\/product\/2223","targetHints":{"allow":["GET"]}}],"collection":[{"href":"https:\/\/pvpgrams.com\/hu\/wp-json\/wp\/v2\/product"}],"about":[{"href":"https:\/\/pvpgrams.com\/hu\/wp-json\/wp\/v2\/types\/product"}],"replies":[{"embeddable":true,"href":"https:\/\/pvpgrams.com\/hu\/wp-json\/wp\/v2\/comments?post=2223"}],"wp:featuredmedia":[{"embeddable":true,"href":"https:\/\/pvpgrams.com\/hu\/wp-json\/wp\/v2\/media\/2224"}],"wp:attachment":[{"href":"https:\/\/pvpgrams.com\/hu\/wp-json\/wp\/v2\/media?parent=2223"}],"wp:term":[{"taxonomy":"product_brand","embeddable":true,"href":"https:\/\/pvpgrams.com\/hu\/wp-json\/wp\/v2\/product_brand?post=2223"},{"taxonomy":"product_cat","embeddable":true,"href":"https:\/\/pvpgrams.com\/hu\/wp-json\/wp\/v2\/product_cat?post=2223"},{"taxonomy":"product_tag","embeddable":true,"href":"https:\/\/pvpgrams.com\/hu\/wp-json\/wp\/v2\/product_tag?post=2223"}],"curies":[{"name":"wp","href":"https:\/\/api.w.org\/{rel}","templated":true}]}}