{"id":1179,"date":"2024-10-31T18:15:27","date_gmt":"2024-10-31T18:15:27","guid":{"rendered":"https:\/\/pvpgrams.com\/?post_type=product&#038;p=1179"},"modified":"2025-09-02T10:38:02","modified_gmt":"2025-09-02T10:38:02","slug":"amphetamine","status":"publish","type":"product","link":"https:\/\/pvpgrams.com\/it\/product\/amphetamine\/","title":{"rendered":"Acquistare l'anfetamina online"},"content":{"rendered":"<h2 data-start=\"122\" data-end=\"182\"><strong data-start=\"122\" data-end=\"180\">Acquista anfetamine online da una fonte di ricerca affidabile<\/strong><\/h2>\n<p data-start=\"184\" data-end=\"224\"><strong data-start=\"184\" data-end=\"222\">Acquista anfetamine online su Pvpgrams<\/strong><\/p>\n<p data-start=\"226\" data-end=\"779\">Acquista anfetamina online da Pvpgrams, una fonte affidabile di anfetamina ad alta purezza per la ricerca e l'uso farmaceutico. L'anfetamina \u00e8 uno stimolante del sistema nervoso centrale comunemente utilizzato in ambito farmaceutico e nella ricerca clinica. Nota per la sua efficacia nel trattamento dell'ADHD e della narcolessia, <a href=\"https:\/\/pvpgrams.com\/it\/product\/amphetamine\/\">Anfetamina in vendita<\/a> \u00e8 prezioso per lo sviluppo di farmaci che migliorano la concentrazione, la veglia e le funzioni cognitive. Su Pvpgrams, puoi ordinare l'anfetamina in tutta sicurezza, con la garanzia che ogni lotto soddisfa rigorosi standard di qualit\u00e0 e requisiti di conformit\u00e0.<\/p>\n<h3 data-start=\"781\" data-end=\"810\">Usi principali dell'anfetamina<\/h3>\n<p data-start=\"812\" data-end=\"904\">L'acquisto online di anfetamine \u00e8 ampiamente utilizzato nella ricerca e nelle applicazioni farmaceutiche:<\/p>\n<ul data-start=\"906\" data-end=\"1401\">\n<li data-start=\"906\" data-end=\"1066\">\n<p data-start=\"908\" data-end=\"1066\">Sviluppo farmaceutico: l'anfetamina \u00e8 essenziale nella creazione di farmaci per l'ADHD e la narcolessia, poich\u00e9 favorisce la concentrazione e l'attenzione nei pazienti.<\/p>\n<\/li>\n<li data-start=\"1067\" data-end=\"1258\">\n<p data-start=\"1069\" data-end=\"1258\">Studi di ricerca clinica: i ricercatori utilizzano l'anfetamina per studiarne gli effetti sull'attenzione, sulla cognizione e sulla veglia, fornendo informazioni sui processi neurologici e psicologici.<\/p>\n<\/li>\n<li data-start=\"1259\" data-end=\"1401\">\n<p data-start=\"1261\" data-end=\"1401\">Anfetamine all'ingrosso per laboratori: Pvpgrams fornisce anfetamine all'ingrosso per laboratori che conducono studi su stimolanti e composti correlati.<\/p>\n<\/li>\n<\/ul>\n<h3 data-start=\"1403\" data-end=\"1443\">Perch\u00e9 acquistare anfetamina da Pvpgrams?<\/h3>\n<p data-start=\"1445\" data-end=\"1673\">In qualit\u00e0 di fornitore affidabile, Pvpgrams offre servizi premium <a href=\"https:\/\/en.wikipedia.org\/wiki\/Amphetamine\">Anfetamina<\/a> in vendita con purezza e consistenza garantite. Serviamo clienti in tutto il mondo, inclusi Stati Uniti, Europa, Canada e Asia, garantendo un'esperienza d'ordine impeccabile.<\/p>\n<p data-start=\"1675\" data-end=\"2146\">Anfetamina di alta qualit\u00e0 per laboratori: ogni lotto viene sottoposto a rigorosi test per garantire la purezza ottimale, fondamentale per applicazioni scientifiche e analitiche.<br data-start=\"1838\" data-end=\"1841\" \/>Qualit\u00e0 costante e affidabile: la nostra anfetamina \u00e8 formulata per fornire risultati stabili e riproducibili per la ricerca farmaceutica e di laboratorio.<br data-start=\"1994\" data-end=\"1997\" \/>Ordinazione online semplice e sicura: i ricercatori possono acquistare anfetamine online in tutta sicurezza tramite il processo di ordinazione semplificato e sicuro di Pvpgrams.<\/p>\n<h3 data-start=\"2148\" data-end=\"2204\">Applicazioni dell'anfetamina nella ricerca scientifica<\/h3>\n<p data-start=\"2206\" data-end=\"2308\">L'anfetamina ad alta purezza in vendita \u00e8 utilizzata in numerosi studi scientifici e farmacologici:<\/p>\n<ul data-start=\"2310\" data-end=\"2702\">\n<li data-start=\"2310\" data-end=\"2426\">\n<p data-start=\"2312\" data-end=\"2426\">Studi farmacologici: studiano i meccanismi d'azione dell'anfetamina, il legame con i recettori e le vie metaboliche.<\/p>\n<\/li>\n<li data-start=\"2427\" data-end=\"2558\">\n<p data-start=\"2429\" data-end=\"2558\">Ricerca chimica e analitica: l'anfetamina viene utilizzata per analizzare la struttura molecolare, la stabilit\u00e0 e le interazioni chimiche.<\/p>\n<\/li>\n<li data-start=\"2559\" data-end=\"2702\">\n<p data-start=\"2561\" data-end=\"2702\">Sviluppo e sperimentazione di sostanze: l'anfetamina \u00e8 utile negli esperimenti che coinvolgono lo sviluppo e la sperimentazione di composti stimolanti.<\/p>\n<\/li>\n<\/ul>\n<h3 data-start=\"2704\" data-end=\"2752\">Linee guida per la sicurezza e istruzioni per la conservazione<\/h3>\n<p data-start=\"2754\" data-end=\"2818\">Pvpgrams sottolinea l'importanza di una manipolazione e conservazione sicure dell'anfetamina:<\/p>\n<ul data-start=\"2820\" data-end=\"3226\">\n<li data-start=\"2820\" data-end=\"2942\">\n<p data-start=\"2822\" data-end=\"2942\">Conservazione sicura: conservare l'anfetamina in un luogo fresco e asciutto, lontano dalla luce solare diretta, per preservarne la qualit\u00e0 e la stabilit\u00e0.<\/p>\n<\/li>\n<li data-start=\"2943\" data-end=\"3048\">\n<p data-start=\"2945\" data-end=\"3048\">Precauzioni per la manipolazione: utilizzare dispositivi di protezione individuale (DPI) e lavorare in un'area ben ventilata.<\/p>\n<\/li>\n<li data-start=\"3049\" data-end=\"3226\">\n<p data-start=\"3051\" data-end=\"3226\">S\u00f3lo para uso en investigaci\u00f3n: la anfetamina est\u00e1 destinada estrictamente a fines de investigaci\u00f3n profesional en laboratorios certificados y no es apta para el consumo humano o animal.<\/p>\n<\/li>\n<\/ul>\n<h3 data-start=\"3228\" data-end=\"3281\">Ordina anfetamina ad alta purezza per la tua ricerca<\/h3>\n<p data-start=\"3283\" data-end=\"3554\">Cerchi di acquistare anfetamine da una fonte affidabile? Pvpgrams offre anfetamine di elevata purezza con spedizione rapida, transazioni sicure e qualit\u00e0 garantita. Ordina anfetamine online oggi stesso e assicurati risultati costanti e affidabili per i tuoi progetti scientifici.<\/p>\n<h3 data-start=\"3556\" data-end=\"3606\">Stato legale e disponibilit\u00e0 di anfetamina<\/h3>\n<p data-start=\"3608\" data-end=\"3928\">Lo status legale dell'anfetamina varia a seconda della regione a causa delle sue propriet\u00e0 stimolanti. Pvpgrams fornisce l'anfetamina in vendita esclusivamente per scopi farmaceutici e di ricerca autorizzati, garantendo la piena conformit\u00e0 alle normative locali e internazionali. Trova il posto migliore per acquistare l'anfetamina online con Pvpgrams.<\/p>\n<p data-start=\"3930\" data-end=\"3966\">Prezzo e ordinazione dell'anfetamina<\/p>\n<p data-start=\"3968\" data-end=\"4155\">Scopri i nostri prezzi competitivi per l'anfetamina, sia per ordini all'ingrosso che per ordini di laboratorio. Ricercatori e istituzioni possono acquistare anfetamina online in tutta sicurezza, con la certezza di qualit\u00e0 e affidabilit\u00e0.<\/p>","protected":false},"excerpt":{"rendered":"<p>L'anfetamina \u00e8 uno stimolante del sistema nervoso centrale che agisce sulle sostanze chimiche presenti nel cervello e nei nervi che contribuiscono all'iperattivit\u00e0 e al controllo degli impulsi. Viene spesso prescritta per patologie come l'ADHD e la narcolessia. Se da un lato pu\u00f2 migliorare la concentrazione e l'energia, dall'altro comporta rischi di effetti collaterali e di potenziale abuso. Se avete domande specifiche o bisogno di informazioni sui suoi effetti, usi o rischi, non esitate a chiedere!<\/p>\n<h3>Panoramica sull'anfetamina<\/h3>\n<p><strong>Formula:<\/strong> C9H13N<br \/>\n<strong>Forme:<\/strong> Anfetamina solfato, destroamfetamina, lisdexamfetamina<\/p>\n<p><strong>Utilizzi:<\/strong> Tratta l'ADHD e la narcolessia<br \/>\n<strong>Meccanismo:<\/strong> Aumenta il rilascio di dopamina e noradrenalina<br \/>\n<strong>Effetti collaterali:<\/strong> Insonnia, aumento della frequenza cardiaca, ansia, rischio di dipendenza<br \/>\n<strong>Regolamento:<\/strong> Sostanza controllata di cui all'elenco II<\/p>","protected":false},"featured_media":1180,"comment_status":"open","ping_status":"closed","template":"","meta":{"_kadence_starter_templates_imported_post":false,"_kad_post_transparent":"default","_kad_post_title":"","_kad_post_layout":"default","_kad_post_sidebar_id":"","_kad_post_content_style":"default","_kad_post_vertical_padding":"default","_kad_post_feature":"","_kad_post_feature_position":"","_kad_post_header":false,"_kad_post_footer":false,"_joinchat":[]},"product_brand":[],"product_cat":[359],"product_tag":[],"class_list":{"0":"post-1179","1":"product","2":"type-product","3":"status-publish","4":"has-post-thumbnail","6":"product_cat-stimulants","8":"first","9":"instock","10":"shipping-taxable","11":"purchasable","12":"product-type-variable","13":"entry","14":"content-bg","15":"loop-entry"},"yoast_head":"<!-- This site is optimized with the Yoast SEO plugin v26.5 - https:\/\/yoast.com\/wordpress\/plugins\/seo\/ -->\n<title>Buy Amphetamine Online - Amphetamine for Sale Online<\/title>\n<meta name=\"description\" content=\"At our pvpgrams, you can get amphetamine powder for sale at cheap rates. Here you can buy amphetamine online with high-quality from our store now with fast &amp; secure shipping service. Order Now!\" \/>\n<meta name=\"robots\" content=\"index, follow, max-snippet:-1, max-image-preview:large, max-video-preview:-1\" \/>\n<link rel=\"canonical\" href=\"https:\/\/pvpgrams.com\/it\/product\/amphetamine\/\" \/>\n<meta property=\"og:locale\" content=\"it_IT\" \/>\n<meta property=\"og:type\" content=\"article\" \/>\n<meta property=\"og:title\" content=\"Buy Amphetamine Online - Amphetamine for Sale Online\" \/>\n<meta property=\"og:description\" content=\"At our pvpgrams, you can get amphetamine powder for sale at cheap rates. Here you can buy amphetamine online with high-quality from our store now with fast &amp; secure shipping service. Order Now!\" \/>\n<meta property=\"og:url\" content=\"https:\/\/pvpgrams.com\/it\/product\/amphetamine\/\" \/>\n<meta property=\"og:site_name\" content=\"PVP Grams\" \/>\n<meta property=\"article:modified_time\" content=\"2025-09-02T10:38:02+00:00\" \/>\n<meta property=\"og:image\" content=\"https:\/\/pvpgrams.com\/wp-content\/uploads\/2024\/10\/Amphetamine.jpg\" \/>\n\t<meta property=\"og:image:width\" content=\"2048\" \/>\n\t<meta property=\"og:image:height\" content=\"1360\" \/>\n\t<meta property=\"og:image:type\" content=\"image\/jpeg\" \/>\n<meta name=\"twitter:card\" content=\"summary_large_image\" \/>\n<meta name=\"twitter:label1\" content=\"Tempo di lettura stimato\" \/>\n\t<meta name=\"twitter:data1\" content=\"3 minuti\" \/>\n<script type=\"application\/ld+json\" class=\"yoast-schema-graph\">{\"@context\":\"https:\/\/schema.org\",\"@graph\":[{\"@type\":[\"WebPage\",\"ItemPage\"],\"@id\":\"https:\/\/pvpgrams.com\/product\/amphetamine\/\",\"url\":\"https:\/\/pvpgrams.com\/product\/amphetamine\/\",\"name\":\"Buy Amphetamine Online - Amphetamine for Sale Online\",\"isPartOf\":{\"@id\":\"https:\/\/pvpgrams.com\/#website\"},\"primaryImageOfPage\":{\"@id\":\"https:\/\/pvpgrams.com\/product\/amphetamine\/#primaryimage\"},\"image\":{\"@id\":\"https:\/\/pvpgrams.com\/product\/amphetamine\/#primaryimage\"},\"thumbnailUrl\":\"https:\/\/pvpgrams.com\/wp-content\/uploads\/2024\/10\/Amphetamine.jpg\",\"datePublished\":\"2024-10-31T18:15:27+00:00\",\"dateModified\":\"2025-09-02T10:38:02+00:00\",\"description\":\"At our pvpgrams, you can get amphetamine powder for sale at cheap rates. Here you can buy amphetamine online with high-quality from our store now with fast & secure shipping service. Order Now!\",\"breadcrumb\":{\"@id\":\"https:\/\/pvpgrams.com\/product\/amphetamine\/#breadcrumb\"},\"inLanguage\":\"it-IT\",\"potentialAction\":[{\"@type\":\"ReadAction\",\"target\":[\"https:\/\/pvpgrams.com\/product\/amphetamine\/\"]}]},{\"@type\":\"ImageObject\",\"inLanguage\":\"it-IT\",\"@id\":\"https:\/\/pvpgrams.com\/product\/amphetamine\/#primaryimage\",\"url\":\"https:\/\/pvpgrams.com\/wp-content\/uploads\/2024\/10\/Amphetamine.jpg\",\"contentUrl\":\"https:\/\/pvpgrams.com\/wp-content\/uploads\/2024\/10\/Amphetamine.jpg\",\"width\":2048,\"height\":1360,\"caption\":\"Buy Amphetamine Online\"},{\"@type\":\"BreadcrumbList\",\"@id\":\"https:\/\/pvpgrams.com\/product\/amphetamine\/#breadcrumb\",\"itemListElement\":[{\"@type\":\"ListItem\",\"position\":1,\"name\":\"Home\",\"item\":\"https:\/\/pvpgrams.com\/\"},{\"@type\":\"ListItem\",\"position\":2,\"name\":\"Shop\",\"item\":\"https:\/\/pvpgrams.com\/shop\/\"},{\"@type\":\"ListItem\",\"position\":3,\"name\":\"Buy Amphetamine Online\"}]},{\"@type\":\"WebSite\",\"@id\":\"https:\/\/pvpgrams.com\/#website\",\"url\":\"https:\/\/pvpgrams.com\/\",\"name\":\"PVP Grams\",\"description\":\"\",\"publisher\":{\"@id\":\"https:\/\/pvpgrams.com\/#organization\"},\"potentialAction\":[{\"@type\":\"SearchAction\",\"target\":{\"@type\":\"EntryPoint\",\"urlTemplate\":\"https:\/\/pvpgrams.com\/?s={search_term_string}\"},\"query-input\":{\"@type\":\"PropertyValueSpecification\",\"valueRequired\":true,\"valueName\":\"search_term_string\"}}],\"inLanguage\":\"it-IT\"},{\"@type\":\"Organization\",\"@id\":\"https:\/\/pvpgrams.com\/#organization\",\"name\":\"PVP Grams\",\"url\":\"https:\/\/pvpgrams.com\/\",\"logo\":{\"@type\":\"ImageObject\",\"inLanguage\":\"it-IT\",\"@id\":\"https:\/\/pvpgrams.com\/#\/schema\/logo\/image\/\",\"url\":\"https:\/\/pvpgrams.com\/wp-content\/uploads\/2024\/10\/logo.png\",\"contentUrl\":\"https:\/\/pvpgrams.com\/wp-content\/uploads\/2024\/10\/logo.png\",\"width\":181,\"height\":41,\"caption\":\"PVP Grams\"},\"image\":{\"@id\":\"https:\/\/pvpgrams.com\/#\/schema\/logo\/image\/\"}}]}<\/script>\n<!-- \/ Yoast SEO plugin. -->","yoast_head_json":{"title":"Comprare Anfetamina online - Anfetamina in vendita online","description":"Presso il nostro pvpgrams, \u00e8 possibile ottenere polvere di anfetamina in vendita a prezzi economici. Qui \u00e8 possibile acquistare anfetamina online con alta qualit\u00e0 dal nostro negozio ora con il servizio di spedizione veloce e sicuro. Ordina ora!","robots":{"index":"index","follow":"follow","max-snippet":"max-snippet:-1","max-image-preview":"max-image-preview:large","max-video-preview":"max-video-preview:-1"},"canonical":"https:\/\/pvpgrams.com\/it\/product\/amphetamine\/","og_locale":"it_IT","og_type":"article","og_title":"Buy Amphetamine Online - Amphetamine for Sale Online","og_description":"At our pvpgrams, you can get amphetamine powder for sale at cheap rates. Here you can buy amphetamine online with high-quality from our store now with fast & secure shipping service. Order Now!","og_url":"https:\/\/pvpgrams.com\/it\/product\/amphetamine\/","og_site_name":"PVP Grams","article_modified_time":"2025-09-02T10:38:02+00:00","og_image":[{"width":2048,"height":1360,"url":"https:\/\/pvpgrams.com\/wp-content\/uploads\/2024\/10\/Amphetamine.jpg","type":"image\/jpeg"}],"twitter_card":"summary_large_image","twitter_misc":{"Tempo di lettura stimato":"3 minuti"},"schema":{"@context":"https:\/\/schema.org","@graph":[{"@type":["WebPage","ItemPage"],"@id":"https:\/\/pvpgrams.com\/product\/amphetamine\/","url":"https:\/\/pvpgrams.com\/product\/amphetamine\/","name":"Comprare Anfetamina online - Anfetamina in vendita online","isPartOf":{"@id":"https:\/\/pvpgrams.com\/#website"},"primaryImageOfPage":{"@id":"https:\/\/pvpgrams.com\/product\/amphetamine\/#primaryimage"},"image":{"@id":"https:\/\/pvpgrams.com\/product\/amphetamine\/#primaryimage"},"thumbnailUrl":"https:\/\/pvpgrams.com\/wp-content\/uploads\/2024\/10\/Amphetamine.jpg","datePublished":"2024-10-31T18:15:27+00:00","dateModified":"2025-09-02T10:38:02+00:00","description":"Presso il nostro pvpgrams, \u00e8 possibile ottenere polvere di anfetamina in vendita a prezzi economici. Qui \u00e8 possibile acquistare anfetamina online con alta qualit\u00e0 dal nostro negozio ora con il servizio di spedizione veloce e sicuro. Ordina ora!","breadcrumb":{"@id":"https:\/\/pvpgrams.com\/product\/amphetamine\/#breadcrumb"},"inLanguage":"it-IT","potentialAction":[{"@type":"ReadAction","target":["https:\/\/pvpgrams.com\/product\/amphetamine\/"]}]},{"@type":"ImageObject","inLanguage":"it-IT","@id":"https:\/\/pvpgrams.com\/product\/amphetamine\/#primaryimage","url":"https:\/\/pvpgrams.com\/wp-content\/uploads\/2024\/10\/Amphetamine.jpg","contentUrl":"https:\/\/pvpgrams.com\/wp-content\/uploads\/2024\/10\/Amphetamine.jpg","width":2048,"height":1360,"caption":"Buy Amphetamine Online"},{"@type":"BreadcrumbList","@id":"https:\/\/pvpgrams.com\/product\/amphetamine\/#breadcrumb","itemListElement":[{"@type":"ListItem","position":1,"name":"Home","item":"https:\/\/pvpgrams.com\/"},{"@type":"ListItem","position":2,"name":"Shop","item":"https:\/\/pvpgrams.com\/shop\/"},{"@type":"ListItem","position":3,"name":"Buy Amphetamine Online"}]},{"@type":"WebSite","@id":"https:\/\/pvpgrams.com\/#website","url":"https:\/\/pvpgrams.com\/","name":"Grammi PVP","description":"","publisher":{"@id":"https:\/\/pvpgrams.com\/#organization"},"potentialAction":[{"@type":"SearchAction","target":{"@type":"EntryPoint","urlTemplate":"https:\/\/pvpgrams.com\/?s={search_term_string}"},"query-input":{"@type":"PropertyValueSpecification","valueRequired":true,"valueName":"search_term_string"}}],"inLanguage":"it-IT"},{"@type":"Organization","@id":"https:\/\/pvpgrams.com\/#organization","name":"Grammi PVP","url":"https:\/\/pvpgrams.com\/","logo":{"@type":"ImageObject","inLanguage":"it-IT","@id":"https:\/\/pvpgrams.com\/#\/schema\/logo\/image\/","url":"https:\/\/pvpgrams.com\/wp-content\/uploads\/2024\/10\/logo.png","contentUrl":"https:\/\/pvpgrams.com\/wp-content\/uploads\/2024\/10\/logo.png","width":181,"height":41,"caption":"PVP Grams"},"image":{"@id":"https:\/\/pvpgrams.com\/#\/schema\/logo\/image\/"}}]}},"_links":{"self":[{"href":"https:\/\/pvpgrams.com\/it\/wp-json\/wp\/v2\/product\/1179","targetHints":{"allow":["GET"]}}],"collection":[{"href":"https:\/\/pvpgrams.com\/it\/wp-json\/wp\/v2\/product"}],"about":[{"href":"https:\/\/pvpgrams.com\/it\/wp-json\/wp\/v2\/types\/product"}],"replies":[{"embeddable":true,"href":"https:\/\/pvpgrams.com\/it\/wp-json\/wp\/v2\/comments?post=1179"}],"wp:featuredmedia":[{"embeddable":true,"href":"https:\/\/pvpgrams.com\/it\/wp-json\/wp\/v2\/media\/1180"}],"wp:attachment":[{"href":"https:\/\/pvpgrams.com\/it\/wp-json\/wp\/v2\/media?parent=1179"}],"wp:term":[{"taxonomy":"product_brand","embeddable":true,"href":"https:\/\/pvpgrams.com\/it\/wp-json\/wp\/v2\/product_brand?post=1179"},{"taxonomy":"product_cat","embeddable":true,"href":"https:\/\/pvpgrams.com\/it\/wp-json\/wp\/v2\/product_cat?post=1179"},{"taxonomy":"product_tag","embeddable":true,"href":"https:\/\/pvpgrams.com\/it\/wp-json\/wp\/v2\/product_tag?post=1179"}],"curies":[{"name":"wp","href":"https:\/\/api.w.org\/{rel}","templated":true}]}}