{"id":1184,"date":"2024-10-31T19:21:19","date_gmt":"2024-10-31T19:21:19","guid":{"rendered":"https:\/\/pvpgrams.com\/?post_type=product&#038;p=1184"},"modified":"2025-09-02T07:55:29","modified_gmt":"2025-09-02T07:55:29","slug":"metcatinone","status":"publish","type":"product","link":"https:\/\/pvpgrams.com\/it\/product\/metcatinone\/","title":{"rendered":"Comprare Methcathinone online"},"content":{"rendered":"<h2 data-start=\"105\" data-end=\"167\"><strong data-start=\"105\" data-end=\"165\">Acquista Metcatinone online da una fonte di ricerca affidabile<\/strong><\/h2>\n<p data-start=\"169\" data-end=\"211\"><strong data-start=\"169\" data-end=\"209\">Acquista Metcatinone online su Pvpgrams<\/strong><\/p>\n<p data-start=\"213\" data-end=\"804\"><a href=\"https:\/\/en.wikipedia.org\/wiki\/Methcathinone\">Metacatone<\/a> \u00c8 uno stimolante sintetico con effetti simili alle anfetamine ed \u00e8 chimicamente correlato al catinone, presente naturalmente nella pianta di khat. Originariamente sviluppato negli anni '20 come antidepressivo, non \u00e8 mai stato ampiamente adottato per uso medico a causa degli effetti collaterali e del potenziale di dipendenza. Oggi, il metcatinone in vendita \u00e8 classificato come sostanza controllata di Tabella I in molti paesi, inclusi gli Stati Uniti, a causa del suo elevato potenziale di abuso e della mancanza di un uso medico accettato. Su Pvpgrams, puoi <a href=\"https:\/\/pvpgrams.com\/it\/product\/metcatinone\/\">acquista Metcatinone online<\/a> in modo sicuro per scopi di ricerca.<\/p>\n<h3 data-start=\"806\" data-end=\"850\">Perch\u00e9 scegliere il metacatinone per la ricerca?<\/h3>\n<p data-start=\"852\" data-end=\"1267\">Acquistare il metcatinone online consente ai ricercatori di esplorare come questo psicostimolante influenzi l'attivit\u00e0 dei neurotrasmettitori, in particolare i livelli di dopamina e serotonina. Il metcatinone in vendita \u00e8 frequentemente utilizzato negli studi sui cambiamenti comportamentali, sul miglioramento dell'umore e sugli effetti degli stimolanti sul sistema nervoso centrale. \u00c8 ideale per la ricerca sulle funzioni cognitive, la concentrazione e le risposte comportamentali.<\/p>\n<h3 data-start=\"1269\" data-end=\"1309\">Metcatinone in vendita su Pvpgrams<\/h3>\n<p data-start=\"1311\" data-end=\"1631\">Noi di Pvpgrams garantiamo che il nostro Metcatinone sia della massima qualit\u00e0 e testato in laboratorio per verificarne la purezza. Offriamo ai ricercatori risultati affidabili e coerenti offrendo Metcatinone puro in vendita. Grazie alla spedizione rapida e discreta, puoi ordinare Metcatinone in modo sicuro e protetto dal nostro fornitore affidabile.<\/p>\n<h3 data-start=\"1633\" data-end=\"1665\">Come ordinare la metcatinone<\/h3>\n<p data-start=\"1667\" data-end=\"2014\">Pronto a iniziare la tua ricerca? Acquista Metcatinone online su Pvpgrams e scopri prodotti di alta qualit\u00e0, testati in laboratorio. Con transazioni sicure, spedizioni discrete e purezza garantita, Pvpgrams \u00e8 il tuo fornitore di fiducia. Dove acquistare Metcatinone? Pvpgrams \u00e8 il posto migliore per acquistare Metcatinone online per uso professionale e di ricerca.<\/p>\n<h3 data-start=\"2016\" data-end=\"2057\">Legalit\u00e0 e spedizione del metacatinone<\/h3>\n<p data-start=\"2059\" data-end=\"2346\">Prima di acquistare il Metcatinone, verifica la situazione legale nella tua regione, poich\u00e9 le normative variano. Pvpgrams vende il Metcatinone esclusivamente a scopo di ricerca, nel pieno rispetto delle leggi locali. Garantiamo spedizioni discrete e sicure per proteggere la tua privacy e garantire una consegna sicura.<\/p>\n<h3 data-start=\"2348\" data-end=\"2380\">Come viene utilizzato il metcatinone?<\/h3>\n<p data-start=\"2382\" data-end=\"2540\">Il metcatinone, acquistabile online, viene solitamente somministrato per via orale, sniffato o iniettato. Pu\u00f2 essere miscelato con liquidi o avvolto in carta per l'ingestione.<\/p>\n<h3 data-start=\"2542\" data-end=\"2565\">Effetti e rischi<\/h3>\n<p data-start=\"2567\" data-end=\"2732\">Il metcatinone agisce come stimolante del sistema nervoso centrale, aumentando il rilascio di dopamina, che pu\u00f2 portare a euforia, maggiore energia e prontezza di riflessi. I rischi includono:<\/p>\n<ul data-start=\"2734\" data-end=\"3028\">\n<li data-start=\"2734\" data-end=\"2788\">\n<p data-start=\"2736\" data-end=\"2788\">Dipendenza: l'uso regolare pu\u00f2 portare alla dipendenza.<\/p>\n<\/li>\n<li data-start=\"2789\" data-end=\"2887\">\n<p data-start=\"2791\" data-end=\"2887\">Rischi per la salute fisica: problemi cardiovascolari, insonnia, malnutrizione e problemi dentali.<\/p>\n<\/li>\n<li data-start=\"2888\" data-end=\"2970\">\n<p data-start=\"2890\" data-end=\"2970\">Problemi di salute mentale: ansia, paranoia e altri problemi psicologici.<\/p>\n<\/li>\n<li data-start=\"2971\" data-end=\"3028\">\n<p data-start=\"2973\" data-end=\"3028\">Toxicidad: Alta toxicidad cuando se usa con fines recreativos.<\/p>\n<\/li>\n<\/ul>\n<h3 data-start=\"3030\" data-end=\"3048\">Stato legale<\/h3>\n<p data-start=\"3050\" data-end=\"3226\">La vendita di metcatinone \u00e8 illegale nella maggior parte dei paesi e la produzione, la distribuzione e il possesso sono severamente monitorati. Le sanzioni sono severe a causa del suo potenziale danno.<\/p>\n<h3 data-start=\"3228\" data-end=\"3251\">Alternative sicure<\/h3>\n<p data-start=\"3253\" data-end=\"3482\">Per chi cerca stimolanti legali, le alternative pi\u00f9 sicure includono prodotti a base di caffeina, stimolanti su prescrizione medica e integratori da banco. Consultare un medico prima di utilizzare qualsiasi stimolante.<\/p>\n<p data-start=\"3484\" data-end=\"3520\">Acquista Metcatinone online oggi stesso<\/p>\n<p data-start=\"3522\" data-end=\"3767\">Cerchi un fornitore affidabile? Pvpgrams offre Metcatinone di prima qualit\u00e0 in vendita con transazioni sicure, consegna rapida e purezza garantita. Acquista Metcatinone online oggi stesso e scopri la comodit\u00e0 e l'affidabilit\u00e0 del nostro servizio.<\/p>\n<p data-start=\"3769\" data-end=\"3806\">Prezzo e qualit\u00e0 del metcatinone<\/p>\n<p data-start=\"3808\" data-end=\"4051\">Simson Pharma fornisce il cloridrato di metcatinone della migliore qualit\u00e0. Ogni composto \u00e8 corredato da un certificato di analisi, che ne garantisce purezza e autenticit\u00e0. Pvpgrams offre il prezzo competitivo del metcatinone per prodotti chimici di qualit\u00e0 per la ricerca.<\/p>","protected":false},"excerpt":{"rendered":"<p>Il metacatinone \u00e8 uno stimolante sintetico strutturalmente correlato al catinone, un composto naturale presente nella pianta del khat. Conosciuto per i suoi effetti euforizzanti ed energizzanti, il metacatinone \u00e8 spesso usato a scopo ricreativo, assomigliando agli effetti delle anfetamine. se si sta cercando di acquistare il metacatinone di alta qualit\u00e0 si pu\u00f2 anche acquistare con pvpgrams abbiamo buona qualit\u00e0 Methcathinone in vendita.<\/p>\n<h3>Dettagli del prodotto Metcathinone<\/h3>\n<p><strong>Formula chimica:<\/strong> C10H13N<\/p>\n<p><strong>Struttura molecolare:<\/strong><\/p>\n<ul>\n<li><strong>Peso molecolare:<\/strong> 149,22 g\/mol<\/li>\n<li><strong>Nome IUPAC:<\/strong> (S)-2-(metilammino)-1-fenilpropan-1-one<\/li>\n<\/ul>","protected":false},"featured_media":1447,"comment_status":"open","ping_status":"closed","template":"","meta":{"_kadence_starter_templates_imported_post":false,"_kad_post_transparent":"default","_kad_post_title":"","_kad_post_layout":"default","_kad_post_sidebar_id":"","_kad_post_content_style":"default","_kad_post_vertical_padding":"default","_kad_post_feature":"","_kad_post_feature_position":"","_kad_post_header":false,"_kad_post_footer":false,"_joinchat":[]},"product_brand":[],"product_cat":[359],"product_tag":[],"class_list":{"0":"post-1184","1":"product","2":"type-product","3":"status-publish","4":"has-post-thumbnail","6":"product_cat-stimulants","8":"first","9":"instock","10":"shipping-taxable","11":"purchasable","12":"product-type-variable","13":"entry","14":"content-bg","15":"loop-entry"},"yoast_head":"<!-- This site is optimized with the Yoast SEO plugin v26.5 - https:\/\/yoast.com\/wordpress\/plugins\/seo\/ -->\n<title>Methcathinone for Sale - Buy Methcathinone Online<\/title>\n<meta name=\"description\" content=\"You can get methcathinone for sale at the best rates from our online store. We are here to help you buy methcathinone online. Connect with best store in town today!\" \/>\n<meta name=\"robots\" content=\"index, follow, max-snippet:-1, max-image-preview:large, max-video-preview:-1\" \/>\n<link rel=\"canonical\" href=\"https:\/\/pvpgrams.com\/it\/product\/metcatinone\/\" \/>\n<meta property=\"og:locale\" content=\"it_IT\" \/>\n<meta property=\"og:type\" content=\"article\" \/>\n<meta property=\"og:title\" content=\"Methcathinone for Sale - Buy Methcathinone Online\" \/>\n<meta property=\"og:description\" content=\"You can get methcathinone for sale at the best rates from our online store. We are here to help you buy methcathinone online. Connect with best store in town today!\" \/>\n<meta property=\"og:url\" content=\"https:\/\/pvpgrams.com\/it\/product\/metcatinone\/\" \/>\n<meta property=\"og:site_name\" content=\"PVP Grams\" \/>\n<meta property=\"article:modified_time\" content=\"2025-09-02T07:55:29+00:00\" \/>\n<meta property=\"og:image\" content=\"https:\/\/pvpgrams.com\/wp-content\/uploads\/2024\/10\/Buy-Methcathinone-Online.jpg\" \/>\n\t<meta property=\"og:image:width\" content=\"600\" \/>\n\t<meta property=\"og:image:height\" content=\"600\" \/>\n\t<meta property=\"og:image:type\" content=\"image\/jpeg\" \/>\n<meta name=\"twitter:card\" content=\"summary_large_image\" \/>\n<meta name=\"twitter:label1\" content=\"Tempo di lettura stimato\" \/>\n\t<meta name=\"twitter:data1\" content=\"3 minuti\" \/>\n<script type=\"application\/ld+json\" class=\"yoast-schema-graph\">{\"@context\":\"https:\/\/schema.org\",\"@graph\":[{\"@type\":[\"WebPage\",\"ItemPage\"],\"@id\":\"https:\/\/pvpgrams.com\/product\/methcathinone\/\",\"url\":\"https:\/\/pvpgrams.com\/product\/methcathinone\/\",\"name\":\"Methcathinone for Sale - Buy Methcathinone Online\",\"isPartOf\":{\"@id\":\"https:\/\/pvpgrams.com\/#website\"},\"primaryImageOfPage\":{\"@id\":\"https:\/\/pvpgrams.com\/product\/methcathinone\/#primaryimage\"},\"image\":{\"@id\":\"https:\/\/pvpgrams.com\/product\/methcathinone\/#primaryimage\"},\"thumbnailUrl\":\"https:\/\/pvpgrams.com\/wp-content\/uploads\/2024\/10\/Buy-Methcathinone-Online.jpg\",\"datePublished\":\"2024-10-31T19:21:19+00:00\",\"dateModified\":\"2025-09-02T07:55:29+00:00\",\"description\":\"You can get methcathinone for sale at the best rates from our online store. We are here to help you buy methcathinone online. Connect with best store in town today!\",\"breadcrumb\":{\"@id\":\"https:\/\/pvpgrams.com\/product\/methcathinone\/#breadcrumb\"},\"inLanguage\":\"it-IT\",\"potentialAction\":[{\"@type\":\"ReadAction\",\"target\":[\"https:\/\/pvpgrams.com\/product\/methcathinone\/\"]}]},{\"@type\":\"ImageObject\",\"inLanguage\":\"it-IT\",\"@id\":\"https:\/\/pvpgrams.com\/product\/methcathinone\/#primaryimage\",\"url\":\"https:\/\/pvpgrams.com\/wp-content\/uploads\/2024\/10\/Buy-Methcathinone-Online.jpg\",\"contentUrl\":\"https:\/\/pvpgrams.com\/wp-content\/uploads\/2024\/10\/Buy-Methcathinone-Online.jpg\",\"width\":600,\"height\":600,\"caption\":\"Buy-Methcathinone-Online\"},{\"@type\":\"BreadcrumbList\",\"@id\":\"https:\/\/pvpgrams.com\/product\/methcathinone\/#breadcrumb\",\"itemListElement\":[{\"@type\":\"ListItem\",\"position\":1,\"name\":\"Home\",\"item\":\"https:\/\/pvpgrams.com\/\"},{\"@type\":\"ListItem\",\"position\":2,\"name\":\"Shop\",\"item\":\"https:\/\/pvpgrams.com\/shop\/\"},{\"@type\":\"ListItem\",\"position\":3,\"name\":\"Buy Methcathinone Online\"}]},{\"@type\":\"WebSite\",\"@id\":\"https:\/\/pvpgrams.com\/#website\",\"url\":\"https:\/\/pvpgrams.com\/\",\"name\":\"PVP Grams\",\"description\":\"\",\"publisher\":{\"@id\":\"https:\/\/pvpgrams.com\/#organization\"},\"potentialAction\":[{\"@type\":\"SearchAction\",\"target\":{\"@type\":\"EntryPoint\",\"urlTemplate\":\"https:\/\/pvpgrams.com\/?s={search_term_string}\"},\"query-input\":{\"@type\":\"PropertyValueSpecification\",\"valueRequired\":true,\"valueName\":\"search_term_string\"}}],\"inLanguage\":\"it-IT\"},{\"@type\":\"Organization\",\"@id\":\"https:\/\/pvpgrams.com\/#organization\",\"name\":\"PVP Grams\",\"url\":\"https:\/\/pvpgrams.com\/\",\"logo\":{\"@type\":\"ImageObject\",\"inLanguage\":\"it-IT\",\"@id\":\"https:\/\/pvpgrams.com\/#\/schema\/logo\/image\/\",\"url\":\"https:\/\/pvpgrams.com\/wp-content\/uploads\/2024\/10\/logo.png\",\"contentUrl\":\"https:\/\/pvpgrams.com\/wp-content\/uploads\/2024\/10\/logo.png\",\"width\":181,\"height\":41,\"caption\":\"PVP Grams\"},\"image\":{\"@id\":\"https:\/\/pvpgrams.com\/#\/schema\/logo\/image\/\"}}]}<\/script>\n<!-- \/ Yoast SEO plugin. -->","yoast_head_json":{"title":"Metcathinone in vendita - Comprare Metcathinone online","description":"\u00c8 possibile ottenere methcathinone in vendita ai migliori prezzi dal nostro negozio online. Siamo qui per aiutarvi a comprare methcathinone online. Collegatevi con il miglior negozio in citt\u00e0 oggi!","robots":{"index":"index","follow":"follow","max-snippet":"max-snippet:-1","max-image-preview":"max-image-preview:large","max-video-preview":"max-video-preview:-1"},"canonical":"https:\/\/pvpgrams.com\/it\/product\/metcatinone\/","og_locale":"it_IT","og_type":"article","og_title":"Methcathinone for Sale - Buy Methcathinone Online","og_description":"You can get methcathinone for sale at the best rates from our online store. We are here to help you buy methcathinone online. Connect with best store in town today!","og_url":"https:\/\/pvpgrams.com\/it\/product\/metcatinone\/","og_site_name":"PVP Grams","article_modified_time":"2025-09-02T07:55:29+00:00","og_image":[{"width":600,"height":600,"url":"https:\/\/pvpgrams.com\/wp-content\/uploads\/2024\/10\/Buy-Methcathinone-Online.jpg","type":"image\/jpeg"}],"twitter_card":"summary_large_image","twitter_misc":{"Tempo di lettura stimato":"3 minuti"},"schema":{"@context":"https:\/\/schema.org","@graph":[{"@type":["WebPage","ItemPage"],"@id":"https:\/\/pvpgrams.com\/product\/methcathinone\/","url":"https:\/\/pvpgrams.com\/product\/methcathinone\/","name":"Metcathinone in vendita - Comprare Metcathinone online","isPartOf":{"@id":"https:\/\/pvpgrams.com\/#website"},"primaryImageOfPage":{"@id":"https:\/\/pvpgrams.com\/product\/methcathinone\/#primaryimage"},"image":{"@id":"https:\/\/pvpgrams.com\/product\/methcathinone\/#primaryimage"},"thumbnailUrl":"https:\/\/pvpgrams.com\/wp-content\/uploads\/2024\/10\/Buy-Methcathinone-Online.jpg","datePublished":"2024-10-31T19:21:19+00:00","dateModified":"2025-09-02T07:55:29+00:00","description":"\u00c8 possibile ottenere methcathinone in vendita ai migliori prezzi dal nostro negozio online. Siamo qui per aiutarvi a comprare methcathinone online. Collegatevi con il miglior negozio in citt\u00e0 oggi!","breadcrumb":{"@id":"https:\/\/pvpgrams.com\/product\/methcathinone\/#breadcrumb"},"inLanguage":"it-IT","potentialAction":[{"@type":"ReadAction","target":["https:\/\/pvpgrams.com\/product\/methcathinone\/"]}]},{"@type":"ImageObject","inLanguage":"it-IT","@id":"https:\/\/pvpgrams.com\/product\/methcathinone\/#primaryimage","url":"https:\/\/pvpgrams.com\/wp-content\/uploads\/2024\/10\/Buy-Methcathinone-Online.jpg","contentUrl":"https:\/\/pvpgrams.com\/wp-content\/uploads\/2024\/10\/Buy-Methcathinone-Online.jpg","width":600,"height":600,"caption":"Buy-Methcathinone-Online"},{"@type":"BreadcrumbList","@id":"https:\/\/pvpgrams.com\/product\/methcathinone\/#breadcrumb","itemListElement":[{"@type":"ListItem","position":1,"name":"Home","item":"https:\/\/pvpgrams.com\/"},{"@type":"ListItem","position":2,"name":"Shop","item":"https:\/\/pvpgrams.com\/shop\/"},{"@type":"ListItem","position":3,"name":"Buy Methcathinone Online"}]},{"@type":"WebSite","@id":"https:\/\/pvpgrams.com\/#website","url":"https:\/\/pvpgrams.com\/","name":"Grammi PVP","description":"","publisher":{"@id":"https:\/\/pvpgrams.com\/#organization"},"potentialAction":[{"@type":"SearchAction","target":{"@type":"EntryPoint","urlTemplate":"https:\/\/pvpgrams.com\/?s={search_term_string}"},"query-input":{"@type":"PropertyValueSpecification","valueRequired":true,"valueName":"search_term_string"}}],"inLanguage":"it-IT"},{"@type":"Organization","@id":"https:\/\/pvpgrams.com\/#organization","name":"Grammi PVP","url":"https:\/\/pvpgrams.com\/","logo":{"@type":"ImageObject","inLanguage":"it-IT","@id":"https:\/\/pvpgrams.com\/#\/schema\/logo\/image\/","url":"https:\/\/pvpgrams.com\/wp-content\/uploads\/2024\/10\/logo.png","contentUrl":"https:\/\/pvpgrams.com\/wp-content\/uploads\/2024\/10\/logo.png","width":181,"height":41,"caption":"PVP Grams"},"image":{"@id":"https:\/\/pvpgrams.com\/#\/schema\/logo\/image\/"}}]}},"_links":{"self":[{"href":"https:\/\/pvpgrams.com\/it\/wp-json\/wp\/v2\/product\/1184","targetHints":{"allow":["GET"]}}],"collection":[{"href":"https:\/\/pvpgrams.com\/it\/wp-json\/wp\/v2\/product"}],"about":[{"href":"https:\/\/pvpgrams.com\/it\/wp-json\/wp\/v2\/types\/product"}],"replies":[{"embeddable":true,"href":"https:\/\/pvpgrams.com\/it\/wp-json\/wp\/v2\/comments?post=1184"}],"wp:featuredmedia":[{"embeddable":true,"href":"https:\/\/pvpgrams.com\/it\/wp-json\/wp\/v2\/media\/1447"}],"wp:attachment":[{"href":"https:\/\/pvpgrams.com\/it\/wp-json\/wp\/v2\/media?parent=1184"}],"wp:term":[{"taxonomy":"product_brand","embeddable":true,"href":"https:\/\/pvpgrams.com\/it\/wp-json\/wp\/v2\/product_brand?post=1184"},{"taxonomy":"product_cat","embeddable":true,"href":"https:\/\/pvpgrams.com\/it\/wp-json\/wp\/v2\/product_cat?post=1184"},{"taxonomy":"product_tag","embeddable":true,"href":"https:\/\/pvpgrams.com\/it\/wp-json\/wp\/v2\/product_tag?post=1184"}],"curies":[{"name":"wp","href":"https:\/\/api.w.org\/{rel}","templated":true}]}}