{"id":1208,"date":"2024-11-24T22:05:51","date_gmt":"2024-11-24T22:05:51","guid":{"rendered":"https:\/\/pvpgrams.com\/?post_type=product&#038;p=1208"},"modified":"2025-08-30T20:18:05","modified_gmt":"2025-08-30T20:18:05","slug":"dmt-vape","status":"publish","type":"product","link":"https:\/\/pvpgrams.com\/it\/product\/dmt-vape\/","title":{"rendered":"Acquistare DMT Vape online"},"content":{"rendered":"<h2 data-start=\"83\" data-end=\"140\"><strong data-start=\"83\" data-end=\"138\">Acquista DMT Vape online da una fonte di ricerca affidabile<\/strong><\/h2>\n<p data-start=\"142\" data-end=\"179\"><strong data-start=\"142\" data-end=\"177\">Acquistare DMT Vape online su Pvpgrams<\/strong><\/p>\n<p data-start=\"181\" data-end=\"656\">DMT Vape \u00e8 un metodo moderno e pratico per sperimentare il DMT (N,N-dimetiltriptamina), un composto noto per i suoi effetti unici su coscienza e percezione. Progettate per la facilit\u00e0 d'uso, le penne DMT Vape sono portatili, discrete e ideali sia per i ricercatori che per chi esplora la scoperta personale. Su Pvpgrams, offriamo DMT Vape di alta qualit\u00e0 in vendita per chi cerca una fonte affidabile e fidata. <a href=\"https:\/\/pvpgrams.com\/it\/product\/dmt-vape\/\">Acquistare DMT Vape online<\/a> oggi da un fornitore verificato.<\/p>\n<h3 data-start=\"658\" data-end=\"697\">Applicazioni e usi del DMT Vape<\/h3>\n<p data-start=\"699\" data-end=\"732\"><strong data-start=\"699\" data-end=\"730\">Convenienza e portabilit\u00e0<\/strong><\/p>\n<p data-start=\"734\" data-end=\"877\"><a href=\"https:\/\/en.wikipedia.org\/wiki\/Dimethyltryptamine\">DMT Vape<\/a> fornisce una soluzione facile da usare per esperienze controllate, rendendola ideale per chi cerca portabilit\u00e0 e discrezione.<\/p>\n<p data-start=\"879\" data-end=\"919\"><strong data-start=\"879\" data-end=\"917\">Esplorazione e scoperta personale<\/strong><\/p>\n<p data-start=\"921\" data-end=\"1127\">Grazie alla loro capacit\u00e0 di indurre stati alterati di coscienza, le penne DMT Vape sono popolari tra gli utenti che cercano intuizioni creative, esplorazione spirituale o crescita personale in ambienti controllati.<\/p>\n<p data-start=\"1129\" data-end=\"1153\"><strong data-start=\"1129\" data-end=\"1151\">Ricerca e studio<\/strong><\/p>\n<p data-start=\"1155\" data-end=\"1326\">L'acquisto online di DMT Vape \u00e8 interessante anche per la ricerca, poich\u00e9 offre un comodo metodo di somministrazione per studiare gli effetti del DMT sulla percezione, sulla neurobiologia e sulla coscienza.<\/p>\n<h3 data-start=\"1328\" data-end=\"1365\">Perch\u00e9 acquistare DMT Vape da Pvpgrams?<\/h3>\n<p data-start=\"1367\" data-end=\"1491\">Noi di Pvpgrams diamo priorit\u00e0 alla qualit\u00e0, alla sicurezza e alla soddisfazione del cliente, garantendo un'esperienza di acquisto fluida e sicura.<\/p>\n<p data-start=\"1493\" data-end=\"1525\"><strong data-start=\"1493\" data-end=\"1523\">Penne da Vape DMT di alta qualit\u00e0<\/strong><\/p>\n<p data-start=\"1527\" data-end=\"1683\">Il nostro DMT Vape in vendita \u00e8 progettato per offrire un'esperienza costante e sicura, garantendo la massima qualit\u00e0 sia per la ricerca che per l'esplorazione personale.<\/p>\n<p data-start=\"1685\" data-end=\"1723\"><strong data-start=\"1685\" data-end=\"1721\">Transazioni discrete e sicure<\/strong><\/p>\n<p data-start=\"1725\" data-end=\"1871\">Tutti gli ordini di acquisto online di DMT Vape vengono gestiti con discrezione e cura, con imballaggi sicuri per proteggere la tua privacy e riservatezza.<\/p>\n<p data-start=\"1873\" data-end=\"1905\"><strong data-start=\"1873\" data-end=\"1903\">Consegna rapida e affidabile<\/strong><\/p>\n<p data-start=\"1907\" data-end=\"2008\">Grazie alla nostra rete logistica affidabile, garantiamo la consegna puntuale del tuo DMT Vape presso la tua sede.<\/p>\n<p data-start=\"2010\" data-end=\"2034\"><strong data-start=\"2010\" data-end=\"2032\">Prezzi convenienti<\/strong><\/p>\n<p data-start=\"2036\" data-end=\"2164\">Il prezzo dei nostri vaporizzatori DMT \u00e8 competitivo, rendendo accessibili vaporizzatori DMT di qualit\u00e0 premium senza compromettere la sicurezza o l'affidabilit\u00e0.<\/p>\n<h3 data-start=\"2166\" data-end=\"2197\">Acquista oggi il DMT Vape online<\/h3>\n<p data-start=\"2199\" data-end=\"2588\">Cerchi il posto migliore per acquistare DMT Vape online? Su Pvpgrams, offriamo DMT Vape di prima qualit\u00e0 in vendita con transazioni sicure, consegna rapida e un servizio clienti eccellente. Che tu sia un ricercatore o un esploratore, le nostre penne DMT Vape offrono una soluzione moderna ed efficiente. Acquista subito DMT Vape online e scopri la comodit\u00e0 e la qualit\u00e0 dello shopping su Pvpgrams.<\/p>","protected":false},"excerpt":{"rendered":"<h3><strong>DMT Vape: Dimetiltriptamina di elevata purezza per applicazioni potenziate<\/strong><\/h3>\n<p><strong>DMT Vape<\/strong> offre un metodo comodo ed efficiente per consegnare <strong>Dimetiltriptamina<\/strong> attraverso la vaporizzazione. Nota per i suoi effetti psichedelici intensi e ad azione rapida, <strong>DMT Vape<\/strong> sta guadagnando popolarit\u00e0 per l'uso in <strong>ricerca scientifica<\/strong>, <strong>studi psichedelici<\/strong>, e <strong>applicazioni industriali<\/strong>. Questo metodo consente un assorbimento controllato e rapido, che lo rende una scelta ideale per i ricercatori che studiano <strong>neuroscienze<\/strong> e <strong>esplorazione della coscienza<\/strong>.<\/p>\n<p>Factoryson fornisce <strong>prodotti DMT Vape di elevata purezza<\/strong> progettato per <strong>scopi di ricerca e industriali<\/strong>garantendo una qualit\u00e0 di alto livello, un imballaggio sicuro e prezzi competitivi.<\/p>\n<h3><strong>Come funziona il DMT Vape<\/strong><\/h3>\n<p>DMT Vape funziona fornendo <strong>Dimetiltriptamina<\/strong> in forma vaporizzata, che viene inalata per un rapido assorbimento attraverso i polmoni. Questo metodo bypassa la digestione, portando a effetti quasi immediati. La DMT interagisce con <strong>recettori della serotonina<\/strong>, in primo luogo il <strong>Recettore 5-HT2A<\/strong>alterando l'attivit\u00e0 cerebrale per produrre esperienze visive vivide, introspezione emotiva e cambiamenti nella percezione sensoriale.<\/p>\n<ul>\n<li><strong>Insorgenza<\/strong>: Gli effetti iniziano entro 1-2 minuti dall'inalazione.<\/li>\n<li><strong>Effetti di picco<\/strong>: Raggiungibile in 5-10 minuti.<\/li>\n<li><strong>Durata<\/strong>: L'esperienza totale dura 15-30 minuti, a seconda del dosaggio.<\/li>\n<\/ul>\n<h3><strong>Formula e dettagli del prodotto<\/strong><\/h3>\n<ul>\n<li><strong>Formula molecolare<\/strong>: C12H16N2<\/li>\n<li><strong>Nome IUPAC<\/strong>: 2-(1H-Indol-3-il)-N,N-dimetiletanamina<\/li>\n<li><strong>Massa molare<\/strong>: 188,27 g\/mol<\/li>\n<li><strong>Classe chimica<\/strong>: Triptamina \/ Psichedelico<\/li>\n<li><strong>Aspetto<\/strong>: In genere sono integrati nelle cartucce da svapo per facilitarne l'uso.<\/li>\n<\/ul>","protected":false},"featured_media":1435,"comment_status":"open","ping_status":"closed","template":"","meta":{"_kadence_starter_templates_imported_post":false,"_kad_post_transparent":"default","_kad_post_title":"","_kad_post_layout":"default","_kad_post_sidebar_id":"","_kad_post_content_style":"default","_kad_post_vertical_padding":"default","_kad_post_feature":"","_kad_post_feature_position":"","_kad_post_header":false,"_kad_post_footer":false,"_joinchat":[]},"product_brand":[],"product_cat":[139],"product_tag":[],"class_list":{"0":"post-1208","1":"product","2":"type-product","3":"status-publish","4":"has-post-thumbnail","6":"product_cat-dmt-vape","8":"first","9":"instock","10":"shipping-taxable","11":"purchasable","12":"product-type-variable","13":"entry","14":"content-bg","15":"loop-entry"},"yoast_head":"<!-- This site is optimized with the Yoast SEO plugin v26.5 - https:\/\/yoast.com\/wordpress\/plugins\/seo\/ -->\n<title>Buy DMT Vape Online - DMT Vape for Sale | PVP Grams<\/title>\n<meta name=\"description\" content=\"If you have not tried dmt vape from our store, then you are missing a lot. We will help you buy dmt vape online at cheap rates. Get dmt vape for sale today!\" \/>\n<meta name=\"robots\" content=\"index, follow, max-snippet:-1, max-image-preview:large, max-video-preview:-1\" \/>\n<link rel=\"canonical\" href=\"https:\/\/pvpgrams.com\/it\/product\/dmt-vape\/\" \/>\n<meta property=\"og:locale\" content=\"it_IT\" \/>\n<meta property=\"og:type\" content=\"article\" \/>\n<meta property=\"og:title\" content=\"Buy DMT Vape Online - DMT Vape for Sale | PVP Grams\" \/>\n<meta property=\"og:description\" content=\"If you have not tried dmt vape from our store, then you are missing a lot. We will help you buy dmt vape online at cheap rates. Get dmt vape for sale today!\" \/>\n<meta property=\"og:url\" content=\"https:\/\/pvpgrams.com\/it\/product\/dmt-vape\/\" \/>\n<meta property=\"og:site_name\" content=\"PVP Grams\" \/>\n<meta property=\"article:modified_time\" content=\"2025-08-30T20:18:05+00:00\" \/>\n<meta property=\"og:image\" content=\"https:\/\/pvpgrams.com\/wp-content\/uploads\/2024\/11\/Buy-DMT-Vape-Online.jpg\" \/>\n\t<meta property=\"og:image:width\" content=\"600\" \/>\n\t<meta property=\"og:image:height\" content=\"600\" \/>\n\t<meta property=\"og:image:type\" content=\"image\/jpeg\" \/>\n<meta name=\"twitter:card\" content=\"summary_large_image\" \/>\n<meta name=\"twitter:label1\" content=\"Tempo di lettura stimato\" \/>\n\t<meta name=\"twitter:data1\" content=\"2 minuti\" \/>\n<script type=\"application\/ld+json\" class=\"yoast-schema-graph\">{\"@context\":\"https:\/\/schema.org\",\"@graph\":[{\"@type\":[\"WebPage\",\"ItemPage\"],\"@id\":\"https:\/\/pvpgrams.com\/product\/dmt-vape\/\",\"url\":\"https:\/\/pvpgrams.com\/product\/dmt-vape\/\",\"name\":\"Buy DMT Vape Online - DMT Vape for Sale | PVP Grams\",\"isPartOf\":{\"@id\":\"https:\/\/pvpgrams.com\/#website\"},\"primaryImageOfPage\":{\"@id\":\"https:\/\/pvpgrams.com\/product\/dmt-vape\/#primaryimage\"},\"image\":{\"@id\":\"https:\/\/pvpgrams.com\/product\/dmt-vape\/#primaryimage\"},\"thumbnailUrl\":\"https:\/\/pvpgrams.com\/wp-content\/uploads\/2024\/11\/Buy-DMT-Vape-Online.jpg\",\"datePublished\":\"2024-11-24T22:05:51+00:00\",\"dateModified\":\"2025-08-30T20:18:05+00:00\",\"description\":\"If you have not tried dmt vape from our store, then you are missing a lot. We will help you buy dmt vape online at cheap rates. Get dmt vape for sale today!\",\"breadcrumb\":{\"@id\":\"https:\/\/pvpgrams.com\/product\/dmt-vape\/#breadcrumb\"},\"inLanguage\":\"it-IT\",\"potentialAction\":[{\"@type\":\"ReadAction\",\"target\":[\"https:\/\/pvpgrams.com\/product\/dmt-vape\/\"]}]},{\"@type\":\"ImageObject\",\"inLanguage\":\"it-IT\",\"@id\":\"https:\/\/pvpgrams.com\/product\/dmt-vape\/#primaryimage\",\"url\":\"https:\/\/pvpgrams.com\/wp-content\/uploads\/2024\/11\/Buy-DMT-Vape-Online.jpg\",\"contentUrl\":\"https:\/\/pvpgrams.com\/wp-content\/uploads\/2024\/11\/Buy-DMT-Vape-Online.jpg\",\"width\":600,\"height\":600,\"caption\":\"Buy-DMT-Vape-Online\"},{\"@type\":\"BreadcrumbList\",\"@id\":\"https:\/\/pvpgrams.com\/product\/dmt-vape\/#breadcrumb\",\"itemListElement\":[{\"@type\":\"ListItem\",\"position\":1,\"name\":\"Home\",\"item\":\"https:\/\/pvpgrams.com\/\"},{\"@type\":\"ListItem\",\"position\":2,\"name\":\"Shop\",\"item\":\"https:\/\/pvpgrams.com\/shop\/\"},{\"@type\":\"ListItem\",\"position\":3,\"name\":\"Buy DMT Vape Online\"}]},{\"@type\":\"WebSite\",\"@id\":\"https:\/\/pvpgrams.com\/#website\",\"url\":\"https:\/\/pvpgrams.com\/\",\"name\":\"PVP Grams\",\"description\":\"\",\"publisher\":{\"@id\":\"https:\/\/pvpgrams.com\/#organization\"},\"potentialAction\":[{\"@type\":\"SearchAction\",\"target\":{\"@type\":\"EntryPoint\",\"urlTemplate\":\"https:\/\/pvpgrams.com\/?s={search_term_string}\"},\"query-input\":{\"@type\":\"PropertyValueSpecification\",\"valueRequired\":true,\"valueName\":\"search_term_string\"}}],\"inLanguage\":\"it-IT\"},{\"@type\":\"Organization\",\"@id\":\"https:\/\/pvpgrams.com\/#organization\",\"name\":\"PVP Grams\",\"url\":\"https:\/\/pvpgrams.com\/\",\"logo\":{\"@type\":\"ImageObject\",\"inLanguage\":\"it-IT\",\"@id\":\"https:\/\/pvpgrams.com\/#\/schema\/logo\/image\/\",\"url\":\"https:\/\/pvpgrams.com\/wp-content\/uploads\/2024\/10\/logo.png\",\"contentUrl\":\"https:\/\/pvpgrams.com\/wp-content\/uploads\/2024\/10\/logo.png\",\"width\":181,\"height\":41,\"caption\":\"PVP Grams\"},\"image\":{\"@id\":\"https:\/\/pvpgrams.com\/#\/schema\/logo\/image\/\"}}]}<\/script>\n<!-- \/ Yoast SEO plugin. -->","yoast_head_json":{"title":"Acquista DMT Vape online - DMT Vape in vendita | PVP Grammi","description":"Se non avete ancora provato i prodotti dmt vape dal nostro negozio, allora vi state perdendo molto. Vi aiuteremo a comprare dmt vape online a prezzi economici. Ottenere dmt vape in vendita oggi!","robots":{"index":"index","follow":"follow","max-snippet":"max-snippet:-1","max-image-preview":"max-image-preview:large","max-video-preview":"max-video-preview:-1"},"canonical":"https:\/\/pvpgrams.com\/it\/product\/dmt-vape\/","og_locale":"it_IT","og_type":"article","og_title":"Buy DMT Vape Online - DMT Vape for Sale | PVP Grams","og_description":"If you have not tried dmt vape from our store, then you are missing a lot. We will help you buy dmt vape online at cheap rates. Get dmt vape for sale today!","og_url":"https:\/\/pvpgrams.com\/it\/product\/dmt-vape\/","og_site_name":"PVP Grams","article_modified_time":"2025-08-30T20:18:05+00:00","og_image":[{"width":600,"height":600,"url":"https:\/\/pvpgrams.com\/wp-content\/uploads\/2024\/11\/Buy-DMT-Vape-Online.jpg","type":"image\/jpeg"}],"twitter_card":"summary_large_image","twitter_misc":{"Tempo di lettura stimato":"2 minuti"},"schema":{"@context":"https:\/\/schema.org","@graph":[{"@type":["WebPage","ItemPage"],"@id":"https:\/\/pvpgrams.com\/product\/dmt-vape\/","url":"https:\/\/pvpgrams.com\/product\/dmt-vape\/","name":"Acquista DMT Vape online - DMT Vape in vendita | PVP Grammi","isPartOf":{"@id":"https:\/\/pvpgrams.com\/#website"},"primaryImageOfPage":{"@id":"https:\/\/pvpgrams.com\/product\/dmt-vape\/#primaryimage"},"image":{"@id":"https:\/\/pvpgrams.com\/product\/dmt-vape\/#primaryimage"},"thumbnailUrl":"https:\/\/pvpgrams.com\/wp-content\/uploads\/2024\/11\/Buy-DMT-Vape-Online.jpg","datePublished":"2024-11-24T22:05:51+00:00","dateModified":"2025-08-30T20:18:05+00:00","description":"Se non avete ancora provato i prodotti dmt vape dal nostro negozio, allora vi state perdendo molto. Vi aiuteremo a comprare dmt vape online a prezzi economici. Ottenere dmt vape in vendita oggi!","breadcrumb":{"@id":"https:\/\/pvpgrams.com\/product\/dmt-vape\/#breadcrumb"},"inLanguage":"it-IT","potentialAction":[{"@type":"ReadAction","target":["https:\/\/pvpgrams.com\/product\/dmt-vape\/"]}]},{"@type":"ImageObject","inLanguage":"it-IT","@id":"https:\/\/pvpgrams.com\/product\/dmt-vape\/#primaryimage","url":"https:\/\/pvpgrams.com\/wp-content\/uploads\/2024\/11\/Buy-DMT-Vape-Online.jpg","contentUrl":"https:\/\/pvpgrams.com\/wp-content\/uploads\/2024\/11\/Buy-DMT-Vape-Online.jpg","width":600,"height":600,"caption":"Buy-DMT-Vape-Online"},{"@type":"BreadcrumbList","@id":"https:\/\/pvpgrams.com\/product\/dmt-vape\/#breadcrumb","itemListElement":[{"@type":"ListItem","position":1,"name":"Home","item":"https:\/\/pvpgrams.com\/"},{"@type":"ListItem","position":2,"name":"Shop","item":"https:\/\/pvpgrams.com\/shop\/"},{"@type":"ListItem","position":3,"name":"Buy DMT Vape Online"}]},{"@type":"WebSite","@id":"https:\/\/pvpgrams.com\/#website","url":"https:\/\/pvpgrams.com\/","name":"Grammi PVP","description":"","publisher":{"@id":"https:\/\/pvpgrams.com\/#organization"},"potentialAction":[{"@type":"SearchAction","target":{"@type":"EntryPoint","urlTemplate":"https:\/\/pvpgrams.com\/?s={search_term_string}"},"query-input":{"@type":"PropertyValueSpecification","valueRequired":true,"valueName":"search_term_string"}}],"inLanguage":"it-IT"},{"@type":"Organization","@id":"https:\/\/pvpgrams.com\/#organization","name":"Grammi PVP","url":"https:\/\/pvpgrams.com\/","logo":{"@type":"ImageObject","inLanguage":"it-IT","@id":"https:\/\/pvpgrams.com\/#\/schema\/logo\/image\/","url":"https:\/\/pvpgrams.com\/wp-content\/uploads\/2024\/10\/logo.png","contentUrl":"https:\/\/pvpgrams.com\/wp-content\/uploads\/2024\/10\/logo.png","width":181,"height":41,"caption":"PVP Grams"},"image":{"@id":"https:\/\/pvpgrams.com\/#\/schema\/logo\/image\/"}}]}},"_links":{"self":[{"href":"https:\/\/pvpgrams.com\/it\/wp-json\/wp\/v2\/product\/1208","targetHints":{"allow":["GET"]}}],"collection":[{"href":"https:\/\/pvpgrams.com\/it\/wp-json\/wp\/v2\/product"}],"about":[{"href":"https:\/\/pvpgrams.com\/it\/wp-json\/wp\/v2\/types\/product"}],"replies":[{"embeddable":true,"href":"https:\/\/pvpgrams.com\/it\/wp-json\/wp\/v2\/comments?post=1208"}],"wp:featuredmedia":[{"embeddable":true,"href":"https:\/\/pvpgrams.com\/it\/wp-json\/wp\/v2\/media\/1435"}],"wp:attachment":[{"href":"https:\/\/pvpgrams.com\/it\/wp-json\/wp\/v2\/media?parent=1208"}],"wp:term":[{"taxonomy":"product_brand","embeddable":true,"href":"https:\/\/pvpgrams.com\/it\/wp-json\/wp\/v2\/product_brand?post=1208"},{"taxonomy":"product_cat","embeddable":true,"href":"https:\/\/pvpgrams.com\/it\/wp-json\/wp\/v2\/product_cat?post=1208"},{"taxonomy":"product_tag","embeddable":true,"href":"https:\/\/pvpgrams.com\/it\/wp-json\/wp\/v2\/product_tag?post=1208"}],"curies":[{"name":"wp","href":"https:\/\/api.w.org\/{rel}","templated":true}]}}