{"id":1222,"date":"2024-11-24T22:43:46","date_gmt":"2024-11-24T22:43:46","guid":{"rendered":"https:\/\/pvpgrams.com\/?post_type=product&#038;p=1222"},"modified":"2025-08-30T18:54:36","modified_gmt":"2025-08-30T18:54:36","slug":"5-meo-dmt","status":"publish","type":"product","link":"https:\/\/pvpgrams.com\/it\/product\/5-meo-dmt\/","title":{"rendered":"Comprare 5-MeO-DMT online"},"content":{"rendered":"<h2 data-start=\"117\" data-end=\"175\"><strong data-start=\"117\" data-end=\"173\">Acquista 5-MeO-DMT online da una fonte di ricerca affidabile<\/strong><\/h2>\n<p data-start=\"177\" data-end=\"215\"><strong data-start=\"177\" data-end=\"213\">Acquistare 5-MeO-DMT online su Pvpgrams<\/strong><\/p>\n<p data-start=\"217\" data-end=\"774\"><a href=\"https:\/\/pvpgrams.com\/it\/product\/5-meo-dmt\/\">Acquistare 5-MeO-DMT online<\/a> La (5-metossi-N,N-dimetiltriptamina) \u00e8 un potente composto triptaminico naturale, noto per i suoi profondi effetti sulla coscienza e sulla percezione. Ampiamente studiata per le sue propriet\u00e0 uniche, la 5-MeO-DMT in vendita ha attirato l'attenzione sia nella ricerca scientifica che nell'esplorazione personale. Noi di Pvpgrams forniamo 5-MeO-DMT di alta qualit\u00e0 a ricercatori e privati \u200b\u200bche cercano una fonte affidabile, con transazioni sicure, imballaggi discreti e consegne rapide. Ordina la 5-MeO-DMT in modo sicuro e affidabile dalla nostra piattaforma.<\/p>\n<h3 data-start=\"776\" data-end=\"816\">Applicazioni e usi della 5-MeO-DMT<\/h3>\n<p data-start=\"818\" data-end=\"862\"><strong data-start=\"818\" data-end=\"860\">Ricerca scientifica e studi accademici<\/strong><\/p>\n<p data-start=\"864\" data-end=\"1164\"><a href=\"https:\/\/en.wikipedia.org\/wiki\/5-MeO-DMT\">5-MeO-DMT<\/a> Viene frequentemente utilizzato nella ricerca neuroscientifica e psicofarmacologica per studiarne l'interazione con i recettori della serotonina e i suoi effetti su cognizione e coscienza. I laboratori acquistano 5-MeO-DMT online per esplorarne la struttura e l'attivit\u00e0 biologica in condizioni controllate.<\/p>\n<p data-start=\"1166\" data-end=\"1209\"><strong data-start=\"1166\" data-end=\"1207\">Esplorazione e studi sulla coscienza<\/strong><\/p>\n<p data-start=\"1211\" data-end=\"1406\">Molte persone acquistano il 5-MeO-DMT per la sua capacit\u00e0 di indurre stati alterati di coscienza in contesti intenzionali e controllati, il che lo rende popolare per l'auto-scoperta e la ricerca spirituale.<\/p>\n<p data-start=\"1408\" data-end=\"1438\"><strong data-start=\"1408\" data-end=\"1436\">Interesse farmacologico<\/strong><\/p>\n<p data-start=\"1440\" data-end=\"1620\">In quanto derivato della triptamina, il 5-MeO-DMT \u00e8 di notevole interesse negli studi farmacologici, in particolare nell'analisi del legame dei recettori e nelle potenziali applicazioni terapeutiche.<\/p>\n<h3 data-start=\"1622\" data-end=\"1660\">Perch\u00e9 acquistare 5-MeO-DMT da Pvpgrams?<\/h3>\n<p data-start=\"1662\" data-end=\"1800\">Noi di Pvpgrams garantiamo un'esperienza di prim'ordine a ricercatori ed esploratori, dando priorit\u00e0 alla qualit\u00e0, all'affidabilit\u00e0 e alla soddisfazione del cliente.<\/p>\n<p data-start=\"1802\" data-end=\"1830\"><strong data-start=\"1802\" data-end=\"1828\">5-MeO-DMT di alta qualit\u00e0<\/strong><\/p>\n<p data-start=\"1832\" data-end=\"1973\">Il nostro 5-MeO-DMT online \u00e8 verificato per purezza e coerenza, garantendo il rispetto di rigorosi standard sia per la ricerca che per lo studio personale.<\/p>\n<p data-start=\"1975\" data-end=\"2013\"><strong data-start=\"1975\" data-end=\"2011\">Transazioni sicure e discrete<\/strong><\/p>\n<p data-start=\"2015\" data-end=\"2123\">Garantiamo la tua privacy con metodi di pagamento sicuri e imballaggi discreti per ogni ordine di 5-MeO-DMT.<\/p>\n<p data-start=\"2125\" data-end=\"2157\"><strong data-start=\"2125\" data-end=\"2155\">Consegna rapida e affidabile<\/strong><\/p>\n<p data-start=\"2159\" data-end=\"2294\">Quando ordini 5-MeO-DMT, la nostra rete logistica garantisce una consegna puntuale e sicura in tutto il mondo, rispettando i tempi previsti per i tuoi progetti.<\/p>\n<p data-start=\"2296\" data-end=\"2320\"><strong data-start=\"2296\" data-end=\"2318\">Prezzi convenienti<\/strong><\/p>\n<p data-start=\"2322\" data-end=\"2441\">Offriamo prezzi competitivi per il 5-MeO-DMT, garantendo un valore eccellente senza compromettere la purezza o la qualit\u00e0.<\/p>\n<h3 data-start=\"2443\" data-end=\"2471\">Dove acquistare la 5-MeO-DMT<\/h3>\n<p data-start=\"2473\" data-end=\"2661\">Vuoi sapere dove acquistare 5-MeO-DMT? Pvpgrams \u00e8 un fornitore affidabile e verificato che offre prodotti di alta qualit\u00e0 e piena trasparenza, il che lo rende il posto migliore per acquistare 5-MeO-DMT online.<\/p>\n<h3 data-start=\"2663\" data-end=\"2695\">Comprare 5-MeO-DMT online oggi stesso<\/h3>\n<p data-start=\"2697\" data-end=\"3043\">Cerchi una fonte affidabile di 5-MeO-DMT in vendita? Noi di Pvpgrams offriamo 5-MeO-DMT di prima qualit\u00e0, acquisti online sicuri, spedizioni rapide e un'assistenza clienti eccezionale. Che tu sia un ricercatore o un esploratore, acquista 5-MeO-DMT online oggi stesso e scopri la comodit\u00e0, la sicurezza e la qualit\u00e0 di lavorare con un fornitore affidabile.<\/p>","protected":false},"excerpt":{"rendered":"<h3><strong>5-MeO-DMT: triptamina di elevata purezza per la ricerca e l'uso industriale<\/strong><\/h3>\n<p><strong>5-MeO-DMT (5-Metossi-N,N-dimetiltriptamina)<\/strong> \u00e8 un composto triptaminico presente in natura, rinomato per le sue propriet\u00e0 <strong>effetti psichedelici ed entogenici<\/strong>. Presente nelle piante e in alcune specie animali, \u00e8 ampiamente studiata in <strong>neuroscienze<\/strong>, <strong>ricerca sugli psichedelici<\/strong>, e <strong>analisi chimica<\/strong>. Factoryson fornisce <strong>5-MeO-DMT di elevata purezza<\/strong> per <strong>ricerca e applicazioni industriali<\/strong>garantendo una qualit\u00e0 eccellente e una consegna sicura.<\/p>\n<h3><strong>Come funziona la 5-MeO-DMT<\/strong><\/h3>\n<p>La 5-MeO-DMT agisce principalmente come un <strong>agonista<\/strong> a <strong>Recettori della serotonina 5-HT1A e 5-HT2A<\/strong>che porta a profonde alterazioni della percezione, dell'umore e della cognizione. La sua rapida insorgenza e i suoi effetti intensi lo rendono un composto prezioso per lo studio di <strong>coscienza<\/strong> e <strong>interazioni con i neurotrasmettitori<\/strong>.<\/p>\n<h3><strong>Formula del prodotto<\/strong><\/h3>\n<ul>\n<li><strong>Nome chimico<\/strong>: 5-metossi-N,N-dimetiltriptamina<\/li>\n<li><strong>Formula molecolare<\/strong>: C13H18N2O<\/li>\n<li><strong>Massa molare<\/strong>: 218,3 g\/mol<\/li>\n<\/ul>","protected":false},"featured_media":1430,"comment_status":"open","ping_status":"closed","template":"","meta":{"_kadence_starter_templates_imported_post":false,"_kad_post_transparent":"default","_kad_post_title":"","_kad_post_layout":"default","_kad_post_sidebar_id":"","_kad_post_content_style":"default","_kad_post_vertical_padding":"default","_kad_post_feature":"","_kad_post_feature_position":"","_kad_post_header":false,"_kad_post_footer":false,"_joinchat":[]},"product_brand":[],"product_cat":[53,55,58,139],"product_tag":[],"class_list":{"0":"post-1222","1":"product","2":"type-product","3":"status-publish","4":"has-post-thumbnail","6":"product_cat-4-aco-dmt","7":"product_cat-5-meo-dmt","8":"product_cat-dmt","9":"product_cat-dmt-vape","11":"first","12":"instock","13":"shipping-taxable","14":"purchasable","15":"product-type-variable","16":"entry","17":"content-bg","18":"loop-entry"},"yoast_head":"<!-- This site is optimized with the Yoast SEO plugin v26.5 - https:\/\/yoast.com\/wordpress\/plugins\/seo\/ -->\n<title>Buy 5-MeO-DMT Online - 5-MeO-DMT Powder for Sale<\/title>\n<meta name=\"description\" content=\"Looking to buy 5 meo dmt online? Discover a seamless platform at our online store where you can 5 meo dmt powder for sale, ensuring top-grade quality for your research needs.\" \/>\n<meta name=\"robots\" content=\"index, follow, max-snippet:-1, max-image-preview:large, max-video-preview:-1\" \/>\n<link rel=\"canonical\" href=\"https:\/\/pvpgrams.com\/it\/product\/5-meo-dmt\/\" \/>\n<meta property=\"og:locale\" content=\"it_IT\" \/>\n<meta property=\"og:type\" content=\"article\" \/>\n<meta property=\"og:title\" content=\"Buy 5-MeO-DMT Online - 5-MeO-DMT Powder for Sale\" \/>\n<meta property=\"og:description\" content=\"Looking to buy 5 meo dmt online? Discover a seamless platform at our online store where you can 5 meo dmt powder for sale, ensuring top-grade quality for your research needs.\" \/>\n<meta property=\"og:url\" content=\"https:\/\/pvpgrams.com\/it\/product\/5-meo-dmt\/\" \/>\n<meta property=\"og:site_name\" content=\"PVP Grams\" \/>\n<meta property=\"article:modified_time\" content=\"2025-08-30T18:54:36+00:00\" \/>\n<meta property=\"og:image\" content=\"https:\/\/pvpgrams.com\/wp-content\/uploads\/2024\/11\/Buy-5-MeO-DMT-Online.jpg\" \/>\n\t<meta property=\"og:image:width\" content=\"600\" \/>\n\t<meta property=\"og:image:height\" content=\"600\" \/>\n\t<meta property=\"og:image:type\" content=\"image\/jpeg\" \/>\n<meta name=\"twitter:card\" content=\"summary_large_image\" \/>\n<meta name=\"twitter:label1\" content=\"Tempo di lettura stimato\" \/>\n\t<meta name=\"twitter:data1\" content=\"2 minuti\" \/>\n<script type=\"application\/ld+json\" class=\"yoast-schema-graph\">{\"@context\":\"https:\/\/schema.org\",\"@graph\":[{\"@type\":[\"WebPage\",\"ItemPage\"],\"@id\":\"https:\/\/pvpgrams.com\/product\/5-meo-dmt\/\",\"url\":\"https:\/\/pvpgrams.com\/product\/5-meo-dmt\/\",\"name\":\"Buy 5-MeO-DMT Online - 5-MeO-DMT Powder for Sale\",\"isPartOf\":{\"@id\":\"https:\/\/pvpgrams.com\/#website\"},\"primaryImageOfPage\":{\"@id\":\"https:\/\/pvpgrams.com\/product\/5-meo-dmt\/#primaryimage\"},\"image\":{\"@id\":\"https:\/\/pvpgrams.com\/product\/5-meo-dmt\/#primaryimage\"},\"thumbnailUrl\":\"https:\/\/pvpgrams.com\/wp-content\/uploads\/2024\/11\/Buy-5-MeO-DMT-Online.jpg\",\"datePublished\":\"2024-11-24T22:43:46+00:00\",\"dateModified\":\"2025-08-30T18:54:36+00:00\",\"description\":\"Looking to buy 5 meo dmt online? Discover a seamless platform at our online store where you can 5 meo dmt powder for sale, ensuring top-grade quality for your research needs.\",\"breadcrumb\":{\"@id\":\"https:\/\/pvpgrams.com\/product\/5-meo-dmt\/#breadcrumb\"},\"inLanguage\":\"it-IT\",\"potentialAction\":[{\"@type\":\"ReadAction\",\"target\":[\"https:\/\/pvpgrams.com\/product\/5-meo-dmt\/\"]}]},{\"@type\":\"ImageObject\",\"inLanguage\":\"it-IT\",\"@id\":\"https:\/\/pvpgrams.com\/product\/5-meo-dmt\/#primaryimage\",\"url\":\"https:\/\/pvpgrams.com\/wp-content\/uploads\/2024\/11\/Buy-5-MeO-DMT-Online.jpg\",\"contentUrl\":\"https:\/\/pvpgrams.com\/wp-content\/uploads\/2024\/11\/Buy-5-MeO-DMT-Online.jpg\",\"width\":600,\"height\":600,\"caption\":\"Buy-5-MeO-DMT-Online\"},{\"@type\":\"BreadcrumbList\",\"@id\":\"https:\/\/pvpgrams.com\/product\/5-meo-dmt\/#breadcrumb\",\"itemListElement\":[{\"@type\":\"ListItem\",\"position\":1,\"name\":\"Home\",\"item\":\"https:\/\/pvpgrams.com\/\"},{\"@type\":\"ListItem\",\"position\":2,\"name\":\"Shop\",\"item\":\"https:\/\/pvpgrams.com\/shop\/\"},{\"@type\":\"ListItem\",\"position\":3,\"name\":\"Buy 5-MeO-DMT Online\"}]},{\"@type\":\"WebSite\",\"@id\":\"https:\/\/pvpgrams.com\/#website\",\"url\":\"https:\/\/pvpgrams.com\/\",\"name\":\"PVP Grams\",\"description\":\"\",\"publisher\":{\"@id\":\"https:\/\/pvpgrams.com\/#organization\"},\"potentialAction\":[{\"@type\":\"SearchAction\",\"target\":{\"@type\":\"EntryPoint\",\"urlTemplate\":\"https:\/\/pvpgrams.com\/?s={search_term_string}\"},\"query-input\":{\"@type\":\"PropertyValueSpecification\",\"valueRequired\":true,\"valueName\":\"search_term_string\"}}],\"inLanguage\":\"it-IT\"},{\"@type\":\"Organization\",\"@id\":\"https:\/\/pvpgrams.com\/#organization\",\"name\":\"PVP Grams\",\"url\":\"https:\/\/pvpgrams.com\/\",\"logo\":{\"@type\":\"ImageObject\",\"inLanguage\":\"it-IT\",\"@id\":\"https:\/\/pvpgrams.com\/#\/schema\/logo\/image\/\",\"url\":\"https:\/\/pvpgrams.com\/wp-content\/uploads\/2024\/10\/logo.png\",\"contentUrl\":\"https:\/\/pvpgrams.com\/wp-content\/uploads\/2024\/10\/logo.png\",\"width\":181,\"height\":41,\"caption\":\"PVP Grams\"},\"image\":{\"@id\":\"https:\/\/pvpgrams.com\/#\/schema\/logo\/image\/\"}}]}<\/script>\n<!-- \/ Yoast SEO plugin. -->","yoast_head_json":{"title":"Comprare 5-MeO-DMT online - 5-MeO-DMT in polvere in vendita","description":"State cercando di acquistare 5 meo dmt online? Scoprite una piattaforma senza soluzione di continuit\u00e0 nel nostro negozio online dove potete acquistare 5 meo dmt in polvere, garantendo una qualit\u00e0 di prim'ordine per le vostre esigenze di ricerca.","robots":{"index":"index","follow":"follow","max-snippet":"max-snippet:-1","max-image-preview":"max-image-preview:large","max-video-preview":"max-video-preview:-1"},"canonical":"https:\/\/pvpgrams.com\/it\/product\/5-meo-dmt\/","og_locale":"it_IT","og_type":"article","og_title":"Buy 5-MeO-DMT Online - 5-MeO-DMT Powder for Sale","og_description":"Looking to buy 5 meo dmt online? Discover a seamless platform at our online store where you can 5 meo dmt powder for sale, ensuring top-grade quality for your research needs.","og_url":"https:\/\/pvpgrams.com\/it\/product\/5-meo-dmt\/","og_site_name":"PVP Grams","article_modified_time":"2025-08-30T18:54:36+00:00","og_image":[{"width":600,"height":600,"url":"https:\/\/pvpgrams.com\/wp-content\/uploads\/2024\/11\/Buy-5-MeO-DMT-Online.jpg","type":"image\/jpeg"}],"twitter_card":"summary_large_image","twitter_misc":{"Tempo di lettura stimato":"2 minuti"},"schema":{"@context":"https:\/\/schema.org","@graph":[{"@type":["WebPage","ItemPage"],"@id":"https:\/\/pvpgrams.com\/product\/5-meo-dmt\/","url":"https:\/\/pvpgrams.com\/product\/5-meo-dmt\/","name":"Comprare 5-MeO-DMT online - 5-MeO-DMT in polvere in vendita","isPartOf":{"@id":"https:\/\/pvpgrams.com\/#website"},"primaryImageOfPage":{"@id":"https:\/\/pvpgrams.com\/product\/5-meo-dmt\/#primaryimage"},"image":{"@id":"https:\/\/pvpgrams.com\/product\/5-meo-dmt\/#primaryimage"},"thumbnailUrl":"https:\/\/pvpgrams.com\/wp-content\/uploads\/2024\/11\/Buy-5-MeO-DMT-Online.jpg","datePublished":"2024-11-24T22:43:46+00:00","dateModified":"2025-08-30T18:54:36+00:00","description":"State cercando di acquistare 5 meo dmt online? Scoprite una piattaforma senza soluzione di continuit\u00e0 nel nostro negozio online dove potete acquistare 5 meo dmt in polvere, garantendo una qualit\u00e0 di prim'ordine per le vostre esigenze di ricerca.","breadcrumb":{"@id":"https:\/\/pvpgrams.com\/product\/5-meo-dmt\/#breadcrumb"},"inLanguage":"it-IT","potentialAction":[{"@type":"ReadAction","target":["https:\/\/pvpgrams.com\/product\/5-meo-dmt\/"]}]},{"@type":"ImageObject","inLanguage":"it-IT","@id":"https:\/\/pvpgrams.com\/product\/5-meo-dmt\/#primaryimage","url":"https:\/\/pvpgrams.com\/wp-content\/uploads\/2024\/11\/Buy-5-MeO-DMT-Online.jpg","contentUrl":"https:\/\/pvpgrams.com\/wp-content\/uploads\/2024\/11\/Buy-5-MeO-DMT-Online.jpg","width":600,"height":600,"caption":"Buy-5-MeO-DMT-Online"},{"@type":"BreadcrumbList","@id":"https:\/\/pvpgrams.com\/product\/5-meo-dmt\/#breadcrumb","itemListElement":[{"@type":"ListItem","position":1,"name":"Home","item":"https:\/\/pvpgrams.com\/"},{"@type":"ListItem","position":2,"name":"Shop","item":"https:\/\/pvpgrams.com\/shop\/"},{"@type":"ListItem","position":3,"name":"Buy 5-MeO-DMT Online"}]},{"@type":"WebSite","@id":"https:\/\/pvpgrams.com\/#website","url":"https:\/\/pvpgrams.com\/","name":"Grammi PVP","description":"","publisher":{"@id":"https:\/\/pvpgrams.com\/#organization"},"potentialAction":[{"@type":"SearchAction","target":{"@type":"EntryPoint","urlTemplate":"https:\/\/pvpgrams.com\/?s={search_term_string}"},"query-input":{"@type":"PropertyValueSpecification","valueRequired":true,"valueName":"search_term_string"}}],"inLanguage":"it-IT"},{"@type":"Organization","@id":"https:\/\/pvpgrams.com\/#organization","name":"Grammi PVP","url":"https:\/\/pvpgrams.com\/","logo":{"@type":"ImageObject","inLanguage":"it-IT","@id":"https:\/\/pvpgrams.com\/#\/schema\/logo\/image\/","url":"https:\/\/pvpgrams.com\/wp-content\/uploads\/2024\/10\/logo.png","contentUrl":"https:\/\/pvpgrams.com\/wp-content\/uploads\/2024\/10\/logo.png","width":181,"height":41,"caption":"PVP Grams"},"image":{"@id":"https:\/\/pvpgrams.com\/#\/schema\/logo\/image\/"}}]}},"_links":{"self":[{"href":"https:\/\/pvpgrams.com\/it\/wp-json\/wp\/v2\/product\/1222","targetHints":{"allow":["GET"]}}],"collection":[{"href":"https:\/\/pvpgrams.com\/it\/wp-json\/wp\/v2\/product"}],"about":[{"href":"https:\/\/pvpgrams.com\/it\/wp-json\/wp\/v2\/types\/product"}],"replies":[{"embeddable":true,"href":"https:\/\/pvpgrams.com\/it\/wp-json\/wp\/v2\/comments?post=1222"}],"wp:featuredmedia":[{"embeddable":true,"href":"https:\/\/pvpgrams.com\/it\/wp-json\/wp\/v2\/media\/1430"}],"wp:attachment":[{"href":"https:\/\/pvpgrams.com\/it\/wp-json\/wp\/v2\/media?parent=1222"}],"wp:term":[{"taxonomy":"product_brand","embeddable":true,"href":"https:\/\/pvpgrams.com\/it\/wp-json\/wp\/v2\/product_brand?post=1222"},{"taxonomy":"product_cat","embeddable":true,"href":"https:\/\/pvpgrams.com\/it\/wp-json\/wp\/v2\/product_cat?post=1222"},{"taxonomy":"product_tag","embeddable":true,"href":"https:\/\/pvpgrams.com\/it\/wp-json\/wp\/v2\/product_tag?post=1222"}],"curies":[{"name":"wp","href":"https:\/\/api.w.org\/{rel}","templated":true}]}}