{"id":1224,"date":"2024-11-24T22:54:10","date_gmt":"2024-11-24T22:54:10","guid":{"rendered":"https:\/\/pvpgrams.com\/?post_type=product&#038;p=1224"},"modified":"2025-10-30T10:32:31","modified_gmt":"2025-10-30T10:32:31","slug":"6-apb","status":"publish","type":"product","link":"https:\/\/pvpgrams.com\/it\/product\/6-apb\/","title":{"rendered":"Comprare 6-APB online"},"content":{"rendered":"<h2 data-start=\"117\" data-end=\"171\"><strong data-start=\"117\" data-end=\"169\">Acquista 6-APB online da una fonte di ricerca affidabile<\/strong><\/h2>\n<p data-start=\"173\" data-end=\"207\"><strong data-start=\"173\" data-end=\"205\">Acquistare 6-APB online su Pvpgrams<\/strong><\/p>\n<p data-start=\"209\" data-end=\"659\"><a href=\"https:\/\/pvpgrams.com\/it\/product\/6-apb\/\">6-APB (6-(2-amminopropil)benzofurano)<\/a> \u00e8 un composto sintetico appartenente alla classe dei benzofurani. \u00c8 noto nella comunit\u00e0 scientifica per la sua somiglianza strutturale con MDMA e MDA, che lo rende un composto chiave per gli studi sull'interazione recettoriale e sui percorsi neurochimici. Noi di Pvpgrams offriamo 6-APB di alta qualit\u00e0 a ricercatori e professionisti che desiderano acquistare 6-APB online, con transazioni sicure, imballaggi discreti e consegne affidabili.<\/p>\n<h3 data-start=\"661\" data-end=\"697\">Applicazioni e usi del 6-APB<\/h3>\n<p data-start=\"699\" data-end=\"743\"><strong>Ricerca scientifica e studi accademici<\/strong><\/p>\n<p data-start=\"745\" data-end=\"1002\"><a href=\"https:\/\/en.wikipedia.org\/wiki\/6-APB\">6-APB<\/a> \u00c8 ampiamente utilizzato nella ricerca neuroscientifica e farmacologica per esplorare la sua interazione con i recettori della serotonina e della dopamina. I ricercatori acquistano 6-APB per studiarne le caratteristiche strutturali e funzionali in ambienti di laboratorio controllati.<\/p>\n<p data-start=\"1004\" data-end=\"1050\"><strong>Esplorazione delle dinamiche di legame dei recettori<\/strong><\/p>\n<p data-start=\"1052\" data-end=\"1298\">La struttura unica del composto lo rende ideale per studiare l'attivit\u00e0 recettoriale, in particolare le vie della serotonina e la modulazione neurochimica. Chi cerca 6-APB in vendita lo trover\u00e0 una risorsa inestimabile per la ricerca sul legame recettoriale.<\/p>\n<p data-start=\"1300\" data-end=\"1330\"><strong>Interesse farmacologico<\/strong><\/p>\n<p data-start=\"1332\" data-end=\"1576\">Il 6-APB \u00e8 spesso utilizzato negli studi comparativi sui derivati \u200b\u200bdel benzofurano per studiarne le potenziali applicazioni e il loro impatto sui sistemi recettoriali. Ordinando il 6-APB online si garantisce l'accesso a una sostanza chimica di ricerca ad alta purezza e testata in laboratorio.<\/p>\n<h3 data-start=\"1578\" data-end=\"1619\">Perch\u00e9 acquistare 6-APB online da Pvpgrams?<\/h3>\n<p data-start=\"1621\" data-end=\"1746\">Noi di Pvpgrams puntiamo sulla qualit\u00e0, l'affidabilit\u00e0 e la soddisfazione del cliente, il che ci rende il posto migliore per acquistare 6-APB online.<\/p>\n<p data-start=\"1748\" data-end=\"1772\"><strong data-start=\"1748\" data-end=\"1770\">6-APB di alta qualit\u00e0<\/strong><\/p>\n<p data-start=\"1774\" data-end=\"1905\">Il nostro 6-APB \u00e8 testato in laboratorio per garantirne purezza e coerenza, rendendolo adatto all'uso professionale, accademico e di ricerca.<\/p>\n<p data-start=\"1907\" data-end=\"1945\"><strong data-start=\"1907\" data-end=\"1943\">Transazioni sicure e discrete<\/strong><\/p>\n<p data-start=\"1947\" data-end=\"2061\">Rispettiamo la tua privacy e garantiamo che tutti gli ordini di acquisto online 6-APB siano confezionati con discrezione ed elaborati in modo sicuro.<\/p>\n<p data-start=\"2063\" data-end=\"2095\"><strong data-start=\"2063\" data-end=\"2093\">Consegna rapida e affidabile<\/strong><\/p>\n<p data-start=\"2097\" data-end=\"2242\">Cuando nos pide 6-APB, nuestra red log\u00edstica garantiza una entrega puntual en todo el mundo, permitiendo que sus proyectos contin\u00faen sin demoras.<\/p>\n<p data-start=\"2244\" data-end=\"2268\"><strong data-start=\"2244\" data-end=\"2266\">Prezzi convenienti<\/strong><\/p>\n<p data-start=\"2270\" data-end=\"2410\">Offriamo prezzi competitivi per 6-APB senza compromettere la qualit\u00e0, garantendo un valore eccellente per ricercatori e acquirenti qualificati.<\/p>\n<h3 data-start=\"2412\" data-end=\"2436\">Dove acquistare il 6-APB<\/h3>\n<p data-start=\"2438\" data-end=\"2607\">Vuoi sapere dove acquistare 6-APB? Pvpgrams \u00e8 un fornitore affidabile e fidato che offre prodotti verificati e di elevata purezza, oltre a una documentazione trasparente per scopi di ricerca.<\/p>\n<h3 data-start=\"2609\" data-end=\"2637\">Comprare 6-APB online oggi<\/h3>\n<p data-start=\"2639\" data-end=\"2984\">Cerchi un fornitore affidabile di 6-APB in vendita? Noi di Pvpgrams offriamo 6-APB di prima qualit\u00e0 con acquisti online sicuri, spedizioni rapide e un'assistenza clienti eccezionale. Che si tratti di ricerca o di studio analitico, acquista 6-APB online oggi stesso e scopri la comodit\u00e0, la sicurezza e l'affidabilit\u00e0 di lavorare con un fornitore affidabile.<\/p>","protected":false},"excerpt":{"rendered":"<p><strong>5-MeO-DMT (5-Metossi-N,N-dimetiltriptamina)<\/strong> \u00e8 un composto triptaminico presente in natura, rinomato per le sue propriet\u00e0 <strong>effetti psichedelici ed entogenici<\/strong>. Presente nelle piante e in alcune specie animali, \u00e8 ampiamente studiata in <strong>neuroscienze<\/strong>, <strong>ricerca sugli psichedelici<\/strong>, e <strong>analisi chimica<\/strong>. Factoryson fornisce <strong>5-MeO-DMT di elevata purezza<\/strong> per <strong>ricerca e applicazioni industriali<\/strong>garantendo una qualit\u00e0 eccellente e una consegna sicura.<\/p>\n<h3><strong>Come funziona la 5-MeO-DMT<\/strong><\/h3>\n<p>La 5-MeO-DMT agisce principalmente come un <strong>agonista<\/strong> a <strong>Recettori della serotonina 5-HT1A e 5-HT2A<\/strong>che porta a profonde alterazioni della percezione, dell'umore e della cognizione. La sua rapida insorgenza e i suoi effetti intensi lo rendono un composto prezioso per lo studio di <strong>coscienza<\/strong> e <strong>interazioni con i neurotrasmettitori<\/strong>.<\/p>\n<h3><strong>Formula del prodotto<\/strong><\/h3>\n<ul>\n<li><strong>Nome chimico<\/strong>: 5-metossi-N,N-dimetiltriptamina<\/li>\n<li><strong>Formula molecolare<\/strong>: C13H18N2O<\/li>\n<li><strong>Massa molare<\/strong>: 218,3 g\/mol<\/li>\n<\/ul>","protected":false},"featured_media":1429,"comment_status":"open","ping_status":"closed","template":"","meta":{"_kadence_starter_templates_imported_post":false,"_kad_post_transparent":"default","_kad_post_title":"","_kad_post_layout":"default","_kad_post_sidebar_id":"","_kad_post_content_style":"default","_kad_post_vertical_padding":"default","_kad_post_feature":"","_kad_post_feature_position":"","_kad_post_header":false,"_kad_post_footer":false,"_joinchat":[]},"product_brand":[],"product_cat":[51,53,54,56,58],"product_tag":[],"class_list":{"0":"post-1224","1":"product","2":"type-product","3":"status-publish","4":"has-post-thumbnail","6":"product_cat-2cb","7":"product_cat-4-aco-dmt","8":"product_cat-4-mmc","9":"product_cat-6-apb","10":"product_cat-dmt","12":"first","13":"instock","14":"shipping-taxable","15":"purchasable","16":"product-type-variable","17":"entry","18":"content-bg","19":"loop-entry"},"yoast_head":"<!-- This site is optimized with the Yoast SEO plugin v26.5 - https:\/\/yoast.com\/wordpress\/plugins\/seo\/ -->\n<title>6-APB for Sale - Buy 6-APB Powder Online | PVP Grams<\/title>\n<meta name=\"description\" content=\"Get 6-apb for sale at one of the best online stores pvpgrams. We will help you buy 6-apb online of high quality. Don&#039;t delay to place your order and take advantage of the newest discounts!\" \/>\n<meta name=\"robots\" content=\"index, follow, max-snippet:-1, max-image-preview:large, max-video-preview:-1\" \/>\n<link rel=\"canonical\" href=\"https:\/\/pvpgrams.com\/it\/product\/6-apb\/\" \/>\n<meta property=\"og:locale\" content=\"it_IT\" \/>\n<meta property=\"og:type\" content=\"article\" \/>\n<meta property=\"og:title\" content=\"6-APB for Sale - Buy 6-APB Powder Online | PVP Grams\" \/>\n<meta property=\"og:description\" content=\"Get 6-apb for sale at one of the best online stores pvpgrams. We will help you buy 6-apb online of high quality. Don&#039;t delay to place your order and take advantage of the newest discounts!\" \/>\n<meta property=\"og:url\" content=\"https:\/\/pvpgrams.com\/it\/product\/6-apb\/\" \/>\n<meta property=\"og:site_name\" content=\"PVP Grams\" \/>\n<meta property=\"article:modified_time\" content=\"2025-10-30T10:32:31+00:00\" \/>\n<meta property=\"og:image\" content=\"https:\/\/pvpgrams.com\/wp-content\/uploads\/2024\/11\/Buy-6-APB-Online.jpg\" \/>\n\t<meta property=\"og:image:width\" content=\"600\" \/>\n\t<meta property=\"og:image:height\" content=\"600\" \/>\n\t<meta property=\"og:image:type\" content=\"image\/jpeg\" \/>\n<meta name=\"twitter:card\" content=\"summary_large_image\" \/>\n<meta name=\"twitter:label1\" content=\"Tempo di lettura stimato\" \/>\n\t<meta name=\"twitter:data1\" content=\"2 minuti\" \/>\n<script type=\"application\/ld+json\" class=\"yoast-schema-graph\">{\"@context\":\"https:\/\/schema.org\",\"@graph\":[{\"@type\":[\"WebPage\",\"ItemPage\"],\"@id\":\"https:\/\/pvpgrams.com\/product\/6-apb\/\",\"url\":\"https:\/\/pvpgrams.com\/product\/6-apb\/\",\"name\":\"6-APB for Sale - Buy 6-APB Powder Online | PVP Grams\",\"isPartOf\":{\"@id\":\"https:\/\/pvpgrams.com\/#website\"},\"primaryImageOfPage\":{\"@id\":\"https:\/\/pvpgrams.com\/product\/6-apb\/#primaryimage\"},\"image\":{\"@id\":\"https:\/\/pvpgrams.com\/product\/6-apb\/#primaryimage\"},\"thumbnailUrl\":\"https:\/\/pvpgrams.com\/wp-content\/uploads\/2024\/11\/Buy-6-APB-Online.jpg\",\"datePublished\":\"2024-11-24T22:54:10+00:00\",\"dateModified\":\"2025-10-30T10:32:31+00:00\",\"description\":\"Get 6-apb for sale at one of the best online stores pvpgrams. We will help you buy 6-apb online of high quality. Don't delay to place your order and take advantage of the newest discounts!\",\"breadcrumb\":{\"@id\":\"https:\/\/pvpgrams.com\/product\/6-apb\/#breadcrumb\"},\"inLanguage\":\"it-IT\",\"potentialAction\":[{\"@type\":\"ReadAction\",\"target\":[\"https:\/\/pvpgrams.com\/product\/6-apb\/\"]}]},{\"@type\":\"ImageObject\",\"inLanguage\":\"it-IT\",\"@id\":\"https:\/\/pvpgrams.com\/product\/6-apb\/#primaryimage\",\"url\":\"https:\/\/pvpgrams.com\/wp-content\/uploads\/2024\/11\/Buy-6-APB-Online.jpg\",\"contentUrl\":\"https:\/\/pvpgrams.com\/wp-content\/uploads\/2024\/11\/Buy-6-APB-Online.jpg\",\"width\":600,\"height\":600,\"caption\":\"Buy-6-APB-Online\"},{\"@type\":\"BreadcrumbList\",\"@id\":\"https:\/\/pvpgrams.com\/product\/6-apb\/#breadcrumb\",\"itemListElement\":[{\"@type\":\"ListItem\",\"position\":1,\"name\":\"Home\",\"item\":\"https:\/\/pvpgrams.com\/\"},{\"@type\":\"ListItem\",\"position\":2,\"name\":\"Shop\",\"item\":\"https:\/\/pvpgrams.com\/shop\/\"},{\"@type\":\"ListItem\",\"position\":3,\"name\":\"Buy 6-APB Online\"}]},{\"@type\":\"WebSite\",\"@id\":\"https:\/\/pvpgrams.com\/#website\",\"url\":\"https:\/\/pvpgrams.com\/\",\"name\":\"PVP Grams\",\"description\":\"\",\"publisher\":{\"@id\":\"https:\/\/pvpgrams.com\/#organization\"},\"potentialAction\":[{\"@type\":\"SearchAction\",\"target\":{\"@type\":\"EntryPoint\",\"urlTemplate\":\"https:\/\/pvpgrams.com\/?s={search_term_string}\"},\"query-input\":{\"@type\":\"PropertyValueSpecification\",\"valueRequired\":true,\"valueName\":\"search_term_string\"}}],\"inLanguage\":\"it-IT\"},{\"@type\":\"Organization\",\"@id\":\"https:\/\/pvpgrams.com\/#organization\",\"name\":\"PVP Grams\",\"url\":\"https:\/\/pvpgrams.com\/\",\"logo\":{\"@type\":\"ImageObject\",\"inLanguage\":\"it-IT\",\"@id\":\"https:\/\/pvpgrams.com\/#\/schema\/logo\/image\/\",\"url\":\"https:\/\/pvpgrams.com\/wp-content\/uploads\/2024\/10\/logo.png\",\"contentUrl\":\"https:\/\/pvpgrams.com\/wp-content\/uploads\/2024\/10\/logo.png\",\"width\":181,\"height\":41,\"caption\":\"PVP Grams\"},\"image\":{\"@id\":\"https:\/\/pvpgrams.com\/#\/schema\/logo\/image\/\"}}]}<\/script>\n<!-- \/ Yoast SEO plugin. -->","yoast_head_json":{"title":"6-APB in vendita - Comprare 6-APB in polvere online | PVP Grammi","description":"Ottieni 6-apb in vendita in uno dei migliori negozi online pvpgrams. Vi aiuteremo a comprare 6-apb online di alta qualit\u00e0. Non tardate a fare il vostro ordine e approfittate dei pi\u00f9 recenti sconti!","robots":{"index":"index","follow":"follow","max-snippet":"max-snippet:-1","max-image-preview":"max-image-preview:large","max-video-preview":"max-video-preview:-1"},"canonical":"https:\/\/pvpgrams.com\/it\/product\/6-apb\/","og_locale":"it_IT","og_type":"article","og_title":"6-APB for Sale - Buy 6-APB Powder Online | PVP Grams","og_description":"Get 6-apb for sale at one of the best online stores pvpgrams. We will help you buy 6-apb online of high quality. Don't delay to place your order and take advantage of the newest discounts!","og_url":"https:\/\/pvpgrams.com\/it\/product\/6-apb\/","og_site_name":"PVP Grams","article_modified_time":"2025-10-30T10:32:31+00:00","og_image":[{"width":600,"height":600,"url":"https:\/\/pvpgrams.com\/wp-content\/uploads\/2024\/11\/Buy-6-APB-Online.jpg","type":"image\/jpeg"}],"twitter_card":"summary_large_image","twitter_misc":{"Tempo di lettura stimato":"2 minuti"},"schema":{"@context":"https:\/\/schema.org","@graph":[{"@type":["WebPage","ItemPage"],"@id":"https:\/\/pvpgrams.com\/product\/6-apb\/","url":"https:\/\/pvpgrams.com\/product\/6-apb\/","name":"6-APB in vendita - Comprare 6-APB in polvere online | PVP Grammi","isPartOf":{"@id":"https:\/\/pvpgrams.com\/#website"},"primaryImageOfPage":{"@id":"https:\/\/pvpgrams.com\/product\/6-apb\/#primaryimage"},"image":{"@id":"https:\/\/pvpgrams.com\/product\/6-apb\/#primaryimage"},"thumbnailUrl":"https:\/\/pvpgrams.com\/wp-content\/uploads\/2024\/11\/Buy-6-APB-Online.jpg","datePublished":"2024-11-24T22:54:10+00:00","dateModified":"2025-10-30T10:32:31+00:00","description":"Ottieni 6-apb in vendita in uno dei migliori negozi online pvpgrams. Vi aiuteremo a comprare 6-apb online di alta qualit\u00e0. Non tardate a fare il vostro ordine e approfittate dei pi\u00f9 recenti sconti!","breadcrumb":{"@id":"https:\/\/pvpgrams.com\/product\/6-apb\/#breadcrumb"},"inLanguage":"it-IT","potentialAction":[{"@type":"ReadAction","target":["https:\/\/pvpgrams.com\/product\/6-apb\/"]}]},{"@type":"ImageObject","inLanguage":"it-IT","@id":"https:\/\/pvpgrams.com\/product\/6-apb\/#primaryimage","url":"https:\/\/pvpgrams.com\/wp-content\/uploads\/2024\/11\/Buy-6-APB-Online.jpg","contentUrl":"https:\/\/pvpgrams.com\/wp-content\/uploads\/2024\/11\/Buy-6-APB-Online.jpg","width":600,"height":600,"caption":"Buy-6-APB-Online"},{"@type":"BreadcrumbList","@id":"https:\/\/pvpgrams.com\/product\/6-apb\/#breadcrumb","itemListElement":[{"@type":"ListItem","position":1,"name":"Home","item":"https:\/\/pvpgrams.com\/"},{"@type":"ListItem","position":2,"name":"Shop","item":"https:\/\/pvpgrams.com\/shop\/"},{"@type":"ListItem","position":3,"name":"Buy 6-APB Online"}]},{"@type":"WebSite","@id":"https:\/\/pvpgrams.com\/#website","url":"https:\/\/pvpgrams.com\/","name":"Grammi PVP","description":"","publisher":{"@id":"https:\/\/pvpgrams.com\/#organization"},"potentialAction":[{"@type":"SearchAction","target":{"@type":"EntryPoint","urlTemplate":"https:\/\/pvpgrams.com\/?s={search_term_string}"},"query-input":{"@type":"PropertyValueSpecification","valueRequired":true,"valueName":"search_term_string"}}],"inLanguage":"it-IT"},{"@type":"Organization","@id":"https:\/\/pvpgrams.com\/#organization","name":"Grammi PVP","url":"https:\/\/pvpgrams.com\/","logo":{"@type":"ImageObject","inLanguage":"it-IT","@id":"https:\/\/pvpgrams.com\/#\/schema\/logo\/image\/","url":"https:\/\/pvpgrams.com\/wp-content\/uploads\/2024\/10\/logo.png","contentUrl":"https:\/\/pvpgrams.com\/wp-content\/uploads\/2024\/10\/logo.png","width":181,"height":41,"caption":"PVP Grams"},"image":{"@id":"https:\/\/pvpgrams.com\/#\/schema\/logo\/image\/"}}]}},"_links":{"self":[{"href":"https:\/\/pvpgrams.com\/it\/wp-json\/wp\/v2\/product\/1224","targetHints":{"allow":["GET"]}}],"collection":[{"href":"https:\/\/pvpgrams.com\/it\/wp-json\/wp\/v2\/product"}],"about":[{"href":"https:\/\/pvpgrams.com\/it\/wp-json\/wp\/v2\/types\/product"}],"replies":[{"embeddable":true,"href":"https:\/\/pvpgrams.com\/it\/wp-json\/wp\/v2\/comments?post=1224"}],"wp:featuredmedia":[{"embeddable":true,"href":"https:\/\/pvpgrams.com\/it\/wp-json\/wp\/v2\/media\/1429"}],"wp:attachment":[{"href":"https:\/\/pvpgrams.com\/it\/wp-json\/wp\/v2\/media?parent=1224"}],"wp:term":[{"taxonomy":"product_brand","embeddable":true,"href":"https:\/\/pvpgrams.com\/it\/wp-json\/wp\/v2\/product_brand?post=1224"},{"taxonomy":"product_cat","embeddable":true,"href":"https:\/\/pvpgrams.com\/it\/wp-json\/wp\/v2\/product_cat?post=1224"},{"taxonomy":"product_tag","embeddable":true,"href":"https:\/\/pvpgrams.com\/it\/wp-json\/wp\/v2\/product_tag?post=1224"}],"curies":[{"name":"wp","href":"https:\/\/api.w.org\/{rel}","templated":true}]}}