{"id":1211,"date":"2024-11-24T22:14:05","date_gmt":"2024-11-24T22:14:05","guid":{"rendered":"https:\/\/pvpgrams.com\/?post_type=product&#038;p=1211"},"modified":"2025-08-30T20:09:05","modified_gmt":"2025-08-30T20:09:05","slug":"4-mmc","status":"publish","type":"product","link":"https:\/\/pvpgrams.com\/nl\/product\/4-mmc\/","title":{"rendered":"Online 4-MMC kopen"},"content":{"rendered":"<h2 data-start=\"118\" data-end=\"172\"><strong data-start=\"118\" data-end=\"170\">Koop 4-MMC online bij een betrouwbare onderzoeksbron<\/strong><\/h2>\n<p data-start=\"174\" data-end=\"208\"><strong data-start=\"174\" data-end=\"206\">Online 4-MMC kopen bij Pvpgrams<\/strong><\/p>\n<p data-start=\"210\" data-end=\"794\">4-MMC (4-methylmethcathinon), ook bekend als mefedron, is een synthetische verbinding uit de cathinonenklasse, die algemeen bekend staat om zijn stimulerende eigenschappen. Het heeft zowel voor onderzoeksdoeleinden als voor persoonlijke verkenningen veel belangstelling gekregen. 4-MMC is gewild vanwege de unieke chemische structuur, waardoor het ideaal is voor onderzoekers en individuen die op zoek zijn naar betrouwbare verbindingen voor studie of gecontroleerde ervaringen. Bij Pvpgrams bieden we hoogwaardige 4-MMC, wat zorgt voor veilige transacties, discrete verpakking en snelle levering. <a href=\"https:\/\/pvpgrams.com\/nl\/product\/4-mmc\/\">4-MMC online kopen<\/a> vandaag nog van een betrouwbare bron.<\/p>\n<h3 data-start=\"796\" data-end=\"832\">Toepassingen en gebruik van 4-MMC<\/h3>\n<p data-start=\"834\" data-end=\"875\"><strong data-start=\"834\" data-end=\"873\">Wetenschappelijk onderzoek en ontwikkeling<\/strong><\/p>\n<p data-start=\"877\" data-end=\"1100\"><a href=\"https:\/\/en.wikipedia.org\/wiki\/4-Methylcathinone\">4-MMC<\/a> Wordt vaak in laboratoria gebruikt om de chemische interacties, effecten en mogelijke toepassingen ervan te bestuderen. Onderzoekers onderzoeken de rol ervan binnen de cathinonfamilie voor farmacologische en academische doeleinden.<\/p>\n<p data-start=\"1102\" data-end=\"1137\"><strong data-start=\"1102\" data-end=\"1135\">Verkenning en sensorische studie<\/strong><\/p>\n<p data-start=\"1139\" data-end=\"1344\">Order 4-MMC wordt vaak gebruikt in gecontroleerde omgevingen voor sensorische exploratie en persoonlijke studies. De unieke eigenschappen maken het populair bij mensen die op zoek zijn naar nieuwe ervaringen onder veilige omstandigheden.<\/p>\n<p data-start=\"1346\" data-end=\"1389\"><strong data-start=\"1346\" data-end=\"1387\">Academische en farmacologische interesse<\/strong><\/p>\n<p data-start=\"1391\" data-end=\"1582\">Vanwege het onderscheidende chemische profiel wordt 4-MMC online gekocht in academisch en farmacologisch onderzoek om cathinon-derivaten en hun potenti\u00eble toepassingen beter te begrijpen.<\/p>\n<h3 data-start=\"1584\" data-end=\"1618\">Waarom 4-MMC kopen bij Pvpgrams?<\/h3>\n<p data-start=\"1620\" data-end=\"1753\">Bij Pvpgrams streven we ernaar om hoogwaardige producten en uitzonderlijke service te bieden, zodat u een naadloze winkelervaring heeft.<\/p>\n<p data-start=\"1755\" data-end=\"1779\"><strong data-start=\"1755\" data-end=\"1777\">Hoogwaardige 4-MMC<\/strong><\/p>\n<p data-start=\"1781\" data-end=\"1938\">De 4-MMC die wij verkopen, wordt met zorg geselecteerd en grondig getest op zuiverheid en consistentie. Zo garanderen we dat het geschikt is voor onderzoek en gecontroleerde exploratie.<\/p>\n<p data-start=\"1940\" data-end=\"1978\"><strong data-start=\"1940\" data-end=\"1976\">Veilige en discrete transacties<\/strong><\/p>\n<p data-start=\"1980\" data-end=\"2101\">Vi prioriterar kundernas integritet med diskret f\u00f6rpackning och s\u00e4kra betalningsmetoder f\u00f6r varje 4-MMC-best\u00e4llning online.<\/p>\n<p data-start=\"2103\" data-end=\"2135\"><strong data-start=\"2103\" data-end=\"2133\">Snelle en betrouwbare levering<\/strong><\/p>\n<p data-start=\"2137\" data-end=\"2270\">Dankzij ons logistieke netwerk wordt uw 4-MMC snel op uw locatie afgeleverd, zodat uw onderzoek of projecten op schema blijven.<\/p>\n<p data-start=\"2272\" data-end=\"2312\"><strong data-start=\"2272\" data-end=\"2310\">Betaalbare en transparante prijzen<\/strong><\/p>\n<p data-start=\"2314\" data-end=\"2458\">Wij bieden concurrerende 4-MMC-prijsopties zonder dat dit ten koste gaat van de kwaliteit. Zo bieden wij zowel onderzoekers als particulieren een uitstekende waarde.<\/p>\n<h3 data-start=\"2460\" data-end=\"2488\">Koop 4-MMC vandaag nog online<\/h3>\n<p data-start=\"2490\" data-end=\"2798\">Op zoek naar de beste plek om 4-MMC online te kopen? Bij Pvpgrams bieden we hoogwaardige 4-MMC te koop aan met veilige transacties, snelle verzending en een snelle klantenservice. Of het nu gaat om onderzoek of gecontroleerde exploratie, bestel nu 4-MMC en ervaar de betrouwbaarheid en kwaliteit van Pvpgrams.<\/p>","protected":false},"excerpt":{"rendered":"<p><strong>4-MMC (4-Methylmethcathinone)<\/strong>ook bekend als mephedrone, is een synthetisch stimulerend middel uit de <strong>cathinon klasse<\/strong>bekend om zijn effecten op <strong>energie<\/strong>, <strong>euforie<\/strong>en <strong>gezelligheid<\/strong>. Bij Factoryson bieden we <strong>hoogzuiver 4-MMC<\/strong> op maat voor <strong>chemisch onderzoek<\/strong> en <strong>industri\u00eble toepassingen<\/strong>en zorgen voor topkwaliteit en een betrouwbare levering.<\/p>\n<h3><strong>Hoe 4-MMC werkt<\/strong><\/h3>\n<p>4-MMC verhoogt de activiteit van dopamine, serotonine en noradrenaline en veroorzaakt stimulerende en empathogene effecten. Het begint binnen 15-45 minuten en de effecten houden 3-6 uur aan.<\/p>\n<h3><strong>Productformule<\/strong><\/h3>\n<ul>\n<li><strong>Chemische naam<\/strong>: 4-Methylmethcathinon<\/li>\n<li><strong>Moleculaire formule<\/strong>: C11H15NO<\/li>\n<li><strong>Molaire massa<\/strong>: 177,25 g\/mol<strong>4-MMC (4-Methylmethcathinone)<\/strong>ook bekend als mephedrone, is een synthetisch stimulerend middel uit de <strong>cathinon klasse<\/strong>bekend om zijn effecten op <strong>energie<\/strong>, <strong>euforie<\/strong>en <strong>gezelligheid<\/strong>. Bij Factoryson bieden we <strong>hoogzuiver 4-MMC<\/strong> op maat voor <strong>chemisch onderzoek<\/strong> en <strong>industri\u00eble toepassingen<\/strong>en zorgen voor topkwaliteit en een betrouwbare levering.<br \/>\n<h3><strong>Hoe 4-MMC werkt<\/strong><\/h3>\n<p>4-MMC verhoogt de activiteit van dopamine, serotonine en noradrenaline en veroorzaakt stimulerende en empathogene effecten. Het begint binnen 15-45 minuten en de effecten houden 3-6 uur aan.<\/p>\n<h3><strong>Productformule<\/strong><\/h3>\n<ul>\n<li><strong>Chemische naam<\/strong>: 4-Methylmethcathinon<\/li>\n<li><strong>Moleculaire formule<\/strong>: C11H15NO<\/li>\n<li><strong>Molaire massa<\/strong>: 177,25 g\/mol<\/li>\n<\/ul>\n<\/li>\n<\/ul>","protected":false},"featured_media":1433,"comment_status":"open","ping_status":"closed","template":"","meta":{"_kadence_starter_templates_imported_post":false,"_kad_post_transparent":"default","_kad_post_title":"","_kad_post_layout":"default","_kad_post_sidebar_id":"","_kad_post_content_style":"default","_kad_post_vertical_padding":"default","_kad_post_feature":"","_kad_post_feature_position":"","_kad_post_header":false,"_kad_post_footer":false,"_joinchat":[]},"product_brand":[],"product_cat":[54],"product_tag":[],"class_list":{"0":"post-1211","1":"product","2":"type-product","3":"status-publish","4":"has-post-thumbnail","6":"product_cat-4-mmc","8":"first","9":"instock","10":"shipping-taxable","11":"purchasable","12":"product-type-variable","13":"entry","14":"content-bg","15":"loop-entry"},"yoast_head":"<!-- This site is optimized with the Yoast SEO plugin v26.5 - https:\/\/yoast.com\/wordpress\/plugins\/seo\/ -->\n<title>Buy 4-MMC Online - 4-MMC Powder for Sale | PVP Grams<\/title>\n<meta name=\"description\" content=\"Discover top-notch 4 mmc for sale at our online store - buy 4 mmc powder conveniently and securely to fuel your research. Explore and buy 4 mmc online, advancing your scientific endeavors with ease. Order Now!\" \/>\n<meta name=\"robots\" content=\"index, follow, max-snippet:-1, max-image-preview:large, max-video-preview:-1\" \/>\n<link rel=\"canonical\" href=\"https:\/\/pvpgrams.com\/nl\/product\/4-mmc\/\" \/>\n<meta property=\"og:locale\" content=\"nl_NL\" \/>\n<meta property=\"og:type\" content=\"article\" \/>\n<meta property=\"og:title\" content=\"Buy 4-MMC Online - 4-MMC Powder for Sale | PVP Grams\" \/>\n<meta property=\"og:description\" content=\"Discover top-notch 4 mmc for sale at our online store - buy 4 mmc powder conveniently and securely to fuel your research. Explore and buy 4 mmc online, advancing your scientific endeavors with ease. Order Now!\" \/>\n<meta property=\"og:url\" content=\"https:\/\/pvpgrams.com\/nl\/product\/4-mmc\/\" \/>\n<meta property=\"og:site_name\" content=\"PVP Grams\" \/>\n<meta property=\"article:modified_time\" content=\"2025-08-30T20:09:05+00:00\" \/>\n<meta property=\"og:image\" content=\"https:\/\/pvpgrams.com\/wp-content\/uploads\/2024\/11\/Buy-4-MMC-Online.jpg\" \/>\n\t<meta property=\"og:image:width\" content=\"600\" \/>\n\t<meta property=\"og:image:height\" content=\"600\" \/>\n\t<meta property=\"og:image:type\" content=\"image\/jpeg\" \/>\n<meta name=\"twitter:card\" content=\"summary_large_image\" \/>\n<meta name=\"twitter:label1\" content=\"Geschatte leestijd\" \/>\n\t<meta name=\"twitter:data1\" content=\"2 minuten\" \/>\n<script type=\"application\/ld+json\" class=\"yoast-schema-graph\">{\"@context\":\"https:\/\/schema.org\",\"@graph\":[{\"@type\":[\"WebPage\",\"ItemPage\"],\"@id\":\"https:\/\/pvpgrams.com\/product\/4-mmc\/\",\"url\":\"https:\/\/pvpgrams.com\/product\/4-mmc\/\",\"name\":\"Buy 4-MMC Online - 4-MMC Powder for Sale | PVP Grams\",\"isPartOf\":{\"@id\":\"https:\/\/pvpgrams.com\/#website\"},\"primaryImageOfPage\":{\"@id\":\"https:\/\/pvpgrams.com\/product\/4-mmc\/#primaryimage\"},\"image\":{\"@id\":\"https:\/\/pvpgrams.com\/product\/4-mmc\/#primaryimage\"},\"thumbnailUrl\":\"https:\/\/pvpgrams.com\/wp-content\/uploads\/2024\/11\/Buy-4-MMC-Online.jpg\",\"datePublished\":\"2024-11-24T22:14:05+00:00\",\"dateModified\":\"2025-08-30T20:09:05+00:00\",\"description\":\"Discover top-notch 4 mmc for sale at our online store - buy 4 mmc powder conveniently and securely to fuel your research. Explore and buy 4 mmc online, advancing your scientific endeavors with ease. Order Now!\",\"breadcrumb\":{\"@id\":\"https:\/\/pvpgrams.com\/product\/4-mmc\/#breadcrumb\"},\"inLanguage\":\"nl-NL\",\"potentialAction\":[{\"@type\":\"ReadAction\",\"target\":[\"https:\/\/pvpgrams.com\/product\/4-mmc\/\"]}]},{\"@type\":\"ImageObject\",\"inLanguage\":\"nl-NL\",\"@id\":\"https:\/\/pvpgrams.com\/product\/4-mmc\/#primaryimage\",\"url\":\"https:\/\/pvpgrams.com\/wp-content\/uploads\/2024\/11\/Buy-4-MMC-Online.jpg\",\"contentUrl\":\"https:\/\/pvpgrams.com\/wp-content\/uploads\/2024\/11\/Buy-4-MMC-Online.jpg\",\"width\":600,\"height\":600,\"caption\":\"Buy-4-MMC-Online\"},{\"@type\":\"BreadcrumbList\",\"@id\":\"https:\/\/pvpgrams.com\/product\/4-mmc\/#breadcrumb\",\"itemListElement\":[{\"@type\":\"ListItem\",\"position\":1,\"name\":\"Home\",\"item\":\"https:\/\/pvpgrams.com\/\"},{\"@type\":\"ListItem\",\"position\":2,\"name\":\"Shop\",\"item\":\"https:\/\/pvpgrams.com\/shop\/\"},{\"@type\":\"ListItem\",\"position\":3,\"name\":\"Buy 4-MMC Online\"}]},{\"@type\":\"WebSite\",\"@id\":\"https:\/\/pvpgrams.com\/#website\",\"url\":\"https:\/\/pvpgrams.com\/\",\"name\":\"PVP Grams\",\"description\":\"\",\"publisher\":{\"@id\":\"https:\/\/pvpgrams.com\/#organization\"},\"potentialAction\":[{\"@type\":\"SearchAction\",\"target\":{\"@type\":\"EntryPoint\",\"urlTemplate\":\"https:\/\/pvpgrams.com\/?s={search_term_string}\"},\"query-input\":{\"@type\":\"PropertyValueSpecification\",\"valueRequired\":true,\"valueName\":\"search_term_string\"}}],\"inLanguage\":\"nl-NL\"},{\"@type\":\"Organization\",\"@id\":\"https:\/\/pvpgrams.com\/#organization\",\"name\":\"PVP Grams\",\"url\":\"https:\/\/pvpgrams.com\/\",\"logo\":{\"@type\":\"ImageObject\",\"inLanguage\":\"nl-NL\",\"@id\":\"https:\/\/pvpgrams.com\/#\/schema\/logo\/image\/\",\"url\":\"https:\/\/pvpgrams.com\/wp-content\/uploads\/2024\/10\/logo.png\",\"contentUrl\":\"https:\/\/pvpgrams.com\/wp-content\/uploads\/2024\/10\/logo.png\",\"width\":181,\"height\":41,\"caption\":\"PVP Grams\"},\"image\":{\"@id\":\"https:\/\/pvpgrams.com\/#\/schema\/logo\/image\/\"}}]}<\/script>\n<!-- \/ Yoast SEO plugin. -->","yoast_head_json":{"title":"Online kopen 4-MMC - 4-MMC poeder te koop | PVP Grams","description":"Ontdek topkwaliteit 4 mmc te koop in onze online winkel - koop gemakkelijk en veilig 4 mmc poeder om je onderzoek te voeden. Ontdek en koop 4 mmc online, zodat je wetenschappelijke inspanningen met gemak vooruitgaan. Bestel nu!","robots":{"index":"index","follow":"follow","max-snippet":"max-snippet:-1","max-image-preview":"max-image-preview:large","max-video-preview":"max-video-preview:-1"},"canonical":"https:\/\/pvpgrams.com\/nl\/product\/4-mmc\/","og_locale":"nl_NL","og_type":"article","og_title":"Buy 4-MMC Online - 4-MMC Powder for Sale | PVP Grams","og_description":"Discover top-notch 4 mmc for sale at our online store - buy 4 mmc powder conveniently and securely to fuel your research. Explore and buy 4 mmc online, advancing your scientific endeavors with ease. Order Now!","og_url":"https:\/\/pvpgrams.com\/nl\/product\/4-mmc\/","og_site_name":"PVP Grams","article_modified_time":"2025-08-30T20:09:05+00:00","og_image":[{"width":600,"height":600,"url":"https:\/\/pvpgrams.com\/wp-content\/uploads\/2024\/11\/Buy-4-MMC-Online.jpg","type":"image\/jpeg"}],"twitter_card":"summary_large_image","twitter_misc":{"Geschatte leestijd":"2 minuten"},"schema":{"@context":"https:\/\/schema.org","@graph":[{"@type":["WebPage","ItemPage"],"@id":"https:\/\/pvpgrams.com\/product\/4-mmc\/","url":"https:\/\/pvpgrams.com\/product\/4-mmc\/","name":"Online kopen 4-MMC - 4-MMC poeder te koop | PVP Grams","isPartOf":{"@id":"https:\/\/pvpgrams.com\/#website"},"primaryImageOfPage":{"@id":"https:\/\/pvpgrams.com\/product\/4-mmc\/#primaryimage"},"image":{"@id":"https:\/\/pvpgrams.com\/product\/4-mmc\/#primaryimage"},"thumbnailUrl":"https:\/\/pvpgrams.com\/wp-content\/uploads\/2024\/11\/Buy-4-MMC-Online.jpg","datePublished":"2024-11-24T22:14:05+00:00","dateModified":"2025-08-30T20:09:05+00:00","description":"Ontdek topkwaliteit 4 mmc te koop in onze online winkel - koop gemakkelijk en veilig 4 mmc poeder om je onderzoek te voeden. Ontdek en koop 4 mmc online, zodat je wetenschappelijke inspanningen met gemak vooruitgaan. Bestel nu!","breadcrumb":{"@id":"https:\/\/pvpgrams.com\/product\/4-mmc\/#breadcrumb"},"inLanguage":"nl-NL","potentialAction":[{"@type":"ReadAction","target":["https:\/\/pvpgrams.com\/product\/4-mmc\/"]}]},{"@type":"ImageObject","inLanguage":"nl-NL","@id":"https:\/\/pvpgrams.com\/product\/4-mmc\/#primaryimage","url":"https:\/\/pvpgrams.com\/wp-content\/uploads\/2024\/11\/Buy-4-MMC-Online.jpg","contentUrl":"https:\/\/pvpgrams.com\/wp-content\/uploads\/2024\/11\/Buy-4-MMC-Online.jpg","width":600,"height":600,"caption":"Buy-4-MMC-Online"},{"@type":"BreadcrumbList","@id":"https:\/\/pvpgrams.com\/product\/4-mmc\/#breadcrumb","itemListElement":[{"@type":"ListItem","position":1,"name":"Home","item":"https:\/\/pvpgrams.com\/"},{"@type":"ListItem","position":2,"name":"Shop","item":"https:\/\/pvpgrams.com\/shop\/"},{"@type":"ListItem","position":3,"name":"Buy 4-MMC Online"}]},{"@type":"WebSite","@id":"https:\/\/pvpgrams.com\/#website","url":"https:\/\/pvpgrams.com\/","name":"PVP grammen","description":"","publisher":{"@id":"https:\/\/pvpgrams.com\/#organization"},"potentialAction":[{"@type":"SearchAction","target":{"@type":"EntryPoint","urlTemplate":"https:\/\/pvpgrams.com\/?s={search_term_string}"},"query-input":{"@type":"PropertyValueSpecification","valueRequired":true,"valueName":"search_term_string"}}],"inLanguage":"nl-NL"},{"@type":"Organization","@id":"https:\/\/pvpgrams.com\/#organization","name":"PVP grammen","url":"https:\/\/pvpgrams.com\/","logo":{"@type":"ImageObject","inLanguage":"nl-NL","@id":"https:\/\/pvpgrams.com\/#\/schema\/logo\/image\/","url":"https:\/\/pvpgrams.com\/wp-content\/uploads\/2024\/10\/logo.png","contentUrl":"https:\/\/pvpgrams.com\/wp-content\/uploads\/2024\/10\/logo.png","width":181,"height":41,"caption":"PVP Grams"},"image":{"@id":"https:\/\/pvpgrams.com\/#\/schema\/logo\/image\/"}}]}},"_links":{"self":[{"href":"https:\/\/pvpgrams.com\/nl\/wp-json\/wp\/v2\/product\/1211","targetHints":{"allow":["GET"]}}],"collection":[{"href":"https:\/\/pvpgrams.com\/nl\/wp-json\/wp\/v2\/product"}],"about":[{"href":"https:\/\/pvpgrams.com\/nl\/wp-json\/wp\/v2\/types\/product"}],"replies":[{"embeddable":true,"href":"https:\/\/pvpgrams.com\/nl\/wp-json\/wp\/v2\/comments?post=1211"}],"wp:featuredmedia":[{"embeddable":true,"href":"https:\/\/pvpgrams.com\/nl\/wp-json\/wp\/v2\/media\/1433"}],"wp:attachment":[{"href":"https:\/\/pvpgrams.com\/nl\/wp-json\/wp\/v2\/media?parent=1211"}],"wp:term":[{"taxonomy":"product_brand","embeddable":true,"href":"https:\/\/pvpgrams.com\/nl\/wp-json\/wp\/v2\/product_brand?post=1211"},{"taxonomy":"product_cat","embeddable":true,"href":"https:\/\/pvpgrams.com\/nl\/wp-json\/wp\/v2\/product_cat?post=1211"},{"taxonomy":"product_tag","embeddable":true,"href":"https:\/\/pvpgrams.com\/nl\/wp-json\/wp\/v2\/product_tag?post=1211"}],"curies":[{"name":"wp","href":"https:\/\/api.w.org\/{rel}","templated":true}]}}