{"id":1213,"date":"2024-11-24T22:22:27","date_gmt":"2024-11-24T22:22:27","guid":{"rendered":"https:\/\/pvpgrams.com\/?post_type=product&#038;p=1213"},"modified":"2025-10-30T08:07:29","modified_gmt":"2025-10-30T08:07:29","slug":"4-aco-dmt","status":"publish","type":"product","link":"https:\/\/pvpgrams.com\/nl\/product\/4-aco-dmt\/","title":{"rendered":"Online 4-AcO-DMT kopen"},"content":{"rendered":"<h2 data-start=\"117\" data-end=\"175\"><strong data-start=\"117\" data-end=\"173\">Koop 4-AcO-DMT online bij een betrouwbare onderzoeksbron<\/strong><\/h2>\n<p data-start=\"177\" data-end=\"215\"><strong data-start=\"177\" data-end=\"213\">Online 4-AcO-DMT kopen bij Pvpgrams<\/strong><\/p>\n<p data-start=\"217\" data-end=\"793\"><a href=\"https:\/\/pvpgrams.com\/nl\/product\/4-aco-dmt\/\">4-AcO-DMT online kopen<\/a> (4-Acetoxy-N,N-dimethyltryptamine) is een synthetische tryptamineverbinding die qua structuur vergelijkbaar is met psilocybine. De unieke eigenschappen maken het een populair onderwerp voor wetenschappelijk onderzoek en persoonlijke verkenning. 4-AcO-DMT staat bekend om zijn veelzijdigheid en wordt veel gebruikt in laboratoria om de effecten ervan op perceptie, cognitie en bewustzijn te bestuderen. Bij Pvpgrams bieden we hoogwaardige 4-AcO-DMT, wat veilige transacties, discrete verpakking, snelle levering en volledige betrouwbaarheid garandeert. Koop 4-AcO-DMT vandaag nog online bij een betrouwbare leverancier.<\/p>\n<h3 data-start=\"795\" data-end=\"835\">Toepassingen en gebruik van 4-AcO-DMT<\/h3>\n<p data-start=\"837\" data-end=\"881\"><strong data-start=\"837\" data-end=\"879\">Wetenschappelijk onderzoek en academische studie<\/strong><\/p>\n<p data-start=\"883\" data-end=\"1275\">Voordat u <a href=\"https:\/\/en.wikipedia.org\/wiki\/4-AcO-DMT\">koop 4-AcO-DMT<\/a>Het is belangrijk om de algemene toepassingen ervan in onderzoek te begrijpen. 4-AcO-DMT wordt veelvuldig gebruikt in laboratoria en academische studies om de interactie met neurale receptoren en het potentieel ervan in de neurowetenschappen en psychofarmacologie te onderzoeken. Onderzoekers onderzoeken de structurele overeenkomsten met psilocybine en de effecten ervan op veranderde bewustzijnstoestanden.<\/p>\n<p data-start=\"1277\" data-end=\"1317\"><strong data-start=\"1277\" data-end=\"1315\">Verkenning en perceptuele studies<\/strong><\/p>\n<p data-start=\"1319\" data-end=\"1573\">4-AcO-DMT wordt vaak gezocht door individuen in gecontroleerde onderzoeksomgevingen voor persoonlijke inzichten, creatieve exploratie en sensorische verbetering. De unieke eigenschappen maken het een populaire stof voor zelfontdekking en experimentele studies.<\/p>\n<h3 data-start=\"1799\" data-end=\"1837\">Waarom 4-AcO-DMT kopen bij Pvpgrams?<\/h3>\n<p data-start=\"1839\" data-end=\"1939\">Bij Pvpgrams richten we ons op hoogwaardige kwaliteit en betrouwbare service voor zowel onderzoekers als ontdekkingsreizigers.<\/p>\n<p data-start=\"1941\" data-end=\"1969\"><strong data-start=\"1941\" data-end=\"1967\">Hoogwaardige 4-AcO-DMT<\/strong><\/p>\n<p data-start=\"1971\" data-end=\"2126\">De 4-AcO-DMT die wij verkopen, wordt geproduceerd onder strenge kwaliteitscontroles, waardoor maximale zuiverheid en consistentie voor alle onderzoeks- en experimentele doeleinden wordt gegarandeerd.<\/p>\n<p data-start=\"2128\" data-end=\"2166\"><strong data-start=\"2128\" data-end=\"2164\">Veilige en discrete transacties<\/strong><\/p>\n<p data-start=\"2168\" data-end=\"2293\">Uw privacy staat bij ons voorop. Alle online bestellingen van 4-AcO-DMT worden veilig verwerkt en verzonden in discrete verpakking.<\/p>\n<p data-start=\"2295\" data-end=\"2327\"><strong data-start=\"2295\" data-end=\"2325\">Snelle en betrouwbare levering<\/strong><\/p>\n<p data-start=\"2329\" data-end=\"2452\">Wij garanderen dat uw 4-AcO-DMT op tijd op uw locatie wordt geleverd, zodat onderzoeksprojecten zonder vertraging kunnen worden uitgevoerd.<\/p>\n<p data-start=\"2454\" data-end=\"2478\"><strong data-start=\"2454\" data-end=\"2476\">Betaalbare prijzen<\/strong><\/p>\n<p data-start=\"2480\" data-end=\"2583\">Nosso pre\u00e7o de 4-AcO-DMT \u00e9 competitivo, fornecendo material de pesquisa de alta qualidade a pre\u00e7os acess\u00edveis.<\/p>\n<h3 data-start=\"2585\" data-end=\"2617\">Koop 4-AcO-DMT vandaag nog online<\/h3>\n<p data-start=\"2619\" data-end=\"2929\">A legjobb helyet keresed a 4-AcO-DMT online v\u00e1s\u00e1rl\u00e1s\u00e1hoz? A Pvpgramsn\u00e1l pr\u00e9mium 4-AcO-DMT-t k\u00edn\u00e1lunk elad\u00e1sra biztons\u00e1gos fizet\u00e9ssel, gyors sz\u00e1ll\u00edt\u00e1ssal \u00e9s kiv\u00e1l\u00f3 \u00fcgyf\u00e9lszolg\u00e1lattal. Ak\u00e1r tudom\u00e1nyos kutat\u00e1sr\u00f3l, ak\u00e1r szem\u00e9lyes felfedez\u00e9sr\u0151l van sz\u00f3, v\u00e1s\u00e1rold meg a 4-AcO-DMT-t online most, \u00e9s tapasztald meg a megb\u00edzhat\u00f3 \u00e9s hiteles forr\u00e1st.<\/p>","protected":false},"excerpt":{"rendered":"<p><strong>4-AcO-DMT (4-Acetoxy-N,N-dimethyltryptamine)<\/strong>, een synthetische tryptamineverbinding, is een prodrug van psilocine die bekend staat om zijn <strong>psychedelische eigenschappen<\/strong>. Bij Factoryson leveren we <strong>hoogzuiver 4-AcO-DMT<\/strong> voor <strong>neurowetenschappelijk onderzoek<\/strong>, <strong>chemische studies<\/strong>en <strong>industri\u00eble toepassingen<\/strong>Zo bent u verzekerd van topkwaliteit en een veilige levering.<\/p>\n<h3><strong>Hoe 4-AcO-DMT werkt<\/strong><\/h3>\n<p>4-AcO-DMT wordt gemetaboliseerd tot psilocine, dat inwerkt op <strong>serotonine-receptoren<\/strong> (5-HT2A) te produceren diepgaande <strong>visuele effecten<\/strong>, <strong>emotionele introspectie<\/strong>en <strong>veranderde perceptie van tijd<\/strong>. Het begint binnen 20-40 minuten en het effect houdt 4-6 uur aan.<\/p>\n<h3><strong>Productformule<\/strong><\/h3>\n<ul>\n<li><strong>Chemische naam<\/strong>: 4-Acetoxy-N,N-dimethyltryptamine<\/li>\n<li><strong>Moleculaire formule<\/strong>: C14H18N2O2<\/li>\n<li><strong>Molaire massa<\/strong>: 246,31 g\/mol<\/li>\n<\/ul>","protected":false},"featured_media":1214,"comment_status":"open","ping_status":"closed","template":"","meta":{"_kadence_starter_templates_imported_post":false,"_kad_post_transparent":"default","_kad_post_title":"","_kad_post_layout":"default","_kad_post_sidebar_id":"","_kad_post_content_style":"default","_kad_post_vertical_padding":"default","_kad_post_feature":"","_kad_post_feature_position":"","_kad_post_header":false,"_kad_post_footer":false,"_joinchat":[]},"product_brand":[],"product_cat":[53,55,58,139],"product_tag":[],"class_list":{"0":"post-1213","1":"product","2":"type-product","3":"status-publish","4":"has-post-thumbnail","6":"product_cat-4-aco-dmt","7":"product_cat-5-meo-dmt","8":"product_cat-dmt","9":"product_cat-dmt-vape","11":"first","12":"instock","13":"shipping-taxable","14":"purchasable","15":"product-type-variable","16":"entry","17":"content-bg","18":"loop-entry"},"yoast_head":"<!-- This site is optimized with the Yoast SEO plugin v26.5 - https:\/\/yoast.com\/wordpress\/plugins\/seo\/ -->\n<title>Buy 4-AcO-DMT Online - 4-AcO-DMT Powder for Sale<\/title>\n<meta name=\"description\" content=\"Find premium 4 aco dmt powder for sale at our online store, providing a secure platform to buy 4 aco dmt online with ease, catering to your research needs.\" \/>\n<meta name=\"robots\" content=\"index, follow, max-snippet:-1, max-image-preview:large, max-video-preview:-1\" \/>\n<link rel=\"canonical\" href=\"https:\/\/pvpgrams.com\/nl\/product\/4-aco-dmt\/\" \/>\n<meta property=\"og:locale\" content=\"nl_NL\" \/>\n<meta property=\"og:type\" content=\"article\" \/>\n<meta property=\"og:title\" content=\"Buy 4-AcO-DMT Online - 4-AcO-DMT Powder for Sale\" \/>\n<meta property=\"og:description\" content=\"Find premium 4 aco dmt powder for sale at our online store, providing a secure platform to buy 4 aco dmt online with ease, catering to your research needs.\" \/>\n<meta property=\"og:url\" content=\"https:\/\/pvpgrams.com\/nl\/product\/4-aco-dmt\/\" \/>\n<meta property=\"og:site_name\" content=\"PVP Grams\" \/>\n<meta property=\"article:modified_time\" content=\"2025-10-30T08:07:29+00:00\" \/>\n<meta property=\"og:image\" content=\"https:\/\/pvpgrams.com\/wp-content\/uploads\/2024\/11\/DMT-Bestellen-2.jpg\" \/>\n\t<meta property=\"og:image:width\" content=\"300\" \/>\n\t<meta property=\"og:image:height\" content=\"300\" \/>\n\t<meta property=\"og:image:type\" content=\"image\/jpeg\" \/>\n<meta name=\"twitter:card\" content=\"summary_large_image\" \/>\n<meta name=\"twitter:label1\" content=\"Geschatte leestijd\" \/>\n\t<meta name=\"twitter:data1\" content=\"2 minuten\" \/>\n<script type=\"application\/ld+json\" class=\"yoast-schema-graph\">{\"@context\":\"https:\/\/schema.org\",\"@graph\":[{\"@type\":[\"WebPage\",\"ItemPage\"],\"@id\":\"https:\/\/pvpgrams.com\/product\/4-aco-dmt\/\",\"url\":\"https:\/\/pvpgrams.com\/product\/4-aco-dmt\/\",\"name\":\"Buy 4-AcO-DMT Online - 4-AcO-DMT Powder for Sale\",\"isPartOf\":{\"@id\":\"https:\/\/pvpgrams.com\/#website\"},\"primaryImageOfPage\":{\"@id\":\"https:\/\/pvpgrams.com\/product\/4-aco-dmt\/#primaryimage\"},\"image\":{\"@id\":\"https:\/\/pvpgrams.com\/product\/4-aco-dmt\/#primaryimage\"},\"thumbnailUrl\":\"https:\/\/pvpgrams.com\/wp-content\/uploads\/2024\/11\/DMT-Bestellen-2.jpg\",\"datePublished\":\"2024-11-24T22:22:27+00:00\",\"dateModified\":\"2025-10-30T08:07:29+00:00\",\"description\":\"Find premium 4 aco dmt powder for sale at our online store, providing a secure platform to buy 4 aco dmt online with ease, catering to your research needs.\",\"breadcrumb\":{\"@id\":\"https:\/\/pvpgrams.com\/product\/4-aco-dmt\/#breadcrumb\"},\"inLanguage\":\"nl-NL\",\"potentialAction\":[{\"@type\":\"ReadAction\",\"target\":[\"https:\/\/pvpgrams.com\/product\/4-aco-dmt\/\"]}]},{\"@type\":\"ImageObject\",\"inLanguage\":\"nl-NL\",\"@id\":\"https:\/\/pvpgrams.com\/product\/4-aco-dmt\/#primaryimage\",\"url\":\"https:\/\/pvpgrams.com\/wp-content\/uploads\/2024\/11\/DMT-Bestellen-2.jpg\",\"contentUrl\":\"https:\/\/pvpgrams.com\/wp-content\/uploads\/2024\/11\/DMT-Bestellen-2.jpg\",\"width\":300,\"height\":300,\"caption\":\"Buy 4-AcO-DMT Online\"},{\"@type\":\"BreadcrumbList\",\"@id\":\"https:\/\/pvpgrams.com\/product\/4-aco-dmt\/#breadcrumb\",\"itemListElement\":[{\"@type\":\"ListItem\",\"position\":1,\"name\":\"Home\",\"item\":\"https:\/\/pvpgrams.com\/\"},{\"@type\":\"ListItem\",\"position\":2,\"name\":\"Shop\",\"item\":\"https:\/\/pvpgrams.com\/shop\/\"},{\"@type\":\"ListItem\",\"position\":3,\"name\":\"Buy 4-AcO-DMT Online\"}]},{\"@type\":\"WebSite\",\"@id\":\"https:\/\/pvpgrams.com\/#website\",\"url\":\"https:\/\/pvpgrams.com\/\",\"name\":\"PVP Grams\",\"description\":\"\",\"publisher\":{\"@id\":\"https:\/\/pvpgrams.com\/#organization\"},\"potentialAction\":[{\"@type\":\"SearchAction\",\"target\":{\"@type\":\"EntryPoint\",\"urlTemplate\":\"https:\/\/pvpgrams.com\/?s={search_term_string}\"},\"query-input\":{\"@type\":\"PropertyValueSpecification\",\"valueRequired\":true,\"valueName\":\"search_term_string\"}}],\"inLanguage\":\"nl-NL\"},{\"@type\":\"Organization\",\"@id\":\"https:\/\/pvpgrams.com\/#organization\",\"name\":\"PVP Grams\",\"url\":\"https:\/\/pvpgrams.com\/\",\"logo\":{\"@type\":\"ImageObject\",\"inLanguage\":\"nl-NL\",\"@id\":\"https:\/\/pvpgrams.com\/#\/schema\/logo\/image\/\",\"url\":\"https:\/\/pvpgrams.com\/wp-content\/uploads\/2024\/10\/logo.png\",\"contentUrl\":\"https:\/\/pvpgrams.com\/wp-content\/uploads\/2024\/10\/logo.png\",\"width\":181,\"height\":41,\"caption\":\"PVP Grams\"},\"image\":{\"@id\":\"https:\/\/pvpgrams.com\/#\/schema\/logo\/image\/\"}}]}<\/script>\n<!-- \/ Yoast SEO plugin. -->","yoast_head_json":{"title":"Online 4-AcO-DMT kopen - 4-AcO-DMT poeder te koop","description":"Vind eersteklas 4 aco dmt poeder te koop in onze online winkel, die een veilig platform biedt om 4 aco dmt online te kopen met gemak, catering aan uw onderzoeksbehoeften.","robots":{"index":"index","follow":"follow","max-snippet":"max-snippet:-1","max-image-preview":"max-image-preview:large","max-video-preview":"max-video-preview:-1"},"canonical":"https:\/\/pvpgrams.com\/nl\/product\/4-aco-dmt\/","og_locale":"nl_NL","og_type":"article","og_title":"Buy 4-AcO-DMT Online - 4-AcO-DMT Powder for Sale","og_description":"Find premium 4 aco dmt powder for sale at our online store, providing a secure platform to buy 4 aco dmt online with ease, catering to your research needs.","og_url":"https:\/\/pvpgrams.com\/nl\/product\/4-aco-dmt\/","og_site_name":"PVP Grams","article_modified_time":"2025-10-30T08:07:29+00:00","og_image":[{"width":300,"height":300,"url":"https:\/\/pvpgrams.com\/wp-content\/uploads\/2024\/11\/DMT-Bestellen-2.jpg","type":"image\/jpeg"}],"twitter_card":"summary_large_image","twitter_misc":{"Geschatte leestijd":"2 minuten"},"schema":{"@context":"https:\/\/schema.org","@graph":[{"@type":["WebPage","ItemPage"],"@id":"https:\/\/pvpgrams.com\/product\/4-aco-dmt\/","url":"https:\/\/pvpgrams.com\/product\/4-aco-dmt\/","name":"Online 4-AcO-DMT kopen - 4-AcO-DMT poeder te koop","isPartOf":{"@id":"https:\/\/pvpgrams.com\/#website"},"primaryImageOfPage":{"@id":"https:\/\/pvpgrams.com\/product\/4-aco-dmt\/#primaryimage"},"image":{"@id":"https:\/\/pvpgrams.com\/product\/4-aco-dmt\/#primaryimage"},"thumbnailUrl":"https:\/\/pvpgrams.com\/wp-content\/uploads\/2024\/11\/DMT-Bestellen-2.jpg","datePublished":"2024-11-24T22:22:27+00:00","dateModified":"2025-10-30T08:07:29+00:00","description":"Vind eersteklas 4 aco dmt poeder te koop in onze online winkel, die een veilig platform biedt om 4 aco dmt online te kopen met gemak, catering aan uw onderzoeksbehoeften.","breadcrumb":{"@id":"https:\/\/pvpgrams.com\/product\/4-aco-dmt\/#breadcrumb"},"inLanguage":"nl-NL","potentialAction":[{"@type":"ReadAction","target":["https:\/\/pvpgrams.com\/product\/4-aco-dmt\/"]}]},{"@type":"ImageObject","inLanguage":"nl-NL","@id":"https:\/\/pvpgrams.com\/product\/4-aco-dmt\/#primaryimage","url":"https:\/\/pvpgrams.com\/wp-content\/uploads\/2024\/11\/DMT-Bestellen-2.jpg","contentUrl":"https:\/\/pvpgrams.com\/wp-content\/uploads\/2024\/11\/DMT-Bestellen-2.jpg","width":300,"height":300,"caption":"Buy 4-AcO-DMT Online"},{"@type":"BreadcrumbList","@id":"https:\/\/pvpgrams.com\/product\/4-aco-dmt\/#breadcrumb","itemListElement":[{"@type":"ListItem","position":1,"name":"Home","item":"https:\/\/pvpgrams.com\/"},{"@type":"ListItem","position":2,"name":"Shop","item":"https:\/\/pvpgrams.com\/shop\/"},{"@type":"ListItem","position":3,"name":"Buy 4-AcO-DMT Online"}]},{"@type":"WebSite","@id":"https:\/\/pvpgrams.com\/#website","url":"https:\/\/pvpgrams.com\/","name":"PVP grammen","description":"","publisher":{"@id":"https:\/\/pvpgrams.com\/#organization"},"potentialAction":[{"@type":"SearchAction","target":{"@type":"EntryPoint","urlTemplate":"https:\/\/pvpgrams.com\/?s={search_term_string}"},"query-input":{"@type":"PropertyValueSpecification","valueRequired":true,"valueName":"search_term_string"}}],"inLanguage":"nl-NL"},{"@type":"Organization","@id":"https:\/\/pvpgrams.com\/#organization","name":"PVP grammen","url":"https:\/\/pvpgrams.com\/","logo":{"@type":"ImageObject","inLanguage":"nl-NL","@id":"https:\/\/pvpgrams.com\/#\/schema\/logo\/image\/","url":"https:\/\/pvpgrams.com\/wp-content\/uploads\/2024\/10\/logo.png","contentUrl":"https:\/\/pvpgrams.com\/wp-content\/uploads\/2024\/10\/logo.png","width":181,"height":41,"caption":"PVP Grams"},"image":{"@id":"https:\/\/pvpgrams.com\/#\/schema\/logo\/image\/"}}]}},"_links":{"self":[{"href":"https:\/\/pvpgrams.com\/nl\/wp-json\/wp\/v2\/product\/1213","targetHints":{"allow":["GET"]}}],"collection":[{"href":"https:\/\/pvpgrams.com\/nl\/wp-json\/wp\/v2\/product"}],"about":[{"href":"https:\/\/pvpgrams.com\/nl\/wp-json\/wp\/v2\/types\/product"}],"replies":[{"embeddable":true,"href":"https:\/\/pvpgrams.com\/nl\/wp-json\/wp\/v2\/comments?post=1213"}],"wp:featuredmedia":[{"embeddable":true,"href":"https:\/\/pvpgrams.com\/nl\/wp-json\/wp\/v2\/media\/1214"}],"wp:attachment":[{"href":"https:\/\/pvpgrams.com\/nl\/wp-json\/wp\/v2\/media?parent=1213"}],"wp:term":[{"taxonomy":"product_brand","embeddable":true,"href":"https:\/\/pvpgrams.com\/nl\/wp-json\/wp\/v2\/product_brand?post=1213"},{"taxonomy":"product_cat","embeddable":true,"href":"https:\/\/pvpgrams.com\/nl\/wp-json\/wp\/v2\/product_cat?post=1213"},{"taxonomy":"product_tag","embeddable":true,"href":"https:\/\/pvpgrams.com\/nl\/wp-json\/wp\/v2\/product_tag?post=1213"}],"curies":[{"name":"wp","href":"https:\/\/api.w.org\/{rel}","templated":true}]}}