{"id":1113,"date":"2024-10-24T23:46:49","date_gmt":"2024-10-24T23:46:49","guid":{"rendered":"https:\/\/pvpgrams.com\/?post_type=product&#038;p=1113"},"modified":"2025-08-21T11:56:57","modified_gmt":"2025-08-21T11:56:57","slug":"mdpv-methylenedioxypyrovalerone","status":"publish","type":"product","link":"https:\/\/pvpgrams.com\/pl\/product\/mdpv-methylenedioxypyrovalerone\/","title":{"rendered":"Kup MDPV (metylenodioksypyrowaleron) online"},"content":{"rendered":"<h2 data-start=\"121\" data-end=\"174\"><strong data-start=\"121\" data-end=\"172\">Kup MDPV online z wiarygodnego \u017ar\u00f3d\u0142a bada\u0144<\/strong><\/h2>\n<p data-start=\"176\" data-end=\"282\"><strong data-start=\"176\" data-end=\"280\">Kup MDPV (metylenodioksypirowaleron) online \u2013 laboratoryjnie testowany, wysokiej czysto\u015bci MDPV do bada\u0144 w Pvpgrams<\/strong><\/p>\n<p data-start=\"284\" data-end=\"817\">Patrz\u0105c na <a href=\"https:\/\/pvpgrams.com\/pl\/product\/mdpv-methylenedioxypyrovalerone\/\">kupi\u0107 MDPV online<\/a>? Pvpgrams oferuje wysokiej czysto\u015bci, testowany laboratoryjnie 4-MEC (4-metylometkatynon) do cel\u00f3w badawczych. 4-MEC to syntetyczny stymulant nale\u017c\u0105cy do rodziny katynon\u00f3w, strukturalnie podobny do mefedronu. Jest szeroko stosowany w badaniach naukowych w celu zbadania jego wp\u0142ywu na uk\u0142ady neuroprzeka\u017anikowe, takie jak dopamina i serotonina. W Pvpgrams dbamy o to, aby nasz 4-MEC dost\u0119pny online spe\u0142nia\u0142 najwy\u017csze standardy czysto\u015bci i jako\u015bci, dzi\u0119ki czemu idealnie nadaje si\u0119 do zaawansowanych projekt\u00f3w badawczych.<\/p>\n<h3 data-start=\"819\" data-end=\"838\">Czym jest MDPV?<\/h3>\n<p data-start=\"840\" data-end=\"1372\"><a href=\"https:\/\/en.wikipedia.org\/wiki\/Methylenedioxypyrovalerone\">MDPV (metylenodioksypyrowaleron)<\/a> To silny stymulant nale\u017c\u0105cy do rodziny katynon\u00f3w, podobny do alfa-PVP. Dzia\u0142a jako inhibitor wychwytu zwrotnego dopaminy i noradrenaliny (DNRI), zwi\u0119kszaj\u0105c poziom tych neuroprzeka\u017anik\u00f3w w m\u00f3zgu. Naukowcy zlecaj\u0105 badanie MDPV w celu zbadania jego wp\u0142ywu na funkcje poznawcze, zachowanie i regulacj\u0119 nastroju, ze szczeg\u00f3lnym uwzgl\u0119dnieniem uwalniania dopaminy i noradrenaliny. To sprawia, \u017ce \u200b\u200bzakup MDPV online jest cenny dla bada\u0144 nad dzia\u0142aniem pobudzaj\u0105cym, popraw\u0105 koncentracji uwagi i reakcjami behawioralnymi.<\/p>\n<h3 data-start=\"1374\" data-end=\"1409\">Dlaczego warto wybra\u0107 MDPV do bada\u0144?<\/h3>\n<p data-start=\"1411\" data-end=\"1938\">MDPV cieszy si\u0119 du\u017cym uznaniem w \u015brodowisku naukowym ze wzgl\u0119du na silny wp\u0142yw na uk\u0142ad dopaminowy i noradrenalin\u0119. Te neuroprzeka\u017aniki s\u0105 niezb\u0119dne dla motywacji, regulacji nastroju i zachowania. Badania nad MDPV na sprzeda\u017c dostarczaj\u0105 informacji o tym, jak stymulanty wp\u0142ywaj\u0105 na funkcje m\u00f3zgu, w tym na takie efekty, jak czujno\u015b\u0107, euforia i nadpobudliwo\u015b\u0107. Jest on r\u00f3wnie\u017c badany w por\u00f3wnaniu z innymi stymulantami na bazie katynonu, co czyni Pvpgrams najlepszym miejscem do zakupu MDPV online, oferuj\u0105cym niezawodne zwi\u0105zki o jako\u015bci badawczej.<\/p>\n<h3 data-start=\"1940\" data-end=\"1971\">MDPV na sprzeda\u017c w Pvpgrams<\/h3>\n<p data-start=\"1973\" data-end=\"2304\">W Pvpgrams oferujemy najwy\u017cszej jako\u015bci, laboratoryjnie testowany MDPV, aby zagwarantowa\u0107 czysto\u015b\u0107, sp\u00f3jno\u015b\u0107 i niezawodno\u015b\u0107. Niezale\u017cnie od tego, czy Twoje badania koncentruj\u0105 si\u0119 na reakcjach behawioralnych, efektach wywo\u0142anych przez stymulanty, czy modulacji neuroprzeka\u017anik\u00f3w, nasza cena MDPV odzwierciedla zar\u00f3wno wysok\u0105 jako\u015b\u0107, jak i warto\u015b\u0107 dla profesjonalnych badaczy na ca\u0142ym \u015bwiecie.<\/p>\n<h3 data-start=\"2306\" data-end=\"2349\">Korzy\u015bci z zakupu MDPV od Pvpgrams<\/h3>\n<ul data-start=\"2351\" data-end=\"2720\">\n<li data-start=\"2351\" data-end=\"2472\">\n<p data-start=\"2353\" data-end=\"2472\">Czysto\u015b\u0107 potwierdzona laboratoryjnie: Ka\u017cda partia MDPV kupowana online jest testowana w celu spe\u0142nienia rygorystycznych standard\u00f3w dok\u0142adno\u015bci naukowej.<\/p>\n<\/li>\n<li data-start=\"2473\" data-end=\"2576\">\n<p data-start=\"2475\" data-end=\"2576\">Szybka i dyskretna wysy\u0142ka: Gwarantujemy bezpieczn\u0105 i poufn\u0105 dostaw\u0119 przy sk\u0142adaniu zam\u00f3wienia w MDPV.<\/p>\n<\/li>\n<li data-start=\"2577\" data-end=\"2720\">\n<p data-start=\"2579\" data-end=\"2720\">Jako\u015b\u0107 badawcza: Kup MDPV online, aby skorzysta\u0107 z bada\u0144 laboratoryjnych skupiaj\u0105cych si\u0119 na modulacji dopaminy\/noradrenaliny i dzia\u0142aniu pobudzaj\u0105cym.<\/p>\n<\/li>\n<\/ul>\n<h3 data-start=\"2722\" data-end=\"2760\">Status prawny i bezpieczna wysy\u0142ka<\/h3>\n<p data-start=\"2762\" data-end=\"3025\">Zanim zam\u00f3wisz MDPV, sprawd\u017a status prawny w swoim regionie. Pvpgrams dostarcza MDPV wy\u0142\u0105cznie do autoryzowanych cel\u00f3w badawczych, zgodnie ze wszystkimi przepisami. Wszystkie zam\u00f3wienia s\u0105 wysy\u0142ane bezpiecznie i dyskretnie, co czyni nas zaufanym dostawc\u0105 dla badaczy na ca\u0142ym \u015bwiecie.<\/p>\n<h3 data-start=\"3027\" data-end=\"3062\">Zam\u00f3w MDPV do bada\u0144 ju\u017c dzi\u015b<\/h3>\n<p data-start=\"3064\" data-end=\"3364\">Szukasz najlepszego miejsca na zakup MDPV online? Pvpgrams oferuje wysokiej czysto\u015bci, laboratoryjnie testowany MDPV z dyskretn\u0105 i szybk\u0105 dostaw\u0105. Naukowcy na ca\u0142ym \u015bwiecie ufaj\u0105 naszej us\u0142udze zakupu MDPV online, gwarantuj\u0105cej sta\u0142\u0105 jako\u015b\u0107 i bezpieczn\u0105 wysy\u0142k\u0119. Z\u0142\u00f3\u017c zam\u00f3wienie ju\u017c dzi\u015b i rozpocznij badania z pe\u0142nym przekonaniem.<\/p>\n<p data-start=\"3366\" data-end=\"3448\">Pvpgrams - zaufany dostawca MDPV i wysokiej jako\u015bci chemikali\u00f3w badawczych<\/p>\n<h2><\/h2>","protected":false},"excerpt":{"rendered":"<p><strong>Butylon (\u03b2-Keto-Butyloamfetamina)<\/strong>, znany r\u00f3wnie\u017c jako <strong>bk-MBDB<\/strong>to syntetyczny katynon i entaktogen strukturalnie spokrewniony z MDMA i MDEA. Znany ze swoich \u0142agodnych w\u0142a\u015bciwo\u015bci pobudzaj\u0105cych i empatogennych, <strong>Butylon<\/strong> jest szeroko stosowany w <strong>neuronauka<\/strong>, <strong>badania behawioralne<\/strong>oraz <strong>analiza chemiczna<\/strong>. W Factoryson dostarczamy <strong>Butylon o wysokiej czysto\u015bci<\/strong> dla <strong>badania i zastosowania przemys\u0142owe<\/strong>zapewniaj\u0105c najwy\u017csz\u0105 jako\u015b\u0107 i bezpieczn\u0105 dostaw\u0119.<\/p>\n<h3><strong>Jak dzia\u0142a butylon<\/strong><\/h3>\n<p>Dzia\u0142anie butylonu polega na zwi\u0119kszaniu uwalniania i hamowaniu wychwytu zwrotnego neuroprzeka\u017anik\u00f3w, takich jak <strong>dopamina<\/strong>, <strong>serotonina<\/strong>oraz <strong>noradrenalina<\/strong>. Prowadzi to do zwi\u0119kszenia energii, poprawy nastroju i zwi\u0119kszenia towarzysko\u015bci. Jego wp\u0142yw na <strong>centralny uk\u0142ad nerwowy<\/strong> sprawiaj\u0105, \u017ce jest to cenny zwi\u0105zek do badania interakcji neuroprzeka\u017anik\u00f3w i efekt\u00f3w empatogennych.<\/p>\n<ul>\n<li><strong>Pocz\u0105tek<\/strong>20-40 minut.<\/li>\n<li><strong>Efekty szczytowe<\/strong>: 1-2 godziny.<\/li>\n<li><strong>Czas trwania<\/strong>: 4-6 godzin, w zale\u017cno\u015bci od dawki i sposobu u\u017cycia.<\/li>\n<\/ul>\n<h3><strong>Formu\u0142a produktu<\/strong><\/h3>\n<ul>\n<li><strong>Nazwa chemiczna<\/strong>\u03b2-Keto-Butyloamfetamina<\/li>\n<li><strong>Wz\u00f3r cz\u0105steczkowy<\/strong>: C12H17NO3<\/li>\n<li><strong>Masa molowa<\/strong>223,27 g\/mol<\/li>\n<\/ul>","protected":false},"featured_media":1454,"comment_status":"open","ping_status":"closed","template":"","meta":{"_kadence_starter_templates_imported_post":false,"_kad_post_transparent":"default","_kad_post_title":"","_kad_post_layout":"default","_kad_post_sidebar_id":"","_kad_post_content_style":"default","_kad_post_vertical_padding":"default","_kad_post_feature":"","_kad_post_feature_position":"","_kad_post_header":false,"_kad_post_footer":false,"_joinchat":[]},"product_brand":[],"product_cat":[41],"product_tag":[],"class_list":{"0":"post-1113","1":"product","2":"type-product","3":"status-publish","4":"has-post-thumbnail","6":"product_cat-buy-alpha-php","8":"first","9":"instock","10":"shipping-taxable","11":"purchasable","12":"product-type-variable","13":"entry","14":"content-bg","15":"loop-entry"},"yoast_head":"<!-- This site is optimized with the Yoast SEO plugin v26.5 - https:\/\/yoast.com\/wordpress\/plugins\/seo\/ -->\n<title>Buy MDPV (Methylenedioxypyrovalerone) Online - MDPV for Sale<\/title>\n<meta name=\"description\" content=\"Do not miss any opportunity to buy mdpv (methylenedioxypyrovalerone) online from our store. We are exclusively dealing with mdpv for sale at cheap rates. We are here to help you. Order now!\" \/>\n<meta name=\"robots\" content=\"index, follow, max-snippet:-1, max-image-preview:large, max-video-preview:-1\" \/>\n<link rel=\"canonical\" href=\"https:\/\/pvpgrams.com\/pl\/product\/mdpv-methylenedioxypyrovalerone\/\" \/>\n<meta property=\"og:locale\" content=\"pl_PL\" \/>\n<meta property=\"og:type\" content=\"article\" \/>\n<meta property=\"og:title\" content=\"Buy MDPV (Methylenedioxypyrovalerone) Online - MDPV for Sale\" \/>\n<meta property=\"og:description\" content=\"Do not miss any opportunity to buy mdpv (methylenedioxypyrovalerone) online from our store. We are exclusively dealing with mdpv for sale at cheap rates. We are here to help you. Order now!\" \/>\n<meta property=\"og:url\" content=\"https:\/\/pvpgrams.com\/pl\/product\/mdpv-methylenedioxypyrovalerone\/\" \/>\n<meta property=\"og:site_name\" content=\"PVP Grams\" \/>\n<meta property=\"article:modified_time\" content=\"2025-08-21T11:56:57+00:00\" \/>\n<meta property=\"og:image\" content=\"https:\/\/pvpgrams.com\/wp-content\/uploads\/2024\/10\/Buy-MDPV-Methylenedioxypyrovalerone-Online.jpg\" \/>\n\t<meta property=\"og:image:width\" content=\"600\" \/>\n\t<meta property=\"og:image:height\" content=\"600\" \/>\n\t<meta property=\"og:image:type\" content=\"image\/jpeg\" \/>\n<meta name=\"twitter:card\" content=\"summary_large_image\" \/>\n<meta name=\"twitter:label1\" content=\"Szacowany czas czytania\" \/>\n\t<meta name=\"twitter:data1\" content=\"3 minuty\" \/>\n<script type=\"application\/ld+json\" class=\"yoast-schema-graph\">{\"@context\":\"https:\/\/schema.org\",\"@graph\":[{\"@type\":[\"WebPage\",\"ItemPage\"],\"@id\":\"https:\/\/pvpgrams.com\/product\/mdpv-methylenedioxypyrovalerone\/\",\"url\":\"https:\/\/pvpgrams.com\/product\/mdpv-methylenedioxypyrovalerone\/\",\"name\":\"Buy MDPV (Methylenedioxypyrovalerone) Online - MDPV for Sale\",\"isPartOf\":{\"@id\":\"https:\/\/pvpgrams.com\/#website\"},\"primaryImageOfPage\":{\"@id\":\"https:\/\/pvpgrams.com\/product\/mdpv-methylenedioxypyrovalerone\/#primaryimage\"},\"image\":{\"@id\":\"https:\/\/pvpgrams.com\/product\/mdpv-methylenedioxypyrovalerone\/#primaryimage\"},\"thumbnailUrl\":\"https:\/\/pvpgrams.com\/wp-content\/uploads\/2024\/10\/Buy-MDPV-Methylenedioxypyrovalerone-Online.jpg\",\"datePublished\":\"2024-10-24T23:46:49+00:00\",\"dateModified\":\"2025-08-21T11:56:57+00:00\",\"description\":\"Do not miss any opportunity to buy mdpv (methylenedioxypyrovalerone) online from our store. We are exclusively dealing with mdpv for sale at cheap rates. We are here to help you. Order now!\",\"breadcrumb\":{\"@id\":\"https:\/\/pvpgrams.com\/product\/mdpv-methylenedioxypyrovalerone\/#breadcrumb\"},\"inLanguage\":\"pl-PL\",\"potentialAction\":[{\"@type\":\"ReadAction\",\"target\":[\"https:\/\/pvpgrams.com\/product\/mdpv-methylenedioxypyrovalerone\/\"]}]},{\"@type\":\"ImageObject\",\"inLanguage\":\"pl-PL\",\"@id\":\"https:\/\/pvpgrams.com\/product\/mdpv-methylenedioxypyrovalerone\/#primaryimage\",\"url\":\"https:\/\/pvpgrams.com\/wp-content\/uploads\/2024\/10\/Buy-MDPV-Methylenedioxypyrovalerone-Online.jpg\",\"contentUrl\":\"https:\/\/pvpgrams.com\/wp-content\/uploads\/2024\/10\/Buy-MDPV-Methylenedioxypyrovalerone-Online.jpg\",\"width\":600,\"height\":600,\"caption\":\"Buy-MDPV-(Methylenedioxypyrovalerone)-Online\"},{\"@type\":\"BreadcrumbList\",\"@id\":\"https:\/\/pvpgrams.com\/product\/mdpv-methylenedioxypyrovalerone\/#breadcrumb\",\"itemListElement\":[{\"@type\":\"ListItem\",\"position\":1,\"name\":\"Home\",\"item\":\"https:\/\/pvpgrams.com\/\"},{\"@type\":\"ListItem\",\"position\":2,\"name\":\"Shop\",\"item\":\"https:\/\/pvpgrams.com\/shop\/\"},{\"@type\":\"ListItem\",\"position\":3,\"name\":\"Buy MDPV (Methylenedioxypyrovalerone) Online\"}]},{\"@type\":\"WebSite\",\"@id\":\"https:\/\/pvpgrams.com\/#website\",\"url\":\"https:\/\/pvpgrams.com\/\",\"name\":\"PVP Grams\",\"description\":\"\",\"publisher\":{\"@id\":\"https:\/\/pvpgrams.com\/#organization\"},\"potentialAction\":[{\"@type\":\"SearchAction\",\"target\":{\"@type\":\"EntryPoint\",\"urlTemplate\":\"https:\/\/pvpgrams.com\/?s={search_term_string}\"},\"query-input\":{\"@type\":\"PropertyValueSpecification\",\"valueRequired\":true,\"valueName\":\"search_term_string\"}}],\"inLanguage\":\"pl-PL\"},{\"@type\":\"Organization\",\"@id\":\"https:\/\/pvpgrams.com\/#organization\",\"name\":\"PVP Grams\",\"url\":\"https:\/\/pvpgrams.com\/\",\"logo\":{\"@type\":\"ImageObject\",\"inLanguage\":\"pl-PL\",\"@id\":\"https:\/\/pvpgrams.com\/#\/schema\/logo\/image\/\",\"url\":\"https:\/\/pvpgrams.com\/wp-content\/uploads\/2024\/10\/logo.png\",\"contentUrl\":\"https:\/\/pvpgrams.com\/wp-content\/uploads\/2024\/10\/logo.png\",\"width\":181,\"height\":41,\"caption\":\"PVP Grams\"},\"image\":{\"@id\":\"https:\/\/pvpgrams.com\/#\/schema\/logo\/image\/\"}}]}<\/script>\n<!-- \/ Yoast SEO plugin. -->","yoast_head_json":{"title":"Kup MDPV (metylenodioksypyrowaleron) online - MDPV na sprzeda\u017c","description":"Nie przegap \u017cadnej okazji, aby kupi\u0107 mdpv (methylenedioxypyrovalerone) online w naszym sklepie. Zajmujemy si\u0119 wy\u0142\u0105cznie mdpv na sprzeda\u017c po niskich cenach. Jeste\u015bmy tutaj, aby Ci pom\u00f3c. Zam\u00f3w teraz!","robots":{"index":"index","follow":"follow","max-snippet":"max-snippet:-1","max-image-preview":"max-image-preview:large","max-video-preview":"max-video-preview:-1"},"canonical":"https:\/\/pvpgrams.com\/pl\/product\/mdpv-methylenedioxypyrovalerone\/","og_locale":"pl_PL","og_type":"article","og_title":"Buy MDPV (Methylenedioxypyrovalerone) Online - MDPV for Sale","og_description":"Do not miss any opportunity to buy mdpv (methylenedioxypyrovalerone) online from our store. We are exclusively dealing with mdpv for sale at cheap rates. We are here to help you. Order now!","og_url":"https:\/\/pvpgrams.com\/pl\/product\/mdpv-methylenedioxypyrovalerone\/","og_site_name":"PVP Grams","article_modified_time":"2025-08-21T11:56:57+00:00","og_image":[{"width":600,"height":600,"url":"https:\/\/pvpgrams.com\/wp-content\/uploads\/2024\/10\/Buy-MDPV-Methylenedioxypyrovalerone-Online.jpg","type":"image\/jpeg"}],"twitter_card":"summary_large_image","twitter_misc":{"Szacowany czas czytania":"3 minuty"},"schema":{"@context":"https:\/\/schema.org","@graph":[{"@type":["WebPage","ItemPage"],"@id":"https:\/\/pvpgrams.com\/product\/mdpv-methylenedioxypyrovalerone\/","url":"https:\/\/pvpgrams.com\/product\/mdpv-methylenedioxypyrovalerone\/","name":"Kup MDPV (metylenodioksypyrowaleron) online - MDPV na sprzeda\u017c","isPartOf":{"@id":"https:\/\/pvpgrams.com\/#website"},"primaryImageOfPage":{"@id":"https:\/\/pvpgrams.com\/product\/mdpv-methylenedioxypyrovalerone\/#primaryimage"},"image":{"@id":"https:\/\/pvpgrams.com\/product\/mdpv-methylenedioxypyrovalerone\/#primaryimage"},"thumbnailUrl":"https:\/\/pvpgrams.com\/wp-content\/uploads\/2024\/10\/Buy-MDPV-Methylenedioxypyrovalerone-Online.jpg","datePublished":"2024-10-24T23:46:49+00:00","dateModified":"2025-08-21T11:56:57+00:00","description":"Nie przegap \u017cadnej okazji, aby kupi\u0107 mdpv (methylenedioxypyrovalerone) online w naszym sklepie. Zajmujemy si\u0119 wy\u0142\u0105cznie mdpv na sprzeda\u017c po niskich cenach. Jeste\u015bmy tutaj, aby Ci pom\u00f3c. Zam\u00f3w teraz!","breadcrumb":{"@id":"https:\/\/pvpgrams.com\/product\/mdpv-methylenedioxypyrovalerone\/#breadcrumb"},"inLanguage":"pl-PL","potentialAction":[{"@type":"ReadAction","target":["https:\/\/pvpgrams.com\/product\/mdpv-methylenedioxypyrovalerone\/"]}]},{"@type":"ImageObject","inLanguage":"pl-PL","@id":"https:\/\/pvpgrams.com\/product\/mdpv-methylenedioxypyrovalerone\/#primaryimage","url":"https:\/\/pvpgrams.com\/wp-content\/uploads\/2024\/10\/Buy-MDPV-Methylenedioxypyrovalerone-Online.jpg","contentUrl":"https:\/\/pvpgrams.com\/wp-content\/uploads\/2024\/10\/Buy-MDPV-Methylenedioxypyrovalerone-Online.jpg","width":600,"height":600,"caption":"Buy-MDPV-(Methylenedioxypyrovalerone)-Online"},{"@type":"BreadcrumbList","@id":"https:\/\/pvpgrams.com\/product\/mdpv-methylenedioxypyrovalerone\/#breadcrumb","itemListElement":[{"@type":"ListItem","position":1,"name":"Home","item":"https:\/\/pvpgrams.com\/"},{"@type":"ListItem","position":2,"name":"Shop","item":"https:\/\/pvpgrams.com\/shop\/"},{"@type":"ListItem","position":3,"name":"Buy MDPV (Methylenedioxypyrovalerone) Online"}]},{"@type":"WebSite","@id":"https:\/\/pvpgrams.com\/#website","url":"https:\/\/pvpgrams.com\/","name":"Gramy PVP","description":"","publisher":{"@id":"https:\/\/pvpgrams.com\/#organization"},"potentialAction":[{"@type":"SearchAction","target":{"@type":"EntryPoint","urlTemplate":"https:\/\/pvpgrams.com\/?s={search_term_string}"},"query-input":{"@type":"PropertyValueSpecification","valueRequired":true,"valueName":"search_term_string"}}],"inLanguage":"pl-PL"},{"@type":"Organization","@id":"https:\/\/pvpgrams.com\/#organization","name":"Gramy PVP","url":"https:\/\/pvpgrams.com\/","logo":{"@type":"ImageObject","inLanguage":"pl-PL","@id":"https:\/\/pvpgrams.com\/#\/schema\/logo\/image\/","url":"https:\/\/pvpgrams.com\/wp-content\/uploads\/2024\/10\/logo.png","contentUrl":"https:\/\/pvpgrams.com\/wp-content\/uploads\/2024\/10\/logo.png","width":181,"height":41,"caption":"PVP Grams"},"image":{"@id":"https:\/\/pvpgrams.com\/#\/schema\/logo\/image\/"}}]}},"_links":{"self":[{"href":"https:\/\/pvpgrams.com\/pl\/wp-json\/wp\/v2\/product\/1113","targetHints":{"allow":["GET"]}}],"collection":[{"href":"https:\/\/pvpgrams.com\/pl\/wp-json\/wp\/v2\/product"}],"about":[{"href":"https:\/\/pvpgrams.com\/pl\/wp-json\/wp\/v2\/types\/product"}],"replies":[{"embeddable":true,"href":"https:\/\/pvpgrams.com\/pl\/wp-json\/wp\/v2\/comments?post=1113"}],"wp:featuredmedia":[{"embeddable":true,"href":"https:\/\/pvpgrams.com\/pl\/wp-json\/wp\/v2\/media\/1454"}],"wp:attachment":[{"href":"https:\/\/pvpgrams.com\/pl\/wp-json\/wp\/v2\/media?parent=1113"}],"wp:term":[{"taxonomy":"product_brand","embeddable":true,"href":"https:\/\/pvpgrams.com\/pl\/wp-json\/wp\/v2\/product_brand?post=1113"},{"taxonomy":"product_cat","embeddable":true,"href":"https:\/\/pvpgrams.com\/pl\/wp-json\/wp\/v2\/product_cat?post=1113"},{"taxonomy":"product_tag","embeddable":true,"href":"https:\/\/pvpgrams.com\/pl\/wp-json\/wp\/v2\/product_tag?post=1113"}],"curies":[{"name":"wp","href":"https:\/\/api.w.org\/{rel}","templated":true}]}}