{"id":1179,"date":"2024-10-31T18:15:27","date_gmt":"2024-10-31T18:15:27","guid":{"rendered":"https:\/\/pvpgrams.com\/?post_type=product&#038;p=1179"},"modified":"2025-09-02T10:38:02","modified_gmt":"2025-09-02T10:38:02","slug":"amphetamine","status":"publish","type":"product","link":"https:\/\/pvpgrams.com\/pl\/product\/amphetamine\/","title":{"rendered":"Kup amfetamin\u0119 online"},"content":{"rendered":"<h2 data-start=\"122\" data-end=\"182\"><strong data-start=\"122\" data-end=\"180\">Kup amfetamin\u0119 online z wiarygodnego \u017ar\u00f3d\u0142a informacji<\/strong><\/h2>\n<p data-start=\"184\" data-end=\"224\"><strong data-start=\"184\" data-end=\"222\">Kup amfetamin\u0119 online w Pvpgrams<\/strong><\/p>\n<p data-start=\"226\" data-end=\"779\">Kup amfetamin\u0119 online w Pvpgrams, zaufanym \u017ar\u00f3dle wysokiej czysto\u015bci amfetaminy do bada\u0144 i zastosowa\u0144 farmaceutycznych. Amfetamina to stymulant o\u015brodkowego uk\u0142adu nerwowego, powszechnie stosowany w przemy\u015ble farmaceutycznym i badaniach klinicznych. Znana ze swojej skuteczno\u015bci w leczeniu ADHD i narkolepsji. <a href=\"https:\/\/pvpgrams.com\/pl\/product\/amphetamine\/\">Amfetamina na sprzeda\u017c<\/a> jest cenny w opracowywaniu lek\u00f3w poprawiaj\u0105cych koncentracj\u0119, czujno\u015b\u0107 i funkcje poznawcze. W Pvpgrams mo\u017cesz zam\u00f3wi\u0107 amfetamin\u0119 z pe\u0142nym zaufaniem, maj\u0105c pewno\u015b\u0107, \u017ce ka\u017cda partia spe\u0142nia surowe standardy jako\u015bci i wymogi zgodno\u015bci.<\/p>\n<h3 data-start=\"781\" data-end=\"810\">G\u0142\u00f3wne zastosowania amfetaminy<\/h3>\n<p data-start=\"812\" data-end=\"904\">Amfetamina dost\u0119pna online jest szeroko wykorzystywana w badaniach naukowych i zastosowaniach farmaceutycznych:<\/p>\n<ul data-start=\"906\" data-end=\"1401\">\n<li data-start=\"906\" data-end=\"1066\">\n<p data-start=\"908\" data-end=\"1066\">Rozw\u00f3j farmaceutyczny: Amfetamina jest niezb\u0119dna w tworzeniu lek\u00f3w na ADHD i narkolepsj\u0119, wspomagaj\u0105c koncentracj\u0119 i czujno\u015b\u0107 u pacjent\u00f3w.<\/p>\n<\/li>\n<li data-start=\"1067\" data-end=\"1258\">\n<p data-start=\"1069\" data-end=\"1258\">Badania kliniczne: Naukowcy wykorzystuj\u0105 amfetamin\u0119 do badania jej wp\u0142ywu na koncentracj\u0119, funkcje poznawcze i czuwanie, co pozwala im lepiej zrozumie\u0107 procesy neurologiczne i psychologiczne.<\/p>\n<\/li>\n<li data-start=\"1259\" data-end=\"1401\">\n<p data-start=\"1261\" data-end=\"1401\">Hurtowe ilo\u015bci amfetaminy dla laboratori\u00f3w: Pvpgrams dostarcza hurtowe ilo\u015bci amfetaminy do laboratori\u00f3w przeprowadzaj\u0105cych badania nad \u015brodkami pobudzaj\u0105cymi i pokrewnymi zwi\u0105zkami.<\/p>\n<\/li>\n<\/ul>\n<h3 data-start=\"1403\" data-end=\"1443\">Dlaczego warto kupi\u0107 amfetamin\u0119 od Pvpgrams?<\/h3>\n<p data-start=\"1445\" data-end=\"1673\">Jako niezawodny dostawca, Pvpgrams oferuje produkty najwy\u017cszej jako\u015bci <a href=\"https:\/\/en.wikipedia.org\/wiki\/Amphetamine\">Amfetamina<\/a> Do sprzeda\u017cy z gwarancj\u0105 czysto\u015bci i sp\u00f3jno\u015bci. Obs\u0142ugujemy klient\u00f3w na ca\u0142ym \u015bwiecie, w tym w USA, Europie, Kanadzie i Azji, zapewniaj\u0105c bezproblemow\u0105 realizacj\u0119 zam\u00f3wie\u0144.<\/p>\n<p data-start=\"1675\" data-end=\"2146\">Wysokiej jako\u015bci amfetamina do zastosowa\u0144 laboratoryjnych: Ka\u017cda partia przechodzi rygorystyczne testy w celu zapewnienia optymalnej czysto\u015bci, co jest kluczowe w zastosowaniach naukowych i analitycznych.<br data-start=\"1838\" data-end=\"1841\" \/>Sta\u0142a i niezawodna jako\u015b\u0107: Nasza amfetamina zosta\u0142a opracowana tak, aby zapewni\u0107 stabilne i powtarzalne wyniki bada\u0144 laboratoryjnych i farmaceutycznych.<br data-start=\"1994\" data-end=\"1997\" \/>Bezpieczne i proste zamawianie online: Naukowcy mog\u0105 bezpiecznie kupowa\u0107 amfetamin\u0119 online dzi\u0119ki uproszczonemu i bezpiecznemu procesowi zamawiania Pvpgrams.<\/p>\n<h3 data-start=\"2148\" data-end=\"2204\">Zastosowania amfetaminy w badaniach naukowych<\/h3>\n<p data-start=\"2206\" data-end=\"2308\">Wysokiej czysto\u015bci amfetamina dost\u0119pna w sprzeda\u017cy jest wykorzystywana w wielu badaniach naukowych i farmakologicznych:<\/p>\n<ul data-start=\"2310\" data-end=\"2702\">\n<li data-start=\"2310\" data-end=\"2426\">\n<p data-start=\"2312\" data-end=\"2426\">Badania farmakologiczne: badanie mechanizm\u00f3w dzia\u0142ania amfetaminy, wi\u0105zania z receptorami i szlak\u00f3w metabolicznych.<\/p>\n<\/li>\n<li data-start=\"2427\" data-end=\"2558\">\n<p data-start=\"2429\" data-end=\"2558\">Badania chemiczne i analityczne: Amfetamin\u0119 stosuje si\u0119 w celu analizy struktury molekularnej, stabilno\u015bci i interakcji chemicznych.<\/p>\n<\/li>\n<li data-start=\"2559\" data-end=\"2702\">\n<p data-start=\"2561\" data-end=\"2702\">Rozw\u00f3j i testowanie substancji: Amfetamina jest cenna w eksperymentach obejmuj\u0105cych rozw\u00f3j i testowanie zwi\u0105zk\u00f3w stymuluj\u0105cych.<\/p>\n<\/li>\n<\/ul>\n<h3 data-start=\"2704\" data-end=\"2752\">Wytyczne dotycz\u0105ce bezpiecze\u0144stwa i instrukcje przechowywania<\/h3>\n<p data-start=\"2754\" data-end=\"2818\">Pvpgrams podkre\u015bla wag\u0119 bezpiecznego obchodzenia si\u0119 z amfetamin\u0105 i jej przechowywania:<\/p>\n<ul data-start=\"2820\" data-end=\"3226\">\n<li data-start=\"2820\" data-end=\"2942\">\n<p data-start=\"2822\" data-end=\"2942\">Bezpieczne przechowywanie: Przechowuj amfetamin\u0119 w ch\u0142odnym, suchym miejscu, z dala od bezpo\u015bredniego \u015bwiat\u0142a s\u0142onecznego, aby zachowa\u0107 jej jako\u015b\u0107 i stabilno\u015b\u0107.<\/p>\n<\/li>\n<li data-start=\"2943\" data-end=\"3048\">\n<p data-start=\"2945\" data-end=\"3048\">\u015arodki ostro\u017cno\u015bci: Nale\u017cy stosowa\u0107 \u015brodki ochrony indywidualnej (PPE) i pracowa\u0107 w dobrze wentylowanym pomieszczeniu.<\/p>\n<\/li>\n<li data-start=\"3049\" data-end=\"3226\">\n<p data-start=\"3051\" data-end=\"3226\">Tylko do cel\u00f3w badawczych: Amfetamina jest przeznaczona wy\u0142\u0105cznie do profesjonalnych cel\u00f3w badawczych w certyfikowanych laboratoriach i nie nadaje si\u0119 do spo\u017cycia przez ludzi ani zwierz\u0119ta.<\/p>\n<\/li>\n<\/ul>\n<h3 data-start=\"3228\" data-end=\"3281\">Zam\u00f3w amfetamin\u0119 o wysokiej czysto\u015bci do swoich bada\u0144<\/h3>\n<p data-start=\"3283\" data-end=\"3554\">Chcesz kupi\u0107 amfetamin\u0119 z wiarygodnego \u017ar\u00f3d\u0142a? Pvpgrams oferuje amfetamin\u0119 o wysokiej czysto\u015bci, szybk\u0105 wysy\u0142k\u0119, bezpieczne transakcje i gwarancj\u0119 jako\u015bci. Zam\u00f3w amfetamin\u0119 online ju\u017c dzi\u015b i zapewnij sobie sp\u00f3jne i wiarygodne wyniki w swoich projektach naukowych.<\/p>\n<h3 data-start=\"3556\" data-end=\"3606\">Status prawny i dost\u0119pno\u015b\u0107 amfetaminy<\/h3>\n<p data-start=\"3608\" data-end=\"3928\">Status prawny amfetaminy r\u00f3\u017cni si\u0119 w zale\u017cno\u015bci od regionu ze wzgl\u0119du na jej w\u0142a\u015bciwo\u015bci pobudzaj\u0105ce. Pvpgrams dostarcza amfetamin\u0119 na sprzeda\u017c wy\u0142\u0105cznie do cel\u00f3w farmaceutycznych i badawczych, zapewniaj\u0105c pe\u0142n\u0105 zgodno\u015b\u0107 z lokalnymi i mi\u0119dzynarodowymi przepisami. Znajd\u017a najlepsze miejsce do zakupu amfetaminy online z Pvpgrams.<\/p>\n<p data-start=\"3930\" data-end=\"3966\">Cena amfetaminy i zamawianie<\/p>\n<p data-start=\"3968\" data-end=\"4155\">Sprawd\u017a nasze konkurencyjne ceny amfetaminy dla zam\u00f3wie\u0144 hurtowych i laboratoryjnych. Naukowcy i instytucje mog\u0105 bezpiecznie kupowa\u0107 amfetamin\u0119 online, maj\u0105c pewno\u015b\u0107 jako\u015bci i niezawodno\u015bci.<\/p>","protected":false},"excerpt":{"rendered":"<p>Amfetamina jest stymulantem o\u015brodkowego uk\u0142adu nerwowego, kt\u00f3ry wp\u0142ywa na substancje chemiczne w m\u00f3zgu i nerwach, kt\u00f3re przyczyniaj\u0105 si\u0119 do nadpobudliwo\u015bci i kontroli impuls\u00f3w. Jest cz\u0119sto przepisywana w przypadku takich schorze\u0144 jak ADHD i narkolepsja. Chocia\u017c mo\u017ce zwi\u0119kszy\u0107 koncentracj\u0119 i energi\u0119, niesie ze sob\u0105 r\u00f3wnie\u017c ryzyko skutk\u00f3w ubocznych i potencjalnego niew\u0142a\u015bciwego u\u017cycia. Je\u015bli masz konkretne pytania lub potrzebujesz informacji na temat jego skutk\u00f3w, zastosowa\u0144 lub ryzyka, nie wahaj si\u0119 zapyta\u0107!<\/p>\n<h3>Przegl\u0105d amfetaminy<\/h3>\n<p><strong>Formu\u0142a:<\/strong> C9H13N<br \/>\n<strong>Formularze:<\/strong> Siarczan amfetaminy, dekstroamfetamina, lizdeksamfetamina<\/p>\n<p><strong>Zastosowania:<\/strong> Leczy ADHD i narkolepsj\u0119<br \/>\n<strong>Mechanizm:<\/strong> Zwi\u0119ksza uwalnianie dopaminy i noradrenaliny<br \/>\n<strong>Efekty uboczne:<\/strong> Bezsenno\u015b\u0107, przyspieszone t\u0119tno, niepok\u00f3j, ryzyko uzale\u017cnienia<br \/>\n<strong>Rozporz\u0105dzenie:<\/strong> Substancja kontrolowana z wykazu II<\/p>","protected":false},"featured_media":1180,"comment_status":"open","ping_status":"closed","template":"","meta":{"_kadence_starter_templates_imported_post":false,"_kad_post_transparent":"default","_kad_post_title":"","_kad_post_layout":"default","_kad_post_sidebar_id":"","_kad_post_content_style":"default","_kad_post_vertical_padding":"default","_kad_post_feature":"","_kad_post_feature_position":"","_kad_post_header":false,"_kad_post_footer":false,"_joinchat":[]},"product_brand":[],"product_cat":[359],"product_tag":[],"class_list":{"0":"post-1179","1":"product","2":"type-product","3":"status-publish","4":"has-post-thumbnail","6":"product_cat-stimulants","8":"first","9":"instock","10":"shipping-taxable","11":"purchasable","12":"product-type-variable","13":"entry","14":"content-bg","15":"loop-entry"},"yoast_head":"<!-- This site is optimized with the Yoast SEO plugin v26.5 - https:\/\/yoast.com\/wordpress\/plugins\/seo\/ -->\n<title>Buy Amphetamine Online - Amphetamine for Sale Online<\/title>\n<meta name=\"description\" content=\"At our pvpgrams, you can get amphetamine powder for sale at cheap rates. Here you can buy amphetamine online with high-quality from our store now with fast &amp; secure shipping service. Order Now!\" \/>\n<meta name=\"robots\" content=\"index, follow, max-snippet:-1, max-image-preview:large, max-video-preview:-1\" \/>\n<link rel=\"canonical\" href=\"https:\/\/pvpgrams.com\/pl\/product\/amphetamine\/\" \/>\n<meta property=\"og:locale\" content=\"pl_PL\" \/>\n<meta property=\"og:type\" content=\"article\" \/>\n<meta property=\"og:title\" content=\"Buy Amphetamine Online - Amphetamine for Sale Online\" \/>\n<meta property=\"og:description\" content=\"At our pvpgrams, you can get amphetamine powder for sale at cheap rates. Here you can buy amphetamine online with high-quality from our store now with fast &amp; secure shipping service. Order Now!\" \/>\n<meta property=\"og:url\" content=\"https:\/\/pvpgrams.com\/pl\/product\/amphetamine\/\" \/>\n<meta property=\"og:site_name\" content=\"PVP Grams\" \/>\n<meta property=\"article:modified_time\" content=\"2025-09-02T10:38:02+00:00\" \/>\n<meta property=\"og:image\" content=\"https:\/\/pvpgrams.com\/wp-content\/uploads\/2024\/10\/Amphetamine.jpg\" \/>\n\t<meta property=\"og:image:width\" content=\"2048\" \/>\n\t<meta property=\"og:image:height\" content=\"1360\" \/>\n\t<meta property=\"og:image:type\" content=\"image\/jpeg\" \/>\n<meta name=\"twitter:card\" content=\"summary_large_image\" \/>\n<meta name=\"twitter:label1\" content=\"Szacowany czas czytania\" \/>\n\t<meta name=\"twitter:data1\" content=\"3 minuty\" \/>\n<script type=\"application\/ld+json\" class=\"yoast-schema-graph\">{\"@context\":\"https:\/\/schema.org\",\"@graph\":[{\"@type\":[\"WebPage\",\"ItemPage\"],\"@id\":\"https:\/\/pvpgrams.com\/product\/amphetamine\/\",\"url\":\"https:\/\/pvpgrams.com\/product\/amphetamine\/\",\"name\":\"Buy Amphetamine Online - Amphetamine for Sale Online\",\"isPartOf\":{\"@id\":\"https:\/\/pvpgrams.com\/#website\"},\"primaryImageOfPage\":{\"@id\":\"https:\/\/pvpgrams.com\/product\/amphetamine\/#primaryimage\"},\"image\":{\"@id\":\"https:\/\/pvpgrams.com\/product\/amphetamine\/#primaryimage\"},\"thumbnailUrl\":\"https:\/\/pvpgrams.com\/wp-content\/uploads\/2024\/10\/Amphetamine.jpg\",\"datePublished\":\"2024-10-31T18:15:27+00:00\",\"dateModified\":\"2025-09-02T10:38:02+00:00\",\"description\":\"At our pvpgrams, you can get amphetamine powder for sale at cheap rates. Here you can buy amphetamine online with high-quality from our store now with fast & secure shipping service. Order Now!\",\"breadcrumb\":{\"@id\":\"https:\/\/pvpgrams.com\/product\/amphetamine\/#breadcrumb\"},\"inLanguage\":\"pl-PL\",\"potentialAction\":[{\"@type\":\"ReadAction\",\"target\":[\"https:\/\/pvpgrams.com\/product\/amphetamine\/\"]}]},{\"@type\":\"ImageObject\",\"inLanguage\":\"pl-PL\",\"@id\":\"https:\/\/pvpgrams.com\/product\/amphetamine\/#primaryimage\",\"url\":\"https:\/\/pvpgrams.com\/wp-content\/uploads\/2024\/10\/Amphetamine.jpg\",\"contentUrl\":\"https:\/\/pvpgrams.com\/wp-content\/uploads\/2024\/10\/Amphetamine.jpg\",\"width\":2048,\"height\":1360,\"caption\":\"Buy Amphetamine Online\"},{\"@type\":\"BreadcrumbList\",\"@id\":\"https:\/\/pvpgrams.com\/product\/amphetamine\/#breadcrumb\",\"itemListElement\":[{\"@type\":\"ListItem\",\"position\":1,\"name\":\"Home\",\"item\":\"https:\/\/pvpgrams.com\/\"},{\"@type\":\"ListItem\",\"position\":2,\"name\":\"Shop\",\"item\":\"https:\/\/pvpgrams.com\/shop\/\"},{\"@type\":\"ListItem\",\"position\":3,\"name\":\"Buy Amphetamine Online\"}]},{\"@type\":\"WebSite\",\"@id\":\"https:\/\/pvpgrams.com\/#website\",\"url\":\"https:\/\/pvpgrams.com\/\",\"name\":\"PVP Grams\",\"description\":\"\",\"publisher\":{\"@id\":\"https:\/\/pvpgrams.com\/#organization\"},\"potentialAction\":[{\"@type\":\"SearchAction\",\"target\":{\"@type\":\"EntryPoint\",\"urlTemplate\":\"https:\/\/pvpgrams.com\/?s={search_term_string}\"},\"query-input\":{\"@type\":\"PropertyValueSpecification\",\"valueRequired\":true,\"valueName\":\"search_term_string\"}}],\"inLanguage\":\"pl-PL\"},{\"@type\":\"Organization\",\"@id\":\"https:\/\/pvpgrams.com\/#organization\",\"name\":\"PVP Grams\",\"url\":\"https:\/\/pvpgrams.com\/\",\"logo\":{\"@type\":\"ImageObject\",\"inLanguage\":\"pl-PL\",\"@id\":\"https:\/\/pvpgrams.com\/#\/schema\/logo\/image\/\",\"url\":\"https:\/\/pvpgrams.com\/wp-content\/uploads\/2024\/10\/logo.png\",\"contentUrl\":\"https:\/\/pvpgrams.com\/wp-content\/uploads\/2024\/10\/logo.png\",\"width\":181,\"height\":41,\"caption\":\"PVP Grams\"},\"image\":{\"@id\":\"https:\/\/pvpgrams.com\/#\/schema\/logo\/image\/\"}}]}<\/script>\n<!-- \/ Yoast SEO plugin. -->","yoast_head_json":{"title":"Kup amfetamin\u0119 online - amfetamina na sprzeda\u017c online","description":"W naszym pvpgrams, mo\u017cna dosta\u0107 amfetamin\u0119 w proszku na sprzeda\u017c w niskich cenach. Tutaj mo\u017cesz kupi\u0107 amfetamin\u0119 online o wysokiej jako\u015bci z naszego sklepu teraz z szybk\u0105 i bezpieczn\u0105 wysy\u0142k\u0105. Zam\u00f3w teraz!","robots":{"index":"index","follow":"follow","max-snippet":"max-snippet:-1","max-image-preview":"max-image-preview:large","max-video-preview":"max-video-preview:-1"},"canonical":"https:\/\/pvpgrams.com\/pl\/product\/amphetamine\/","og_locale":"pl_PL","og_type":"article","og_title":"Buy Amphetamine Online - Amphetamine for Sale Online","og_description":"At our pvpgrams, you can get amphetamine powder for sale at cheap rates. Here you can buy amphetamine online with high-quality from our store now with fast & secure shipping service. Order Now!","og_url":"https:\/\/pvpgrams.com\/pl\/product\/amphetamine\/","og_site_name":"PVP Grams","article_modified_time":"2025-09-02T10:38:02+00:00","og_image":[{"width":2048,"height":1360,"url":"https:\/\/pvpgrams.com\/wp-content\/uploads\/2024\/10\/Amphetamine.jpg","type":"image\/jpeg"}],"twitter_card":"summary_large_image","twitter_misc":{"Szacowany czas czytania":"3 minuty"},"schema":{"@context":"https:\/\/schema.org","@graph":[{"@type":["WebPage","ItemPage"],"@id":"https:\/\/pvpgrams.com\/product\/amphetamine\/","url":"https:\/\/pvpgrams.com\/product\/amphetamine\/","name":"Kup amfetamin\u0119 online - amfetamina na sprzeda\u017c online","isPartOf":{"@id":"https:\/\/pvpgrams.com\/#website"},"primaryImageOfPage":{"@id":"https:\/\/pvpgrams.com\/product\/amphetamine\/#primaryimage"},"image":{"@id":"https:\/\/pvpgrams.com\/product\/amphetamine\/#primaryimage"},"thumbnailUrl":"https:\/\/pvpgrams.com\/wp-content\/uploads\/2024\/10\/Amphetamine.jpg","datePublished":"2024-10-31T18:15:27+00:00","dateModified":"2025-09-02T10:38:02+00:00","description":"W naszym pvpgrams, mo\u017cna dosta\u0107 amfetamin\u0119 w proszku na sprzeda\u017c w niskich cenach. Tutaj mo\u017cesz kupi\u0107 amfetamin\u0119 online o wysokiej jako\u015bci z naszego sklepu teraz z szybk\u0105 i bezpieczn\u0105 wysy\u0142k\u0105. Zam\u00f3w teraz!","breadcrumb":{"@id":"https:\/\/pvpgrams.com\/product\/amphetamine\/#breadcrumb"},"inLanguage":"pl-PL","potentialAction":[{"@type":"ReadAction","target":["https:\/\/pvpgrams.com\/product\/amphetamine\/"]}]},{"@type":"ImageObject","inLanguage":"pl-PL","@id":"https:\/\/pvpgrams.com\/product\/amphetamine\/#primaryimage","url":"https:\/\/pvpgrams.com\/wp-content\/uploads\/2024\/10\/Amphetamine.jpg","contentUrl":"https:\/\/pvpgrams.com\/wp-content\/uploads\/2024\/10\/Amphetamine.jpg","width":2048,"height":1360,"caption":"Buy Amphetamine Online"},{"@type":"BreadcrumbList","@id":"https:\/\/pvpgrams.com\/product\/amphetamine\/#breadcrumb","itemListElement":[{"@type":"ListItem","position":1,"name":"Home","item":"https:\/\/pvpgrams.com\/"},{"@type":"ListItem","position":2,"name":"Shop","item":"https:\/\/pvpgrams.com\/shop\/"},{"@type":"ListItem","position":3,"name":"Buy Amphetamine Online"}]},{"@type":"WebSite","@id":"https:\/\/pvpgrams.com\/#website","url":"https:\/\/pvpgrams.com\/","name":"Gramy PVP","description":"","publisher":{"@id":"https:\/\/pvpgrams.com\/#organization"},"potentialAction":[{"@type":"SearchAction","target":{"@type":"EntryPoint","urlTemplate":"https:\/\/pvpgrams.com\/?s={search_term_string}"},"query-input":{"@type":"PropertyValueSpecification","valueRequired":true,"valueName":"search_term_string"}}],"inLanguage":"pl-PL"},{"@type":"Organization","@id":"https:\/\/pvpgrams.com\/#organization","name":"Gramy PVP","url":"https:\/\/pvpgrams.com\/","logo":{"@type":"ImageObject","inLanguage":"pl-PL","@id":"https:\/\/pvpgrams.com\/#\/schema\/logo\/image\/","url":"https:\/\/pvpgrams.com\/wp-content\/uploads\/2024\/10\/logo.png","contentUrl":"https:\/\/pvpgrams.com\/wp-content\/uploads\/2024\/10\/logo.png","width":181,"height":41,"caption":"PVP Grams"},"image":{"@id":"https:\/\/pvpgrams.com\/#\/schema\/logo\/image\/"}}]}},"_links":{"self":[{"href":"https:\/\/pvpgrams.com\/pl\/wp-json\/wp\/v2\/product\/1179","targetHints":{"allow":["GET"]}}],"collection":[{"href":"https:\/\/pvpgrams.com\/pl\/wp-json\/wp\/v2\/product"}],"about":[{"href":"https:\/\/pvpgrams.com\/pl\/wp-json\/wp\/v2\/types\/product"}],"replies":[{"embeddable":true,"href":"https:\/\/pvpgrams.com\/pl\/wp-json\/wp\/v2\/comments?post=1179"}],"wp:featuredmedia":[{"embeddable":true,"href":"https:\/\/pvpgrams.com\/pl\/wp-json\/wp\/v2\/media\/1180"}],"wp:attachment":[{"href":"https:\/\/pvpgrams.com\/pl\/wp-json\/wp\/v2\/media?parent=1179"}],"wp:term":[{"taxonomy":"product_brand","embeddable":true,"href":"https:\/\/pvpgrams.com\/pl\/wp-json\/wp\/v2\/product_brand?post=1179"},{"taxonomy":"product_cat","embeddable":true,"href":"https:\/\/pvpgrams.com\/pl\/wp-json\/wp\/v2\/product_cat?post=1179"},{"taxonomy":"product_tag","embeddable":true,"href":"https:\/\/pvpgrams.com\/pl\/wp-json\/wp\/v2\/product_tag?post=1179"}],"curies":[{"name":"wp","href":"https:\/\/api.w.org\/{rel}","templated":true}]}}