{"id":1181,"date":"2024-10-31T18:40:53","date_gmt":"2024-10-31T18:40:53","guid":{"rendered":"https:\/\/pvpgrams.com\/?post_type=product&#038;p=1181"},"modified":"2025-10-30T08:05:53","modified_gmt":"2025-10-30T08:05:53","slug":"mdma-metylenodioksymetamfetamina","status":"publish","type":"product","link":"https:\/\/pvpgrams.com\/pl\/product\/mdma-metylenodioksymetamfetamina\/","title":{"rendered":"Kup metylenodioksymetamfetamin\u0119 (MDMA) online"},"content":{"rendered":"<h2 data-start=\"122\" data-end=\"175\"><strong data-start=\"122\" data-end=\"173\">Kup MDMA online z wiarygodnego \u017ar\u00f3d\u0142a bada\u0144<\/strong><\/h2>\n<p data-start=\"177\" data-end=\"210\"><strong data-start=\"177\" data-end=\"208\">Kup MDMA online w Pvpgrams<\/strong><\/p>\n<p data-start=\"212\" data-end=\"748\">Metylenodioksymetamfetamina (MDMA), powszechnie znana jako MDMA lub ecstasy, to syntetyczny zwi\u0105zek szeroko badany pod k\u0105tem jego potencja\u0142u terapeutycznego i psychologicznego. Znany ze swojego wp\u0142ywu na nastr\u00f3j i percepcj\u0119, MDMA dost\u0119pny w sprzeda\u017cy jest szczeg\u00f3lnie cenny w badaniach nad PTSD, l\u0119kiem i innymi schorzeniami neurologicznymi. Na Pvpgrams mo\u017cesz\u2026 <a href=\"https:\/\/pvpgrams.com\/pl\/product\/mdma-metylenodioksymetamfetamina\/\">kupi\u0107 MDMA online<\/a> w postaci o wysokiej czysto\u015bci, dost\u0119pnej w ilo\u015bciach hurtowych do autoryzowanych bada\u0144 naukowych i terapeutycznych. Zam\u00f3w MDMA ju\u017c dzi\u015b do swoich projekt\u00f3w naukowych.<\/p>\n<h3 data-start=\"750\" data-end=\"796\">Kluczowe zastosowania MDMA w badaniach i terapii<\/h3>\n<p data-start=\"798\" data-end=\"890\">MDMA mo\u017cna kupi\u0107 online i jest szeroko stosowany ze wzgl\u0119du na jego wyj\u0105tkowy wp\u0142yw na o\u015brodkowy uk\u0142ad nerwowy:<\/p>\n<ul data-start=\"892\" data-end=\"1646\">\n<li data-start=\"892\" data-end=\"1169\">\n<p data-start=\"894\" data-end=\"1169\">Badania psychologiczne i terapeutyczne: MDMA jest aktywnie badane pod k\u0105tem jego potencjalnych korzy\u015bci terapeutycznych, szczeg\u00f3lnie w leczeniu PTSD i l\u0119ku. Badania wskazuj\u0105, \u017ce zdolno\u015b\u0107 MDMA do poprawy nastroju i empatii czyni go niezb\u0119dnym zwi\u0105zkiem w badaniach klinicznych.<\/p>\n<\/li>\n<li data-start=\"1170\" data-end=\"1468\">\n<p data-start=\"1172\" data-end=\"1468\">Neuronauka i psychofarmakologia: Wp\u0142yw MDMA na neuroprzeka\u017aniki, takie jak serotonina i dopamina, ma kluczowe znaczenie dla bada\u0144 neuronaukowych i psychofarmakologicznych. Naukowcy wykorzystuj\u0105 MDMA w sprzeda\u017cy do badania nastroju, percepcji i empatii, przyczyniaj\u0105c si\u0119 do pog\u0142\u0119bienia wiedzy na temat zdrowia psychicznego.<\/p>\n<\/li>\n<li data-start=\"1469\" data-end=\"1646\">\n<p data-start=\"1471\" data-end=\"1646\">Wysokiej czysto\u015bci MDMA do zastosowa\u0144 laboratoryjnych: Pvpgrams oferuje sprzeda\u017c hurtow\u0105 MDMA przez Internet dla profesjonalnych laboratori\u00f3w, gwarantuj\u0105c wysok\u0105 czysto\u015b\u0107 i zgodno\u015b\u0107 z normami regulacyjnymi.<\/p>\n<\/li>\n<\/ul>\n<h3 data-start=\"1648\" data-end=\"1684\">Dlaczego warto wybra\u0107 MDMA od Pvpgrams?<\/h3>\n<p data-start=\"1686\" data-end=\"1776\">Jako zaufany dostawca, Pvpgrams zapewnia, \u017ce \u200b\u200bbadacze otrzymuj\u0105 rygorystycznie przetestowane <a href=\"https:\/\/en.wikipedia.org\/wiki\/MDMA\">MDMA<\/a>:<\/p>\n<ul data-start=\"1778\" data-end=\"2215\">\n<li data-start=\"1778\" data-end=\"1921\">\n<p data-start=\"1780\" data-end=\"1921\">Wysokiej czysto\u015bci MDMA dla laboratori\u00f3w: Ka\u017cda partia MDMA przechodzi rygorystyczne testy, aby zagwarantowa\u0107 optymaln\u0105 czysto\u015b\u0107 do precyzyjnych bada\u0144 naukowych.<\/p>\n<\/li>\n<li data-start=\"1922\" data-end=\"2078\">\n<p data-start=\"1924\" data-end=\"2078\">Sta\u0142a i niezawodna jako\u015b\u0107: Nasz MDMA zosta\u0142 opracowany z my\u015bl\u0105 o stabilno\u015bci i powtarzalno\u015bci, co czyni go idealnym do test\u00f3w laboratoryjnych i bada\u0144 farmaceutycznych.<\/p>\n<\/li>\n<li data-start=\"2079\" data-end=\"2215\">\n<p data-start=\"2081\" data-end=\"2215\">Bezpieczne i proste zamawianie online: Naukowcy mog\u0105 zamawia\u0107 MDMA online za po\u015brednictwem Pvpgrams, korzystaj\u0105c z bezpiecznego i usprawnionego procesu.<\/p>\n<\/li>\n<\/ul>\n<h3 data-start=\"2217\" data-end=\"2266\">Zastosowania MDMA w badaniach naukowych<\/h3>\n<p data-start=\"2268\" data-end=\"2363\">Wysokiej czysto\u015bci MDMA dost\u0119pny w sprzeda\u017cy jest wykorzystywany w wielu badaniach naukowych i farmakologicznych:<\/p>\n<ul data-start=\"2365\" data-end=\"2764\">\n<li data-start=\"2365\" data-end=\"2476\">\n<p data-start=\"2367\" data-end=\"2476\">Pharmacological Studies: Study MDMA\u2019s mechanisms of action, binding affinities, and metabolic pathways.<\/p>\n<\/li>\n<li data-start=\"2477\" data-end=\"2620\">\n<p data-start=\"2479\" data-end=\"2620\">Badania chemiczne i analityczne: MDMA stosuje si\u0119 w badaniach chemicznych w celu zbadania struktury molekularnej, stabilno\u015bci i interakcji.<\/p>\n<\/li>\n<li data-start=\"2621\" data-end=\"2764\">\n<p data-start=\"2623\" data-end=\"2764\">Rozw\u00f3j i testowanie substancji: W\u0142a\u015bciwo\u015bci MDMA sprawiaj\u0105, \u017ce jest on przydatny w eksperymentach obejmuj\u0105cych rozw\u00f3j substancji i testowanie chemiczne.<\/p>\n<\/li>\n<\/ul>\n<h3 data-start=\"3213\" data-end=\"3269\">Zam\u00f3w MDMA o wysokiej czysto\u015bci do swoich bada\u0144 naukowych<\/h3>\n<p data-start=\"3271\" data-end=\"3526\">Chcesz kupi\u0107 MDMA z wiarygodnego \u017ar\u00f3d\u0142a? Pvpgrams oferuje wysokiej czysto\u015bci MDMA do u\u017cytku laboratoryjnego, z szybk\u0105 wysy\u0142k\u0105, bezpiecznymi transakcjami i gwarancj\u0105 jako\u015bci. Skontaktuj si\u0119 z nami, aby poprosi\u0107 o wycen\u0119 lub dowiedzie\u0107 si\u0119 wi\u0119cej o naszej ofercie MDMA na sprzeda\u017c.<\/p>\n<h3 data-start=\"3528\" data-end=\"3575\">Zgodno\u015b\u0107 z prawem i dost\u0119pno\u015b\u0107 MDMA<\/h3>\n<p data-start=\"3577\" data-end=\"3884\">Ze wzgl\u0119du na swoje w\u0142a\u015bciwo\u015bci pobudzaj\u0105ce, MDMA podlega \u015bcis\u0142ym regulacjom na ca\u0142ym \u015bwiecie. Pvpgrams oferuje MDMA do kupienia online wy\u0142\u0105cznie do cel\u00f3w naukowych i terapeutycznych, zapewniaj\u0105c zgodno\u015b\u0107 ze wszystkimi wymogami prawnymi i regulacyjnymi. Znajd\u017a najlepsze miejsce, aby kupi\u0107 MDMA online z pe\u0142nym zaufaniem w Pvpgrams.<\/p>\n<p data-start=\"3886\" data-end=\"3915\">Cena i zamawianie MDMA<\/p>\n<p data-start=\"3917\" data-end=\"4115\">Je\u015bli szukasz konkurencyjnej ceny MDMA i niezawodnych dostaw, Pvpgrams jest Twoim zaufanym dostawc\u0105. Naukowcy mog\u0105 bezpiecznie kupowa\u0107 MDMA online i mie\u0107 pewno\u015b\u0107, \u017ce produkty do bada\u0144 naukowych b\u0119d\u0105 mia\u0142y sp\u00f3jn\u0105, wysok\u0105 jako\u015b\u0107.<\/p>","protected":false},"excerpt":{"rendered":"<p><strong>MDMA (metylenodioksymetamfetamina)<\/strong> jest syntetycznym zwi\u0105zkiem dobrze znanym ze swoich <strong>w\u0142a\u015bciwo\u015bci empatogenne i stymuluj\u0105ce<\/strong>. Popularnie znany jako <strong>\"Ecstasy\"<\/strong>jest szeroko badany w <strong>badania nad psychodelikami<\/strong>, <strong>neuronauka<\/strong>oraz <strong>analiza chemiczna<\/strong> ze wzgl\u0119du na jego wp\u0142yw na nastr\u00f3j, funkcje poznawcze i percepcj\u0119. W Factoryson dostarczamy <strong>MDMA o wysokiej czysto\u015bci<\/strong> dla <strong>cele badawcze i przemys\u0142owe<\/strong>zapewniaj\u0105c sta\u0142\u0105 jako\u015b\u0107 i bezpieczn\u0105 dostaw\u0119.<\/p>\n<h3><strong>Jak dzia\u0142a MDMA<\/strong><\/h3>\n<p>MDMA przede wszystkim zwi\u0119ksza uwalnianie i hamuje wychwyt zwrotny <strong>serotonina, dopamina i noradrenalina<\/strong>prowadz\u0105c do poprawy nastroju, zwi\u0119kszenia energii i otwarto\u015bci emocjonalnej. Efekty te sprawiaj\u0105, \u017ce jest to kluczowy element bada\u0144 nad <strong>systemy neuroprzeka\u017anik\u00f3w<\/strong> i potencjalne zastosowania terapeutyczne.<\/p>\n<ul>\n<li><strong>Pocz\u0105tek<\/strong>: 30-60 minut po podaniu.<\/li>\n<li><strong>Efekty szczytowe<\/strong>: 1-2 godziny.<\/li>\n<li><strong>Czas trwania<\/strong>: 4-6 godzin w zale\u017cno\u015bci od dawki i sposobu u\u017cycia.<\/li>\n<\/ul>\n<h3><strong>Formu\u0142a produktu<\/strong><\/h3>\n<ul>\n<li><strong>Nazwa chemiczna<\/strong>: N-metylo-3,4-metylenodioksyamfetamina<\/li>\n<li><strong>Wz\u00f3r cz\u0105steczkowy<\/strong>: C11H15NO2<\/li>\n<li><strong>Masa molowa<\/strong>: 193,25 g\/mol<\/li>\n<\/ul>","protected":false},"featured_media":1448,"comment_status":"open","ping_status":"closed","template":"","meta":{"_kadence_starter_templates_imported_post":false,"_kad_post_transparent":"default","_kad_post_title":"","_kad_post_layout":"default","_kad_post_sidebar_id":"","_kad_post_content_style":"default","_kad_post_vertical_padding":"default","_kad_post_feature":"","_kad_post_feature_position":"","_kad_post_header":false,"_kad_post_footer":false,"_joinchat":[]},"product_brand":[],"product_cat":[41],"product_tag":[],"class_list":{"0":"post-1181","1":"product","2":"type-product","3":"status-publish","4":"has-post-thumbnail","6":"product_cat-buy-alpha-php","8":"first","9":"instock","10":"shipping-taxable","11":"purchasable","12":"product-type-variable","13":"entry","14":"content-bg","15":"loop-entry"},"yoast_head":"<!-- This site is optimized with the Yoast SEO plugin v26.5 - https:\/\/yoast.com\/wordpress\/plugins\/seo\/ -->\n<title>Buy MDMA Online - Methylenedioxymethamphetamine for Sale<\/title>\n<meta name=\"description\" content=\"If you want to buy mdma online and looking for a reliable online store, then buy here. We offer only high-quality mdma for sale at an affordable price. Order mdma Now!\" \/>\n<meta name=\"robots\" content=\"index, follow, max-snippet:-1, max-image-preview:large, max-video-preview:-1\" \/>\n<link rel=\"canonical\" href=\"https:\/\/pvpgrams.com\/pl\/product\/mdma-metylenodioksymetamfetamina\/\" \/>\n<meta property=\"og:locale\" content=\"pl_PL\" \/>\n<meta property=\"og:type\" content=\"article\" \/>\n<meta property=\"og:title\" content=\"Buy MDMA Online - Methylenedioxymethamphetamine for Sale\" \/>\n<meta property=\"og:description\" content=\"If you want to buy mdma online and looking for a reliable online store, then buy here. We offer only high-quality mdma for sale at an affordable price. Order mdma Now!\" \/>\n<meta property=\"og:url\" content=\"https:\/\/pvpgrams.com\/pl\/product\/mdma-metylenodioksymetamfetamina\/\" \/>\n<meta property=\"og:site_name\" content=\"PVP Grams\" \/>\n<meta property=\"article:modified_time\" content=\"2025-10-30T08:05:53+00:00\" \/>\n<meta property=\"og:image\" content=\"https:\/\/pvpgrams.com\/wp-content\/uploads\/2024\/10\/Buy-MDMA-Methylenedioxymethamphetamine-Online.jpg\" \/>\n\t<meta property=\"og:image:width\" content=\"600\" \/>\n\t<meta property=\"og:image:height\" content=\"600\" \/>\n\t<meta property=\"og:image:type\" content=\"image\/jpeg\" \/>\n<meta name=\"twitter:card\" content=\"summary_large_image\" \/>\n<meta name=\"twitter:label1\" content=\"Szacowany czas czytania\" \/>\n\t<meta name=\"twitter:data1\" content=\"3 minuty\" \/>\n<script type=\"application\/ld+json\" class=\"yoast-schema-graph\">{\"@context\":\"https:\/\/schema.org\",\"@graph\":[{\"@type\":[\"WebPage\",\"ItemPage\"],\"@id\":\"https:\/\/pvpgrams.com\/product\/mdma-methylenedioxymethamphetamine\/\",\"url\":\"https:\/\/pvpgrams.com\/product\/mdma-methylenedioxymethamphetamine\/\",\"name\":\"Buy MDMA Online - Methylenedioxymethamphetamine for Sale\",\"isPartOf\":{\"@id\":\"https:\/\/pvpgrams.com\/#website\"},\"primaryImageOfPage\":{\"@id\":\"https:\/\/pvpgrams.com\/product\/mdma-methylenedioxymethamphetamine\/#primaryimage\"},\"image\":{\"@id\":\"https:\/\/pvpgrams.com\/product\/mdma-methylenedioxymethamphetamine\/#primaryimage\"},\"thumbnailUrl\":\"https:\/\/pvpgrams.com\/wp-content\/uploads\/2024\/10\/Buy-MDMA-Methylenedioxymethamphetamine-Online.jpg\",\"datePublished\":\"2024-10-31T18:40:53+00:00\",\"dateModified\":\"2025-10-30T08:05:53+00:00\",\"description\":\"If you want to buy mdma online and looking for a reliable online store, then buy here. We offer only high-quality mdma for sale at an affordable price. Order mdma Now!\",\"breadcrumb\":{\"@id\":\"https:\/\/pvpgrams.com\/product\/mdma-methylenedioxymethamphetamine\/#breadcrumb\"},\"inLanguage\":\"pl-PL\",\"potentialAction\":[{\"@type\":\"ReadAction\",\"target\":[\"https:\/\/pvpgrams.com\/product\/mdma-methylenedioxymethamphetamine\/\"]}]},{\"@type\":\"ImageObject\",\"inLanguage\":\"pl-PL\",\"@id\":\"https:\/\/pvpgrams.com\/product\/mdma-methylenedioxymethamphetamine\/#primaryimage\",\"url\":\"https:\/\/pvpgrams.com\/wp-content\/uploads\/2024\/10\/Buy-MDMA-Methylenedioxymethamphetamine-Online.jpg\",\"contentUrl\":\"https:\/\/pvpgrams.com\/wp-content\/uploads\/2024\/10\/Buy-MDMA-Methylenedioxymethamphetamine-Online.jpg\",\"width\":600,\"height\":600,\"caption\":\"Buy-(MDMA)-Methylenedioxymethamphetamine-Online\"},{\"@type\":\"BreadcrumbList\",\"@id\":\"https:\/\/pvpgrams.com\/product\/mdma-methylenedioxymethamphetamine\/#breadcrumb\",\"itemListElement\":[{\"@type\":\"ListItem\",\"position\":1,\"name\":\"Home\",\"item\":\"https:\/\/pvpgrams.com\/\"},{\"@type\":\"ListItem\",\"position\":2,\"name\":\"Shop\",\"item\":\"https:\/\/pvpgrams.com\/shop\/\"},{\"@type\":\"ListItem\",\"position\":3,\"name\":\"Buy (MDMA) Methylenedioxymethamphetamine Online\"}]},{\"@type\":\"WebSite\",\"@id\":\"https:\/\/pvpgrams.com\/#website\",\"url\":\"https:\/\/pvpgrams.com\/\",\"name\":\"PVP Grams\",\"description\":\"\",\"publisher\":{\"@id\":\"https:\/\/pvpgrams.com\/#organization\"},\"potentialAction\":[{\"@type\":\"SearchAction\",\"target\":{\"@type\":\"EntryPoint\",\"urlTemplate\":\"https:\/\/pvpgrams.com\/?s={search_term_string}\"},\"query-input\":{\"@type\":\"PropertyValueSpecification\",\"valueRequired\":true,\"valueName\":\"search_term_string\"}}],\"inLanguage\":\"pl-PL\"},{\"@type\":\"Organization\",\"@id\":\"https:\/\/pvpgrams.com\/#organization\",\"name\":\"PVP Grams\",\"url\":\"https:\/\/pvpgrams.com\/\",\"logo\":{\"@type\":\"ImageObject\",\"inLanguage\":\"pl-PL\",\"@id\":\"https:\/\/pvpgrams.com\/#\/schema\/logo\/image\/\",\"url\":\"https:\/\/pvpgrams.com\/wp-content\/uploads\/2024\/10\/logo.png\",\"contentUrl\":\"https:\/\/pvpgrams.com\/wp-content\/uploads\/2024\/10\/logo.png\",\"width\":181,\"height\":41,\"caption\":\"PVP Grams\"},\"image\":{\"@id\":\"https:\/\/pvpgrams.com\/#\/schema\/logo\/image\/\"}}]}<\/script>\n<!-- \/ Yoast SEO plugin. -->","yoast_head_json":{"title":"Kup MDMA online - metylenodioksymetamfetamina na sprzeda\u017c","description":"Je\u015bli chcesz kupi\u0107 mdma online i szukasz niezawodnego sklepu internetowego, kup tutaj. Oferujemy tylko wysokiej jako\u015bci mdma na sprzeda\u017c w przyst\u0119pnej cenie. Zam\u00f3w mdma ju\u017c teraz!","robots":{"index":"index","follow":"follow","max-snippet":"max-snippet:-1","max-image-preview":"max-image-preview:large","max-video-preview":"max-video-preview:-1"},"canonical":"https:\/\/pvpgrams.com\/pl\/product\/mdma-metylenodioksymetamfetamina\/","og_locale":"pl_PL","og_type":"article","og_title":"Buy MDMA Online - Methylenedioxymethamphetamine for Sale","og_description":"If you want to buy mdma online and looking for a reliable online store, then buy here. We offer only high-quality mdma for sale at an affordable price. Order mdma Now!","og_url":"https:\/\/pvpgrams.com\/pl\/product\/mdma-metylenodioksymetamfetamina\/","og_site_name":"PVP Grams","article_modified_time":"2025-10-30T08:05:53+00:00","og_image":[{"width":600,"height":600,"url":"https:\/\/pvpgrams.com\/wp-content\/uploads\/2024\/10\/Buy-MDMA-Methylenedioxymethamphetamine-Online.jpg","type":"image\/jpeg"}],"twitter_card":"summary_large_image","twitter_misc":{"Szacowany czas czytania":"3 minuty"},"schema":{"@context":"https:\/\/schema.org","@graph":[{"@type":["WebPage","ItemPage"],"@id":"https:\/\/pvpgrams.com\/product\/mdma-methylenedioxymethamphetamine\/","url":"https:\/\/pvpgrams.com\/product\/mdma-methylenedioxymethamphetamine\/","name":"Kup MDMA online - metylenodioksymetamfetamina na sprzeda\u017c","isPartOf":{"@id":"https:\/\/pvpgrams.com\/#website"},"primaryImageOfPage":{"@id":"https:\/\/pvpgrams.com\/product\/mdma-methylenedioxymethamphetamine\/#primaryimage"},"image":{"@id":"https:\/\/pvpgrams.com\/product\/mdma-methylenedioxymethamphetamine\/#primaryimage"},"thumbnailUrl":"https:\/\/pvpgrams.com\/wp-content\/uploads\/2024\/10\/Buy-MDMA-Methylenedioxymethamphetamine-Online.jpg","datePublished":"2024-10-31T18:40:53+00:00","dateModified":"2025-10-30T08:05:53+00:00","description":"Je\u015bli chcesz kupi\u0107 mdma online i szukasz niezawodnego sklepu internetowego, kup tutaj. Oferujemy tylko wysokiej jako\u015bci mdma na sprzeda\u017c w przyst\u0119pnej cenie. Zam\u00f3w mdma ju\u017c teraz!","breadcrumb":{"@id":"https:\/\/pvpgrams.com\/product\/mdma-methylenedioxymethamphetamine\/#breadcrumb"},"inLanguage":"pl-PL","potentialAction":[{"@type":"ReadAction","target":["https:\/\/pvpgrams.com\/product\/mdma-methylenedioxymethamphetamine\/"]}]},{"@type":"ImageObject","inLanguage":"pl-PL","@id":"https:\/\/pvpgrams.com\/product\/mdma-methylenedioxymethamphetamine\/#primaryimage","url":"https:\/\/pvpgrams.com\/wp-content\/uploads\/2024\/10\/Buy-MDMA-Methylenedioxymethamphetamine-Online.jpg","contentUrl":"https:\/\/pvpgrams.com\/wp-content\/uploads\/2024\/10\/Buy-MDMA-Methylenedioxymethamphetamine-Online.jpg","width":600,"height":600,"caption":"Buy-(MDMA)-Methylenedioxymethamphetamine-Online"},{"@type":"BreadcrumbList","@id":"https:\/\/pvpgrams.com\/product\/mdma-methylenedioxymethamphetamine\/#breadcrumb","itemListElement":[{"@type":"ListItem","position":1,"name":"Home","item":"https:\/\/pvpgrams.com\/"},{"@type":"ListItem","position":2,"name":"Shop","item":"https:\/\/pvpgrams.com\/shop\/"},{"@type":"ListItem","position":3,"name":"Buy (MDMA) Methylenedioxymethamphetamine Online"}]},{"@type":"WebSite","@id":"https:\/\/pvpgrams.com\/#website","url":"https:\/\/pvpgrams.com\/","name":"Gramy PVP","description":"","publisher":{"@id":"https:\/\/pvpgrams.com\/#organization"},"potentialAction":[{"@type":"SearchAction","target":{"@type":"EntryPoint","urlTemplate":"https:\/\/pvpgrams.com\/?s={search_term_string}"},"query-input":{"@type":"PropertyValueSpecification","valueRequired":true,"valueName":"search_term_string"}}],"inLanguage":"pl-PL"},{"@type":"Organization","@id":"https:\/\/pvpgrams.com\/#organization","name":"Gramy PVP","url":"https:\/\/pvpgrams.com\/","logo":{"@type":"ImageObject","inLanguage":"pl-PL","@id":"https:\/\/pvpgrams.com\/#\/schema\/logo\/image\/","url":"https:\/\/pvpgrams.com\/wp-content\/uploads\/2024\/10\/logo.png","contentUrl":"https:\/\/pvpgrams.com\/wp-content\/uploads\/2024\/10\/logo.png","width":181,"height":41,"caption":"PVP Grams"},"image":{"@id":"https:\/\/pvpgrams.com\/#\/schema\/logo\/image\/"}}]}},"_links":{"self":[{"href":"https:\/\/pvpgrams.com\/pl\/wp-json\/wp\/v2\/product\/1181","targetHints":{"allow":["GET"]}}],"collection":[{"href":"https:\/\/pvpgrams.com\/pl\/wp-json\/wp\/v2\/product"}],"about":[{"href":"https:\/\/pvpgrams.com\/pl\/wp-json\/wp\/v2\/types\/product"}],"replies":[{"embeddable":true,"href":"https:\/\/pvpgrams.com\/pl\/wp-json\/wp\/v2\/comments?post=1181"}],"wp:featuredmedia":[{"embeddable":true,"href":"https:\/\/pvpgrams.com\/pl\/wp-json\/wp\/v2\/media\/1448"}],"wp:attachment":[{"href":"https:\/\/pvpgrams.com\/pl\/wp-json\/wp\/v2\/media?parent=1181"}],"wp:term":[{"taxonomy":"product_brand","embeddable":true,"href":"https:\/\/pvpgrams.com\/pl\/wp-json\/wp\/v2\/product_brand?post=1181"},{"taxonomy":"product_cat","embeddable":true,"href":"https:\/\/pvpgrams.com\/pl\/wp-json\/wp\/v2\/product_cat?post=1181"},{"taxonomy":"product_tag","embeddable":true,"href":"https:\/\/pvpgrams.com\/pl\/wp-json\/wp\/v2\/product_tag?post=1181"}],"curies":[{"name":"wp","href":"https:\/\/api.w.org\/{rel}","templated":true}]}}