{"id":1208,"date":"2024-11-24T22:05:51","date_gmt":"2024-11-24T22:05:51","guid":{"rendered":"https:\/\/pvpgrams.com\/?post_type=product&#038;p=1208"},"modified":"2025-08-30T20:18:05","modified_gmt":"2025-08-30T20:18:05","slug":"dmt-vape","status":"publish","type":"product","link":"https:\/\/pvpgrams.com\/pl\/product\/dmt-vape\/","title":{"rendered":"Kup DMT Vape online"},"content":{"rendered":"<h2 data-start=\"83\" data-end=\"140\"><strong data-start=\"83\" data-end=\"138\">Kup DMT Vape online z wiarygodnego \u017ar\u00f3d\u0142a informacji<\/strong><\/h2>\n<p data-start=\"142\" data-end=\"179\"><strong data-start=\"142\" data-end=\"177\">Kup DMT Vape online w Pvpgrams<\/strong><\/p>\n<p data-start=\"181\" data-end=\"656\">DMT Vape to nowoczesna i wygodna metoda do\u015bwiadczania DMT (N,N-dimetylotryptaminy), zwi\u0105zku znanego z unikalnego wp\u0142ywu na \u015bwiadomo\u015b\u0107 i percepcj\u0119. Zaprojektowane z my\u015bl\u0105 o \u0142atwo\u015bci u\u017cytkowania, DMT Vape Peny s\u0105 przeno\u015bne, dyskretne i idealne zar\u00f3wno dla badaczy, jak i os\u00f3b poszukuj\u0105cych nowych wra\u017ce\u0144. W Pvpgrams oferujemy wysokiej jako\u015bci DMT Vape dla os\u00f3b poszukuj\u0105cych niezawodnego i zaufanego \u017ar\u00f3d\u0142a. <a href=\"https:\/\/pvpgrams.com\/pl\/product\/dmt-vape\/\">Kup DMT Vape online<\/a> today from a verified provider.<\/p>\n<h3 data-start=\"658\" data-end=\"697\">Aplikacje i zastosowania DMT Vape<\/h3>\n<p data-start=\"699\" data-end=\"732\"><strong data-start=\"699\" data-end=\"730\">Wygoda i przeno\u015bno\u015b\u0107<\/strong><\/p>\n<p data-start=\"734\" data-end=\"877\"><a href=\"https:\/\/en.wikipedia.org\/wiki\/Dimethyltryptamine\">DMT Vape<\/a> zapewnia \u0142atwe w u\u017cyciu rozwi\u0105zanie do kontrolowanych do\u015bwiadcze\u0144, dzi\u0119ki czemu idealnie nadaje si\u0119 dla os\u00f3b ceni\u0105cych przeno\u015bno\u015b\u0107 i dyskrecj\u0119.<\/p>\n<p data-start=\"879\" data-end=\"919\"><strong data-start=\"879\" data-end=\"917\">Eksploracja i osobiste odkrycia<\/strong><\/p>\n<p data-start=\"921\" data-end=\"1127\">Dzi\u0119ki zdolno\u015bci wywo\u0142ywania odmiennych stan\u00f3w \u015bwiadomo\u015bci, pi\u00f3ra DMT Vape ciesz\u0105 si\u0119 popularno\u015bci\u0105 w\u015br\u00f3d u\u017cytkownik\u00f3w poszukuj\u0105cych kreatywnych spostrze\u017ce\u0144, eksploracji duchowej lub rozwoju osobistego w kontrolowanych warunkach.<\/p>\n<p data-start=\"1129\" data-end=\"1153\"><strong data-start=\"1129\" data-end=\"1151\">Badania i studia<\/strong><\/p>\n<p data-start=\"1155\" data-end=\"1326\">Zakup DMT Vape online r\u00f3wnie\u017c budzi zainteresowanie naukowc\u00f3w, oferuj\u0105c wygodn\u0105 metod\u0119 dostarczania informacji na temat wp\u0142ywu DMT na percepcj\u0119, neurobiologi\u0119 i \u015bwiadomo\u015b\u0107.<\/p>\n<h3 data-start=\"1328\" data-end=\"1365\">Dlaczego warto kupi\u0107 DMT Vape od Pvpgrams?<\/h3>\n<p data-start=\"1367\" data-end=\"1491\">W Pvpgrams stawiamy na jako\u015b\u0107, bezpiecze\u0144stwo i zadowolenie klienta, dbaj\u0105c o to, aby zakupy by\u0142y dla Pa\u0144stwa bezproblemowe i bezpieczne.<\/p>\n<p data-start=\"1493\" data-end=\"1525\"><strong data-start=\"1493\" data-end=\"1523\">Wysokiej jako\u015bci d\u0142ugopisy DMT Vape<\/strong><\/p>\n<p data-start=\"1527\" data-end=\"1683\">Oferowany przez nas DMT Vape zosta\u0142 stworzony z my\u015bl\u0105 o zapewnieniu niezawodnych i bezpiecznych dozna\u0144, gwarantuj\u0105c najwy\u017csz\u0105 jako\u015b\u0107 zar\u00f3wno do cel\u00f3w badawczych, jak i osobistych eksploracji.<\/p>\n<p data-start=\"1685\" data-end=\"1723\"><strong data-start=\"1685\" data-end=\"1721\">Dyskretne i bezpieczne transakcje<\/strong><\/p>\n<p data-start=\"1725\" data-end=\"1871\">Wszystkie zam\u00f3wienia DMT Vape sk\u0142adane online s\u0105 obs\u0142ugiwane dyskretnie i starannie, a nasze opakowania s\u0105 bezpieczne, aby chroni\u0107 Twoj\u0105 prywatno\u015b\u0107 i poufno\u015b\u0107.<\/p>\n<p data-start=\"1873\" data-end=\"1905\"><strong data-start=\"1873\" data-end=\"1903\">Szybka i niezawodna dostawa<\/strong><\/p>\n<p data-start=\"1907\" data-end=\"2008\">Gwarantujemy terminow\u0105 dostaw\u0119 Twojego DMT Vape do wskazanej lokalizacji dzi\u0119ki naszej sprawdzonej sieci logistycznej.<\/p>\n<p data-start=\"2010\" data-end=\"2034\"><strong data-start=\"2010\" data-end=\"2032\">Przyst\u0119pne ceny<\/strong><\/p>\n<p data-start=\"2036\" data-end=\"2164\">Nasze ceny DMT Vape s\u0105 konkurencyjne, dzi\u0119ki czemu mo\u017cesz naby\u0107 najwy\u017cszej jako\u015bci waporyzatory DMT bez kompromis\u00f3w w zakresie bezpiecze\u0144stwa i niezawodno\u015bci.<\/p>\n<h3 data-start=\"2166\" data-end=\"2197\">Kup DMT Vape online ju\u017c dzi\u015b<\/h3>\n<p data-start=\"2199\" data-end=\"2588\">Szukasz najlepszego miejsca na zakup DMT Vape online? W Pvpgrams oferujemy najwy\u017cszej jako\u015bci DMT Vape, bezpieczne transakcje, szybk\u0105 dostaw\u0119 i doskona\u0142\u0105 obs\u0142ug\u0119 klienta. Niezale\u017cnie od tego, czy jeste\u015b badaczem, czy odkrywc\u0105, nasze d\u0142ugopisy DMT Vape oferuj\u0105 nowoczesne i wydajne rozwi\u0105zanie. Kup DMT Vape online ju\u017c teraz i przekonaj si\u0119 o wygodzie i jako\u015bci zakup\u00f3w w Pvpgrams.<\/p>","protected":false},"excerpt":{"rendered":"<h3><strong>DMT Vape: Dimetylotryptamina o wysokiej czysto\u015bci do zaawansowanych zastosowa\u0144<\/strong><\/h3>\n<p><strong>DMT Vape<\/strong> oferuje wygodn\u0105 i wydajn\u0105 metod\u0119 dostarczania <strong>Dimetylotryptamina<\/strong> poprzez waporyzacj\u0119. Znany z intensywnych i szybko dzia\u0142aj\u0105cych efekt\u00f3w psychodelicznych, <strong>DMT Vape<\/strong> zyskuje na popularno\u015bci w <strong>badania naukowe<\/strong>, <strong>badania psychodeliczne<\/strong>oraz <strong>zastosowania przemys\u0142owe<\/strong>. Metoda ta pozwala na kontrolowane i szybkie wch\u0142anianie, co czyni j\u0105 idealnym wyborem dla naukowc\u00f3w badaj\u0105cych <strong>neuronauka<\/strong> oraz <strong>eksploracja \u015bwiadomo\u015bci<\/strong>.<\/p>\n<p>W Factoryson zapewniamy <strong>Produkty DMT Vape o wysokiej czysto\u015bci<\/strong> zaprojektowany dla <strong>cele badawcze i przemys\u0142owe<\/strong>zapewniaj\u0105c najwy\u017csz\u0105 jako\u015b\u0107, bezpieczne opakowanie i konkurencyjne ceny.<\/p>\n<h3><strong>Jak dzia\u0142a DMT Vape<\/strong><\/h3>\n<p>DMT Vape dzia\u0142a poprzez dostarczanie <strong>Dimetylotryptamina<\/strong> w postaci odparowanej, kt\u00f3ra jest wdychana w celu szybkiego wch\u0142oni\u0119cia przez p\u0142uca. Metoda ta omija trawienie, prowadz\u0105c do niemal natychmiastowych efekt\u00f3w. DMT wchodzi w interakcje z <strong>receptory serotoninowe<\/strong>przede wszystkim <strong>Receptor 5-HT2A<\/strong>zmieniaj\u0105c aktywno\u015b\u0107 m\u00f3zgu, aby wywo\u0142a\u0107 \u017cywe doznania wizualne, introspekcj\u0119 emocjonaln\u0105 i zmiany w percepcji sensorycznej.<\/p>\n<ul>\n<li><strong>Pocz\u0105tek<\/strong>: Dzia\u0142anie rozpoczyna si\u0119 w ci\u0105gu 1-2 minut po inhalacji.<\/li>\n<li><strong>Efekty szczytowe<\/strong>: W ci\u0105gu 5-10 minut.<\/li>\n<li><strong>Czas trwania<\/strong>: Ca\u0142kowite do\u015bwiadczenie trwa 15-30 minut, w zale\u017cno\u015bci od dawki.<\/li>\n<\/ul>\n<h3><strong>Formu\u0142a i szczeg\u00f3\u0142y produktu<\/strong><\/h3>\n<ul>\n<li><strong>Wz\u00f3r cz\u0105steczkowy<\/strong>: C12H16N2<\/li>\n<li><strong>Nazwa IUPAC<\/strong>2-(1H-Indol-3-ylo)-N,N-dimetyloetanamina<\/li>\n<li><strong>Masa molowa<\/strong>: 188.27 g\/mol<\/li>\n<li><strong>Klasa chemiczna<\/strong>: Tryptamina \/ Psychodeliczny<\/li>\n<li><strong>Wygl\u0105d<\/strong>: Zwykle zintegrowany z wk\u0142adami vape dla u\u0142atwienia u\u017cytkowania.<\/li>\n<\/ul>","protected":false},"featured_media":1435,"comment_status":"open","ping_status":"closed","template":"","meta":{"_kadence_starter_templates_imported_post":false,"_kad_post_transparent":"default","_kad_post_title":"","_kad_post_layout":"default","_kad_post_sidebar_id":"","_kad_post_content_style":"default","_kad_post_vertical_padding":"default","_kad_post_feature":"","_kad_post_feature_position":"","_kad_post_header":false,"_kad_post_footer":false,"_joinchat":[]},"product_brand":[],"product_cat":[139],"product_tag":[],"class_list":{"0":"post-1208","1":"product","2":"type-product","3":"status-publish","4":"has-post-thumbnail","6":"product_cat-dmt-vape","8":"first","9":"instock","10":"shipping-taxable","11":"purchasable","12":"product-type-variable","13":"entry","14":"content-bg","15":"loop-entry"},"yoast_head":"<!-- This site is optimized with the Yoast SEO plugin v26.5 - https:\/\/yoast.com\/wordpress\/plugins\/seo\/ -->\n<title>Buy DMT Vape Online - DMT Vape for Sale | PVP Grams<\/title>\n<meta name=\"description\" content=\"If you have not tried dmt vape from our store, then you are missing a lot. We will help you buy dmt vape online at cheap rates. Get dmt vape for sale today!\" \/>\n<meta name=\"robots\" content=\"index, follow, max-snippet:-1, max-image-preview:large, max-video-preview:-1\" \/>\n<link rel=\"canonical\" href=\"https:\/\/pvpgrams.com\/pl\/product\/dmt-vape\/\" \/>\n<meta property=\"og:locale\" content=\"pl_PL\" \/>\n<meta property=\"og:type\" content=\"article\" \/>\n<meta property=\"og:title\" content=\"Buy DMT Vape Online - DMT Vape for Sale | PVP Grams\" \/>\n<meta property=\"og:description\" content=\"If you have not tried dmt vape from our store, then you are missing a lot. We will help you buy dmt vape online at cheap rates. Get dmt vape for sale today!\" \/>\n<meta property=\"og:url\" content=\"https:\/\/pvpgrams.com\/pl\/product\/dmt-vape\/\" \/>\n<meta property=\"og:site_name\" content=\"PVP Grams\" \/>\n<meta property=\"article:modified_time\" content=\"2025-08-30T20:18:05+00:00\" \/>\n<meta property=\"og:image\" content=\"https:\/\/pvpgrams.com\/wp-content\/uploads\/2024\/11\/Buy-DMT-Vape-Online.jpg\" \/>\n\t<meta property=\"og:image:width\" content=\"600\" \/>\n\t<meta property=\"og:image:height\" content=\"600\" \/>\n\t<meta property=\"og:image:type\" content=\"image\/jpeg\" \/>\n<meta name=\"twitter:card\" content=\"summary_large_image\" \/>\n<meta name=\"twitter:label1\" content=\"Szacowany czas czytania\" \/>\n\t<meta name=\"twitter:data1\" content=\"2 minuty\" \/>\n<script type=\"application\/ld+json\" class=\"yoast-schema-graph\">{\"@context\":\"https:\/\/schema.org\",\"@graph\":[{\"@type\":[\"WebPage\",\"ItemPage\"],\"@id\":\"https:\/\/pvpgrams.com\/product\/dmt-vape\/\",\"url\":\"https:\/\/pvpgrams.com\/product\/dmt-vape\/\",\"name\":\"Buy DMT Vape Online - DMT Vape for Sale | PVP Grams\",\"isPartOf\":{\"@id\":\"https:\/\/pvpgrams.com\/#website\"},\"primaryImageOfPage\":{\"@id\":\"https:\/\/pvpgrams.com\/product\/dmt-vape\/#primaryimage\"},\"image\":{\"@id\":\"https:\/\/pvpgrams.com\/product\/dmt-vape\/#primaryimage\"},\"thumbnailUrl\":\"https:\/\/pvpgrams.com\/wp-content\/uploads\/2024\/11\/Buy-DMT-Vape-Online.jpg\",\"datePublished\":\"2024-11-24T22:05:51+00:00\",\"dateModified\":\"2025-08-30T20:18:05+00:00\",\"description\":\"If you have not tried dmt vape from our store, then you are missing a lot. We will help you buy dmt vape online at cheap rates. Get dmt vape for sale today!\",\"breadcrumb\":{\"@id\":\"https:\/\/pvpgrams.com\/product\/dmt-vape\/#breadcrumb\"},\"inLanguage\":\"pl-PL\",\"potentialAction\":[{\"@type\":\"ReadAction\",\"target\":[\"https:\/\/pvpgrams.com\/product\/dmt-vape\/\"]}]},{\"@type\":\"ImageObject\",\"inLanguage\":\"pl-PL\",\"@id\":\"https:\/\/pvpgrams.com\/product\/dmt-vape\/#primaryimage\",\"url\":\"https:\/\/pvpgrams.com\/wp-content\/uploads\/2024\/11\/Buy-DMT-Vape-Online.jpg\",\"contentUrl\":\"https:\/\/pvpgrams.com\/wp-content\/uploads\/2024\/11\/Buy-DMT-Vape-Online.jpg\",\"width\":600,\"height\":600,\"caption\":\"Buy-DMT-Vape-Online\"},{\"@type\":\"BreadcrumbList\",\"@id\":\"https:\/\/pvpgrams.com\/product\/dmt-vape\/#breadcrumb\",\"itemListElement\":[{\"@type\":\"ListItem\",\"position\":1,\"name\":\"Home\",\"item\":\"https:\/\/pvpgrams.com\/\"},{\"@type\":\"ListItem\",\"position\":2,\"name\":\"Shop\",\"item\":\"https:\/\/pvpgrams.com\/shop\/\"},{\"@type\":\"ListItem\",\"position\":3,\"name\":\"Buy DMT Vape Online\"}]},{\"@type\":\"WebSite\",\"@id\":\"https:\/\/pvpgrams.com\/#website\",\"url\":\"https:\/\/pvpgrams.com\/\",\"name\":\"PVP Grams\",\"description\":\"\",\"publisher\":{\"@id\":\"https:\/\/pvpgrams.com\/#organization\"},\"potentialAction\":[{\"@type\":\"SearchAction\",\"target\":{\"@type\":\"EntryPoint\",\"urlTemplate\":\"https:\/\/pvpgrams.com\/?s={search_term_string}\"},\"query-input\":{\"@type\":\"PropertyValueSpecification\",\"valueRequired\":true,\"valueName\":\"search_term_string\"}}],\"inLanguage\":\"pl-PL\"},{\"@type\":\"Organization\",\"@id\":\"https:\/\/pvpgrams.com\/#organization\",\"name\":\"PVP Grams\",\"url\":\"https:\/\/pvpgrams.com\/\",\"logo\":{\"@type\":\"ImageObject\",\"inLanguage\":\"pl-PL\",\"@id\":\"https:\/\/pvpgrams.com\/#\/schema\/logo\/image\/\",\"url\":\"https:\/\/pvpgrams.com\/wp-content\/uploads\/2024\/10\/logo.png\",\"contentUrl\":\"https:\/\/pvpgrams.com\/wp-content\/uploads\/2024\/10\/logo.png\",\"width\":181,\"height\":41,\"caption\":\"PVP Grams\"},\"image\":{\"@id\":\"https:\/\/pvpgrams.com\/#\/schema\/logo\/image\/\"}}]}<\/script>\n<!-- \/ Yoast SEO plugin. -->","yoast_head_json":{"title":"Kup DMT Vape Online - DMT Vape na sprzeda\u017c | PVP Grams","description":"Je\u015bli nie pr\u00f3bowa\u0142e\u015b dmt vape z naszego sklepu, to wiele tracisz. Pomo\u017cemy Ci kupi\u0107 dmt vape online po niskich cenach. Zdob\u0105d\u017a dmt vape na sprzeda\u017c ju\u017c dzi\u015b!","robots":{"index":"index","follow":"follow","max-snippet":"max-snippet:-1","max-image-preview":"max-image-preview:large","max-video-preview":"max-video-preview:-1"},"canonical":"https:\/\/pvpgrams.com\/pl\/product\/dmt-vape\/","og_locale":"pl_PL","og_type":"article","og_title":"Buy DMT Vape Online - DMT Vape for Sale | PVP Grams","og_description":"If you have not tried dmt vape from our store, then you are missing a lot. We will help you buy dmt vape online at cheap rates. Get dmt vape for sale today!","og_url":"https:\/\/pvpgrams.com\/pl\/product\/dmt-vape\/","og_site_name":"PVP Grams","article_modified_time":"2025-08-30T20:18:05+00:00","og_image":[{"width":600,"height":600,"url":"https:\/\/pvpgrams.com\/wp-content\/uploads\/2024\/11\/Buy-DMT-Vape-Online.jpg","type":"image\/jpeg"}],"twitter_card":"summary_large_image","twitter_misc":{"Szacowany czas czytania":"2 minuty"},"schema":{"@context":"https:\/\/schema.org","@graph":[{"@type":["WebPage","ItemPage"],"@id":"https:\/\/pvpgrams.com\/product\/dmt-vape\/","url":"https:\/\/pvpgrams.com\/product\/dmt-vape\/","name":"Kup DMT Vape Online - DMT Vape na sprzeda\u017c | PVP Grams","isPartOf":{"@id":"https:\/\/pvpgrams.com\/#website"},"primaryImageOfPage":{"@id":"https:\/\/pvpgrams.com\/product\/dmt-vape\/#primaryimage"},"image":{"@id":"https:\/\/pvpgrams.com\/product\/dmt-vape\/#primaryimage"},"thumbnailUrl":"https:\/\/pvpgrams.com\/wp-content\/uploads\/2024\/11\/Buy-DMT-Vape-Online.jpg","datePublished":"2024-11-24T22:05:51+00:00","dateModified":"2025-08-30T20:18:05+00:00","description":"Je\u015bli nie pr\u00f3bowa\u0142e\u015b dmt vape z naszego sklepu, to wiele tracisz. Pomo\u017cemy Ci kupi\u0107 dmt vape online po niskich cenach. Zdob\u0105d\u017a dmt vape na sprzeda\u017c ju\u017c dzi\u015b!","breadcrumb":{"@id":"https:\/\/pvpgrams.com\/product\/dmt-vape\/#breadcrumb"},"inLanguage":"pl-PL","potentialAction":[{"@type":"ReadAction","target":["https:\/\/pvpgrams.com\/product\/dmt-vape\/"]}]},{"@type":"ImageObject","inLanguage":"pl-PL","@id":"https:\/\/pvpgrams.com\/product\/dmt-vape\/#primaryimage","url":"https:\/\/pvpgrams.com\/wp-content\/uploads\/2024\/11\/Buy-DMT-Vape-Online.jpg","contentUrl":"https:\/\/pvpgrams.com\/wp-content\/uploads\/2024\/11\/Buy-DMT-Vape-Online.jpg","width":600,"height":600,"caption":"Buy-DMT-Vape-Online"},{"@type":"BreadcrumbList","@id":"https:\/\/pvpgrams.com\/product\/dmt-vape\/#breadcrumb","itemListElement":[{"@type":"ListItem","position":1,"name":"Home","item":"https:\/\/pvpgrams.com\/"},{"@type":"ListItem","position":2,"name":"Shop","item":"https:\/\/pvpgrams.com\/shop\/"},{"@type":"ListItem","position":3,"name":"Buy DMT Vape Online"}]},{"@type":"WebSite","@id":"https:\/\/pvpgrams.com\/#website","url":"https:\/\/pvpgrams.com\/","name":"Gramy PVP","description":"","publisher":{"@id":"https:\/\/pvpgrams.com\/#organization"},"potentialAction":[{"@type":"SearchAction","target":{"@type":"EntryPoint","urlTemplate":"https:\/\/pvpgrams.com\/?s={search_term_string}"},"query-input":{"@type":"PropertyValueSpecification","valueRequired":true,"valueName":"search_term_string"}}],"inLanguage":"pl-PL"},{"@type":"Organization","@id":"https:\/\/pvpgrams.com\/#organization","name":"Gramy PVP","url":"https:\/\/pvpgrams.com\/","logo":{"@type":"ImageObject","inLanguage":"pl-PL","@id":"https:\/\/pvpgrams.com\/#\/schema\/logo\/image\/","url":"https:\/\/pvpgrams.com\/wp-content\/uploads\/2024\/10\/logo.png","contentUrl":"https:\/\/pvpgrams.com\/wp-content\/uploads\/2024\/10\/logo.png","width":181,"height":41,"caption":"PVP Grams"},"image":{"@id":"https:\/\/pvpgrams.com\/#\/schema\/logo\/image\/"}}]}},"_links":{"self":[{"href":"https:\/\/pvpgrams.com\/pl\/wp-json\/wp\/v2\/product\/1208","targetHints":{"allow":["GET"]}}],"collection":[{"href":"https:\/\/pvpgrams.com\/pl\/wp-json\/wp\/v2\/product"}],"about":[{"href":"https:\/\/pvpgrams.com\/pl\/wp-json\/wp\/v2\/types\/product"}],"replies":[{"embeddable":true,"href":"https:\/\/pvpgrams.com\/pl\/wp-json\/wp\/v2\/comments?post=1208"}],"wp:featuredmedia":[{"embeddable":true,"href":"https:\/\/pvpgrams.com\/pl\/wp-json\/wp\/v2\/media\/1435"}],"wp:attachment":[{"href":"https:\/\/pvpgrams.com\/pl\/wp-json\/wp\/v2\/media?parent=1208"}],"wp:term":[{"taxonomy":"product_brand","embeddable":true,"href":"https:\/\/pvpgrams.com\/pl\/wp-json\/wp\/v2\/product_brand?post=1208"},{"taxonomy":"product_cat","embeddable":true,"href":"https:\/\/pvpgrams.com\/pl\/wp-json\/wp\/v2\/product_cat?post=1208"},{"taxonomy":"product_tag","embeddable":true,"href":"https:\/\/pvpgrams.com\/pl\/wp-json\/wp\/v2\/product_tag?post=1208"}],"curies":[{"name":"wp","href":"https:\/\/api.w.org\/{rel}","templated":true}]}}