{"id":1213,"date":"2024-11-24T22:22:27","date_gmt":"2024-11-24T22:22:27","guid":{"rendered":"https:\/\/pvpgrams.com\/?post_type=product&#038;p=1213"},"modified":"2025-10-30T08:07:29","modified_gmt":"2025-10-30T08:07:29","slug":"4-aco-dmt","status":"publish","type":"product","link":"https:\/\/pvpgrams.com\/pl\/product\/4-aco-dmt\/","title":{"rendered":"Kup 4-AcO-DMT online"},"content":{"rendered":"<h2 data-start=\"117\" data-end=\"175\"><strong data-start=\"117\" data-end=\"173\">Kup 4-AcO-DMT online z wiarygodnego \u017ar\u00f3d\u0142a bada\u0144<\/strong><\/h2>\n<p data-start=\"177\" data-end=\"215\"><strong data-start=\"177\" data-end=\"213\">Kup 4-AcO-DMT online w Pvpgrams<\/strong><\/p>\n<p data-start=\"217\" data-end=\"793\"><a href=\"https:\/\/pvpgrams.com\/pl\/product\/4-aco-dmt\/\">Kup 4-AcO-DMT online<\/a> (4-Acetoksy-N,N-dimetylotryptamina) to syntetyczny zwi\u0105zek tryptaminowy o strukturze podobnej do psylocybiny. Jego unikalne w\u0142a\u015bciwo\u015bci sprawiaj\u0105, \u017ce jest popularnym przedmiotem bada\u0144 naukowych i osobistych eksploracji. Znany ze swojej wszechstronno\u015bci, 4-AcO-DMT jest szeroko stosowany w laboratoriach do badania jego wp\u0142ywu na percepcj\u0119, poznanie i \u015bwiadomo\u015b\u0107. W Pvpgrams oferujemy wysokiej jako\u015bci 4-AcO-DMT, gwarantuj\u0105c bezpieczne transakcje, dyskretne opakowanie, szybk\u0105 dostaw\u0119 i pe\u0142n\u0105 niezawodno\u015b\u0107. Kup 4-AcO-DMT online ju\u017c dzi\u015b od zaufanego dostawcy.<\/p>\n<h3 data-start=\"795\" data-end=\"835\">Zastosowania i wykorzystanie 4-AcO-DMT<\/h3>\n<p data-start=\"837\" data-end=\"881\"><strong data-start=\"837\" data-end=\"879\">Badania naukowe i studia akademickie<\/strong><\/p>\n<p data-start=\"883\" data-end=\"1275\">Zanim <a href=\"https:\/\/en.wikipedia.org\/wiki\/4-AcO-DMT\">kup 4-AcO-DMT<\/a>Wa\u017cne jest zrozumienie jego powszechnych zastosowa\u0144 w badaniach. 4-AcO-DMT jest cz\u0119sto stosowany w laboratoriach i badaniach akademickich do badania jego interakcji z receptorami neuronowymi oraz jego potencja\u0142u w neuronauce i psychofarmakologii. Naukowcy badaj\u0105 jego strukturalne podobie\u0144stwa do psylocybiny oraz jego wp\u0142yw na odmienne stany \u015bwiadomo\u015bci.<\/p>\n<p data-start=\"1277\" data-end=\"1317\"><strong data-start=\"1277\" data-end=\"1315\">Badania eksploracyjne i percepcyjne<\/strong><\/p>\n<p data-start=\"1319\" data-end=\"1573\">4-AcO-DMT jest cz\u0119sto poszukiwany przez osoby badane w kontrolowanych \u015brodowiskach badawczych w celu uzyskania osobistych spostrze\u017ce\u0144, kreatywnej eksploracji i wzmocnienia wra\u017ce\u0144 sensorycznych. Jego wyj\u0105tkowe w\u0142a\u015bciwo\u015bci sprawiaj\u0105, \u017ce jest to popularny zwi\u0105zek do samopoznania i bada\u0144 eksperymentalnych.<\/p>\n<h3 data-start=\"1799\" data-end=\"1837\">Dlaczego warto kupi\u0107 4-AcO-DMT od Pvpgrams?<\/h3>\n<p data-start=\"1839\" data-end=\"1939\">W Pvpgrams stawiamy na najwy\u017csz\u0105 jako\u015b\u0107 i niezawodn\u0105 obs\u0142ug\u0119 zar\u00f3wno badaczy, jak i odkrywc\u00f3w.<\/p>\n<p data-start=\"1941\" data-end=\"1969\"><strong data-start=\"1941\" data-end=\"1967\">Wysokiej jako\u015bci 4-AcO-DMT<\/strong><\/p>\n<p data-start=\"1971\" data-end=\"2126\">Nasz produkt 4-AcO-DMT dost\u0119pny w sprzeda\u017cy wytwarzany jest przy zachowaniu rygorystycznych kontroli jako\u015bci, co gwarantuje maksymaln\u0105 czysto\u015b\u0107 i sp\u00f3jno\u015b\u0107 dla wszelkich cel\u00f3w badawczych i eksperymentalnych.<\/p>\n<p data-start=\"2128\" data-end=\"2166\"><strong data-start=\"2128\" data-end=\"2164\">Bezpieczne i dyskretne transakcje<\/strong><\/p>\n<p data-start=\"2168\" data-end=\"2293\">Twoja prywatno\u015b\u0107 jest dla nas priorytetem. Wszystkie zam\u00f3wienia online na 4-AcO-DMT s\u0105 przetwarzane bezpiecznie i wysy\u0142ane w dyskretnym opakowaniu.<\/p>\n<p data-start=\"2295\" data-end=\"2327\"><strong data-start=\"2295\" data-end=\"2325\">Szybka i niezawodna dostawa<\/strong><\/p>\n<p data-start=\"2329\" data-end=\"2452\">Gwarantujemy terminow\u0105 dostaw\u0119 4-AcO-DMT do wskazanej lokalizacji, co pozwala na bezzw\u0142oczn\u0105 realizacj\u0119 projekt\u00f3w badawczych.<\/p>\n<p data-start=\"2454\" data-end=\"2478\"><strong data-start=\"2454\" data-end=\"2476\">Przyst\u0119pne ceny<\/strong><\/p>\n<p data-start=\"2480\" data-end=\"2583\">Nasza cena 4-AcO-DMT jest konkurencyjna i zapewnia wysokiej jako\u015bci materia\u0142 badawczy w przyst\u0119pnej cenie.<\/p>\n<h3 data-start=\"2585\" data-end=\"2617\">Kup 4-AcO-DMT online ju\u017c dzi\u015b<\/h3>\n<p data-start=\"2619\" data-end=\"2929\">Szukasz najlepszego miejsca na zakup 4-AcO-DMT online? W Pvpgrams oferujemy wysokiej jako\u015bci 4-AcO-DMT z bezpiecznymi p\u0142atno\u015bciami, szybk\u0105 wysy\u0142k\u0105 i doskona\u0142\u0105 obs\u0142ug\u0105 klienta. Niezale\u017cnie od tego, czy chodzi o badania naukowe, czy osobiste eksperymenty, kup 4-AcO-DMT online ju\u017c teraz i skorzystaj z zaufanego i wiarygodnego \u017ar\u00f3d\u0142a.<\/p>","protected":false},"excerpt":{"rendered":"<p><strong>4-AcO-DMT (4-acetoksy-N,N-dimetylotryptamina)<\/strong>syntetyczny zwi\u0105zek tryptaminowy, jest prolekiem psylocyny znanym ze swoich <strong>w\u0142a\u015bciwo\u015bci psychodeliczne<\/strong>. W Factoryson dostarczamy <strong>4-AcO-DMT o wysokiej czysto\u015bci<\/strong> dla <strong>badania neuronaukowe<\/strong>, <strong>badania chemiczne<\/strong>oraz <strong>zastosowania przemys\u0142owe<\/strong>zapewniaj\u0105c najwy\u017csz\u0105 jako\u015b\u0107 i bezpieczn\u0105 dostaw\u0119.<\/p>\n<h3><strong>Jak dzia\u0142a 4-AcO-DMT<\/strong><\/h3>\n<p>4-AcO-DMT jest metabolizowane do psylocyny, dzia\u0142aj\u0105cej na <strong>receptory serotoninowe<\/strong> (5-HT2A) w celu wywo\u0142ania g\u0142\u0119bokiego <strong>efekty wizualne<\/strong>, <strong>introspekcja emocjonalna<\/strong>oraz <strong>Zmienione postrzeganie czasu<\/strong>. Pocz\u0105tek dzia\u0142ania wyst\u0119puje w ci\u0105gu 20-40 minut, a efekty utrzymuj\u0105 si\u0119 przez 4-6 godzin.<\/p>\n<h3><strong>Formu\u0142a produktu<\/strong><\/h3>\n<ul>\n<li><strong>Nazwa chemiczna<\/strong>: 4-acetoksy-N,N-dimetylotryptamina<\/li>\n<li><strong>Wz\u00f3r cz\u0105steczkowy<\/strong>: C14H18N2O2<\/li>\n<li><strong>Masa molowa<\/strong>246,31 g\/mol<\/li>\n<\/ul>","protected":false},"featured_media":1214,"comment_status":"open","ping_status":"closed","template":"","meta":{"_kadence_starter_templates_imported_post":false,"_kad_post_transparent":"default","_kad_post_title":"","_kad_post_layout":"default","_kad_post_sidebar_id":"","_kad_post_content_style":"default","_kad_post_vertical_padding":"default","_kad_post_feature":"","_kad_post_feature_position":"","_kad_post_header":false,"_kad_post_footer":false,"_joinchat":[]},"product_brand":[],"product_cat":[53,55,58,139],"product_tag":[],"class_list":{"0":"post-1213","1":"product","2":"type-product","3":"status-publish","4":"has-post-thumbnail","6":"product_cat-4-aco-dmt","7":"product_cat-5-meo-dmt","8":"product_cat-dmt","9":"product_cat-dmt-vape","11":"first","12":"instock","13":"shipping-taxable","14":"purchasable","15":"product-type-variable","16":"entry","17":"content-bg","18":"loop-entry"},"yoast_head":"<!-- This site is optimized with the Yoast SEO plugin v26.5 - https:\/\/yoast.com\/wordpress\/plugins\/seo\/ -->\n<title>Buy 4-AcO-DMT Online - 4-AcO-DMT Powder for Sale<\/title>\n<meta name=\"description\" content=\"Find premium 4 aco dmt powder for sale at our online store, providing a secure platform to buy 4 aco dmt online with ease, catering to your research needs.\" \/>\n<meta name=\"robots\" content=\"index, follow, max-snippet:-1, max-image-preview:large, max-video-preview:-1\" \/>\n<link rel=\"canonical\" href=\"https:\/\/pvpgrams.com\/pl\/product\/4-aco-dmt\/\" \/>\n<meta property=\"og:locale\" content=\"pl_PL\" \/>\n<meta property=\"og:type\" content=\"article\" \/>\n<meta property=\"og:title\" content=\"Buy 4-AcO-DMT Online - 4-AcO-DMT Powder for Sale\" \/>\n<meta property=\"og:description\" content=\"Find premium 4 aco dmt powder for sale at our online store, providing a secure platform to buy 4 aco dmt online with ease, catering to your research needs.\" \/>\n<meta property=\"og:url\" content=\"https:\/\/pvpgrams.com\/pl\/product\/4-aco-dmt\/\" \/>\n<meta property=\"og:site_name\" content=\"PVP Grams\" \/>\n<meta property=\"article:modified_time\" content=\"2025-10-30T08:07:29+00:00\" \/>\n<meta property=\"og:image\" content=\"https:\/\/pvpgrams.com\/wp-content\/uploads\/2024\/11\/DMT-Bestellen-2.jpg\" \/>\n\t<meta property=\"og:image:width\" content=\"300\" \/>\n\t<meta property=\"og:image:height\" content=\"300\" \/>\n\t<meta property=\"og:image:type\" content=\"image\/jpeg\" \/>\n<meta name=\"twitter:card\" content=\"summary_large_image\" \/>\n<meta name=\"twitter:label1\" content=\"Szacowany czas czytania\" \/>\n\t<meta name=\"twitter:data1\" content=\"2 minuty\" \/>\n<script type=\"application\/ld+json\" class=\"yoast-schema-graph\">{\"@context\":\"https:\/\/schema.org\",\"@graph\":[{\"@type\":[\"WebPage\",\"ItemPage\"],\"@id\":\"https:\/\/pvpgrams.com\/product\/4-aco-dmt\/\",\"url\":\"https:\/\/pvpgrams.com\/product\/4-aco-dmt\/\",\"name\":\"Buy 4-AcO-DMT Online - 4-AcO-DMT Powder for Sale\",\"isPartOf\":{\"@id\":\"https:\/\/pvpgrams.com\/#website\"},\"primaryImageOfPage\":{\"@id\":\"https:\/\/pvpgrams.com\/product\/4-aco-dmt\/#primaryimage\"},\"image\":{\"@id\":\"https:\/\/pvpgrams.com\/product\/4-aco-dmt\/#primaryimage\"},\"thumbnailUrl\":\"https:\/\/pvpgrams.com\/wp-content\/uploads\/2024\/11\/DMT-Bestellen-2.jpg\",\"datePublished\":\"2024-11-24T22:22:27+00:00\",\"dateModified\":\"2025-10-30T08:07:29+00:00\",\"description\":\"Find premium 4 aco dmt powder for sale at our online store, providing a secure platform to buy 4 aco dmt online with ease, catering to your research needs.\",\"breadcrumb\":{\"@id\":\"https:\/\/pvpgrams.com\/product\/4-aco-dmt\/#breadcrumb\"},\"inLanguage\":\"pl-PL\",\"potentialAction\":[{\"@type\":\"ReadAction\",\"target\":[\"https:\/\/pvpgrams.com\/product\/4-aco-dmt\/\"]}]},{\"@type\":\"ImageObject\",\"inLanguage\":\"pl-PL\",\"@id\":\"https:\/\/pvpgrams.com\/product\/4-aco-dmt\/#primaryimage\",\"url\":\"https:\/\/pvpgrams.com\/wp-content\/uploads\/2024\/11\/DMT-Bestellen-2.jpg\",\"contentUrl\":\"https:\/\/pvpgrams.com\/wp-content\/uploads\/2024\/11\/DMT-Bestellen-2.jpg\",\"width\":300,\"height\":300,\"caption\":\"Buy 4-AcO-DMT Online\"},{\"@type\":\"BreadcrumbList\",\"@id\":\"https:\/\/pvpgrams.com\/product\/4-aco-dmt\/#breadcrumb\",\"itemListElement\":[{\"@type\":\"ListItem\",\"position\":1,\"name\":\"Home\",\"item\":\"https:\/\/pvpgrams.com\/\"},{\"@type\":\"ListItem\",\"position\":2,\"name\":\"Shop\",\"item\":\"https:\/\/pvpgrams.com\/shop\/\"},{\"@type\":\"ListItem\",\"position\":3,\"name\":\"Buy 4-AcO-DMT Online\"}]},{\"@type\":\"WebSite\",\"@id\":\"https:\/\/pvpgrams.com\/#website\",\"url\":\"https:\/\/pvpgrams.com\/\",\"name\":\"PVP Grams\",\"description\":\"\",\"publisher\":{\"@id\":\"https:\/\/pvpgrams.com\/#organization\"},\"potentialAction\":[{\"@type\":\"SearchAction\",\"target\":{\"@type\":\"EntryPoint\",\"urlTemplate\":\"https:\/\/pvpgrams.com\/?s={search_term_string}\"},\"query-input\":{\"@type\":\"PropertyValueSpecification\",\"valueRequired\":true,\"valueName\":\"search_term_string\"}}],\"inLanguage\":\"pl-PL\"},{\"@type\":\"Organization\",\"@id\":\"https:\/\/pvpgrams.com\/#organization\",\"name\":\"PVP Grams\",\"url\":\"https:\/\/pvpgrams.com\/\",\"logo\":{\"@type\":\"ImageObject\",\"inLanguage\":\"pl-PL\",\"@id\":\"https:\/\/pvpgrams.com\/#\/schema\/logo\/image\/\",\"url\":\"https:\/\/pvpgrams.com\/wp-content\/uploads\/2024\/10\/logo.png\",\"contentUrl\":\"https:\/\/pvpgrams.com\/wp-content\/uploads\/2024\/10\/logo.png\",\"width\":181,\"height\":41,\"caption\":\"PVP Grams\"},\"image\":{\"@id\":\"https:\/\/pvpgrams.com\/#\/schema\/logo\/image\/\"}}]}<\/script>\n<!-- \/ Yoast SEO plugin. -->","yoast_head_json":{"title":"Kup 4-AcO-DMT online - 4-AcO-DMT w proszku na sprzeda\u017c","description":"Znajd\u017a wysokiej jako\u015bci proszek 4 aco dmt na sprzeda\u017c w naszym sklepie internetowym, zapewniaj\u0105c bezpieczn\u0105 platform\u0119 do \u0142atwego zakupu 4 aco dmt online, spe\u0142niaj\u0105c Twoje potrzeby badawcze.","robots":{"index":"index","follow":"follow","max-snippet":"max-snippet:-1","max-image-preview":"max-image-preview:large","max-video-preview":"max-video-preview:-1"},"canonical":"https:\/\/pvpgrams.com\/pl\/product\/4-aco-dmt\/","og_locale":"pl_PL","og_type":"article","og_title":"Buy 4-AcO-DMT Online - 4-AcO-DMT Powder for Sale","og_description":"Find premium 4 aco dmt powder for sale at our online store, providing a secure platform to buy 4 aco dmt online with ease, catering to your research needs.","og_url":"https:\/\/pvpgrams.com\/pl\/product\/4-aco-dmt\/","og_site_name":"PVP Grams","article_modified_time":"2025-10-30T08:07:29+00:00","og_image":[{"width":300,"height":300,"url":"https:\/\/pvpgrams.com\/wp-content\/uploads\/2024\/11\/DMT-Bestellen-2.jpg","type":"image\/jpeg"}],"twitter_card":"summary_large_image","twitter_misc":{"Szacowany czas czytania":"2 minuty"},"schema":{"@context":"https:\/\/schema.org","@graph":[{"@type":["WebPage","ItemPage"],"@id":"https:\/\/pvpgrams.com\/product\/4-aco-dmt\/","url":"https:\/\/pvpgrams.com\/product\/4-aco-dmt\/","name":"Kup 4-AcO-DMT online - 4-AcO-DMT w proszku na sprzeda\u017c","isPartOf":{"@id":"https:\/\/pvpgrams.com\/#website"},"primaryImageOfPage":{"@id":"https:\/\/pvpgrams.com\/product\/4-aco-dmt\/#primaryimage"},"image":{"@id":"https:\/\/pvpgrams.com\/product\/4-aco-dmt\/#primaryimage"},"thumbnailUrl":"https:\/\/pvpgrams.com\/wp-content\/uploads\/2024\/11\/DMT-Bestellen-2.jpg","datePublished":"2024-11-24T22:22:27+00:00","dateModified":"2025-10-30T08:07:29+00:00","description":"Znajd\u017a wysokiej jako\u015bci proszek 4 aco dmt na sprzeda\u017c w naszym sklepie internetowym, zapewniaj\u0105c bezpieczn\u0105 platform\u0119 do \u0142atwego zakupu 4 aco dmt online, spe\u0142niaj\u0105c Twoje potrzeby badawcze.","breadcrumb":{"@id":"https:\/\/pvpgrams.com\/product\/4-aco-dmt\/#breadcrumb"},"inLanguage":"pl-PL","potentialAction":[{"@type":"ReadAction","target":["https:\/\/pvpgrams.com\/product\/4-aco-dmt\/"]}]},{"@type":"ImageObject","inLanguage":"pl-PL","@id":"https:\/\/pvpgrams.com\/product\/4-aco-dmt\/#primaryimage","url":"https:\/\/pvpgrams.com\/wp-content\/uploads\/2024\/11\/DMT-Bestellen-2.jpg","contentUrl":"https:\/\/pvpgrams.com\/wp-content\/uploads\/2024\/11\/DMT-Bestellen-2.jpg","width":300,"height":300,"caption":"Buy 4-AcO-DMT Online"},{"@type":"BreadcrumbList","@id":"https:\/\/pvpgrams.com\/product\/4-aco-dmt\/#breadcrumb","itemListElement":[{"@type":"ListItem","position":1,"name":"Home","item":"https:\/\/pvpgrams.com\/"},{"@type":"ListItem","position":2,"name":"Shop","item":"https:\/\/pvpgrams.com\/shop\/"},{"@type":"ListItem","position":3,"name":"Buy 4-AcO-DMT Online"}]},{"@type":"WebSite","@id":"https:\/\/pvpgrams.com\/#website","url":"https:\/\/pvpgrams.com\/","name":"Gramy PVP","description":"","publisher":{"@id":"https:\/\/pvpgrams.com\/#organization"},"potentialAction":[{"@type":"SearchAction","target":{"@type":"EntryPoint","urlTemplate":"https:\/\/pvpgrams.com\/?s={search_term_string}"},"query-input":{"@type":"PropertyValueSpecification","valueRequired":true,"valueName":"search_term_string"}}],"inLanguage":"pl-PL"},{"@type":"Organization","@id":"https:\/\/pvpgrams.com\/#organization","name":"Gramy PVP","url":"https:\/\/pvpgrams.com\/","logo":{"@type":"ImageObject","inLanguage":"pl-PL","@id":"https:\/\/pvpgrams.com\/#\/schema\/logo\/image\/","url":"https:\/\/pvpgrams.com\/wp-content\/uploads\/2024\/10\/logo.png","contentUrl":"https:\/\/pvpgrams.com\/wp-content\/uploads\/2024\/10\/logo.png","width":181,"height":41,"caption":"PVP Grams"},"image":{"@id":"https:\/\/pvpgrams.com\/#\/schema\/logo\/image\/"}}]}},"_links":{"self":[{"href":"https:\/\/pvpgrams.com\/pl\/wp-json\/wp\/v2\/product\/1213","targetHints":{"allow":["GET"]}}],"collection":[{"href":"https:\/\/pvpgrams.com\/pl\/wp-json\/wp\/v2\/product"}],"about":[{"href":"https:\/\/pvpgrams.com\/pl\/wp-json\/wp\/v2\/types\/product"}],"replies":[{"embeddable":true,"href":"https:\/\/pvpgrams.com\/pl\/wp-json\/wp\/v2\/comments?post=1213"}],"wp:featuredmedia":[{"embeddable":true,"href":"https:\/\/pvpgrams.com\/pl\/wp-json\/wp\/v2\/media\/1214"}],"wp:attachment":[{"href":"https:\/\/pvpgrams.com\/pl\/wp-json\/wp\/v2\/media?parent=1213"}],"wp:term":[{"taxonomy":"product_brand","embeddable":true,"href":"https:\/\/pvpgrams.com\/pl\/wp-json\/wp\/v2\/product_brand?post=1213"},{"taxonomy":"product_cat","embeddable":true,"href":"https:\/\/pvpgrams.com\/pl\/wp-json\/wp\/v2\/product_cat?post=1213"},{"taxonomy":"product_tag","embeddable":true,"href":"https:\/\/pvpgrams.com\/pl\/wp-json\/wp\/v2\/product_tag?post=1213"}],"curies":[{"name":"wp","href":"https:\/\/api.w.org\/{rel}","templated":true}]}}