{"id":1222,"date":"2024-11-24T22:43:46","date_gmt":"2024-11-24T22:43:46","guid":{"rendered":"https:\/\/pvpgrams.com\/?post_type=product&#038;p=1222"},"modified":"2025-08-30T18:54:36","modified_gmt":"2025-08-30T18:54:36","slug":"5-meo-dmt","status":"publish","type":"product","link":"https:\/\/pvpgrams.com\/pl\/product\/5-meo-dmt\/","title":{"rendered":"Kup 5-MeO-DMT online"},"content":{"rendered":"<h2 data-start=\"117\" data-end=\"175\"><strong data-start=\"117\" data-end=\"173\">Kup 5-MeO-DMT online z wiarygodnego \u017ar\u00f3d\u0142a bada\u0144<\/strong><\/h2>\n<p data-start=\"177\" data-end=\"215\"><strong data-start=\"177\" data-end=\"213\">Kup 5-MeO-DMT online w Pvpgrams<\/strong><\/p>\n<p data-start=\"217\" data-end=\"774\"><a href=\"https:\/\/pvpgrams.com\/pl\/product\/5-meo-dmt\/\">Kup 5-MeO-DMT online<\/a> (5-metoksy-N,N-dimetylotryptamina) to silny i naturalnie wyst\u0119puj\u0105cy zwi\u0105zek tryptaminowy, znany z g\u0142\u0119bokiego wp\u0142ywu na \u015bwiadomo\u015b\u0107 i percepcj\u0119. Szeroko badany ze wzgl\u0119du na swoje unikalne w\u0142a\u015bciwo\u015bci, 5-MeO-DMT na sprzeda\u017c zyska\u0142 uznanie zar\u00f3wno w badaniach naukowych, jak i w badaniach osobistych. W Pvpgrams oferujemy wysokiej jako\u015bci 5-MeO-DMT badaczom i osobom poszukuj\u0105cym zaufanego \u017ar\u00f3d\u0142a, oferuj\u0105c bezpieczne transakcje, dyskretne opakowanie i szybk\u0105 dostaw\u0119. Zam\u00f3w 5-MeO-DMT bezpiecznie i pewnie z naszej platformy.<\/p>\n<h3 data-start=\"776\" data-end=\"816\">Zastosowania i wykorzystanie 5-MeO-DMT<\/h3>\n<p data-start=\"818\" data-end=\"862\"><strong data-start=\"818\" data-end=\"860\">Badania naukowe i studia akademickie<\/strong><\/p>\n<p data-start=\"864\" data-end=\"1164\"><a href=\"https:\/\/en.wikipedia.org\/wiki\/5-MeO-DMT\">5-MeO-DMT<\/a> Jest cz\u0119sto wykorzystywany w badaniach neurologicznych i psychofarmakologicznych do badania jego interakcji z receptorami serotoninowymi oraz wp\u0142ywu na funkcje poznawcze i \u015bwiadomo\u015b\u0107. Laboratoria kupuj\u0105 5-MeO-DMT online, aby bada\u0107 jego struktur\u0119 i aktywno\u015b\u0107 biologiczn\u0105 w kontrolowanych warunkach.<\/p>\n<p data-start=\"1166\" data-end=\"1209\"><strong data-start=\"1166\" data-end=\"1207\">Badania nad eksploracj\u0105 i \u015bwiadomo\u015bci\u0105<\/strong><\/p>\n<p data-start=\"1211\" data-end=\"1406\">Wiele os\u00f3b kupuje 5-MeO-DMT ze wzgl\u0119du na jego zdolno\u015b\u0107 do wywo\u0142ywania odmiennych stan\u00f3w \u015bwiadomo\u015bci w celowych i kontrolowanych warunkach, co czyni go popularnym \u015brodkiem do samopoznania i bada\u0144 duchowych.<\/p>\n<p data-start=\"1408\" data-end=\"1438\"><strong data-start=\"1408\" data-end=\"1436\">Zainteresowanie farmakologiczne<\/strong><\/p>\n<p data-start=\"1440\" data-end=\"1620\">Jako pochodna tryptaminy 5-MeO-DMT budzi du\u017ce zainteresowanie w badaniach farmakologicznych, zw\u0142aszcza w analizie wi\u0105zania z receptorem i potencjalnych zastosowaniach terapeutycznych.<\/p>\n<h3 data-start=\"1622\" data-end=\"1660\">Dlaczego warto kupi\u0107 5-MeO-DMT od Pvpgrams?<\/h3>\n<p data-start=\"1662\" data-end=\"1800\">W Pvpgrams dbamy o to, aby badacze i odkrywcy wykonywali swoje zadania na najwy\u017cszym poziomie, k\u0142ad\u0105c nacisk na jako\u015b\u0107, niezawodno\u015b\u0107 i zadowolenie klienta.<\/p>\n<p data-start=\"1802\" data-end=\"1830\"><strong data-start=\"1802\" data-end=\"1828\">Wysokiej jako\u015bci 5-MeO-DMT<\/strong><\/p>\n<p data-start=\"1832\" data-end=\"1973\">Nasza oferta 5-MeO-DMT online zosta\u0142a zweryfikowana pod k\u0105tem czysto\u015bci i sp\u00f3jno\u015bci, co gwarantuje, \u017ce spe\u0142nia rygorystyczne standardy zar\u00f3wno w zakresie bada\u0144 naukowych, jak i studi\u00f3w osobistych.<\/p>\n<p data-start=\"1975\" data-end=\"2013\"><strong data-start=\"1975\" data-end=\"2011\">Bezpieczne i dyskretne transakcje<\/strong><\/p>\n<p data-start=\"2015\" data-end=\"2123\">Dbamy o Twoj\u0105 prywatno\u015b\u0107, oferuj\u0105c bezpieczne metody p\u0142atno\u015bci i dyskretne opakowanie przy ka\u017cdym zam\u00f3wieniu 5-MeO-DMT.<\/p>\n<p data-start=\"2125\" data-end=\"2157\"><strong data-start=\"2125\" data-end=\"2155\">Szybka i niezawodna dostawa<\/strong><\/p>\n<p data-start=\"2159\" data-end=\"2294\">Zamawiaj\u0105c 5-MeO-DMT, mo\u017cesz liczy\u0107 na nasz\u0105 sie\u0107 logistyczn\u0105 gwarantuj\u0105c\u0105 terminow\u0105 i bezpieczn\u0105 dostaw\u0119 na ca\u0142ym \u015bwiecie, dzi\u0119ki czemu Twoje projekty b\u0119d\u0105 realizowane zgodnie z harmonogramem.<\/p>\n<p data-start=\"2296\" data-end=\"2320\"><strong data-start=\"2296\" data-end=\"2318\">Przyst\u0119pne ceny<\/strong><\/p>\n<p data-start=\"2322\" data-end=\"2441\">Oferujemy konkurencyjne ceny 5-MeO-DMT, zapewniaj\u0105c doskona\u0142\u0105 warto\u015b\u0107 bez kompromis\u00f3w w zakresie czysto\u015bci i jako\u015bci.<\/p>\n<h3 data-start=\"2443\" data-end=\"2471\">Gdzie kupi\u0107 5-MeO-DMT?<\/h3>\n<p data-start=\"2473\" data-end=\"2661\">Zastanawiasz si\u0119, gdzie kupi\u0107 5-MeO-DMT? Pvpgrams to zaufany, sprawdzony dostawca oferuj\u0105cy wysokiej jako\u015bci produkty i pe\u0142n\u0105 transparentno\u015b\u0107, co czyni go najlepszym miejscem do zakupu 5-MeO-DMT online.<\/p>\n<h3 data-start=\"2663\" data-end=\"2695\">Kup 5-MeO-DMT online ju\u017c dzi\u015b<\/h3>\n<p data-start=\"2697\" data-end=\"3043\">Szukasz wiarygodnego \u017ar\u00f3d\u0142a 5-MeO-DMT na sprzeda\u017c? W Pvpgrams oferujemy 5-MeO-DMT najwy\u017cszej jako\u015bci, bezpieczne zakupy online, szybk\u0105 wysy\u0142k\u0119 i wyj\u0105tkow\u0105 obs\u0142ug\u0119 klienta. Niezale\u017cnie od tego, czy jeste\u015b badaczem, czy odkrywc\u0105, kup 5-MeO-DMT online ju\u017c dzi\u015b i przekonaj si\u0119 o wygodzie, bezpiecze\u0144stwie i jako\u015bci wsp\u00f3\u0142pracy z zaufanym dostawc\u0105.<\/p>","protected":false},"excerpt":{"rendered":"<h3><strong>5-MeO-DMT: Tryptamina o wysokiej czysto\u015bci do zastosowa\u0144 badawczych i przemys\u0142owych<\/strong><\/h3>\n<p><strong>5-MeO-DMT (5-metoksy-N,N-dimetylotryptamina)<\/strong> jest naturalnie wyst\u0119puj\u0105cym zwi\u0105zkiem tryptaminowym znanym ze swoich <strong>efekty psychodeliczne i enteogenne<\/strong>. Wyst\u0119puje w ro\u015blinach i niekt\u00f3rych gatunkach zwierz\u0105t, jest szeroko badany w <strong>neuronauka<\/strong>, <strong>badania nad psychodelikami<\/strong>oraz <strong>analiza chemiczna<\/strong>. W Factoryson zapewniamy <strong>5-MeO-DMT o wysokiej czysto\u015bci<\/strong> dla <strong>badania i zastosowania przemys\u0142owe<\/strong>zapewniaj\u0105c najwy\u017csz\u0105 jako\u015b\u0107 i bezpieczn\u0105 dostaw\u0119.<\/p>\n<h3><strong>Jak dzia\u0142a 5-MeO-DMT<\/strong><\/h3>\n<p>5-MeO-DMT dzia\u0142a przede wszystkim jako <strong>agonista<\/strong> na <strong>Receptory serotoninowe 5-HT1A i 5-HT2A<\/strong>, prowadz\u0105c do g\u0142\u0119bokich zmian w percepcji, nastroju i poznaniu. Jego szybki pocz\u0105tek i intensywne efekty sprawiaj\u0105, \u017ce jest cennym zwi\u0105zkiem do badania <strong>\u015bwiadomo\u015b\u0107<\/strong> oraz <strong>interakcje neuroprzeka\u017anik\u00f3w<\/strong>.<\/p>\n<h3><strong>Formu\u0142a produktu<\/strong><\/h3>\n<ul>\n<li><strong>Nazwa chemiczna<\/strong>: 5-metoksy-N,N-dimetylotryptamina<\/li>\n<li><strong>Wz\u00f3r cz\u0105steczkowy<\/strong>: C13H18N2O<\/li>\n<li><strong>Masa molowa<\/strong>218,3 g\/mol<\/li>\n<\/ul>","protected":false},"featured_media":1430,"comment_status":"open","ping_status":"closed","template":"","meta":{"_kadence_starter_templates_imported_post":false,"_kad_post_transparent":"default","_kad_post_title":"","_kad_post_layout":"default","_kad_post_sidebar_id":"","_kad_post_content_style":"default","_kad_post_vertical_padding":"default","_kad_post_feature":"","_kad_post_feature_position":"","_kad_post_header":false,"_kad_post_footer":false,"_joinchat":[]},"product_brand":[],"product_cat":[53,55,58,139],"product_tag":[],"class_list":{"0":"post-1222","1":"product","2":"type-product","3":"status-publish","4":"has-post-thumbnail","6":"product_cat-4-aco-dmt","7":"product_cat-5-meo-dmt","8":"product_cat-dmt","9":"product_cat-dmt-vape","11":"first","12":"instock","13":"shipping-taxable","14":"purchasable","15":"product-type-variable","16":"entry","17":"content-bg","18":"loop-entry"},"yoast_head":"<!-- This site is optimized with the Yoast SEO plugin v26.5 - https:\/\/yoast.com\/wordpress\/plugins\/seo\/ -->\n<title>Buy 5-MeO-DMT Online - 5-MeO-DMT Powder for Sale<\/title>\n<meta name=\"description\" content=\"Looking to buy 5 meo dmt online? Discover a seamless platform at our online store where you can 5 meo dmt powder for sale, ensuring top-grade quality for your research needs.\" \/>\n<meta name=\"robots\" content=\"index, follow, max-snippet:-1, max-image-preview:large, max-video-preview:-1\" \/>\n<link rel=\"canonical\" href=\"https:\/\/pvpgrams.com\/pl\/product\/5-meo-dmt\/\" \/>\n<meta property=\"og:locale\" content=\"pl_PL\" \/>\n<meta property=\"og:type\" content=\"article\" \/>\n<meta property=\"og:title\" content=\"Buy 5-MeO-DMT Online - 5-MeO-DMT Powder for Sale\" \/>\n<meta property=\"og:description\" content=\"Looking to buy 5 meo dmt online? Discover a seamless platform at our online store where you can 5 meo dmt powder for sale, ensuring top-grade quality for your research needs.\" \/>\n<meta property=\"og:url\" content=\"https:\/\/pvpgrams.com\/pl\/product\/5-meo-dmt\/\" \/>\n<meta property=\"og:site_name\" content=\"PVP Grams\" \/>\n<meta property=\"article:modified_time\" content=\"2025-08-30T18:54:36+00:00\" \/>\n<meta property=\"og:image\" content=\"https:\/\/pvpgrams.com\/wp-content\/uploads\/2024\/11\/Buy-5-MeO-DMT-Online.jpg\" \/>\n\t<meta property=\"og:image:width\" content=\"600\" \/>\n\t<meta property=\"og:image:height\" content=\"600\" \/>\n\t<meta property=\"og:image:type\" content=\"image\/jpeg\" \/>\n<meta name=\"twitter:card\" content=\"summary_large_image\" \/>\n<meta name=\"twitter:label1\" content=\"Szacowany czas czytania\" \/>\n\t<meta name=\"twitter:data1\" content=\"2 minuty\" \/>\n<script type=\"application\/ld+json\" class=\"yoast-schema-graph\">{\"@context\":\"https:\/\/schema.org\",\"@graph\":[{\"@type\":[\"WebPage\",\"ItemPage\"],\"@id\":\"https:\/\/pvpgrams.com\/product\/5-meo-dmt\/\",\"url\":\"https:\/\/pvpgrams.com\/product\/5-meo-dmt\/\",\"name\":\"Buy 5-MeO-DMT Online - 5-MeO-DMT Powder for Sale\",\"isPartOf\":{\"@id\":\"https:\/\/pvpgrams.com\/#website\"},\"primaryImageOfPage\":{\"@id\":\"https:\/\/pvpgrams.com\/product\/5-meo-dmt\/#primaryimage\"},\"image\":{\"@id\":\"https:\/\/pvpgrams.com\/product\/5-meo-dmt\/#primaryimage\"},\"thumbnailUrl\":\"https:\/\/pvpgrams.com\/wp-content\/uploads\/2024\/11\/Buy-5-MeO-DMT-Online.jpg\",\"datePublished\":\"2024-11-24T22:43:46+00:00\",\"dateModified\":\"2025-08-30T18:54:36+00:00\",\"description\":\"Looking to buy 5 meo dmt online? Discover a seamless platform at our online store where you can 5 meo dmt powder for sale, ensuring top-grade quality for your research needs.\",\"breadcrumb\":{\"@id\":\"https:\/\/pvpgrams.com\/product\/5-meo-dmt\/#breadcrumb\"},\"inLanguage\":\"pl-PL\",\"potentialAction\":[{\"@type\":\"ReadAction\",\"target\":[\"https:\/\/pvpgrams.com\/product\/5-meo-dmt\/\"]}]},{\"@type\":\"ImageObject\",\"inLanguage\":\"pl-PL\",\"@id\":\"https:\/\/pvpgrams.com\/product\/5-meo-dmt\/#primaryimage\",\"url\":\"https:\/\/pvpgrams.com\/wp-content\/uploads\/2024\/11\/Buy-5-MeO-DMT-Online.jpg\",\"contentUrl\":\"https:\/\/pvpgrams.com\/wp-content\/uploads\/2024\/11\/Buy-5-MeO-DMT-Online.jpg\",\"width\":600,\"height\":600,\"caption\":\"Buy-5-MeO-DMT-Online\"},{\"@type\":\"BreadcrumbList\",\"@id\":\"https:\/\/pvpgrams.com\/product\/5-meo-dmt\/#breadcrumb\",\"itemListElement\":[{\"@type\":\"ListItem\",\"position\":1,\"name\":\"Home\",\"item\":\"https:\/\/pvpgrams.com\/\"},{\"@type\":\"ListItem\",\"position\":2,\"name\":\"Shop\",\"item\":\"https:\/\/pvpgrams.com\/shop\/\"},{\"@type\":\"ListItem\",\"position\":3,\"name\":\"Buy 5-MeO-DMT Online\"}]},{\"@type\":\"WebSite\",\"@id\":\"https:\/\/pvpgrams.com\/#website\",\"url\":\"https:\/\/pvpgrams.com\/\",\"name\":\"PVP Grams\",\"description\":\"\",\"publisher\":{\"@id\":\"https:\/\/pvpgrams.com\/#organization\"},\"potentialAction\":[{\"@type\":\"SearchAction\",\"target\":{\"@type\":\"EntryPoint\",\"urlTemplate\":\"https:\/\/pvpgrams.com\/?s={search_term_string}\"},\"query-input\":{\"@type\":\"PropertyValueSpecification\",\"valueRequired\":true,\"valueName\":\"search_term_string\"}}],\"inLanguage\":\"pl-PL\"},{\"@type\":\"Organization\",\"@id\":\"https:\/\/pvpgrams.com\/#organization\",\"name\":\"PVP Grams\",\"url\":\"https:\/\/pvpgrams.com\/\",\"logo\":{\"@type\":\"ImageObject\",\"inLanguage\":\"pl-PL\",\"@id\":\"https:\/\/pvpgrams.com\/#\/schema\/logo\/image\/\",\"url\":\"https:\/\/pvpgrams.com\/wp-content\/uploads\/2024\/10\/logo.png\",\"contentUrl\":\"https:\/\/pvpgrams.com\/wp-content\/uploads\/2024\/10\/logo.png\",\"width\":181,\"height\":41,\"caption\":\"PVP Grams\"},\"image\":{\"@id\":\"https:\/\/pvpgrams.com\/#\/schema\/logo\/image\/\"}}]}<\/script>\n<!-- \/ Yoast SEO plugin. -->","yoast_head_json":{"title":"Kup 5-MeO-DMT online - Proszek 5-MeO-DMT na sprzeda\u017c","description":"Chcesz kupi\u0107 5 meo dmt online? Odkryj p\u0142ynn\u0105 platform\u0119 w naszym sklepie internetowym, w kt\u00f3rym mo\u017cesz kupi\u0107 proszek 5 meo dmt na sprzeda\u017c, zapewniaj\u0105c najwy\u017csz\u0105 jako\u015b\u0107 dla swoich potrzeb badawczych.","robots":{"index":"index","follow":"follow","max-snippet":"max-snippet:-1","max-image-preview":"max-image-preview:large","max-video-preview":"max-video-preview:-1"},"canonical":"https:\/\/pvpgrams.com\/pl\/product\/5-meo-dmt\/","og_locale":"pl_PL","og_type":"article","og_title":"Buy 5-MeO-DMT Online - 5-MeO-DMT Powder for Sale","og_description":"Looking to buy 5 meo dmt online? Discover a seamless platform at our online store where you can 5 meo dmt powder for sale, ensuring top-grade quality for your research needs.","og_url":"https:\/\/pvpgrams.com\/pl\/product\/5-meo-dmt\/","og_site_name":"PVP Grams","article_modified_time":"2025-08-30T18:54:36+00:00","og_image":[{"width":600,"height":600,"url":"https:\/\/pvpgrams.com\/wp-content\/uploads\/2024\/11\/Buy-5-MeO-DMT-Online.jpg","type":"image\/jpeg"}],"twitter_card":"summary_large_image","twitter_misc":{"Szacowany czas czytania":"2 minuty"},"schema":{"@context":"https:\/\/schema.org","@graph":[{"@type":["WebPage","ItemPage"],"@id":"https:\/\/pvpgrams.com\/product\/5-meo-dmt\/","url":"https:\/\/pvpgrams.com\/product\/5-meo-dmt\/","name":"Kup 5-MeO-DMT online - Proszek 5-MeO-DMT na sprzeda\u017c","isPartOf":{"@id":"https:\/\/pvpgrams.com\/#website"},"primaryImageOfPage":{"@id":"https:\/\/pvpgrams.com\/product\/5-meo-dmt\/#primaryimage"},"image":{"@id":"https:\/\/pvpgrams.com\/product\/5-meo-dmt\/#primaryimage"},"thumbnailUrl":"https:\/\/pvpgrams.com\/wp-content\/uploads\/2024\/11\/Buy-5-MeO-DMT-Online.jpg","datePublished":"2024-11-24T22:43:46+00:00","dateModified":"2025-08-30T18:54:36+00:00","description":"Chcesz kupi\u0107 5 meo dmt online? Odkryj p\u0142ynn\u0105 platform\u0119 w naszym sklepie internetowym, w kt\u00f3rym mo\u017cesz kupi\u0107 proszek 5 meo dmt na sprzeda\u017c, zapewniaj\u0105c najwy\u017csz\u0105 jako\u015b\u0107 dla swoich potrzeb badawczych.","breadcrumb":{"@id":"https:\/\/pvpgrams.com\/product\/5-meo-dmt\/#breadcrumb"},"inLanguage":"pl-PL","potentialAction":[{"@type":"ReadAction","target":["https:\/\/pvpgrams.com\/product\/5-meo-dmt\/"]}]},{"@type":"ImageObject","inLanguage":"pl-PL","@id":"https:\/\/pvpgrams.com\/product\/5-meo-dmt\/#primaryimage","url":"https:\/\/pvpgrams.com\/wp-content\/uploads\/2024\/11\/Buy-5-MeO-DMT-Online.jpg","contentUrl":"https:\/\/pvpgrams.com\/wp-content\/uploads\/2024\/11\/Buy-5-MeO-DMT-Online.jpg","width":600,"height":600,"caption":"Buy-5-MeO-DMT-Online"},{"@type":"BreadcrumbList","@id":"https:\/\/pvpgrams.com\/product\/5-meo-dmt\/#breadcrumb","itemListElement":[{"@type":"ListItem","position":1,"name":"Home","item":"https:\/\/pvpgrams.com\/"},{"@type":"ListItem","position":2,"name":"Shop","item":"https:\/\/pvpgrams.com\/shop\/"},{"@type":"ListItem","position":3,"name":"Buy 5-MeO-DMT Online"}]},{"@type":"WebSite","@id":"https:\/\/pvpgrams.com\/#website","url":"https:\/\/pvpgrams.com\/","name":"Gramy PVP","description":"","publisher":{"@id":"https:\/\/pvpgrams.com\/#organization"},"potentialAction":[{"@type":"SearchAction","target":{"@type":"EntryPoint","urlTemplate":"https:\/\/pvpgrams.com\/?s={search_term_string}"},"query-input":{"@type":"PropertyValueSpecification","valueRequired":true,"valueName":"search_term_string"}}],"inLanguage":"pl-PL"},{"@type":"Organization","@id":"https:\/\/pvpgrams.com\/#organization","name":"Gramy PVP","url":"https:\/\/pvpgrams.com\/","logo":{"@type":"ImageObject","inLanguage":"pl-PL","@id":"https:\/\/pvpgrams.com\/#\/schema\/logo\/image\/","url":"https:\/\/pvpgrams.com\/wp-content\/uploads\/2024\/10\/logo.png","contentUrl":"https:\/\/pvpgrams.com\/wp-content\/uploads\/2024\/10\/logo.png","width":181,"height":41,"caption":"PVP Grams"},"image":{"@id":"https:\/\/pvpgrams.com\/#\/schema\/logo\/image\/"}}]}},"_links":{"self":[{"href":"https:\/\/pvpgrams.com\/pl\/wp-json\/wp\/v2\/product\/1222","targetHints":{"allow":["GET"]}}],"collection":[{"href":"https:\/\/pvpgrams.com\/pl\/wp-json\/wp\/v2\/product"}],"about":[{"href":"https:\/\/pvpgrams.com\/pl\/wp-json\/wp\/v2\/types\/product"}],"replies":[{"embeddable":true,"href":"https:\/\/pvpgrams.com\/pl\/wp-json\/wp\/v2\/comments?post=1222"}],"wp:featuredmedia":[{"embeddable":true,"href":"https:\/\/pvpgrams.com\/pl\/wp-json\/wp\/v2\/media\/1430"}],"wp:attachment":[{"href":"https:\/\/pvpgrams.com\/pl\/wp-json\/wp\/v2\/media?parent=1222"}],"wp:term":[{"taxonomy":"product_brand","embeddable":true,"href":"https:\/\/pvpgrams.com\/pl\/wp-json\/wp\/v2\/product_brand?post=1222"},{"taxonomy":"product_cat","embeddable":true,"href":"https:\/\/pvpgrams.com\/pl\/wp-json\/wp\/v2\/product_cat?post=1222"},{"taxonomy":"product_tag","embeddable":true,"href":"https:\/\/pvpgrams.com\/pl\/wp-json\/wp\/v2\/product_tag?post=1222"}],"curies":[{"name":"wp","href":"https:\/\/api.w.org\/{rel}","templated":true}]}}