{"id":1513,"date":"2025-05-15T09:42:02","date_gmt":"2025-05-15T09:42:02","guid":{"rendered":"https:\/\/pvpgrams.com\/?post_type=product&#038;p=1513"},"modified":"2026-03-06T13:26:40","modified_gmt":"2026-03-06T13:26:40","slug":"buy-3-meo-2-oxo-pce-powder-online","status":"publish","type":"product","link":"https:\/\/pvpgrams.com\/pl\/product\/buy-3-meo-2-oxo-pce-powder-online\/","title":{"rendered":"Kup 3-MeO-2-Oxo-PCE w proszku online"},"content":{"rendered":"<h2 data-start=\"119\" data-end=\"190\"><strong data-start=\"119\" data-end=\"188\">Kup proszek 3-MeO-2-Oxo-PCE online z wiarygodnego \u017ar\u00f3d\u0142a informacji<\/strong><\/h2>\n<h3 data-start=\"192\" data-end=\"287\"><strong data-start=\"192\" data-end=\"285\">Kup proszek 3-MeO-2-Oxo-PCE online | Wysokiej jako\u015bci odczynnik chemiczny do bada\u0144 zaawansowanych<\/strong><\/h3>\n<p data-start=\"361\" data-end=\"730\">Patrz\u0105c na <a href=\"https:\/\/pvpgrams.com\/pl\/product\/buy-3-meo-2-oxo-pce-powder-online\/\">Kup proszek 3-MeO-2-Oxo-PCE online<\/a>? Nie jeste\u015b sam. Wraz z rosn\u0105cym zainteresowaniem zaawansowanymi zwi\u0105zkami dysocjacyjnymi, proszek 3-MeO-2-Oxo-PCE na sprzeda\u017c sta\u0142 si\u0119 preferowanym wyborem w\u015br\u00f3d badaczy ze wzgl\u0119du na sw\u00f3j unikalny profil farmakologiczny i potencja\u0142 analityczny. Jednak poruszanie si\u0119 po tej niszy rynkowej wymaga wiedzy, staranno\u015bci i dba\u0142o\u015bci o szczeg\u00f3\u0142y.<\/p>\n<h3 data-start=\"732\" data-end=\"762\">Czym jest 3-MeO-2-Oxo-PCE?<\/h3>\n<p data-start=\"764\" data-end=\"1123\"><a href=\"https:\/\/en.wikipedia.org\/wiki\/3-MeO-PCE\">Proszek 3-MeO-2-Oxo-PCE<\/a>\u2014znany r\u00f3wnie\u017c jako analog metoksetaminy lub analog MXE \u2014 jest dysocjuj\u0105cym zwi\u0105zkiem arylocykloheksyloaminy nale\u017c\u0105cym do rodziny etycyklidyn. Charakteryzuje si\u0119 subtelnym podobie\u0144stwem chemicznym do pochodnych PCP i wykazuje w\u0142a\u015bciwo\u015bci antagonistyczne wobec receptor\u00f3w NMDA, co czyni go potencjalnym przedmiotem bada\u0144 neurofarmakologicznych i behawioralnych.<\/p>\n<p data-start=\"1125\" data-end=\"1482\">Cho\u0107 przeznaczony wy\u0142\u0105cznie do bada\u0144 kryminalistycznych i in vitro, zwi\u0105zek ten znany jest ze swojego potencja\u0142u wspomagania bada\u0144 nad funkcjami poznawczymi, \u015bwiadomo\u015bci\u0105 i neuroplastyczno\u015bci\u0105. Nie jest przeznaczony do spo\u017cycia przez ludzi. Naukowcy szukaj\u0105cy miejsca, w kt\u00f3rym mo\u017cna kupi\u0107 proszek 3-MeO-2-Oxo-PCE, znajd\u0105 dostawc\u00f3w internetowych oferuj\u0105cych niezawodny dost\u0119p do bada\u0144 laboratoryjnych.<\/p>\n<h3 data-start=\"1484\" data-end=\"1502\">Status prawny<\/h3>\n<p data-start=\"1504\" data-end=\"1881\">Przed z\u0142o\u017ceniem zam\u00f3wienia na proszek 3-MeO-2-Oxo-PCE online, konieczne jest zweryfikowanie jego statusu prawnego w Twoim regionie. Chocia\u017c w niekt\u00f3rych jurysdykcjach jest on legalny do cel\u00f3w badawczych, w innych mo\u017ce podlega\u0107 kontroli lub ograniczeniom na mocy przepis\u00f3w prawa analogowego. Zdecydowanie zalecamy wszystkim badaczom zachowanie nale\u017cytej staranno\u015bci i przestrzeganie lokalnych przepis\u00f3w.<\/p>\n<h3 data-start=\"1883\" data-end=\"1936\">Jak bezpiecznie kupi\u0107 proszek 3-MeO-2-Oxo-PCE online<\/h3>\n<p data-start=\"1938\" data-end=\"2018\">A projekt siker\u00e9nek biztos\u00edt\u00e1sa \u00e9rdek\u00e9ben a v\u00e1s\u00e1rl\u00e1s sor\u00e1n a k\u00f6vetkez\u0151 alapelveket kell figyelembe venni:<\/p>\n<ul data-start=\"2020\" data-end=\"2479\">\n<li data-start=\"2020\" data-end=\"2203\">\n<p data-start=\"2022\" data-end=\"2203\">\u0179r\u00f3d\u0142o od zweryfikowanych sprzedawc\u00f3w: Najlepszym miejscem na zakup proszku 3-MeO-2-Oxo-PCE online jest dostawca zapewniaj\u0105cy przejrzysto\u015b\u0107, sp\u00f3jno\u015b\u0107 i pozytywne recenzje.<\/p>\n<\/li>\n<li data-start=\"2204\" data-end=\"2359\">\n<p data-start=\"2206\" data-end=\"2359\">Testowanie przez strony trzecie: Ufaj tylko dostawcom oferuj\u0105cym Certyfikaty Analizy (COA) i niezale\u017cne weryfikacje laboratoryjne potwierdzaj\u0105ce czysto\u015b\u0107 i to\u017csamo\u015b\u0107.<\/p>\n<\/li>\n<li data-start=\"2360\" data-end=\"2479\">\n<p data-start=\"2362\" data-end=\"2479\">Unikaj Darknetu: Nigdy nie nara\u017caj swojego bezpiecze\u0144stwa i wiarygodno\u015bci bada\u0144, pozyskuj\u0105c informacje z nieuregulowanych kana\u0142\u00f3w.<\/p>\n<\/li>\n<\/ul>\n<h3 data-start=\"2481\" data-end=\"2527\">Redukcja szk\u00f3d i bezpieczne praktyki badawcze<\/h3>\n<p data-start=\"2529\" data-end=\"2673\">Niezale\u017cnie od tego, czy przechowujesz, przetwarzasz, czy analizujesz, przestrzeganie prawid\u0142owego protoko\u0142u laboratoryjnego ma kluczowe znaczenie. Post\u0119puj zgodnie z poni\u017cszymi krokami, aby zachowa\u0107 bezpiecze\u0144stwo i integralno\u015b\u0107 bada\u0144:<\/p>\n<ul data-start=\"2675\" data-end=\"2875\">\n<li data-start=\"2675\" data-end=\"2721\">\n<p data-start=\"2677\" data-end=\"2721\">Stosuj odpowiednie \u015brodki ochrony indywidualnej (r\u0119kawiczki, okulary ochronne, fartuch laboratoryjny)<\/p>\n<\/li>\n<li data-start=\"2722\" data-end=\"2773\">\n<p data-start=\"2724\" data-end=\"2773\">Przechowywa\u0107 w ch\u0142odnym, suchym i wyra\u017anie oznakowanym pojemniku.<\/p>\n<\/li>\n<li data-start=\"2774\" data-end=\"2818\">\n<p data-start=\"2776\" data-end=\"2818\">Pomiar za pomoc\u0105 skalibrowanej wagi mikrogramowej<\/p>\n<\/li>\n<li data-start=\"2819\" data-end=\"2875\">\n<p data-start=\"2821\" data-end=\"2875\">Trzymaj materia\u0142y poza zasi\u0119giem os\u00f3b nieupowa\u017cnionych<\/p>\n<\/li>\n<\/ul>\n<h3 data-start=\"2877\" data-end=\"2897\">Dlaczego warto nas wybra\u0107?<\/h3>\n<p data-start=\"2899\" data-end=\"3243\">Oferujemy wysokiej czysto\u015bci proszek 3-MeO-2-Oxo-PCE w konkurencyjnej cenie, z szybk\u0105, dyskretn\u0105 wysy\u0142k\u0105 i certyfikatami COA dost\u0119pnymi dla ka\u017cdej partii. Nasze rygorystyczne protoko\u0142y zaopatrzenia i responsywna obs\u0142uga klienta sprawiaj\u0105, \u017ce jeste\u015bmy najlepszym miejscem do zakupu proszku 3-MeO-2-Oxo-PCE online \u2013 bez kompromis\u00f3w w zakresie jako\u015bci i zgodno\u015bci z przepisami.<\/p>\n<ul data-start=\"3245\" data-end=\"3332\">\n<li data-start=\"3245\" data-end=\"3272\">\n<p data-start=\"3247\" data-end=\"3272\">Przebadane laboratoryjnie i zweryfikowane<\/p>\n<\/li>\n<li data-start=\"3273\" data-end=\"3295\">\n<p data-start=\"3275\" data-end=\"3295\">Przyst\u0119pne ceny<\/p>\n<\/li>\n<li data-start=\"3296\" data-end=\"3332\">\n<p data-start=\"3298\" data-end=\"3332\">Zaufali nam badacze na ca\u0142ym \u015bwiecie<\/p>\n<\/li>\n<\/ul>\n<p data-start=\"3334\" data-end=\"3453\">Szukasz konkurencyjnej ceny proszku 3-MeO-2-Oxo-PCE bez rezygnowania z jako\u015bci? Trafi\u0142e\u015b we w\u0142a\u015bciwe miejsce.<a href=\"https:\/\/pvpgrams.com\/pl\/\">pvpgrams<\/a><\/p>\n<h3 data-start=\"3455\" data-end=\"3471\">Wnioski<\/h3>\n<p data-start=\"3473\" data-end=\"3731\">Je\u015bli planujesz zam\u00f3wi\u0107 proszek 3-MeO-2-Oxo-PCE online, upewnij si\u0119, \u017ce robisz to ze sprawdzonego \u017ar\u00f3d\u0142a, kt\u00f3re jest zgodne z Twoimi celami badawczymi i obowi\u0105zkami prawnymi. Odpowiedni produkt mo\u017ce zwi\u0119kszy\u0107 mo\u017cliwo\u015bci Twojego laboratorium \u2014 ale tylko wtedy, gdy jest pozyskiwany w spos\u00f3b odpowiedzialny.<\/p>","protected":false},"excerpt":{"rendered":"<p>Buy 3-MeO-2-Oxo-PCE Powder Online from a Reliable Research Source Buy 3-MeO-2-Oxo-PCE Powder Online | Premium Research Chemical for Advanced Analytical Use Looking to buy 3-MeO-2-Oxo-PCE Powder online? You&#8217;re not alone. With a growing interest in advanced dissociative compounds, 3-MeO-2-Oxo-PCE Powder for sale has emerged as a favored choice among researchers for its unique pharmacological profile and analytical potential. However, navigating this niche market requires knowledge, care, and attention to detail. What is 3-MeO-2-Oxo-PCE? 3-MeO-2-Oxo-PCE Powder\u2014also known as a methoxetamine analog or MXE analog\u2014is a dissociative arylcyclohexylamine compound belonging to the eticyclidine family. Characterized by its subtle chemical resemblance to PCP derivatives, it exhibits NMDA receptor antagonist properties, making it a potent subject for neuropharmacological and behavioral research. Though strictly intended for forensic and in vitro research, this compound is renowned for its potential to aid studies into cognition, consciousness, and neuroplasticity. It is not intended for human consumption. Researchers looking for where to buy 3-MeO-2-Oxo-PCE Powder will find that online suppliers offer reliable access for laboratory studies. Legal Status Before placing an order 3-MeO-2-Oxo-PCE Powder online, it&#8217;s crucial to verify its legal standing in your region. While legal for research in certain jurisdictions, 3-MeO-2-Oxo-PCE Powder buy online may be controlled or restricted in others under analog laws. We strongly advise all researchers to conduct due diligence and remain in compliance with local regulations. How to Buy 3-MeO-2-Oxo-PCE Powder Online Safely To ensure your project\u2019s success, prioritize these principles when purchasing: Source from Verified Vendors: The best place to buy 3-MeO-2-Oxo-PCE Powder online is through a supplier that provides transparency, consistency, and positive peer reviews. Third-Party Testing: Only trust suppliers offering Certificates of Analysis (COAs) and independent lab verification to confirm purity and identity. Avoid the Darknet: Never compromise your safety and research validity by sourcing through unregulated channels. Harm Reduction &amp; Safe Research Practices Whether you&#8217;re storing, handling, or analyzing, proper lab protocol is critical. Follow these steps to maintain safety and research integrity: Use proper PPE (gloves, goggles, lab coat) Store in a cool, dry, clearly labeled container Measure with calibrated microgram scales Keep material out of reach of unauthorized personnel Why Choose Us? We offer high-purity 3-MeO-2-Oxo-PCE Powder for sale at competitive 3-MeO-2-Oxo-PCE Powder price, with fast, discreet shipping and COAs available for every batch. Our rigorous sourcing protocols and responsive customer support make us the best place to buy 3-MeO-2-Oxo-PCE Powder online\u2014without compromising quality or compliance. Lab-tested and verified Affordable pricing Trusted by researchers worldwide Looking for competitive 3-MeO-2-Oxo-PCE Powder price without sacrificing quality? You\u2019ve come to the right place.pvpgrams Conclusion If you&#8217;re planning to order 3-MeO-2-Oxo-PCE Powder online, ensure you&#8217;re doing so from a trusted source that aligns with your research goals and legal obligations. The right product can enhance your lab&#8217;s capabilities\u2014but only when sourced responsibly.<\/p>","protected":false},"featured_media":1957,"comment_status":"closed","ping_status":"closed","template":"","meta":{"_kadence_starter_templates_imported_post":false,"_kad_post_transparent":"default","_kad_post_title":"","_kad_post_layout":"default","_kad_post_sidebar_id":"","_kad_post_content_style":"default","_kad_post_vertical_padding":"default","_kad_post_feature":"","_kad_post_feature_position":"","_kad_post_header":false,"_kad_post_footer":false,"_joinchat":[]},"product_brand":[],"product_cat":[361],"product_tag":[3847,3848,3849,3850,3851,3852,3853,3854,3855,3856,3857,3858,3859,3860,3861,3862,3863,3864,3865,3866,3867,3868,3869,3870,3871,3872,3873,3874,3875,3876,3877,3878,3879,3880,3881,3882,3883,3884,3885,3886,3887,3888,3889,3890,3891,3892,3893,3894,3895,3896,3897,3898,3899,3900,3901,3902,3903,3904,3905,3906,3907,3908,3909,3910,3911,3912,3913,3914,3915,3916,3917,3918,3919,3920,3921,3922,3923,3924,3925,3926,3927,3928,3929,3930,3931,3932,3933,3934,3935,3936,3937,3938,3939,3940],"class_list":{"0":"post-1513","1":"product","2":"type-product","3":"status-publish","4":"has-post-thumbnail","6":"product_cat-research-chemicals","7":"product_tag-1-3-broken-meongie","8":"product_tag-2-oxo-pce-bestellen","9":"product_tag-2-oxo-pce-dosierung","10":"product_tag-2-oxo-pce-eve","11":"product_tag-2-oxo-pce-kaufen","12":"product_tag-2-oxo-pce-psychonaut","13":"product_tag-2-oxo-pce-reddit","14":"product_tag-2-oxo-pce-vendor","15":"product_tag-2-oxo-pce-in-usa","16":"product_tag-2-oxo-pceo-pce","17":"product_tag-2-oxo-pce-dosage","18":"product_tag-2-oxo-pce-erowid","19":"product_tag-2-oxo-pce-kopen","20":"product_tag-2-oxo-pce-shop","21":"product_tag-2-oxo-pce-wiki","22":"product_tag-2-oxo-pce-wirkung","23":"product_tag-2-3-broken-meongie","24":"product_tag-3-meo-drug","25":"product_tag-3-meo-pce-hole","26":"product_tag-3-meo-pce-psychonaut","27":"product_tag-3-meo-pce-us","28":"product_tag-3-meo-pcp-10-mg","29":"product_tag-3-meo-pcp-and-adderall","30":"product_tag-3-meo-pcp-and-alcohol","31":"product_tag-3-meo-pcp-and-weed","32":"product_tag-3-meo-pcp-bladder","33":"product_tag-3-meo-pcp-bluelight","34":"product_tag-3-meo-pcp-canada","35":"product_tag-3-meo-pcp-dosage","36":"product_tag-3-meo-pcp-drug-test","37":"product_tag-3-meo-pcp-erowid-experience","38":"product_tag-3-meo-pcp-high","39":"product_tag-3-meo-pcp-legal-in-us","40":"product_tag-3-meo-pcp-legal-status","41":"product_tag-3-meo-pcp-microdose","42":"product_tag-3-meo-pcp-overdose","43":"product_tag-3-meo-pcp-psychonaut","44":"product_tag-3-meo-pcp-review","45":"product_tag-3-meo-pcp-side-effects","46":"product_tag-3-meo-pcp-sleep","47":"product_tag-3-meo-pcp-solubility","48":"product_tag-3-meo-pcp-sublingual","49":"product_tag-3-meo-pcp-trip-report","50":"product_tag-3-meo-pcp-vs-mxe","51":"product_tag-3-meo-pcp-withdrawal","52":"product_tag-3-fpm-5-meo-mipt","53":"product_tag-3-ho-pcp-vs-3-meo-pcp","54":"product_tag-3-meo-pce","55":"product_tag-3-meo-2-oxo-pce-for-sale","56":"product_tag-3-meo-2-oxo-pcpr","57":"product_tag-3-meo-pce-flashback","58":"product_tag-3-meo-pce-hydrochloride","59":"product_tag-3-meo-pce-nasal","60":"product_tag-3-meo-pce-smoked","61":"product_tag-3-meo-pce-vs-3-ho-pcp","62":"product_tag-3-meo-pcmo-buy","63":"product_tag-3-meo-pcp","64":"product_tag-3-meo-pcp-100-mg","65":"product_tag-3-meo-pcp-150-mg","66":"product_tag-3-meo-pcp-1g","67":"product_tag-3-meo-pcp-4-aco-dmt","68":"product_tag-3-meo-pcp-after-effects","69":"product_tag-3-meo-pcp-consecutive-days","70":"product_tag-3-meo-pcp-drugs-forum","71":"product_tag-3-meo-pcp-half-life","72":"product_tag-3-meo-pcp-insufflated","73":"product_tag-3-meo-pcp-kokemuksia","74":"product_tag-3-meo-pcp-long-term","75":"product_tag-3-meo-pcp-marquis","76":"product_tag-3-meo-pcp-nasal-spray","77":"product_tag-3-meo-pcp-neurotoxicity","78":"product_tag-3-meo-pcp-reagent-test","79":"product_tag-3-meo-pcp-synthesis","80":"product_tag-3-meo-pcp-urine-test","81":"product_tag-3-meo-pcp-usa-domestic","82":"product_tag-3-meo-pcp-volumetric-dosing","83":"product_tag-3-meo-pcp-wikipedia","84":"product_tag-4-aco-dmt-and-3-meo-pcp","85":"product_tag-4-ap-3-meoh-buy","86":"product_tag-buy-2-oxo-pce-in-uk","87":"product_tag-buy-2-oxo-pce","88":"product_tag-buy-3-meo-2-oxo-pce","89":"product_tag-buy-3-meo-2-oxo-pce-usa","90":"product_tag-buy-3-meo-pcp","91":"product_tag-buy-3-meo-pcp-in-australian","92":"product_tag-buy-3-meo-pcp-in-france","93":"product_tag-buy-3-meo-pcp-in-germany","94":"product_tag-buy-3-meo-pcp-in-uk","95":"product_tag-buy-3-meo-pcp-in-usa","96":"product_tag-meo-3-immobiliare-avellino","97":"product_tag-meostigmat-1-3-35","98":"product_tag-o-pce-vs-3-meo-pcp","99":"product_tag-order-3-meo-2-oxo-pce","100":"product_tag-purchase-3-meo-2-oxo-pce","102":"first","103":"instock","104":"shipping-taxable","105":"purchasable","106":"product-type-variable","107":"entry","108":"content-bg","109":"loop-entry"},"yoast_head":"<!-- This site is optimized with the Yoast SEO plugin v26.5 - https:\/\/yoast.com\/wordpress\/plugins\/seo\/ -->\n<title>Buy 3-MeO-2-Oxo-PCE Powder Online \u2013 3-MeO-PCE for Sale<\/title>\n<meta name=\"description\" content=\"Looking for 3-MeO-2-Oxo-PCE powder? Buy online now with fast shipping. Perfect for your scientific analysis with discreet packaging and reliable delivery.\" \/>\n<meta name=\"robots\" content=\"index, follow, max-snippet:-1, max-image-preview:large, max-video-preview:-1\" \/>\n<link rel=\"canonical\" href=\"https:\/\/pvpgrams.com\/pl\/product\/buy-3-meo-2-oxo-pce-powder-online\/\" \/>\n<meta property=\"og:locale\" content=\"pl_PL\" \/>\n<meta property=\"og:type\" content=\"article\" \/>\n<meta property=\"og:title\" content=\"Buy 3-MeO-2-Oxo-PCE Powder Online \u2013 3-MeO-PCE for Sale\" \/>\n<meta property=\"og:description\" content=\"Looking for 3-MeO-2-Oxo-PCE powder? Buy online now with fast shipping. Perfect for your scientific analysis with discreet packaging and reliable delivery.\" \/>\n<meta property=\"og:url\" content=\"https:\/\/pvpgrams.com\/pl\/product\/buy-3-meo-2-oxo-pce-powder-online\/\" \/>\n<meta property=\"og:site_name\" content=\"PVP Grams\" \/>\n<meta property=\"article:modified_time\" content=\"2026-03-06T13:26:40+00:00\" \/>\n<meta property=\"og:image\" content=\"https:\/\/pvpgrams.com\/wp-content\/uploads\/2025\/05\/3-MeO-2-Oxo-PCE-Powder.jpg\" \/>\n\t<meta property=\"og:image:width\" content=\"600\" \/>\n\t<meta property=\"og:image:height\" content=\"600\" \/>\n\t<meta property=\"og:image:type\" content=\"image\/jpeg\" \/>\n<meta name=\"twitter:card\" content=\"summary_large_image\" \/>\n<meta name=\"twitter:label1\" content=\"Szacowany czas czytania\" \/>\n\t<meta name=\"twitter:data1\" content=\"3 minuty\" \/>\n<script type=\"application\/ld+json\" class=\"yoast-schema-graph\">{\"@context\":\"https:\/\/schema.org\",\"@graph\":[{\"@type\":[\"WebPage\",\"ItemPage\"],\"@id\":\"https:\/\/pvpgrams.com\/product\/buy-3-meo-2-oxo-pce-powder-online\/\",\"url\":\"https:\/\/pvpgrams.com\/product\/buy-3-meo-2-oxo-pce-powder-online\/\",\"name\":\"Buy 3-MeO-2-Oxo-PCE Powder Online \u2013 3-MeO-PCE for Sale\",\"isPartOf\":{\"@id\":\"https:\/\/pvpgrams.com\/#website\"},\"primaryImageOfPage\":{\"@id\":\"https:\/\/pvpgrams.com\/product\/buy-3-meo-2-oxo-pce-powder-online\/#primaryimage\"},\"image\":{\"@id\":\"https:\/\/pvpgrams.com\/product\/buy-3-meo-2-oxo-pce-powder-online\/#primaryimage\"},\"thumbnailUrl\":\"https:\/\/pvpgrams.com\/wp-content\/uploads\/2025\/05\/3-MeO-2-Oxo-PCE-Powder.jpg\",\"datePublished\":\"2025-05-15T09:42:02+00:00\",\"dateModified\":\"2026-03-06T13:26:40+00:00\",\"description\":\"Looking for 3-MeO-2-Oxo-PCE powder? Buy online now with fast shipping. Perfect for your scientific analysis with discreet packaging and reliable delivery.\",\"breadcrumb\":{\"@id\":\"https:\/\/pvpgrams.com\/product\/buy-3-meo-2-oxo-pce-powder-online\/#breadcrumb\"},\"inLanguage\":\"pl-PL\",\"potentialAction\":[{\"@type\":\"ReadAction\",\"target\":[\"https:\/\/pvpgrams.com\/product\/buy-3-meo-2-oxo-pce-powder-online\/\"]}]},{\"@type\":\"ImageObject\",\"inLanguage\":\"pl-PL\",\"@id\":\"https:\/\/pvpgrams.com\/product\/buy-3-meo-2-oxo-pce-powder-online\/#primaryimage\",\"url\":\"https:\/\/pvpgrams.com\/wp-content\/uploads\/2025\/05\/3-MeO-2-Oxo-PCE-Powder.jpg\",\"contentUrl\":\"https:\/\/pvpgrams.com\/wp-content\/uploads\/2025\/05\/3-MeO-2-Oxo-PCE-Powder.jpg\",\"width\":600,\"height\":600,\"caption\":\"Buy 3-MeO-2-Oxo-PCE Powder Online\"},{\"@type\":\"BreadcrumbList\",\"@id\":\"https:\/\/pvpgrams.com\/product\/buy-3-meo-2-oxo-pce-powder-online\/#breadcrumb\",\"itemListElement\":[{\"@type\":\"ListItem\",\"position\":1,\"name\":\"Home\",\"item\":\"https:\/\/pvpgrams.com\/\"},{\"@type\":\"ListItem\",\"position\":2,\"name\":\"Shop\",\"item\":\"https:\/\/pvpgrams.com\/shop\/\"},{\"@type\":\"ListItem\",\"position\":3,\"name\":\"Buy 3-MeO-2-Oxo-PCE Powder Online\"}]},{\"@type\":\"WebSite\",\"@id\":\"https:\/\/pvpgrams.com\/#website\",\"url\":\"https:\/\/pvpgrams.com\/\",\"name\":\"PVP Grams\",\"description\":\"\",\"publisher\":{\"@id\":\"https:\/\/pvpgrams.com\/#organization\"},\"potentialAction\":[{\"@type\":\"SearchAction\",\"target\":{\"@type\":\"EntryPoint\",\"urlTemplate\":\"https:\/\/pvpgrams.com\/?s={search_term_string}\"},\"query-input\":{\"@type\":\"PropertyValueSpecification\",\"valueRequired\":true,\"valueName\":\"search_term_string\"}}],\"inLanguage\":\"pl-PL\"},{\"@type\":\"Organization\",\"@id\":\"https:\/\/pvpgrams.com\/#organization\",\"name\":\"PVP Grams\",\"url\":\"https:\/\/pvpgrams.com\/\",\"logo\":{\"@type\":\"ImageObject\",\"inLanguage\":\"pl-PL\",\"@id\":\"https:\/\/pvpgrams.com\/#\/schema\/logo\/image\/\",\"url\":\"https:\/\/pvpgrams.com\/wp-content\/uploads\/2024\/10\/logo.png\",\"contentUrl\":\"https:\/\/pvpgrams.com\/wp-content\/uploads\/2024\/10\/logo.png\",\"width\":181,\"height\":41,\"caption\":\"PVP Grams\"},\"image\":{\"@id\":\"https:\/\/pvpgrams.com\/#\/schema\/logo\/image\/\"}}]}<\/script>\n<!-- \/ Yoast SEO plugin. -->","yoast_head_json":{"title":"Kup 3-MeO-2-Oxo-PCE w proszku online - 3-MeO-PCE na sprzeda\u017c","description":"Szukasz proszku 3-MeO-2-Oxo-PCE? Kup teraz online z szybk\u0105 wysy\u0142k\u0105. Idealny do analizy naukowej dzi\u0119ki dyskretnemu opakowaniu i niezawodnej dostawie.","robots":{"index":"index","follow":"follow","max-snippet":"max-snippet:-1","max-image-preview":"max-image-preview:large","max-video-preview":"max-video-preview:-1"},"canonical":"https:\/\/pvpgrams.com\/pl\/product\/buy-3-meo-2-oxo-pce-powder-online\/","og_locale":"pl_PL","og_type":"article","og_title":"Buy 3-MeO-2-Oxo-PCE Powder Online \u2013 3-MeO-PCE for Sale","og_description":"Looking for 3-MeO-2-Oxo-PCE powder? Buy online now with fast shipping. Perfect for your scientific analysis with discreet packaging and reliable delivery.","og_url":"https:\/\/pvpgrams.com\/pl\/product\/buy-3-meo-2-oxo-pce-powder-online\/","og_site_name":"PVP Grams","article_modified_time":"2026-03-06T13:26:40+00:00","og_image":[{"width":600,"height":600,"url":"https:\/\/pvpgrams.com\/wp-content\/uploads\/2025\/05\/3-MeO-2-Oxo-PCE-Powder.jpg","type":"image\/jpeg"}],"twitter_card":"summary_large_image","twitter_misc":{"Szacowany czas czytania":"3 minuty"},"schema":{"@context":"https:\/\/schema.org","@graph":[{"@type":["WebPage","ItemPage"],"@id":"https:\/\/pvpgrams.com\/product\/buy-3-meo-2-oxo-pce-powder-online\/","url":"https:\/\/pvpgrams.com\/product\/buy-3-meo-2-oxo-pce-powder-online\/","name":"Kup 3-MeO-2-Oxo-PCE w proszku online - 3-MeO-PCE na sprzeda\u017c","isPartOf":{"@id":"https:\/\/pvpgrams.com\/#website"},"primaryImageOfPage":{"@id":"https:\/\/pvpgrams.com\/product\/buy-3-meo-2-oxo-pce-powder-online\/#primaryimage"},"image":{"@id":"https:\/\/pvpgrams.com\/product\/buy-3-meo-2-oxo-pce-powder-online\/#primaryimage"},"thumbnailUrl":"https:\/\/pvpgrams.com\/wp-content\/uploads\/2025\/05\/3-MeO-2-Oxo-PCE-Powder.jpg","datePublished":"2025-05-15T09:42:02+00:00","dateModified":"2026-03-06T13:26:40+00:00","description":"Szukasz proszku 3-MeO-2-Oxo-PCE? Kup teraz online z szybk\u0105 wysy\u0142k\u0105. Idealny do analizy naukowej dzi\u0119ki dyskretnemu opakowaniu i niezawodnej dostawie.","breadcrumb":{"@id":"https:\/\/pvpgrams.com\/product\/buy-3-meo-2-oxo-pce-powder-online\/#breadcrumb"},"inLanguage":"pl-PL","potentialAction":[{"@type":"ReadAction","target":["https:\/\/pvpgrams.com\/product\/buy-3-meo-2-oxo-pce-powder-online\/"]}]},{"@type":"ImageObject","inLanguage":"pl-PL","@id":"https:\/\/pvpgrams.com\/product\/buy-3-meo-2-oxo-pce-powder-online\/#primaryimage","url":"https:\/\/pvpgrams.com\/wp-content\/uploads\/2025\/05\/3-MeO-2-Oxo-PCE-Powder.jpg","contentUrl":"https:\/\/pvpgrams.com\/wp-content\/uploads\/2025\/05\/3-MeO-2-Oxo-PCE-Powder.jpg","width":600,"height":600,"caption":"Buy 3-MeO-2-Oxo-PCE Powder Online"},{"@type":"BreadcrumbList","@id":"https:\/\/pvpgrams.com\/product\/buy-3-meo-2-oxo-pce-powder-online\/#breadcrumb","itemListElement":[{"@type":"ListItem","position":1,"name":"Home","item":"https:\/\/pvpgrams.com\/"},{"@type":"ListItem","position":2,"name":"Shop","item":"https:\/\/pvpgrams.com\/shop\/"},{"@type":"ListItem","position":3,"name":"Buy 3-MeO-2-Oxo-PCE Powder Online"}]},{"@type":"WebSite","@id":"https:\/\/pvpgrams.com\/#website","url":"https:\/\/pvpgrams.com\/","name":"Gramy PVP","description":"","publisher":{"@id":"https:\/\/pvpgrams.com\/#organization"},"potentialAction":[{"@type":"SearchAction","target":{"@type":"EntryPoint","urlTemplate":"https:\/\/pvpgrams.com\/?s={search_term_string}"},"query-input":{"@type":"PropertyValueSpecification","valueRequired":true,"valueName":"search_term_string"}}],"inLanguage":"pl-PL"},{"@type":"Organization","@id":"https:\/\/pvpgrams.com\/#organization","name":"Gramy PVP","url":"https:\/\/pvpgrams.com\/","logo":{"@type":"ImageObject","inLanguage":"pl-PL","@id":"https:\/\/pvpgrams.com\/#\/schema\/logo\/image\/","url":"https:\/\/pvpgrams.com\/wp-content\/uploads\/2024\/10\/logo.png","contentUrl":"https:\/\/pvpgrams.com\/wp-content\/uploads\/2024\/10\/logo.png","width":181,"height":41,"caption":"PVP Grams"},"image":{"@id":"https:\/\/pvpgrams.com\/#\/schema\/logo\/image\/"}}]}},"_links":{"self":[{"href":"https:\/\/pvpgrams.com\/pl\/wp-json\/wp\/v2\/product\/1513","targetHints":{"allow":["GET"]}}],"collection":[{"href":"https:\/\/pvpgrams.com\/pl\/wp-json\/wp\/v2\/product"}],"about":[{"href":"https:\/\/pvpgrams.com\/pl\/wp-json\/wp\/v2\/types\/product"}],"replies":[{"embeddable":true,"href":"https:\/\/pvpgrams.com\/pl\/wp-json\/wp\/v2\/comments?post=1513"}],"wp:featuredmedia":[{"embeddable":true,"href":"https:\/\/pvpgrams.com\/pl\/wp-json\/wp\/v2\/media\/1957"}],"wp:attachment":[{"href":"https:\/\/pvpgrams.com\/pl\/wp-json\/wp\/v2\/media?parent=1513"}],"wp:term":[{"taxonomy":"product_brand","embeddable":true,"href":"https:\/\/pvpgrams.com\/pl\/wp-json\/wp\/v2\/product_brand?post=1513"},{"taxonomy":"product_cat","embeddable":true,"href":"https:\/\/pvpgrams.com\/pl\/wp-json\/wp\/v2\/product_cat?post=1513"},{"taxonomy":"product_tag","embeddable":true,"href":"https:\/\/pvpgrams.com\/pl\/wp-json\/wp\/v2\/product_tag?post=1513"}],"curies":[{"name":"wp","href":"https:\/\/api.w.org\/{rel}","templated":true}]}}