{"id":1104,"date":"2024-10-24T21:34:49","date_gmt":"2024-10-24T21:34:49","guid":{"rendered":"https:\/\/pvpgrams.com\/?post_type=product&#038;p=1104"},"modified":"2025-10-30T10:35:19","modified_gmt":"2025-10-30T10:35:19","slug":"alfa-pvp-alfa-pirrolidinopentiofenona","status":"publish","type":"product","link":"https:\/\/pvpgrams.com\/pt\/product\/alfa-pvp-alfa-pirrolidinopentiofenona\/","title":{"rendered":"Comprar Alfa-PVP (alfa-pirrolidinopentiofen\u00e3o) online"},"content":{"rendered":"<h2 data-start=\"166\" data-end=\"222\">Compre Alpha-PVP online numa fonte de pesquisa fi\u00e1vel<\/h2>\n<p data-start=\"224\" data-end=\"344\"><strong data-start=\"224\" data-end=\"342\">Comprar Alpha-PVP (Alfa-Pirrolidinopentiofenona) online \u2013 Alpha-PVP de alta pureza testado em laborat\u00f3rio para investiga\u00e7\u00e3o em Pvpgrams<\/strong><\/p>\n<p data-start=\"346\" data-end=\"867\">Procurando <strong data-start=\"357\" data-end=\"381\">comprar Alpha-PVP online<\/strong>A Pvpgrams oferece Alpha-PVP (Alpha-Pyrrolidinopentiophenone) de alta pureza, testado em laborat\u00f3rio, estritamente para fins de investiga\u00e7\u00e3o. <strong data-start=\"498\" data-end=\"520\">Alpha-PVP \u00e0 venda<\/strong> \u00e9 um estimulante sint\u00e9tico da fam\u00edlia das catinonas, amplamente estudado pelos seus efeitos na atividade dos neurotransmissores e no sistema nervoso central. Na Pvpgrams, garantimos que os nossos <a href=\"https:\/\/pvpgrams.com\/pt\/product\/alfa-pvp-alfa-pirrolidinopentiofenona\/\"><strong data-start=\"697\" data-end=\"721\">Comprar Alpha-PVP online<\/strong><\/a> O fornecimento cumpre os mais elevados padr\u00f5es de pureza e qualidade, tornando-o o <strong data-start=\"794\" data-end=\"832\">melhor lugar para comprar Alpha-PVP online<\/strong> para estudos cient\u00edficos avan\u00e7ados.<\/p>\n<h3 data-start=\"869\" data-end=\"892\">O que \u00e9 o Alpha-PVP?<\/h3>\n<p data-start=\"894\" data-end=\"1364\"><strong data-start=\"894\" data-end=\"940\">Alfa-PVP (<a href=\"https:\/\/en.wikipedia.org\/wiki\/%CE%91-Pyrrolidinopentiophenone\">Alfa-pirrolidinopentiofenona<\/a>)<\/strong> \u00e9 um estimulante sint\u00e9tico estruturalmente relacionado com catinonas, como o MDPV. Os investigadores frequentemente <strong data-start=\"1033\" data-end=\"1052\">encomendar Alpha-PVP<\/strong> para estudar os seus efeitos como inibidor da recapta\u00e7\u00e3o de dopamina e norepinefrina, o que o torna \u00fatil para investigar a fun\u00e7\u00e3o dos neurotransmissores, os padr\u00f5es comportamentais e a regula\u00e7\u00e3o do humor. Para os cientistas que pesquisam <strong data-start=\"1261\" data-end=\"1287\">onde comprar Alpha-PVP<\/strong> Com seguran\u00e7a, a Pvpgrams fornece material confi\u00e1vel e consistente, com qualidade de pesquisa.<\/p>\n<h3 data-start=\"1366\" data-end=\"1405\">Porqu\u00ea escolher o Alpha-PVP para investiga\u00e7\u00e3o?<\/h3>\n<p data-start=\"1407\" data-end=\"1804\"><strong data-start=\"1407\" data-end=\"1424\">Comprar Alpha-PVP<\/strong> para estudar os mecanismos neuroqu\u00edmicos que influenciam o desempenho cognitivo, a aten\u00e7\u00e3o e as respostas comportamentais. O alfa-PVP aumenta a libera\u00e7\u00e3o de dopamina e norepinefrina, tornando-o essencial para pesquisas sobre efeitos estimulantes e modifica\u00e7\u00e3o comportamental. Muitos laborat\u00f3rios consideram os Pvpgrams o <strong data-start=\"1706\" data-end=\"1744\">melhor lugar para comprar Alpha-PVP online<\/strong> devido \u00e0 nossa pureza garantida e entrega r\u00e1pida e discreta.<\/p>\n<h3 data-start=\"1806\" data-end=\"1841\">Alpha-PVP para venda em Pvpgrams<\/h3>\n<p data-start=\"1843\" data-end=\"2231\">Na Pvpgrams, oferecemos qualidade premium <strong data-start=\"1883\" data-end=\"1905\">Alpha-PVP \u00e0 venda<\/strong>, cuidadosamente testados em laborat\u00f3rio para atender aos mais elevados padr\u00f5es de investiga\u00e7\u00e3o. Os nossos produtos s\u00e3o rigorosamente verificados quanto \u00e0 pureza e consist\u00eancia, garantindo resultados precisos e fi\u00e1veis nas suas experi\u00eancias. Tamb\u00e9m oferecemos pre\u00e7os competitivos. <strong data-start=\"2118\" data-end=\"2137\">Pre\u00e7o do Alpha-PVP<\/strong> op\u00e7\u00f5es, tornando-o econ\u00f3mico para investigadores que necessitam de compostos estimulantes fi\u00e1veis.<\/p>\n<h3 data-start=\"2233\" data-end=\"2280\">Benef\u00edcios de comprar Alpha-PVP da Pvpgrams<\/h3>\n<ul data-start=\"2282\" data-end=\"2665\">\n<li data-start=\"2282\" data-end=\"2411\">\n<p data-start=\"2284\" data-end=\"2411\"><strong data-start=\"2284\" data-end=\"2305\">Pureza testada em laborat\u00f3rio<\/strong>: Cada lote de <strong data-start=\"2322\" data-end=\"2344\">Alpha-PVP \u00e0 venda<\/strong> \u00e9 exaustivamente testado para garantir a mais alta qualidade para a investiga\u00e7\u00e3o.<\/p>\n<\/li>\n<li data-start=\"2412\" data-end=\"2524\">\n<p data-start=\"2414\" data-end=\"2524\"><strong data-start=\"2414\" data-end=\"2444\">Envio r\u00e1pido e discreto<\/strong>: Quando voc\u00ea <strong data-start=\"2455\" data-end=\"2474\">encomendar Alpha-PVP<\/strong>, garantimos uma entrega r\u00e1pida, segura e privada.<\/p>\n<\/li>\n<li data-start=\"2525\" data-end=\"2665\">\n<p data-start=\"2527\" data-end=\"2665\"><strong data-start=\"2527\" data-end=\"2549\">Ideal para investiga\u00e7\u00e3o<\/strong>: Perfeito para estudos focados em sistemas neurotransmissores, efeitos estimulantes, cogni\u00e7\u00e3o e resultados comportamentais.<\/p>\n<\/li>\n<\/ul>\n<h3 data-start=\"2667\" data-end=\"2704\">Estatuto legal e envio seguro<\/h3>\n<p data-start=\"2706\" data-end=\"2961\">Antes de comprar, verifique sempre a legalidade do Alpha-PVP na sua regi\u00e3o. A Pvpgrams vende <strong data-start=\"2800\" data-end=\"2824\">Comprar Alpha-PVP online<\/strong> estritamente para fins de investiga\u00e7\u00e3o, em conformidade com os regulamentos. Garantimos uma entrega discreta e segura para que a sua encomenda chegue em seguran\u00e7a.<\/p>\n<h3 data-start=\"2963\" data-end=\"3002\">Encomendar Alpha-PVP para investiga\u00e7\u00e3o hoje<\/h3>\n<p data-start=\"3004\" data-end=\"3273\">Pronto para come\u00e7ar os seus estudos? <strong data-start=\"3033\" data-end=\"3059\">Encomendar Alpha-PVP online<\/strong> da Pvpgrams e tenha acesso a compostos de alta pureza, testados em laborat\u00f3rio, com envio r\u00e1pido e discreto. Se voc\u00ea est\u00e1 procurando por <strong data-start=\"3182\" data-end=\"3208\">onde comprar Alpha-PVP<\/strong> Para uma utiliza\u00e7\u00e3o cient\u00edfica fi\u00e1vel, a Pvpgrams \u00e9 o seu parceiro de confian\u00e7a.<\/p>\n<p data-start=\"3275\" data-end=\"3362\"><strong data-start=\"3275\" data-end=\"3360\">Pvpgrams - O seu fornecedor de confian\u00e7a de Alpha-PVP e produtos qu\u00edmicos de investiga\u00e7\u00e3o de alta qualidade<\/strong><\/p>","protected":false},"excerpt":{"rendered":"<p><strong>Alfa-PVP (Alfa-pirrolidinopentiofenona)<\/strong> \u00e9 um estimulante sint\u00e9tico pertencente \u00e0 fam\u00edlia <strong>classe das catinonas<\/strong>A pirovalerona \u00e9 uma subst\u00e2ncia de origem animal, estruturalmente semelhante \u00e0 pirovalerona. Conhecida pelos seus efeitos potentes na <strong>sistema nervoso central<\/strong>O alfa-PVP \u00e9 amplamente estudado em <strong>neuroci\u00eancia<\/strong>, <strong>investiga\u00e7\u00e3o comportamental<\/strong>e <strong>an\u00e1lise qu\u00edmica<\/strong>. Na Factoryson, oferecemos <strong>Alfa-PVP de alta pureza<\/strong> para <strong>investiga\u00e7\u00e3o e aplica\u00e7\u00f5es industriais<\/strong>garantindo uma qualidade superior e uma entrega segura.<\/p>\n<h3><strong>Como funciona o Alpha-PVP<\/strong><\/h3>\n<p>O alfa-PVP actua inibindo a recapta\u00e7\u00e3o de <strong>dopamina<\/strong> e <strong>norepinefrina<\/strong>aumentando a sua disponibilidade no c\u00e9rebro. Isto leva a <strong>maior vigil\u00e2ncia<\/strong>, <strong>energia<\/strong>e <strong>euforia<\/strong>, o que a torna \u00fatil para estudar <strong>intera\u00e7\u00f5es de neurotransmissores<\/strong> e os efeitos dos estimulantes no comportamento e na cogni\u00e7\u00e3o.<\/p>\n<ul>\n<li><strong>In\u00edcio<\/strong>: 10-30 minutos.<\/li>\n<li><strong>Efeitos de pico<\/strong>: 1-2 horas.<\/li>\n<li><strong>Dura\u00e7\u00e3o<\/strong>: 3-5 horas, consoante a dose e o modo de utiliza\u00e7\u00e3o.<\/li>\n<\/ul>\n<h3><strong>F\u00f3rmula do produto<\/strong><\/h3>\n<ul>\n<li><strong>Nome qu\u00edmico<\/strong>: Alfa-pirrolidinopentiofenona<\/li>\n<li><strong>F\u00f3rmula molecular<\/strong>: C15H21NO<\/li>\n<li><strong>Massa molar<\/strong>: 231,33 g\/mol<\/li>\n<\/ul>\n<p>&nbsp;<\/p>\n<p>&nbsp;<\/p>","protected":false},"featured_media":1108,"comment_status":"open","ping_status":"closed","template":"","meta":{"_kadence_starter_templates_imported_post":false,"_kad_post_transparent":"default","_kad_post_title":"","_kad_post_layout":"default","_kad_post_sidebar_id":"","_kad_post_content_style":"default","_kad_post_vertical_padding":"default","_kad_post_feature":"","_kad_post_feature_position":"","_kad_post_header":false,"_kad_post_footer":false,"_joinchat":[]},"product_brand":[],"product_cat":[41],"product_tag":[],"class_list":{"0":"post-1104","1":"product","2":"type-product","3":"status-publish","4":"has-post-thumbnail","6":"product_cat-buy-alpha-php","8":"first","9":"instock","10":"shipping-taxable","11":"purchasable","12":"product-type-variable","13":"entry","14":"content-bg","15":"loop-entry"},"yoast_head":"<!-- This site is optimized with the Yoast SEO plugin v26.5 - https:\/\/yoast.com\/wordpress\/plugins\/seo\/ -->\n<title>Buy Alpha-PVP (Alpha-Pyrrolidinopentiophenon) Online<\/title>\n<meta name=\"description\" content=\"Where to buy Alpha-PVP (Alpha-Pyrrolidinopentiophenon) online at the best price? Find high-quality Alpha-PVP for sale at our secure online store, catering to your research requirements. Order Now!\" \/>\n<meta name=\"robots\" content=\"index, follow, max-snippet:-1, max-image-preview:large, max-video-preview:-1\" \/>\n<link rel=\"canonical\" href=\"https:\/\/pvpgrams.com\/pt\/product\/alfa-pvp-alfa-pirrolidinopentiofenona\/\" \/>\n<meta property=\"og:locale\" content=\"pt_PT\" \/>\n<meta property=\"og:type\" content=\"article\" \/>\n<meta property=\"og:title\" content=\"Buy Alpha-PVP (Alpha-Pyrrolidinopentiophenon) Online\" \/>\n<meta property=\"og:description\" content=\"Where to buy Alpha-PVP (Alpha-Pyrrolidinopentiophenon) online at the best price? Find high-quality Alpha-PVP for sale at our secure online store, catering to your research requirements. Order Now!\" \/>\n<meta property=\"og:url\" content=\"https:\/\/pvpgrams.com\/pt\/product\/alfa-pvp-alfa-pirrolidinopentiofenona\/\" \/>\n<meta property=\"og:site_name\" content=\"PVP Grams\" \/>\n<meta property=\"article:modified_time\" content=\"2025-10-30T10:35:19+00:00\" \/>\n<meta property=\"og:image\" content=\"https:\/\/pvpgrams.com\/wp-content\/uploads\/2024\/10\/Flakka-Alpha-PVP.png\" \/>\n\t<meta property=\"og:image:width\" content=\"450\" \/>\n\t<meta property=\"og:image:height\" content=\"350\" \/>\n\t<meta property=\"og:image:type\" content=\"image\/png\" \/>\n<meta name=\"twitter:card\" content=\"summary_large_image\" \/>\n<meta name=\"twitter:label1\" content=\"Tempo estimado de leitura\" \/>\n\t<meta name=\"twitter:data1\" content=\"2 minutos\" \/>\n<script type=\"application\/ld+json\" class=\"yoast-schema-graph\">{\"@context\":\"https:\/\/schema.org\",\"@graph\":[{\"@type\":[\"WebPage\",\"ItemPage\"],\"@id\":\"https:\/\/pvpgrams.com\/product\/alpha-pvp-alpha-pyrrolidinopentiophenon\/\",\"url\":\"https:\/\/pvpgrams.com\/product\/alpha-pvp-alpha-pyrrolidinopentiophenon\/\",\"name\":\"Buy Alpha-PVP (Alpha-Pyrrolidinopentiophenon) Online\",\"isPartOf\":{\"@id\":\"https:\/\/pvpgrams.com\/#website\"},\"primaryImageOfPage\":{\"@id\":\"https:\/\/pvpgrams.com\/product\/alpha-pvp-alpha-pyrrolidinopentiophenon\/#primaryimage\"},\"image\":{\"@id\":\"https:\/\/pvpgrams.com\/product\/alpha-pvp-alpha-pyrrolidinopentiophenon\/#primaryimage\"},\"thumbnailUrl\":\"https:\/\/pvpgrams.com\/wp-content\/uploads\/2024\/10\/Flakka-Alpha-PVP.png\",\"datePublished\":\"2024-10-24T21:34:49+00:00\",\"dateModified\":\"2025-10-30T10:35:19+00:00\",\"description\":\"Where to buy Alpha-PVP (Alpha-Pyrrolidinopentiophenon) online at the best price? Find high-quality Alpha-PVP for sale at our secure online store, catering to your research requirements. Order Now!\",\"breadcrumb\":{\"@id\":\"https:\/\/pvpgrams.com\/product\/alpha-pvp-alpha-pyrrolidinopentiophenon\/#breadcrumb\"},\"inLanguage\":\"pt-PT\",\"potentialAction\":[{\"@type\":\"ReadAction\",\"target\":[\"https:\/\/pvpgrams.com\/product\/alpha-pvp-alpha-pyrrolidinopentiophenon\/\"]}]},{\"@type\":\"ImageObject\",\"inLanguage\":\"pt-PT\",\"@id\":\"https:\/\/pvpgrams.com\/product\/alpha-pvp-alpha-pyrrolidinopentiophenon\/#primaryimage\",\"url\":\"https:\/\/pvpgrams.com\/wp-content\/uploads\/2024\/10\/Flakka-Alpha-PVP.png\",\"contentUrl\":\"https:\/\/pvpgrams.com\/wp-content\/uploads\/2024\/10\/Flakka-Alpha-PVP.png\",\"width\":450,\"height\":350,\"caption\":\"Buy Alpha-PVP (Alpha-Pyrrolidinopentiophenon) Online\"},{\"@type\":\"BreadcrumbList\",\"@id\":\"https:\/\/pvpgrams.com\/product\/alpha-pvp-alpha-pyrrolidinopentiophenon\/#breadcrumb\",\"itemListElement\":[{\"@type\":\"ListItem\",\"position\":1,\"name\":\"Home\",\"item\":\"https:\/\/pvpgrams.com\/\"},{\"@type\":\"ListItem\",\"position\":2,\"name\":\"Shop\",\"item\":\"https:\/\/pvpgrams.com\/shop\/\"},{\"@type\":\"ListItem\",\"position\":3,\"name\":\"Buy Alpha-PVP (Alpha-Pyrrolidinopentiophenon) Online\"}]},{\"@type\":\"WebSite\",\"@id\":\"https:\/\/pvpgrams.com\/#website\",\"url\":\"https:\/\/pvpgrams.com\/\",\"name\":\"PVP Grams\",\"description\":\"\",\"publisher\":{\"@id\":\"https:\/\/pvpgrams.com\/#organization\"},\"potentialAction\":[{\"@type\":\"SearchAction\",\"target\":{\"@type\":\"EntryPoint\",\"urlTemplate\":\"https:\/\/pvpgrams.com\/?s={search_term_string}\"},\"query-input\":{\"@type\":\"PropertyValueSpecification\",\"valueRequired\":true,\"valueName\":\"search_term_string\"}}],\"inLanguage\":\"pt-PT\"},{\"@type\":\"Organization\",\"@id\":\"https:\/\/pvpgrams.com\/#organization\",\"name\":\"PVP Grams\",\"url\":\"https:\/\/pvpgrams.com\/\",\"logo\":{\"@type\":\"ImageObject\",\"inLanguage\":\"pt-PT\",\"@id\":\"https:\/\/pvpgrams.com\/#\/schema\/logo\/image\/\",\"url\":\"https:\/\/pvpgrams.com\/wp-content\/uploads\/2024\/10\/logo.png\",\"contentUrl\":\"https:\/\/pvpgrams.com\/wp-content\/uploads\/2024\/10\/logo.png\",\"width\":181,\"height\":41,\"caption\":\"PVP Grams\"},\"image\":{\"@id\":\"https:\/\/pvpgrams.com\/#\/schema\/logo\/image\/\"}}]}<\/script>\n<!-- \/ Yoast SEO plugin. -->","yoast_head_json":{"title":"Comprar Alfa-PVP (alfa-pirrolidinopentiofen\u00e3o) online","description":"Onde comprar Alpha-PVP (Alpha-Pyrrolidinopentiophenon) online ao melhor pre\u00e7o? Encontre Alpha-PVP de alta qualidade para venda em nossa loja online segura, atendendo \u00e0s suas necessidades de pesquisa. Encomendar agora!","robots":{"index":"index","follow":"follow","max-snippet":"max-snippet:-1","max-image-preview":"max-image-preview:large","max-video-preview":"max-video-preview:-1"},"canonical":"https:\/\/pvpgrams.com\/pt\/product\/alfa-pvp-alfa-pirrolidinopentiofenona\/","og_locale":"pt_PT","og_type":"article","og_title":"Buy Alpha-PVP (Alpha-Pyrrolidinopentiophenon) Online","og_description":"Where to buy Alpha-PVP (Alpha-Pyrrolidinopentiophenon) online at the best price? Find high-quality Alpha-PVP for sale at our secure online store, catering to your research requirements. Order Now!","og_url":"https:\/\/pvpgrams.com\/pt\/product\/alfa-pvp-alfa-pirrolidinopentiofenona\/","og_site_name":"PVP Grams","article_modified_time":"2025-10-30T10:35:19+00:00","og_image":[{"width":450,"height":350,"url":"https:\/\/pvpgrams.com\/wp-content\/uploads\/2024\/10\/Flakka-Alpha-PVP.png","type":"image\/png"}],"twitter_card":"summary_large_image","twitter_misc":{"Tempo estimado de leitura":"2 minutos"},"schema":{"@context":"https:\/\/schema.org","@graph":[{"@type":["WebPage","ItemPage"],"@id":"https:\/\/pvpgrams.com\/product\/alpha-pvp-alpha-pyrrolidinopentiophenon\/","url":"https:\/\/pvpgrams.com\/product\/alpha-pvp-alpha-pyrrolidinopentiophenon\/","name":"Comprar Alfa-PVP (alfa-pirrolidinopentiofen\u00e3o) online","isPartOf":{"@id":"https:\/\/pvpgrams.com\/#website"},"primaryImageOfPage":{"@id":"https:\/\/pvpgrams.com\/product\/alpha-pvp-alpha-pyrrolidinopentiophenon\/#primaryimage"},"image":{"@id":"https:\/\/pvpgrams.com\/product\/alpha-pvp-alpha-pyrrolidinopentiophenon\/#primaryimage"},"thumbnailUrl":"https:\/\/pvpgrams.com\/wp-content\/uploads\/2024\/10\/Flakka-Alpha-PVP.png","datePublished":"2024-10-24T21:34:49+00:00","dateModified":"2025-10-30T10:35:19+00:00","description":"Onde comprar Alpha-PVP (Alpha-Pyrrolidinopentiophenon) online ao melhor pre\u00e7o? Encontre Alpha-PVP de alta qualidade para venda em nossa loja online segura, atendendo \u00e0s suas necessidades de pesquisa. Encomendar agora!","breadcrumb":{"@id":"https:\/\/pvpgrams.com\/product\/alpha-pvp-alpha-pyrrolidinopentiophenon\/#breadcrumb"},"inLanguage":"pt-PT","potentialAction":[{"@type":"ReadAction","target":["https:\/\/pvpgrams.com\/product\/alpha-pvp-alpha-pyrrolidinopentiophenon\/"]}]},{"@type":"ImageObject","inLanguage":"pt-PT","@id":"https:\/\/pvpgrams.com\/product\/alpha-pvp-alpha-pyrrolidinopentiophenon\/#primaryimage","url":"https:\/\/pvpgrams.com\/wp-content\/uploads\/2024\/10\/Flakka-Alpha-PVP.png","contentUrl":"https:\/\/pvpgrams.com\/wp-content\/uploads\/2024\/10\/Flakka-Alpha-PVP.png","width":450,"height":350,"caption":"Buy Alpha-PVP (Alpha-Pyrrolidinopentiophenon) Online"},{"@type":"BreadcrumbList","@id":"https:\/\/pvpgrams.com\/product\/alpha-pvp-alpha-pyrrolidinopentiophenon\/#breadcrumb","itemListElement":[{"@type":"ListItem","position":1,"name":"Home","item":"https:\/\/pvpgrams.com\/"},{"@type":"ListItem","position":2,"name":"Shop","item":"https:\/\/pvpgrams.com\/shop\/"},{"@type":"ListItem","position":3,"name":"Buy Alpha-PVP (Alpha-Pyrrolidinopentiophenon) Online"}]},{"@type":"WebSite","@id":"https:\/\/pvpgrams.com\/#website","url":"https:\/\/pvpgrams.com\/","name":"Gramas PVP","description":"","publisher":{"@id":"https:\/\/pvpgrams.com\/#organization"},"potentialAction":[{"@type":"SearchAction","target":{"@type":"EntryPoint","urlTemplate":"https:\/\/pvpgrams.com\/?s={search_term_string}"},"query-input":{"@type":"PropertyValueSpecification","valueRequired":true,"valueName":"search_term_string"}}],"inLanguage":"pt-PT"},{"@type":"Organization","@id":"https:\/\/pvpgrams.com\/#organization","name":"Gramas PVP","url":"https:\/\/pvpgrams.com\/","logo":{"@type":"ImageObject","inLanguage":"pt-PT","@id":"https:\/\/pvpgrams.com\/#\/schema\/logo\/image\/","url":"https:\/\/pvpgrams.com\/wp-content\/uploads\/2024\/10\/logo.png","contentUrl":"https:\/\/pvpgrams.com\/wp-content\/uploads\/2024\/10\/logo.png","width":181,"height":41,"caption":"PVP Grams"},"image":{"@id":"https:\/\/pvpgrams.com\/#\/schema\/logo\/image\/"}}]}},"_links":{"self":[{"href":"https:\/\/pvpgrams.com\/pt\/wp-json\/wp\/v2\/product\/1104","targetHints":{"allow":["GET"]}}],"collection":[{"href":"https:\/\/pvpgrams.com\/pt\/wp-json\/wp\/v2\/product"}],"about":[{"href":"https:\/\/pvpgrams.com\/pt\/wp-json\/wp\/v2\/types\/product"}],"replies":[{"embeddable":true,"href":"https:\/\/pvpgrams.com\/pt\/wp-json\/wp\/v2\/comments?post=1104"}],"wp:featuredmedia":[{"embeddable":true,"href":"https:\/\/pvpgrams.com\/pt\/wp-json\/wp\/v2\/media\/1108"}],"wp:attachment":[{"href":"https:\/\/pvpgrams.com\/pt\/wp-json\/wp\/v2\/media?parent=1104"}],"wp:term":[{"taxonomy":"product_brand","embeddable":true,"href":"https:\/\/pvpgrams.com\/pt\/wp-json\/wp\/v2\/product_brand?post=1104"},{"taxonomy":"product_cat","embeddable":true,"href":"https:\/\/pvpgrams.com\/pt\/wp-json\/wp\/v2\/product_cat?post=1104"},{"taxonomy":"product_tag","embeddable":true,"href":"https:\/\/pvpgrams.com\/pt\/wp-json\/wp\/v2\/product_tag?post=1104"}],"curies":[{"name":"wp","href":"https:\/\/api.w.org\/{rel}","templated":true}]}}