{"id":1116,"date":"2024-10-25T00:03:51","date_gmt":"2024-10-25T00:03:51","guid":{"rendered":"https:\/\/pvpgrams.com\/?post_type=product&#038;p=1116"},"modified":"2025-10-30T08:08:33","modified_gmt":"2025-10-30T08:08:33","slug":"4-mec-4-methylmethcathinone","status":"publish","type":"product","link":"https:\/\/pvpgrams.com\/pt\/product\/4-mec-4-methylmethcathinone\/","title":{"rendered":"Comprar 4-MEC (4-Methylmethcathinone) Online"},"content":{"rendered":"<h2 data-start=\"124\" data-end=\"178\"><strong data-start=\"124\" data-end=\"176\">Compre 4-MEC online numa fonte de pesquisa fi\u00e1vel<\/strong><\/h2>\n<p data-start=\"180\" data-end=\"283\"><strong data-start=\"180\" data-end=\"281\">4-MEC (4-Metilmetcatinona) Comprar online \u2013 4-MEC de alta pureza testado em laborat\u00f3rio para investiga\u00e7\u00e3o em Pvpgrams<\/strong><\/p>\n<p data-start=\"285\" data-end=\"797\">Procurando <a href=\"https:\/\/pvpgrams.com\/pt\/product\/4-mec-4-methylmethcathinone\/\">comprar 4-MEC online<\/a>A Pvpgrams oferece 4-MEC (4-Metilmetcatinona) de alta pureza e testado em laborat\u00f3rio para fins de investiga\u00e7\u00e3o. O 4-MEC \u00e0 venda \u00e9 um estimulante sint\u00e9tico pertencente \u00e0 fam\u00edlia das catinonas, estruturalmente semelhante \u00e0 mefedrona. \u00c9 amplamente utilizado em estudos cient\u00edficos para explorar os seus efeitos em sistemas neurotransmissores como a dopamina e a serotonina. Na Pvpgrams, garantimos que a nossa compra online de 4-MEC cumpre os mais elevados padr\u00f5es de pureza e qualidade, tornando-o ideal para projetos de investiga\u00e7\u00e3o avan\u00e7ados.<\/p>\n<h3 data-start=\"799\" data-end=\"819\">O que \u00e9 o 4-MEC?<\/h3>\n<p data-start=\"821\" data-end=\"1265\"><a href=\"https:\/\/en.wikipedia.org\/wiki\/4-Methylethcathinone\">4-MEC (4-Metilmetcatinona)<\/a> \u00e9 um estimulante sint\u00e9tico e entact\u00f3geno que pertence \u00e0 classe das catinonas. Aumenta a liberta\u00e7\u00e3o de dopamina e serotonina, inibindo a sua recapta\u00e7\u00e3o, tornando-se um composto valioso para o estudo dos efeitos dos estimulantes no humor, comportamento e cogni\u00e7\u00e3o. Os investigadores prescrevem frequentemente o 4-MEC como alternativa \u00e0 mefedrona, uma vez que possui propriedades \u00fanicas que o tornam adequado para diferentes contextos laboratoriais.<\/p>\n<h3 data-start=\"1267\" data-end=\"1303\">Porqu\u00ea escolher o 4-MEC para investiga\u00e7\u00e3o?<\/h3>\n<p data-start=\"1305\" data-end=\"1763\">Cientistas e investigadores optaram por comprar 4-MEC online para estudar os seus efeitos nos sistemas neurotransmissores, particularmente nas vias da dopamina e da serotonina. Fornece informa\u00e7\u00f5es valiosas sobre a euforia induzida por estimulantes, o refor\u00e7o cognitivo e as altera\u00e7\u00f5es comportamentais. O composto desempenha um papel fundamental na compreens\u00e3o de como os estimulantes interagem com a qu\u00edmica cerebral, sendo ideal para estudos sobre a modula\u00e7\u00e3o de neurotransmissores, o comportamento social e a regula\u00e7\u00e3o do humor.<\/p>\n<h3 data-start=\"1765\" data-end=\"1797\">4-MEC para venda em Pvpgrams<\/h3>\n<p data-start=\"1799\" data-end=\"2235\">Na Pvpgrams, oferecemos 4-MEC de alta pureza, testado em laborat\u00f3rio e para venda, cumprindo rigorosos padr\u00f5es de investiga\u00e7\u00e3o. Quer a sua investiga\u00e7\u00e3o esteja focada em respostas comportamentais, liberta\u00e7\u00e3o de neurotransmissores ou efeitos estimulantes, o pre\u00e7o do nosso 4-MEC reflete a qualidade e a fiabilidade necess\u00e1rias para resultados laboratoriais consistentes. A Pvpgrams \u00e9 considerada o melhor lugar para comprar 4-MEC online devido ao nosso rigoroso controlo de qualidade e processo de envio discreto.<\/p>\n<h3 data-start=\"2237\" data-end=\"2281\">Benef\u00edcios da compra de 4-MEC da Pvpgrams<\/h3>\n<ul data-start=\"2283\" data-end=\"2652\">\n<li data-start=\"2283\" data-end=\"2403\">\n<p data-start=\"2285\" data-end=\"2403\">Pureza testada em laborat\u00f3rio: cada lote de 4-MEC adquirido online \u00e9 rigorosamente testado para garantir a pureza e a fiabilidade.<\/p>\n<\/li>\n<li data-start=\"2404\" data-end=\"2512\">\n<p data-start=\"2406\" data-end=\"2512\">Entrega r\u00e1pida e segura: oferecemos um envio discreto e confidencial para os seus produtos qu\u00edmicos de investiga\u00e7\u00e3o.<\/p>\n<\/li>\n<li data-start=\"2513\" data-end=\"2652\">\n<p data-start=\"2515\" data-end=\"2652\">Qualidade ao n\u00edvel da investiga\u00e7\u00e3o: comprar 4-MEC para estudos sobre efeitos estimulantes, modula\u00e7\u00e3o da serotonina\/dopamina e aplica\u00e7\u00f5es comportamentais.<\/p>\n<\/li>\n<\/ul>\n<h3 data-start=\"2654\" data-end=\"2692\">Estatuto legal e envio seguro<\/h3>\n<p data-start=\"2694\" data-end=\"2981\">Antes de encomendar 4-MEC, verifique a situa\u00e7\u00e3o legal na sua regi\u00e3o. A Pvpgrams fornece 4-MEC para venda exclusivamente para fins de investiga\u00e7\u00e3o autorizados, em conformidade com todas as normas. Todos os pedidos s\u00e3o enviados com seguran\u00e7a e discri\u00e7\u00e3o, o que nos torna um fornecedor de confian\u00e7a para investigadores de todo o mundo.<\/p>\n<h3 data-start=\"2983\" data-end=\"3019\">Encomendar 4-MEC para investiga\u00e7\u00e3o hoje<\/h3>\n<p data-start=\"3021\" data-end=\"3372\">Procura onde comprar 4-MEC? A Pvpgrams oferece 4-MEC de alta pureza e grau de pesquisa com entrega r\u00e1pida e discreta. Quer se trate de estudos laboratoriais ou de investiga\u00e7\u00e3o com neurotransmissores, o nosso pre\u00e7o de 4-MEC garante uma qualidade premium a pre\u00e7os competitivos. Fa\u00e7a a sua encomenda hoje mesmo e descubra porque \u00e9 que a Pvpgrams \u00e9 o melhor lugar para comprar 4-MEC online.<\/p>\n<p data-start=\"3374\" data-end=\"3458\">Pvpgrams - O seu fornecedor de confian\u00e7a de 4-MEC e produtos qu\u00edmicos de investiga\u00e7\u00e3o de alta qualidade<\/p>","protected":false},"excerpt":{"rendered":"<p><strong>4-MEC (4-Metilmetcatinona)<\/strong> \u00e9 um estimulante sint\u00e9tico pertencente \u00e0 fam\u00edlia <strong>classe das catinonas<\/strong>A mefedrona \u00e9 uma subst\u00e2ncia ativa, estreitamente relacionada com a mefedrona (4-MMC). Conhecida pelas suas propriedades estimulantes e empatog\u00e9nicas, <strong>4-MEC<\/strong> \u00e9 amplamente estudado em <strong>neuroci\u00eancia<\/strong>, <strong>investiga\u00e7\u00e3o qu\u00edmica<\/strong>e <strong>aplica\u00e7\u00f5es industriais<\/strong>. Na Factoryson, oferecemos <strong>4-MEC de elevada pureza<\/strong> para <strong>investiga\u00e7\u00e3o e fins industriais<\/strong>garantindo uma qualidade fi\u00e1vel e uma entrega segura.<\/p>\n<h3><strong>Como funciona o 4-MEC<\/strong><\/h3>\n<p>O 4-MEC actua aumentando a liberta\u00e7\u00e3o e inibindo a recapta\u00e7\u00e3o de neurotransmissores-chave como <strong>dopamina<\/strong>, <strong>serotonina<\/strong>e <strong>norepinefrina<\/strong>. Isto leva a uma melhoria do humor, da energia e da sociabilidade. A sua intera\u00e7\u00e3o com o sistema nervoso central torna-a um composto valioso para o estudo dos efeitos estimulantes sobre o comportamento e a cogni\u00e7\u00e3o.<\/p>\n<ul>\n<li><strong>In\u00edcio<\/strong>: 15-45 minutos.<\/li>\n<li><strong>Efeitos de pico<\/strong>: 1-2 horas.<\/li>\n<li><strong>Dura\u00e7\u00e3o<\/strong>: 3-6 horas, consoante a dose e o modo de utiliza\u00e7\u00e3o.<\/li>\n<\/ul>\n<h3><strong>F\u00f3rmula do produto<\/strong><\/h3>\n<ul>\n<li><strong>Nome qu\u00edmico<\/strong>: 4-Metilmetcatinona<\/li>\n<li><strong>F\u00f3rmula molecular<\/strong>: C11H15NO<\/li>\n<li><strong>Massa molar<\/strong>: 177,25 g\/mol<\/li>\n<\/ul>","protected":false},"featured_media":1452,"comment_status":"open","ping_status":"closed","template":"","meta":{"_kadence_starter_templates_imported_post":false,"_kad_post_transparent":"default","_kad_post_title":"","_kad_post_layout":"default","_kad_post_sidebar_id":"","_kad_post_content_style":"default","_kad_post_vertical_padding":"default","_kad_post_feature":"","_kad_post_feature_position":"","_kad_post_header":false,"_kad_post_footer":false,"_joinchat":[]},"product_brand":[],"product_cat":[41],"product_tag":[],"class_list":{"0":"post-1116","1":"product","2":"type-product","3":"status-publish","4":"has-post-thumbnail","6":"product_cat-buy-alpha-php","8":"first","9":"instock","10":"shipping-taxable","11":"purchasable","12":"product-type-variable","13":"entry","14":"content-bg","15":"loop-entry"},"yoast_head":"<!-- This site is optimized with the Yoast SEO plugin v26.5 - https:\/\/yoast.com\/wordpress\/plugins\/seo\/ -->\n<title>4-MEC (4-Methylmethcathinone) for Sale - Buy 4-MEC Online<\/title>\n<meta name=\"description\" content=\"Looking for a reliable source to buy 4-MEC (4-methylmethcathinone) online? Your search ends here. Order 4 mec online from our trusted store and enjoy a seamless buying process tailored for your research needs.\" \/>\n<meta name=\"robots\" content=\"index, follow, max-snippet:-1, max-image-preview:large, max-video-preview:-1\" \/>\n<link rel=\"canonical\" href=\"https:\/\/pvpgrams.com\/pt\/product\/4-mec-4-methylmethcathinone\/\" \/>\n<meta property=\"og:locale\" content=\"pt_PT\" \/>\n<meta property=\"og:type\" content=\"article\" \/>\n<meta property=\"og:title\" content=\"4-MEC (4-Methylmethcathinone) for Sale - Buy 4-MEC Online\" \/>\n<meta property=\"og:description\" content=\"Looking for a reliable source to buy 4-MEC (4-methylmethcathinone) online? Your search ends here. Order 4 mec online from our trusted store and enjoy a seamless buying process tailored for your research needs.\" \/>\n<meta property=\"og:url\" content=\"https:\/\/pvpgrams.com\/pt\/product\/4-mec-4-methylmethcathinone\/\" \/>\n<meta property=\"og:site_name\" content=\"PVP Grams\" \/>\n<meta property=\"article:modified_time\" content=\"2025-10-30T08:08:33+00:00\" \/>\n<meta property=\"og:image\" content=\"https:\/\/pvpgrams.com\/wp-content\/uploads\/2024\/10\/Buy-4-MEC-4-Methylmethcathinone-Online.jpg\" \/>\n\t<meta property=\"og:image:width\" content=\"600\" \/>\n\t<meta property=\"og:image:height\" content=\"600\" \/>\n\t<meta property=\"og:image:type\" content=\"image\/jpeg\" \/>\n<meta name=\"twitter:card\" content=\"summary_large_image\" \/>\n<meta name=\"twitter:label1\" content=\"Tempo estimado de leitura\" \/>\n\t<meta name=\"twitter:data1\" content=\"3 minutos\" \/>\n<script type=\"application\/ld+json\" class=\"yoast-schema-graph\">{\"@context\":\"https:\/\/schema.org\",\"@graph\":[{\"@type\":[\"WebPage\",\"ItemPage\"],\"@id\":\"https:\/\/pvpgrams.com\/product\/4-mec-4-methylmethcathinone\/\",\"url\":\"https:\/\/pvpgrams.com\/product\/4-mec-4-methylmethcathinone\/\",\"name\":\"4-MEC (4-Methylmethcathinone) for Sale - Buy 4-MEC Online\",\"isPartOf\":{\"@id\":\"https:\/\/pvpgrams.com\/#website\"},\"primaryImageOfPage\":{\"@id\":\"https:\/\/pvpgrams.com\/product\/4-mec-4-methylmethcathinone\/#primaryimage\"},\"image\":{\"@id\":\"https:\/\/pvpgrams.com\/product\/4-mec-4-methylmethcathinone\/#primaryimage\"},\"thumbnailUrl\":\"https:\/\/pvpgrams.com\/wp-content\/uploads\/2024\/10\/Buy-4-MEC-4-Methylmethcathinone-Online.jpg\",\"datePublished\":\"2024-10-25T00:03:51+00:00\",\"dateModified\":\"2025-10-30T08:08:33+00:00\",\"description\":\"Looking for a reliable source to buy 4-MEC (4-methylmethcathinone) online? Your search ends here. Order 4 mec online from our trusted store and enjoy a seamless buying process tailored for your research needs.\",\"breadcrumb\":{\"@id\":\"https:\/\/pvpgrams.com\/product\/4-mec-4-methylmethcathinone\/#breadcrumb\"},\"inLanguage\":\"pt-PT\",\"potentialAction\":[{\"@type\":\"ReadAction\",\"target\":[\"https:\/\/pvpgrams.com\/product\/4-mec-4-methylmethcathinone\/\"]}]},{\"@type\":\"ImageObject\",\"inLanguage\":\"pt-PT\",\"@id\":\"https:\/\/pvpgrams.com\/product\/4-mec-4-methylmethcathinone\/#primaryimage\",\"url\":\"https:\/\/pvpgrams.com\/wp-content\/uploads\/2024\/10\/Buy-4-MEC-4-Methylmethcathinone-Online.jpg\",\"contentUrl\":\"https:\/\/pvpgrams.com\/wp-content\/uploads\/2024\/10\/Buy-4-MEC-4-Methylmethcathinone-Online.jpg\",\"width\":600,\"height\":600,\"caption\":\"Buy-4-MEC-(4-Methylmethcathinone)-Online\"},{\"@type\":\"BreadcrumbList\",\"@id\":\"https:\/\/pvpgrams.com\/product\/4-mec-4-methylmethcathinone\/#breadcrumb\",\"itemListElement\":[{\"@type\":\"ListItem\",\"position\":1,\"name\":\"Home\",\"item\":\"https:\/\/pvpgrams.com\/\"},{\"@type\":\"ListItem\",\"position\":2,\"name\":\"Shop\",\"item\":\"https:\/\/pvpgrams.com\/shop\/\"},{\"@type\":\"ListItem\",\"position\":3,\"name\":\"Buy 4-MEC (4-Methylmethcathinone) Online\"}]},{\"@type\":\"WebSite\",\"@id\":\"https:\/\/pvpgrams.com\/#website\",\"url\":\"https:\/\/pvpgrams.com\/\",\"name\":\"PVP Grams\",\"description\":\"\",\"publisher\":{\"@id\":\"https:\/\/pvpgrams.com\/#organization\"},\"potentialAction\":[{\"@type\":\"SearchAction\",\"target\":{\"@type\":\"EntryPoint\",\"urlTemplate\":\"https:\/\/pvpgrams.com\/?s={search_term_string}\"},\"query-input\":{\"@type\":\"PropertyValueSpecification\",\"valueRequired\":true,\"valueName\":\"search_term_string\"}}],\"inLanguage\":\"pt-PT\"},{\"@type\":\"Organization\",\"@id\":\"https:\/\/pvpgrams.com\/#organization\",\"name\":\"PVP Grams\",\"url\":\"https:\/\/pvpgrams.com\/\",\"logo\":{\"@type\":\"ImageObject\",\"inLanguage\":\"pt-PT\",\"@id\":\"https:\/\/pvpgrams.com\/#\/schema\/logo\/image\/\",\"url\":\"https:\/\/pvpgrams.com\/wp-content\/uploads\/2024\/10\/logo.png\",\"contentUrl\":\"https:\/\/pvpgrams.com\/wp-content\/uploads\/2024\/10\/logo.png\",\"width\":181,\"height\":41,\"caption\":\"PVP Grams\"},\"image\":{\"@id\":\"https:\/\/pvpgrams.com\/#\/schema\/logo\/image\/\"}}]}<\/script>\n<!-- \/ Yoast SEO plugin. -->","yoast_head_json":{"title":"4-MEC (4-Methylmethcathinone) para venda - Comprar 4-MEC online","description":"Procura uma fonte fi\u00e1vel para comprar 4-MEC (4-methylmethcathinone) online? A sua pesquisa termina aqui. Encomende 4 mec online na nossa loja de confian\u00e7a e desfrute de um processo de compra sem problemas, adaptado \u00e0s suas necessidades de investiga\u00e7\u00e3o.","robots":{"index":"index","follow":"follow","max-snippet":"max-snippet:-1","max-image-preview":"max-image-preview:large","max-video-preview":"max-video-preview:-1"},"canonical":"https:\/\/pvpgrams.com\/pt\/product\/4-mec-4-methylmethcathinone\/","og_locale":"pt_PT","og_type":"article","og_title":"4-MEC (4-Methylmethcathinone) for Sale - Buy 4-MEC Online","og_description":"Looking for a reliable source to buy 4-MEC (4-methylmethcathinone) online? Your search ends here. Order 4 mec online from our trusted store and enjoy a seamless buying process tailored for your research needs.","og_url":"https:\/\/pvpgrams.com\/pt\/product\/4-mec-4-methylmethcathinone\/","og_site_name":"PVP Grams","article_modified_time":"2025-10-30T08:08:33+00:00","og_image":[{"width":600,"height":600,"url":"https:\/\/pvpgrams.com\/wp-content\/uploads\/2024\/10\/Buy-4-MEC-4-Methylmethcathinone-Online.jpg","type":"image\/jpeg"}],"twitter_card":"summary_large_image","twitter_misc":{"Tempo estimado de leitura":"3 minutos"},"schema":{"@context":"https:\/\/schema.org","@graph":[{"@type":["WebPage","ItemPage"],"@id":"https:\/\/pvpgrams.com\/product\/4-mec-4-methylmethcathinone\/","url":"https:\/\/pvpgrams.com\/product\/4-mec-4-methylmethcathinone\/","name":"4-MEC (4-Methylmethcathinone) para venda - Comprar 4-MEC online","isPartOf":{"@id":"https:\/\/pvpgrams.com\/#website"},"primaryImageOfPage":{"@id":"https:\/\/pvpgrams.com\/product\/4-mec-4-methylmethcathinone\/#primaryimage"},"image":{"@id":"https:\/\/pvpgrams.com\/product\/4-mec-4-methylmethcathinone\/#primaryimage"},"thumbnailUrl":"https:\/\/pvpgrams.com\/wp-content\/uploads\/2024\/10\/Buy-4-MEC-4-Methylmethcathinone-Online.jpg","datePublished":"2024-10-25T00:03:51+00:00","dateModified":"2025-10-30T08:08:33+00:00","description":"Procura uma fonte fi\u00e1vel para comprar 4-MEC (4-methylmethcathinone) online? A sua pesquisa termina aqui. Encomende 4 mec online na nossa loja de confian\u00e7a e desfrute de um processo de compra sem problemas, adaptado \u00e0s suas necessidades de investiga\u00e7\u00e3o.","breadcrumb":{"@id":"https:\/\/pvpgrams.com\/product\/4-mec-4-methylmethcathinone\/#breadcrumb"},"inLanguage":"pt-PT","potentialAction":[{"@type":"ReadAction","target":["https:\/\/pvpgrams.com\/product\/4-mec-4-methylmethcathinone\/"]}]},{"@type":"ImageObject","inLanguage":"pt-PT","@id":"https:\/\/pvpgrams.com\/product\/4-mec-4-methylmethcathinone\/#primaryimage","url":"https:\/\/pvpgrams.com\/wp-content\/uploads\/2024\/10\/Buy-4-MEC-4-Methylmethcathinone-Online.jpg","contentUrl":"https:\/\/pvpgrams.com\/wp-content\/uploads\/2024\/10\/Buy-4-MEC-4-Methylmethcathinone-Online.jpg","width":600,"height":600,"caption":"Buy-4-MEC-(4-Methylmethcathinone)-Online"},{"@type":"BreadcrumbList","@id":"https:\/\/pvpgrams.com\/product\/4-mec-4-methylmethcathinone\/#breadcrumb","itemListElement":[{"@type":"ListItem","position":1,"name":"Home","item":"https:\/\/pvpgrams.com\/"},{"@type":"ListItem","position":2,"name":"Shop","item":"https:\/\/pvpgrams.com\/shop\/"},{"@type":"ListItem","position":3,"name":"Buy 4-MEC (4-Methylmethcathinone) Online"}]},{"@type":"WebSite","@id":"https:\/\/pvpgrams.com\/#website","url":"https:\/\/pvpgrams.com\/","name":"Gramas PVP","description":"","publisher":{"@id":"https:\/\/pvpgrams.com\/#organization"},"potentialAction":[{"@type":"SearchAction","target":{"@type":"EntryPoint","urlTemplate":"https:\/\/pvpgrams.com\/?s={search_term_string}"},"query-input":{"@type":"PropertyValueSpecification","valueRequired":true,"valueName":"search_term_string"}}],"inLanguage":"pt-PT"},{"@type":"Organization","@id":"https:\/\/pvpgrams.com\/#organization","name":"Gramas PVP","url":"https:\/\/pvpgrams.com\/","logo":{"@type":"ImageObject","inLanguage":"pt-PT","@id":"https:\/\/pvpgrams.com\/#\/schema\/logo\/image\/","url":"https:\/\/pvpgrams.com\/wp-content\/uploads\/2024\/10\/logo.png","contentUrl":"https:\/\/pvpgrams.com\/wp-content\/uploads\/2024\/10\/logo.png","width":181,"height":41,"caption":"PVP Grams"},"image":{"@id":"https:\/\/pvpgrams.com\/#\/schema\/logo\/image\/"}}]}},"_links":{"self":[{"href":"https:\/\/pvpgrams.com\/pt\/wp-json\/wp\/v2\/product\/1116","targetHints":{"allow":["GET"]}}],"collection":[{"href":"https:\/\/pvpgrams.com\/pt\/wp-json\/wp\/v2\/product"}],"about":[{"href":"https:\/\/pvpgrams.com\/pt\/wp-json\/wp\/v2\/types\/product"}],"replies":[{"embeddable":true,"href":"https:\/\/pvpgrams.com\/pt\/wp-json\/wp\/v2\/comments?post=1116"}],"wp:featuredmedia":[{"embeddable":true,"href":"https:\/\/pvpgrams.com\/pt\/wp-json\/wp\/v2\/media\/1452"}],"wp:attachment":[{"href":"https:\/\/pvpgrams.com\/pt\/wp-json\/wp\/v2\/media?parent=1116"}],"wp:term":[{"taxonomy":"product_brand","embeddable":true,"href":"https:\/\/pvpgrams.com\/pt\/wp-json\/wp\/v2\/product_brand?post=1116"},{"taxonomy":"product_cat","embeddable":true,"href":"https:\/\/pvpgrams.com\/pt\/wp-json\/wp\/v2\/product_cat?post=1116"},{"taxonomy":"product_tag","embeddable":true,"href":"https:\/\/pvpgrams.com\/pt\/wp-json\/wp\/v2\/product_tag?post=1116"}],"curies":[{"name":"wp","href":"https:\/\/api.w.org\/{rel}","templated":true}]}}