{"id":1201,"date":"2024-11-24T21:44:39","date_gmt":"2024-11-24T21:44:39","guid":{"rendered":"https:\/\/pvpgrams.com\/?post_type=product&#038;p=1201"},"modified":"2025-09-01T05:49:06","modified_gmt":"2025-09-01T05:49:06","slug":"3-mmc","status":"publish","type":"product","link":"https:\/\/pvpgrams.com\/pt\/product\/3-mmc\/","title":{"rendered":"Comprar 3-MMC online"},"content":{"rendered":"<h2 data-start=\"83\" data-end=\"137\"><strong data-start=\"83\" data-end=\"135\">Compre 3-MMC online de uma fonte de pesquisa confi\u00e1vel<\/strong><\/h2>\n<p data-start=\"139\" data-end=\"173\"><strong data-start=\"139\" data-end=\"171\">Comprar 3-MMC Online na Pvpgrams<\/strong><\/p>\n<p data-start=\"175\" data-end=\"659\">Comprar <a href=\"https:\/\/en.wikipedia.org\/wiki\/3-Methylmethcathinone\">3-MMC<\/a> (3-Metilmetcatinona) online, um composto qu\u00edmico vers\u00e1til e amplamente pesquisado pertencente \u00e0 classe das catinonas. Conhecido por suas propriedades \u00fanicas, o 3-MMC \u00e0 venda tornou-se popular tanto para fins de pesquisa quanto explorat\u00f3rios. Na Pvpgrams, nos orgulhamos de ser uma fonte confi\u00e1vel de 3-MMC de alta qualidade, garantindo a satisfa\u00e7\u00e3o do cliente por meio de um servi\u00e7o confi\u00e1vel, transa\u00e7\u00f5es seguras e entrega r\u00e1pida. <a href=\"https:\/\/pvpgrams.com\/pt\/product\/3-mmc\/\">Comprar 3-MMC online<\/a> de um fornecedor verificado hoje.<\/p>\n<h3 data-start=\"661\" data-end=\"697\">Aplica\u00e7\u00f5es e utiliza\u00e7\u00f5es do 3-MMC<\/h3>\n<p data-start=\"699\" data-end=\"740\"><strong data-start=\"699\" data-end=\"738\">Investiga\u00e7\u00e3o e desenvolvimento cient\u00edfico<\/strong><\/p>\n<p data-start=\"742\" data-end=\"1055\">Antes de encomendar 3-MMC, \u00e9 importante observar que a compra online de 3-MMC \u00e9 frequentemente utilizada por laborat\u00f3rios e pesquisadores que exploram sua estrutura qu\u00edmica e intera\u00e7\u00e3o com diversas vias biol\u00f3gicas. Suas potenciais aplica\u00e7\u00f5es em neuroci\u00eancia e farmacologia o tornam um composto de interesse acad\u00eamico.<\/p>\n<p data-start=\"1057\" data-end=\"1091\"><strong data-start=\"1057\" data-end=\"1089\">Explora\u00e7\u00e3o e utiliza\u00e7\u00e3o criativa<\/strong><\/p>\n<p data-start=\"1093\" data-end=\"1248\">Muitas pessoas usam o 3-MMC para explora\u00e7\u00e3o pessoal, buscando seus efeitos de aprimoramento sensorial e benef\u00edcios criativos em ambientes controlados.<\/p>\n<p data-start=\"1250\" data-end=\"1270\"><strong data-start=\"1250\" data-end=\"1268\">Estudo acad\u00e9mico<\/strong><\/p>\n<p data-start=\"1272\" data-end=\"1441\">A Ordem 3-MMC desempenha um papel em estudos focados em derivados de catinona, ajudando pesquisadores a entender melhor suas propriedades e potenciais usos em v\u00e1rios campos.<\/p>\n<h3 data-start=\"1443\" data-end=\"1477\">Porqu\u00ea comprar 3-MMC na Pvpgrams?<\/h3>\n<p data-start=\"1479\" data-end=\"1622\">A Ordem 3-MMC desempenha um papel em estudos focados em derivados de catinona, ajudando pesquisadores a entender melhor suas propriedades e potenciais usos em v\u00e1rios campos.<\/p>\n<p data-start=\"1624\" data-end=\"1648\"><strong data-start=\"1624\" data-end=\"1646\">3-MMC de alta qualidade<\/strong><\/p>\n<p data-start=\"1650\" data-end=\"1805\">Nosso 3-MMC comprado on-line \u00e9 obtido e testado para garantir os mais altos n\u00edveis de pureza e consist\u00eancia, tornando-o ideal para uso profissional e acad\u00eamico.<\/p>\n<p data-start=\"1807\" data-end=\"1843\"><strong data-start=\"1807\" data-end=\"1841\">Compras discretas e seguras<\/strong><\/p>\n<p data-start=\"1845\" data-end=\"1978\">Valorizamos sua privacidade e garantimos que todos os pedidos de venda da 3-MMC sejam tratados com embalagens discretas e m\u00e9todos de pagamento seguros.<\/p>\n<p data-start=\"1980\" data-end=\"2012\"><strong data-start=\"1980\" data-end=\"2010\">Entrega r\u00e1pida e fi\u00e1vel<\/strong><\/p>\n<p data-start=\"2014\" data-end=\"2132\">Nossa rede de log\u00edstica garante a entrega pontual do 3-MMC no local desejado, mantendo seus projetos no caminho certo.<\/p>\n<p data-start=\"2134\" data-end=\"2174\"><strong data-start=\"2134\" data-end=\"2172\">Pre\u00e7os acess\u00edveis e transparentes<\/strong><\/p>\n<p data-start=\"2176\" data-end=\"2293\">Com op\u00e7\u00f5es de pre\u00e7os competitivas de 3 MMC e sem taxas ocultas, a Pvpgrams oferece excelente valor para seu investimento.<\/p>\n<h3 data-start=\"2295\" data-end=\"2323\">Comprar 3-MMC online hoje<\/h3>\n<p data-start=\"2325\" data-end=\"2681\">Procurando uma fonte ou distribuidor confi\u00e1vel de 3-MMC para venda? Na Pvpgrams, oferecemos 3-MMC de qualidade premium com foco na satisfa\u00e7\u00e3o do cliente. Seja voc\u00ea um pesquisador ou explorador, nossos produtos s\u00e3o projetados para atender \u00e0s suas expectativas. Compre 3-MMC online hoje mesmo e experimente a conveni\u00eancia e a confiabilidade de comprar com a Pvpgrams.<\/p>","protected":false},"excerpt":{"rendered":"<p><strong>3-MMC (3-Metilmetcatinona)<\/strong> \u00e9 um estimulante sint\u00e9tico pertencente \u00e0 classe das catinonas, estruturalmente relacionado com a mefedrona (4-MMC). Conhecida pelos seus efeitos estimulantes e empatog\u00e9nicos, a 3-MMC \u00e9 frequentemente utilizada em ambientes de investiga\u00e7\u00e3o ou recreativos. Aumenta a energia, a concentra\u00e7\u00e3o e o envolvimento social, tornando-a popular entre grupos espec\u00edficos de utilizadores. No entanto, o seu perfil de seguran\u00e7a e os seus efeitos a longo prazo continuam a ser mal conhecidos devido a uma investiga\u00e7\u00e3o limitada.<\/p>\n<h3><strong>Detalhes qu\u00edmicos e f\u00edsicos<\/strong><\/h3>\n<p><strong>F\u00f3rmula molecular<\/strong>: C11H15NO<br \/>\n<strong>Nome IUPAC<\/strong>2-(metilamino)-1-(3-metilfenil)propan-1-ona<br \/>\n<strong>Massa molar<\/strong>: 177,25 g\/mol<br \/>\n<strong>Classe qu\u00edmica<\/strong>: Catinona sint\u00e9tica \/ Estimulante<br \/>\n<strong>Apar\u00eancia<\/strong>: Normalmente dispon\u00edvel sob a forma de p\u00f3, cristais ou c\u00e1psulas.<\/p>","protected":false},"featured_media":1202,"comment_status":"open","ping_status":"closed","template":"","meta":{"_kadence_starter_templates_imported_post":false,"_kad_post_transparent":"default","_kad_post_title":"","_kad_post_layout":"default","_kad_post_sidebar_id":"","_kad_post_content_style":"default","_kad_post_vertical_padding":"default","_kad_post_feature":"","_kad_post_feature_position":"","_kad_post_header":false,"_kad_post_footer":false,"_joinchat":[]},"product_brand":[],"product_cat":[52,54,41],"product_tag":[],"class_list":{"0":"post-1201","1":"product","2":"type-product","3":"status-publish","4":"has-post-thumbnail","6":"product_cat-3-mmc","7":"product_cat-4-mmc","8":"product_cat-buy-alpha-php","10":"first","11":"instock","12":"shipping-taxable","13":"purchasable","14":"product-type-variable","15":"entry","16":"content-bg","17":"loop-entry"},"yoast_head":"<!-- This site is optimized with the Yoast SEO plugin v26.5 - https:\/\/yoast.com\/wordpress\/plugins\/seo\/ -->\n<title>3-MMC for Sale - Buy 3-MMC Powder Online | PVP Grams<\/title>\n<meta name=\"description\" content=\"Explore our online store for 3-mmc for sale, offering high-quality 3-mmc powder. Buy 3mmc online securely and embark on your research journey with confidence.\" \/>\n<meta name=\"robots\" content=\"index, follow, max-snippet:-1, max-image-preview:large, max-video-preview:-1\" \/>\n<link rel=\"canonical\" href=\"https:\/\/pvpgrams.com\/pt\/product\/3-mmc\/\" \/>\n<meta property=\"og:locale\" content=\"pt_PT\" \/>\n<meta property=\"og:type\" content=\"article\" \/>\n<meta property=\"og:title\" content=\"3-MMC for Sale - Buy 3-MMC Powder Online | PVP Grams\" \/>\n<meta property=\"og:description\" content=\"Explore our online store for 3-mmc for sale, offering high-quality 3-mmc powder. Buy 3mmc online securely and embark on your research journey with confidence.\" \/>\n<meta property=\"og:url\" content=\"https:\/\/pvpgrams.com\/pt\/product\/3-mmc\/\" \/>\n<meta property=\"og:site_name\" content=\"PVP Grams\" \/>\n<meta property=\"article:modified_time\" content=\"2025-09-01T05:49:06+00:00\" \/>\n<meta property=\"og:image\" content=\"https:\/\/pvpgrams.com\/wp-content\/uploads\/2024\/11\/3-mmc-kaufen.jpg\" \/>\n\t<meta property=\"og:image:width\" content=\"964\" \/>\n\t<meta property=\"og:image:height\" content=\"864\" \/>\n\t<meta property=\"og:image:type\" content=\"image\/jpeg\" \/>\n<meta name=\"twitter:card\" content=\"summary_large_image\" \/>\n<meta name=\"twitter:label1\" content=\"Tempo estimado de leitura\" \/>\n\t<meta name=\"twitter:data1\" content=\"2 minutos\" \/>\n<script type=\"application\/ld+json\" class=\"yoast-schema-graph\">{\"@context\":\"https:\/\/schema.org\",\"@graph\":[{\"@type\":[\"WebPage\",\"ItemPage\"],\"@id\":\"https:\/\/pvpgrams.com\/product\/3-mmc\/\",\"url\":\"https:\/\/pvpgrams.com\/product\/3-mmc\/\",\"name\":\"3-MMC for Sale - Buy 3-MMC Powder Online | PVP Grams\",\"isPartOf\":{\"@id\":\"https:\/\/pvpgrams.com\/#website\"},\"primaryImageOfPage\":{\"@id\":\"https:\/\/pvpgrams.com\/product\/3-mmc\/#primaryimage\"},\"image\":{\"@id\":\"https:\/\/pvpgrams.com\/product\/3-mmc\/#primaryimage\"},\"thumbnailUrl\":\"https:\/\/pvpgrams.com\/wp-content\/uploads\/2024\/11\/3-mmc-kaufen.jpg\",\"datePublished\":\"2024-11-24T21:44:39+00:00\",\"dateModified\":\"2025-09-01T05:49:06+00:00\",\"description\":\"Explore our online store for 3-mmc for sale, offering high-quality 3-mmc powder. Buy 3mmc online securely and embark on your research journey with confidence.\",\"breadcrumb\":{\"@id\":\"https:\/\/pvpgrams.com\/product\/3-mmc\/#breadcrumb\"},\"inLanguage\":\"pt-PT\",\"potentialAction\":[{\"@type\":\"ReadAction\",\"target\":[\"https:\/\/pvpgrams.com\/product\/3-mmc\/\"]}]},{\"@type\":\"ImageObject\",\"inLanguage\":\"pt-PT\",\"@id\":\"https:\/\/pvpgrams.com\/product\/3-mmc\/#primaryimage\",\"url\":\"https:\/\/pvpgrams.com\/wp-content\/uploads\/2024\/11\/3-mmc-kaufen.jpg\",\"contentUrl\":\"https:\/\/pvpgrams.com\/wp-content\/uploads\/2024\/11\/3-mmc-kaufen.jpg\",\"width\":964,\"height\":864,\"caption\":\"Buy 3-MMC Powder Online\"},{\"@type\":\"BreadcrumbList\",\"@id\":\"https:\/\/pvpgrams.com\/product\/3-mmc\/#breadcrumb\",\"itemListElement\":[{\"@type\":\"ListItem\",\"position\":1,\"name\":\"Home\",\"item\":\"https:\/\/pvpgrams.com\/\"},{\"@type\":\"ListItem\",\"position\":2,\"name\":\"Shop\",\"item\":\"https:\/\/pvpgrams.com\/shop\/\"},{\"@type\":\"ListItem\",\"position\":3,\"name\":\"Buy 3-MMC Online\"}]},{\"@type\":\"WebSite\",\"@id\":\"https:\/\/pvpgrams.com\/#website\",\"url\":\"https:\/\/pvpgrams.com\/\",\"name\":\"PVP Grams\",\"description\":\"\",\"publisher\":{\"@id\":\"https:\/\/pvpgrams.com\/#organization\"},\"potentialAction\":[{\"@type\":\"SearchAction\",\"target\":{\"@type\":\"EntryPoint\",\"urlTemplate\":\"https:\/\/pvpgrams.com\/?s={search_term_string}\"},\"query-input\":{\"@type\":\"PropertyValueSpecification\",\"valueRequired\":true,\"valueName\":\"search_term_string\"}}],\"inLanguage\":\"pt-PT\"},{\"@type\":\"Organization\",\"@id\":\"https:\/\/pvpgrams.com\/#organization\",\"name\":\"PVP Grams\",\"url\":\"https:\/\/pvpgrams.com\/\",\"logo\":{\"@type\":\"ImageObject\",\"inLanguage\":\"pt-PT\",\"@id\":\"https:\/\/pvpgrams.com\/#\/schema\/logo\/image\/\",\"url\":\"https:\/\/pvpgrams.com\/wp-content\/uploads\/2024\/10\/logo.png\",\"contentUrl\":\"https:\/\/pvpgrams.com\/wp-content\/uploads\/2024\/10\/logo.png\",\"width\":181,\"height\":41,\"caption\":\"PVP Grams\"},\"image\":{\"@id\":\"https:\/\/pvpgrams.com\/#\/schema\/logo\/image\/\"}}]}<\/script>\n<!-- \/ Yoast SEO plugin. -->","yoast_head_json":{"title":"3-MMC para venda - Comprar 3-MMC em p\u00f3 online | PVP Grams","description":"Explore a nossa loja online de 3-mmc para venda, oferecendo p\u00f3 de 3-mmc de alta qualidade. Compre 3-mmc online de forma segura e embarque na sua viagem de investiga\u00e7\u00e3o com confian\u00e7a.","robots":{"index":"index","follow":"follow","max-snippet":"max-snippet:-1","max-image-preview":"max-image-preview:large","max-video-preview":"max-video-preview:-1"},"canonical":"https:\/\/pvpgrams.com\/pt\/product\/3-mmc\/","og_locale":"pt_PT","og_type":"article","og_title":"3-MMC for Sale - Buy 3-MMC Powder Online | PVP Grams","og_description":"Explore our online store for 3-mmc for sale, offering high-quality 3-mmc powder. Buy 3mmc online securely and embark on your research journey with confidence.","og_url":"https:\/\/pvpgrams.com\/pt\/product\/3-mmc\/","og_site_name":"PVP Grams","article_modified_time":"2025-09-01T05:49:06+00:00","og_image":[{"width":964,"height":864,"url":"https:\/\/pvpgrams.com\/wp-content\/uploads\/2024\/11\/3-mmc-kaufen.jpg","type":"image\/jpeg"}],"twitter_card":"summary_large_image","twitter_misc":{"Tempo estimado de leitura":"2 minutos"},"schema":{"@context":"https:\/\/schema.org","@graph":[{"@type":["WebPage","ItemPage"],"@id":"https:\/\/pvpgrams.com\/product\/3-mmc\/","url":"https:\/\/pvpgrams.com\/product\/3-mmc\/","name":"3-MMC para venda - Comprar 3-MMC em p\u00f3 online | PVP Grams","isPartOf":{"@id":"https:\/\/pvpgrams.com\/#website"},"primaryImageOfPage":{"@id":"https:\/\/pvpgrams.com\/product\/3-mmc\/#primaryimage"},"image":{"@id":"https:\/\/pvpgrams.com\/product\/3-mmc\/#primaryimage"},"thumbnailUrl":"https:\/\/pvpgrams.com\/wp-content\/uploads\/2024\/11\/3-mmc-kaufen.jpg","datePublished":"2024-11-24T21:44:39+00:00","dateModified":"2025-09-01T05:49:06+00:00","description":"Explore a nossa loja online de 3-mmc para venda, oferecendo p\u00f3 de 3-mmc de alta qualidade. Compre 3-mmc online de forma segura e embarque na sua viagem de investiga\u00e7\u00e3o com confian\u00e7a.","breadcrumb":{"@id":"https:\/\/pvpgrams.com\/product\/3-mmc\/#breadcrumb"},"inLanguage":"pt-PT","potentialAction":[{"@type":"ReadAction","target":["https:\/\/pvpgrams.com\/product\/3-mmc\/"]}]},{"@type":"ImageObject","inLanguage":"pt-PT","@id":"https:\/\/pvpgrams.com\/product\/3-mmc\/#primaryimage","url":"https:\/\/pvpgrams.com\/wp-content\/uploads\/2024\/11\/3-mmc-kaufen.jpg","contentUrl":"https:\/\/pvpgrams.com\/wp-content\/uploads\/2024\/11\/3-mmc-kaufen.jpg","width":964,"height":864,"caption":"Buy 3-MMC Powder Online"},{"@type":"BreadcrumbList","@id":"https:\/\/pvpgrams.com\/product\/3-mmc\/#breadcrumb","itemListElement":[{"@type":"ListItem","position":1,"name":"Home","item":"https:\/\/pvpgrams.com\/"},{"@type":"ListItem","position":2,"name":"Shop","item":"https:\/\/pvpgrams.com\/shop\/"},{"@type":"ListItem","position":3,"name":"Buy 3-MMC Online"}]},{"@type":"WebSite","@id":"https:\/\/pvpgrams.com\/#website","url":"https:\/\/pvpgrams.com\/","name":"Gramas PVP","description":"","publisher":{"@id":"https:\/\/pvpgrams.com\/#organization"},"potentialAction":[{"@type":"SearchAction","target":{"@type":"EntryPoint","urlTemplate":"https:\/\/pvpgrams.com\/?s={search_term_string}"},"query-input":{"@type":"PropertyValueSpecification","valueRequired":true,"valueName":"search_term_string"}}],"inLanguage":"pt-PT"},{"@type":"Organization","@id":"https:\/\/pvpgrams.com\/#organization","name":"Gramas PVP","url":"https:\/\/pvpgrams.com\/","logo":{"@type":"ImageObject","inLanguage":"pt-PT","@id":"https:\/\/pvpgrams.com\/#\/schema\/logo\/image\/","url":"https:\/\/pvpgrams.com\/wp-content\/uploads\/2024\/10\/logo.png","contentUrl":"https:\/\/pvpgrams.com\/wp-content\/uploads\/2024\/10\/logo.png","width":181,"height":41,"caption":"PVP Grams"},"image":{"@id":"https:\/\/pvpgrams.com\/#\/schema\/logo\/image\/"}}]}},"_links":{"self":[{"href":"https:\/\/pvpgrams.com\/pt\/wp-json\/wp\/v2\/product\/1201","targetHints":{"allow":["GET"]}}],"collection":[{"href":"https:\/\/pvpgrams.com\/pt\/wp-json\/wp\/v2\/product"}],"about":[{"href":"https:\/\/pvpgrams.com\/pt\/wp-json\/wp\/v2\/types\/product"}],"replies":[{"embeddable":true,"href":"https:\/\/pvpgrams.com\/pt\/wp-json\/wp\/v2\/comments?post=1201"}],"wp:featuredmedia":[{"embeddable":true,"href":"https:\/\/pvpgrams.com\/pt\/wp-json\/wp\/v2\/media\/1202"}],"wp:attachment":[{"href":"https:\/\/pvpgrams.com\/pt\/wp-json\/wp\/v2\/media?parent=1201"}],"wp:term":[{"taxonomy":"product_brand","embeddable":true,"href":"https:\/\/pvpgrams.com\/pt\/wp-json\/wp\/v2\/product_brand?post=1201"},{"taxonomy":"product_cat","embeddable":true,"href":"https:\/\/pvpgrams.com\/pt\/wp-json\/wp\/v2\/product_cat?post=1201"},{"taxonomy":"product_tag","embeddable":true,"href":"https:\/\/pvpgrams.com\/pt\/wp-json\/wp\/v2\/product_tag?post=1201"}],"curies":[{"name":"wp","href":"https:\/\/api.w.org\/{rel}","templated":true}]}}